{"id":35497,"date":"2026-02-27T07:52:03","date_gmt":"2026-02-27T05:52:03","guid":{"rendered":"https:\/\/biblia.md\/?post_type=product&#038;p=35497"},"modified":"2026-02-27T08:44:29","modified_gmt":"2026-02-27T06:44:29","slug":"pazitorul-cuvintelor-vol-2","status":"publish","type":"product","link":"https:\/\/biblia.md\/en\/shop\/pazitorul-cuvintelor-vol-2\/","title":{"rendered":"Pazitorul cuvintelor &#8211; Vol. 2"},"content":{"rendered":"<p>\u201eFoarte pu\u021bini romancieri contemporani se bucur\u0103 de apreciere at\u00e2t \u00een r\u00e2ndul consumatorilor de literatur\u0103 obi\u0219nuit\u0103, c\u00e2t \u0219i \u00een sectorul evanghelic, iar Charles Martin se num\u0103r\u0103 printre ei. Cel mai recent roman al s\u0103u e o poveste de sine st\u0103t\u0103toare, dar \u00een acela\u0219i timp este o continuare a mult apreciatului roman anterior,\u00a0<em>P\u0103zitorul apei.<\/em>\u00a0Cartea porne\u0219te de la mesajul biblic al l\u0103s\u0103rii deoparte a oilor g\u0103site pentru a o c\u0103uta pe acea una pierdut\u0103, tem\u0103 pe care Martin o transpune \u00een chip magistral \u00een via\u021ba real\u0103. Un b\u0103rbat al c\u0103rui destin a fost distorsionat tragic de evenimente pe care nu le putea controla accept\u0103 provocarea de a umbla pe c\u0103i \u00eentunecate pentru a-i readuce acas\u0103 pe cei pierdu\u021bi \u0219i neajutora\u021bi, dar pe parcursul acestui proces ajunge pe punctul de a se pierde pe sine \u00eensu\u0219i. \u00cen pofida greut\u0103\u021bilor \u0219i momentelor ap\u0103s\u0103toare de pe traseu, povestea lui Martin e \u00eenv\u0103luit\u0103 \u00een lumina sublim\u0103 a speran\u021bei ce nu piere.\u201c<\/p>\n<p>\u2014Davis Bunn, pentru revista\u00a0<em>Christianity Today<\/em><\/p>\n<p>\u201eMartin exceleaz\u0103 \u00een creionarea unor personaje care tr\u0103iesc pe marginea pr\u0103pastiei. Cititorilor c\u0103rora le plac personajele imperfecte, dar extrem de agreabile create de autori precum John Grisham \u0219i Nicholas Sparks le recomand s\u0103 \u00eenceap\u0103 s\u0103 citeasc\u0103 romanele lui Martin.\u201c<\/p>\n<p>\u2014Library Journal, recenzie la\u00a0<em>P\u0103zitorul apei<\/em><\/p>\n<p>\u201e<em>P\u0103zitorul apei<\/em>\u00a0este o poveste ce se desf\u0103\u0219oar\u0103 pe mai multe planuri, \u021besute laolalte cu firul comun al harului \u0219i izb\u0103virii, abund\u00e2nd \u00een suspans \u0219i cu personaje de o mare veridicitate. Cartea v\u0103 va \u021bine cu sufletul la gur\u0103, ve\u021bi fi ner\u0103bd\u0103tori s\u0103 descoperi\u021bi cu ce\u2014\u0219i cu cine\u2014se mai confrunt\u0103 Murph \u00een c\u0103l\u0103toria lui de-a lungul coastei Floridei.\u201c<\/p>\n<p>\u2014Lauren Denton, autoarea romanului bestseller\u00a0<em>The Hideaway<\/em><\/p>\n<p>\u201e\u00cen cartea\u00a0<em>P\u0103zitorul apei,<\/em>\u00a0Charles Martin pl\u0103smuie\u0219te o poveste captivant\u0103, cu mult\u0103 iscusin\u021b\u0103 \u0219i sensibilitate. R\u0103sfoind aceste pagini, ve\u021bi intra \u00een lumea dramatic\u0103 a unor personaje extrem de reale \u0219i de interesante. A\u0219a cum se \u00eent\u00e2mpl\u0103 cu toate c\u0103r\u021bile lui Charles, nu ve\u021bi termina povestea niciodat\u0103\u2014ea va continua \u00een imagina\u021bia voastr\u0103. Admiratorii fideli nu vor fi c\u00e2tu\u0219i de pu\u021bin dezam\u0103gi\u021bi; noii cititori vor \u00een\u021belege de ce numele lui Charles Martin se afl\u0103 pe lista scurt\u0103 a autorilor contemporani pe care \u00eei recomand \u00eenaintea tuturor celorlal\u021bi.\u201c<\/p>\n<p>\u2014Robert Whithlow, autor de succes<\/p>","protected":false},"excerpt":{"rendered":"<p><strong>\u00cempletind emo\u021bii ce-\u021bi fr\u00e2ng inima cu o tensiune ce te \u021bine cu sufletul la gur\u0103, Charles Martin exploreaz\u0103 puterea neasemuit\u0103 a dragostei jertfitoare.<\/strong><\/p>\n<p><strong>El \u00ee\u0219i face apari\u021bia c\u00e2nd orice speran\u021b\u0103 este pierdut\u0103.<\/strong><br \/>\nMurphy Sheperd \u0219i-a f\u0103cut o carier\u0103 din a-i g\u0103si pe cei pe care nimeni altcineva nu-i poate g\u0103si\u2014supravie\u021buitori ai traficului de persoane. Misiunea vie\u021bii sale este s\u0103-i ajute pe al\u021bii s\u0103-\u0219i g\u0103seasc\u0103 libertatea.<\/p>\n<p><strong>\u00centr-o zi \u00eens\u0103 se dezl\u0103n\u021buie co\u0219marul, tocmai c\u00e2nd Murph se afl\u0103 \u00een mijlocul celor dragi.<\/strong><br \/>\nC\u00e2nd noua sa so\u021bie, fiica sa \u0219i alte dou\u0103 adolescente sunt r\u0103pite, Murphy nu poate s\u0103 nu pun\u0103 sub semnul \u00eentreb\u0103rii toate valorile \u00een care crede. Cu mai multe piste \u00eenfundate dec\u00e2t cu indicii ce l-ar putea ajuta s\u0103 le g\u0103seasc\u0103, el nu mai \u0219tie unde s\u0103 le caute.<\/p>\n<p><strong>Dup\u0103 ce totul \u00ee\u021bi este luat, nu-\u021bi mai r\u0103m\u00e2ne dec\u00e2t dragostea.<\/strong><br \/>\nSperan\u021ba pare pierdut\u0103, dar Murphy este hot\u0103r\u00e2t s\u0103-\u0219i dea \u0219i ultima suflare \u00een \u00eencercarea de a le aduce acas\u0103.<\/p>\n<p>\u201eO carte captivant\u0103, cu o poveste pus\u0103 \u00een mi\u0219care de ac\u021biune \u0219i dragoste deopotriv\u0103, \u0219i cu personaje ce r\u0103m\u00e2n \u00een inima cititorului mult timp dup\u0103 ultima pagin\u0103.\u201c<\/p>\n<p>\u2014Southern Literary Review, despre\u00a0<em>P\u0103zitorul apei<\/em><\/p>","protected":false},"featured_media":35508,"comment_status":"open","ping_status":"closed","template":"","meta":[],"product_brand":[],"product_cat":[377,400],"product_tag":[],"class_list":{"0":"post-35497","1":"product","2":"type-product","3":"status-publish","4":"has-post-thumbnail","6":"product_cat-carti","7":"product_cat-romane-povestiri-nuvele","8":"product_author-charles-martin","9":"product_genre-knigi-rom","11":"first","12":"instock","13":"shipping-taxable","14":"purchasable","15":"product-type-simple"},"yoast_head":"<!-- This site is optimized with the Yoast SEO plugin v27.3 - https:\/\/yoast.com\/product\/yoast-seo-wordpress\/ -->\n<title>Pazitorul cuvintelor - Vol. 2 - Societatea Biblic\u0103 din Moldova<\/title>\n<meta name=\"robots\" content=\"index, follow, max-snippet:-1, max-image-preview:large, max-video-preview:-1\" \/>\n<link rel=\"canonical\" href=\"https:\/\/biblia.md\/en\/shop\/pazitorul-cuvintelor-vol-2\/\" \/>\n<meta property=\"og:locale\" content=\"en_US\" \/>\n<meta property=\"og:type\" content=\"article\" \/>\n<meta property=\"og:title\" content=\"Pazitorul cuvintelor - Vol. 2 - Societatea Biblic\u0103 din Moldova\" \/>\n<meta property=\"og:description\" content=\"\u00cempletind emo\u021bii ce-\u021bi fr\u00e2ng inima cu o tensiune ce te \u021bine cu sufletul la gur\u0103, Charles Martin exploreaz\u0103 puterea neasemuit\u0103 a dragostei jertfitoare.  El \u00ee\u0219i face apari\u021bia c\u00e2nd orice speran\u021b\u0103 este pierdut\u0103. Murphy Sheperd \u0219i-a f\u0103cut o carier\u0103 din a-i g\u0103si pe cei pe care nimeni altcineva nu-i poate g\u0103si\u2014supravie\u021buitori ai traficului de persoane. Misiunea vie\u021bii sale este s\u0103-i ajute pe al\u021bii s\u0103-\u0219i g\u0103seasc\u0103 libertatea.  \u00centr-o zi \u00eens\u0103 se dezl\u0103n\u021buie co\u0219marul, tocmai c\u00e2nd Murph se afl\u0103 \u00een mijlocul celor dragi. C\u00e2nd noua sa so\u021bie, fiica sa \u0219i alte dou\u0103 adolescente sunt r\u0103pite, Murphy nu poate s\u0103 nu pun\u0103 sub semnul \u00eentreb\u0103rii toate valorile \u00een care crede. Cu mai multe piste \u00eenfundate dec\u00e2t cu indicii ce l-ar putea ajuta s\u0103 le g\u0103seasc\u0103, el nu mai \u0219tie unde s\u0103 le caute.  Dup\u0103 ce totul \u00ee\u021bi este luat, nu-\u021bi mai r\u0103m\u00e2ne dec\u00e2t dragostea. Speran\u021ba pare pierdut\u0103, dar Murphy este hot\u0103r\u00e2t s\u0103-\u0219i dea \u0219i ultima suflare \u00een \u00eencercarea de a le aduce acas\u0103.  \u201eO carte captivant\u0103, cu o poveste pus\u0103 \u00een mi\u0219care de ac\u021biune \u0219i dragoste deopotriv\u0103, \u0219i cu personaje ce r\u0103m\u00e2n \u00een inima cititorului mult timp dup\u0103 ultima pagin\u0103.\u201c  \u2014Southern Literary Review, despre\u00a0P\u0103zitorul apei\" \/>\n<meta property=\"og:url\" content=\"https:\/\/biblia.md\/en\/shop\/pazitorul-cuvintelor-vol-2\/\" \/>\n<meta property=\"og:site_name\" content=\"Societatea Biblic\u0103 din Moldova\" \/>\n<meta property=\"article:publisher\" content=\"https:\/\/www.facebook.com\/SocietateaBiblicaMoldova\/\" \/>\n<meta property=\"article:modified_time\" content=\"2026-02-27T06:44:29+00:00\" \/>\n<meta property=\"og:image\" content=\"https:\/\/biblia.md\/wp-content\/uploads\/2026\/02\/0000001616.jpg\" \/>\n\t<meta property=\"og:image:width\" content=\"600\" \/>\n\t<meta property=\"og:image:height\" content=\"900\" \/>\n\t<meta property=\"og:image:type\" content=\"image\/jpeg\" \/>\n<meta name=\"twitter:card\" content=\"summary_large_image\" \/>\n<meta name=\"twitter:label1\" content=\"Est. reading time\" \/>\n\t<meta name=\"twitter:data1\" content=\"3 minutes\" \/>\n<script type=\"application\/ld+json\" class=\"yoast-schema-graph\">{\"@context\":\"https:\\\/\\\/schema.org\",\"@graph\":[{\"@type\":\"WebPage\",\"@id\":\"https:\\\/\\\/biblia.md\\\/shop\\\/pazitorul-cuvintelor-vol-2\\\/\",\"url\":\"https:\\\/\\\/biblia.md\\\/shop\\\/pazitorul-cuvintelor-vol-2\\\/\",\"name\":\"Pazitorul cuvintelor - Vol. 2 - Societatea Biblic\u0103 din Moldova\",\"isPartOf\":{\"@id\":\"https:\\\/\\\/biblia.md\\\/#website\"},\"primaryImageOfPage\":{\"@id\":\"https:\\\/\\\/biblia.md\\\/shop\\\/pazitorul-cuvintelor-vol-2\\\/#primaryimage\"},\"image\":{\"@id\":\"https:\\\/\\\/biblia.md\\\/shop\\\/pazitorul-cuvintelor-vol-2\\\/#primaryimage\"},\"thumbnailUrl\":\"https:\\\/\\\/biblia.md\\\/wp-content\\\/uploads\\\/2026\\\/02\\\/ee15111b-a55e-40fd-8b4a-981a8726410b.png\",\"datePublished\":\"2026-02-27T05:52:03+00:00\",\"dateModified\":\"2026-02-27T06:44:29+00:00\",\"breadcrumb\":{\"@id\":\"https:\\\/\\\/biblia.md\\\/shop\\\/pazitorul-cuvintelor-vol-2\\\/#breadcrumb\"},\"inLanguage\":\"en-US\",\"potentialAction\":[{\"@type\":\"ReadAction\",\"target\":[\"https:\\\/\\\/biblia.md\\\/shop\\\/pazitorul-cuvintelor-vol-2\\\/\"]}]},{\"@type\":\"ImageObject\",\"inLanguage\":\"en-US\",\"@id\":\"https:\\\/\\\/biblia.md\\\/shop\\\/pazitorul-cuvintelor-vol-2\\\/#primaryimage\",\"url\":\"https:\\\/\\\/biblia.md\\\/wp-content\\\/uploads\\\/2026\\\/02\\\/ee15111b-a55e-40fd-8b4a-981a8726410b.png\",\"contentUrl\":\"https:\\\/\\\/biblia.md\\\/wp-content\\\/uploads\\\/2026\\\/02\\\/ee15111b-a55e-40fd-8b4a-981a8726410b.png\",\"width\":1024,\"height\":1536},{\"@type\":\"BreadcrumbList\",\"@id\":\"https:\\\/\\\/biblia.md\\\/shop\\\/pazitorul-cuvintelor-vol-2\\\/#breadcrumb\",\"itemListElement\":[{\"@type\":\"ListItem\",\"position\":1,\"name\":\"Prima pagin\u0103\",\"item\":\"https:\\\/\\\/biblia.md\\\/\"},{\"@type\":\"ListItem\",\"position\":2,\"name\":\"Shop\",\"item\":\"https:\\\/\\\/biblia.md\\\/shop\\\/\"},{\"@type\":\"ListItem\",\"position\":3,\"name\":\"Pazitorul cuvintelor &#8211; Vol. 2\"}]},{\"@type\":\"WebSite\",\"@id\":\"https:\\\/\\\/biblia.md\\\/#website\",\"url\":\"https:\\\/\\\/biblia.md\\\/\",\"name\":\"Societatea Biblic\u0103 din Moldova\",\"description\":\"\",\"publisher\":{\"@id\":\"https:\\\/\\\/biblia.md\\\/#organization\"},\"potentialAction\":[{\"@type\":\"SearchAction\",\"target\":{\"@type\":\"EntryPoint\",\"urlTemplate\":\"https:\\\/\\\/biblia.md\\\/?s={search_term_string}\"},\"query-input\":{\"@type\":\"PropertyValueSpecification\",\"valueRequired\":true,\"valueName\":\"search_term_string\"}}],\"inLanguage\":\"en-US\"},{\"@type\":\"Organization\",\"@id\":\"https:\\\/\\\/biblia.md\\\/#organization\",\"name\":\"Societatea Biblic\u0103 din Moldova\",\"url\":\"https:\\\/\\\/biblia.md\\\/\",\"logo\":{\"@type\":\"ImageObject\",\"inLanguage\":\"en-US\",\"@id\":\"https:\\\/\\\/biblia.md\\\/#\\\/schema\\\/logo\\\/image\\\/\",\"url\":\"https:\\\/\\\/biblia.md\\\/wp-content\\\/uploads\\\/2026\\\/01\\\/icon_site.jpg\",\"contentUrl\":\"https:\\\/\\\/biblia.md\\\/wp-content\\\/uploads\\\/2026\\\/01\\\/icon_site.jpg\",\"width\":656,\"height\":656,\"caption\":\"Societatea Biblic\u0103 din Moldova\"},\"image\":{\"@id\":\"https:\\\/\\\/biblia.md\\\/#\\\/schema\\\/logo\\\/image\\\/\"},\"sameAs\":[\"https:\\\/\\\/www.facebook.com\\\/SocietateaBiblicaMoldova\\\/\",\"https:\\\/\\\/www.instagram.com\\\/biblia.md\\\/\"]}]}<\/script>\n<!-- \/ Yoast SEO plugin. -->","yoast_head_json":{"title":"Pazitorul cuvintelor - Vol. 2 - Societatea Biblic\u0103 din Moldova","robots":{"index":"index","follow":"follow","max-snippet":"max-snippet:-1","max-image-preview":"max-image-preview:large","max-video-preview":"max-video-preview:-1"},"canonical":"https:\/\/biblia.md\/en\/shop\/pazitorul-cuvintelor-vol-2\/","og_locale":"en_US","og_type":"article","og_title":"Pazitorul cuvintelor - Vol. 2 - Societatea Biblic\u0103 din Moldova","og_description":"\u00cempletind emo\u021bii ce-\u021bi fr\u00e2ng inima cu o tensiune ce te \u021bine cu sufletul la gur\u0103, Charles Martin exploreaz\u0103 puterea neasemuit\u0103 a dragostei jertfitoare.  El \u00ee\u0219i face apari\u021bia c\u00e2nd orice speran\u021b\u0103 este pierdut\u0103. Murphy Sheperd \u0219i-a f\u0103cut o carier\u0103 din a-i g\u0103si pe cei pe care nimeni altcineva nu-i poate g\u0103si\u2014supravie\u021buitori ai traficului de persoane. Misiunea vie\u021bii sale este s\u0103-i ajute pe al\u021bii s\u0103-\u0219i g\u0103seasc\u0103 libertatea.  \u00centr-o zi \u00eens\u0103 se dezl\u0103n\u021buie co\u0219marul, tocmai c\u00e2nd Murph se afl\u0103 \u00een mijlocul celor dragi. C\u00e2nd noua sa so\u021bie, fiica sa \u0219i alte dou\u0103 adolescente sunt r\u0103pite, Murphy nu poate s\u0103 nu pun\u0103 sub semnul \u00eentreb\u0103rii toate valorile \u00een care crede. Cu mai multe piste \u00eenfundate dec\u00e2t cu indicii ce l-ar putea ajuta s\u0103 le g\u0103seasc\u0103, el nu mai \u0219tie unde s\u0103 le caute.  Dup\u0103 ce totul \u00ee\u021bi este luat, nu-\u021bi mai r\u0103m\u00e2ne dec\u00e2t dragostea. Speran\u021ba pare pierdut\u0103, dar Murphy este hot\u0103r\u00e2t s\u0103-\u0219i dea \u0219i ultima suflare \u00een \u00eencercarea de a le aduce acas\u0103.  \u201eO carte captivant\u0103, cu o poveste pus\u0103 \u00een mi\u0219care de ac\u021biune \u0219i dragoste deopotriv\u0103, \u0219i cu personaje ce r\u0103m\u00e2n \u00een inima cititorului mult timp dup\u0103 ultima pagin\u0103.\u201c  \u2014Southern Literary Review, despre\u00a0P\u0103zitorul apei","og_url":"https:\/\/biblia.md\/en\/shop\/pazitorul-cuvintelor-vol-2\/","og_site_name":"Societatea Biblic\u0103 din Moldova","article_publisher":"https:\/\/www.facebook.com\/SocietateaBiblicaMoldova\/","article_modified_time":"2026-02-27T06:44:29+00:00","og_image":[{"width":600,"height":900,"url":"https:\/\/biblia.md\/wp-content\/uploads\/2026\/02\/0000001616.jpg","type":"image\/jpeg"}],"twitter_card":"summary_large_image","twitter_misc":{"Est. reading time":"3 minutes"},"schema":{"@context":"https:\/\/schema.org","@graph":[{"@type":"WebPage","@id":"https:\/\/biblia.md\/shop\/pazitorul-cuvintelor-vol-2\/","url":"https:\/\/biblia.md\/shop\/pazitorul-cuvintelor-vol-2\/","name":"Pazitorul cuvintelor - Vol. 2 - Societatea Biblic\u0103 din Moldova","isPartOf":{"@id":"https:\/\/biblia.md\/#website"},"primaryImageOfPage":{"@id":"https:\/\/biblia.md\/shop\/pazitorul-cuvintelor-vol-2\/#primaryimage"},"image":{"@id":"https:\/\/biblia.md\/shop\/pazitorul-cuvintelor-vol-2\/#primaryimage"},"thumbnailUrl":"https:\/\/biblia.md\/wp-content\/uploads\/2026\/02\/ee15111b-a55e-40fd-8b4a-981a8726410b.png","datePublished":"2026-02-27T05:52:03+00:00","dateModified":"2026-02-27T06:44:29+00:00","breadcrumb":{"@id":"https:\/\/biblia.md\/shop\/pazitorul-cuvintelor-vol-2\/#breadcrumb"},"inLanguage":"en-US","potentialAction":[{"@type":"ReadAction","target":["https:\/\/biblia.md\/shop\/pazitorul-cuvintelor-vol-2\/"]}]},{"@type":"ImageObject","inLanguage":"en-US","@id":"https:\/\/biblia.md\/shop\/pazitorul-cuvintelor-vol-2\/#primaryimage","url":"https:\/\/biblia.md\/wp-content\/uploads\/2026\/02\/ee15111b-a55e-40fd-8b4a-981a8726410b.png","contentUrl":"https:\/\/biblia.md\/wp-content\/uploads\/2026\/02\/ee15111b-a55e-40fd-8b4a-981a8726410b.png","width":1024,"height":1536},{"@type":"BreadcrumbList","@id":"https:\/\/biblia.md\/shop\/pazitorul-cuvintelor-vol-2\/#breadcrumb","itemListElement":[{"@type":"ListItem","position":1,"name":"Prima pagin\u0103","item":"https:\/\/biblia.md\/"},{"@type":"ListItem","position":2,"name":"Shop","item":"https:\/\/biblia.md\/shop\/"},{"@type":"ListItem","position":3,"name":"Pazitorul cuvintelor &#8211; Vol. 2"}]},{"@type":"WebSite","@id":"https:\/\/biblia.md\/#website","url":"https:\/\/biblia.md\/","name":"Societatea Biblic\u0103 din Moldova","description":"","publisher":{"@id":"https:\/\/biblia.md\/#organization"},"potentialAction":[{"@type":"SearchAction","target":{"@type":"EntryPoint","urlTemplate":"https:\/\/biblia.md\/?s={search_term_string}"},"query-input":{"@type":"PropertyValueSpecification","valueRequired":true,"valueName":"search_term_string"}}],"inLanguage":"en-US"},{"@type":"Organization","@id":"https:\/\/biblia.md\/#organization","name":"Societatea Biblic\u0103 din Moldova","url":"https:\/\/biblia.md\/","logo":{"@type":"ImageObject","inLanguage":"en-US","@id":"https:\/\/biblia.md\/#\/schema\/logo\/image\/","url":"https:\/\/biblia.md\/wp-content\/uploads\/2026\/01\/icon_site.jpg","contentUrl":"https:\/\/biblia.md\/wp-content\/uploads\/2026\/01\/icon_site.jpg","width":656,"height":656,"caption":"Societatea Biblic\u0103 din Moldova"},"image":{"@id":"https:\/\/biblia.md\/#\/schema\/logo\/image\/"},"sameAs":["https:\/\/www.facebook.com\/SocietateaBiblicaMoldova\/","https:\/\/www.instagram.com\/biblia.md\/"]}]}},"_links":{"self":[{"href":"https:\/\/biblia.md\/en\/wp-json\/wp\/v2\/product\/35497","targetHints":{"allow":["GET"]}}],"collection":[{"href":"https:\/\/biblia.md\/en\/wp-json\/wp\/v2\/product"}],"about":[{"href":"https:\/\/biblia.md\/en\/wp-json\/wp\/v2\/types\/product"}],"replies":[{"embeddable":true,"href":"https:\/\/biblia.md\/en\/wp-json\/wp\/v2\/comments?post=35497"}],"version-history":[{"count":1,"href":"https:\/\/biblia.md\/en\/wp-json\/wp\/v2\/product\/35497\/revisions"}],"predecessor-version":[{"id":35499,"href":"https:\/\/biblia.md\/en\/wp-json\/wp\/v2\/product\/35497\/revisions\/35499"}],"wp:featuredmedia":[{"embeddable":true,"href":"https:\/\/biblia.md\/en\/wp-json\/wp\/v2\/media\/35508"}],"wp:attachment":[{"href":"https:\/\/biblia.md\/en\/wp-json\/wp\/v2\/media?parent=35497"}],"wp:term":[{"taxonomy":"product_brand","embeddable":true,"href":"https:\/\/biblia.md\/en\/wp-json\/wp\/v2\/product_brand?post=35497"},{"taxonomy":"product_cat","embeddable":true,"href":"https:\/\/biblia.md\/en\/wp-json\/wp\/v2\/product_cat?post=35497"},{"taxonomy":"product_tag","embeddable":true,"href":"https:\/\/biblia.md\/en\/wp-json\/wp\/v2\/product_tag?post=35497"}],"curies":[{"name":"wp","href":"https:\/\/api.w.org\/{rel}","templated":true}]}}