{"id":35503,"date":"2026-02-27T07:57:09","date_gmt":"2026-02-27T05:57:09","guid":{"rendered":"https:\/\/biblia.md\/?post_type=product&#038;p=35503"},"modified":"2026-02-27T08:49:19","modified_gmt":"2026-02-27T06:49:19","slug":"pazitorul","status":"publish","type":"product","link":"https:\/\/biblia.md\/en\/shop\/pazitorul\/","title":{"rendered":"Pazitorul"},"content":{"rendered":"<p>\u201eFoarte pu\u021bini romancieri contemporani se bucur\u0103 de succes at\u00e2t pe pia\u021ba de carte secular\u0103, c\u00e2t \u0219i pe cea evanghelic\u0103. Charles Martin se num\u0103r\u0103 printre ei. Romanul\u00a0<em>P\u0103zitorul cuvintelor<\/em>\u00a0porne\u0219te de la mesajul biblic al renun\u021b\u0103rii la turm\u0103, pentru salvarea oii r\u0103t\u0103cite, o tem\u0103 pe care o dezvolt\u0103 \u00een chip sublim.\u201c<\/p>\n<p>\u2015David Bunn, pentru revista\u00a0<em>Christianity Today<\/em><\/p>\n<p>\u201eRomanul\u00a0<em>The Last Exchange<\/em>\u00a0\u00ee\u021bi st\u00e2rne\u0219te o gam\u0103 larg\u0103 de emo\u021bii\u2015suspans, triste\u021be, speran\u021b\u0103. \u00cenc\u0103 o carte magnific\u0103 scris\u0103 de Charles Martin.\u201c<\/p>\n<p>\u2015Annie F. Downs, autoare de succes potrivit The New York Times, inclusiv a romanului\u00a0<em>That Sounds Fun<\/em><\/p>\n<p>\u201eMartin exceleaz\u0103 \u00een pl\u0103smuirea unor personaje care tr\u0103iesc la marginea societ\u0103\u021bii. Cititorii care agreeaz\u0103 eroii imperfec\u021bi, dar nespus de fermec\u0103tori, ai unor autori precum John Grisham sau Nicholas Sparks vor savura romanele lui Martin.\u201c<\/p>\n<p>\u2015Library Journal, despre\u00a0<em>P\u0103zitorul apei<\/em><\/p>\n<p>\u201eFanii lui Charles Martin se pot bucura, pentru c\u0103 autorul lor preferat exceleaz\u0103 din nou&#8230; o poveste pe multiple planuri, \u021besute laolalt\u0103 cu firul m\u0103iestru al harului \u0219i r\u0103scump\u0103r\u0103rii, pres\u0103rate cu suspans \u0219i personaje conving\u0103toare.\u201c<\/p>\n<p>\u2015Laureen K. Denton, autoare de succes potrivit USA Today, inclusiv a romanului\u00a0<em>The Hideawa<\/em>y, despre<em>\u00a0P\u0103zitorul apei<\/em><\/p>","protected":false},"excerpt":{"rendered":"<p><strong><em>Elogii la adresa lui Charles Martin<\/em><\/strong><\/p>\n<p>\u201eDincolo de ac\u021biunea intens\u0103 \u0219i de descrierile conving\u0103toare, \u00een aceast\u0103 serie de romane ale lui Charles Martin domin\u0103 dou\u0103 teme recurente \u2015romantismul pove\u0219tii de dragoste tragice a lui Murphy \u0219i c\u0103l\u0103toria profund spiritual\u0103 a acestuia&#8230; Cartea\u00a0<em>P\u0103zitorul apei<\/em>\u00a0\u00ee\u021bi d\u0103 un puternic sentiment de satisfac\u021bie, fiind un roman de ac\u021biune \u0219i de dragoste, deopotriv\u0103, iar personajele \u00ee\u021bi vor r\u0103m\u00e2ne \u00een inim\u0103 mult\u0103 vreme dup\u0103 ce \u00eenchizi cartea.\u201c<\/p>\n<p>\u2015<em>Southern Literary Review<\/em><\/p>","protected":false},"featured_media":35510,"comment_status":"open","ping_status":"closed","template":"","meta":[],"product_brand":[],"product_cat":[377,400],"product_tag":[],"class_list":{"0":"post-35503","1":"product","2":"type-product","3":"status-publish","4":"has-post-thumbnail","6":"product_cat-carti","7":"product_cat-romane-povestiri-nuvele","8":"product_author-charles-martin","9":"product_genre-knigi-rom","11":"first","12":"instock","13":"shipping-taxable","14":"purchasable","15":"product-type-simple"},"yoast_head":"<!-- This site is optimized with the Yoast SEO plugin v27.3 - https:\/\/yoast.com\/product\/yoast-seo-wordpress\/ -->\n<title>Pazitorul - Societatea Biblic\u0103 din Moldova<\/title>\n<meta name=\"robots\" content=\"index, follow, max-snippet:-1, max-image-preview:large, max-video-preview:-1\" \/>\n<link rel=\"canonical\" href=\"https:\/\/biblia.md\/en\/shop\/pazitorul\/\" \/>\n<meta property=\"og:locale\" content=\"en_US\" \/>\n<meta property=\"og:type\" content=\"article\" \/>\n<meta property=\"og:title\" content=\"Pazitorul - Societatea Biblic\u0103 din Moldova\" \/>\n<meta property=\"og:description\" content=\"Elogii la adresa lui Charles Martin  \u201eDincolo de ac\u021biunea intens\u0103 \u0219i de descrierile conving\u0103toare, \u00een aceast\u0103 serie de romane ale lui Charles Martin domin\u0103 dou\u0103 teme recurente \u2015romantismul pove\u0219tii de dragoste tragice a lui Murphy \u0219i c\u0103l\u0103toria profund spiritual\u0103 a acestuia... Cartea\u00a0P\u0103zitorul apei\u00a0\u00ee\u021bi d\u0103 un puternic sentiment de satisfac\u021bie, fiind un roman de ac\u021biune \u0219i de dragoste, deopotriv\u0103, iar personajele \u00ee\u021bi vor r\u0103m\u00e2ne \u00een inim\u0103 mult\u0103 vreme dup\u0103 ce \u00eenchizi cartea.\u201c  \u2015Southern Literary Review\" \/>\n<meta property=\"og:url\" content=\"https:\/\/biblia.md\/en\/shop\/pazitorul\/\" \/>\n<meta property=\"og:site_name\" content=\"Societatea Biblic\u0103 din Moldova\" \/>\n<meta property=\"article:publisher\" content=\"https:\/\/www.facebook.com\/SocietateaBiblicaMoldova\/\" \/>\n<meta property=\"article:modified_time\" content=\"2026-02-27T06:49:19+00:00\" \/>\n<meta property=\"og:image\" content=\"https:\/\/biblia.md\/wp-content\/uploads\/2026\/02\/0000008475.jpg\" \/>\n\t<meta property=\"og:image:width\" content=\"363\" \/>\n\t<meta property=\"og:image:height\" content=\"519\" \/>\n\t<meta property=\"og:image:type\" content=\"image\/jpeg\" \/>\n<meta name=\"twitter:card\" content=\"summary_large_image\" \/>\n<meta name=\"twitter:label1\" content=\"Est. reading time\" \/>\n\t<meta name=\"twitter:data1\" content=\"2 minutes\" \/>\n<script type=\"application\/ld+json\" class=\"yoast-schema-graph\">{\"@context\":\"https:\\\/\\\/schema.org\",\"@graph\":[{\"@type\":\"WebPage\",\"@id\":\"https:\\\/\\\/biblia.md\\\/shop\\\/pazitorul\\\/\",\"url\":\"https:\\\/\\\/biblia.md\\\/shop\\\/pazitorul\\\/\",\"name\":\"Pazitorul - Societatea Biblic\u0103 din Moldova\",\"isPartOf\":{\"@id\":\"https:\\\/\\\/biblia.md\\\/#website\"},\"primaryImageOfPage\":{\"@id\":\"https:\\\/\\\/biblia.md\\\/shop\\\/pazitorul\\\/#primaryimage\"},\"image\":{\"@id\":\"https:\\\/\\\/biblia.md\\\/shop\\\/pazitorul\\\/#primaryimage\"},\"thumbnailUrl\":\"https:\\\/\\\/biblia.md\\\/wp-content\\\/uploads\\\/2026\\\/02\\\/f92fe3b1-3c52-4a87-b992-39cb7e05a8ad.png\",\"datePublished\":\"2026-02-27T05:57:09+00:00\",\"dateModified\":\"2026-02-27T06:49:19+00:00\",\"breadcrumb\":{\"@id\":\"https:\\\/\\\/biblia.md\\\/shop\\\/pazitorul\\\/#breadcrumb\"},\"inLanguage\":\"en-US\",\"potentialAction\":[{\"@type\":\"ReadAction\",\"target\":[\"https:\\\/\\\/biblia.md\\\/shop\\\/pazitorul\\\/\"]}]},{\"@type\":\"ImageObject\",\"inLanguage\":\"en-US\",\"@id\":\"https:\\\/\\\/biblia.md\\\/shop\\\/pazitorul\\\/#primaryimage\",\"url\":\"https:\\\/\\\/biblia.md\\\/wp-content\\\/uploads\\\/2026\\\/02\\\/f92fe3b1-3c52-4a87-b992-39cb7e05a8ad.png\",\"contentUrl\":\"https:\\\/\\\/biblia.md\\\/wp-content\\\/uploads\\\/2026\\\/02\\\/f92fe3b1-3c52-4a87-b992-39cb7e05a8ad.png\",\"width\":1024,\"height\":1536},{\"@type\":\"BreadcrumbList\",\"@id\":\"https:\\\/\\\/biblia.md\\\/shop\\\/pazitorul\\\/#breadcrumb\",\"itemListElement\":[{\"@type\":\"ListItem\",\"position\":1,\"name\":\"Prima pagin\u0103\",\"item\":\"https:\\\/\\\/biblia.md\\\/\"},{\"@type\":\"ListItem\",\"position\":2,\"name\":\"Shop\",\"item\":\"https:\\\/\\\/biblia.md\\\/shop\\\/\"},{\"@type\":\"ListItem\",\"position\":3,\"name\":\"Pazitorul\"}]},{\"@type\":\"WebSite\",\"@id\":\"https:\\\/\\\/biblia.md\\\/#website\",\"url\":\"https:\\\/\\\/biblia.md\\\/\",\"name\":\"Societatea Biblic\u0103 din Moldova\",\"description\":\"\",\"publisher\":{\"@id\":\"https:\\\/\\\/biblia.md\\\/#organization\"},\"potentialAction\":[{\"@type\":\"SearchAction\",\"target\":{\"@type\":\"EntryPoint\",\"urlTemplate\":\"https:\\\/\\\/biblia.md\\\/?s={search_term_string}\"},\"query-input\":{\"@type\":\"PropertyValueSpecification\",\"valueRequired\":true,\"valueName\":\"search_term_string\"}}],\"inLanguage\":\"en-US\"},{\"@type\":\"Organization\",\"@id\":\"https:\\\/\\\/biblia.md\\\/#organization\",\"name\":\"Societatea Biblic\u0103 din Moldova\",\"url\":\"https:\\\/\\\/biblia.md\\\/\",\"logo\":{\"@type\":\"ImageObject\",\"inLanguage\":\"en-US\",\"@id\":\"https:\\\/\\\/biblia.md\\\/#\\\/schema\\\/logo\\\/image\\\/\",\"url\":\"https:\\\/\\\/biblia.md\\\/wp-content\\\/uploads\\\/2026\\\/01\\\/icon_site.jpg\",\"contentUrl\":\"https:\\\/\\\/biblia.md\\\/wp-content\\\/uploads\\\/2026\\\/01\\\/icon_site.jpg\",\"width\":656,\"height\":656,\"caption\":\"Societatea Biblic\u0103 din Moldova\"},\"image\":{\"@id\":\"https:\\\/\\\/biblia.md\\\/#\\\/schema\\\/logo\\\/image\\\/\"},\"sameAs\":[\"https:\\\/\\\/www.facebook.com\\\/SocietateaBiblicaMoldova\\\/\",\"https:\\\/\\\/www.instagram.com\\\/biblia.md\\\/\"]}]}<\/script>\n<!-- \/ Yoast SEO plugin. -->","yoast_head_json":{"title":"Pazitorul - Societatea Biblic\u0103 din Moldova","robots":{"index":"index","follow":"follow","max-snippet":"max-snippet:-1","max-image-preview":"max-image-preview:large","max-video-preview":"max-video-preview:-1"},"canonical":"https:\/\/biblia.md\/en\/shop\/pazitorul\/","og_locale":"en_US","og_type":"article","og_title":"Pazitorul - Societatea Biblic\u0103 din Moldova","og_description":"Elogii la adresa lui Charles Martin  \u201eDincolo de ac\u021biunea intens\u0103 \u0219i de descrierile conving\u0103toare, \u00een aceast\u0103 serie de romane ale lui Charles Martin domin\u0103 dou\u0103 teme recurente \u2015romantismul pove\u0219tii de dragoste tragice a lui Murphy \u0219i c\u0103l\u0103toria profund spiritual\u0103 a acestuia... Cartea\u00a0P\u0103zitorul apei\u00a0\u00ee\u021bi d\u0103 un puternic sentiment de satisfac\u021bie, fiind un roman de ac\u021biune \u0219i de dragoste, deopotriv\u0103, iar personajele \u00ee\u021bi vor r\u0103m\u00e2ne \u00een inim\u0103 mult\u0103 vreme dup\u0103 ce \u00eenchizi cartea.\u201c  \u2015Southern Literary Review","og_url":"https:\/\/biblia.md\/en\/shop\/pazitorul\/","og_site_name":"Societatea Biblic\u0103 din Moldova","article_publisher":"https:\/\/www.facebook.com\/SocietateaBiblicaMoldova\/","article_modified_time":"2026-02-27T06:49:19+00:00","og_image":[{"width":363,"height":519,"url":"https:\/\/biblia.md\/wp-content\/uploads\/2026\/02\/0000008475.jpg","type":"image\/jpeg"}],"twitter_card":"summary_large_image","twitter_misc":{"Est. reading time":"2 minutes"},"schema":{"@context":"https:\/\/schema.org","@graph":[{"@type":"WebPage","@id":"https:\/\/biblia.md\/shop\/pazitorul\/","url":"https:\/\/biblia.md\/shop\/pazitorul\/","name":"Pazitorul - Societatea Biblic\u0103 din Moldova","isPartOf":{"@id":"https:\/\/biblia.md\/#website"},"primaryImageOfPage":{"@id":"https:\/\/biblia.md\/shop\/pazitorul\/#primaryimage"},"image":{"@id":"https:\/\/biblia.md\/shop\/pazitorul\/#primaryimage"},"thumbnailUrl":"https:\/\/biblia.md\/wp-content\/uploads\/2026\/02\/f92fe3b1-3c52-4a87-b992-39cb7e05a8ad.png","datePublished":"2026-02-27T05:57:09+00:00","dateModified":"2026-02-27T06:49:19+00:00","breadcrumb":{"@id":"https:\/\/biblia.md\/shop\/pazitorul\/#breadcrumb"},"inLanguage":"en-US","potentialAction":[{"@type":"ReadAction","target":["https:\/\/biblia.md\/shop\/pazitorul\/"]}]},{"@type":"ImageObject","inLanguage":"en-US","@id":"https:\/\/biblia.md\/shop\/pazitorul\/#primaryimage","url":"https:\/\/biblia.md\/wp-content\/uploads\/2026\/02\/f92fe3b1-3c52-4a87-b992-39cb7e05a8ad.png","contentUrl":"https:\/\/biblia.md\/wp-content\/uploads\/2026\/02\/f92fe3b1-3c52-4a87-b992-39cb7e05a8ad.png","width":1024,"height":1536},{"@type":"BreadcrumbList","@id":"https:\/\/biblia.md\/shop\/pazitorul\/#breadcrumb","itemListElement":[{"@type":"ListItem","position":1,"name":"Prima pagin\u0103","item":"https:\/\/biblia.md\/"},{"@type":"ListItem","position":2,"name":"Shop","item":"https:\/\/biblia.md\/shop\/"},{"@type":"ListItem","position":3,"name":"Pazitorul"}]},{"@type":"WebSite","@id":"https:\/\/biblia.md\/#website","url":"https:\/\/biblia.md\/","name":"Societatea Biblic\u0103 din Moldova","description":"","publisher":{"@id":"https:\/\/biblia.md\/#organization"},"potentialAction":[{"@type":"SearchAction","target":{"@type":"EntryPoint","urlTemplate":"https:\/\/biblia.md\/?s={search_term_string}"},"query-input":{"@type":"PropertyValueSpecification","valueRequired":true,"valueName":"search_term_string"}}],"inLanguage":"en-US"},{"@type":"Organization","@id":"https:\/\/biblia.md\/#organization","name":"Societatea Biblic\u0103 din Moldova","url":"https:\/\/biblia.md\/","logo":{"@type":"ImageObject","inLanguage":"en-US","@id":"https:\/\/biblia.md\/#\/schema\/logo\/image\/","url":"https:\/\/biblia.md\/wp-content\/uploads\/2026\/01\/icon_site.jpg","contentUrl":"https:\/\/biblia.md\/wp-content\/uploads\/2026\/01\/icon_site.jpg","width":656,"height":656,"caption":"Societatea Biblic\u0103 din Moldova"},"image":{"@id":"https:\/\/biblia.md\/#\/schema\/logo\/image\/"},"sameAs":["https:\/\/www.facebook.com\/SocietateaBiblicaMoldova\/","https:\/\/www.instagram.com\/biblia.md\/"]}]}},"_links":{"self":[{"href":"https:\/\/biblia.md\/en\/wp-json\/wp\/v2\/product\/35503","targetHints":{"allow":["GET"]}}],"collection":[{"href":"https:\/\/biblia.md\/en\/wp-json\/wp\/v2\/product"}],"about":[{"href":"https:\/\/biblia.md\/en\/wp-json\/wp\/v2\/types\/product"}],"replies":[{"embeddable":true,"href":"https:\/\/biblia.md\/en\/wp-json\/wp\/v2\/comments?post=35503"}],"version-history":[{"count":1,"href":"https:\/\/biblia.md\/en\/wp-json\/wp\/v2\/product\/35503\/revisions"}],"predecessor-version":[{"id":35505,"href":"https:\/\/biblia.md\/en\/wp-json\/wp\/v2\/product\/35503\/revisions\/35505"}],"wp:featuredmedia":[{"embeddable":true,"href":"https:\/\/biblia.md\/en\/wp-json\/wp\/v2\/media\/35510"}],"wp:attachment":[{"href":"https:\/\/biblia.md\/en\/wp-json\/wp\/v2\/media?parent=35503"}],"wp:term":[{"taxonomy":"product_brand","embeddable":true,"href":"https:\/\/biblia.md\/en\/wp-json\/wp\/v2\/product_brand?post=35503"},{"taxonomy":"product_cat","embeddable":true,"href":"https:\/\/biblia.md\/en\/wp-json\/wp\/v2\/product_cat?post=35503"},{"taxonomy":"product_tag","embeddable":true,"href":"https:\/\/biblia.md\/en\/wp-json\/wp\/v2\/product_tag?post=35503"}],"curies":[{"name":"wp","href":"https:\/\/api.w.org\/{rel}","templated":true}]}}