{"id":35518,"date":"2026-01-01T09:00:43","date_gmt":"2026-01-01T07:00:43","guid":{"rendered":"https:\/\/biblia.md\/?post_type=product&#038;p=35518"},"modified":"2026-02-27T09:13:28","modified_gmt":"2026-02-27T07:13:28","slug":"pe-urmele-lui-nehustan-o-poveste-de-foarte-demult","status":"publish","type":"product","link":"https:\/\/biblia.md\/en\/shop\/pe-urmele-lui-nehustan-o-poveste-de-foarte-demult\/","title":{"rendered":"Pe urmele lui Nehustan &#8211; O poveste de (foarte) demult"},"content":{"rendered":"","protected":false},"excerpt":{"rendered":"<p>Romanul\u00a0<em>Pe urmele lui Nehu\u015ftan<\/em>\u00a0este o fantezie istoric\u0103. Ea descrie via\u0163a unor familii din ludeea \u00een perioada celor dou\u0103 \u00eentoarceri din exilul babilonian \u015fi are un sf\u00e2r\u015fit nea\u015fteptat.<\/p>\n<p>Unii dintre urma\u015fii celor \u00eentor\u015fi s-au c\u0103s\u0103torit cu femei din r\u00e2ndul popoarelor p\u0103g\u00e2ne vecine. In mod \u00eent\u00e2mpl\u0103tor, se afl\u0103 c\u0103 s-ar fi preg\u0103tit un decret prin care aceste \u00eencuscriri s\u0103 fie anulate, femeile s\u0103 fie izgonite \u00eempreun\u0103 cu copiii lor, iar cei care s-ar opune s\u0103 fie \u015fter\u015fi din cartea poporului \u015fi deposeda\u0163i de toate bunurile lor. Unii dintre cei viza\u0163i g\u0103sesc o conjunctur\u0103 favorabil\u0103 prin care izbutesc s\u0103 plece din \u0163ar\u0103 \u00eempreun\u0103 cu familia \u015fi averea lor \u015fi ajung pe un t\u0103r\u00e2m imaginar \u00eendep\u0103rtat, la nord de Istru, \u00een lumea hiperboreenilor.<\/p>\n<p>At\u00e2t personajele, c\u00e2t \u015fi \u00eent\u00e2mpl\u0103rile din via\u0163a lor sunt imaginare. Fondul povestirii preia elemente din scrieri biblice, privite \u00eentr-o interpretare original\u0103; evenimentele \u015fi eroii sunt o fic\u021biune brodat\u0103 pe realitatea istorica a acelei epoci.<\/p>","protected":false},"featured_media":35522,"comment_status":"open","ping_status":"closed","template":"","meta":[],"product_brand":[],"product_cat":[377,400],"product_tag":[],"class_list":{"0":"post-35518","1":"product","2":"type-product","3":"status-publish","4":"has-post-thumbnail","6":"product_cat-carti","7":"product_cat-romane-povestiri-nuvele","8":"product_author-sarina-miron","10":"first","11":"instock","12":"shipping-taxable","13":"purchasable","14":"product-type-simple"},"yoast_head":"<!-- This site is optimized with the Yoast SEO plugin v27.3 - https:\/\/yoast.com\/product\/yoast-seo-wordpress\/ -->\n<title>Pe urmele lui Nehustan - O poveste de (foarte) demult - Societatea Biblic\u0103 din Moldova<\/title>\n<meta name=\"robots\" content=\"index, follow, max-snippet:-1, max-image-preview:large, max-video-preview:-1\" \/>\n<link rel=\"canonical\" href=\"https:\/\/biblia.md\/en\/shop\/pe-urmele-lui-nehustan-o-poveste-de-foarte-demult\/\" \/>\n<meta property=\"og:locale\" content=\"en_US\" \/>\n<meta property=\"og:type\" content=\"article\" \/>\n<meta property=\"og:title\" content=\"Pe urmele lui Nehustan - O poveste de (foarte) demult - Societatea Biblic\u0103 din Moldova\" \/>\n<meta property=\"og:description\" content=\"Romanul\u00a0Pe urmele lui Nehu\u015ftan\u00a0este o fantezie istoric\u0103. Ea descrie via\u0163a unor familii din ludeea \u00een perioada celor dou\u0103 \u00eentoarceri din exilul babilonian \u015fi are un sf\u00e2r\u015fit nea\u015fteptat.  Unii dintre urma\u015fii celor \u00eentor\u015fi s-au c\u0103s\u0103torit cu femei din r\u00e2ndul popoarelor p\u0103g\u00e2ne vecine. In mod \u00eent\u00e2mpl\u0103tor, se afl\u0103 c\u0103 s-ar fi preg\u0103tit un decret prin care aceste \u00eencuscriri s\u0103 fie anulate, femeile s\u0103 fie izgonite \u00eempreun\u0103 cu copiii lor, iar cei care s-ar opune s\u0103 fie \u015fter\u015fi din cartea poporului \u015fi deposeda\u0163i de toate bunurile lor. Unii dintre cei viza\u0163i g\u0103sesc o conjunctur\u0103 favorabil\u0103 prin care izbutesc s\u0103 plece din \u0163ar\u0103 \u00eempreun\u0103 cu familia \u015fi averea lor \u015fi ajung pe un t\u0103r\u00e2m imaginar \u00eendep\u0103rtat, la nord de Istru, \u00een lumea hiperboreenilor.  At\u00e2t personajele, c\u00e2t \u015fi \u00eent\u00e2mpl\u0103rile din via\u0163a lor sunt imaginare. Fondul povestirii preia elemente din scrieri biblice, privite \u00eentr-o interpretare original\u0103; evenimentele \u015fi eroii sunt o fic\u021biune brodat\u0103 pe realitatea istorica a acelei epoci.\" \/>\n<meta property=\"og:url\" content=\"https:\/\/biblia.md\/en\/shop\/pe-urmele-lui-nehustan-o-poveste-de-foarte-demult\/\" \/>\n<meta property=\"og:site_name\" content=\"Societatea Biblic\u0103 din Moldova\" \/>\n<meta property=\"article:publisher\" content=\"https:\/\/www.facebook.com\/SocietateaBiblicaMoldova\/\" \/>\n<meta property=\"article:modified_time\" content=\"2026-02-27T07:13:28+00:00\" \/>\n<meta property=\"og:image\" content=\"https:\/\/biblia.md\/wp-content\/uploads\/2026\/02\/0000002502.jpg\" \/>\n\t<meta property=\"og:image:width\" content=\"550\" \/>\n\t<meta property=\"og:image:height\" content=\"775\" \/>\n\t<meta property=\"og:image:type\" content=\"image\/jpeg\" \/>\n<meta name=\"twitter:card\" content=\"summary_large_image\" \/>\n<meta name=\"twitter:label1\" content=\"Est. reading time\" \/>\n\t<meta name=\"twitter:data1\" content=\"1 minute\" \/>\n<script type=\"application\/ld+json\" class=\"yoast-schema-graph\">{\"@context\":\"https:\\\/\\\/schema.org\",\"@graph\":[{\"@type\":\"WebPage\",\"@id\":\"https:\\\/\\\/biblia.md\\\/shop\\\/pe-urmele-lui-nehustan-o-poveste-de-foarte-demult\\\/\",\"url\":\"https:\\\/\\\/biblia.md\\\/shop\\\/pe-urmele-lui-nehustan-o-poveste-de-foarte-demult\\\/\",\"name\":\"Pe urmele lui Nehustan - O poveste de (foarte) demult - Societatea Biblic\u0103 din Moldova\",\"isPartOf\":{\"@id\":\"https:\\\/\\\/biblia.md\\\/#website\"},\"primaryImageOfPage\":{\"@id\":\"https:\\\/\\\/biblia.md\\\/shop\\\/pe-urmele-lui-nehustan-o-poveste-de-foarte-demult\\\/#primaryimage\"},\"image\":{\"@id\":\"https:\\\/\\\/biblia.md\\\/shop\\\/pe-urmele-lui-nehustan-o-poveste-de-foarte-demult\\\/#primaryimage\"},\"thumbnailUrl\":\"https:\\\/\\\/biblia.md\\\/wp-content\\\/uploads\\\/2026\\\/01\\\/58087c0d-9c7f-418e-9c56-8ced50d07d79.png\",\"datePublished\":\"2026-01-01T07:00:43+00:00\",\"dateModified\":\"2026-02-27T07:13:28+00:00\",\"breadcrumb\":{\"@id\":\"https:\\\/\\\/biblia.md\\\/shop\\\/pe-urmele-lui-nehustan-o-poveste-de-foarte-demult\\\/#breadcrumb\"},\"inLanguage\":\"en-US\",\"potentialAction\":[{\"@type\":\"ReadAction\",\"target\":[\"https:\\\/\\\/biblia.md\\\/shop\\\/pe-urmele-lui-nehustan-o-poveste-de-foarte-demult\\\/\"]}]},{\"@type\":\"ImageObject\",\"inLanguage\":\"en-US\",\"@id\":\"https:\\\/\\\/biblia.md\\\/shop\\\/pe-urmele-lui-nehustan-o-poveste-de-foarte-demult\\\/#primaryimage\",\"url\":\"https:\\\/\\\/biblia.md\\\/wp-content\\\/uploads\\\/2026\\\/01\\\/58087c0d-9c7f-418e-9c56-8ced50d07d79.png\",\"contentUrl\":\"https:\\\/\\\/biblia.md\\\/wp-content\\\/uploads\\\/2026\\\/01\\\/58087c0d-9c7f-418e-9c56-8ced50d07d79.png\",\"width\":1024,\"height\":1536},{\"@type\":\"BreadcrumbList\",\"@id\":\"https:\\\/\\\/biblia.md\\\/shop\\\/pe-urmele-lui-nehustan-o-poveste-de-foarte-demult\\\/#breadcrumb\",\"itemListElement\":[{\"@type\":\"ListItem\",\"position\":1,\"name\":\"Prima pagin\u0103\",\"item\":\"https:\\\/\\\/biblia.md\\\/\"},{\"@type\":\"ListItem\",\"position\":2,\"name\":\"Shop\",\"item\":\"https:\\\/\\\/biblia.md\\\/shop\\\/\"},{\"@type\":\"ListItem\",\"position\":3,\"name\":\"Pe urmele lui Nehustan &#8211; O poveste de (foarte) demult\"}]},{\"@type\":\"WebSite\",\"@id\":\"https:\\\/\\\/biblia.md\\\/#website\",\"url\":\"https:\\\/\\\/biblia.md\\\/\",\"name\":\"Societatea Biblic\u0103 din Moldova\",\"description\":\"\",\"publisher\":{\"@id\":\"https:\\\/\\\/biblia.md\\\/#organization\"},\"potentialAction\":[{\"@type\":\"SearchAction\",\"target\":{\"@type\":\"EntryPoint\",\"urlTemplate\":\"https:\\\/\\\/biblia.md\\\/?s={search_term_string}\"},\"query-input\":{\"@type\":\"PropertyValueSpecification\",\"valueRequired\":true,\"valueName\":\"search_term_string\"}}],\"inLanguage\":\"en-US\"},{\"@type\":\"Organization\",\"@id\":\"https:\\\/\\\/biblia.md\\\/#organization\",\"name\":\"Societatea Biblic\u0103 din Moldova\",\"url\":\"https:\\\/\\\/biblia.md\\\/\",\"logo\":{\"@type\":\"ImageObject\",\"inLanguage\":\"en-US\",\"@id\":\"https:\\\/\\\/biblia.md\\\/#\\\/schema\\\/logo\\\/image\\\/\",\"url\":\"https:\\\/\\\/biblia.md\\\/wp-content\\\/uploads\\\/2026\\\/01\\\/icon_site.jpg\",\"contentUrl\":\"https:\\\/\\\/biblia.md\\\/wp-content\\\/uploads\\\/2026\\\/01\\\/icon_site.jpg\",\"width\":656,\"height\":656,\"caption\":\"Societatea Biblic\u0103 din Moldova\"},\"image\":{\"@id\":\"https:\\\/\\\/biblia.md\\\/#\\\/schema\\\/logo\\\/image\\\/\"},\"sameAs\":[\"https:\\\/\\\/www.facebook.com\\\/SocietateaBiblicaMoldova\\\/\",\"https:\\\/\\\/www.instagram.com\\\/biblia.md\\\/\"]}]}<\/script>\n<!-- \/ Yoast SEO plugin. -->","yoast_head_json":{"title":"Pe urmele lui Nehustan - O poveste de (foarte) demult - Societatea Biblic\u0103 din Moldova","robots":{"index":"index","follow":"follow","max-snippet":"max-snippet:-1","max-image-preview":"max-image-preview:large","max-video-preview":"max-video-preview:-1"},"canonical":"https:\/\/biblia.md\/en\/shop\/pe-urmele-lui-nehustan-o-poveste-de-foarte-demult\/","og_locale":"en_US","og_type":"article","og_title":"Pe urmele lui Nehustan - O poveste de (foarte) demult - Societatea Biblic\u0103 din Moldova","og_description":"Romanul\u00a0Pe urmele lui Nehu\u015ftan\u00a0este o fantezie istoric\u0103. Ea descrie via\u0163a unor familii din ludeea \u00een perioada celor dou\u0103 \u00eentoarceri din exilul babilonian \u015fi are un sf\u00e2r\u015fit nea\u015fteptat.  Unii dintre urma\u015fii celor \u00eentor\u015fi s-au c\u0103s\u0103torit cu femei din r\u00e2ndul popoarelor p\u0103g\u00e2ne vecine. In mod \u00eent\u00e2mpl\u0103tor, se afl\u0103 c\u0103 s-ar fi preg\u0103tit un decret prin care aceste \u00eencuscriri s\u0103 fie anulate, femeile s\u0103 fie izgonite \u00eempreun\u0103 cu copiii lor, iar cei care s-ar opune s\u0103 fie \u015fter\u015fi din cartea poporului \u015fi deposeda\u0163i de toate bunurile lor. Unii dintre cei viza\u0163i g\u0103sesc o conjunctur\u0103 favorabil\u0103 prin care izbutesc s\u0103 plece din \u0163ar\u0103 \u00eempreun\u0103 cu familia \u015fi averea lor \u015fi ajung pe un t\u0103r\u00e2m imaginar \u00eendep\u0103rtat, la nord de Istru, \u00een lumea hiperboreenilor.  At\u00e2t personajele, c\u00e2t \u015fi \u00eent\u00e2mpl\u0103rile din via\u0163a lor sunt imaginare. Fondul povestirii preia elemente din scrieri biblice, privite \u00eentr-o interpretare original\u0103; evenimentele \u015fi eroii sunt o fic\u021biune brodat\u0103 pe realitatea istorica a acelei epoci.","og_url":"https:\/\/biblia.md\/en\/shop\/pe-urmele-lui-nehustan-o-poveste-de-foarte-demult\/","og_site_name":"Societatea Biblic\u0103 din Moldova","article_publisher":"https:\/\/www.facebook.com\/SocietateaBiblicaMoldova\/","article_modified_time":"2026-02-27T07:13:28+00:00","og_image":[{"width":550,"height":775,"url":"https:\/\/biblia.md\/wp-content\/uploads\/2026\/02\/0000002502.jpg","type":"image\/jpeg"}],"twitter_card":"summary_large_image","twitter_misc":{"Est. reading time":"1 minute"},"schema":{"@context":"https:\/\/schema.org","@graph":[{"@type":"WebPage","@id":"https:\/\/biblia.md\/shop\/pe-urmele-lui-nehustan-o-poveste-de-foarte-demult\/","url":"https:\/\/biblia.md\/shop\/pe-urmele-lui-nehustan-o-poveste-de-foarte-demult\/","name":"Pe urmele lui Nehustan - O poveste de (foarte) demult - Societatea Biblic\u0103 din Moldova","isPartOf":{"@id":"https:\/\/biblia.md\/#website"},"primaryImageOfPage":{"@id":"https:\/\/biblia.md\/shop\/pe-urmele-lui-nehustan-o-poveste-de-foarte-demult\/#primaryimage"},"image":{"@id":"https:\/\/biblia.md\/shop\/pe-urmele-lui-nehustan-o-poveste-de-foarte-demult\/#primaryimage"},"thumbnailUrl":"https:\/\/biblia.md\/wp-content\/uploads\/2026\/01\/58087c0d-9c7f-418e-9c56-8ced50d07d79.png","datePublished":"2026-01-01T07:00:43+00:00","dateModified":"2026-02-27T07:13:28+00:00","breadcrumb":{"@id":"https:\/\/biblia.md\/shop\/pe-urmele-lui-nehustan-o-poveste-de-foarte-demult\/#breadcrumb"},"inLanguage":"en-US","potentialAction":[{"@type":"ReadAction","target":["https:\/\/biblia.md\/shop\/pe-urmele-lui-nehustan-o-poveste-de-foarte-demult\/"]}]},{"@type":"ImageObject","inLanguage":"en-US","@id":"https:\/\/biblia.md\/shop\/pe-urmele-lui-nehustan-o-poveste-de-foarte-demult\/#primaryimage","url":"https:\/\/biblia.md\/wp-content\/uploads\/2026\/01\/58087c0d-9c7f-418e-9c56-8ced50d07d79.png","contentUrl":"https:\/\/biblia.md\/wp-content\/uploads\/2026\/01\/58087c0d-9c7f-418e-9c56-8ced50d07d79.png","width":1024,"height":1536},{"@type":"BreadcrumbList","@id":"https:\/\/biblia.md\/shop\/pe-urmele-lui-nehustan-o-poveste-de-foarte-demult\/#breadcrumb","itemListElement":[{"@type":"ListItem","position":1,"name":"Prima pagin\u0103","item":"https:\/\/biblia.md\/"},{"@type":"ListItem","position":2,"name":"Shop","item":"https:\/\/biblia.md\/shop\/"},{"@type":"ListItem","position":3,"name":"Pe urmele lui Nehustan &#8211; O poveste de (foarte) demult"}]},{"@type":"WebSite","@id":"https:\/\/biblia.md\/#website","url":"https:\/\/biblia.md\/","name":"Societatea Biblic\u0103 din Moldova","description":"","publisher":{"@id":"https:\/\/biblia.md\/#organization"},"potentialAction":[{"@type":"SearchAction","target":{"@type":"EntryPoint","urlTemplate":"https:\/\/biblia.md\/?s={search_term_string}"},"query-input":{"@type":"PropertyValueSpecification","valueRequired":true,"valueName":"search_term_string"}}],"inLanguage":"en-US"},{"@type":"Organization","@id":"https:\/\/biblia.md\/#organization","name":"Societatea Biblic\u0103 din Moldova","url":"https:\/\/biblia.md\/","logo":{"@type":"ImageObject","inLanguage":"en-US","@id":"https:\/\/biblia.md\/#\/schema\/logo\/image\/","url":"https:\/\/biblia.md\/wp-content\/uploads\/2026\/01\/icon_site.jpg","contentUrl":"https:\/\/biblia.md\/wp-content\/uploads\/2026\/01\/icon_site.jpg","width":656,"height":656,"caption":"Societatea Biblic\u0103 din Moldova"},"image":{"@id":"https:\/\/biblia.md\/#\/schema\/logo\/image\/"},"sameAs":["https:\/\/www.facebook.com\/SocietateaBiblicaMoldova\/","https:\/\/www.instagram.com\/biblia.md\/"]}]}},"_links":{"self":[{"href":"https:\/\/biblia.md\/en\/wp-json\/wp\/v2\/product\/35518","targetHints":{"allow":["GET"]}}],"collection":[{"href":"https:\/\/biblia.md\/en\/wp-json\/wp\/v2\/product"}],"about":[{"href":"https:\/\/biblia.md\/en\/wp-json\/wp\/v2\/types\/product"}],"replies":[{"embeddable":true,"href":"https:\/\/biblia.md\/en\/wp-json\/wp\/v2\/comments?post=35518"}],"version-history":[{"count":1,"href":"https:\/\/biblia.md\/en\/wp-json\/wp\/v2\/product\/35518\/revisions"}],"predecessor-version":[{"id":35521,"href":"https:\/\/biblia.md\/en\/wp-json\/wp\/v2\/product\/35518\/revisions\/35521"}],"wp:featuredmedia":[{"embeddable":true,"href":"https:\/\/biblia.md\/en\/wp-json\/wp\/v2\/media\/35522"}],"wp:attachment":[{"href":"https:\/\/biblia.md\/en\/wp-json\/wp\/v2\/media?parent=35518"}],"wp:term":[{"taxonomy":"product_brand","embeddable":true,"href":"https:\/\/biblia.md\/en\/wp-json\/wp\/v2\/product_brand?post=35518"},{"taxonomy":"product_cat","embeddable":true,"href":"https:\/\/biblia.md\/en\/wp-json\/wp\/v2\/product_cat?post=35518"},{"taxonomy":"product_tag","embeddable":true,"href":"https:\/\/biblia.md\/en\/wp-json\/wp\/v2\/product_tag?post=35518"}],"curies":[{"name":"wp","href":"https:\/\/api.w.org\/{rel}","templated":true}]}}