{"id":35677,"date":"2026-03-02T16:34:41","date_gmt":"2026-03-02T14:34:41","guid":{"rendered":"https:\/\/biblia.md\/?post_type=product&#038;p=35677"},"modified":"2026-03-02T16:34:41","modified_gmt":"2026-03-02T14:34:41","slug":"predici-recente","status":"publish","type":"product","link":"https:\/\/biblia.md\/en\/shop\/predici-recente\/","title":{"rendered":"Predici recente"},"content":{"rendered":"","protected":false},"excerpt":{"rendered":"<p>\u0218tiu c\u0103 la materialele de acest gen nu este necesar\u0103 o introducere. Cei care v\u0103 uita\u021bi peste ele nu sunte\u021bi interesa\u021bi de introduceri, ci de con\u021binut. \u0218tiu \u0219i c\u0103 nu le citi\u021bi. Pentru voi sunt importante ideile, nu cuvintele \u00een sine. Aceasta \u00eenseamn\u0103 c\u0103 v\u0103 uita\u021bi la pagin\u0103 mai mult \u00een diagonal\u0103&#8230; Acestea fiind spuse, nu \u00eemi voi irosi timpul cu ceea ce nu are rost. Dac\u0103 totu\u0219i unii, pe motivul c\u0103 sunt pu\u021bine, ve\u021bi citi \u0219i g\u00e2ndurile acestea, v\u0103 rog frumos s\u0103 folosi\u021bi \u0219i acest material tot sub inspira\u021bia \u0219i c\u0103l\u0103uzirea Duhului Sf\u00e2nt. Numai El v\u0103 poate ajuta s\u0103 lua\u021bi ceva sec de aici \u0219i s\u0103 \u00eel transmite\u021bi cu via\u021b\u0103 ascult\u0103torilor vo\u0219tri. Slujim o audien\u021b\u0103 special\u0103, dar mai ales un Dumnezeu unic. S\u0103 transmitem mesajul \u00een a\u0219a fel ca oamenii s\u0103 fie ajuta\u021bi \u0219i Dumnezeu onorat. (Viorel Iuga)<\/p>","protected":false},"featured_media":35678,"comment_status":"open","ping_status":"closed","template":"","meta":[],"product_brand":[],"product_cat":[377,394],"product_tag":[],"class_list":{"0":"post-35677","1":"product","2":"type-product","3":"status-publish","4":"has-post-thumbnail","6":"product_cat-carti","7":"product_cat-predici","8":"product_author-viorel-iuga","9":"product_genre-knigi-rom","11":"first","12":"instock","13":"shipping-taxable","14":"purchasable","15":"product-type-simple"},"yoast_head":"<!-- This site is optimized with the Yoast SEO plugin v27.3 - https:\/\/yoast.com\/product\/yoast-seo-wordpress\/ -->\n<title>Predici recente - Societatea Biblic\u0103 din Moldova<\/title>\n<meta name=\"robots\" content=\"index, follow, max-snippet:-1, max-image-preview:large, max-video-preview:-1\" \/>\n<link rel=\"canonical\" href=\"https:\/\/biblia.md\/en\/shop\/predici-recente\/\" \/>\n<meta property=\"og:locale\" content=\"en_US\" \/>\n<meta property=\"og:type\" content=\"article\" \/>\n<meta property=\"og:title\" content=\"Predici recente - Societatea Biblic\u0103 din Moldova\" \/>\n<meta property=\"og:description\" content=\"\u0218tiu c\u0103 la materialele de acest gen nu este necesar\u0103 o introducere. Cei care v\u0103 uita\u021bi peste ele nu sunte\u021bi interesa\u021bi de introduceri, ci de con\u021binut. \u0218tiu \u0219i c\u0103 nu le citi\u021bi. Pentru voi sunt importante ideile, nu cuvintele \u00een sine. Aceasta \u00eenseamn\u0103 c\u0103 v\u0103 uita\u021bi la pagin\u0103 mai mult \u00een diagonal\u0103... Acestea fiind spuse, nu \u00eemi voi irosi timpul cu ceea ce nu are rost. Dac\u0103 totu\u0219i unii, pe motivul c\u0103 sunt pu\u021bine, ve\u021bi citi \u0219i g\u00e2ndurile acestea, v\u0103 rog frumos s\u0103 folosi\u021bi \u0219i acest material tot sub inspira\u021bia \u0219i c\u0103l\u0103uzirea Duhului Sf\u00e2nt. Numai El v\u0103 poate ajuta s\u0103 lua\u021bi ceva sec de aici \u0219i s\u0103 \u00eel transmite\u021bi cu via\u021b\u0103 ascult\u0103torilor vo\u0219tri. Slujim o audien\u021b\u0103 special\u0103, dar mai ales un Dumnezeu unic. S\u0103 transmitem mesajul \u00een a\u0219a fel ca oamenii s\u0103 fie ajuta\u021bi \u0219i Dumnezeu onorat. (Viorel Iuga)\" \/>\n<meta property=\"og:url\" content=\"https:\/\/biblia.md\/en\/shop\/predici-recente\/\" \/>\n<meta property=\"og:site_name\" content=\"Societatea Biblic\u0103 din Moldova\" \/>\n<meta property=\"article:publisher\" content=\"https:\/\/www.facebook.com\/SocietateaBiblicaMoldova\/\" \/>\n<meta property=\"og:image\" content=\"https:\/\/biblia.md\/wp-content\/uploads\/2026\/03\/0000001377.jpg\" \/>\n\t<meta property=\"og:image:width\" content=\"650\" \/>\n\t<meta property=\"og:image:height\" content=\"896\" \/>\n\t<meta property=\"og:image:type\" content=\"image\/jpeg\" \/>\n<meta name=\"twitter:card\" content=\"summary_large_image\" \/>\n<meta name=\"twitter:label1\" content=\"Est. reading time\" \/>\n\t<meta name=\"twitter:data1\" content=\"1 minute\" \/>\n<script type=\"application\/ld+json\" class=\"yoast-schema-graph\">{\"@context\":\"https:\\\/\\\/schema.org\",\"@graph\":[{\"@type\":\"WebPage\",\"@id\":\"https:\\\/\\\/biblia.md\\\/shop\\\/predici-recente\\\/\",\"url\":\"https:\\\/\\\/biblia.md\\\/shop\\\/predici-recente\\\/\",\"name\":\"Predici recente - Societatea Biblic\u0103 din Moldova\",\"isPartOf\":{\"@id\":\"https:\\\/\\\/biblia.md\\\/#website\"},\"primaryImageOfPage\":{\"@id\":\"https:\\\/\\\/biblia.md\\\/shop\\\/predici-recente\\\/#primaryimage\"},\"image\":{\"@id\":\"https:\\\/\\\/biblia.md\\\/shop\\\/predici-recente\\\/#primaryimage\"},\"thumbnailUrl\":\"https:\\\/\\\/biblia.md\\\/wp-content\\\/uploads\\\/2026\\\/03\\\/0000001377.jpg\",\"datePublished\":\"2026-03-02T14:34:41+00:00\",\"breadcrumb\":{\"@id\":\"https:\\\/\\\/biblia.md\\\/shop\\\/predici-recente\\\/#breadcrumb\"},\"inLanguage\":\"en-US\",\"potentialAction\":[{\"@type\":\"ReadAction\",\"target\":[\"https:\\\/\\\/biblia.md\\\/shop\\\/predici-recente\\\/\"]}]},{\"@type\":\"ImageObject\",\"inLanguage\":\"en-US\",\"@id\":\"https:\\\/\\\/biblia.md\\\/shop\\\/predici-recente\\\/#primaryimage\",\"url\":\"https:\\\/\\\/biblia.md\\\/wp-content\\\/uploads\\\/2026\\\/03\\\/0000001377.jpg\",\"contentUrl\":\"https:\\\/\\\/biblia.md\\\/wp-content\\\/uploads\\\/2026\\\/03\\\/0000001377.jpg\",\"width\":650,\"height\":896},{\"@type\":\"BreadcrumbList\",\"@id\":\"https:\\\/\\\/biblia.md\\\/shop\\\/predici-recente\\\/#breadcrumb\",\"itemListElement\":[{\"@type\":\"ListItem\",\"position\":1,\"name\":\"Prima pagin\u0103\",\"item\":\"https:\\\/\\\/biblia.md\\\/\"},{\"@type\":\"ListItem\",\"position\":2,\"name\":\"Shop\",\"item\":\"https:\\\/\\\/biblia.md\\\/shop\\\/\"},{\"@type\":\"ListItem\",\"position\":3,\"name\":\"Predici recente\"}]},{\"@type\":\"WebSite\",\"@id\":\"https:\\\/\\\/biblia.md\\\/#website\",\"url\":\"https:\\\/\\\/biblia.md\\\/\",\"name\":\"Societatea Biblic\u0103 din Moldova\",\"description\":\"\",\"publisher\":{\"@id\":\"https:\\\/\\\/biblia.md\\\/#organization\"},\"potentialAction\":[{\"@type\":\"SearchAction\",\"target\":{\"@type\":\"EntryPoint\",\"urlTemplate\":\"https:\\\/\\\/biblia.md\\\/?s={search_term_string}\"},\"query-input\":{\"@type\":\"PropertyValueSpecification\",\"valueRequired\":true,\"valueName\":\"search_term_string\"}}],\"inLanguage\":\"en-US\"},{\"@type\":\"Organization\",\"@id\":\"https:\\\/\\\/biblia.md\\\/#organization\",\"name\":\"Societatea Biblic\u0103 din Moldova\",\"url\":\"https:\\\/\\\/biblia.md\\\/\",\"logo\":{\"@type\":\"ImageObject\",\"inLanguage\":\"en-US\",\"@id\":\"https:\\\/\\\/biblia.md\\\/#\\\/schema\\\/logo\\\/image\\\/\",\"url\":\"https:\\\/\\\/biblia.md\\\/wp-content\\\/uploads\\\/2026\\\/01\\\/icon_site.jpg\",\"contentUrl\":\"https:\\\/\\\/biblia.md\\\/wp-content\\\/uploads\\\/2026\\\/01\\\/icon_site.jpg\",\"width\":656,\"height\":656,\"caption\":\"Societatea Biblic\u0103 din Moldova\"},\"image\":{\"@id\":\"https:\\\/\\\/biblia.md\\\/#\\\/schema\\\/logo\\\/image\\\/\"},\"sameAs\":[\"https:\\\/\\\/www.facebook.com\\\/SocietateaBiblicaMoldova\\\/\",\"https:\\\/\\\/www.instagram.com\\\/biblia.md\\\/\"]}]}<\/script>\n<!-- \/ Yoast SEO plugin. -->","yoast_head_json":{"title":"Predici recente - Societatea Biblic\u0103 din Moldova","robots":{"index":"index","follow":"follow","max-snippet":"max-snippet:-1","max-image-preview":"max-image-preview:large","max-video-preview":"max-video-preview:-1"},"canonical":"https:\/\/biblia.md\/en\/shop\/predici-recente\/","og_locale":"en_US","og_type":"article","og_title":"Predici recente - Societatea Biblic\u0103 din Moldova","og_description":"\u0218tiu c\u0103 la materialele de acest gen nu este necesar\u0103 o introducere. Cei care v\u0103 uita\u021bi peste ele nu sunte\u021bi interesa\u021bi de introduceri, ci de con\u021binut. \u0218tiu \u0219i c\u0103 nu le citi\u021bi. Pentru voi sunt importante ideile, nu cuvintele \u00een sine. Aceasta \u00eenseamn\u0103 c\u0103 v\u0103 uita\u021bi la pagin\u0103 mai mult \u00een diagonal\u0103... Acestea fiind spuse, nu \u00eemi voi irosi timpul cu ceea ce nu are rost. Dac\u0103 totu\u0219i unii, pe motivul c\u0103 sunt pu\u021bine, ve\u021bi citi \u0219i g\u00e2ndurile acestea, v\u0103 rog frumos s\u0103 folosi\u021bi \u0219i acest material tot sub inspira\u021bia \u0219i c\u0103l\u0103uzirea Duhului Sf\u00e2nt. Numai El v\u0103 poate ajuta s\u0103 lua\u021bi ceva sec de aici \u0219i s\u0103 \u00eel transmite\u021bi cu via\u021b\u0103 ascult\u0103torilor vo\u0219tri. Slujim o audien\u021b\u0103 special\u0103, dar mai ales un Dumnezeu unic. S\u0103 transmitem mesajul \u00een a\u0219a fel ca oamenii s\u0103 fie ajuta\u021bi \u0219i Dumnezeu onorat. (Viorel Iuga)","og_url":"https:\/\/biblia.md\/en\/shop\/predici-recente\/","og_site_name":"Societatea Biblic\u0103 din Moldova","article_publisher":"https:\/\/www.facebook.com\/SocietateaBiblicaMoldova\/","og_image":[{"width":650,"height":896,"url":"https:\/\/biblia.md\/wp-content\/uploads\/2026\/03\/0000001377.jpg","type":"image\/jpeg"}],"twitter_card":"summary_large_image","twitter_misc":{"Est. reading time":"1 minute"},"schema":{"@context":"https:\/\/schema.org","@graph":[{"@type":"WebPage","@id":"https:\/\/biblia.md\/shop\/predici-recente\/","url":"https:\/\/biblia.md\/shop\/predici-recente\/","name":"Predici recente - Societatea Biblic\u0103 din Moldova","isPartOf":{"@id":"https:\/\/biblia.md\/#website"},"primaryImageOfPage":{"@id":"https:\/\/biblia.md\/shop\/predici-recente\/#primaryimage"},"image":{"@id":"https:\/\/biblia.md\/shop\/predici-recente\/#primaryimage"},"thumbnailUrl":"https:\/\/biblia.md\/wp-content\/uploads\/2026\/03\/0000001377.jpg","datePublished":"2026-03-02T14:34:41+00:00","breadcrumb":{"@id":"https:\/\/biblia.md\/shop\/predici-recente\/#breadcrumb"},"inLanguage":"en-US","potentialAction":[{"@type":"ReadAction","target":["https:\/\/biblia.md\/shop\/predici-recente\/"]}]},{"@type":"ImageObject","inLanguage":"en-US","@id":"https:\/\/biblia.md\/shop\/predici-recente\/#primaryimage","url":"https:\/\/biblia.md\/wp-content\/uploads\/2026\/03\/0000001377.jpg","contentUrl":"https:\/\/biblia.md\/wp-content\/uploads\/2026\/03\/0000001377.jpg","width":650,"height":896},{"@type":"BreadcrumbList","@id":"https:\/\/biblia.md\/shop\/predici-recente\/#breadcrumb","itemListElement":[{"@type":"ListItem","position":1,"name":"Prima pagin\u0103","item":"https:\/\/biblia.md\/"},{"@type":"ListItem","position":2,"name":"Shop","item":"https:\/\/biblia.md\/shop\/"},{"@type":"ListItem","position":3,"name":"Predici recente"}]},{"@type":"WebSite","@id":"https:\/\/biblia.md\/#website","url":"https:\/\/biblia.md\/","name":"Societatea Biblic\u0103 din Moldova","description":"","publisher":{"@id":"https:\/\/biblia.md\/#organization"},"potentialAction":[{"@type":"SearchAction","target":{"@type":"EntryPoint","urlTemplate":"https:\/\/biblia.md\/?s={search_term_string}"},"query-input":{"@type":"PropertyValueSpecification","valueRequired":true,"valueName":"search_term_string"}}],"inLanguage":"en-US"},{"@type":"Organization","@id":"https:\/\/biblia.md\/#organization","name":"Societatea Biblic\u0103 din Moldova","url":"https:\/\/biblia.md\/","logo":{"@type":"ImageObject","inLanguage":"en-US","@id":"https:\/\/biblia.md\/#\/schema\/logo\/image\/","url":"https:\/\/biblia.md\/wp-content\/uploads\/2026\/01\/icon_site.jpg","contentUrl":"https:\/\/biblia.md\/wp-content\/uploads\/2026\/01\/icon_site.jpg","width":656,"height":656,"caption":"Societatea Biblic\u0103 din Moldova"},"image":{"@id":"https:\/\/biblia.md\/#\/schema\/logo\/image\/"},"sameAs":["https:\/\/www.facebook.com\/SocietateaBiblicaMoldova\/","https:\/\/www.instagram.com\/biblia.md\/"]}]}},"_links":{"self":[{"href":"https:\/\/biblia.md\/en\/wp-json\/wp\/v2\/product\/35677","targetHints":{"allow":["GET"]}}],"collection":[{"href":"https:\/\/biblia.md\/en\/wp-json\/wp\/v2\/product"}],"about":[{"href":"https:\/\/biblia.md\/en\/wp-json\/wp\/v2\/types\/product"}],"replies":[{"embeddable":true,"href":"https:\/\/biblia.md\/en\/wp-json\/wp\/v2\/comments?post=35677"}],"version-history":[{"count":1,"href":"https:\/\/biblia.md\/en\/wp-json\/wp\/v2\/product\/35677\/revisions"}],"predecessor-version":[{"id":35679,"href":"https:\/\/biblia.md\/en\/wp-json\/wp\/v2\/product\/35677\/revisions\/35679"}],"wp:featuredmedia":[{"embeddable":true,"href":"https:\/\/biblia.md\/en\/wp-json\/wp\/v2\/media\/35678"}],"wp:attachment":[{"href":"https:\/\/biblia.md\/en\/wp-json\/wp\/v2\/media?parent=35677"}],"wp:term":[{"taxonomy":"product_brand","embeddable":true,"href":"https:\/\/biblia.md\/en\/wp-json\/wp\/v2\/product_brand?post=35677"},{"taxonomy":"product_cat","embeddable":true,"href":"https:\/\/biblia.md\/en\/wp-json\/wp\/v2\/product_cat?post=35677"},{"taxonomy":"product_tag","embeddable":true,"href":"https:\/\/biblia.md\/en\/wp-json\/wp\/v2\/product_tag?post=35677"}],"curies":[{"name":"wp","href":"https:\/\/api.w.org\/{rel}","templated":true}]}}