{"id":35746,"date":"2026-03-03T09:43:16","date_gmt":"2026-03-03T07:43:16","guid":{"rendered":"https:\/\/biblia.md\/?post_type=product&#038;p=35746"},"modified":"2026-03-03T13:20:49","modified_gmt":"2026-03-03T11:20:49","slug":"prietenie-spirituala","status":"publish","type":"product","link":"https:\/\/biblia.md\/en\/shop\/prietenie-spirituala\/","title":{"rendered":"Prietenie spiritual\u0103"},"content":{"rendered":"","protected":false},"excerpt":{"rendered":"<p>Prietenie \u015fi \u00eendrumare, apropiere \u015fi pedagogie, discre\u0163ie \u015fi transparen\u0163\u0103, dar mai ales punerea lor \u00eempreun\u0103. Drumul spre cel\u0103lalt, prin Cel\u0103lalt. O invita\u0163ie la reconsiderare de sine. Iat\u0103 subiectul acestei c\u0103r\u0163i!<br \/>\n&#8211; Ghi\u0163\u0103 Mocan, Biserica Filadelfia, Oradea<\/p>\n<p>Dumnezeu a devenit om pentru ca noi s\u0103 putem deveni oameni. Aceasta e spiritualitatea lui Isus care a scandalizat odinioar\u0103 \u015fi continu\u0103 s\u0103 ne scandalizeze \u015fi azi. Nu exist\u0103 nicio zon\u0103 de neutralitate spiritual\u0103 \u00een toat\u0103 existen\u0163a noastr\u0103. Spiritualitatea \u00eenglobeaz\u0103 fiecare detaliu al vie\u0163ii cotidiene. Iar, pentru un asemenea proiect, ai nevoie de o perspectiv\u0103 corect\u0103, de repere, de resurse, de orientare \u015fi mai ales de oameni care s\u0103 fie l\u00e2ng\u0103 tine \u015fi s\u0103 te poat\u0103 ghida sau mentora.\u00a0<em>Prietenie spiritual\u0103<\/em>\u00a0este despre toate astea. Dar func\u0163ioneaz\u0103 totodat\u0103 ca o hart\u0103 \u015fi ca un manual de care ai absolut\u0103 nevoie \u00eentr-o asemenea c\u0103l\u0103torie. Cartea lui Benner dezgroap\u0103 arta pierdut\u0103 a \u00eenso\u0163irii \u015fi \u00eendrum\u0103rii spirituale.<br \/>\n&#8211; Teofil Cotr\u0103u, Biserica VIA, Cluj-Napoca<\/p>\n<p>\u00censo\u0163irea \u00een pelerinajul form\u0103rii spirituale (numit\u0103 anam cara, \u00een spiritualitatea celtic\u0103) este \u00een egal\u0103 m\u0103sur\u0103 o disciplin\u0103 \u015fi o art\u0103, acum pe nedrept uitat\u0103, \u00een centrul ei st\u0103 ideea de prietenie, o virtute \u015fi o practic\u0103 existen\u0163ial\u0103, profund pre\u0163uit\u0103 de cei din vechime, dar devalorizat\u0103 la maximum \u00een vremurile pragmatice pe care le tr\u0103im.<br \/>\nAcum aproape 40 de ani, c\u00e2nd, ascun\u015fi de ochii Securit\u0103\u0163ii \u00eentr-o poian\u0103 din Apuseni, \u00eel ascultam fascina\u0163i pe David Benner, reputat psiholog \u015fi maestru spiritual, cu greu \u00eemi puteam imagina c\u0103 va veni o vreme c\u00e2nd vom putea pune \u00een m\u00e2inile cititorilor una dintre cele mai pre\u0163ioase c\u0103r\u0163i ale Iui. Bucura\u0163i-v\u0103 de comoara ascuns\u0103 \u00een ea! \u015ei sper c\u0103 \u00eei vor urma \u015fi altele.<br \/>\n&#8211; D\u0103nu\u0163 M\u0103n\u0103stireanu, IOCS Cambridge<\/p>","protected":false},"featured_media":35793,"comment_status":"open","ping_status":"closed","template":"","meta":[],"product_brand":[],"product_cat":[377,395,388],"product_tag":[],"class_list":{"0":"post-35746","1":"product","2":"type-product","3":"status-publish","4":"has-post-thumbnail","6":"product_cat-carti","7":"product_cat-pentru-slujitori","8":"product_cat-viata-crestina","9":"product_author-david-g-benner","10":"product_genre-knigi-rom","12":"first","13":"instock","14":"shipping-taxable","15":"purchasable","16":"product-type-simple"},"yoast_head":"<!-- This site is optimized with the Yoast SEO plugin v27.3 - https:\/\/yoast.com\/product\/yoast-seo-wordpress\/ -->\n<title>Prietenie spiritual\u0103 - Societatea Biblic\u0103 din Moldova<\/title>\n<meta name=\"robots\" content=\"index, follow, max-snippet:-1, max-image-preview:large, max-video-preview:-1\" \/>\n<link rel=\"canonical\" href=\"https:\/\/biblia.md\/en\/shop\/prietenie-spirituala\/\" \/>\n<meta property=\"og:locale\" content=\"en_US\" \/>\n<meta property=\"og:type\" content=\"article\" \/>\n<meta property=\"og:title\" content=\"Prietenie spiritual\u0103 - Societatea Biblic\u0103 din Moldova\" \/>\n<meta property=\"og:description\" content=\"Prietenie \u015fi \u00eendrumare, apropiere \u015fi pedagogie, discre\u0163ie \u015fi transparen\u0163\u0103, dar mai ales punerea lor \u00eempreun\u0103. Drumul spre cel\u0103lalt, prin Cel\u0103lalt. O invita\u0163ie la reconsiderare de sine. Iat\u0103 subiectul acestei c\u0103r\u0163i! - Ghi\u0163\u0103 Mocan, Biserica Filadelfia, Oradea  Dumnezeu a devenit om pentru ca noi s\u0103 putem deveni oameni. Aceasta e spiritualitatea lui Isus care a scandalizat odinioar\u0103 \u015fi continu\u0103 s\u0103 ne scandalizeze \u015fi azi. Nu exist\u0103 nicio zon\u0103 de neutralitate spiritual\u0103 \u00een toat\u0103 existen\u0163a noastr\u0103. Spiritualitatea \u00eenglobeaz\u0103 fiecare detaliu al vie\u0163ii cotidiene. Iar, pentru un asemenea proiect, ai nevoie de o perspectiv\u0103 corect\u0103, de repere, de resurse, de orientare \u015fi mai ales de oameni care s\u0103 fie l\u00e2ng\u0103 tine \u015fi s\u0103 te poat\u0103 ghida sau mentora.\u00a0Prietenie spiritual\u0103\u00a0este despre toate astea. Dar func\u0163ioneaz\u0103 totodat\u0103 ca o hart\u0103 \u015fi ca un manual de care ai absolut\u0103 nevoie \u00eentr-o asemenea c\u0103l\u0103torie. Cartea lui Benner dezgroap\u0103 arta pierdut\u0103 a \u00eenso\u0163irii \u015fi \u00eendrum\u0103rii spirituale. - Teofil Cotr\u0103u, Biserica VIA, Cluj-Napoca  \u00censo\u0163irea \u00een pelerinajul form\u0103rii spirituale (numit\u0103 anam cara, \u00een spiritualitatea celtic\u0103) este \u00een egal\u0103 m\u0103sur\u0103 o disciplin\u0103 \u015fi o art\u0103, acum pe nedrept uitat\u0103, \u00een centrul ei st\u0103 ideea de prietenie, o virtute \u015fi o practic\u0103 existen\u0163ial\u0103, profund pre\u0163uit\u0103 de cei din vechime, dar devalorizat\u0103 la maximum \u00een vremurile pragmatice pe care le tr\u0103im. Acum aproape 40 de ani, c\u00e2nd, ascun\u015fi de ochii Securit\u0103\u0163ii \u00eentr-o poian\u0103 din Apuseni, \u00eel ascultam fascina\u0163i pe David Benner, reputat psiholog \u015fi maestru spiritual, cu greu \u00eemi puteam imagina c\u0103 va veni o vreme c\u00e2nd vom putea pune \u00een m\u00e2inile cititorilor una dintre cele mai pre\u0163ioase c\u0103r\u0163i ale Iui. Bucura\u0163i-v\u0103 de comoara ascuns\u0103 \u00een ea! \u015ei sper c\u0103 \u00eei vor urma \u015fi altele. - D\u0103nu\u0163 M\u0103n\u0103stireanu, IOCS Cambridge\" \/>\n<meta property=\"og:url\" content=\"https:\/\/biblia.md\/en\/shop\/prietenie-spirituala\/\" \/>\n<meta property=\"og:site_name\" content=\"Societatea Biblic\u0103 din Moldova\" \/>\n<meta property=\"article:publisher\" content=\"https:\/\/www.facebook.com\/SocietateaBiblicaMoldova\/\" \/>\n<meta property=\"article:modified_time\" content=\"2026-03-03T11:20:49+00:00\" \/>\n<meta property=\"og:image\" content=\"https:\/\/biblia.md\/wp-content\/uploads\/2026\/03\/0000008391.jpg\" \/>\n\t<meta property=\"og:image:width\" content=\"600\" \/>\n\t<meta property=\"og:image:height\" content=\"900\" \/>\n\t<meta property=\"og:image:type\" content=\"image\/jpeg\" \/>\n<meta name=\"twitter:card\" content=\"summary_large_image\" \/>\n<meta name=\"twitter:label1\" content=\"Est. reading time\" \/>\n\t<meta name=\"twitter:data1\" content=\"1 minute\" \/>\n<script type=\"application\/ld+json\" class=\"yoast-schema-graph\">{\"@context\":\"https:\\\/\\\/schema.org\",\"@graph\":[{\"@type\":\"WebPage\",\"@id\":\"https:\\\/\\\/biblia.md\\\/shop\\\/prietenie-spirituala\\\/\",\"url\":\"https:\\\/\\\/biblia.md\\\/shop\\\/prietenie-spirituala\\\/\",\"name\":\"Prietenie spiritual\u0103 - Societatea Biblic\u0103 din Moldova\",\"isPartOf\":{\"@id\":\"https:\\\/\\\/biblia.md\\\/#website\"},\"primaryImageOfPage\":{\"@id\":\"https:\\\/\\\/biblia.md\\\/shop\\\/prietenie-spirituala\\\/#primaryimage\"},\"image\":{\"@id\":\"https:\\\/\\\/biblia.md\\\/shop\\\/prietenie-spirituala\\\/#primaryimage\"},\"thumbnailUrl\":\"https:\\\/\\\/biblia.md\\\/wp-content\\\/uploads\\\/2026\\\/03\\\/6859b3e1-705e-4591-aab5-43b2b628d753.png\",\"datePublished\":\"2026-03-03T07:43:16+00:00\",\"dateModified\":\"2026-03-03T11:20:49+00:00\",\"breadcrumb\":{\"@id\":\"https:\\\/\\\/biblia.md\\\/shop\\\/prietenie-spirituala\\\/#breadcrumb\"},\"inLanguage\":\"en-US\",\"potentialAction\":[{\"@type\":\"ReadAction\",\"target\":[\"https:\\\/\\\/biblia.md\\\/shop\\\/prietenie-spirituala\\\/\"]}]},{\"@type\":\"ImageObject\",\"inLanguage\":\"en-US\",\"@id\":\"https:\\\/\\\/biblia.md\\\/shop\\\/prietenie-spirituala\\\/#primaryimage\",\"url\":\"https:\\\/\\\/biblia.md\\\/wp-content\\\/uploads\\\/2026\\\/03\\\/6859b3e1-705e-4591-aab5-43b2b628d753.png\",\"contentUrl\":\"https:\\\/\\\/biblia.md\\\/wp-content\\\/uploads\\\/2026\\\/03\\\/6859b3e1-705e-4591-aab5-43b2b628d753.png\",\"width\":1024,\"height\":1536},{\"@type\":\"BreadcrumbList\",\"@id\":\"https:\\\/\\\/biblia.md\\\/shop\\\/prietenie-spirituala\\\/#breadcrumb\",\"itemListElement\":[{\"@type\":\"ListItem\",\"position\":1,\"name\":\"Prima pagin\u0103\",\"item\":\"https:\\\/\\\/biblia.md\\\/\"},{\"@type\":\"ListItem\",\"position\":2,\"name\":\"Shop\",\"item\":\"https:\\\/\\\/biblia.md\\\/shop\\\/\"},{\"@type\":\"ListItem\",\"position\":3,\"name\":\"Prietenie spiritual\u0103\"}]},{\"@type\":\"WebSite\",\"@id\":\"https:\\\/\\\/biblia.md\\\/#website\",\"url\":\"https:\\\/\\\/biblia.md\\\/\",\"name\":\"Societatea Biblic\u0103 din Moldova\",\"description\":\"\",\"publisher\":{\"@id\":\"https:\\\/\\\/biblia.md\\\/#organization\"},\"potentialAction\":[{\"@type\":\"SearchAction\",\"target\":{\"@type\":\"EntryPoint\",\"urlTemplate\":\"https:\\\/\\\/biblia.md\\\/?s={search_term_string}\"},\"query-input\":{\"@type\":\"PropertyValueSpecification\",\"valueRequired\":true,\"valueName\":\"search_term_string\"}}],\"inLanguage\":\"en-US\"},{\"@type\":\"Organization\",\"@id\":\"https:\\\/\\\/biblia.md\\\/#organization\",\"name\":\"Societatea Biblic\u0103 din Moldova\",\"url\":\"https:\\\/\\\/biblia.md\\\/\",\"logo\":{\"@type\":\"ImageObject\",\"inLanguage\":\"en-US\",\"@id\":\"https:\\\/\\\/biblia.md\\\/#\\\/schema\\\/logo\\\/image\\\/\",\"url\":\"https:\\\/\\\/biblia.md\\\/wp-content\\\/uploads\\\/2026\\\/01\\\/icon_site.jpg\",\"contentUrl\":\"https:\\\/\\\/biblia.md\\\/wp-content\\\/uploads\\\/2026\\\/01\\\/icon_site.jpg\",\"width\":656,\"height\":656,\"caption\":\"Societatea Biblic\u0103 din Moldova\"},\"image\":{\"@id\":\"https:\\\/\\\/biblia.md\\\/#\\\/schema\\\/logo\\\/image\\\/\"},\"sameAs\":[\"https:\\\/\\\/www.facebook.com\\\/SocietateaBiblicaMoldova\\\/\",\"https:\\\/\\\/www.instagram.com\\\/biblia.md\\\/\"]}]}<\/script>\n<!-- \/ Yoast SEO plugin. -->","yoast_head_json":{"title":"Prietenie spiritual\u0103 - Societatea Biblic\u0103 din Moldova","robots":{"index":"index","follow":"follow","max-snippet":"max-snippet:-1","max-image-preview":"max-image-preview:large","max-video-preview":"max-video-preview:-1"},"canonical":"https:\/\/biblia.md\/en\/shop\/prietenie-spirituala\/","og_locale":"en_US","og_type":"article","og_title":"Prietenie spiritual\u0103 - Societatea Biblic\u0103 din Moldova","og_description":"Prietenie \u015fi \u00eendrumare, apropiere \u015fi pedagogie, discre\u0163ie \u015fi transparen\u0163\u0103, dar mai ales punerea lor \u00eempreun\u0103. Drumul spre cel\u0103lalt, prin Cel\u0103lalt. O invita\u0163ie la reconsiderare de sine. Iat\u0103 subiectul acestei c\u0103r\u0163i! - Ghi\u0163\u0103 Mocan, Biserica Filadelfia, Oradea  Dumnezeu a devenit om pentru ca noi s\u0103 putem deveni oameni. Aceasta e spiritualitatea lui Isus care a scandalizat odinioar\u0103 \u015fi continu\u0103 s\u0103 ne scandalizeze \u015fi azi. Nu exist\u0103 nicio zon\u0103 de neutralitate spiritual\u0103 \u00een toat\u0103 existen\u0163a noastr\u0103. Spiritualitatea \u00eenglobeaz\u0103 fiecare detaliu al vie\u0163ii cotidiene. Iar, pentru un asemenea proiect, ai nevoie de o perspectiv\u0103 corect\u0103, de repere, de resurse, de orientare \u015fi mai ales de oameni care s\u0103 fie l\u00e2ng\u0103 tine \u015fi s\u0103 te poat\u0103 ghida sau mentora.\u00a0Prietenie spiritual\u0103\u00a0este despre toate astea. Dar func\u0163ioneaz\u0103 totodat\u0103 ca o hart\u0103 \u015fi ca un manual de care ai absolut\u0103 nevoie \u00eentr-o asemenea c\u0103l\u0103torie. Cartea lui Benner dezgroap\u0103 arta pierdut\u0103 a \u00eenso\u0163irii \u015fi \u00eendrum\u0103rii spirituale. - Teofil Cotr\u0103u, Biserica VIA, Cluj-Napoca  \u00censo\u0163irea \u00een pelerinajul form\u0103rii spirituale (numit\u0103 anam cara, \u00een spiritualitatea celtic\u0103) este \u00een egal\u0103 m\u0103sur\u0103 o disciplin\u0103 \u015fi o art\u0103, acum pe nedrept uitat\u0103, \u00een centrul ei st\u0103 ideea de prietenie, o virtute \u015fi o practic\u0103 existen\u0163ial\u0103, profund pre\u0163uit\u0103 de cei din vechime, dar devalorizat\u0103 la maximum \u00een vremurile pragmatice pe care le tr\u0103im. Acum aproape 40 de ani, c\u00e2nd, ascun\u015fi de ochii Securit\u0103\u0163ii \u00eentr-o poian\u0103 din Apuseni, \u00eel ascultam fascina\u0163i pe David Benner, reputat psiholog \u015fi maestru spiritual, cu greu \u00eemi puteam imagina c\u0103 va veni o vreme c\u00e2nd vom putea pune \u00een m\u00e2inile cititorilor una dintre cele mai pre\u0163ioase c\u0103r\u0163i ale Iui. Bucura\u0163i-v\u0103 de comoara ascuns\u0103 \u00een ea! \u015ei sper c\u0103 \u00eei vor urma \u015fi altele. - D\u0103nu\u0163 M\u0103n\u0103stireanu, IOCS Cambridge","og_url":"https:\/\/biblia.md\/en\/shop\/prietenie-spirituala\/","og_site_name":"Societatea Biblic\u0103 din Moldova","article_publisher":"https:\/\/www.facebook.com\/SocietateaBiblicaMoldova\/","article_modified_time":"2026-03-03T11:20:49+00:00","og_image":[{"width":600,"height":900,"url":"https:\/\/biblia.md\/wp-content\/uploads\/2026\/03\/0000008391.jpg","type":"image\/jpeg"}],"twitter_card":"summary_large_image","twitter_misc":{"Est. reading time":"1 minute"},"schema":{"@context":"https:\/\/schema.org","@graph":[{"@type":"WebPage","@id":"https:\/\/biblia.md\/shop\/prietenie-spirituala\/","url":"https:\/\/biblia.md\/shop\/prietenie-spirituala\/","name":"Prietenie spiritual\u0103 - Societatea Biblic\u0103 din Moldova","isPartOf":{"@id":"https:\/\/biblia.md\/#website"},"primaryImageOfPage":{"@id":"https:\/\/biblia.md\/shop\/prietenie-spirituala\/#primaryimage"},"image":{"@id":"https:\/\/biblia.md\/shop\/prietenie-spirituala\/#primaryimage"},"thumbnailUrl":"https:\/\/biblia.md\/wp-content\/uploads\/2026\/03\/6859b3e1-705e-4591-aab5-43b2b628d753.png","datePublished":"2026-03-03T07:43:16+00:00","dateModified":"2026-03-03T11:20:49+00:00","breadcrumb":{"@id":"https:\/\/biblia.md\/shop\/prietenie-spirituala\/#breadcrumb"},"inLanguage":"en-US","potentialAction":[{"@type":"ReadAction","target":["https:\/\/biblia.md\/shop\/prietenie-spirituala\/"]}]},{"@type":"ImageObject","inLanguage":"en-US","@id":"https:\/\/biblia.md\/shop\/prietenie-spirituala\/#primaryimage","url":"https:\/\/biblia.md\/wp-content\/uploads\/2026\/03\/6859b3e1-705e-4591-aab5-43b2b628d753.png","contentUrl":"https:\/\/biblia.md\/wp-content\/uploads\/2026\/03\/6859b3e1-705e-4591-aab5-43b2b628d753.png","width":1024,"height":1536},{"@type":"BreadcrumbList","@id":"https:\/\/biblia.md\/shop\/prietenie-spirituala\/#breadcrumb","itemListElement":[{"@type":"ListItem","position":1,"name":"Prima pagin\u0103","item":"https:\/\/biblia.md\/"},{"@type":"ListItem","position":2,"name":"Shop","item":"https:\/\/biblia.md\/shop\/"},{"@type":"ListItem","position":3,"name":"Prietenie spiritual\u0103"}]},{"@type":"WebSite","@id":"https:\/\/biblia.md\/#website","url":"https:\/\/biblia.md\/","name":"Societatea Biblic\u0103 din Moldova","description":"","publisher":{"@id":"https:\/\/biblia.md\/#organization"},"potentialAction":[{"@type":"SearchAction","target":{"@type":"EntryPoint","urlTemplate":"https:\/\/biblia.md\/?s={search_term_string}"},"query-input":{"@type":"PropertyValueSpecification","valueRequired":true,"valueName":"search_term_string"}}],"inLanguage":"en-US"},{"@type":"Organization","@id":"https:\/\/biblia.md\/#organization","name":"Societatea Biblic\u0103 din Moldova","url":"https:\/\/biblia.md\/","logo":{"@type":"ImageObject","inLanguage":"en-US","@id":"https:\/\/biblia.md\/#\/schema\/logo\/image\/","url":"https:\/\/biblia.md\/wp-content\/uploads\/2026\/01\/icon_site.jpg","contentUrl":"https:\/\/biblia.md\/wp-content\/uploads\/2026\/01\/icon_site.jpg","width":656,"height":656,"caption":"Societatea Biblic\u0103 din Moldova"},"image":{"@id":"https:\/\/biblia.md\/#\/schema\/logo\/image\/"},"sameAs":["https:\/\/www.facebook.com\/SocietateaBiblicaMoldova\/","https:\/\/www.instagram.com\/biblia.md\/"]}]}},"_links":{"self":[{"href":"https:\/\/biblia.md\/en\/wp-json\/wp\/v2\/product\/35746","targetHints":{"allow":["GET"]}}],"collection":[{"href":"https:\/\/biblia.md\/en\/wp-json\/wp\/v2\/product"}],"about":[{"href":"https:\/\/biblia.md\/en\/wp-json\/wp\/v2\/types\/product"}],"replies":[{"embeddable":true,"href":"https:\/\/biblia.md\/en\/wp-json\/wp\/v2\/comments?post=35746"}],"version-history":[{"count":1,"href":"https:\/\/biblia.md\/en\/wp-json\/wp\/v2\/product\/35746\/revisions"}],"predecessor-version":[{"id":35748,"href":"https:\/\/biblia.md\/en\/wp-json\/wp\/v2\/product\/35746\/revisions\/35748"}],"wp:featuredmedia":[{"embeddable":true,"href":"https:\/\/biblia.md\/en\/wp-json\/wp\/v2\/media\/35793"}],"wp:attachment":[{"href":"https:\/\/biblia.md\/en\/wp-json\/wp\/v2\/media?parent=35746"}],"wp:term":[{"taxonomy":"product_brand","embeddable":true,"href":"https:\/\/biblia.md\/en\/wp-json\/wp\/v2\/product_brand?post=35746"},{"taxonomy":"product_cat","embeddable":true,"href":"https:\/\/biblia.md\/en\/wp-json\/wp\/v2\/product_cat?post=35746"},{"taxonomy":"product_tag","embeddable":true,"href":"https:\/\/biblia.md\/en\/wp-json\/wp\/v2\/product_tag?post=35746"}],"curies":[{"name":"wp","href":"https:\/\/api.w.org\/{rel}","templated":true}]}}