{"id":36057,"date":"2026-03-06T08:20:56","date_gmt":"2026-03-06T06:20:56","guid":{"rendered":"https:\/\/biblia.md\/?post_type=product&#038;p=36057"},"modified":"2026-03-06T08:20:56","modified_gmt":"2026-03-06T06:20:56","slug":"recastiga-teritoriul-cedat","status":"publish","type":"product","link":"https:\/\/biblia.md\/en\/shop\/recastiga-teritoriul-cedat\/","title":{"rendered":"Recastiga teritoriul cedat"},"content":{"rendered":"<p><strong>Jim Logan<\/strong>\u00a0(BA, Biola University; studii postuniversitare la Talbot School of Theology) a fost consilier la Biblical Restoration Ministries, Inc. A fost pastor vreme de peste dou\u0103zeci de ani \u0219i a predat la mai multe universit\u0103\u021bi cre\u0219tine.<\/p>\n<p><strong>Cuprins<\/strong><\/p>\n<p>Indexul pa\u0219ilor pentru ocuparea \u201epozi\u021biilor de pe \u00een\u0103l\u021bime\u201c<br \/>\nCuv\u00e2nt \u00eenainte<br \/>\nIntroducere<\/p>\n<p>PARTEA I: CON\u0218TIENTIZAREA B\u0102T\u0102LIEI<br \/>\n1. Lupta \u0219i biruin\u021ba<br \/>\n2. A ceda \u0219i a c\u00e2\u0219tiga teritoriu spiritual<\/p>\n<p>PARTEA a II-a: CEDAREA TERITORIULUI, REC\u00c2\u0218TIGAREA TERITORIULUI<br \/>\n3. B\u00e2jb\u00e2ind prin \u00eentuneric<br \/>\n4. Privirea \u00eenapoi: lipsa iert\u0103rii \u0219i am\u0103r\u0103ciunea<br \/>\n5. Este \u00eentotdeauna bine s\u0103 \u00eendrep\u021bi lucrurile<br \/>\n6. Ce e at\u00e2t de \u00eengrozitor la m\u00e2ndrie?<br \/>\n7. Ruperea c\u0103tu\u0219elor robiei sexuale<br \/>\n8. Familii sub atac<br \/>\n9. Protec\u021bia unui so\u021b \u0219i tat\u0103<br \/>\n10. Frumuse\u021bea neperitoare a unei so\u021bii \u0219i mame<br \/>\n11. \u0218i copiii se pot \u00eempotrivi lui Satan<\/p>\n<p>PARTEA a III-a: R\u0102M\u00c2I LIBER<br \/>\n12. Cine c\u00e2\u0219tig\u0103 \u0219i cine pierde aici?<br \/>\n13. \u00cenva\u021b\u0103 s\u0103 tr\u0103ie\u0219ti ca un \u00eenving\u0103tor<br \/>\n14. Cum s\u0103 te echipezi pentru lupt\u0103<br \/>\n15. B\u0103t\u0103lia se d\u0103 \u00een mintea ta<\/p>","protected":false},"excerpt":{"rendered":"<p><strong>Pu\u021bine sunt familiile con\u0219tiente de atacurile lui Satan. \u0218i chiar \u0219i mai pu\u021bine \u0219tiu cum s\u0103 fac\u0103 fa\u021b\u0103 acestor atacuri. Familia ta este preg\u0103tit\u0103?<\/strong><\/p>\n<p>Jim Logan era de p\u0103rere c\u0103 ideea de r\u0103zboi spiritual este ceva exagerat. Asta p\u00e2n\u0103 c\u00e2nd a \u00een\u021beles c\u00e2t de real este acest r\u0103zboi, \u0219i mai ales c\u00e2t de real este el \u00een via\u021ba familiei.<\/p>\n<p>Motivat de aceast\u0103 descoperire, timp de zece ani a citit peste 400 de c\u0103r\u021bi despre r\u0103zboiul spiritual \u0219i a consiliat sute de familii aflate sub atac satanic, ajung\u00e2nd expert \u00een r\u0103zboiul spiritual.<\/p>\n<p><em>Rec\u00e2\u0219tig\u0103 teritoriul cedat<\/em>\u00a0reprezint\u0103 rezultatul acelor ani de studiu \u0219i lucrare, \u0219i con\u021bine principiile pe care le-a aplicat \u00een mod constant \u00een consilierea familiilor. Logan te va ajuta \u0219i \u00ee\u021bi va ajuta familia:<\/p>\n<ul>\n<li>s\u0103 fi\u021bi \u00een alert\u0103 cu privire la vr\u0103jma\u0219 \u0219i tacticile lui<\/li>\n<li>s\u0103 v\u0103 cunoa\u0219te\u021bi punctele vulnerabile<\/li>\n<li>s\u0103 tr\u0103i\u021bi liberi \u00een biruin\u021ba lui Hristos<\/li>\n<\/ul>\n<p>Nu-l l\u0103sa pe vr\u0103jma\u0219 s\u0103 c\u00e2\u0219tige teritoriu \u00een familia ta. Cite\u0219te\u00a0<em>Rec\u00e2\u0219tig\u0103 teritoriul cedat<\/em>\u00a0\u0219i echipeaz\u0103-te pentru lupt\u0103.<\/p>","protected":false},"featured_media":36058,"comment_status":"open","ping_status":"closed","template":"","meta":[],"product_brand":[],"product_cat":[377,397],"product_tag":[],"class_list":{"0":"post-36057","1":"product","2":"type-product","3":"status-publish","4":"has-post-thumbnail","6":"product_cat-carti","7":"product_cat-casatorie-familie","8":"product_author-jim-logan","9":"product_genre-knigi-rom","11":"first","12":"outofstock","13":"shipping-taxable","14":"purchasable","15":"product-type-simple"},"yoast_head":"<!-- This site is optimized with the Yoast SEO plugin v27.3 - https:\/\/yoast.com\/product\/yoast-seo-wordpress\/ -->\n<title>Recastiga teritoriul cedat - Societatea Biblic\u0103 din Moldova<\/title>\n<meta name=\"robots\" content=\"index, follow, max-snippet:-1, max-image-preview:large, max-video-preview:-1\" \/>\n<link rel=\"canonical\" href=\"https:\/\/biblia.md\/en\/shop\/recastiga-teritoriul-cedat\/\" \/>\n<meta property=\"og:locale\" content=\"en_US\" \/>\n<meta property=\"og:type\" content=\"article\" \/>\n<meta property=\"og:title\" content=\"Recastiga teritoriul cedat - Societatea Biblic\u0103 din Moldova\" \/>\n<meta property=\"og:description\" content=\"Pu\u021bine sunt familiile con\u0219tiente de atacurile lui Satan. \u0218i chiar \u0219i mai pu\u021bine \u0219tiu cum s\u0103 fac\u0103 fa\u021b\u0103 acestor atacuri. Familia ta este preg\u0103tit\u0103?  Jim Logan era de p\u0103rere c\u0103 ideea de r\u0103zboi spiritual este ceva exagerat. Asta p\u00e2n\u0103 c\u00e2nd a \u00een\u021beles c\u00e2t de real este acest r\u0103zboi, \u0219i mai ales c\u00e2t de real este el \u00een via\u021ba familiei.  Motivat de aceast\u0103 descoperire, timp de zece ani a citit peste 400 de c\u0103r\u021bi despre r\u0103zboiul spiritual \u0219i a consiliat sute de familii aflate sub atac satanic, ajung\u00e2nd expert \u00een r\u0103zboiul spiritual.  Rec\u00e2\u0219tig\u0103 teritoriul cedat\u00a0reprezint\u0103 rezultatul acelor ani de studiu \u0219i lucrare, \u0219i con\u021bine principiile pe care le-a aplicat \u00een mod constant \u00een consilierea familiilor. Logan te va ajuta \u0219i \u00ee\u021bi va ajuta familia:   s\u0103 fi\u021bi \u00een alert\u0103 cu privire la vr\u0103jma\u0219 \u0219i tacticile lui  s\u0103 v\u0103 cunoa\u0219te\u021bi punctele vulnerabile  s\u0103 tr\u0103i\u021bi liberi \u00een biruin\u021ba lui Hristos  Nu-l l\u0103sa pe vr\u0103jma\u0219 s\u0103 c\u00e2\u0219tige teritoriu \u00een familia ta. Cite\u0219te\u00a0Rec\u00e2\u0219tig\u0103 teritoriul cedat\u00a0\u0219i echipeaz\u0103-te pentru lupt\u0103.\" \/>\n<meta property=\"og:url\" content=\"https:\/\/biblia.md\/en\/shop\/recastiga-teritoriul-cedat\/\" \/>\n<meta property=\"og:site_name\" content=\"Societatea Biblic\u0103 din Moldova\" \/>\n<meta property=\"article:publisher\" content=\"https:\/\/www.facebook.com\/SocietateaBiblicaMoldova\/\" \/>\n<meta property=\"og:image\" content=\"https:\/\/biblia.md\/wp-content\/uploads\/2026\/03\/0000008333.jpg\" \/>\n\t<meta property=\"og:image:width\" content=\"496\" \/>\n\t<meta property=\"og:image:height\" content=\"700\" \/>\n\t<meta property=\"og:image:type\" content=\"image\/jpeg\" \/>\n<meta name=\"twitter:card\" content=\"summary_large_image\" \/>\n<meta name=\"twitter:label1\" content=\"Est. reading time\" \/>\n\t<meta name=\"twitter:data1\" content=\"2 minutes\" \/>\n<script type=\"application\/ld+json\" class=\"yoast-schema-graph\">{\"@context\":\"https:\\\/\\\/schema.org\",\"@graph\":[{\"@type\":\"WebPage\",\"@id\":\"https:\\\/\\\/biblia.md\\\/shop\\\/recastiga-teritoriul-cedat\\\/\",\"url\":\"https:\\\/\\\/biblia.md\\\/shop\\\/recastiga-teritoriul-cedat\\\/\",\"name\":\"Recastiga teritoriul cedat - Societatea Biblic\u0103 din Moldova\",\"isPartOf\":{\"@id\":\"https:\\\/\\\/biblia.md\\\/#website\"},\"primaryImageOfPage\":{\"@id\":\"https:\\\/\\\/biblia.md\\\/shop\\\/recastiga-teritoriul-cedat\\\/#primaryimage\"},\"image\":{\"@id\":\"https:\\\/\\\/biblia.md\\\/shop\\\/recastiga-teritoriul-cedat\\\/#primaryimage\"},\"thumbnailUrl\":\"https:\\\/\\\/biblia.md\\\/wp-content\\\/uploads\\\/2026\\\/03\\\/0000008333.jpg\",\"datePublished\":\"2026-03-06T06:20:56+00:00\",\"breadcrumb\":{\"@id\":\"https:\\\/\\\/biblia.md\\\/shop\\\/recastiga-teritoriul-cedat\\\/#breadcrumb\"},\"inLanguage\":\"en-US\",\"potentialAction\":[{\"@type\":\"ReadAction\",\"target\":[\"https:\\\/\\\/biblia.md\\\/shop\\\/recastiga-teritoriul-cedat\\\/\"]}]},{\"@type\":\"ImageObject\",\"inLanguage\":\"en-US\",\"@id\":\"https:\\\/\\\/biblia.md\\\/shop\\\/recastiga-teritoriul-cedat\\\/#primaryimage\",\"url\":\"https:\\\/\\\/biblia.md\\\/wp-content\\\/uploads\\\/2026\\\/03\\\/0000008333.jpg\",\"contentUrl\":\"https:\\\/\\\/biblia.md\\\/wp-content\\\/uploads\\\/2026\\\/03\\\/0000008333.jpg\",\"width\":496,\"height\":700},{\"@type\":\"BreadcrumbList\",\"@id\":\"https:\\\/\\\/biblia.md\\\/shop\\\/recastiga-teritoriul-cedat\\\/#breadcrumb\",\"itemListElement\":[{\"@type\":\"ListItem\",\"position\":1,\"name\":\"Prima pagin\u0103\",\"item\":\"https:\\\/\\\/biblia.md\\\/\"},{\"@type\":\"ListItem\",\"position\":2,\"name\":\"Shop\",\"item\":\"https:\\\/\\\/biblia.md\\\/shop\\\/\"},{\"@type\":\"ListItem\",\"position\":3,\"name\":\"Recastiga teritoriul cedat\"}]},{\"@type\":\"WebSite\",\"@id\":\"https:\\\/\\\/biblia.md\\\/#website\",\"url\":\"https:\\\/\\\/biblia.md\\\/\",\"name\":\"Societatea Biblic\u0103 din Moldova\",\"description\":\"\",\"publisher\":{\"@id\":\"https:\\\/\\\/biblia.md\\\/#organization\"},\"potentialAction\":[{\"@type\":\"SearchAction\",\"target\":{\"@type\":\"EntryPoint\",\"urlTemplate\":\"https:\\\/\\\/biblia.md\\\/?s={search_term_string}\"},\"query-input\":{\"@type\":\"PropertyValueSpecification\",\"valueRequired\":true,\"valueName\":\"search_term_string\"}}],\"inLanguage\":\"en-US\"},{\"@type\":\"Organization\",\"@id\":\"https:\\\/\\\/biblia.md\\\/#organization\",\"name\":\"Societatea Biblic\u0103 din Moldova\",\"url\":\"https:\\\/\\\/biblia.md\\\/\",\"logo\":{\"@type\":\"ImageObject\",\"inLanguage\":\"en-US\",\"@id\":\"https:\\\/\\\/biblia.md\\\/#\\\/schema\\\/logo\\\/image\\\/\",\"url\":\"https:\\\/\\\/biblia.md\\\/wp-content\\\/uploads\\\/2026\\\/01\\\/icon_site.jpg\",\"contentUrl\":\"https:\\\/\\\/biblia.md\\\/wp-content\\\/uploads\\\/2026\\\/01\\\/icon_site.jpg\",\"width\":656,\"height\":656,\"caption\":\"Societatea Biblic\u0103 din Moldova\"},\"image\":{\"@id\":\"https:\\\/\\\/biblia.md\\\/#\\\/schema\\\/logo\\\/image\\\/\"},\"sameAs\":[\"https:\\\/\\\/www.facebook.com\\\/SocietateaBiblicaMoldova\\\/\",\"https:\\\/\\\/www.instagram.com\\\/biblia.md\\\/\"]}]}<\/script>\n<!-- \/ Yoast SEO plugin. -->","yoast_head_json":{"title":"Recastiga teritoriul cedat - Societatea Biblic\u0103 din Moldova","robots":{"index":"index","follow":"follow","max-snippet":"max-snippet:-1","max-image-preview":"max-image-preview:large","max-video-preview":"max-video-preview:-1"},"canonical":"https:\/\/biblia.md\/en\/shop\/recastiga-teritoriul-cedat\/","og_locale":"en_US","og_type":"article","og_title":"Recastiga teritoriul cedat - Societatea Biblic\u0103 din Moldova","og_description":"Pu\u021bine sunt familiile con\u0219tiente de atacurile lui Satan. \u0218i chiar \u0219i mai pu\u021bine \u0219tiu cum s\u0103 fac\u0103 fa\u021b\u0103 acestor atacuri. Familia ta este preg\u0103tit\u0103?  Jim Logan era de p\u0103rere c\u0103 ideea de r\u0103zboi spiritual este ceva exagerat. Asta p\u00e2n\u0103 c\u00e2nd a \u00een\u021beles c\u00e2t de real este acest r\u0103zboi, \u0219i mai ales c\u00e2t de real este el \u00een via\u021ba familiei.  Motivat de aceast\u0103 descoperire, timp de zece ani a citit peste 400 de c\u0103r\u021bi despre r\u0103zboiul spiritual \u0219i a consiliat sute de familii aflate sub atac satanic, ajung\u00e2nd expert \u00een r\u0103zboiul spiritual.  Rec\u00e2\u0219tig\u0103 teritoriul cedat\u00a0reprezint\u0103 rezultatul acelor ani de studiu \u0219i lucrare, \u0219i con\u021bine principiile pe care le-a aplicat \u00een mod constant \u00een consilierea familiilor. Logan te va ajuta \u0219i \u00ee\u021bi va ajuta familia:   s\u0103 fi\u021bi \u00een alert\u0103 cu privire la vr\u0103jma\u0219 \u0219i tacticile lui  s\u0103 v\u0103 cunoa\u0219te\u021bi punctele vulnerabile  s\u0103 tr\u0103i\u021bi liberi \u00een biruin\u021ba lui Hristos  Nu-l l\u0103sa pe vr\u0103jma\u0219 s\u0103 c\u00e2\u0219tige teritoriu \u00een familia ta. Cite\u0219te\u00a0Rec\u00e2\u0219tig\u0103 teritoriul cedat\u00a0\u0219i echipeaz\u0103-te pentru lupt\u0103.","og_url":"https:\/\/biblia.md\/en\/shop\/recastiga-teritoriul-cedat\/","og_site_name":"Societatea Biblic\u0103 din Moldova","article_publisher":"https:\/\/www.facebook.com\/SocietateaBiblicaMoldova\/","og_image":[{"width":496,"height":700,"url":"https:\/\/biblia.md\/wp-content\/uploads\/2026\/03\/0000008333.jpg","type":"image\/jpeg"}],"twitter_card":"summary_large_image","twitter_misc":{"Est. reading time":"2 minutes"},"schema":{"@context":"https:\/\/schema.org","@graph":[{"@type":"WebPage","@id":"https:\/\/biblia.md\/shop\/recastiga-teritoriul-cedat\/","url":"https:\/\/biblia.md\/shop\/recastiga-teritoriul-cedat\/","name":"Recastiga teritoriul cedat - Societatea Biblic\u0103 din Moldova","isPartOf":{"@id":"https:\/\/biblia.md\/#website"},"primaryImageOfPage":{"@id":"https:\/\/biblia.md\/shop\/recastiga-teritoriul-cedat\/#primaryimage"},"image":{"@id":"https:\/\/biblia.md\/shop\/recastiga-teritoriul-cedat\/#primaryimage"},"thumbnailUrl":"https:\/\/biblia.md\/wp-content\/uploads\/2026\/03\/0000008333.jpg","datePublished":"2026-03-06T06:20:56+00:00","breadcrumb":{"@id":"https:\/\/biblia.md\/shop\/recastiga-teritoriul-cedat\/#breadcrumb"},"inLanguage":"en-US","potentialAction":[{"@type":"ReadAction","target":["https:\/\/biblia.md\/shop\/recastiga-teritoriul-cedat\/"]}]},{"@type":"ImageObject","inLanguage":"en-US","@id":"https:\/\/biblia.md\/shop\/recastiga-teritoriul-cedat\/#primaryimage","url":"https:\/\/biblia.md\/wp-content\/uploads\/2026\/03\/0000008333.jpg","contentUrl":"https:\/\/biblia.md\/wp-content\/uploads\/2026\/03\/0000008333.jpg","width":496,"height":700},{"@type":"BreadcrumbList","@id":"https:\/\/biblia.md\/shop\/recastiga-teritoriul-cedat\/#breadcrumb","itemListElement":[{"@type":"ListItem","position":1,"name":"Prima pagin\u0103","item":"https:\/\/biblia.md\/"},{"@type":"ListItem","position":2,"name":"Shop","item":"https:\/\/biblia.md\/shop\/"},{"@type":"ListItem","position":3,"name":"Recastiga teritoriul cedat"}]},{"@type":"WebSite","@id":"https:\/\/biblia.md\/#website","url":"https:\/\/biblia.md\/","name":"Societatea Biblic\u0103 din Moldova","description":"","publisher":{"@id":"https:\/\/biblia.md\/#organization"},"potentialAction":[{"@type":"SearchAction","target":{"@type":"EntryPoint","urlTemplate":"https:\/\/biblia.md\/?s={search_term_string}"},"query-input":{"@type":"PropertyValueSpecification","valueRequired":true,"valueName":"search_term_string"}}],"inLanguage":"en-US"},{"@type":"Organization","@id":"https:\/\/biblia.md\/#organization","name":"Societatea Biblic\u0103 din Moldova","url":"https:\/\/biblia.md\/","logo":{"@type":"ImageObject","inLanguage":"en-US","@id":"https:\/\/biblia.md\/#\/schema\/logo\/image\/","url":"https:\/\/biblia.md\/wp-content\/uploads\/2026\/01\/icon_site.jpg","contentUrl":"https:\/\/biblia.md\/wp-content\/uploads\/2026\/01\/icon_site.jpg","width":656,"height":656,"caption":"Societatea Biblic\u0103 din Moldova"},"image":{"@id":"https:\/\/biblia.md\/#\/schema\/logo\/image\/"},"sameAs":["https:\/\/www.facebook.com\/SocietateaBiblicaMoldova\/","https:\/\/www.instagram.com\/biblia.md\/"]}]}},"_links":{"self":[{"href":"https:\/\/biblia.md\/en\/wp-json\/wp\/v2\/product\/36057","targetHints":{"allow":["GET"]}}],"collection":[{"href":"https:\/\/biblia.md\/en\/wp-json\/wp\/v2\/product"}],"about":[{"href":"https:\/\/biblia.md\/en\/wp-json\/wp\/v2\/types\/product"}],"replies":[{"embeddable":true,"href":"https:\/\/biblia.md\/en\/wp-json\/wp\/v2\/comments?post=36057"}],"version-history":[{"count":1,"href":"https:\/\/biblia.md\/en\/wp-json\/wp\/v2\/product\/36057\/revisions"}],"predecessor-version":[{"id":36059,"href":"https:\/\/biblia.md\/en\/wp-json\/wp\/v2\/product\/36057\/revisions\/36059"}],"wp:featuredmedia":[{"embeddable":true,"href":"https:\/\/biblia.md\/en\/wp-json\/wp\/v2\/media\/36058"}],"wp:attachment":[{"href":"https:\/\/biblia.md\/en\/wp-json\/wp\/v2\/media?parent=36057"}],"wp:term":[{"taxonomy":"product_brand","embeddable":true,"href":"https:\/\/biblia.md\/en\/wp-json\/wp\/v2\/product_brand?post=36057"},{"taxonomy":"product_cat","embeddable":true,"href":"https:\/\/biblia.md\/en\/wp-json\/wp\/v2\/product_cat?post=36057"},{"taxonomy":"product_tag","embeddable":true,"href":"https:\/\/biblia.md\/en\/wp-json\/wp\/v2\/product_tag?post=36057"}],"curies":[{"name":"wp","href":"https:\/\/api.w.org\/{rel}","templated":true}]}}