{"id":36193,"date":"2026-03-06T16:24:19","date_gmt":"2026-03-06T14:24:19","guid":{"rendered":"https:\/\/biblia.md\/?post_type=product&#038;p=36193"},"modified":"2026-03-06T16:51:30","modified_gmt":"2026-03-06T14:51:30","slug":"rugaciunea-prietenia-care-transforma","status":"publish","type":"product","link":"https:\/\/biblia.md\/en\/shop\/rugaciunea-prietenia-care-transforma\/","title":{"rendered":"Rugaciunea &#8211; prietenia care transforma"},"content":{"rendered":"<p><strong>Cuprins<\/strong><\/p>\n<p>Partea \u00eent\u00e2i. F\u0103r\u0103 rug\u0103ciune<br \/>\nCapitolul 1. F\u0103r\u0103 rug\u0103ciune, \u00eentr-o lume ostil\u0103 13<br \/>\nCapitolul 2. \u00cen lupt\u0103 cu rug\u0103ciunea 29<br \/>\nCapitolul 3. S\u0103 dep\u0103\u0219im obstacolele din calea rug\u0103ciunii 49<br \/>\nCapitolul 4. S\u0103 intr\u0103m \u00een rug\u0103ciune 63<\/p>\n<p>Partea a II\u2011a. S\u0103 explor\u0103m teritoriul biblic<br \/>\nCapitolul 5. S\u0103 explor\u0103m rug\u0103ciunea din Vechiul Testament 87<br \/>\nCapitolul 6. S\u0103 practic\u0103m \u0219i noi rug\u0103ciunea biblic\u0103 113<br \/>\nCapitolul 7. Duhul Sf\u00e2nt, prietenul care ne transform\u0103 135<\/p>\n<p>Partea a treia. S\u0103 p\u0103trundem \u00een inima lui Dumnezeu<br \/>\nCapitolul 8. Prietenia cu Isus Hristos 163<\/p>","protected":false},"excerpt":{"rendered":"<p>\u00cen zilele noastre, c\u00e2nd se vorbe\u015fte at\u00e2t de mult despre spiritualitate, devine tot mai important s\u0103 \u015ftim ce \u00een\u0163elegem prin rug\u0103ciunea cre\u015ftin\u0103. Rug\u0103ciunea cre\u015ftin\u0103 este rug\u0103ciunea adresat\u0103 Tat\u0103lui, prin Fiul, de c\u0103tre Duhul Sf\u00e2nt. Capitolele centrale ale c\u0103r\u0163ii se ocup\u0103 de ceea ce credem c\u0103 este rug\u0103ciunea.<br \/>\nDumnezeu este dragoste. Aelred de Rievaulx, un scriitor medieval, a interpretat aceasta ca \u00eensemn\u00e2nd \u201eDumnezeu este prietenie&#8221;. Rug\u0103ciunile noastre sunt un r\u0103spuns la prietenia \u015fi dragostea lui Dumnezeu. lat\u0103 de ce \u00een aceast\u0103 carte am f\u0103cut o paralel\u0103 \u00eentre prietenie \u015fi rug\u0103ciune.<\/p>\n<p>Noi suntem transforma\u0163i prin rug\u0103ciune. Soren Kierkegaard a spus: &#8222;Rug\u0103ciunea nu \u00eel schimb\u0103 pe Dumnezeu, dar \u00eel transform\u0103 pe cel ce se roag\u0103.&#8221;<br \/>\nNoi nu ne rug\u0103m pentru a-L informa pe Dumnezeu, ci ne rug\u0103m \u201efac\u0103-se voia Ta\u201c pentru ca, \u00een compania lui Dumnezeu, \u00eentreaga noastr\u0103 fiin\u0163\u0103 va \u00eencepe s\u0103 fie modelat\u0103 de via\u0163a \u015fi de duhul rug\u0103ciunii.<\/p>","protected":false},"featured_media":36207,"comment_status":"open","ping_status":"closed","template":"","meta":[],"product_brand":[],"product_cat":[377,386],"product_tag":[],"class_list":{"0":"post-36193","1":"product","2":"type-product","3":"status-publish","4":"has-post-thumbnail","6":"product_cat-carti","7":"product_cat-rugaciune","8":"product_author-james-houston","9":"product_genre-knigi-rom","11":"first","12":"instock","13":"shipping-taxable","14":"purchasable","15":"product-type-simple"},"yoast_head":"<!-- This site is optimized with the Yoast SEO plugin v27.3 - https:\/\/yoast.com\/product\/yoast-seo-wordpress\/ -->\n<title>Rugaciunea - prietenia care transforma - Societatea Biblic\u0103 din Moldova<\/title>\n<meta name=\"robots\" content=\"index, follow, max-snippet:-1, max-image-preview:large, max-video-preview:-1\" \/>\n<link rel=\"canonical\" href=\"https:\/\/biblia.md\/en\/shop\/rugaciunea-prietenia-care-transforma\/\" \/>\n<meta property=\"og:locale\" content=\"en_US\" \/>\n<meta property=\"og:type\" content=\"article\" \/>\n<meta property=\"og:title\" content=\"Rugaciunea - prietenia care transforma - Societatea Biblic\u0103 din Moldova\" \/>\n<meta property=\"og:description\" content=\"\u00cen zilele noastre, c\u00e2nd se vorbe\u015fte at\u00e2t de mult despre spiritualitate, devine tot mai important s\u0103 \u015ftim ce \u00een\u0163elegem prin rug\u0103ciunea cre\u015ftin\u0103. Rug\u0103ciunea cre\u015ftin\u0103 este rug\u0103ciunea adresat\u0103 Tat\u0103lui, prin Fiul, de c\u0103tre Duhul Sf\u00e2nt. Capitolele centrale ale c\u0103r\u0163ii se ocup\u0103 de ceea ce credem c\u0103 este rug\u0103ciunea. Dumnezeu este dragoste. Aelred de Rievaulx, un scriitor medieval, a interpretat aceasta ca \u00eensemn\u00e2nd \u201eDumnezeu este prietenie&quot;. Rug\u0103ciunile noastre sunt un r\u0103spuns la prietenia \u015fi dragostea lui Dumnezeu. lat\u0103 de ce \u00een aceast\u0103 carte am f\u0103cut o paralel\u0103 \u00eentre prietenie \u015fi rug\u0103ciune.  Noi suntem transforma\u0163i prin rug\u0103ciune. Soren Kierkegaard a spus: &quot;Rug\u0103ciunea nu \u00eel schimb\u0103 pe Dumnezeu, dar \u00eel transform\u0103 pe cel ce se roag\u0103.&quot; Noi nu ne rug\u0103m pentru a-L informa pe Dumnezeu, ci ne rug\u0103m \u201efac\u0103-se voia Ta\u201c pentru ca, \u00een compania lui Dumnezeu, \u00eentreaga noastr\u0103 fiin\u0163\u0103 va \u00eencepe s\u0103 fie modelat\u0103 de via\u0163a \u015fi de duhul rug\u0103ciunii.\" \/>\n<meta property=\"og:url\" content=\"https:\/\/biblia.md\/en\/shop\/rugaciunea-prietenia-care-transforma\/\" \/>\n<meta property=\"og:site_name\" content=\"Societatea Biblic\u0103 din Moldova\" \/>\n<meta property=\"article:publisher\" content=\"https:\/\/www.facebook.com\/SocietateaBiblicaMoldova\/\" \/>\n<meta property=\"article:modified_time\" content=\"2026-03-06T14:51:30+00:00\" \/>\n<meta property=\"og:image\" content=\"https:\/\/biblia.md\/wp-content\/uploads\/2026\/03\/0000001761.jpg\" \/>\n\t<meta property=\"og:image:width\" content=\"600\" \/>\n\t<meta property=\"og:image:height\" content=\"900\" \/>\n\t<meta property=\"og:image:type\" content=\"image\/jpeg\" \/>\n<meta name=\"twitter:card\" content=\"summary_large_image\" \/>\n<meta name=\"twitter:label1\" content=\"Est. reading time\" \/>\n\t<meta name=\"twitter:data1\" content=\"1 minute\" \/>\n<script type=\"application\/ld+json\" class=\"yoast-schema-graph\">{\"@context\":\"https:\\\/\\\/schema.org\",\"@graph\":[{\"@type\":\"WebPage\",\"@id\":\"https:\\\/\\\/biblia.md\\\/shop\\\/rugaciunea-prietenia-care-transforma\\\/\",\"url\":\"https:\\\/\\\/biblia.md\\\/shop\\\/rugaciunea-prietenia-care-transforma\\\/\",\"name\":\"Rugaciunea - prietenia care transforma - Societatea Biblic\u0103 din Moldova\",\"isPartOf\":{\"@id\":\"https:\\\/\\\/biblia.md\\\/#website\"},\"primaryImageOfPage\":{\"@id\":\"https:\\\/\\\/biblia.md\\\/shop\\\/rugaciunea-prietenia-care-transforma\\\/#primaryimage\"},\"image\":{\"@id\":\"https:\\\/\\\/biblia.md\\\/shop\\\/rugaciunea-prietenia-care-transforma\\\/#primaryimage\"},\"thumbnailUrl\":\"https:\\\/\\\/biblia.md\\\/wp-content\\\/uploads\\\/2026\\\/03\\\/a88bc036-2825-4b84-ba14-dbaec8ca2eda.png\",\"datePublished\":\"2026-03-06T14:24:19+00:00\",\"dateModified\":\"2026-03-06T14:51:30+00:00\",\"breadcrumb\":{\"@id\":\"https:\\\/\\\/biblia.md\\\/shop\\\/rugaciunea-prietenia-care-transforma\\\/#breadcrumb\"},\"inLanguage\":\"en-US\",\"potentialAction\":[{\"@type\":\"ReadAction\",\"target\":[\"https:\\\/\\\/biblia.md\\\/shop\\\/rugaciunea-prietenia-care-transforma\\\/\"]}]},{\"@type\":\"ImageObject\",\"inLanguage\":\"en-US\",\"@id\":\"https:\\\/\\\/biblia.md\\\/shop\\\/rugaciunea-prietenia-care-transforma\\\/#primaryimage\",\"url\":\"https:\\\/\\\/biblia.md\\\/wp-content\\\/uploads\\\/2026\\\/03\\\/a88bc036-2825-4b84-ba14-dbaec8ca2eda.png\",\"contentUrl\":\"https:\\\/\\\/biblia.md\\\/wp-content\\\/uploads\\\/2026\\\/03\\\/a88bc036-2825-4b84-ba14-dbaec8ca2eda.png\",\"width\":1024,\"height\":1536},{\"@type\":\"BreadcrumbList\",\"@id\":\"https:\\\/\\\/biblia.md\\\/shop\\\/rugaciunea-prietenia-care-transforma\\\/#breadcrumb\",\"itemListElement\":[{\"@type\":\"ListItem\",\"position\":1,\"name\":\"Prima pagin\u0103\",\"item\":\"https:\\\/\\\/biblia.md\\\/\"},{\"@type\":\"ListItem\",\"position\":2,\"name\":\"Shop\",\"item\":\"https:\\\/\\\/biblia.md\\\/shop\\\/\"},{\"@type\":\"ListItem\",\"position\":3,\"name\":\"Rugaciunea &#8211; prietenia care transforma\"}]},{\"@type\":\"WebSite\",\"@id\":\"https:\\\/\\\/biblia.md\\\/#website\",\"url\":\"https:\\\/\\\/biblia.md\\\/\",\"name\":\"Societatea Biblic\u0103 din Moldova\",\"description\":\"\",\"publisher\":{\"@id\":\"https:\\\/\\\/biblia.md\\\/#organization\"},\"potentialAction\":[{\"@type\":\"SearchAction\",\"target\":{\"@type\":\"EntryPoint\",\"urlTemplate\":\"https:\\\/\\\/biblia.md\\\/?s={search_term_string}\"},\"query-input\":{\"@type\":\"PropertyValueSpecification\",\"valueRequired\":true,\"valueName\":\"search_term_string\"}}],\"inLanguage\":\"en-US\"},{\"@type\":\"Organization\",\"@id\":\"https:\\\/\\\/biblia.md\\\/#organization\",\"name\":\"Societatea Biblic\u0103 din Moldova\",\"url\":\"https:\\\/\\\/biblia.md\\\/\",\"logo\":{\"@type\":\"ImageObject\",\"inLanguage\":\"en-US\",\"@id\":\"https:\\\/\\\/biblia.md\\\/#\\\/schema\\\/logo\\\/image\\\/\",\"url\":\"https:\\\/\\\/biblia.md\\\/wp-content\\\/uploads\\\/2026\\\/01\\\/icon_site.jpg\",\"contentUrl\":\"https:\\\/\\\/biblia.md\\\/wp-content\\\/uploads\\\/2026\\\/01\\\/icon_site.jpg\",\"width\":656,\"height\":656,\"caption\":\"Societatea Biblic\u0103 din Moldova\"},\"image\":{\"@id\":\"https:\\\/\\\/biblia.md\\\/#\\\/schema\\\/logo\\\/image\\\/\"},\"sameAs\":[\"https:\\\/\\\/www.facebook.com\\\/SocietateaBiblicaMoldova\\\/\",\"https:\\\/\\\/www.instagram.com\\\/biblia.md\\\/\"]}]}<\/script>\n<!-- \/ Yoast SEO plugin. -->","yoast_head_json":{"title":"Rugaciunea - prietenia care transforma - Societatea Biblic\u0103 din Moldova","robots":{"index":"index","follow":"follow","max-snippet":"max-snippet:-1","max-image-preview":"max-image-preview:large","max-video-preview":"max-video-preview:-1"},"canonical":"https:\/\/biblia.md\/en\/shop\/rugaciunea-prietenia-care-transforma\/","og_locale":"en_US","og_type":"article","og_title":"Rugaciunea - prietenia care transforma - Societatea Biblic\u0103 din Moldova","og_description":"\u00cen zilele noastre, c\u00e2nd se vorbe\u015fte at\u00e2t de mult despre spiritualitate, devine tot mai important s\u0103 \u015ftim ce \u00een\u0163elegem prin rug\u0103ciunea cre\u015ftin\u0103. Rug\u0103ciunea cre\u015ftin\u0103 este rug\u0103ciunea adresat\u0103 Tat\u0103lui, prin Fiul, de c\u0103tre Duhul Sf\u00e2nt. Capitolele centrale ale c\u0103r\u0163ii se ocup\u0103 de ceea ce credem c\u0103 este rug\u0103ciunea. Dumnezeu este dragoste. Aelred de Rievaulx, un scriitor medieval, a interpretat aceasta ca \u00eensemn\u00e2nd \u201eDumnezeu este prietenie\". Rug\u0103ciunile noastre sunt un r\u0103spuns la prietenia \u015fi dragostea lui Dumnezeu. lat\u0103 de ce \u00een aceast\u0103 carte am f\u0103cut o paralel\u0103 \u00eentre prietenie \u015fi rug\u0103ciune.  Noi suntem transforma\u0163i prin rug\u0103ciune. Soren Kierkegaard a spus: \"Rug\u0103ciunea nu \u00eel schimb\u0103 pe Dumnezeu, dar \u00eel transform\u0103 pe cel ce se roag\u0103.\" Noi nu ne rug\u0103m pentru a-L informa pe Dumnezeu, ci ne rug\u0103m \u201efac\u0103-se voia Ta\u201c pentru ca, \u00een compania lui Dumnezeu, \u00eentreaga noastr\u0103 fiin\u0163\u0103 va \u00eencepe s\u0103 fie modelat\u0103 de via\u0163a \u015fi de duhul rug\u0103ciunii.","og_url":"https:\/\/biblia.md\/en\/shop\/rugaciunea-prietenia-care-transforma\/","og_site_name":"Societatea Biblic\u0103 din Moldova","article_publisher":"https:\/\/www.facebook.com\/SocietateaBiblicaMoldova\/","article_modified_time":"2026-03-06T14:51:30+00:00","og_image":[{"width":600,"height":900,"url":"https:\/\/biblia.md\/wp-content\/uploads\/2026\/03\/0000001761.jpg","type":"image\/jpeg"}],"twitter_card":"summary_large_image","twitter_misc":{"Est. reading time":"1 minute"},"schema":{"@context":"https:\/\/schema.org","@graph":[{"@type":"WebPage","@id":"https:\/\/biblia.md\/shop\/rugaciunea-prietenia-care-transforma\/","url":"https:\/\/biblia.md\/shop\/rugaciunea-prietenia-care-transforma\/","name":"Rugaciunea - prietenia care transforma - Societatea Biblic\u0103 din Moldova","isPartOf":{"@id":"https:\/\/biblia.md\/#website"},"primaryImageOfPage":{"@id":"https:\/\/biblia.md\/shop\/rugaciunea-prietenia-care-transforma\/#primaryimage"},"image":{"@id":"https:\/\/biblia.md\/shop\/rugaciunea-prietenia-care-transforma\/#primaryimage"},"thumbnailUrl":"https:\/\/biblia.md\/wp-content\/uploads\/2026\/03\/a88bc036-2825-4b84-ba14-dbaec8ca2eda.png","datePublished":"2026-03-06T14:24:19+00:00","dateModified":"2026-03-06T14:51:30+00:00","breadcrumb":{"@id":"https:\/\/biblia.md\/shop\/rugaciunea-prietenia-care-transforma\/#breadcrumb"},"inLanguage":"en-US","potentialAction":[{"@type":"ReadAction","target":["https:\/\/biblia.md\/shop\/rugaciunea-prietenia-care-transforma\/"]}]},{"@type":"ImageObject","inLanguage":"en-US","@id":"https:\/\/biblia.md\/shop\/rugaciunea-prietenia-care-transforma\/#primaryimage","url":"https:\/\/biblia.md\/wp-content\/uploads\/2026\/03\/a88bc036-2825-4b84-ba14-dbaec8ca2eda.png","contentUrl":"https:\/\/biblia.md\/wp-content\/uploads\/2026\/03\/a88bc036-2825-4b84-ba14-dbaec8ca2eda.png","width":1024,"height":1536},{"@type":"BreadcrumbList","@id":"https:\/\/biblia.md\/shop\/rugaciunea-prietenia-care-transforma\/#breadcrumb","itemListElement":[{"@type":"ListItem","position":1,"name":"Prima pagin\u0103","item":"https:\/\/biblia.md\/"},{"@type":"ListItem","position":2,"name":"Shop","item":"https:\/\/biblia.md\/shop\/"},{"@type":"ListItem","position":3,"name":"Rugaciunea &#8211; prietenia care transforma"}]},{"@type":"WebSite","@id":"https:\/\/biblia.md\/#website","url":"https:\/\/biblia.md\/","name":"Societatea Biblic\u0103 din Moldova","description":"","publisher":{"@id":"https:\/\/biblia.md\/#organization"},"potentialAction":[{"@type":"SearchAction","target":{"@type":"EntryPoint","urlTemplate":"https:\/\/biblia.md\/?s={search_term_string}"},"query-input":{"@type":"PropertyValueSpecification","valueRequired":true,"valueName":"search_term_string"}}],"inLanguage":"en-US"},{"@type":"Organization","@id":"https:\/\/biblia.md\/#organization","name":"Societatea Biblic\u0103 din Moldova","url":"https:\/\/biblia.md\/","logo":{"@type":"ImageObject","inLanguage":"en-US","@id":"https:\/\/biblia.md\/#\/schema\/logo\/image\/","url":"https:\/\/biblia.md\/wp-content\/uploads\/2026\/01\/icon_site.jpg","contentUrl":"https:\/\/biblia.md\/wp-content\/uploads\/2026\/01\/icon_site.jpg","width":656,"height":656,"caption":"Societatea Biblic\u0103 din Moldova"},"image":{"@id":"https:\/\/biblia.md\/#\/schema\/logo\/image\/"},"sameAs":["https:\/\/www.facebook.com\/SocietateaBiblicaMoldova\/","https:\/\/www.instagram.com\/biblia.md\/"]}]}},"_links":{"self":[{"href":"https:\/\/biblia.md\/en\/wp-json\/wp\/v2\/product\/36193","targetHints":{"allow":["GET"]}}],"collection":[{"href":"https:\/\/biblia.md\/en\/wp-json\/wp\/v2\/product"}],"about":[{"href":"https:\/\/biblia.md\/en\/wp-json\/wp\/v2\/types\/product"}],"replies":[{"embeddable":true,"href":"https:\/\/biblia.md\/en\/wp-json\/wp\/v2\/comments?post=36193"}],"version-history":[{"count":1,"href":"https:\/\/biblia.md\/en\/wp-json\/wp\/v2\/product\/36193\/revisions"}],"predecessor-version":[{"id":36196,"href":"https:\/\/biblia.md\/en\/wp-json\/wp\/v2\/product\/36193\/revisions\/36196"}],"wp:featuredmedia":[{"embeddable":true,"href":"https:\/\/biblia.md\/en\/wp-json\/wp\/v2\/media\/36207"}],"wp:attachment":[{"href":"https:\/\/biblia.md\/en\/wp-json\/wp\/v2\/media?parent=36193"}],"wp:term":[{"taxonomy":"product_brand","embeddable":true,"href":"https:\/\/biblia.md\/en\/wp-json\/wp\/v2\/product_brand?post=36193"},{"taxonomy":"product_cat","embeddable":true,"href":"https:\/\/biblia.md\/en\/wp-json\/wp\/v2\/product_cat?post=36193"},{"taxonomy":"product_tag","embeddable":true,"href":"https:\/\/biblia.md\/en\/wp-json\/wp\/v2\/product_tag?post=36193"}],"curies":[{"name":"wp","href":"https:\/\/api.w.org\/{rel}","templated":true}]}}