{"id":36197,"date":"2026-03-06T16:38:42","date_gmt":"2026-03-06T14:38:42","guid":{"rendered":"https:\/\/biblia.md\/?post_type=product&#038;p=36197"},"modified":"2026-03-09T10:47:29","modified_gmt":"2026-03-09T08:47:29","slug":"rugaciunea-traieste-uimirea-apropierii-de-dumnezeu","status":"publish","type":"product","link":"https:\/\/biblia.md\/en\/shop\/rugaciunea-traieste-uimirea-apropierii-de-dumnezeu\/","title":{"rendered":"Rugaciunea &#8211; Traieste uimirea apropierii de Dumnezeu"},"content":{"rendered":"<p><strong>Trebuie s\u0103 \u00eenv\u0103\u021b\u0103m s\u0103 ne rug\u0103m. Trebuie s\u0103 o facem!<\/strong><\/p>\n<p><strong><em>Imagineaz\u0103-\u021bi c\u0103 ai fost diagnosticat cu o afec\u021biune letal\u0103, iar medicul \u021bi-a spus c\u0103 vei muri \u00een c\u00e2teva ore dac\u0103 nu \u00ee\u021bi administrezi un anumit medicament: o pastil\u0103 pe care trebuie s\u0103 o iei \u00een fiecare sear\u0103, \u00eenainte de culcare. \u00cenchipuie-\u021bi c\u0103 \u021bi s-a spus c\u0103 trebuie s\u0103 ai grij\u0103 s\u0103 nu ratezi nici m\u0103car o pastil\u0103, altfel vei muri. Ai uita s\u0103 o iei? Te-ai putea scuza c\u0103 \u00een unele seri nu ai avut timp s-o iei? Nu. Pastila aceea ar fi at\u00e2t de important\u0103 pentru tine, \u00eenc\u00e2t nu ai uita de ea niciodat\u0103. Ei bine, dac\u0103 nu ne rug\u0103m lui Dumnezeu, nu vom reu\u0219i s\u0103 trecem cu bine prin toate \u00eencerc\u0103rile pe care le avem de \u00eenfruntat. Eu, cu siguran\u021b\u0103, nu voi reu\u0219i. \u00a0Trebuie s\u0103 ne rug\u0103m. Nu putem uita de rug\u0103ciune. &#8211; Timothy Keller<\/p>\n<p><\/em><\/strong><\/p>\n<p><strong>TIMOTHY KELLER\u00a0<\/strong>s-a n\u0103scut \u0219i a crescut \u00een Pennsylvania, iar studiile \u0219i le-a f\u0103cut la Seminarul teologic Gordon-Conwell din cadrul Universit\u0103\u021bii Bucknell, precum \u0219i la Seminarul teologic Westminster. \u00cen 1989, \u00eempreun\u0103 cu so\u021bia sa, Kathy, Timothy Keller a pus bazele Bisericii Prezbiteriene \u201eRedeemer\u201d din Manhattan, New York. Ast\u0103zi, Redeemer are aproape \u0219ase mii de membri ce particip\u0103 regulat la serviciile bisericii, un mare num\u0103r de biserici-surori \u0219i desf\u0103\u0219oar\u0103 o lucrare de plantare de biserici \u00een marile ora\u0219e ale lumii. Timothy Keller este autorul multor c\u0103r\u021bi foarte apreciate, printre care:\u00a0<em>Argument pentru Dumnezeu, Dumnezeul risipitor, Sensul c\u0103sniciei, Profetul risipitor etc.<\/em><\/p>\n<p><strong><em>CUPRINS<\/p>\n<p>INTRODUCERE<br \/>\nDe ce \u00eenc\u0103 o carte despre rug\u0103ciune?<\/p>\n<p>Partea \u00cent\u00e2i: Dore\u0219te rug\u0103ciunea<\/p>\n<p>UNU Necesitatea rug\u0103ciunii<\/p>\n<p>DOI M\u0103re\u021bia rug\u0103ciunii<\/p>\n<p>Partea a doua : \u00cen\u021belege rug\u0103ciunea<\/p>\n<p>TREI Ce este rug\u0103ciunea?<\/p>\n<p>PATRU Vorbe\u0219te cu Dumnezeu<\/p>\n<p>CINCI \u00cent\u00e2lne\u0219te-L pe Dumnezeu<\/p>\n<p>Partea a treia: \u00cenva\u021b\u0103 rug\u0103ciunea<\/p>\n<p>\u0218ASE Scrisori despre rug\u0103ciune<\/p>\n<p>\u0218APTE Reguli pentru rug\u0103ciune<\/p>\n<p>OPT Rug\u0103ciunea rug\u0103ciunilor<\/p>\n<p>NOU\u0102 Pietrele de \u00eencercare ale rug\u0103ciunii<\/p>\n<p>Partea a patra: Aprofundarea rug\u0103ciunii<\/p>\n<p>ZECE Rug\u0103ciunea ca o conversa\u021bie: Mediteaz\u0103 la Cuv\u00e2ntul S\u0103u<\/p>\n<p>UNSPREZECE Rug\u0103ciunea ca \u00eent\u00e2lnire: Caut\u0103 fa\u021ba Lui<\/p>\n<p>Partea a cincea: S\u0103 ne rug\u0103m<\/p>\n<p>DOISPREZECE Venera\u021bie: Laud\u0103 slava Lui<\/p>\n<p>TREISPREZECE Intimitate: Descoper\u0103 harul S\u0103u<\/p>\n<p>PAISPREZECE Fr\u0103m\u00e2ntare: Cere ajutorul S\u0103u<\/p>\n<p>CINCISPREZECE Practic\u0103: Rug\u0103ciunea zilnic\u0103<\/p>\n<p>Apendice: Modele pentru rug\u0103ciunea zilnic\u0103<br \/>\nMul\u021bumiri<br \/>\nBibliografie selectat\u0103 \u0219i adnotat\u0103 despre rug\u0103ciune<br \/>\nNote<br \/>\n<\/em><\/strong><\/p>","protected":false},"excerpt":{"rendered":"<p><strong><em>Rug\u0103ciunea este continuarea unei conversa\u021bii pe care Dumnezeu a \u00eenceput-o prin cuv\u00e2ntul \u0219i prin harul S\u0103u, o conversa\u021bie care devine, \u00een cele din urm\u0103, o \u00eent\u00e2lnire deplin\u0103 cu El.<\/em><\/strong><\/p>\n<p>Cre\u0219tinii \u0219tiu de a\u0219a de mult\u0103 vreme c\u0103 rug\u0103ciunea este calea prin care \u00cel pot experimenta cu adev\u0103rat pe Dumnezeu. Dar \u0219tim cu adev\u0103rat cum s\u0103 ne rug\u0103m? R\u0103spunsul sincer la aceast\u0103 \u00eentrebare ne deschide unei lumi \u00eentregi de instruc\u021biunii \u0219i \u00eendrum\u0103ri care ne pot ajuta s\u0103 facem din rug\u0103ciune acel moment unic, intim \u0219i puternic al rela\u021biei noastre cu Dumnezeu.<\/p>\n<p>Cu profunzimea \u0219i \u00een\u021belepciunea care \u00eel caracterizeaz\u0103, Keller ne poart\u0103 pe c\u0103r\u0103rile Scripturii \u0219i ale istoriei bisericii \u0219i ne ofer\u0103 \u00eendrum\u0103rile care ne conduc c\u0103tre o via\u021b\u0103 de rug\u0103ciune activ\u0103 \u0219i ad\u00e2nc\u0103. Autorul nu se sfie\u0219te s\u0103 ne pun\u0103 \u00een fa\u021b\u0103 oglinda Cuv\u00e2ntului \u0219i a practicii milenare a bisericii, c\u0103l\u0103uzindu-ne \u00eenspre practica rug\u0103ciunii de zi cu zi, dar \u0219i spre rug\u0103ciunea f\u0103cut\u0103 \u00een durere, disperare, \u00een fa\u021ba pierderii sau a iubirii, a iert\u0103rii sau a nevoilor de tot felul.<\/p>\n<p>Rug\u0103ciunea este singura cale a ajunge la o autentic\u0103 cunoa\u0219tere de sine. Ea este, de asemenea, principala metod\u0103 prin care experiment\u0103m o schimbare profund\u0103: \u00a0reordonarea iubirilor noastre. Rug\u0103ciunea este instrumentul prin care Dumnezeu ne d\u0103ruie\u0219te at\u00e2t de multe dintre lucrurile inimaginabile pe care le are pentru noi. Este modul \u00een care \u00cel cunoa\u0219tem pe Dumnezeu, modul \u00een care \u00cel recunoa\u0219tem \u00een sf\u00e2r\u0219it pe Dumnezeu ca Dumnezeu. Rug\u0103ciunea este pur \u0219i simplu cheia pentru tot ceea ce trebuie s\u0103 facem \u0219i s\u0103 fim \u00een via\u021b\u0103.<\/p>","protected":false},"featured_media":36198,"comment_status":"open","ping_status":"closed","template":"","meta":[],"product_brand":[],"product_cat":[377,386],"product_tag":[],"class_list":{"0":"post-36197","1":"product","2":"type-product","3":"status-publish","4":"has-post-thumbnail","6":"product_cat-carti","7":"product_cat-rugaciune","8":"product_author-timothy-keller","9":"product_genre-knigi-rom","11":"first","12":"outofstock","13":"shipping-taxable","14":"purchasable","15":"product-type-simple"},"yoast_head":"<!-- This site is optimized with the Yoast SEO plugin v27.3 - https:\/\/yoast.com\/product\/yoast-seo-wordpress\/ -->\n<title>Rugaciunea - Traieste uimirea apropierii de Dumnezeu - Societatea Biblic\u0103 din Moldova<\/title>\n<meta name=\"robots\" content=\"index, follow, max-snippet:-1, max-image-preview:large, max-video-preview:-1\" \/>\n<link rel=\"canonical\" href=\"https:\/\/biblia.md\/en\/shop\/rugaciunea-traieste-uimirea-apropierii-de-dumnezeu\/\" \/>\n<meta property=\"og:locale\" content=\"en_US\" \/>\n<meta property=\"og:type\" content=\"article\" \/>\n<meta property=\"og:title\" content=\"Rugaciunea - Traieste uimirea apropierii de Dumnezeu - Societatea Biblic\u0103 din Moldova\" \/>\n<meta property=\"og:description\" content=\"Rug\u0103ciunea este continuarea unei conversa\u021bii pe care Dumnezeu a \u00eenceput-o prin cuv\u00e2ntul \u0219i prin harul S\u0103u, o conversa\u021bie care devine, \u00een cele din urm\u0103, o \u00eent\u00e2lnire deplin\u0103 cu El.  Cre\u0219tinii \u0219tiu de a\u0219a de mult\u0103 vreme c\u0103 rug\u0103ciunea este calea prin care \u00cel pot experimenta cu adev\u0103rat pe Dumnezeu. Dar \u0219tim cu adev\u0103rat cum s\u0103 ne rug\u0103m? R\u0103spunsul sincer la aceast\u0103 \u00eentrebare ne deschide unei lumi \u00eentregi de instruc\u021biunii \u0219i \u00eendrum\u0103ri care ne pot ajuta s\u0103 facem din rug\u0103ciune acel moment unic, intim \u0219i puternic al rela\u021biei noastre cu Dumnezeu.  Cu profunzimea \u0219i \u00een\u021belepciunea care \u00eel caracterizeaz\u0103, Keller ne poart\u0103 pe c\u0103r\u0103rile Scripturii \u0219i ale istoriei bisericii \u0219i ne ofer\u0103 \u00eendrum\u0103rile care ne conduc c\u0103tre o via\u021b\u0103 de rug\u0103ciune activ\u0103 \u0219i ad\u00e2nc\u0103. Autorul nu se sfie\u0219te s\u0103 ne pun\u0103 \u00een fa\u021b\u0103 oglinda Cuv\u00e2ntului \u0219i a practicii milenare a bisericii, c\u0103l\u0103uzindu-ne \u00eenspre practica rug\u0103ciunii de zi cu zi, dar \u0219i spre rug\u0103ciunea f\u0103cut\u0103 \u00een durere, disperare, \u00een fa\u021ba pierderii sau a iubirii, a iert\u0103rii sau a nevoilor de tot felul.  Rug\u0103ciunea este singura cale a ajunge la o autentic\u0103 cunoa\u0219tere de sine. Ea este, de asemenea, principala metod\u0103 prin care experiment\u0103m o schimbare profund\u0103: \u00a0reordonarea iubirilor noastre. Rug\u0103ciunea este instrumentul prin care Dumnezeu ne d\u0103ruie\u0219te at\u00e2t de multe dintre lucrurile inimaginabile pe care le are pentru noi. Este modul \u00een care \u00cel cunoa\u0219tem pe Dumnezeu, modul \u00een care \u00cel recunoa\u0219tem \u00een sf\u00e2r\u0219it pe Dumnezeu ca Dumnezeu. Rug\u0103ciunea este pur \u0219i simplu cheia pentru tot ceea ce trebuie s\u0103 facem \u0219i s\u0103 fim \u00een via\u021b\u0103.\" \/>\n<meta property=\"og:url\" content=\"https:\/\/biblia.md\/en\/shop\/rugaciunea-traieste-uimirea-apropierii-de-dumnezeu\/\" \/>\n<meta property=\"og:site_name\" content=\"Societatea Biblic\u0103 din Moldova\" \/>\n<meta property=\"article:publisher\" content=\"https:\/\/www.facebook.com\/SocietateaBiblicaMoldova\/\" \/>\n<meta property=\"article:modified_time\" content=\"2026-03-09T08:47:29+00:00\" \/>\n<meta property=\"og:image\" content=\"https:\/\/biblia.md\/wp-content\/uploads\/2026\/03\/0000001763.png\" \/>\n\t<meta property=\"og:image:width\" content=\"471\" \/>\n\t<meta property=\"og:image:height\" content=\"700\" \/>\n\t<meta property=\"og:image:type\" content=\"image\/png\" \/>\n<meta name=\"twitter:card\" content=\"summary_large_image\" \/>\n<meta name=\"twitter:label1\" content=\"Est. reading time\" \/>\n\t<meta name=\"twitter:data1\" content=\"3 minutes\" \/>\n<script type=\"application\/ld+json\" class=\"yoast-schema-graph\">{\"@context\":\"https:\\\/\\\/schema.org\",\"@graph\":[{\"@type\":\"WebPage\",\"@id\":\"https:\\\/\\\/biblia.md\\\/shop\\\/rugaciunea-traieste-uimirea-apropierii-de-dumnezeu\\\/\",\"url\":\"https:\\\/\\\/biblia.md\\\/shop\\\/rugaciunea-traieste-uimirea-apropierii-de-dumnezeu\\\/\",\"name\":\"Rugaciunea - Traieste uimirea apropierii de Dumnezeu - Societatea Biblic\u0103 din Moldova\",\"isPartOf\":{\"@id\":\"https:\\\/\\\/biblia.md\\\/#website\"},\"primaryImageOfPage\":{\"@id\":\"https:\\\/\\\/biblia.md\\\/shop\\\/rugaciunea-traieste-uimirea-apropierii-de-dumnezeu\\\/#primaryimage\"},\"image\":{\"@id\":\"https:\\\/\\\/biblia.md\\\/shop\\\/rugaciunea-traieste-uimirea-apropierii-de-dumnezeu\\\/#primaryimage\"},\"thumbnailUrl\":\"https:\\\/\\\/biblia.md\\\/wp-content\\\/uploads\\\/2026\\\/03\\\/0000001763.png\",\"datePublished\":\"2026-03-06T14:38:42+00:00\",\"dateModified\":\"2026-03-09T08:47:29+00:00\",\"breadcrumb\":{\"@id\":\"https:\\\/\\\/biblia.md\\\/shop\\\/rugaciunea-traieste-uimirea-apropierii-de-dumnezeu\\\/#breadcrumb\"},\"inLanguage\":\"en-US\",\"potentialAction\":[{\"@type\":\"ReadAction\",\"target\":[\"https:\\\/\\\/biblia.md\\\/shop\\\/rugaciunea-traieste-uimirea-apropierii-de-dumnezeu\\\/\"]}]},{\"@type\":\"ImageObject\",\"inLanguage\":\"en-US\",\"@id\":\"https:\\\/\\\/biblia.md\\\/shop\\\/rugaciunea-traieste-uimirea-apropierii-de-dumnezeu\\\/#primaryimage\",\"url\":\"https:\\\/\\\/biblia.md\\\/wp-content\\\/uploads\\\/2026\\\/03\\\/0000001763.png\",\"contentUrl\":\"https:\\\/\\\/biblia.md\\\/wp-content\\\/uploads\\\/2026\\\/03\\\/0000001763.png\",\"width\":471,\"height\":700},{\"@type\":\"BreadcrumbList\",\"@id\":\"https:\\\/\\\/biblia.md\\\/shop\\\/rugaciunea-traieste-uimirea-apropierii-de-dumnezeu\\\/#breadcrumb\",\"itemListElement\":[{\"@type\":\"ListItem\",\"position\":1,\"name\":\"Prima pagin\u0103\",\"item\":\"https:\\\/\\\/biblia.md\\\/\"},{\"@type\":\"ListItem\",\"position\":2,\"name\":\"Shop\",\"item\":\"https:\\\/\\\/biblia.md\\\/shop\\\/\"},{\"@type\":\"ListItem\",\"position\":3,\"name\":\"Rugaciunea &#8211; Traieste uimirea apropierii de Dumnezeu\"}]},{\"@type\":\"WebSite\",\"@id\":\"https:\\\/\\\/biblia.md\\\/#website\",\"url\":\"https:\\\/\\\/biblia.md\\\/\",\"name\":\"Societatea Biblic\u0103 din Moldova\",\"description\":\"\",\"publisher\":{\"@id\":\"https:\\\/\\\/biblia.md\\\/#organization\"},\"potentialAction\":[{\"@type\":\"SearchAction\",\"target\":{\"@type\":\"EntryPoint\",\"urlTemplate\":\"https:\\\/\\\/biblia.md\\\/?s={search_term_string}\"},\"query-input\":{\"@type\":\"PropertyValueSpecification\",\"valueRequired\":true,\"valueName\":\"search_term_string\"}}],\"inLanguage\":\"en-US\"},{\"@type\":\"Organization\",\"@id\":\"https:\\\/\\\/biblia.md\\\/#organization\",\"name\":\"Societatea Biblic\u0103 din Moldova\",\"url\":\"https:\\\/\\\/biblia.md\\\/\",\"logo\":{\"@type\":\"ImageObject\",\"inLanguage\":\"en-US\",\"@id\":\"https:\\\/\\\/biblia.md\\\/#\\\/schema\\\/logo\\\/image\\\/\",\"url\":\"https:\\\/\\\/biblia.md\\\/wp-content\\\/uploads\\\/2026\\\/01\\\/icon_site.jpg\",\"contentUrl\":\"https:\\\/\\\/biblia.md\\\/wp-content\\\/uploads\\\/2026\\\/01\\\/icon_site.jpg\",\"width\":656,\"height\":656,\"caption\":\"Societatea Biblic\u0103 din Moldova\"},\"image\":{\"@id\":\"https:\\\/\\\/biblia.md\\\/#\\\/schema\\\/logo\\\/image\\\/\"},\"sameAs\":[\"https:\\\/\\\/www.facebook.com\\\/SocietateaBiblicaMoldova\\\/\",\"https:\\\/\\\/www.instagram.com\\\/biblia.md\\\/\"]}]}<\/script>\n<!-- \/ Yoast SEO plugin. -->","yoast_head_json":{"title":"Rugaciunea - Traieste uimirea apropierii de Dumnezeu - Societatea Biblic\u0103 din Moldova","robots":{"index":"index","follow":"follow","max-snippet":"max-snippet:-1","max-image-preview":"max-image-preview:large","max-video-preview":"max-video-preview:-1"},"canonical":"https:\/\/biblia.md\/en\/shop\/rugaciunea-traieste-uimirea-apropierii-de-dumnezeu\/","og_locale":"en_US","og_type":"article","og_title":"Rugaciunea - Traieste uimirea apropierii de Dumnezeu - Societatea Biblic\u0103 din Moldova","og_description":"Rug\u0103ciunea este continuarea unei conversa\u021bii pe care Dumnezeu a \u00eenceput-o prin cuv\u00e2ntul \u0219i prin harul S\u0103u, o conversa\u021bie care devine, \u00een cele din urm\u0103, o \u00eent\u00e2lnire deplin\u0103 cu El.  Cre\u0219tinii \u0219tiu de a\u0219a de mult\u0103 vreme c\u0103 rug\u0103ciunea este calea prin care \u00cel pot experimenta cu adev\u0103rat pe Dumnezeu. Dar \u0219tim cu adev\u0103rat cum s\u0103 ne rug\u0103m? R\u0103spunsul sincer la aceast\u0103 \u00eentrebare ne deschide unei lumi \u00eentregi de instruc\u021biunii \u0219i \u00eendrum\u0103ri care ne pot ajuta s\u0103 facem din rug\u0103ciune acel moment unic, intim \u0219i puternic al rela\u021biei noastre cu Dumnezeu.  Cu profunzimea \u0219i \u00een\u021belepciunea care \u00eel caracterizeaz\u0103, Keller ne poart\u0103 pe c\u0103r\u0103rile Scripturii \u0219i ale istoriei bisericii \u0219i ne ofer\u0103 \u00eendrum\u0103rile care ne conduc c\u0103tre o via\u021b\u0103 de rug\u0103ciune activ\u0103 \u0219i ad\u00e2nc\u0103. Autorul nu se sfie\u0219te s\u0103 ne pun\u0103 \u00een fa\u021b\u0103 oglinda Cuv\u00e2ntului \u0219i a practicii milenare a bisericii, c\u0103l\u0103uzindu-ne \u00eenspre practica rug\u0103ciunii de zi cu zi, dar \u0219i spre rug\u0103ciunea f\u0103cut\u0103 \u00een durere, disperare, \u00een fa\u021ba pierderii sau a iubirii, a iert\u0103rii sau a nevoilor de tot felul.  Rug\u0103ciunea este singura cale a ajunge la o autentic\u0103 cunoa\u0219tere de sine. Ea este, de asemenea, principala metod\u0103 prin care experiment\u0103m o schimbare profund\u0103: \u00a0reordonarea iubirilor noastre. Rug\u0103ciunea este instrumentul prin care Dumnezeu ne d\u0103ruie\u0219te at\u00e2t de multe dintre lucrurile inimaginabile pe care le are pentru noi. Este modul \u00een care \u00cel cunoa\u0219tem pe Dumnezeu, modul \u00een care \u00cel recunoa\u0219tem \u00een sf\u00e2r\u0219it pe Dumnezeu ca Dumnezeu. Rug\u0103ciunea este pur \u0219i simplu cheia pentru tot ceea ce trebuie s\u0103 facem \u0219i s\u0103 fim \u00een via\u021b\u0103.","og_url":"https:\/\/biblia.md\/en\/shop\/rugaciunea-traieste-uimirea-apropierii-de-dumnezeu\/","og_site_name":"Societatea Biblic\u0103 din Moldova","article_publisher":"https:\/\/www.facebook.com\/SocietateaBiblicaMoldova\/","article_modified_time":"2026-03-09T08:47:29+00:00","og_image":[{"width":471,"height":700,"url":"https:\/\/biblia.md\/wp-content\/uploads\/2026\/03\/0000001763.png","type":"image\/png"}],"twitter_card":"summary_large_image","twitter_misc":{"Est. reading time":"3 minutes"},"schema":{"@context":"https:\/\/schema.org","@graph":[{"@type":"WebPage","@id":"https:\/\/biblia.md\/shop\/rugaciunea-traieste-uimirea-apropierii-de-dumnezeu\/","url":"https:\/\/biblia.md\/shop\/rugaciunea-traieste-uimirea-apropierii-de-dumnezeu\/","name":"Rugaciunea - Traieste uimirea apropierii de Dumnezeu - Societatea Biblic\u0103 din Moldova","isPartOf":{"@id":"https:\/\/biblia.md\/#website"},"primaryImageOfPage":{"@id":"https:\/\/biblia.md\/shop\/rugaciunea-traieste-uimirea-apropierii-de-dumnezeu\/#primaryimage"},"image":{"@id":"https:\/\/biblia.md\/shop\/rugaciunea-traieste-uimirea-apropierii-de-dumnezeu\/#primaryimage"},"thumbnailUrl":"https:\/\/biblia.md\/wp-content\/uploads\/2026\/03\/0000001763.png","datePublished":"2026-03-06T14:38:42+00:00","dateModified":"2026-03-09T08:47:29+00:00","breadcrumb":{"@id":"https:\/\/biblia.md\/shop\/rugaciunea-traieste-uimirea-apropierii-de-dumnezeu\/#breadcrumb"},"inLanguage":"en-US","potentialAction":[{"@type":"ReadAction","target":["https:\/\/biblia.md\/shop\/rugaciunea-traieste-uimirea-apropierii-de-dumnezeu\/"]}]},{"@type":"ImageObject","inLanguage":"en-US","@id":"https:\/\/biblia.md\/shop\/rugaciunea-traieste-uimirea-apropierii-de-dumnezeu\/#primaryimage","url":"https:\/\/biblia.md\/wp-content\/uploads\/2026\/03\/0000001763.png","contentUrl":"https:\/\/biblia.md\/wp-content\/uploads\/2026\/03\/0000001763.png","width":471,"height":700},{"@type":"BreadcrumbList","@id":"https:\/\/biblia.md\/shop\/rugaciunea-traieste-uimirea-apropierii-de-dumnezeu\/#breadcrumb","itemListElement":[{"@type":"ListItem","position":1,"name":"Prima pagin\u0103","item":"https:\/\/biblia.md\/"},{"@type":"ListItem","position":2,"name":"Shop","item":"https:\/\/biblia.md\/shop\/"},{"@type":"ListItem","position":3,"name":"Rugaciunea &#8211; Traieste uimirea apropierii de Dumnezeu"}]},{"@type":"WebSite","@id":"https:\/\/biblia.md\/#website","url":"https:\/\/biblia.md\/","name":"Societatea Biblic\u0103 din Moldova","description":"","publisher":{"@id":"https:\/\/biblia.md\/#organization"},"potentialAction":[{"@type":"SearchAction","target":{"@type":"EntryPoint","urlTemplate":"https:\/\/biblia.md\/?s={search_term_string}"},"query-input":{"@type":"PropertyValueSpecification","valueRequired":true,"valueName":"search_term_string"}}],"inLanguage":"en-US"},{"@type":"Organization","@id":"https:\/\/biblia.md\/#organization","name":"Societatea Biblic\u0103 din Moldova","url":"https:\/\/biblia.md\/","logo":{"@type":"ImageObject","inLanguage":"en-US","@id":"https:\/\/biblia.md\/#\/schema\/logo\/image\/","url":"https:\/\/biblia.md\/wp-content\/uploads\/2026\/01\/icon_site.jpg","contentUrl":"https:\/\/biblia.md\/wp-content\/uploads\/2026\/01\/icon_site.jpg","width":656,"height":656,"caption":"Societatea Biblic\u0103 din Moldova"},"image":{"@id":"https:\/\/biblia.md\/#\/schema\/logo\/image\/"},"sameAs":["https:\/\/www.facebook.com\/SocietateaBiblicaMoldova\/","https:\/\/www.instagram.com\/biblia.md\/"]}]}},"_links":{"self":[{"href":"https:\/\/biblia.md\/en\/wp-json\/wp\/v2\/product\/36197","targetHints":{"allow":["GET"]}}],"collection":[{"href":"https:\/\/biblia.md\/en\/wp-json\/wp\/v2\/product"}],"about":[{"href":"https:\/\/biblia.md\/en\/wp-json\/wp\/v2\/types\/product"}],"replies":[{"embeddable":true,"href":"https:\/\/biblia.md\/en\/wp-json\/wp\/v2\/comments?post=36197"}],"version-history":[{"count":1,"href":"https:\/\/biblia.md\/en\/wp-json\/wp\/v2\/product\/36197\/revisions"}],"predecessor-version":[{"id":36199,"href":"https:\/\/biblia.md\/en\/wp-json\/wp\/v2\/product\/36197\/revisions\/36199"}],"wp:featuredmedia":[{"embeddable":true,"href":"https:\/\/biblia.md\/en\/wp-json\/wp\/v2\/media\/36198"}],"wp:attachment":[{"href":"https:\/\/biblia.md\/en\/wp-json\/wp\/v2\/media?parent=36197"}],"wp:term":[{"taxonomy":"product_brand","embeddable":true,"href":"https:\/\/biblia.md\/en\/wp-json\/wp\/v2\/product_brand?post=36197"},{"taxonomy":"product_cat","embeddable":true,"href":"https:\/\/biblia.md\/en\/wp-json\/wp\/v2\/product_cat?post=36197"},{"taxonomy":"product_tag","embeddable":true,"href":"https:\/\/biblia.md\/en\/wp-json\/wp\/v2\/product_tag?post=36197"}],"curies":[{"name":"wp","href":"https:\/\/api.w.org\/{rel}","templated":true}]}}