{"id":36394,"date":"2026-03-11T13:17:59","date_gmt":"2026-03-11T11:17:59","guid":{"rendered":"https:\/\/biblia.md\/?post_type=product&#038;p=36394"},"modified":"2026-03-11T13:24:45","modified_gmt":"2026-03-11T11:24:45","slug":"secrete-tamaduitoare-seria-valuri-de-indurare-vol-2","status":"publish","type":"product","link":"https:\/\/biblia.md\/en\/shop\/secrete-tamaduitoare-seria-valuri-de-indurare-vol-2\/","title":{"rendered":"Secrete Tamaduitoare &#8211; Seria &#8222;Valuri de indurare&#8221;, Vol. 2"},"content":{"rendered":"","protected":false},"excerpt":{"rendered":"<p><strong>SERIA: Valuri de indurare vol.2<\/strong><\/p>\n<p><em>Anna \u0219tia c\u0103 via\u021ba ei nu va fi u\u0219oar\u0103, \u00eens\u0103 nimic nu o putea preg\u0103ti pentru ceea ce avea s\u0103 urmeze.<\/em><\/p>\n<p>\u00centorc\u00e2ndu-se \u00een Chicago, t\u00e2n\u0103ra bogat\u0103 Anna Nicholson nu reu\u0219e\u0219te s\u0103 \u00ee\u0219i concentreze aten\u021bia asupra nun\u021bii care se apropie. Nout\u0103\u021bile pe care le afl\u0103 cu privire la mama ei biologic\u0103 o intrig\u0103 tot mai tare, a\u0219a c\u0103 \u00eei angajeaz\u0103 pe detectivii Pinkerton ca s\u0103 descopere \u00eentregul adev\u0103r.<\/p>\n<p>\u00cens\u0103, \u00eent\u00e2lnind oameni care o cunoscuser\u0103 pe mama sa \u0219i ascult\u00e2nd istorisirile fiec\u0103ruia, Anna descoper\u0103 cur\u00e2nd c\u0103 e mai bine ca unele secrete s\u0103 r\u0103m\u00e2n\u0103 nedezgropate. Fiind presat\u0103 s\u0103 lase trecutul \u00een pace, \u00een\u021belege din ce \u00een ce mai clar c\u0103 hot\u0103r\u00e2rea ei de a c\u0103uta voia lui Dumnezeu pentru via\u021ba sa nu e at\u00e2t de simplu de \u00eemplinit pe c\u00e2t sperase.<\/p>\n<p>C\u00e2nd \u00eent\u00e2mpin\u0103 cele mai mari dificult\u0103\u021bi, Anna \u0219tie c\u0103 poate apela la bunica ei, Geesje de Jonge, din ora\u0219ul Holland, Michigan. Geesje \u00eei ajut\u0103 pe ni\u0219te imigran\u021bi olandezi \u2013 \u00eentre care o adolescent\u0103 cu un trecut complicat \u2013 s\u0103 se adapteze \u00een America. Sper\u0103 doar ca \u00een\u021belepciunea ei s\u0103 le poat\u0103 fi de folos acestor tineri \u00een mijlocul crizelor pe care le \u00eenfrunt\u0103.<\/p>","protected":false},"featured_media":36398,"comment_status":"open","ping_status":"closed","template":"","meta":[],"product_brand":[],"product_cat":[377,400],"product_tag":[],"class_list":{"0":"post-36394","1":"product","2":"type-product","3":"status-publish","4":"has-post-thumbnail","6":"product_cat-carti","7":"product_cat-romane-povestiri-nuvele","9":"first","10":"instock","11":"shipping-taxable","12":"purchasable","13":"product-type-simple"},"yoast_head":"<!-- This site is optimized with the Yoast SEO plugin v27.3 - https:\/\/yoast.com\/product\/yoast-seo-wordpress\/ -->\n<title>Secrete Tamaduitoare - Seria &quot;Valuri de indurare&quot;, Vol. 2 - Societatea Biblic\u0103 din Moldova<\/title>\n<meta name=\"robots\" content=\"index, follow, max-snippet:-1, max-image-preview:large, max-video-preview:-1\" \/>\n<link rel=\"canonical\" href=\"https:\/\/biblia.md\/en\/shop\/secrete-tamaduitoare-seria-valuri-de-indurare-vol-2\/\" \/>\n<meta property=\"og:locale\" content=\"en_US\" \/>\n<meta property=\"og:type\" content=\"article\" \/>\n<meta property=\"og:title\" content=\"Secrete Tamaduitoare - Seria &quot;Valuri de indurare&quot;, Vol. 2 - Societatea Biblic\u0103 din Moldova\" \/>\n<meta property=\"og:description\" content=\"SERIA: Valuri de indurare vol.2  Anna \u0219tia c\u0103 via\u021ba ei nu va fi u\u0219oar\u0103, \u00eens\u0103 nimic nu o putea preg\u0103ti pentru ceea ce avea s\u0103 urmeze.  \u00centorc\u00e2ndu-se \u00een Chicago, t\u00e2n\u0103ra bogat\u0103 Anna Nicholson nu reu\u0219e\u0219te s\u0103 \u00ee\u0219i concentreze aten\u021bia asupra nun\u021bii care se apropie. Nout\u0103\u021bile pe care le afl\u0103 cu privire la mama ei biologic\u0103 o intrig\u0103 tot mai tare, a\u0219a c\u0103 \u00eei angajeaz\u0103 pe detectivii Pinkerton ca s\u0103 descopere \u00eentregul adev\u0103r.  \u00cens\u0103, \u00eent\u00e2lnind oameni care o cunoscuser\u0103 pe mama sa \u0219i ascult\u00e2nd istorisirile fiec\u0103ruia, Anna descoper\u0103 cur\u00e2nd c\u0103 e mai bine ca unele secrete s\u0103 r\u0103m\u00e2n\u0103 nedezgropate. Fiind presat\u0103 s\u0103 lase trecutul \u00een pace, \u00een\u021belege din ce \u00een ce mai clar c\u0103 hot\u0103r\u00e2rea ei de a c\u0103uta voia lui Dumnezeu pentru via\u021ba sa nu e at\u00e2t de simplu de \u00eemplinit pe c\u00e2t sperase.  C\u00e2nd \u00eent\u00e2mpin\u0103 cele mai mari dificult\u0103\u021bi, Anna \u0219tie c\u0103 poate apela la bunica ei, Geesje de Jonge, din ora\u0219ul Holland, Michigan. Geesje \u00eei ajut\u0103 pe ni\u0219te imigran\u021bi olandezi \u2013 \u00eentre care o adolescent\u0103 cu un trecut complicat \u2013 s\u0103 se adapteze \u00een America. Sper\u0103 doar ca \u00een\u021belepciunea ei s\u0103 le poat\u0103 fi de folos acestor tineri \u00een mijlocul crizelor pe care le \u00eenfrunt\u0103.\" \/>\n<meta property=\"og:url\" content=\"https:\/\/biblia.md\/en\/shop\/secrete-tamaduitoare-seria-valuri-de-indurare-vol-2\/\" \/>\n<meta property=\"og:site_name\" content=\"Societatea Biblic\u0103 din Moldova\" \/>\n<meta property=\"article:publisher\" content=\"https:\/\/www.facebook.com\/SocietateaBiblicaMoldova\/\" \/>\n<meta property=\"article:modified_time\" content=\"2026-03-11T11:24:45+00:00\" \/>\n<meta property=\"og:image\" content=\"https:\/\/biblia.md\/wp-content\/uploads\/2026\/03\/secrete_tamaduitoare-coperta-1.jpg\" \/>\n\t<meta property=\"og:image:width\" content=\"600\" \/>\n\t<meta property=\"og:image:height\" content=\"900\" \/>\n\t<meta property=\"og:image:type\" content=\"image\/jpeg\" \/>\n<meta name=\"twitter:card\" content=\"summary_large_image\" \/>\n<meta name=\"twitter:label1\" content=\"Est. reading time\" \/>\n\t<meta name=\"twitter:data1\" content=\"1 minute\" \/>\n<script type=\"application\/ld+json\" class=\"yoast-schema-graph\">{\"@context\":\"https:\\\/\\\/schema.org\",\"@graph\":[{\"@type\":\"WebPage\",\"@id\":\"https:\\\/\\\/biblia.md\\\/shop\\\/secrete-tamaduitoare-seria-valuri-de-indurare-vol-2\\\/\",\"url\":\"https:\\\/\\\/biblia.md\\\/shop\\\/secrete-tamaduitoare-seria-valuri-de-indurare-vol-2\\\/\",\"name\":\"Secrete Tamaduitoare - Seria \\\"Valuri de indurare\\\", Vol. 2 - Societatea Biblic\u0103 din Moldova\",\"isPartOf\":{\"@id\":\"https:\\\/\\\/biblia.md\\\/#website\"},\"primaryImageOfPage\":{\"@id\":\"https:\\\/\\\/biblia.md\\\/shop\\\/secrete-tamaduitoare-seria-valuri-de-indurare-vol-2\\\/#primaryimage\"},\"image\":{\"@id\":\"https:\\\/\\\/biblia.md\\\/shop\\\/secrete-tamaduitoare-seria-valuri-de-indurare-vol-2\\\/#primaryimage\"},\"thumbnailUrl\":\"https:\\\/\\\/biblia.md\\\/wp-content\\\/uploads\\\/2026\\\/03\\\/secrete_tamaduitoare-coperta-1.jpg\",\"datePublished\":\"2026-03-11T11:17:59+00:00\",\"dateModified\":\"2026-03-11T11:24:45+00:00\",\"breadcrumb\":{\"@id\":\"https:\\\/\\\/biblia.md\\\/shop\\\/secrete-tamaduitoare-seria-valuri-de-indurare-vol-2\\\/#breadcrumb\"},\"inLanguage\":\"en-US\",\"potentialAction\":[{\"@type\":\"ReadAction\",\"target\":[\"https:\\\/\\\/biblia.md\\\/shop\\\/secrete-tamaduitoare-seria-valuri-de-indurare-vol-2\\\/\"]}]},{\"@type\":\"ImageObject\",\"inLanguage\":\"en-US\",\"@id\":\"https:\\\/\\\/biblia.md\\\/shop\\\/secrete-tamaduitoare-seria-valuri-de-indurare-vol-2\\\/#primaryimage\",\"url\":\"https:\\\/\\\/biblia.md\\\/wp-content\\\/uploads\\\/2026\\\/03\\\/secrete_tamaduitoare-coperta-1.jpg\",\"contentUrl\":\"https:\\\/\\\/biblia.md\\\/wp-content\\\/uploads\\\/2026\\\/03\\\/secrete_tamaduitoare-coperta-1.jpg\",\"width\":600,\"height\":900},{\"@type\":\"BreadcrumbList\",\"@id\":\"https:\\\/\\\/biblia.md\\\/shop\\\/secrete-tamaduitoare-seria-valuri-de-indurare-vol-2\\\/#breadcrumb\",\"itemListElement\":[{\"@type\":\"ListItem\",\"position\":1,\"name\":\"Prima pagin\u0103\",\"item\":\"https:\\\/\\\/biblia.md\\\/\"},{\"@type\":\"ListItem\",\"position\":2,\"name\":\"Shop\",\"item\":\"https:\\\/\\\/biblia.md\\\/shop\\\/\"},{\"@type\":\"ListItem\",\"position\":3,\"name\":\"Secrete Tamaduitoare &#8211; Seria &#8222;Valuri de indurare&#8221;, Vol. 2\"}]},{\"@type\":\"WebSite\",\"@id\":\"https:\\\/\\\/biblia.md\\\/#website\",\"url\":\"https:\\\/\\\/biblia.md\\\/\",\"name\":\"Societatea Biblic\u0103 din Moldova\",\"description\":\"\",\"publisher\":{\"@id\":\"https:\\\/\\\/biblia.md\\\/#organization\"},\"potentialAction\":[{\"@type\":\"SearchAction\",\"target\":{\"@type\":\"EntryPoint\",\"urlTemplate\":\"https:\\\/\\\/biblia.md\\\/?s={search_term_string}\"},\"query-input\":{\"@type\":\"PropertyValueSpecification\",\"valueRequired\":true,\"valueName\":\"search_term_string\"}}],\"inLanguage\":\"en-US\"},{\"@type\":\"Organization\",\"@id\":\"https:\\\/\\\/biblia.md\\\/#organization\",\"name\":\"Societatea Biblic\u0103 din Moldova\",\"url\":\"https:\\\/\\\/biblia.md\\\/\",\"logo\":{\"@type\":\"ImageObject\",\"inLanguage\":\"en-US\",\"@id\":\"https:\\\/\\\/biblia.md\\\/#\\\/schema\\\/logo\\\/image\\\/\",\"url\":\"https:\\\/\\\/biblia.md\\\/wp-content\\\/uploads\\\/2026\\\/01\\\/icon_site.jpg\",\"contentUrl\":\"https:\\\/\\\/biblia.md\\\/wp-content\\\/uploads\\\/2026\\\/01\\\/icon_site.jpg\",\"width\":656,\"height\":656,\"caption\":\"Societatea Biblic\u0103 din Moldova\"},\"image\":{\"@id\":\"https:\\\/\\\/biblia.md\\\/#\\\/schema\\\/logo\\\/image\\\/\"},\"sameAs\":[\"https:\\\/\\\/www.facebook.com\\\/SocietateaBiblicaMoldova\\\/\",\"https:\\\/\\\/www.instagram.com\\\/biblia.md\\\/\"]}]}<\/script>\n<!-- \/ Yoast SEO plugin. -->","yoast_head_json":{"title":"Secrete Tamaduitoare - Seria \"Valuri de indurare\", Vol. 2 - Societatea Biblic\u0103 din Moldova","robots":{"index":"index","follow":"follow","max-snippet":"max-snippet:-1","max-image-preview":"max-image-preview:large","max-video-preview":"max-video-preview:-1"},"canonical":"https:\/\/biblia.md\/en\/shop\/secrete-tamaduitoare-seria-valuri-de-indurare-vol-2\/","og_locale":"en_US","og_type":"article","og_title":"Secrete Tamaduitoare - Seria \"Valuri de indurare\", Vol. 2 - Societatea Biblic\u0103 din Moldova","og_description":"SERIA: Valuri de indurare vol.2  Anna \u0219tia c\u0103 via\u021ba ei nu va fi u\u0219oar\u0103, \u00eens\u0103 nimic nu o putea preg\u0103ti pentru ceea ce avea s\u0103 urmeze.  \u00centorc\u00e2ndu-se \u00een Chicago, t\u00e2n\u0103ra bogat\u0103 Anna Nicholson nu reu\u0219e\u0219te s\u0103 \u00ee\u0219i concentreze aten\u021bia asupra nun\u021bii care se apropie. Nout\u0103\u021bile pe care le afl\u0103 cu privire la mama ei biologic\u0103 o intrig\u0103 tot mai tare, a\u0219a c\u0103 \u00eei angajeaz\u0103 pe detectivii Pinkerton ca s\u0103 descopere \u00eentregul adev\u0103r.  \u00cens\u0103, \u00eent\u00e2lnind oameni care o cunoscuser\u0103 pe mama sa \u0219i ascult\u00e2nd istorisirile fiec\u0103ruia, Anna descoper\u0103 cur\u00e2nd c\u0103 e mai bine ca unele secrete s\u0103 r\u0103m\u00e2n\u0103 nedezgropate. Fiind presat\u0103 s\u0103 lase trecutul \u00een pace, \u00een\u021belege din ce \u00een ce mai clar c\u0103 hot\u0103r\u00e2rea ei de a c\u0103uta voia lui Dumnezeu pentru via\u021ba sa nu e at\u00e2t de simplu de \u00eemplinit pe c\u00e2t sperase.  C\u00e2nd \u00eent\u00e2mpin\u0103 cele mai mari dificult\u0103\u021bi, Anna \u0219tie c\u0103 poate apela la bunica ei, Geesje de Jonge, din ora\u0219ul Holland, Michigan. Geesje \u00eei ajut\u0103 pe ni\u0219te imigran\u021bi olandezi \u2013 \u00eentre care o adolescent\u0103 cu un trecut complicat \u2013 s\u0103 se adapteze \u00een America. Sper\u0103 doar ca \u00een\u021belepciunea ei s\u0103 le poat\u0103 fi de folos acestor tineri \u00een mijlocul crizelor pe care le \u00eenfrunt\u0103.","og_url":"https:\/\/biblia.md\/en\/shop\/secrete-tamaduitoare-seria-valuri-de-indurare-vol-2\/","og_site_name":"Societatea Biblic\u0103 din Moldova","article_publisher":"https:\/\/www.facebook.com\/SocietateaBiblicaMoldova\/","article_modified_time":"2026-03-11T11:24:45+00:00","og_image":[{"width":600,"height":900,"url":"https:\/\/biblia.md\/wp-content\/uploads\/2026\/03\/secrete_tamaduitoare-coperta-1.jpg","type":"image\/jpeg"}],"twitter_card":"summary_large_image","twitter_misc":{"Est. reading time":"1 minute"},"schema":{"@context":"https:\/\/schema.org","@graph":[{"@type":"WebPage","@id":"https:\/\/biblia.md\/shop\/secrete-tamaduitoare-seria-valuri-de-indurare-vol-2\/","url":"https:\/\/biblia.md\/shop\/secrete-tamaduitoare-seria-valuri-de-indurare-vol-2\/","name":"Secrete Tamaduitoare - Seria \"Valuri de indurare\", Vol. 2 - Societatea Biblic\u0103 din Moldova","isPartOf":{"@id":"https:\/\/biblia.md\/#website"},"primaryImageOfPage":{"@id":"https:\/\/biblia.md\/shop\/secrete-tamaduitoare-seria-valuri-de-indurare-vol-2\/#primaryimage"},"image":{"@id":"https:\/\/biblia.md\/shop\/secrete-tamaduitoare-seria-valuri-de-indurare-vol-2\/#primaryimage"},"thumbnailUrl":"https:\/\/biblia.md\/wp-content\/uploads\/2026\/03\/secrete_tamaduitoare-coperta-1.jpg","datePublished":"2026-03-11T11:17:59+00:00","dateModified":"2026-03-11T11:24:45+00:00","breadcrumb":{"@id":"https:\/\/biblia.md\/shop\/secrete-tamaduitoare-seria-valuri-de-indurare-vol-2\/#breadcrumb"},"inLanguage":"en-US","potentialAction":[{"@type":"ReadAction","target":["https:\/\/biblia.md\/shop\/secrete-tamaduitoare-seria-valuri-de-indurare-vol-2\/"]}]},{"@type":"ImageObject","inLanguage":"en-US","@id":"https:\/\/biblia.md\/shop\/secrete-tamaduitoare-seria-valuri-de-indurare-vol-2\/#primaryimage","url":"https:\/\/biblia.md\/wp-content\/uploads\/2026\/03\/secrete_tamaduitoare-coperta-1.jpg","contentUrl":"https:\/\/biblia.md\/wp-content\/uploads\/2026\/03\/secrete_tamaduitoare-coperta-1.jpg","width":600,"height":900},{"@type":"BreadcrumbList","@id":"https:\/\/biblia.md\/shop\/secrete-tamaduitoare-seria-valuri-de-indurare-vol-2\/#breadcrumb","itemListElement":[{"@type":"ListItem","position":1,"name":"Prima pagin\u0103","item":"https:\/\/biblia.md\/"},{"@type":"ListItem","position":2,"name":"Shop","item":"https:\/\/biblia.md\/shop\/"},{"@type":"ListItem","position":3,"name":"Secrete Tamaduitoare &#8211; Seria &#8222;Valuri de indurare&#8221;, Vol. 2"}]},{"@type":"WebSite","@id":"https:\/\/biblia.md\/#website","url":"https:\/\/biblia.md\/","name":"Societatea Biblic\u0103 din Moldova","description":"","publisher":{"@id":"https:\/\/biblia.md\/#organization"},"potentialAction":[{"@type":"SearchAction","target":{"@type":"EntryPoint","urlTemplate":"https:\/\/biblia.md\/?s={search_term_string}"},"query-input":{"@type":"PropertyValueSpecification","valueRequired":true,"valueName":"search_term_string"}}],"inLanguage":"en-US"},{"@type":"Organization","@id":"https:\/\/biblia.md\/#organization","name":"Societatea Biblic\u0103 din Moldova","url":"https:\/\/biblia.md\/","logo":{"@type":"ImageObject","inLanguage":"en-US","@id":"https:\/\/biblia.md\/#\/schema\/logo\/image\/","url":"https:\/\/biblia.md\/wp-content\/uploads\/2026\/01\/icon_site.jpg","contentUrl":"https:\/\/biblia.md\/wp-content\/uploads\/2026\/01\/icon_site.jpg","width":656,"height":656,"caption":"Societatea Biblic\u0103 din Moldova"},"image":{"@id":"https:\/\/biblia.md\/#\/schema\/logo\/image\/"},"sameAs":["https:\/\/www.facebook.com\/SocietateaBiblicaMoldova\/","https:\/\/www.instagram.com\/biblia.md\/"]}]}},"_links":{"self":[{"href":"https:\/\/biblia.md\/en\/wp-json\/wp\/v2\/product\/36394","targetHints":{"allow":["GET"]}}],"collection":[{"href":"https:\/\/biblia.md\/en\/wp-json\/wp\/v2\/product"}],"about":[{"href":"https:\/\/biblia.md\/en\/wp-json\/wp\/v2\/types\/product"}],"replies":[{"embeddable":true,"href":"https:\/\/biblia.md\/en\/wp-json\/wp\/v2\/comments?post=36394"}],"version-history":[{"count":2,"href":"https:\/\/biblia.md\/en\/wp-json\/wp\/v2\/product\/36394\/revisions"}],"predecessor-version":[{"id":36417,"href":"https:\/\/biblia.md\/en\/wp-json\/wp\/v2\/product\/36394\/revisions\/36417"}],"wp:featuredmedia":[{"embeddable":true,"href":"https:\/\/biblia.md\/en\/wp-json\/wp\/v2\/media\/36398"}],"wp:attachment":[{"href":"https:\/\/biblia.md\/en\/wp-json\/wp\/v2\/media?parent=36394"}],"wp:term":[{"taxonomy":"product_brand","embeddable":true,"href":"https:\/\/biblia.md\/en\/wp-json\/wp\/v2\/product_brand?post=36394"},{"taxonomy":"product_cat","embeddable":true,"href":"https:\/\/biblia.md\/en\/wp-json\/wp\/v2\/product_cat?post=36394"},{"taxonomy":"product_tag","embeddable":true,"href":"https:\/\/biblia.md\/en\/wp-json\/wp\/v2\/product_tag?post=36394"}],"curies":[{"name":"wp","href":"https:\/\/api.w.org\/{rel}","templated":true}]}}