{"id":36538,"date":"2026-03-16T13:16:06","date_gmt":"2026-03-16T11:16:06","guid":{"rendered":"https:\/\/biblia.md\/?post_type=product&#038;p=36538"},"modified":"2026-03-16T13:16:06","modified_gmt":"2026-03-16T11:16:06","slug":"soaptele-vantului","status":"publish","type":"product","link":"https:\/\/biblia.md\/en\/shop\/soaptele-vantului\/","title":{"rendered":"Soaptele Vantului"},"content":{"rendered":"<p><strong>Melanie Dobson<\/strong>\u00a0este o autoare de succes \u0219i foarte apreciat\u0103 de public \u0219i de casele de editur\u0103 deopotriv\u0103.<br \/>\n\u00cen romanele ei \u0219i-au g\u0103sit locul pove\u0219ti istorice, cu suspans \u0219i chiar pove\u0219ti despre c\u0103l\u0103torii \u00een timp.<br \/>\nDe-a lungul timpului, c\u0103r\u021bile sale au fost recompensate cu mai multe distinc\u021bii dintre care amintim premiile Carol, Christy, Audie \u0219i premiul publica\u021biei ForeWord Magazine. Melanie a ob\u021binut licen\u021ba \u00een jurnalism la Liberty Univesity \u0219i titlul de master \u00een comunicare la Regent University. \u00cenainte s\u0103-\u0219i \u00eenceap\u0103 cariera literar\u0103, a fost directoarea departamentului media al organiza\u021biei Focus on the Family \u0219i a de\u021binut compania Dobson Media Group.<\/p>","protected":false},"excerpt":{"rendered":"<p>Ce s-a intamplat cu Brigitte Berthold?<\/p>\n<p>Intrebarea aceasta il macina pe Daniel Knight inca de la 13 ani, cand el si Brigitte, care avea doar 10 ani, au scapat din ghearele agentilor Gestapoului, care le-au arestat amandurora parintii. Au supravietuit apoi infioratoarei calatorii din Germania in Anglia, ca odata ajunsi la destinatie sa fie separati pentru totdeauna. Daniel a jurat sa o gaseasca pe Brigitte, odata ce razboiul se va fi sfarsit; o promisiune pe care s-a zbatut sa o implineasca mai bine de saptezeci de ani.<\/p>\n<p>Ajuns acum un om batran, dar cu dare de mana, singura speranta a lui Daniel de a o gasi pe Brigitte este Quenby Vaughn, o jurnalista americanca ce lucreaza in Londra. Daniel este convins ca tenacitatea dovedita de Quenby de a-i gasi pe cei dati disparuti, precum si implicarea ei personala intr-o poveste despre spionaj din vremea celui de al Doilea Razboi Mondial o vor ajuta sa izbandeasca acolo unde alti investigatori au dat gres. Cu toate ca Quenby are de luptat impotriva stafiilor propriului trecut si se codeste sa faca echipa cu Lucas Hough, avocatul lui Daniel, povestea lui Brigitte o fascineaza mult prea mult ca sa nu se implice. Impreuna, Quenby si Lucas scormonesc adanc trecutul, urmarind un sir interminabil de deceptii, sacrificii, dar si vindecari, care le vor schimba cu totul perspectiva si viitorul.<\/p>","protected":false},"featured_media":36539,"comment_status":"open","ping_status":"closed","template":"","meta":[],"product_brand":[],"product_cat":[377,400],"product_tag":[],"class_list":{"0":"post-36538","1":"product","2":"type-product","3":"status-publish","4":"has-post-thumbnail","6":"product_cat-carti","7":"product_cat-romane-povestiri-nuvele","8":"product_author-melanie-dobson","9":"product_genre-knigi-rom","11":"first","12":"instock","13":"shipping-taxable","14":"purchasable","15":"product-type-simple"},"yoast_head":"<!-- This site is optimized with the Yoast SEO plugin v27.3 - https:\/\/yoast.com\/product\/yoast-seo-wordpress\/ -->\n<title>Soaptele Vantului - Societatea Biblic\u0103 din Moldova<\/title>\n<meta name=\"robots\" content=\"index, follow, max-snippet:-1, max-image-preview:large, max-video-preview:-1\" \/>\n<link rel=\"canonical\" href=\"https:\/\/biblia.md\/en\/shop\/soaptele-vantului\/\" \/>\n<meta property=\"og:locale\" content=\"en_US\" \/>\n<meta property=\"og:type\" content=\"article\" \/>\n<meta property=\"og:title\" content=\"Soaptele Vantului - Societatea Biblic\u0103 din Moldova\" \/>\n<meta property=\"og:description\" content=\"Ce s-a intamplat cu Brigitte Berthold?  Intrebarea aceasta il macina pe Daniel Knight inca de la 13 ani, cand el si Brigitte, care avea doar 10 ani, au scapat din ghearele agentilor Gestapoului, care le-au arestat amandurora parintii. Au supravietuit apoi infioratoarei calatorii din Germania in Anglia, ca odata ajunsi la destinatie sa fie separati pentru totdeauna. Daniel a jurat sa o gaseasca pe Brigitte, odata ce razboiul se va fi sfarsit; o promisiune pe care s-a zbatut sa o implineasca mai bine de saptezeci de ani.  Ajuns acum un om batran, dar cu dare de mana, singura speranta a lui Daniel de a o gasi pe Brigitte este Quenby Vaughn, o jurnalista americanca ce lucreaza in Londra. Daniel este convins ca tenacitatea dovedita de Quenby de a-i gasi pe cei dati disparuti, precum si implicarea ei personala intr-o poveste despre spionaj din vremea celui de al Doilea Razboi Mondial o vor ajuta sa izbandeasca acolo unde alti investigatori au dat gres. Cu toate ca Quenby are de luptat impotriva stafiilor propriului trecut si se codeste sa faca echipa cu Lucas Hough, avocatul lui Daniel, povestea lui Brigitte o fascineaza mult prea mult ca sa nu se implice. Impreuna, Quenby si Lucas scormonesc adanc trecutul, urmarind un sir interminabil de deceptii, sacrificii, dar si vindecari, care le vor schimba cu totul perspectiva si viitorul.\" \/>\n<meta property=\"og:url\" content=\"https:\/\/biblia.md\/en\/shop\/soaptele-vantului\/\" \/>\n<meta property=\"og:site_name\" content=\"Societatea Biblic\u0103 din Moldova\" \/>\n<meta property=\"article:publisher\" content=\"https:\/\/www.facebook.com\/SocietateaBiblicaMoldova\/\" \/>\n<meta property=\"og:image\" content=\"https:\/\/biblia.md\/wp-content\/uploads\/2026\/03\/0000001687-675x1024.jpg\" \/>\n\t<meta property=\"og:image:width\" content=\"675\" \/>\n\t<meta property=\"og:image:height\" content=\"1024\" \/>\n\t<meta property=\"og:image:type\" content=\"image\/jpeg\" \/>\n<meta name=\"twitter:card\" content=\"summary_large_image\" \/>\n<meta name=\"twitter:label1\" content=\"Est. reading time\" \/>\n\t<meta name=\"twitter:data1\" content=\"1 minute\" \/>\n<script type=\"application\/ld+json\" class=\"yoast-schema-graph\">{\"@context\":\"https:\\\/\\\/schema.org\",\"@graph\":[{\"@type\":\"WebPage\",\"@id\":\"https:\\\/\\\/biblia.md\\\/shop\\\/soaptele-vantului\\\/\",\"url\":\"https:\\\/\\\/biblia.md\\\/shop\\\/soaptele-vantului\\\/\",\"name\":\"Soaptele Vantului - Societatea Biblic\u0103 din Moldova\",\"isPartOf\":{\"@id\":\"https:\\\/\\\/biblia.md\\\/#website\"},\"primaryImageOfPage\":{\"@id\":\"https:\\\/\\\/biblia.md\\\/shop\\\/soaptele-vantului\\\/#primaryimage\"},\"image\":{\"@id\":\"https:\\\/\\\/biblia.md\\\/shop\\\/soaptele-vantului\\\/#primaryimage\"},\"thumbnailUrl\":\"https:\\\/\\\/biblia.md\\\/wp-content\\\/uploads\\\/2026\\\/03\\\/0000001687.jpg\",\"datePublished\":\"2026-03-16T11:16:06+00:00\",\"breadcrumb\":{\"@id\":\"https:\\\/\\\/biblia.md\\\/shop\\\/soaptele-vantului\\\/#breadcrumb\"},\"inLanguage\":\"en-US\",\"potentialAction\":[{\"@type\":\"ReadAction\",\"target\":[\"https:\\\/\\\/biblia.md\\\/shop\\\/soaptele-vantului\\\/\"]}]},{\"@type\":\"ImageObject\",\"inLanguage\":\"en-US\",\"@id\":\"https:\\\/\\\/biblia.md\\\/shop\\\/soaptele-vantului\\\/#primaryimage\",\"url\":\"https:\\\/\\\/biblia.md\\\/wp-content\\\/uploads\\\/2026\\\/03\\\/0000001687.jpg\",\"contentUrl\":\"https:\\\/\\\/biblia.md\\\/wp-content\\\/uploads\\\/2026\\\/03\\\/0000001687.jpg\",\"width\":1596,\"height\":2421},{\"@type\":\"BreadcrumbList\",\"@id\":\"https:\\\/\\\/biblia.md\\\/shop\\\/soaptele-vantului\\\/#breadcrumb\",\"itemListElement\":[{\"@type\":\"ListItem\",\"position\":1,\"name\":\"Prima pagin\u0103\",\"item\":\"https:\\\/\\\/biblia.md\\\/\"},{\"@type\":\"ListItem\",\"position\":2,\"name\":\"Shop\",\"item\":\"https:\\\/\\\/biblia.md\\\/shop\\\/\"},{\"@type\":\"ListItem\",\"position\":3,\"name\":\"Soaptele Vantului\"}]},{\"@type\":\"WebSite\",\"@id\":\"https:\\\/\\\/biblia.md\\\/#website\",\"url\":\"https:\\\/\\\/biblia.md\\\/\",\"name\":\"Societatea Biblic\u0103 din Moldova\",\"description\":\"\",\"publisher\":{\"@id\":\"https:\\\/\\\/biblia.md\\\/#organization\"},\"potentialAction\":[{\"@type\":\"SearchAction\",\"target\":{\"@type\":\"EntryPoint\",\"urlTemplate\":\"https:\\\/\\\/biblia.md\\\/?s={search_term_string}\"},\"query-input\":{\"@type\":\"PropertyValueSpecification\",\"valueRequired\":true,\"valueName\":\"search_term_string\"}}],\"inLanguage\":\"en-US\"},{\"@type\":\"Organization\",\"@id\":\"https:\\\/\\\/biblia.md\\\/#organization\",\"name\":\"Societatea Biblic\u0103 din Moldova\",\"url\":\"https:\\\/\\\/biblia.md\\\/\",\"logo\":{\"@type\":\"ImageObject\",\"inLanguage\":\"en-US\",\"@id\":\"https:\\\/\\\/biblia.md\\\/#\\\/schema\\\/logo\\\/image\\\/\",\"url\":\"https:\\\/\\\/biblia.md\\\/wp-content\\\/uploads\\\/2026\\\/01\\\/icon_site.jpg\",\"contentUrl\":\"https:\\\/\\\/biblia.md\\\/wp-content\\\/uploads\\\/2026\\\/01\\\/icon_site.jpg\",\"width\":656,\"height\":656,\"caption\":\"Societatea Biblic\u0103 din Moldova\"},\"image\":{\"@id\":\"https:\\\/\\\/biblia.md\\\/#\\\/schema\\\/logo\\\/image\\\/\"},\"sameAs\":[\"https:\\\/\\\/www.facebook.com\\\/SocietateaBiblicaMoldova\\\/\",\"https:\\\/\\\/www.instagram.com\\\/biblia.md\\\/\"]}]}<\/script>\n<!-- \/ Yoast SEO plugin. -->","yoast_head_json":{"title":"Soaptele Vantului - Societatea Biblic\u0103 din Moldova","robots":{"index":"index","follow":"follow","max-snippet":"max-snippet:-1","max-image-preview":"max-image-preview:large","max-video-preview":"max-video-preview:-1"},"canonical":"https:\/\/biblia.md\/en\/shop\/soaptele-vantului\/","og_locale":"en_US","og_type":"article","og_title":"Soaptele Vantului - Societatea Biblic\u0103 din Moldova","og_description":"Ce s-a intamplat cu Brigitte Berthold?  Intrebarea aceasta il macina pe Daniel Knight inca de la 13 ani, cand el si Brigitte, care avea doar 10 ani, au scapat din ghearele agentilor Gestapoului, care le-au arestat amandurora parintii. Au supravietuit apoi infioratoarei calatorii din Germania in Anglia, ca odata ajunsi la destinatie sa fie separati pentru totdeauna. Daniel a jurat sa o gaseasca pe Brigitte, odata ce razboiul se va fi sfarsit; o promisiune pe care s-a zbatut sa o implineasca mai bine de saptezeci de ani.  Ajuns acum un om batran, dar cu dare de mana, singura speranta a lui Daniel de a o gasi pe Brigitte este Quenby Vaughn, o jurnalista americanca ce lucreaza in Londra. Daniel este convins ca tenacitatea dovedita de Quenby de a-i gasi pe cei dati disparuti, precum si implicarea ei personala intr-o poveste despre spionaj din vremea celui de al Doilea Razboi Mondial o vor ajuta sa izbandeasca acolo unde alti investigatori au dat gres. Cu toate ca Quenby are de luptat impotriva stafiilor propriului trecut si se codeste sa faca echipa cu Lucas Hough, avocatul lui Daniel, povestea lui Brigitte o fascineaza mult prea mult ca sa nu se implice. Impreuna, Quenby si Lucas scormonesc adanc trecutul, urmarind un sir interminabil de deceptii, sacrificii, dar si vindecari, care le vor schimba cu totul perspectiva si viitorul.","og_url":"https:\/\/biblia.md\/en\/shop\/soaptele-vantului\/","og_site_name":"Societatea Biblic\u0103 din Moldova","article_publisher":"https:\/\/www.facebook.com\/SocietateaBiblicaMoldova\/","og_image":[{"width":675,"height":1024,"url":"https:\/\/biblia.md\/wp-content\/uploads\/2026\/03\/0000001687-675x1024.jpg","type":"image\/jpeg"}],"twitter_card":"summary_large_image","twitter_misc":{"Est. reading time":"1 minute"},"schema":{"@context":"https:\/\/schema.org","@graph":[{"@type":"WebPage","@id":"https:\/\/biblia.md\/shop\/soaptele-vantului\/","url":"https:\/\/biblia.md\/shop\/soaptele-vantului\/","name":"Soaptele Vantului - Societatea Biblic\u0103 din Moldova","isPartOf":{"@id":"https:\/\/biblia.md\/#website"},"primaryImageOfPage":{"@id":"https:\/\/biblia.md\/shop\/soaptele-vantului\/#primaryimage"},"image":{"@id":"https:\/\/biblia.md\/shop\/soaptele-vantului\/#primaryimage"},"thumbnailUrl":"https:\/\/biblia.md\/wp-content\/uploads\/2026\/03\/0000001687.jpg","datePublished":"2026-03-16T11:16:06+00:00","breadcrumb":{"@id":"https:\/\/biblia.md\/shop\/soaptele-vantului\/#breadcrumb"},"inLanguage":"en-US","potentialAction":[{"@type":"ReadAction","target":["https:\/\/biblia.md\/shop\/soaptele-vantului\/"]}]},{"@type":"ImageObject","inLanguage":"en-US","@id":"https:\/\/biblia.md\/shop\/soaptele-vantului\/#primaryimage","url":"https:\/\/biblia.md\/wp-content\/uploads\/2026\/03\/0000001687.jpg","contentUrl":"https:\/\/biblia.md\/wp-content\/uploads\/2026\/03\/0000001687.jpg","width":1596,"height":2421},{"@type":"BreadcrumbList","@id":"https:\/\/biblia.md\/shop\/soaptele-vantului\/#breadcrumb","itemListElement":[{"@type":"ListItem","position":1,"name":"Prima pagin\u0103","item":"https:\/\/biblia.md\/"},{"@type":"ListItem","position":2,"name":"Shop","item":"https:\/\/biblia.md\/shop\/"},{"@type":"ListItem","position":3,"name":"Soaptele Vantului"}]},{"@type":"WebSite","@id":"https:\/\/biblia.md\/#website","url":"https:\/\/biblia.md\/","name":"Societatea Biblic\u0103 din Moldova","description":"","publisher":{"@id":"https:\/\/biblia.md\/#organization"},"potentialAction":[{"@type":"SearchAction","target":{"@type":"EntryPoint","urlTemplate":"https:\/\/biblia.md\/?s={search_term_string}"},"query-input":{"@type":"PropertyValueSpecification","valueRequired":true,"valueName":"search_term_string"}}],"inLanguage":"en-US"},{"@type":"Organization","@id":"https:\/\/biblia.md\/#organization","name":"Societatea Biblic\u0103 din Moldova","url":"https:\/\/biblia.md\/","logo":{"@type":"ImageObject","inLanguage":"en-US","@id":"https:\/\/biblia.md\/#\/schema\/logo\/image\/","url":"https:\/\/biblia.md\/wp-content\/uploads\/2026\/01\/icon_site.jpg","contentUrl":"https:\/\/biblia.md\/wp-content\/uploads\/2026\/01\/icon_site.jpg","width":656,"height":656,"caption":"Societatea Biblic\u0103 din Moldova"},"image":{"@id":"https:\/\/biblia.md\/#\/schema\/logo\/image\/"},"sameAs":["https:\/\/www.facebook.com\/SocietateaBiblicaMoldova\/","https:\/\/www.instagram.com\/biblia.md\/"]}]}},"_links":{"self":[{"href":"https:\/\/biblia.md\/en\/wp-json\/wp\/v2\/product\/36538","targetHints":{"allow":["GET"]}}],"collection":[{"href":"https:\/\/biblia.md\/en\/wp-json\/wp\/v2\/product"}],"about":[{"href":"https:\/\/biblia.md\/en\/wp-json\/wp\/v2\/types\/product"}],"replies":[{"embeddable":true,"href":"https:\/\/biblia.md\/en\/wp-json\/wp\/v2\/comments?post=36538"}],"version-history":[{"count":1,"href":"https:\/\/biblia.md\/en\/wp-json\/wp\/v2\/product\/36538\/revisions"}],"predecessor-version":[{"id":36540,"href":"https:\/\/biblia.md\/en\/wp-json\/wp\/v2\/product\/36538\/revisions\/36540"}],"wp:featuredmedia":[{"embeddable":true,"href":"https:\/\/biblia.md\/en\/wp-json\/wp\/v2\/media\/36539"}],"wp:attachment":[{"href":"https:\/\/biblia.md\/en\/wp-json\/wp\/v2\/media?parent=36538"}],"wp:term":[{"taxonomy":"product_brand","embeddable":true,"href":"https:\/\/biblia.md\/en\/wp-json\/wp\/v2\/product_brand?post=36538"},{"taxonomy":"product_cat","embeddable":true,"href":"https:\/\/biblia.md\/en\/wp-json\/wp\/v2\/product_cat?post=36538"},{"taxonomy":"product_tag","embeddable":true,"href":"https:\/\/biblia.md\/en\/wp-json\/wp\/v2\/product_tag?post=36538"}],"curies":[{"name":"wp","href":"https:\/\/api.w.org\/{rel}","templated":true}]}}