{"id":37103,"date":"2026-03-25T10:30:55","date_gmt":"2026-03-25T08:30:55","guid":{"rendered":"https:\/\/biblia.md\/?post_type=product&#038;p=37103"},"modified":"2026-03-25T10:34:30","modified_gmt":"2026-03-25T08:34:30","slug":"voia-ta-nu-voia-mea","status":"publish","type":"product","link":"https:\/\/biblia.md\/en\/shop\/voia-ta-nu-voia-mea\/","title":{"rendered":"Voia Ta, nu voia mea"},"content":{"rendered":"","protected":false},"excerpt":{"rendered":"<p><em>O poveste clasic\u0103 despre dragoste, suferin\u021b\u0103 \u0219i predare<\/em><\/p>\n<p>Dragostea secret\u0103 a lui Eleanor pentru Chad poate duce la pierderea mo\u0219tenirii \u0219i la abandonarea visului ei de-o via\u021b\u0103. Pre\u021bul pe care l-ar avea de pl\u0103tit dac\u0103 \u0219i-ar preda via\u021ba lui Dumnezeu o sperie, dar \u0219i pre\u021bul propriei \u00eenc\u0103p\u0103\u021b\u00e2n\u0103ri e mai mare dec\u00e2t \u0219i-ar fi imaginat. \u00ce\u0219i va urma oare propriile planuri sau va lua decizia, deloc u\u0219oar\u0103, de a-\u0219i preda via\u021ba lui Hristos? V\u00e2ndut \u00een mai bine de 500.000 de exemplare, romanul\u00a0<em>Voia Ta, nu voia mea<\/em>\u00a0continu\u0103 s\u0103-i inspire pe cititori s\u0103-\u0219i dedice via\u021ba Domnului Isus Hristos.<\/p>\n<p><strong>Francena H. Arnold<\/strong>\u00a0a lucrat ca profesoar\u0103, a fost o scriitoare talentat\u0103 \u0219i mam\u0103 a patru copii. A scris nou\u0103 romane. Primul dintre ele, intitulat\u00a0<em>Voia Ta, nu voia mea<\/em>, a fost scris ini\u021bial \u201edoar pentru membrii familiei.\u201c \u0218i-a petrecut anii copil\u0103riei \u00een \u021binuturile rurale ale statului Illinois, iar la maturitate a locuit, \u00eempreun\u0103 cu so\u021bul ei, Frank, \u00een ora\u0219ul Chicago.<\/p>","protected":false},"featured_media":37107,"comment_status":"open","ping_status":"closed","template":"","meta":[],"product_brand":[],"product_cat":[377,400],"product_tag":[],"class_list":{"0":"post-37103","1":"product","2":"type-product","3":"status-publish","4":"has-post-thumbnail","6":"product_cat-carti","7":"product_cat-romane-povestiri-nuvele","8":"product_author-francena-h-arnold","9":"product_genre-knigi-rom","11":"first","12":"instock","13":"shipping-taxable","14":"purchasable","15":"product-type-simple"},"yoast_head":"<!-- This site is optimized with the Yoast SEO plugin v27.3 - https:\/\/yoast.com\/product\/yoast-seo-wordpress\/ -->\n<title>Voia Ta, nu voia mea - Societatea Biblic\u0103 din Moldova<\/title>\n<meta name=\"robots\" content=\"index, follow, max-snippet:-1, max-image-preview:large, max-video-preview:-1\" \/>\n<link rel=\"canonical\" href=\"https:\/\/biblia.md\/en\/shop\/voia-ta-nu-voia-mea\/\" \/>\n<meta property=\"og:locale\" content=\"en_US\" \/>\n<meta property=\"og:type\" content=\"article\" \/>\n<meta property=\"og:title\" content=\"Voia Ta, nu voia mea - Societatea Biblic\u0103 din Moldova\" \/>\n<meta property=\"og:description\" content=\"O poveste clasic\u0103 despre dragoste, suferin\u021b\u0103 \u0219i predare  Dragostea secret\u0103 a lui Eleanor pentru Chad poate duce la pierderea mo\u0219tenirii \u0219i la abandonarea visului ei de-o via\u021b\u0103. Pre\u021bul pe care l-ar avea de pl\u0103tit dac\u0103 \u0219i-ar preda via\u021ba lui Dumnezeu o sperie, dar \u0219i pre\u021bul propriei \u00eenc\u0103p\u0103\u021b\u00e2n\u0103ri e mai mare dec\u00e2t \u0219i-ar fi imaginat. \u00ce\u0219i va urma oare propriile planuri sau va lua decizia, deloc u\u0219oar\u0103, de a-\u0219i preda via\u021ba lui Hristos? V\u00e2ndut \u00een mai bine de 500.000 de exemplare, romanul\u00a0Voia Ta, nu voia mea\u00a0continu\u0103 s\u0103-i inspire pe cititori s\u0103-\u0219i dedice via\u021ba Domnului Isus Hristos.  Francena H. Arnold\u00a0a lucrat ca profesoar\u0103, a fost o scriitoare talentat\u0103 \u0219i mam\u0103 a patru copii. A scris nou\u0103 romane. Primul dintre ele, intitulat\u00a0Voia Ta, nu voia mea, a fost scris ini\u021bial \u201edoar pentru membrii familiei.\u201c \u0218i-a petrecut anii copil\u0103riei \u00een \u021binuturile rurale ale statului Illinois, iar la maturitate a locuit, \u00eempreun\u0103 cu so\u021bul ei, Frank, \u00een ora\u0219ul Chicago.\" \/>\n<meta property=\"og:url\" content=\"https:\/\/biblia.md\/en\/shop\/voia-ta-nu-voia-mea\/\" \/>\n<meta property=\"og:site_name\" content=\"Societatea Biblic\u0103 din Moldova\" \/>\n<meta property=\"article:publisher\" content=\"https:\/\/www.facebook.com\/SocietateaBiblicaMoldova\/\" \/>\n<meta property=\"article:modified_time\" content=\"2026-03-25T08:34:30+00:00\" \/>\n<meta property=\"og:image\" content=\"https:\/\/biblia.md\/wp-content\/uploads\/2026\/03\/0000001732.jpg\" \/>\n\t<meta property=\"og:image:width\" content=\"600\" \/>\n\t<meta property=\"og:image:height\" content=\"900\" \/>\n\t<meta property=\"og:image:type\" content=\"image\/jpeg\" \/>\n<meta name=\"twitter:card\" content=\"summary_large_image\" \/>\n<meta name=\"twitter:label1\" content=\"Est. reading time\" \/>\n\t<meta name=\"twitter:data1\" content=\"1 minute\" \/>\n<script type=\"application\/ld+json\" class=\"yoast-schema-graph\">{\"@context\":\"https:\\\/\\\/schema.org\",\"@graph\":[{\"@type\":\"WebPage\",\"@id\":\"https:\\\/\\\/biblia.md\\\/shop\\\/voia-ta-nu-voia-mea\\\/\",\"url\":\"https:\\\/\\\/biblia.md\\\/shop\\\/voia-ta-nu-voia-mea\\\/\",\"name\":\"Voia Ta, nu voia mea - Societatea Biblic\u0103 din Moldova\",\"isPartOf\":{\"@id\":\"https:\\\/\\\/biblia.md\\\/#website\"},\"primaryImageOfPage\":{\"@id\":\"https:\\\/\\\/biblia.md\\\/shop\\\/voia-ta-nu-voia-mea\\\/#primaryimage\"},\"image\":{\"@id\":\"https:\\\/\\\/biblia.md\\\/shop\\\/voia-ta-nu-voia-mea\\\/#primaryimage\"},\"thumbnailUrl\":\"https:\\\/\\\/biblia.md\\\/wp-content\\\/uploads\\\/2026\\\/03\\\/d8ad68cc-0490-4f93-851a-c6f315dd5404.png\",\"datePublished\":\"2026-03-25T08:30:55+00:00\",\"dateModified\":\"2026-03-25T08:34:30+00:00\",\"breadcrumb\":{\"@id\":\"https:\\\/\\\/biblia.md\\\/shop\\\/voia-ta-nu-voia-mea\\\/#breadcrumb\"},\"inLanguage\":\"en-US\",\"potentialAction\":[{\"@type\":\"ReadAction\",\"target\":[\"https:\\\/\\\/biblia.md\\\/shop\\\/voia-ta-nu-voia-mea\\\/\"]}]},{\"@type\":\"ImageObject\",\"inLanguage\":\"en-US\",\"@id\":\"https:\\\/\\\/biblia.md\\\/shop\\\/voia-ta-nu-voia-mea\\\/#primaryimage\",\"url\":\"https:\\\/\\\/biblia.md\\\/wp-content\\\/uploads\\\/2026\\\/03\\\/d8ad68cc-0490-4f93-851a-c6f315dd5404.png\",\"contentUrl\":\"https:\\\/\\\/biblia.md\\\/wp-content\\\/uploads\\\/2026\\\/03\\\/d8ad68cc-0490-4f93-851a-c6f315dd5404.png\",\"width\":1024,\"height\":1536},{\"@type\":\"BreadcrumbList\",\"@id\":\"https:\\\/\\\/biblia.md\\\/shop\\\/voia-ta-nu-voia-mea\\\/#breadcrumb\",\"itemListElement\":[{\"@type\":\"ListItem\",\"position\":1,\"name\":\"Prima pagin\u0103\",\"item\":\"https:\\\/\\\/biblia.md\\\/\"},{\"@type\":\"ListItem\",\"position\":2,\"name\":\"Shop\",\"item\":\"https:\\\/\\\/biblia.md\\\/shop\\\/\"},{\"@type\":\"ListItem\",\"position\":3,\"name\":\"Voia Ta, nu voia mea\"}]},{\"@type\":\"WebSite\",\"@id\":\"https:\\\/\\\/biblia.md\\\/#website\",\"url\":\"https:\\\/\\\/biblia.md\\\/\",\"name\":\"Societatea Biblic\u0103 din Moldova\",\"description\":\"\",\"publisher\":{\"@id\":\"https:\\\/\\\/biblia.md\\\/#organization\"},\"potentialAction\":[{\"@type\":\"SearchAction\",\"target\":{\"@type\":\"EntryPoint\",\"urlTemplate\":\"https:\\\/\\\/biblia.md\\\/?s={search_term_string}\"},\"query-input\":{\"@type\":\"PropertyValueSpecification\",\"valueRequired\":true,\"valueName\":\"search_term_string\"}}],\"inLanguage\":\"en-US\"},{\"@type\":\"Organization\",\"@id\":\"https:\\\/\\\/biblia.md\\\/#organization\",\"name\":\"Societatea Biblic\u0103 din Moldova\",\"url\":\"https:\\\/\\\/biblia.md\\\/\",\"logo\":{\"@type\":\"ImageObject\",\"inLanguage\":\"en-US\",\"@id\":\"https:\\\/\\\/biblia.md\\\/#\\\/schema\\\/logo\\\/image\\\/\",\"url\":\"https:\\\/\\\/biblia.md\\\/wp-content\\\/uploads\\\/2026\\\/01\\\/icon_site.jpg\",\"contentUrl\":\"https:\\\/\\\/biblia.md\\\/wp-content\\\/uploads\\\/2026\\\/01\\\/icon_site.jpg\",\"width\":656,\"height\":656,\"caption\":\"Societatea Biblic\u0103 din Moldova\"},\"image\":{\"@id\":\"https:\\\/\\\/biblia.md\\\/#\\\/schema\\\/logo\\\/image\\\/\"},\"sameAs\":[\"https:\\\/\\\/www.facebook.com\\\/SocietateaBiblicaMoldova\\\/\",\"https:\\\/\\\/www.instagram.com\\\/biblia.md\\\/\"]}]}<\/script>\n<!-- \/ Yoast SEO plugin. -->","yoast_head_json":{"title":"Voia Ta, nu voia mea - Societatea Biblic\u0103 din Moldova","robots":{"index":"index","follow":"follow","max-snippet":"max-snippet:-1","max-image-preview":"max-image-preview:large","max-video-preview":"max-video-preview:-1"},"canonical":"https:\/\/biblia.md\/en\/shop\/voia-ta-nu-voia-mea\/","og_locale":"en_US","og_type":"article","og_title":"Voia Ta, nu voia mea - Societatea Biblic\u0103 din Moldova","og_description":"O poveste clasic\u0103 despre dragoste, suferin\u021b\u0103 \u0219i predare  Dragostea secret\u0103 a lui Eleanor pentru Chad poate duce la pierderea mo\u0219tenirii \u0219i la abandonarea visului ei de-o via\u021b\u0103. Pre\u021bul pe care l-ar avea de pl\u0103tit dac\u0103 \u0219i-ar preda via\u021ba lui Dumnezeu o sperie, dar \u0219i pre\u021bul propriei \u00eenc\u0103p\u0103\u021b\u00e2n\u0103ri e mai mare dec\u00e2t \u0219i-ar fi imaginat. \u00ce\u0219i va urma oare propriile planuri sau va lua decizia, deloc u\u0219oar\u0103, de a-\u0219i preda via\u021ba lui Hristos? V\u00e2ndut \u00een mai bine de 500.000 de exemplare, romanul\u00a0Voia Ta, nu voia mea\u00a0continu\u0103 s\u0103-i inspire pe cititori s\u0103-\u0219i dedice via\u021ba Domnului Isus Hristos.  Francena H. Arnold\u00a0a lucrat ca profesoar\u0103, a fost o scriitoare talentat\u0103 \u0219i mam\u0103 a patru copii. A scris nou\u0103 romane. Primul dintre ele, intitulat\u00a0Voia Ta, nu voia mea, a fost scris ini\u021bial \u201edoar pentru membrii familiei.\u201c \u0218i-a petrecut anii copil\u0103riei \u00een \u021binuturile rurale ale statului Illinois, iar la maturitate a locuit, \u00eempreun\u0103 cu so\u021bul ei, Frank, \u00een ora\u0219ul Chicago.","og_url":"https:\/\/biblia.md\/en\/shop\/voia-ta-nu-voia-mea\/","og_site_name":"Societatea Biblic\u0103 din Moldova","article_publisher":"https:\/\/www.facebook.com\/SocietateaBiblicaMoldova\/","article_modified_time":"2026-03-25T08:34:30+00:00","og_image":[{"width":600,"height":900,"url":"https:\/\/biblia.md\/wp-content\/uploads\/2026\/03\/0000001732.jpg","type":"image\/jpeg"}],"twitter_card":"summary_large_image","twitter_misc":{"Est. reading time":"1 minute"},"schema":{"@context":"https:\/\/schema.org","@graph":[{"@type":"WebPage","@id":"https:\/\/biblia.md\/shop\/voia-ta-nu-voia-mea\/","url":"https:\/\/biblia.md\/shop\/voia-ta-nu-voia-mea\/","name":"Voia Ta, nu voia mea - Societatea Biblic\u0103 din Moldova","isPartOf":{"@id":"https:\/\/biblia.md\/#website"},"primaryImageOfPage":{"@id":"https:\/\/biblia.md\/shop\/voia-ta-nu-voia-mea\/#primaryimage"},"image":{"@id":"https:\/\/biblia.md\/shop\/voia-ta-nu-voia-mea\/#primaryimage"},"thumbnailUrl":"https:\/\/biblia.md\/wp-content\/uploads\/2026\/03\/d8ad68cc-0490-4f93-851a-c6f315dd5404.png","datePublished":"2026-03-25T08:30:55+00:00","dateModified":"2026-03-25T08:34:30+00:00","breadcrumb":{"@id":"https:\/\/biblia.md\/shop\/voia-ta-nu-voia-mea\/#breadcrumb"},"inLanguage":"en-US","potentialAction":[{"@type":"ReadAction","target":["https:\/\/biblia.md\/shop\/voia-ta-nu-voia-mea\/"]}]},{"@type":"ImageObject","inLanguage":"en-US","@id":"https:\/\/biblia.md\/shop\/voia-ta-nu-voia-mea\/#primaryimage","url":"https:\/\/biblia.md\/wp-content\/uploads\/2026\/03\/d8ad68cc-0490-4f93-851a-c6f315dd5404.png","contentUrl":"https:\/\/biblia.md\/wp-content\/uploads\/2026\/03\/d8ad68cc-0490-4f93-851a-c6f315dd5404.png","width":1024,"height":1536},{"@type":"BreadcrumbList","@id":"https:\/\/biblia.md\/shop\/voia-ta-nu-voia-mea\/#breadcrumb","itemListElement":[{"@type":"ListItem","position":1,"name":"Prima pagin\u0103","item":"https:\/\/biblia.md\/"},{"@type":"ListItem","position":2,"name":"Shop","item":"https:\/\/biblia.md\/shop\/"},{"@type":"ListItem","position":3,"name":"Voia Ta, nu voia mea"}]},{"@type":"WebSite","@id":"https:\/\/biblia.md\/#website","url":"https:\/\/biblia.md\/","name":"Societatea Biblic\u0103 din Moldova","description":"","publisher":{"@id":"https:\/\/biblia.md\/#organization"},"potentialAction":[{"@type":"SearchAction","target":{"@type":"EntryPoint","urlTemplate":"https:\/\/biblia.md\/?s={search_term_string}"},"query-input":{"@type":"PropertyValueSpecification","valueRequired":true,"valueName":"search_term_string"}}],"inLanguage":"en-US"},{"@type":"Organization","@id":"https:\/\/biblia.md\/#organization","name":"Societatea Biblic\u0103 din Moldova","url":"https:\/\/biblia.md\/","logo":{"@type":"ImageObject","inLanguage":"en-US","@id":"https:\/\/biblia.md\/#\/schema\/logo\/image\/","url":"https:\/\/biblia.md\/wp-content\/uploads\/2026\/01\/icon_site.jpg","contentUrl":"https:\/\/biblia.md\/wp-content\/uploads\/2026\/01\/icon_site.jpg","width":656,"height":656,"caption":"Societatea Biblic\u0103 din Moldova"},"image":{"@id":"https:\/\/biblia.md\/#\/schema\/logo\/image\/"},"sameAs":["https:\/\/www.facebook.com\/SocietateaBiblicaMoldova\/","https:\/\/www.instagram.com\/biblia.md\/"]}]}},"_links":{"self":[{"href":"https:\/\/biblia.md\/en\/wp-json\/wp\/v2\/product\/37103","targetHints":{"allow":["GET"]}}],"collection":[{"href":"https:\/\/biblia.md\/en\/wp-json\/wp\/v2\/product"}],"about":[{"href":"https:\/\/biblia.md\/en\/wp-json\/wp\/v2\/types\/product"}],"replies":[{"embeddable":true,"href":"https:\/\/biblia.md\/en\/wp-json\/wp\/v2\/comments?post=37103"}],"version-history":[{"count":1,"href":"https:\/\/biblia.md\/en\/wp-json\/wp\/v2\/product\/37103\/revisions"}],"predecessor-version":[{"id":37105,"href":"https:\/\/biblia.md\/en\/wp-json\/wp\/v2\/product\/37103\/revisions\/37105"}],"wp:featuredmedia":[{"embeddable":true,"href":"https:\/\/biblia.md\/en\/wp-json\/wp\/v2\/media\/37107"}],"wp:attachment":[{"href":"https:\/\/biblia.md\/en\/wp-json\/wp\/v2\/media?parent=37103"}],"wp:term":[{"taxonomy":"product_brand","embeddable":true,"href":"https:\/\/biblia.md\/en\/wp-json\/wp\/v2\/product_brand?post=37103"},{"taxonomy":"product_cat","embeddable":true,"href":"https:\/\/biblia.md\/en\/wp-json\/wp\/v2\/product_cat?post=37103"},{"taxonomy":"product_tag","embeddable":true,"href":"https:\/\/biblia.md\/en\/wp-json\/wp\/v2\/product_tag?post=37103"}],"curies":[{"name":"wp","href":"https:\/\/api.w.org\/{rel}","templated":true}]}}