{"id":37148,"date":"2025-12-01T00:01:55","date_gmt":"2025-11-30T22:01:55","guid":{"rendered":"https:\/\/biblia.md\/?post_type=product&#038;p=37148"},"modified":"2026-03-25T14:05:17","modified_gmt":"2026-03-25T12:05:17","slug":"biologie-in-viziune-creationist-biblica-clasa-a-xll-a","status":"publish","type":"product","link":"https:\/\/biblia.md\/en\/shop\/biologie-in-viziune-creationist-biblica-clasa-a-xll-a\/","title":{"rendered":"Biologie in viziune creationist-biblica &#8211; Clasa a Xll-a"},"content":{"rendered":"","protected":false},"excerpt":{"rendered":"<p><strong data-entity-type=\"MessageEntityBold\">\u201eMari sunt lucr\u0103rile Domnului,<br \/>\ncercetate de to\u021bi cei ce le iubesc!<\/strong><\/p>\n<p><strong data-entity-type=\"MessageEntityBold\">Psalmul 111:2<\/strong><\/p>\n<p>Mul\u021bumesc Dumnezeului celui viu, care a dat via\u021b\u0103 celor 9 c\u0103r\u021bi de biologie \u00een viziune crea\u021bionist\u0103 pentru clasele V-XII (manualul pentru clasa a IX-a a ap\u0103rut \u00een dou\u0103 edi\u021bii). Supranaturalul este evident \u00een scrierea acestor c\u0103r\u021bi. Dumnezeu a demonstrat c\u0103 se pot face lucr\u0103ri pentru \u00cemp\u0103r\u0103\u021bia Sa f\u0103r\u0103 bani \u0219i f\u0103r\u0103 plat\u0103, cu inspira\u021bia \u0219i puterea Sa, materializate \u00een multiplele nevoi care au ap\u0103rut pe parcursul a mai bine de 15 ani de lucru. M-am str\u0103duit s\u0103 scriu dup\u0103 \u00eendemnurile biblice, cu dragoste, credincio\u0219ie \u0219i bucurie, spre slava lui Dumnezeu \u0219i dezvoltarea convingerilor crea\u021bioniste a cititorilor, prilejuind desf\u0103t\u0103ri, uimiri \u0219i mul\u021bumiri pentru lucr\u0103rile divine \u00een lumea vie.<\/p>\n<p><strong data-entity-type=\"MessageEntityBold\">\u2013 Maria Popa<\/strong>\u201d<\/p>","protected":false},"featured_media":37150,"comment_status":"open","ping_status":"closed","template":"","meta":[],"product_brand":[],"product_cat":[387,377],"product_tag":[],"class_list":{"0":"post-37148","1":"product","2":"type-product","3":"status-publish","4":"has-post-thumbnail","6":"product_cat-adolescenti-tineri","7":"product_cat-carti","8":"product_author-maria-popa","9":"product_genre-knigi-rom","11":"first","12":"instock","13":"shipping-taxable","14":"purchasable","15":"product-type-simple"},"yoast_head":"<!-- This site is optimized with the Yoast SEO plugin v27.3 - https:\/\/yoast.com\/product\/yoast-seo-wordpress\/ -->\n<title>Biologie in viziune creationist-biblica - Clasa a Xll-a - Societatea Biblic\u0103 din Moldova<\/title>\n<meta name=\"robots\" content=\"index, follow, max-snippet:-1, max-image-preview:large, max-video-preview:-1\" \/>\n<link rel=\"canonical\" href=\"https:\/\/biblia.md\/en\/shop\/biologie-in-viziune-creationist-biblica-clasa-a-xll-a\/\" \/>\n<meta property=\"og:locale\" content=\"en_US\" \/>\n<meta property=\"og:type\" content=\"article\" \/>\n<meta property=\"og:title\" content=\"Biologie in viziune creationist-biblica - Clasa a Xll-a - Societatea Biblic\u0103 din Moldova\" \/>\n<meta property=\"og:description\" content=\"\u201eMari sunt lucr\u0103rile Domnului, cercetate de to\u021bi cei ce le iubesc!  Psalmul 111:2  Mul\u021bumesc Dumnezeului celui viu, care a dat via\u021b\u0103 celor 9 c\u0103r\u021bi de biologie \u00een viziune crea\u021bionist\u0103 pentru clasele V-XII (manualul pentru clasa a IX-a a ap\u0103rut \u00een dou\u0103 edi\u021bii). Supranaturalul este evident \u00een scrierea acestor c\u0103r\u021bi. Dumnezeu a demonstrat c\u0103 se pot face lucr\u0103ri pentru \u00cemp\u0103r\u0103\u021bia Sa f\u0103r\u0103 bani \u0219i f\u0103r\u0103 plat\u0103, cu inspira\u021bia \u0219i puterea Sa, materializate \u00een multiplele nevoi care au ap\u0103rut pe parcursul a mai bine de 15 ani de lucru. M-am str\u0103duit s\u0103 scriu dup\u0103 \u00eendemnurile biblice, cu dragoste, credincio\u0219ie \u0219i bucurie, spre slava lui Dumnezeu \u0219i dezvoltarea convingerilor crea\u021bioniste a cititorilor, prilejuind desf\u0103t\u0103ri, uimiri \u0219i mul\u021bumiri pentru lucr\u0103rile divine \u00een lumea vie.  \u2013 Maria Popa\u201d\" \/>\n<meta property=\"og:url\" content=\"https:\/\/biblia.md\/en\/shop\/biologie-in-viziune-creationist-biblica-clasa-a-xll-a\/\" \/>\n<meta property=\"og:site_name\" content=\"Societatea Biblic\u0103 din Moldova\" \/>\n<meta property=\"article:publisher\" content=\"https:\/\/www.facebook.com\/SocietateaBiblicaMoldova\/\" \/>\n<meta property=\"article:modified_time\" content=\"2026-03-25T12:05:17+00:00\" \/>\n<meta property=\"og:image\" content=\"https:\/\/biblia.md\/wp-content\/uploads\/2025\/12\/2bbd3c04-588d-4fac-991b-465ff5ef2dfc.jpeg\" \/>\n\t<meta property=\"og:image:width\" content=\"915\" \/>\n\t<meta property=\"og:image:height\" content=\"1327\" \/>\n\t<meta property=\"og:image:type\" content=\"image\/jpeg\" \/>\n<meta name=\"twitter:card\" content=\"summary_large_image\" \/>\n<meta name=\"twitter:label1\" content=\"Est. reading time\" \/>\n\t<meta name=\"twitter:data1\" content=\"1 minute\" \/>\n<script type=\"application\/ld+json\" class=\"yoast-schema-graph\">{\"@context\":\"https:\\\/\\\/schema.org\",\"@graph\":[{\"@type\":\"WebPage\",\"@id\":\"https:\\\/\\\/biblia.md\\\/shop\\\/biologie-in-viziune-creationist-biblica-clasa-a-xll-a\\\/\",\"url\":\"https:\\\/\\\/biblia.md\\\/shop\\\/biologie-in-viziune-creationist-biblica-clasa-a-xll-a\\\/\",\"name\":\"Biologie in viziune creationist-biblica - Clasa a Xll-a - Societatea Biblic\u0103 din Moldova\",\"isPartOf\":{\"@id\":\"https:\\\/\\\/biblia.md\\\/#website\"},\"primaryImageOfPage\":{\"@id\":\"https:\\\/\\\/biblia.md\\\/shop\\\/biologie-in-viziune-creationist-biblica-clasa-a-xll-a\\\/#primaryimage\"},\"image\":{\"@id\":\"https:\\\/\\\/biblia.md\\\/shop\\\/biologie-in-viziune-creationist-biblica-clasa-a-xll-a\\\/#primaryimage\"},\"thumbnailUrl\":\"https:\\\/\\\/biblia.md\\\/wp-content\\\/uploads\\\/2025\\\/12\\\/2bbd3c04-588d-4fac-991b-465ff5ef2dfc.jpeg\",\"datePublished\":\"2025-11-30T22:01:55+00:00\",\"dateModified\":\"2026-03-25T12:05:17+00:00\",\"breadcrumb\":{\"@id\":\"https:\\\/\\\/biblia.md\\\/shop\\\/biologie-in-viziune-creationist-biblica-clasa-a-xll-a\\\/#breadcrumb\"},\"inLanguage\":\"en-US\",\"potentialAction\":[{\"@type\":\"ReadAction\",\"target\":[\"https:\\\/\\\/biblia.md\\\/shop\\\/biologie-in-viziune-creationist-biblica-clasa-a-xll-a\\\/\"]}]},{\"@type\":\"ImageObject\",\"inLanguage\":\"en-US\",\"@id\":\"https:\\\/\\\/biblia.md\\\/shop\\\/biologie-in-viziune-creationist-biblica-clasa-a-xll-a\\\/#primaryimage\",\"url\":\"https:\\\/\\\/biblia.md\\\/wp-content\\\/uploads\\\/2025\\\/12\\\/2bbd3c04-588d-4fac-991b-465ff5ef2dfc.jpeg\",\"contentUrl\":\"https:\\\/\\\/biblia.md\\\/wp-content\\\/uploads\\\/2025\\\/12\\\/2bbd3c04-588d-4fac-991b-465ff5ef2dfc.jpeg\",\"width\":915,\"height\":1327},{\"@type\":\"BreadcrumbList\",\"@id\":\"https:\\\/\\\/biblia.md\\\/shop\\\/biologie-in-viziune-creationist-biblica-clasa-a-xll-a\\\/#breadcrumb\",\"itemListElement\":[{\"@type\":\"ListItem\",\"position\":1,\"name\":\"Prima pagin\u0103\",\"item\":\"https:\\\/\\\/biblia.md\\\/\"},{\"@type\":\"ListItem\",\"position\":2,\"name\":\"Shop\",\"item\":\"https:\\\/\\\/biblia.md\\\/shop\\\/\"},{\"@type\":\"ListItem\",\"position\":3,\"name\":\"Biologie in viziune creationist-biblica &#8211; Clasa a Xll-a\"}]},{\"@type\":\"WebSite\",\"@id\":\"https:\\\/\\\/biblia.md\\\/#website\",\"url\":\"https:\\\/\\\/biblia.md\\\/\",\"name\":\"Societatea Biblic\u0103 din Moldova\",\"description\":\"\",\"publisher\":{\"@id\":\"https:\\\/\\\/biblia.md\\\/#organization\"},\"potentialAction\":[{\"@type\":\"SearchAction\",\"target\":{\"@type\":\"EntryPoint\",\"urlTemplate\":\"https:\\\/\\\/biblia.md\\\/?s={search_term_string}\"},\"query-input\":{\"@type\":\"PropertyValueSpecification\",\"valueRequired\":true,\"valueName\":\"search_term_string\"}}],\"inLanguage\":\"en-US\"},{\"@type\":\"Organization\",\"@id\":\"https:\\\/\\\/biblia.md\\\/#organization\",\"name\":\"Societatea Biblic\u0103 din Moldova\",\"url\":\"https:\\\/\\\/biblia.md\\\/\",\"logo\":{\"@type\":\"ImageObject\",\"inLanguage\":\"en-US\",\"@id\":\"https:\\\/\\\/biblia.md\\\/#\\\/schema\\\/logo\\\/image\\\/\",\"url\":\"https:\\\/\\\/biblia.md\\\/wp-content\\\/uploads\\\/2026\\\/01\\\/icon_site.jpg\",\"contentUrl\":\"https:\\\/\\\/biblia.md\\\/wp-content\\\/uploads\\\/2026\\\/01\\\/icon_site.jpg\",\"width\":656,\"height\":656,\"caption\":\"Societatea Biblic\u0103 din Moldova\"},\"image\":{\"@id\":\"https:\\\/\\\/biblia.md\\\/#\\\/schema\\\/logo\\\/image\\\/\"},\"sameAs\":[\"https:\\\/\\\/www.facebook.com\\\/SocietateaBiblicaMoldova\\\/\",\"https:\\\/\\\/www.instagram.com\\\/biblia.md\\\/\"]}]}<\/script>\n<!-- \/ Yoast SEO plugin. -->","yoast_head_json":{"title":"Biologie in viziune creationist-biblica - Clasa a Xll-a - Societatea Biblic\u0103 din Moldova","robots":{"index":"index","follow":"follow","max-snippet":"max-snippet:-1","max-image-preview":"max-image-preview:large","max-video-preview":"max-video-preview:-1"},"canonical":"https:\/\/biblia.md\/en\/shop\/biologie-in-viziune-creationist-biblica-clasa-a-xll-a\/","og_locale":"en_US","og_type":"article","og_title":"Biologie in viziune creationist-biblica - Clasa a Xll-a - Societatea Biblic\u0103 din Moldova","og_description":"\u201eMari sunt lucr\u0103rile Domnului, cercetate de to\u021bi cei ce le iubesc!  Psalmul 111:2  Mul\u021bumesc Dumnezeului celui viu, care a dat via\u021b\u0103 celor 9 c\u0103r\u021bi de biologie \u00een viziune crea\u021bionist\u0103 pentru clasele V-XII (manualul pentru clasa a IX-a a ap\u0103rut \u00een dou\u0103 edi\u021bii). Supranaturalul este evident \u00een scrierea acestor c\u0103r\u021bi. Dumnezeu a demonstrat c\u0103 se pot face lucr\u0103ri pentru \u00cemp\u0103r\u0103\u021bia Sa f\u0103r\u0103 bani \u0219i f\u0103r\u0103 plat\u0103, cu inspira\u021bia \u0219i puterea Sa, materializate \u00een multiplele nevoi care au ap\u0103rut pe parcursul a mai bine de 15 ani de lucru. M-am str\u0103duit s\u0103 scriu dup\u0103 \u00eendemnurile biblice, cu dragoste, credincio\u0219ie \u0219i bucurie, spre slava lui Dumnezeu \u0219i dezvoltarea convingerilor crea\u021bioniste a cititorilor, prilejuind desf\u0103t\u0103ri, uimiri \u0219i mul\u021bumiri pentru lucr\u0103rile divine \u00een lumea vie.  \u2013 Maria Popa\u201d","og_url":"https:\/\/biblia.md\/en\/shop\/biologie-in-viziune-creationist-biblica-clasa-a-xll-a\/","og_site_name":"Societatea Biblic\u0103 din Moldova","article_publisher":"https:\/\/www.facebook.com\/SocietateaBiblicaMoldova\/","article_modified_time":"2026-03-25T12:05:17+00:00","og_image":[{"width":915,"height":1327,"url":"https:\/\/biblia.md\/wp-content\/uploads\/2025\/12\/2bbd3c04-588d-4fac-991b-465ff5ef2dfc.jpeg","type":"image\/jpeg"}],"twitter_card":"summary_large_image","twitter_misc":{"Est. reading time":"1 minute"},"schema":{"@context":"https:\/\/schema.org","@graph":[{"@type":"WebPage","@id":"https:\/\/biblia.md\/shop\/biologie-in-viziune-creationist-biblica-clasa-a-xll-a\/","url":"https:\/\/biblia.md\/shop\/biologie-in-viziune-creationist-biblica-clasa-a-xll-a\/","name":"Biologie in viziune creationist-biblica - Clasa a Xll-a - Societatea Biblic\u0103 din Moldova","isPartOf":{"@id":"https:\/\/biblia.md\/#website"},"primaryImageOfPage":{"@id":"https:\/\/biblia.md\/shop\/biologie-in-viziune-creationist-biblica-clasa-a-xll-a\/#primaryimage"},"image":{"@id":"https:\/\/biblia.md\/shop\/biologie-in-viziune-creationist-biblica-clasa-a-xll-a\/#primaryimage"},"thumbnailUrl":"https:\/\/biblia.md\/wp-content\/uploads\/2025\/12\/2bbd3c04-588d-4fac-991b-465ff5ef2dfc.jpeg","datePublished":"2025-11-30T22:01:55+00:00","dateModified":"2026-03-25T12:05:17+00:00","breadcrumb":{"@id":"https:\/\/biblia.md\/shop\/biologie-in-viziune-creationist-biblica-clasa-a-xll-a\/#breadcrumb"},"inLanguage":"en-US","potentialAction":[{"@type":"ReadAction","target":["https:\/\/biblia.md\/shop\/biologie-in-viziune-creationist-biblica-clasa-a-xll-a\/"]}]},{"@type":"ImageObject","inLanguage":"en-US","@id":"https:\/\/biblia.md\/shop\/biologie-in-viziune-creationist-biblica-clasa-a-xll-a\/#primaryimage","url":"https:\/\/biblia.md\/wp-content\/uploads\/2025\/12\/2bbd3c04-588d-4fac-991b-465ff5ef2dfc.jpeg","contentUrl":"https:\/\/biblia.md\/wp-content\/uploads\/2025\/12\/2bbd3c04-588d-4fac-991b-465ff5ef2dfc.jpeg","width":915,"height":1327},{"@type":"BreadcrumbList","@id":"https:\/\/biblia.md\/shop\/biologie-in-viziune-creationist-biblica-clasa-a-xll-a\/#breadcrumb","itemListElement":[{"@type":"ListItem","position":1,"name":"Prima pagin\u0103","item":"https:\/\/biblia.md\/"},{"@type":"ListItem","position":2,"name":"Shop","item":"https:\/\/biblia.md\/shop\/"},{"@type":"ListItem","position":3,"name":"Biologie in viziune creationist-biblica &#8211; Clasa a Xll-a"}]},{"@type":"WebSite","@id":"https:\/\/biblia.md\/#website","url":"https:\/\/biblia.md\/","name":"Societatea Biblic\u0103 din Moldova","description":"","publisher":{"@id":"https:\/\/biblia.md\/#organization"},"potentialAction":[{"@type":"SearchAction","target":{"@type":"EntryPoint","urlTemplate":"https:\/\/biblia.md\/?s={search_term_string}"},"query-input":{"@type":"PropertyValueSpecification","valueRequired":true,"valueName":"search_term_string"}}],"inLanguage":"en-US"},{"@type":"Organization","@id":"https:\/\/biblia.md\/#organization","name":"Societatea Biblic\u0103 din Moldova","url":"https:\/\/biblia.md\/","logo":{"@type":"ImageObject","inLanguage":"en-US","@id":"https:\/\/biblia.md\/#\/schema\/logo\/image\/","url":"https:\/\/biblia.md\/wp-content\/uploads\/2026\/01\/icon_site.jpg","contentUrl":"https:\/\/biblia.md\/wp-content\/uploads\/2026\/01\/icon_site.jpg","width":656,"height":656,"caption":"Societatea Biblic\u0103 din Moldova"},"image":{"@id":"https:\/\/biblia.md\/#\/schema\/logo\/image\/"},"sameAs":["https:\/\/www.facebook.com\/SocietateaBiblicaMoldova\/","https:\/\/www.instagram.com\/biblia.md\/"]}]}},"_links":{"self":[{"href":"https:\/\/biblia.md\/en\/wp-json\/wp\/v2\/product\/37148","targetHints":{"allow":["GET"]}}],"collection":[{"href":"https:\/\/biblia.md\/en\/wp-json\/wp\/v2\/product"}],"about":[{"href":"https:\/\/biblia.md\/en\/wp-json\/wp\/v2\/types\/product"}],"replies":[{"embeddable":true,"href":"https:\/\/biblia.md\/en\/wp-json\/wp\/v2\/comments?post=37148"}],"version-history":[{"count":2,"href":"https:\/\/biblia.md\/en\/wp-json\/wp\/v2\/product\/37148\/revisions"}],"predecessor-version":[{"id":37151,"href":"https:\/\/biblia.md\/en\/wp-json\/wp\/v2\/product\/37148\/revisions\/37151"}],"wp:featuredmedia":[{"embeddable":true,"href":"https:\/\/biblia.md\/en\/wp-json\/wp\/v2\/media\/37150"}],"wp:attachment":[{"href":"https:\/\/biblia.md\/en\/wp-json\/wp\/v2\/media?parent=37148"}],"wp:term":[{"taxonomy":"product_brand","embeddable":true,"href":"https:\/\/biblia.md\/en\/wp-json\/wp\/v2\/product_brand?post=37148"},{"taxonomy":"product_cat","embeddable":true,"href":"https:\/\/biblia.md\/en\/wp-json\/wp\/v2\/product_cat?post=37148"},{"taxonomy":"product_tag","embeddable":true,"href":"https:\/\/biblia.md\/en\/wp-json\/wp\/v2\/product_tag?post=37148"}],"curies":[{"name":"wp","href":"https:\/\/api.w.org\/{rel}","templated":true}]}}