{"id":37158,"date":"2026-03-25T14:14:58","date_gmt":"2026-03-25T12:14:58","guid":{"rendered":"https:\/\/biblia.md\/?post_type=product&#038;p=37158"},"modified":"2026-03-25T14:15:51","modified_gmt":"2026-03-25T12:15:51","slug":"cartea-viata-noua-cu-isus","status":"publish","type":"product","link":"https:\/\/biblia.md\/en\/shop\/cartea-viata-noua-cu-isus\/","title":{"rendered":"Cartea VIA\u021aA NOU\u0102 CU ISUS"},"content":{"rendered":"","protected":false},"excerpt":{"rendered":"<p><strong data-entity-type=\"MessageEntityBold\">CUPRINSUL<\/strong><br \/>\n<strong data-entity-type=\"MessageEntityBold\">Bazele \u00eenv\u0103\u021b\u0103turii biblice<\/strong><\/p>\n<p>Cuv\u00e2nt \u00eenainte \u2026\u2026\u2026\u2026\u2026\u2026\u2026\u2026\u2026\u2026\u2026\u2026\u2026\u2026\u2026\u2026\u2026\u2026\u2026\u2026 4<br \/>\nStructura cursului \u2026\u2026\u2026\u2026\u2026\u2026\u2026\u2026\u2026\u2026\u2026\u2026\u2026\u2026\u2026\u2026\u2026\u2026. 5<br \/>\nIntroducere \u2026\u2026\u2026\u2026\u2026\u2026\u2026\u2026\u2026\u2026\u2026\u2026\u2026\u2026\u2026\u2026\u2026\u2026\u2026\u2026\u2026.. 6<br \/>\nMetoda de lucru \u2026\u2026\u2026\u2026\u2026\u2026\u2026\u2026\u2026\u2026\u2026\u2026\u2026\u2026\u2026\u2026\u2026\u2026\u2026. 7<br \/>\nLec\u021bia 1: Convertirea (poc\u0103in\u021ba) \u2026\u2026\u2026\u2026\u2026\u2026\u2026\u2026\u2026\u2026\u2026\u2026 7<br \/>\nLec\u021bia 2: Rena\u0219terea (na\u0219terea din nou) \u2026\u2026\u2026\u2026\u2026\u2026\u2026.. 18<br \/>\nLec\u021bia 3: Siguran\u021ba m\u00e2ntuirii \u2026\u2026\u2026\u2026\u2026\u2026\u2026\u2026\u2026\u2026\u2026\u2026\u2026.. 26<br \/>\nLec\u021bia 4: Timpul de comunicare cu Dumnezeu \u2026\u2026\u2026\u2026. 36<br \/>\nLec\u021bia 5: Biserica \u2026\u2026\u2026\u2026\u2026\u2026\u2026\u2026\u2026\u2026\u2026\u2026\u2026\u2026\u2026\u2026\u2026\u2026\u2026.. 44<br \/>\nLec\u021bia 6: Rug\u0103ciunea \u2026\u2026\u2026\u2026\u2026\u2026\u2026\u2026\u2026\u2026\u2026\u2026\u2026\u2026\u2026\u2026\u2026\u2026 55<br \/>\nLec\u021bia 7: Ascultarea \u2026\u2026\u2026\u2026\u2026\u2026\u2026\u2026\u2026\u2026\u2026\u2026\u2026\u2026\u2026\u2026\u2026\u2026.. 66<br \/>\nLec\u021bia 8: Ispitele \u2026\u2026\u2026\u2026\u2026\u2026\u2026\u2026\u2026\u2026\u2026\u2026\u2026\u2026\u2026\u2026\u2026\u2026\u2026\u2026. 77<br \/>\nLec\u021bia 9: S\u0103-L cunoa\u0219tem \u0219i s\u0103-L iubim pe Dumnezeu \u2026 86<br \/>\nLec\u021bia 10: Isus Hristos \u2026\u2026\u2026\u2026\u2026\u2026\u2026\u2026\u2026\u2026\u2026\u2026\u2026\u2026\u2026\u2026\u2026. 97<br \/>\nLec\u021bia 11: Duhul Sf\u00e2nt \u2026\u2026\u2026\u2026\u2026\u2026\u2026\u2026\u2026\u2026\u2026\u2026\u2026\u2026\u2026\u2026\u2026 106<br \/>\nLec\u021bia 12: O via\u021b\u0103 de biruin\u021b\u0103 \u2026\u2026\u2026\u2026\u2026\u2026\u2026\u2026\u2026\u2026\u2026\u2026\u2026. 116<br \/>\nLec\u021bia 13: Omul creat dup\u0103 planul lui Dumnezeu \u2026\u2026\u2026 126<br \/>\nLec\u021bia 14: S\u0103-L m\u0103rturisim pe Hristos \u2026\u2026\u2026\u2026\u2026\u2026\u2026\u2026. 140<br \/>\nLec\u021bia 15: Evanghelizarea personal\u0103 \u2026\u2026\u2026\u2026\u2026\u2026\u2026\u2026\u2026. 149<br \/>\nLec\u021bia 16: Cum s\u0103 conducem oamenii la Hristos \u2026\u2026\u2026 158<br \/>\nLec\u021bia 17: Ucenicia \u2026\u2026\u2026\u2026\u2026\u2026\u2026\u2026\u2026\u2026\u2026\u2026\u2026\u2026\u2026\u2026\u2026\u2026.. 170<br \/>\nLec\u021bia 18: Descoperirea aplicarea darurilor \u2026\u2026\u2026\u2026\u2026.. 180<br \/>\nLec\u021bia 19: Trebuie s\u0103 aducem road\u0103 \u2026\u2026\u2026\u2026\u2026\u2026\u2026\u2026\u2026. 194<br \/>\nLec\u021bia 20: Biblia \u2026\u2026\u2026\u2026\u2026\u2026\u2026\u2026\u2026\u2026\u2026\u2026\u2026\u2026\u2026\u2026\u2026\u2026\u2026\u2026. 203<br \/>\nLec\u021bia 21: Studierea Bibliei \u2026\u2026\u2026\u2026\u2026\u2026\u2026\u2026\u2026\u2026\u2026\u2026\u2026\u2026.. 215<br \/>\nLec\u021bia 22: Cina Domnului \u2026\u2026\u2026\u2026\u2026\u2026\u2026\u2026\u2026\u2026\u2026\u2026\u2026\u2026\u2026. 225<br \/>\nLec\u021bia 23: Botezul \u2026\u2026\u2026\u2026\u2026\u2026\u2026\u2026\u2026\u2026\u2026\u2026\u2026\u2026\u2026\u2026\u2026\u2026\u2026. 233<br \/>\nLec\u021bia 24: S\u0103 cunoa\u0219tem voia lui Dumnezeu \u2026\u2026\u2026\u2026\u2026 242<\/p>","protected":false},"featured_media":37160,"comment_status":"open","ping_status":"closed","template":"","meta":[],"product_brand":[],"product_cat":[377,395,1175],"product_tag":[],"class_list":{"0":"post-37158","1":"product","2":"type-product","3":"status-publish","4":"has-post-thumbnail","6":"product_cat-carti","7":"product_cat-pentru-slujitori","8":"product_cat-studiu-biblic","9":"product_author-manfred-roseler","10":"product_genre-knigi-rom","12":"first","13":"instock","14":"shipping-taxable","15":"purchasable","16":"product-type-simple"},"yoast_head":"<!-- This site is optimized with the Yoast SEO plugin v27.3 - https:\/\/yoast.com\/product\/yoast-seo-wordpress\/ -->\n<title>Cartea VIA\u021aA NOU\u0102 CU ISUS - Societatea Biblic\u0103 din Moldova<\/title>\n<meta name=\"robots\" content=\"index, follow, max-snippet:-1, max-image-preview:large, max-video-preview:-1\" \/>\n<link rel=\"canonical\" href=\"https:\/\/biblia.md\/en\/shop\/cartea-viata-noua-cu-isus\/\" \/>\n<meta property=\"og:locale\" content=\"en_US\" \/>\n<meta property=\"og:type\" content=\"article\" \/>\n<meta property=\"og:title\" content=\"Cartea VIA\u021aA NOU\u0102 CU ISUS - Societatea Biblic\u0103 din Moldova\" \/>\n<meta property=\"og:description\" content=\"CUPRINSUL Bazele \u00eenv\u0103\u021b\u0103turii biblice  Cuv\u00e2nt \u00eenainte \u2026\u2026\u2026\u2026\u2026\u2026\u2026\u2026\u2026\u2026\u2026\u2026\u2026\u2026\u2026\u2026\u2026\u2026\u2026\u2026 4 Structura cursului \u2026\u2026\u2026\u2026\u2026\u2026\u2026\u2026\u2026\u2026\u2026\u2026\u2026\u2026\u2026\u2026\u2026\u2026. 5 Introducere \u2026\u2026\u2026\u2026\u2026\u2026\u2026\u2026\u2026\u2026\u2026\u2026\u2026\u2026\u2026\u2026\u2026\u2026\u2026\u2026\u2026.. 6 Metoda de lucru \u2026\u2026\u2026\u2026\u2026\u2026\u2026\u2026\u2026\u2026\u2026\u2026\u2026\u2026\u2026\u2026\u2026\u2026\u2026. 7 Lec\u021bia 1: Convertirea (poc\u0103in\u021ba) \u2026\u2026\u2026\u2026\u2026\u2026\u2026\u2026\u2026\u2026\u2026\u2026 7 Lec\u021bia 2: Rena\u0219terea (na\u0219terea din nou) \u2026\u2026\u2026\u2026\u2026\u2026\u2026.. 18 Lec\u021bia 3: Siguran\u021ba m\u00e2ntuirii \u2026\u2026\u2026\u2026\u2026\u2026\u2026\u2026\u2026\u2026\u2026\u2026\u2026.. 26 Lec\u021bia 4: Timpul de comunicare cu Dumnezeu \u2026\u2026\u2026\u2026. 36 Lec\u021bia 5: Biserica \u2026\u2026\u2026\u2026\u2026\u2026\u2026\u2026\u2026\u2026\u2026\u2026\u2026\u2026\u2026\u2026\u2026\u2026\u2026.. 44 Lec\u021bia 6: Rug\u0103ciunea \u2026\u2026\u2026\u2026\u2026\u2026\u2026\u2026\u2026\u2026\u2026\u2026\u2026\u2026\u2026\u2026\u2026\u2026 55 Lec\u021bia 7: Ascultarea \u2026\u2026\u2026\u2026\u2026\u2026\u2026\u2026\u2026\u2026\u2026\u2026\u2026\u2026\u2026\u2026\u2026\u2026.. 66 Lec\u021bia 8: Ispitele \u2026\u2026\u2026\u2026\u2026\u2026\u2026\u2026\u2026\u2026\u2026\u2026\u2026\u2026\u2026\u2026\u2026\u2026\u2026\u2026. 77 Lec\u021bia 9: S\u0103-L cunoa\u0219tem \u0219i s\u0103-L iubim pe Dumnezeu \u2026 86 Lec\u021bia 10: Isus Hristos \u2026\u2026\u2026\u2026\u2026\u2026\u2026\u2026\u2026\u2026\u2026\u2026\u2026\u2026\u2026\u2026\u2026. 97 Lec\u021bia 11: Duhul Sf\u00e2nt \u2026\u2026\u2026\u2026\u2026\u2026\u2026\u2026\u2026\u2026\u2026\u2026\u2026\u2026\u2026\u2026\u2026 106 Lec\u021bia 12: O via\u021b\u0103 de biruin\u021b\u0103 \u2026\u2026\u2026\u2026\u2026\u2026\u2026\u2026\u2026\u2026\u2026\u2026\u2026. 116 Lec\u021bia 13: Omul creat dup\u0103 planul lui Dumnezeu \u2026\u2026\u2026 126 Lec\u021bia 14: S\u0103-L m\u0103rturisim pe Hristos \u2026\u2026\u2026\u2026\u2026\u2026\u2026\u2026. 140 Lec\u021bia 15: Evanghelizarea personal\u0103 \u2026\u2026\u2026\u2026\u2026\u2026\u2026\u2026\u2026. 149 Lec\u021bia 16: Cum s\u0103 conducem oamenii la Hristos \u2026\u2026\u2026 158 Lec\u021bia 17: Ucenicia \u2026\u2026\u2026\u2026\u2026\u2026\u2026\u2026\u2026\u2026\u2026\u2026\u2026\u2026\u2026\u2026\u2026\u2026.. 170 Lec\u021bia 18: Descoperirea aplicarea darurilor \u2026\u2026\u2026\u2026\u2026.. 180 Lec\u021bia 19: Trebuie s\u0103 aducem road\u0103 \u2026\u2026\u2026\u2026\u2026\u2026\u2026\u2026\u2026. 194 Lec\u021bia 20: Biblia \u2026\u2026\u2026\u2026\u2026\u2026\u2026\u2026\u2026\u2026\u2026\u2026\u2026\u2026\u2026\u2026\u2026\u2026\u2026\u2026. 203 Lec\u021bia 21: Studierea Bibliei \u2026\u2026\u2026\u2026\u2026\u2026\u2026\u2026\u2026\u2026\u2026\u2026\u2026\u2026.. 215 Lec\u021bia 22: Cina Domnului \u2026\u2026\u2026\u2026\u2026\u2026\u2026\u2026\u2026\u2026\u2026\u2026\u2026\u2026\u2026. 225 Lec\u021bia 23: Botezul \u2026\u2026\u2026\u2026\u2026\u2026\u2026\u2026\u2026\u2026\u2026\u2026\u2026\u2026\u2026\u2026\u2026\u2026\u2026. 233 Lec\u021bia 24: S\u0103 cunoa\u0219tem voia lui Dumnezeu \u2026\u2026\u2026\u2026\u2026 242\" \/>\n<meta property=\"og:url\" content=\"https:\/\/biblia.md\/en\/shop\/cartea-viata-noua-cu-isus\/\" \/>\n<meta property=\"og:site_name\" content=\"Societatea Biblic\u0103 din Moldova\" \/>\n<meta property=\"article:publisher\" content=\"https:\/\/www.facebook.com\/SocietateaBiblicaMoldova\/\" \/>\n<meta property=\"article:modified_time\" content=\"2026-03-25T12:15:51+00:00\" \/>\n<meta property=\"og:image\" content=\"https:\/\/biblia.md\/wp-content\/uploads\/2026\/01\/icon_site.jpg\" \/>\n\t<meta property=\"og:image:width\" content=\"656\" \/>\n\t<meta property=\"og:image:height\" content=\"656\" \/>\n\t<meta property=\"og:image:type\" content=\"image\/jpeg\" \/>\n<meta name=\"twitter:card\" content=\"summary_large_image\" \/>\n<script type=\"application\/ld+json\" class=\"yoast-schema-graph\">{\"@context\":\"https:\\\/\\\/schema.org\",\"@graph\":[{\"@type\":\"WebPage\",\"@id\":\"https:\\\/\\\/biblia.md\\\/shop\\\/cartea-viata-noua-cu-isus\\\/\",\"url\":\"https:\\\/\\\/biblia.md\\\/shop\\\/cartea-viata-noua-cu-isus\\\/\",\"name\":\"Cartea VIA\u021aA NOU\u0102 CU ISUS - Societatea Biblic\u0103 din Moldova\",\"isPartOf\":{\"@id\":\"https:\\\/\\\/biblia.md\\\/#website\"},\"primaryImageOfPage\":{\"@id\":\"https:\\\/\\\/biblia.md\\\/shop\\\/cartea-viata-noua-cu-isus\\\/#primaryimage\"},\"image\":{\"@id\":\"https:\\\/\\\/biblia.md\\\/shop\\\/cartea-viata-noua-cu-isus\\\/#primaryimage\"},\"thumbnailUrl\":\"https:\\\/\\\/biblia.md\\\/wp-content\\\/uploads\\\/2026\\\/03\\\/112b3dd2-a53e-4cb2-9a29-5c3ce0daef3f.png\",\"datePublished\":\"2026-03-25T12:14:58+00:00\",\"dateModified\":\"2026-03-25T12:15:51+00:00\",\"breadcrumb\":{\"@id\":\"https:\\\/\\\/biblia.md\\\/shop\\\/cartea-viata-noua-cu-isus\\\/#breadcrumb\"},\"inLanguage\":\"en-US\",\"potentialAction\":[{\"@type\":\"ReadAction\",\"target\":[\"https:\\\/\\\/biblia.md\\\/shop\\\/cartea-viata-noua-cu-isus\\\/\"]}]},{\"@type\":\"ImageObject\",\"inLanguage\":\"en-US\",\"@id\":\"https:\\\/\\\/biblia.md\\\/shop\\\/cartea-viata-noua-cu-isus\\\/#primaryimage\",\"url\":\"https:\\\/\\\/biblia.md\\\/wp-content\\\/uploads\\\/2026\\\/03\\\/112b3dd2-a53e-4cb2-9a29-5c3ce0daef3f.png\",\"contentUrl\":\"https:\\\/\\\/biblia.md\\\/wp-content\\\/uploads\\\/2026\\\/03\\\/112b3dd2-a53e-4cb2-9a29-5c3ce0daef3f.png\",\"width\":1024,\"height\":1536},{\"@type\":\"BreadcrumbList\",\"@id\":\"https:\\\/\\\/biblia.md\\\/shop\\\/cartea-viata-noua-cu-isus\\\/#breadcrumb\",\"itemListElement\":[{\"@type\":\"ListItem\",\"position\":1,\"name\":\"Prima pagin\u0103\",\"item\":\"https:\\\/\\\/biblia.md\\\/\"},{\"@type\":\"ListItem\",\"position\":2,\"name\":\"Shop\",\"item\":\"https:\\\/\\\/biblia.md\\\/shop\\\/\"},{\"@type\":\"ListItem\",\"position\":3,\"name\":\"Cartea VIA\u021aA NOU\u0102 CU ISUS\"}]},{\"@type\":\"WebSite\",\"@id\":\"https:\\\/\\\/biblia.md\\\/#website\",\"url\":\"https:\\\/\\\/biblia.md\\\/\",\"name\":\"Societatea Biblic\u0103 din Moldova\",\"description\":\"\",\"publisher\":{\"@id\":\"https:\\\/\\\/biblia.md\\\/#organization\"},\"potentialAction\":[{\"@type\":\"SearchAction\",\"target\":{\"@type\":\"EntryPoint\",\"urlTemplate\":\"https:\\\/\\\/biblia.md\\\/?s={search_term_string}\"},\"query-input\":{\"@type\":\"PropertyValueSpecification\",\"valueRequired\":true,\"valueName\":\"search_term_string\"}}],\"inLanguage\":\"en-US\"},{\"@type\":\"Organization\",\"@id\":\"https:\\\/\\\/biblia.md\\\/#organization\",\"name\":\"Societatea Biblic\u0103 din Moldova\",\"url\":\"https:\\\/\\\/biblia.md\\\/\",\"logo\":{\"@type\":\"ImageObject\",\"inLanguage\":\"en-US\",\"@id\":\"https:\\\/\\\/biblia.md\\\/#\\\/schema\\\/logo\\\/image\\\/\",\"url\":\"https:\\\/\\\/biblia.md\\\/wp-content\\\/uploads\\\/2026\\\/01\\\/icon_site.jpg\",\"contentUrl\":\"https:\\\/\\\/biblia.md\\\/wp-content\\\/uploads\\\/2026\\\/01\\\/icon_site.jpg\",\"width\":656,\"height\":656,\"caption\":\"Societatea Biblic\u0103 din Moldova\"},\"image\":{\"@id\":\"https:\\\/\\\/biblia.md\\\/#\\\/schema\\\/logo\\\/image\\\/\"},\"sameAs\":[\"https:\\\/\\\/www.facebook.com\\\/SocietateaBiblicaMoldova\\\/\",\"https:\\\/\\\/www.instagram.com\\\/biblia.md\\\/\"]}]}<\/script>\n<!-- \/ Yoast SEO plugin. -->","yoast_head_json":{"title":"Cartea VIA\u021aA NOU\u0102 CU ISUS - Societatea Biblic\u0103 din Moldova","robots":{"index":"index","follow":"follow","max-snippet":"max-snippet:-1","max-image-preview":"max-image-preview:large","max-video-preview":"max-video-preview:-1"},"canonical":"https:\/\/biblia.md\/en\/shop\/cartea-viata-noua-cu-isus\/","og_locale":"en_US","og_type":"article","og_title":"Cartea VIA\u021aA NOU\u0102 CU ISUS - Societatea Biblic\u0103 din Moldova","og_description":"CUPRINSUL Bazele \u00eenv\u0103\u021b\u0103turii biblice  Cuv\u00e2nt \u00eenainte \u2026\u2026\u2026\u2026\u2026\u2026\u2026\u2026\u2026\u2026\u2026\u2026\u2026\u2026\u2026\u2026\u2026\u2026\u2026\u2026 4 Structura cursului \u2026\u2026\u2026\u2026\u2026\u2026\u2026\u2026\u2026\u2026\u2026\u2026\u2026\u2026\u2026\u2026\u2026\u2026. 5 Introducere \u2026\u2026\u2026\u2026\u2026\u2026\u2026\u2026\u2026\u2026\u2026\u2026\u2026\u2026\u2026\u2026\u2026\u2026\u2026\u2026\u2026.. 6 Metoda de lucru \u2026\u2026\u2026\u2026\u2026\u2026\u2026\u2026\u2026\u2026\u2026\u2026\u2026\u2026\u2026\u2026\u2026\u2026\u2026. 7 Lec\u021bia 1: Convertirea (poc\u0103in\u021ba) \u2026\u2026\u2026\u2026\u2026\u2026\u2026\u2026\u2026\u2026\u2026\u2026 7 Lec\u021bia 2: Rena\u0219terea (na\u0219terea din nou) \u2026\u2026\u2026\u2026\u2026\u2026\u2026.. 18 Lec\u021bia 3: Siguran\u021ba m\u00e2ntuirii \u2026\u2026\u2026\u2026\u2026\u2026\u2026\u2026\u2026\u2026\u2026\u2026\u2026.. 26 Lec\u021bia 4: Timpul de comunicare cu Dumnezeu \u2026\u2026\u2026\u2026. 36 Lec\u021bia 5: Biserica \u2026\u2026\u2026\u2026\u2026\u2026\u2026\u2026\u2026\u2026\u2026\u2026\u2026\u2026\u2026\u2026\u2026\u2026\u2026.. 44 Lec\u021bia 6: Rug\u0103ciunea \u2026\u2026\u2026\u2026\u2026\u2026\u2026\u2026\u2026\u2026\u2026\u2026\u2026\u2026\u2026\u2026\u2026\u2026 55 Lec\u021bia 7: Ascultarea \u2026\u2026\u2026\u2026\u2026\u2026\u2026\u2026\u2026\u2026\u2026\u2026\u2026\u2026\u2026\u2026\u2026\u2026.. 66 Lec\u021bia 8: Ispitele \u2026\u2026\u2026\u2026\u2026\u2026\u2026\u2026\u2026\u2026\u2026\u2026\u2026\u2026\u2026\u2026\u2026\u2026\u2026\u2026. 77 Lec\u021bia 9: S\u0103-L cunoa\u0219tem \u0219i s\u0103-L iubim pe Dumnezeu \u2026 86 Lec\u021bia 10: Isus Hristos \u2026\u2026\u2026\u2026\u2026\u2026\u2026\u2026\u2026\u2026\u2026\u2026\u2026\u2026\u2026\u2026\u2026. 97 Lec\u021bia 11: Duhul Sf\u00e2nt \u2026\u2026\u2026\u2026\u2026\u2026\u2026\u2026\u2026\u2026\u2026\u2026\u2026\u2026\u2026\u2026\u2026 106 Lec\u021bia 12: O via\u021b\u0103 de biruin\u021b\u0103 \u2026\u2026\u2026\u2026\u2026\u2026\u2026\u2026\u2026\u2026\u2026\u2026\u2026. 116 Lec\u021bia 13: Omul creat dup\u0103 planul lui Dumnezeu \u2026\u2026\u2026 126 Lec\u021bia 14: S\u0103-L m\u0103rturisim pe Hristos \u2026\u2026\u2026\u2026\u2026\u2026\u2026\u2026. 140 Lec\u021bia 15: Evanghelizarea personal\u0103 \u2026\u2026\u2026\u2026\u2026\u2026\u2026\u2026\u2026. 149 Lec\u021bia 16: Cum s\u0103 conducem oamenii la Hristos \u2026\u2026\u2026 158 Lec\u021bia 17: Ucenicia \u2026\u2026\u2026\u2026\u2026\u2026\u2026\u2026\u2026\u2026\u2026\u2026\u2026\u2026\u2026\u2026\u2026\u2026.. 170 Lec\u021bia 18: Descoperirea aplicarea darurilor \u2026\u2026\u2026\u2026\u2026.. 180 Lec\u021bia 19: Trebuie s\u0103 aducem road\u0103 \u2026\u2026\u2026\u2026\u2026\u2026\u2026\u2026\u2026. 194 Lec\u021bia 20: Biblia \u2026\u2026\u2026\u2026\u2026\u2026\u2026\u2026\u2026\u2026\u2026\u2026\u2026\u2026\u2026\u2026\u2026\u2026\u2026\u2026. 203 Lec\u021bia 21: Studierea Bibliei \u2026\u2026\u2026\u2026\u2026\u2026\u2026\u2026\u2026\u2026\u2026\u2026\u2026\u2026.. 215 Lec\u021bia 22: Cina Domnului \u2026\u2026\u2026\u2026\u2026\u2026\u2026\u2026\u2026\u2026\u2026\u2026\u2026\u2026\u2026. 225 Lec\u021bia 23: Botezul \u2026\u2026\u2026\u2026\u2026\u2026\u2026\u2026\u2026\u2026\u2026\u2026\u2026\u2026\u2026\u2026\u2026\u2026\u2026. 233 Lec\u021bia 24: S\u0103 cunoa\u0219tem voia lui Dumnezeu \u2026\u2026\u2026\u2026\u2026 242","og_url":"https:\/\/biblia.md\/en\/shop\/cartea-viata-noua-cu-isus\/","og_site_name":"Societatea Biblic\u0103 din Moldova","article_publisher":"https:\/\/www.facebook.com\/SocietateaBiblicaMoldova\/","article_modified_time":"2026-03-25T12:15:51+00:00","og_image":[{"width":656,"height":656,"url":"https:\/\/biblia.md\/wp-content\/uploads\/2026\/01\/icon_site.jpg","type":"image\/jpeg"}],"twitter_card":"summary_large_image","schema":{"@context":"https:\/\/schema.org","@graph":[{"@type":"WebPage","@id":"https:\/\/biblia.md\/shop\/cartea-viata-noua-cu-isus\/","url":"https:\/\/biblia.md\/shop\/cartea-viata-noua-cu-isus\/","name":"Cartea VIA\u021aA NOU\u0102 CU ISUS - Societatea Biblic\u0103 din Moldova","isPartOf":{"@id":"https:\/\/biblia.md\/#website"},"primaryImageOfPage":{"@id":"https:\/\/biblia.md\/shop\/cartea-viata-noua-cu-isus\/#primaryimage"},"image":{"@id":"https:\/\/biblia.md\/shop\/cartea-viata-noua-cu-isus\/#primaryimage"},"thumbnailUrl":"https:\/\/biblia.md\/wp-content\/uploads\/2026\/03\/112b3dd2-a53e-4cb2-9a29-5c3ce0daef3f.png","datePublished":"2026-03-25T12:14:58+00:00","dateModified":"2026-03-25T12:15:51+00:00","breadcrumb":{"@id":"https:\/\/biblia.md\/shop\/cartea-viata-noua-cu-isus\/#breadcrumb"},"inLanguage":"en-US","potentialAction":[{"@type":"ReadAction","target":["https:\/\/biblia.md\/shop\/cartea-viata-noua-cu-isus\/"]}]},{"@type":"ImageObject","inLanguage":"en-US","@id":"https:\/\/biblia.md\/shop\/cartea-viata-noua-cu-isus\/#primaryimage","url":"https:\/\/biblia.md\/wp-content\/uploads\/2026\/03\/112b3dd2-a53e-4cb2-9a29-5c3ce0daef3f.png","contentUrl":"https:\/\/biblia.md\/wp-content\/uploads\/2026\/03\/112b3dd2-a53e-4cb2-9a29-5c3ce0daef3f.png","width":1024,"height":1536},{"@type":"BreadcrumbList","@id":"https:\/\/biblia.md\/shop\/cartea-viata-noua-cu-isus\/#breadcrumb","itemListElement":[{"@type":"ListItem","position":1,"name":"Prima pagin\u0103","item":"https:\/\/biblia.md\/"},{"@type":"ListItem","position":2,"name":"Shop","item":"https:\/\/biblia.md\/shop\/"},{"@type":"ListItem","position":3,"name":"Cartea VIA\u021aA NOU\u0102 CU ISUS"}]},{"@type":"WebSite","@id":"https:\/\/biblia.md\/#website","url":"https:\/\/biblia.md\/","name":"Societatea Biblic\u0103 din Moldova","description":"","publisher":{"@id":"https:\/\/biblia.md\/#organization"},"potentialAction":[{"@type":"SearchAction","target":{"@type":"EntryPoint","urlTemplate":"https:\/\/biblia.md\/?s={search_term_string}"},"query-input":{"@type":"PropertyValueSpecification","valueRequired":true,"valueName":"search_term_string"}}],"inLanguage":"en-US"},{"@type":"Organization","@id":"https:\/\/biblia.md\/#organization","name":"Societatea Biblic\u0103 din Moldova","url":"https:\/\/biblia.md\/","logo":{"@type":"ImageObject","inLanguage":"en-US","@id":"https:\/\/biblia.md\/#\/schema\/logo\/image\/","url":"https:\/\/biblia.md\/wp-content\/uploads\/2026\/01\/icon_site.jpg","contentUrl":"https:\/\/biblia.md\/wp-content\/uploads\/2026\/01\/icon_site.jpg","width":656,"height":656,"caption":"Societatea Biblic\u0103 din Moldova"},"image":{"@id":"https:\/\/biblia.md\/#\/schema\/logo\/image\/"},"sameAs":["https:\/\/www.facebook.com\/SocietateaBiblicaMoldova\/","https:\/\/www.instagram.com\/biblia.md\/"]}]}},"_links":{"self":[{"href":"https:\/\/biblia.md\/en\/wp-json\/wp\/v2\/product\/37158","targetHints":{"allow":["GET"]}}],"collection":[{"href":"https:\/\/biblia.md\/en\/wp-json\/wp\/v2\/product"}],"about":[{"href":"https:\/\/biblia.md\/en\/wp-json\/wp\/v2\/types\/product"}],"replies":[{"embeddable":true,"href":"https:\/\/biblia.md\/en\/wp-json\/wp\/v2\/comments?post=37158"}],"version-history":[{"count":1,"href":"https:\/\/biblia.md\/en\/wp-json\/wp\/v2\/product\/37158\/revisions"}],"predecessor-version":[{"id":37159,"href":"https:\/\/biblia.md\/en\/wp-json\/wp\/v2\/product\/37158\/revisions\/37159"}],"wp:featuredmedia":[{"embeddable":true,"href":"https:\/\/biblia.md\/en\/wp-json\/wp\/v2\/media\/37160"}],"wp:attachment":[{"href":"https:\/\/biblia.md\/en\/wp-json\/wp\/v2\/media?parent=37158"}],"wp:term":[{"taxonomy":"product_brand","embeddable":true,"href":"https:\/\/biblia.md\/en\/wp-json\/wp\/v2\/product_brand?post=37158"},{"taxonomy":"product_cat","embeddable":true,"href":"https:\/\/biblia.md\/en\/wp-json\/wp\/v2\/product_cat?post=37158"},{"taxonomy":"product_tag","embeddable":true,"href":"https:\/\/biblia.md\/en\/wp-json\/wp\/v2\/product_tag?post=37158"}],"curies":[{"name":"wp","href":"https:\/\/api.w.org\/{rel}","templated":true}]}}