{"id":37342,"date":"2026-03-31T11:08:10","date_gmt":"2026-03-31T09:08:10","guid":{"rendered":"https:\/\/biblia.md\/?post_type=product&#038;p=37342"},"modified":"2026-03-31T11:10:10","modified_gmt":"2026-03-31T09:10:10","slug":"planner-pentru-femei","status":"publish","type":"product","link":"https:\/\/biblia.md\/en\/shop\/planner-pentru-femei\/","title":{"rendered":"Planner pentru femei"},"content":{"rendered":"","protected":false},"excerpt":{"rendered":"<p>PLANNER PENTRU FEMEI, 18 LUNI, NEDATAT<\/p>\n<p>Fii inspirat\u0103 \u00een ordonarea planurilor \u0219i ideilor tale cu acest planner elegant conceput pentru femei.<\/p>\n<p>\u2022 planner pentru 18 luni (nedatat)<\/p>\n<p>\u2022 vedere de ansamblu a fiec\u0103rei luni (nedatat\u0103)<\/p>\n<p>\u2022 citate \u0219i versete biblice care s\u0103 te inspire<\/p>\n<p>\u2022 interior full-color<\/p>\n<p>\u2022 separator pentru fiecare lun\u0103<\/p>\n<p>\u2022 buzunar la final pentru lucruri m\u0103runte<\/p>\n<p>\u2022 \u00eenchidere cu elastic<\/p>","protected":false},"featured_media":37356,"comment_status":"open","ping_status":"closed","template":"","meta":[],"product_brand":[],"product_cat":[375,30],"product_tag":[],"class_list":{"0":"post-37342","1":"product","2":"type-product","3":"status-publish","4":"has-post-thumbnail","6":"product_cat-jurnale-agende","7":"product_cat-suvenire","8":"product_genre-knigi-rom","10":"first","11":"instock","12":"sale","13":"shipping-taxable","14":"purchasable","15":"product-type-simple"},"yoast_head":"<!-- This site is optimized with the Yoast SEO plugin v27.3 - https:\/\/yoast.com\/product\/yoast-seo-wordpress\/ -->\n<title>Planner pentru femei - Societatea Biblic\u0103 din Moldova<\/title>\n<meta name=\"robots\" content=\"index, follow, max-snippet:-1, max-image-preview:large, max-video-preview:-1\" \/>\n<link rel=\"canonical\" href=\"https:\/\/biblia.md\/en\/shop\/planner-pentru-femei\/\" \/>\n<meta property=\"og:locale\" content=\"en_US\" \/>\n<meta property=\"og:type\" content=\"article\" \/>\n<meta property=\"og:title\" content=\"Planner pentru femei - Societatea Biblic\u0103 din Moldova\" \/>\n<meta property=\"og:description\" content=\"PLANNER PENTRU FEMEI, 18 LUNI, NEDATAT  Fii inspirat\u0103 \u00een ordonarea planurilor \u0219i ideilor tale cu acest planner elegant conceput pentru femei.  \u2022 planner pentru 18 luni (nedatat)  \u2022 vedere de ansamblu a fiec\u0103rei luni (nedatat\u0103)  \u2022 citate \u0219i versete biblice care s\u0103 te inspire  \u2022 interior full-color  \u2022 separator pentru fiecare lun\u0103  \u2022 buzunar la final pentru lucruri m\u0103runte  \u2022 \u00eenchidere cu elastic\" \/>\n<meta property=\"og:url\" content=\"https:\/\/biblia.md\/en\/shop\/planner-pentru-femei\/\" \/>\n<meta property=\"og:site_name\" content=\"Societatea Biblic\u0103 din Moldova\" \/>\n<meta property=\"article:publisher\" content=\"https:\/\/www.facebook.com\/SocietateaBiblicaMoldova\/\" \/>\n<meta property=\"article:modified_time\" content=\"2026-03-31T09:10:10+00:00\" \/>\n<meta property=\"og:image\" content=\"https:\/\/biblia.md\/wp-content\/uploads\/2026\/03\/b9a9397-5.jpg\" \/>\n\t<meta property=\"og:image:width\" content=\"1417\" \/>\n\t<meta property=\"og:image:height\" content=\"1417\" \/>\n\t<meta property=\"og:image:type\" content=\"image\/jpeg\" \/>\n<meta name=\"twitter:card\" content=\"summary_large_image\" \/>\n<meta name=\"twitter:label1\" content=\"Est. reading time\" \/>\n\t<meta name=\"twitter:data1\" content=\"1 minute\" \/>\n<script type=\"application\/ld+json\" class=\"yoast-schema-graph\">{\"@context\":\"https:\\\/\\\/schema.org\",\"@graph\":[{\"@type\":\"WebPage\",\"@id\":\"https:\\\/\\\/biblia.md\\\/shop\\\/planner-pentru-femei\\\/\",\"url\":\"https:\\\/\\\/biblia.md\\\/shop\\\/planner-pentru-femei\\\/\",\"name\":\"Planner pentru femei - Societatea Biblic\u0103 din Moldova\",\"isPartOf\":{\"@id\":\"https:\\\/\\\/biblia.md\\\/#website\"},\"primaryImageOfPage\":{\"@id\":\"https:\\\/\\\/biblia.md\\\/shop\\\/planner-pentru-femei\\\/#primaryimage\"},\"image\":{\"@id\":\"https:\\\/\\\/biblia.md\\\/shop\\\/planner-pentru-femei\\\/#primaryimage\"},\"thumbnailUrl\":\"https:\\\/\\\/biblia.md\\\/wp-content\\\/uploads\\\/2026\\\/03\\\/img_0257.jpeg\",\"datePublished\":\"2026-03-31T09:08:10+00:00\",\"dateModified\":\"2026-03-31T09:10:10+00:00\",\"breadcrumb\":{\"@id\":\"https:\\\/\\\/biblia.md\\\/shop\\\/planner-pentru-femei\\\/#breadcrumb\"},\"inLanguage\":\"en-US\",\"potentialAction\":[{\"@type\":\"ReadAction\",\"target\":[\"https:\\\/\\\/biblia.md\\\/shop\\\/planner-pentru-femei\\\/\"]}]},{\"@type\":\"ImageObject\",\"inLanguage\":\"en-US\",\"@id\":\"https:\\\/\\\/biblia.md\\\/shop\\\/planner-pentru-femei\\\/#primaryimage\",\"url\":\"https:\\\/\\\/biblia.md\\\/wp-content\\\/uploads\\\/2026\\\/03\\\/img_0257.jpeg\",\"contentUrl\":\"https:\\\/\\\/biblia.md\\\/wp-content\\\/uploads\\\/2026\\\/03\\\/img_0257.jpeg\",\"width\":1134,\"height\":1243,\"caption\":\"Screenshot\"},{\"@type\":\"BreadcrumbList\",\"@id\":\"https:\\\/\\\/biblia.md\\\/shop\\\/planner-pentru-femei\\\/#breadcrumb\",\"itemListElement\":[{\"@type\":\"ListItem\",\"position\":1,\"name\":\"Prima pagin\u0103\",\"item\":\"https:\\\/\\\/biblia.md\\\/\"},{\"@type\":\"ListItem\",\"position\":2,\"name\":\"Shop\",\"item\":\"https:\\\/\\\/biblia.md\\\/shop\\\/\"},{\"@type\":\"ListItem\",\"position\":3,\"name\":\"Planner pentru femei\"}]},{\"@type\":\"WebSite\",\"@id\":\"https:\\\/\\\/biblia.md\\\/#website\",\"url\":\"https:\\\/\\\/biblia.md\\\/\",\"name\":\"Societatea Biblic\u0103 din Moldova\",\"description\":\"\",\"publisher\":{\"@id\":\"https:\\\/\\\/biblia.md\\\/#organization\"},\"potentialAction\":[{\"@type\":\"SearchAction\",\"target\":{\"@type\":\"EntryPoint\",\"urlTemplate\":\"https:\\\/\\\/biblia.md\\\/?s={search_term_string}\"},\"query-input\":{\"@type\":\"PropertyValueSpecification\",\"valueRequired\":true,\"valueName\":\"search_term_string\"}}],\"inLanguage\":\"en-US\"},{\"@type\":\"Organization\",\"@id\":\"https:\\\/\\\/biblia.md\\\/#organization\",\"name\":\"Societatea Biblic\u0103 din Moldova\",\"url\":\"https:\\\/\\\/biblia.md\\\/\",\"logo\":{\"@type\":\"ImageObject\",\"inLanguage\":\"en-US\",\"@id\":\"https:\\\/\\\/biblia.md\\\/#\\\/schema\\\/logo\\\/image\\\/\",\"url\":\"https:\\\/\\\/biblia.md\\\/wp-content\\\/uploads\\\/2026\\\/01\\\/icon_site.jpg\",\"contentUrl\":\"https:\\\/\\\/biblia.md\\\/wp-content\\\/uploads\\\/2026\\\/01\\\/icon_site.jpg\",\"width\":656,\"height\":656,\"caption\":\"Societatea Biblic\u0103 din Moldova\"},\"image\":{\"@id\":\"https:\\\/\\\/biblia.md\\\/#\\\/schema\\\/logo\\\/image\\\/\"},\"sameAs\":[\"https:\\\/\\\/www.facebook.com\\\/SocietateaBiblicaMoldova\\\/\",\"https:\\\/\\\/www.instagram.com\\\/biblia.md\\\/\"]}]}<\/script>\n<!-- \/ Yoast SEO plugin. -->","yoast_head_json":{"title":"Planner pentru femei - Societatea Biblic\u0103 din Moldova","robots":{"index":"index","follow":"follow","max-snippet":"max-snippet:-1","max-image-preview":"max-image-preview:large","max-video-preview":"max-video-preview:-1"},"canonical":"https:\/\/biblia.md\/en\/shop\/planner-pentru-femei\/","og_locale":"en_US","og_type":"article","og_title":"Planner pentru femei - Societatea Biblic\u0103 din Moldova","og_description":"PLANNER PENTRU FEMEI, 18 LUNI, NEDATAT  Fii inspirat\u0103 \u00een ordonarea planurilor \u0219i ideilor tale cu acest planner elegant conceput pentru femei.  \u2022 planner pentru 18 luni (nedatat)  \u2022 vedere de ansamblu a fiec\u0103rei luni (nedatat\u0103)  \u2022 citate \u0219i versete biblice care s\u0103 te inspire  \u2022 interior full-color  \u2022 separator pentru fiecare lun\u0103  \u2022 buzunar la final pentru lucruri m\u0103runte  \u2022 \u00eenchidere cu elastic","og_url":"https:\/\/biblia.md\/en\/shop\/planner-pentru-femei\/","og_site_name":"Societatea Biblic\u0103 din Moldova","article_publisher":"https:\/\/www.facebook.com\/SocietateaBiblicaMoldova\/","article_modified_time":"2026-03-31T09:10:10+00:00","og_image":[{"width":1417,"height":1417,"url":"https:\/\/biblia.md\/wp-content\/uploads\/2026\/03\/b9a9397-5.jpg","type":"image\/jpeg"}],"twitter_card":"summary_large_image","twitter_misc":{"Est. reading time":"1 minute"},"schema":{"@context":"https:\/\/schema.org","@graph":[{"@type":"WebPage","@id":"https:\/\/biblia.md\/shop\/planner-pentru-femei\/","url":"https:\/\/biblia.md\/shop\/planner-pentru-femei\/","name":"Planner pentru femei - Societatea Biblic\u0103 din Moldova","isPartOf":{"@id":"https:\/\/biblia.md\/#website"},"primaryImageOfPage":{"@id":"https:\/\/biblia.md\/shop\/planner-pentru-femei\/#primaryimage"},"image":{"@id":"https:\/\/biblia.md\/shop\/planner-pentru-femei\/#primaryimage"},"thumbnailUrl":"https:\/\/biblia.md\/wp-content\/uploads\/2026\/03\/img_0257.jpeg","datePublished":"2026-03-31T09:08:10+00:00","dateModified":"2026-03-31T09:10:10+00:00","breadcrumb":{"@id":"https:\/\/biblia.md\/shop\/planner-pentru-femei\/#breadcrumb"},"inLanguage":"en-US","potentialAction":[{"@type":"ReadAction","target":["https:\/\/biblia.md\/shop\/planner-pentru-femei\/"]}]},{"@type":"ImageObject","inLanguage":"en-US","@id":"https:\/\/biblia.md\/shop\/planner-pentru-femei\/#primaryimage","url":"https:\/\/biblia.md\/wp-content\/uploads\/2026\/03\/img_0257.jpeg","contentUrl":"https:\/\/biblia.md\/wp-content\/uploads\/2026\/03\/img_0257.jpeg","width":1134,"height":1243,"caption":"Screenshot"},{"@type":"BreadcrumbList","@id":"https:\/\/biblia.md\/shop\/planner-pentru-femei\/#breadcrumb","itemListElement":[{"@type":"ListItem","position":1,"name":"Prima pagin\u0103","item":"https:\/\/biblia.md\/"},{"@type":"ListItem","position":2,"name":"Shop","item":"https:\/\/biblia.md\/shop\/"},{"@type":"ListItem","position":3,"name":"Planner pentru femei"}]},{"@type":"WebSite","@id":"https:\/\/biblia.md\/#website","url":"https:\/\/biblia.md\/","name":"Societatea Biblic\u0103 din Moldova","description":"","publisher":{"@id":"https:\/\/biblia.md\/#organization"},"potentialAction":[{"@type":"SearchAction","target":{"@type":"EntryPoint","urlTemplate":"https:\/\/biblia.md\/?s={search_term_string}"},"query-input":{"@type":"PropertyValueSpecification","valueRequired":true,"valueName":"search_term_string"}}],"inLanguage":"en-US"},{"@type":"Organization","@id":"https:\/\/biblia.md\/#organization","name":"Societatea Biblic\u0103 din Moldova","url":"https:\/\/biblia.md\/","logo":{"@type":"ImageObject","inLanguage":"en-US","@id":"https:\/\/biblia.md\/#\/schema\/logo\/image\/","url":"https:\/\/biblia.md\/wp-content\/uploads\/2026\/01\/icon_site.jpg","contentUrl":"https:\/\/biblia.md\/wp-content\/uploads\/2026\/01\/icon_site.jpg","width":656,"height":656,"caption":"Societatea Biblic\u0103 din Moldova"},"image":{"@id":"https:\/\/biblia.md\/#\/schema\/logo\/image\/"},"sameAs":["https:\/\/www.facebook.com\/SocietateaBiblicaMoldova\/","https:\/\/www.instagram.com\/biblia.md\/"]}]}},"_links":{"self":[{"href":"https:\/\/biblia.md\/en\/wp-json\/wp\/v2\/product\/37342","targetHints":{"allow":["GET"]}}],"collection":[{"href":"https:\/\/biblia.md\/en\/wp-json\/wp\/v2\/product"}],"about":[{"href":"https:\/\/biblia.md\/en\/wp-json\/wp\/v2\/types\/product"}],"replies":[{"embeddable":true,"href":"https:\/\/biblia.md\/en\/wp-json\/wp\/v2\/comments?post=37342"}],"version-history":[{"count":1,"href":"https:\/\/biblia.md\/en\/wp-json\/wp\/v2\/product\/37342\/revisions"}],"predecessor-version":[{"id":37355,"href":"https:\/\/biblia.md\/en\/wp-json\/wp\/v2\/product\/37342\/revisions\/37355"}],"wp:featuredmedia":[{"embeddable":true,"href":"https:\/\/biblia.md\/en\/wp-json\/wp\/v2\/media\/37356"}],"wp:attachment":[{"href":"https:\/\/biblia.md\/en\/wp-json\/wp\/v2\/media?parent=37342"}],"wp:term":[{"taxonomy":"product_brand","embeddable":true,"href":"https:\/\/biblia.md\/en\/wp-json\/wp\/v2\/product_brand?post=37342"},{"taxonomy":"product_cat","embeddable":true,"href":"https:\/\/biblia.md\/en\/wp-json\/wp\/v2\/product_cat?post=37342"},{"taxonomy":"product_tag","embeddable":true,"href":"https:\/\/biblia.md\/en\/wp-json\/wp\/v2\/product_tag?post=37342"}],"curies":[{"name":"wp","href":"https:\/\/api.w.org\/{rel}","templated":true}]}}