{"id":28668,"date":"2025-12-15T14:41:41","date_gmt":"2025-12-15T12:41:41","guid":{"rendered":"https:\/\/biblia.md\/?post_type=product&#038;p=28668"},"modified":"2026-01-30T09:34:11","modified_gmt":"2026-01-30T07:34:11","slug":"activitati-cu-personaje-biblice","status":"publish","type":"product","link":"https:\/\/biblia.md\/ru\/shop\/activitati-cu-personaje-biblice\/","title":{"rendered":"Activitati cu personaje biblice"},"content":{"rendered":"<p>Intr\u0103 \u00een fascinanta lume a Bibliei \u0219i descoper\u0103 cele mai \u00eendr\u0103gite personaje ale ei. Labirinturi, rebusuri, coloreaz\u0103, identific\u0103 \u0219i num\u0103r\u0103, g\u0103se\u0219te cuvintele sau potrive\u0219te elementele sunt doar c\u00e2teva dintre activit\u0103\u021bi prezente \u00een aceast\u0103 carte pentru copii. Pe l\u00e2ng\u0103 jocuri, copiii vor descoperi pove\u0219tile uimitoare ale eroilor lor prefera\u021bi, cum ar fi Noe, Moise, David, Isus \u0219i mul\u021bi al\u021bii, pe care \u00eei vor ajuta de-a lungul c\u0103l\u0103toriei lor prin cartea de activit\u0103\u021bi.<\/p>\n<p>Cartea are o dimensiune medie de 15,5 x 23 cm, fiind u\u0219or de manevrat de copila\u0219i. Con\u021binutul \u00eentregii c\u0103r\u021bi este viu colorat, fiind o pl\u0103cere vizual\u0103 at\u00e2t pentru copii, dar chiar \u0219i pentru adul\u021bii care-i vor \u00eenso\u021bi. Cartea trateaz\u0103 13 povestiri biblice pe care abia a\u0219tept\u0103m s\u0103 le descoperi.<\/p>","protected":false},"excerpt":{"rendered":"<p>Intr\u0103 \u00een fascinanta lume a Bibliei \u0219i descoper\u0103 cele mai \u00eendr\u0103gite personaje ale ei. Labirinturi, rebusuri, coloreaz\u0103, identific\u0103 \u0219i num\u0103r\u0103, g\u0103se\u0219te cuvintele sau potrive\u0219te elementele sunt doar c\u00e2teva dintre activit\u0103\u021bi prezente \u00een aceast\u0103 carte pentru copii. Pe l\u00e2ng\u0103 jocuri, copiii vor descoperi pove\u0219tile uimitoare ale eroilor lor prefera\u021bi, cum ar fi Noe, Moise, David, Isus \u0219i mul\u021bi al\u021bii, pe care \u00eei vor ajuta de-a lungul c\u0103l\u0103toriei lor prin cartea de activit\u0103\u021bi.<\/p>\n<p>Cartea are o dimensiune medie de 15,5 x 23 cm, fiind u\u0219or de manevrat de copila\u0219i. Con\u021binutul \u00eentregii c\u0103r\u021bi este viu colorat, fiind o pl\u0103cere vizual\u0103 at\u00e2t pentru copii, dar chiar \u0219i pentru adul\u021bii care-i vor \u00eenso\u021bi. Cartea trateaz\u0103 13 povestiri biblice pe care abia a\u0219tept\u0103m s\u0103 le descoperi.<\/p>","protected":false},"featured_media":33825,"comment_status":"open","ping_status":"closed","template":"","meta":[],"product_brand":[],"product_cat":[365,149],"product_tag":[],"class_list":{"0":"post-28668","1":"product","2":"type-product","3":"status-publish","4":"has-post-thumbnail","6":"product_cat-carti-de-activitati-si-colorat","7":"product_cat-copii","8":"product_genre-knigi-rom","10":"first","11":"instock","12":"shipping-taxable","13":"purchasable","14":"product-type-simple"},"yoast_head":"<!-- This site is optimized with the Yoast SEO plugin v27.3 - https:\/\/yoast.com\/product\/yoast-seo-wordpress\/ -->\n<title>Activitati cu personaje biblice - Societatea Biblic\u0103 din Moldova<\/title>\n<meta name=\"robots\" content=\"index, follow, max-snippet:-1, max-image-preview:large, max-video-preview:-1\" \/>\n<link rel=\"canonical\" href=\"https:\/\/biblia.md\/ru\/shop\/activitati-cu-personaje-biblice\/\" \/>\n<meta property=\"og:locale\" content=\"ru_RU\" \/>\n<meta property=\"og:type\" content=\"article\" \/>\n<meta property=\"og:title\" content=\"Activitati cu personaje biblice - Societatea Biblic\u0103 din Moldova\" \/>\n<meta property=\"og:description\" content=\"Intr\u0103 \u00een fascinanta lume a Bibliei \u0219i descoper\u0103 cele mai \u00eendr\u0103gite personaje ale ei. Labirinturi, rebusuri, coloreaz\u0103, identific\u0103 \u0219i num\u0103r\u0103, g\u0103se\u0219te cuvintele sau potrive\u0219te elementele sunt doar c\u00e2teva dintre activit\u0103\u021bi prezente \u00een aceast\u0103 carte pentru copii. Pe l\u00e2ng\u0103 jocuri, copiii vor descoperi pove\u0219tile uimitoare ale eroilor lor prefera\u021bi, cum ar fi Noe, Moise, David, Isus \u0219i mul\u021bi al\u021bii, pe care \u00eei vor ajuta de-a lungul c\u0103l\u0103toriei lor prin cartea de activit\u0103\u021bi.  Cartea are o dimensiune medie de 15,5 x 23 cm, fiind u\u0219or de manevrat de copila\u0219i. Con\u021binutul \u00eentregii c\u0103r\u021bi este viu colorat, fiind o pl\u0103cere vizual\u0103 at\u00e2t pentru copii, dar chiar \u0219i pentru adul\u021bii care-i vor \u00eenso\u021bi. Cartea trateaz\u0103 13 povestiri biblice pe care abia a\u0219tept\u0103m s\u0103 le descoperi.\" \/>\n<meta property=\"og:url\" content=\"https:\/\/biblia.md\/ru\/shop\/activitati-cu-personaje-biblice\/\" \/>\n<meta property=\"og:site_name\" content=\"Societatea Biblic\u0103 din Moldova\" \/>\n<meta property=\"article:publisher\" content=\"https:\/\/www.facebook.com\/SocietateaBiblicaMoldova\/\" \/>\n<meta property=\"article:modified_time\" content=\"2026-01-30T07:34:11+00:00\" \/>\n<meta property=\"og:image\" content=\"https:\/\/biblia.md\/wp-content\/uploads\/2025\/12\/39aecafe-5a85-4c30-9b62-070f02c3dbb1.jpg\" \/>\n\t<meta property=\"og:image:width\" content=\"1290\" \/>\n\t<meta property=\"og:image:height\" content=\"1277\" \/>\n\t<meta property=\"og:image:type\" content=\"image\/jpeg\" \/>\n<meta name=\"twitter:card\" content=\"summary_large_image\" \/>\n<meta name=\"twitter:label1\" content=\"\u041f\u0440\u0438\u043c\u0435\u0440\u043d\u043e\u0435 \u0432\u0440\u0435\u043c\u044f \u0434\u043b\u044f \u0447\u0442\u0435\u043d\u0438\u044f\" \/>\n\t<meta name=\"twitter:data1\" content=\"1 \u043c\u0438\u043d\u0443\u0442\u0430\" \/>\n<script type=\"application\/ld+json\" class=\"yoast-schema-graph\">{\"@context\":\"https:\\\/\\\/schema.org\",\"@graph\":[{\"@type\":\"WebPage\",\"@id\":\"https:\\\/\\\/biblia.md\\\/shop\\\/activitati-cu-personaje-biblice\\\/\",\"url\":\"https:\\\/\\\/biblia.md\\\/shop\\\/activitati-cu-personaje-biblice\\\/\",\"name\":\"Activitati cu personaje biblice - Societatea Biblic\u0103 din Moldova\",\"isPartOf\":{\"@id\":\"https:\\\/\\\/biblia.md\\\/#website\"},\"primaryImageOfPage\":{\"@id\":\"https:\\\/\\\/biblia.md\\\/shop\\\/activitati-cu-personaje-biblice\\\/#primaryimage\"},\"image\":{\"@id\":\"https:\\\/\\\/biblia.md\\\/shop\\\/activitati-cu-personaje-biblice\\\/#primaryimage\"},\"thumbnailUrl\":\"https:\\\/\\\/biblia.md\\\/wp-content\\\/uploads\\\/2025\\\/12\\\/91809a02-818b-46d5-85a7-53f5b88fb20d.png\",\"datePublished\":\"2025-12-15T12:41:41+00:00\",\"dateModified\":\"2026-01-30T07:34:11+00:00\",\"breadcrumb\":{\"@id\":\"https:\\\/\\\/biblia.md\\\/shop\\\/activitati-cu-personaje-biblice\\\/#breadcrumb\"},\"inLanguage\":\"ru-RU\",\"potentialAction\":[{\"@type\":\"ReadAction\",\"target\":[\"https:\\\/\\\/biblia.md\\\/shop\\\/activitati-cu-personaje-biblice\\\/\"]}]},{\"@type\":\"ImageObject\",\"inLanguage\":\"ru-RU\",\"@id\":\"https:\\\/\\\/biblia.md\\\/shop\\\/activitati-cu-personaje-biblice\\\/#primaryimage\",\"url\":\"https:\\\/\\\/biblia.md\\\/wp-content\\\/uploads\\\/2025\\\/12\\\/91809a02-818b-46d5-85a7-53f5b88fb20d.png\",\"contentUrl\":\"https:\\\/\\\/biblia.md\\\/wp-content\\\/uploads\\\/2025\\\/12\\\/91809a02-818b-46d5-85a7-53f5b88fb20d.png\",\"width\":1024,\"height\":1536},{\"@type\":\"BreadcrumbList\",\"@id\":\"https:\\\/\\\/biblia.md\\\/shop\\\/activitati-cu-personaje-biblice\\\/#breadcrumb\",\"itemListElement\":[{\"@type\":\"ListItem\",\"position\":1,\"name\":\"Prima pagin\u0103\",\"item\":\"https:\\\/\\\/biblia.md\\\/\"},{\"@type\":\"ListItem\",\"position\":2,\"name\":\"Shop\",\"item\":\"https:\\\/\\\/biblia.md\\\/shop\\\/\"},{\"@type\":\"ListItem\",\"position\":3,\"name\":\"Activitati cu personaje biblice\"}]},{\"@type\":\"WebSite\",\"@id\":\"https:\\\/\\\/biblia.md\\\/#website\",\"url\":\"https:\\\/\\\/biblia.md\\\/\",\"name\":\"Societatea Biblic\u0103 din Moldova\",\"description\":\"\",\"publisher\":{\"@id\":\"https:\\\/\\\/biblia.md\\\/#organization\"},\"potentialAction\":[{\"@type\":\"SearchAction\",\"target\":{\"@type\":\"EntryPoint\",\"urlTemplate\":\"https:\\\/\\\/biblia.md\\\/?s={search_term_string}\"},\"query-input\":{\"@type\":\"PropertyValueSpecification\",\"valueRequired\":true,\"valueName\":\"search_term_string\"}}],\"inLanguage\":\"ru-RU\"},{\"@type\":\"Organization\",\"@id\":\"https:\\\/\\\/biblia.md\\\/#organization\",\"name\":\"Societatea Biblic\u0103 din Moldova\",\"url\":\"https:\\\/\\\/biblia.md\\\/\",\"logo\":{\"@type\":\"ImageObject\",\"inLanguage\":\"ru-RU\",\"@id\":\"https:\\\/\\\/biblia.md\\\/#\\\/schema\\\/logo\\\/image\\\/\",\"url\":\"https:\\\/\\\/biblia.md\\\/wp-content\\\/uploads\\\/2026\\\/01\\\/icon_site.jpg\",\"contentUrl\":\"https:\\\/\\\/biblia.md\\\/wp-content\\\/uploads\\\/2026\\\/01\\\/icon_site.jpg\",\"width\":656,\"height\":656,\"caption\":\"Societatea Biblic\u0103 din Moldova\"},\"image\":{\"@id\":\"https:\\\/\\\/biblia.md\\\/#\\\/schema\\\/logo\\\/image\\\/\"},\"sameAs\":[\"https:\\\/\\\/www.facebook.com\\\/SocietateaBiblicaMoldova\\\/\",\"https:\\\/\\\/www.instagram.com\\\/biblia.md\\\/\"]}]}<\/script>\n<!-- \/ Yoast SEO plugin. -->","yoast_head_json":{"title":"Activitati cu personaje biblice - Societatea Biblic\u0103 din Moldova","robots":{"index":"index","follow":"follow","max-snippet":"max-snippet:-1","max-image-preview":"max-image-preview:large","max-video-preview":"max-video-preview:-1"},"canonical":"https:\/\/biblia.md\/ru\/shop\/activitati-cu-personaje-biblice\/","og_locale":"ru_RU","og_type":"article","og_title":"Activitati cu personaje biblice - Societatea Biblic\u0103 din Moldova","og_description":"Intr\u0103 \u00een fascinanta lume a Bibliei \u0219i descoper\u0103 cele mai \u00eendr\u0103gite personaje ale ei. Labirinturi, rebusuri, coloreaz\u0103, identific\u0103 \u0219i num\u0103r\u0103, g\u0103se\u0219te cuvintele sau potrive\u0219te elementele sunt doar c\u00e2teva dintre activit\u0103\u021bi prezente \u00een aceast\u0103 carte pentru copii. Pe l\u00e2ng\u0103 jocuri, copiii vor descoperi pove\u0219tile uimitoare ale eroilor lor prefera\u021bi, cum ar fi Noe, Moise, David, Isus \u0219i mul\u021bi al\u021bii, pe care \u00eei vor ajuta de-a lungul c\u0103l\u0103toriei lor prin cartea de activit\u0103\u021bi.  Cartea are o dimensiune medie de 15,5 x 23 cm, fiind u\u0219or de manevrat de copila\u0219i. Con\u021binutul \u00eentregii c\u0103r\u021bi este viu colorat, fiind o pl\u0103cere vizual\u0103 at\u00e2t pentru copii, dar chiar \u0219i pentru adul\u021bii care-i vor \u00eenso\u021bi. Cartea trateaz\u0103 13 povestiri biblice pe care abia a\u0219tept\u0103m s\u0103 le descoperi.","og_url":"https:\/\/biblia.md\/ru\/shop\/activitati-cu-personaje-biblice\/","og_site_name":"Societatea Biblic\u0103 din Moldova","article_publisher":"https:\/\/www.facebook.com\/SocietateaBiblicaMoldova\/","article_modified_time":"2026-01-30T07:34:11+00:00","og_image":[{"width":1290,"height":1277,"url":"https:\/\/biblia.md\/wp-content\/uploads\/2025\/12\/39aecafe-5a85-4c30-9b62-070f02c3dbb1.jpg","type":"image\/jpeg"}],"twitter_card":"summary_large_image","twitter_misc":{"\u041f\u0440\u0438\u043c\u0435\u0440\u043d\u043e\u0435 \u0432\u0440\u0435\u043c\u044f \u0434\u043b\u044f \u0447\u0442\u0435\u043d\u0438\u044f":"1 \u043c\u0438\u043d\u0443\u0442\u0430"},"schema":{"@context":"https:\/\/schema.org","@graph":[{"@type":"WebPage","@id":"https:\/\/biblia.md\/shop\/activitati-cu-personaje-biblice\/","url":"https:\/\/biblia.md\/shop\/activitati-cu-personaje-biblice\/","name":"Activitati cu personaje biblice - Societatea Biblic\u0103 din Moldova","isPartOf":{"@id":"https:\/\/biblia.md\/#website"},"primaryImageOfPage":{"@id":"https:\/\/biblia.md\/shop\/activitati-cu-personaje-biblice\/#primaryimage"},"image":{"@id":"https:\/\/biblia.md\/shop\/activitati-cu-personaje-biblice\/#primaryimage"},"thumbnailUrl":"https:\/\/biblia.md\/wp-content\/uploads\/2025\/12\/91809a02-818b-46d5-85a7-53f5b88fb20d.png","datePublished":"2025-12-15T12:41:41+00:00","dateModified":"2026-01-30T07:34:11+00:00","breadcrumb":{"@id":"https:\/\/biblia.md\/shop\/activitati-cu-personaje-biblice\/#breadcrumb"},"inLanguage":"ru-RU","potentialAction":[{"@type":"ReadAction","target":["https:\/\/biblia.md\/shop\/activitati-cu-personaje-biblice\/"]}]},{"@type":"ImageObject","inLanguage":"ru-RU","@id":"https:\/\/biblia.md\/shop\/activitati-cu-personaje-biblice\/#primaryimage","url":"https:\/\/biblia.md\/wp-content\/uploads\/2025\/12\/91809a02-818b-46d5-85a7-53f5b88fb20d.png","contentUrl":"https:\/\/biblia.md\/wp-content\/uploads\/2025\/12\/91809a02-818b-46d5-85a7-53f5b88fb20d.png","width":1024,"height":1536},{"@type":"BreadcrumbList","@id":"https:\/\/biblia.md\/shop\/activitati-cu-personaje-biblice\/#breadcrumb","itemListElement":[{"@type":"ListItem","position":1,"name":"Prima pagin\u0103","item":"https:\/\/biblia.md\/"},{"@type":"ListItem","position":2,"name":"Shop","item":"https:\/\/biblia.md\/shop\/"},{"@type":"ListItem","position":3,"name":"Activitati cu personaje biblice"}]},{"@type":"WebSite","@id":"https:\/\/biblia.md\/#website","url":"https:\/\/biblia.md\/","name":"Societatea Biblic\u0103 din Moldova","description":"","publisher":{"@id":"https:\/\/biblia.md\/#organization"},"potentialAction":[{"@type":"SearchAction","target":{"@type":"EntryPoint","urlTemplate":"https:\/\/biblia.md\/?s={search_term_string}"},"query-input":{"@type":"PropertyValueSpecification","valueRequired":true,"valueName":"search_term_string"}}],"inLanguage":"ru-RU"},{"@type":"Organization","@id":"https:\/\/biblia.md\/#organization","name":"Societatea Biblic\u0103 din Moldova","url":"https:\/\/biblia.md\/","logo":{"@type":"ImageObject","inLanguage":"ru-RU","@id":"https:\/\/biblia.md\/#\/schema\/logo\/image\/","url":"https:\/\/biblia.md\/wp-content\/uploads\/2026\/01\/icon_site.jpg","contentUrl":"https:\/\/biblia.md\/wp-content\/uploads\/2026\/01\/icon_site.jpg","width":656,"height":656,"caption":"Societatea Biblic\u0103 din Moldova"},"image":{"@id":"https:\/\/biblia.md\/#\/schema\/logo\/image\/"},"sameAs":["https:\/\/www.facebook.com\/SocietateaBiblicaMoldova\/","https:\/\/www.instagram.com\/biblia.md\/"]}]}},"_links":{"self":[{"href":"https:\/\/biblia.md\/ru\/wp-json\/wp\/v2\/product\/28668","targetHints":{"allow":["GET"]}}],"collection":[{"href":"https:\/\/biblia.md\/ru\/wp-json\/wp\/v2\/product"}],"about":[{"href":"https:\/\/biblia.md\/ru\/wp-json\/wp\/v2\/types\/product"}],"replies":[{"embeddable":true,"href":"https:\/\/biblia.md\/ru\/wp-json\/wp\/v2\/comments?post=28668"}],"version-history":[{"count":1,"href":"https:\/\/biblia.md\/ru\/wp-json\/wp\/v2\/product\/28668\/revisions"}],"predecessor-version":[{"id":28675,"href":"https:\/\/biblia.md\/ru\/wp-json\/wp\/v2\/product\/28668\/revisions\/28675"}],"wp:featuredmedia":[{"embeddable":true,"href":"https:\/\/biblia.md\/ru\/wp-json\/wp\/v2\/media\/33825"}],"wp:attachment":[{"href":"https:\/\/biblia.md\/ru\/wp-json\/wp\/v2\/media?parent=28668"}],"wp:term":[{"taxonomy":"product_brand","embeddable":true,"href":"https:\/\/biblia.md\/ru\/wp-json\/wp\/v2\/product_brand?post=28668"},{"taxonomy":"product_cat","embeddable":true,"href":"https:\/\/biblia.md\/ru\/wp-json\/wp\/v2\/product_cat?post=28668"},{"taxonomy":"product_tag","embeddable":true,"href":"https:\/\/biblia.md\/ru\/wp-json\/wp\/v2\/product_tag?post=28668"}],"curies":[{"name":"wp","href":"https:\/\/api.w.org\/{rel}","templated":true}]}}