{"id":28868,"date":"2025-12-16T09:44:45","date_gmt":"2025-12-16T07:44:45","guid":{"rendered":"https:\/\/biblia.md\/?post_type=product&#038;p=28868"},"modified":"2026-04-22T11:51:59","modified_gmt":"2026-04-22T09:51:59","slug":"craciun-cu-anne-si-alte-povestiri-despre-iertare-impacare-si-iubire","status":"publish","type":"product","link":"https:\/\/biblia.md\/ru\/shop\/craciun-cu-anne-si-alte-povestiri-despre-iertare-impacare-si-iubire\/","title":{"rendered":"Cr\u0103ciun cu Anne \u0219i alte povestiri despre iertare, \u00eemp\u0103care \u0219i iubire"},"content":{"rendered":"<p>Cunoscut\u0103 cititorilor mai ales prin seria romanelor ce au f\u0103cut-o nemuritoare pe Anne, feti\u021ba din Casa cu frontoane verzi, scriitoarea Lucy Maud Montgomery se las\u0103 acum redescoperit\u0103 \u0219i ca o minunat\u0103 autoare de povestiri \u0219i nuvele.<br \/>\nVolumul de fa\u021b\u0103, un cadou de Cr\u0103ciun \u00een sine, aduce \u00een fa\u021ba cititorului un buchet de \u0219aisprezece povestiri despre S\u0103rb\u0103toarea Na\u0219terii Domnului, a\u0219a cum este ea tr\u0103it\u0103 pe p\u0103m\u00e2nt canadian.<br \/>\nPe l\u00e2ng\u0103 dou\u0103 capitole extrase din seria Anne, celelalte povestiri sunt cu totul originale, av\u00e2nd \u00eens\u0103 un filon comun, un puternic fir de leg\u0103tur\u0103 cu mult \u00eendr\u0103gita serie: toate respir\u0103 aceea\u0219i naturale\u021be, simplitate \u0219i firesc al vie\u021bii cu care Anne \u0219i prietenii s\u0103i ne-au cucerit \u0219i \u00eenc\u0103lzit inimile.<br \/>\nT\u00e2n\u0103rul cititor care identific\u0103 ast\u0103zi S\u0103rb\u0103toarea Cr\u0103ciunului cu abunden\u021ba de reclame luminoase, cu sintagma \u201eluna cadourilor&#8221; \u0219i goana searb\u0103d\u0103 dup\u0103 daruri inutile, va fi \u00eenc\u00e2ntat s\u0103 afle c\u0103 po\u021bi avea parte de \u201ecel mai pl\u0103cut Cr\u0103ciun&#8221; \u00eentr-un vagon \u00eenz\u0103pezit \u00een pustiu, petrecut al\u0103turi de oameni pe care i-ai cunoscut de c\u00e2teva ceasuri. Va fi de asemenea surprins s\u0103 afle c\u0103 darul adev\u0103rat este o punte de leg\u0103tur\u0103 \u00eentre inima care d\u0103ruie\u0219te \u0219i cea care prime\u0219te, c\u0103ci Dragostea este bucuria de a face \u0219i altora bucurie, dup\u0103 spusele Sf\u00e2ntului Ioan Gur\u0103 de Aur.<br \/>\nSavura\u021bi-le pe \u00eendelete \u0219i l\u0103sa\u021bi-v\u0103 cuprin\u0219i de pace \u0219i de bucuria iubirii aproapelui, c\u0103ci doar D\u0103ruind, vei dob\u00e2ndi, a\u0219a cum at\u00e2t de frumos \u00eendemna Nicolae Steinhardt.<\/p>","protected":false},"excerpt":{"rendered":"<p>Cunoscut\u0103 cititorilor mai ales prin seria romanelor ce au f\u0103cut-o nemuritoare pe Anne, feti\u021ba din Casa cu frontoane verzi, scriitoarea Lucy Maud Montgomery se las\u0103 acum redescoperit\u0103 \u0219i ca o minunat\u0103 autoare de povestiri \u0219i nuvele.<br \/>\nVolumul de fa\u021b\u0103, un cadou de Cr\u0103ciun \u00een sine, aduce \u00een fa\u021ba cititorului un buchet de \u0219aisprezece povestiri despre S\u0103rb\u0103toarea Na\u0219terii Domnului, a\u0219a cum este ea tr\u0103it\u0103 pe p\u0103m\u00e2nt canadian.<br \/>\nPe l\u00e2ng\u0103 dou\u0103 capitole extrase din seria Anne, celelalte povestiri sunt cu totul originale, av\u00e2nd \u00eens\u0103 un filon comun, un puternic fir de leg\u0103tur\u0103 cu mult \u00eendr\u0103gita serie: toate respir\u0103 aceea\u0219i naturale\u021be, simplitate \u0219i firesc al vie\u021bii cu care Anne \u0219i prietenii s\u0103i ne-au cucerit \u0219i \u00eenc\u0103lzit inimile.<br \/>\nT\u00e2n\u0103rul cititor care identific\u0103 ast\u0103zi S\u0103rb\u0103toarea Cr\u0103ciunului cu abunden\u021ba de reclame luminoase, cu sintagma \u201eluna cadourilor&#8221; \u0219i goana searb\u0103d\u0103 dup\u0103 daruri inutile, va fi \u00eenc\u00e2ntat s\u0103 afle c\u0103 po\u021bi avea parte de \u201ecel mai pl\u0103cut Cr\u0103ciun&#8221; \u00eentr-un vagon \u00eenz\u0103pezit \u00een pustiu, petrecut al\u0103turi de oameni pe care i-ai cunoscut de c\u00e2teva ceasuri. Va fi de asemenea surprins s\u0103 afle c\u0103 darul adev\u0103rat este o punte de leg\u0103tur\u0103 \u00eentre inima care d\u0103ruie\u0219te \u0219i cea care prime\u0219te, c\u0103ci Dragostea este bucuria de a face \u0219i altora bucurie, dup\u0103 spusele Sf\u00e2ntului Ioan Gur\u0103 de Aur.<br \/>\nSavura\u021bi-le pe \u00eendelete \u0219i l\u0103sa\u021bi-v\u0103 cuprin\u0219i de pace \u0219i de bucuria iubirii aproapelui, c\u0103ci doar D\u0103ruind, vei dob\u00e2ndi, a\u0219a cum at\u00e2t de frumos \u00eendemna Nicolae Steinhardt.<\/p>","protected":false},"featured_media":28869,"comment_status":"open","ping_status":"closed","template":"","meta":[],"product_brand":[],"product_cat":[149,378,364],"product_tag":[],"class_list":{"0":"post-28868","1":"product","2":"type-product","3":"status-publish","4":"has-post-thumbnail","6":"product_cat-copii","7":"product_cat-craciun","8":"product_cat-povestiri","9":"product_author-l-m-montgomery","10":"product_genre-knigi-rom","12":"first","13":"outofstock","14":"shipping-taxable","15":"purchasable","16":"product-type-simple"},"yoast_head":"<!-- This site is optimized with the Yoast SEO plugin v27.3 - https:\/\/yoast.com\/product\/yoast-seo-wordpress\/ -->\n<title>Cr\u0103ciun cu Anne \u0219i alte povestiri despre iertare, \u00eemp\u0103care \u0219i iubire - Societatea Biblic\u0103 din Moldova<\/title>\n<meta name=\"robots\" content=\"index, follow, max-snippet:-1, max-image-preview:large, max-video-preview:-1\" \/>\n<link rel=\"canonical\" href=\"https:\/\/biblia.md\/ru\/shop\/craciun-cu-anne-si-alte-povestiri-despre-iertare-impacare-si-iubire\/\" \/>\n<meta property=\"og:locale\" content=\"ru_RU\" \/>\n<meta property=\"og:type\" content=\"article\" \/>\n<meta property=\"og:title\" content=\"Cr\u0103ciun cu Anne \u0219i alte povestiri despre iertare, \u00eemp\u0103care \u0219i iubire - Societatea Biblic\u0103 din Moldova\" \/>\n<meta property=\"og:description\" content=\"Cunoscut\u0103 cititorilor mai ales prin seria romanelor ce au f\u0103cut-o nemuritoare pe Anne, feti\u021ba din Casa cu frontoane verzi, scriitoarea Lucy Maud Montgomery se las\u0103 acum redescoperit\u0103 \u0219i ca o minunat\u0103 autoare de povestiri \u0219i nuvele. Volumul de fa\u021b\u0103, un cadou de Cr\u0103ciun \u00een sine, aduce \u00een fa\u021ba cititorului un buchet de \u0219aisprezece povestiri despre S\u0103rb\u0103toarea Na\u0219terii Domnului, a\u0219a cum este ea tr\u0103it\u0103 pe p\u0103m\u00e2nt canadian. Pe l\u00e2ng\u0103 dou\u0103 capitole extrase din seria Anne, celelalte povestiri sunt cu totul originale, av\u00e2nd \u00eens\u0103 un filon comun, un puternic fir de leg\u0103tur\u0103 cu mult \u00eendr\u0103gita serie: toate respir\u0103 aceea\u0219i naturale\u021be, simplitate \u0219i firesc al vie\u021bii cu care Anne \u0219i prietenii s\u0103i ne-au cucerit \u0219i \u00eenc\u0103lzit inimile. T\u00e2n\u0103rul cititor care identific\u0103 ast\u0103zi S\u0103rb\u0103toarea Cr\u0103ciunului cu abunden\u021ba de reclame luminoase, cu sintagma \u201eluna cadourilor&quot; \u0219i goana searb\u0103d\u0103 dup\u0103 daruri inutile, va fi \u00eenc\u00e2ntat s\u0103 afle c\u0103 po\u021bi avea parte de \u201ecel mai pl\u0103cut Cr\u0103ciun&quot; \u00eentr-un vagon \u00eenz\u0103pezit \u00een pustiu, petrecut al\u0103turi de oameni pe care i-ai cunoscut de c\u00e2teva ceasuri. Va fi de asemenea surprins s\u0103 afle c\u0103 darul adev\u0103rat este o punte de leg\u0103tur\u0103 \u00eentre inima care d\u0103ruie\u0219te \u0219i cea care prime\u0219te, c\u0103ci Dragostea este bucuria de a face \u0219i altora bucurie, dup\u0103 spusele Sf\u00e2ntului Ioan Gur\u0103 de Aur. Savura\u021bi-le pe \u00eendelete \u0219i l\u0103sa\u021bi-v\u0103 cuprin\u0219i de pace \u0219i de bucuria iubirii aproapelui, c\u0103ci doar D\u0103ruind, vei dob\u00e2ndi, a\u0219a cum at\u00e2t de frumos \u00eendemna Nicolae Steinhardt.\" \/>\n<meta property=\"og:url\" content=\"https:\/\/biblia.md\/ru\/shop\/craciun-cu-anne-si-alte-povestiri-despre-iertare-impacare-si-iubire\/\" \/>\n<meta property=\"og:site_name\" content=\"Societatea Biblic\u0103 din Moldova\" \/>\n<meta property=\"article:publisher\" content=\"https:\/\/www.facebook.com\/SocietateaBiblicaMoldova\/\" \/>\n<meta property=\"article:modified_time\" content=\"2026-04-22T09:51:59+00:00\" \/>\n<meta property=\"og:image\" content=\"https:\/\/biblia.md\/wp-content\/uploads\/2025\/12\/0000000464.png\" \/>\n\t<meta property=\"og:image:width\" content=\"600\" \/>\n\t<meta property=\"og:image:height\" content=\"900\" \/>\n\t<meta property=\"og:image:type\" content=\"image\/png\" \/>\n<meta name=\"twitter:card\" content=\"summary_large_image\" \/>\n<meta name=\"twitter:label1\" content=\"\u041f\u0440\u0438\u043c\u0435\u0440\u043d\u043e\u0435 \u0432\u0440\u0435\u043c\u044f \u0434\u043b\u044f \u0447\u0442\u0435\u043d\u0438\u044f\" \/>\n\t<meta name=\"twitter:data1\" content=\"2 \u043c\u0438\u043d\u0443\u0442\u044b\" \/>\n<script type=\"application\/ld+json\" class=\"yoast-schema-graph\">{\"@context\":\"https:\\\/\\\/schema.org\",\"@graph\":[{\"@type\":\"WebPage\",\"@id\":\"https:\\\/\\\/biblia.md\\\/shop\\\/craciun-cu-anne-si-alte-povestiri-despre-iertare-impacare-si-iubire\\\/\",\"url\":\"https:\\\/\\\/biblia.md\\\/shop\\\/craciun-cu-anne-si-alte-povestiri-despre-iertare-impacare-si-iubire\\\/\",\"name\":\"Cr\u0103ciun cu Anne \u0219i alte povestiri despre iertare, \u00eemp\u0103care \u0219i iubire - Societatea Biblic\u0103 din Moldova\",\"isPartOf\":{\"@id\":\"https:\\\/\\\/biblia.md\\\/#website\"},\"primaryImageOfPage\":{\"@id\":\"https:\\\/\\\/biblia.md\\\/shop\\\/craciun-cu-anne-si-alte-povestiri-despre-iertare-impacare-si-iubire\\\/#primaryimage\"},\"image\":{\"@id\":\"https:\\\/\\\/biblia.md\\\/shop\\\/craciun-cu-anne-si-alte-povestiri-despre-iertare-impacare-si-iubire\\\/#primaryimage\"},\"thumbnailUrl\":\"https:\\\/\\\/biblia.md\\\/wp-content\\\/uploads\\\/2025\\\/12\\\/0000000464.png\",\"datePublished\":\"2025-12-16T07:44:45+00:00\",\"dateModified\":\"2026-04-22T09:51:59+00:00\",\"breadcrumb\":{\"@id\":\"https:\\\/\\\/biblia.md\\\/shop\\\/craciun-cu-anne-si-alte-povestiri-despre-iertare-impacare-si-iubire\\\/#breadcrumb\"},\"inLanguage\":\"ru-RU\",\"potentialAction\":[{\"@type\":\"ReadAction\",\"target\":[\"https:\\\/\\\/biblia.md\\\/shop\\\/craciun-cu-anne-si-alte-povestiri-despre-iertare-impacare-si-iubire\\\/\"]}]},{\"@type\":\"ImageObject\",\"inLanguage\":\"ru-RU\",\"@id\":\"https:\\\/\\\/biblia.md\\\/shop\\\/craciun-cu-anne-si-alte-povestiri-despre-iertare-impacare-si-iubire\\\/#primaryimage\",\"url\":\"https:\\\/\\\/biblia.md\\\/wp-content\\\/uploads\\\/2025\\\/12\\\/0000000464.png\",\"contentUrl\":\"https:\\\/\\\/biblia.md\\\/wp-content\\\/uploads\\\/2025\\\/12\\\/0000000464.png\",\"width\":600,\"height\":900},{\"@type\":\"BreadcrumbList\",\"@id\":\"https:\\\/\\\/biblia.md\\\/shop\\\/craciun-cu-anne-si-alte-povestiri-despre-iertare-impacare-si-iubire\\\/#breadcrumb\",\"itemListElement\":[{\"@type\":\"ListItem\",\"position\":1,\"name\":\"Prima pagin\u0103\",\"item\":\"https:\\\/\\\/biblia.md\\\/\"},{\"@type\":\"ListItem\",\"position\":2,\"name\":\"Shop\",\"item\":\"https:\\\/\\\/biblia.md\\\/shop\\\/\"},{\"@type\":\"ListItem\",\"position\":3,\"name\":\"Cr\u0103ciun cu Anne \u0219i alte povestiri despre iertare, \u00eemp\u0103care \u0219i iubire\"}]},{\"@type\":\"WebSite\",\"@id\":\"https:\\\/\\\/biblia.md\\\/#website\",\"url\":\"https:\\\/\\\/biblia.md\\\/\",\"name\":\"Societatea Biblic\u0103 din Moldova\",\"description\":\"\",\"publisher\":{\"@id\":\"https:\\\/\\\/biblia.md\\\/#organization\"},\"potentialAction\":[{\"@type\":\"SearchAction\",\"target\":{\"@type\":\"EntryPoint\",\"urlTemplate\":\"https:\\\/\\\/biblia.md\\\/?s={search_term_string}\"},\"query-input\":{\"@type\":\"PropertyValueSpecification\",\"valueRequired\":true,\"valueName\":\"search_term_string\"}}],\"inLanguage\":\"ru-RU\"},{\"@type\":\"Organization\",\"@id\":\"https:\\\/\\\/biblia.md\\\/#organization\",\"name\":\"Societatea Biblic\u0103 din Moldova\",\"url\":\"https:\\\/\\\/biblia.md\\\/\",\"logo\":{\"@type\":\"ImageObject\",\"inLanguage\":\"ru-RU\",\"@id\":\"https:\\\/\\\/biblia.md\\\/#\\\/schema\\\/logo\\\/image\\\/\",\"url\":\"https:\\\/\\\/biblia.md\\\/wp-content\\\/uploads\\\/2026\\\/01\\\/icon_site.jpg\",\"contentUrl\":\"https:\\\/\\\/biblia.md\\\/wp-content\\\/uploads\\\/2026\\\/01\\\/icon_site.jpg\",\"width\":656,\"height\":656,\"caption\":\"Societatea Biblic\u0103 din Moldova\"},\"image\":{\"@id\":\"https:\\\/\\\/biblia.md\\\/#\\\/schema\\\/logo\\\/image\\\/\"},\"sameAs\":[\"https:\\\/\\\/www.facebook.com\\\/SocietateaBiblicaMoldova\\\/\",\"https:\\\/\\\/www.instagram.com\\\/biblia.md\\\/\"]}]}<\/script>\n<!-- \/ Yoast SEO plugin. -->","yoast_head_json":{"title":"Cr\u0103ciun cu Anne \u0219i alte povestiri despre iertare, \u00eemp\u0103care \u0219i iubire - Societatea Biblic\u0103 din Moldova","robots":{"index":"index","follow":"follow","max-snippet":"max-snippet:-1","max-image-preview":"max-image-preview:large","max-video-preview":"max-video-preview:-1"},"canonical":"https:\/\/biblia.md\/ru\/shop\/craciun-cu-anne-si-alte-povestiri-despre-iertare-impacare-si-iubire\/","og_locale":"ru_RU","og_type":"article","og_title":"Cr\u0103ciun cu Anne \u0219i alte povestiri despre iertare, \u00eemp\u0103care \u0219i iubire - Societatea Biblic\u0103 din Moldova","og_description":"Cunoscut\u0103 cititorilor mai ales prin seria romanelor ce au f\u0103cut-o nemuritoare pe Anne, feti\u021ba din Casa cu frontoane verzi, scriitoarea Lucy Maud Montgomery se las\u0103 acum redescoperit\u0103 \u0219i ca o minunat\u0103 autoare de povestiri \u0219i nuvele. Volumul de fa\u021b\u0103, un cadou de Cr\u0103ciun \u00een sine, aduce \u00een fa\u021ba cititorului un buchet de \u0219aisprezece povestiri despre S\u0103rb\u0103toarea Na\u0219terii Domnului, a\u0219a cum este ea tr\u0103it\u0103 pe p\u0103m\u00e2nt canadian. Pe l\u00e2ng\u0103 dou\u0103 capitole extrase din seria Anne, celelalte povestiri sunt cu totul originale, av\u00e2nd \u00eens\u0103 un filon comun, un puternic fir de leg\u0103tur\u0103 cu mult \u00eendr\u0103gita serie: toate respir\u0103 aceea\u0219i naturale\u021be, simplitate \u0219i firesc al vie\u021bii cu care Anne \u0219i prietenii s\u0103i ne-au cucerit \u0219i \u00eenc\u0103lzit inimile. T\u00e2n\u0103rul cititor care identific\u0103 ast\u0103zi S\u0103rb\u0103toarea Cr\u0103ciunului cu abunden\u021ba de reclame luminoase, cu sintagma \u201eluna cadourilor\" \u0219i goana searb\u0103d\u0103 dup\u0103 daruri inutile, va fi \u00eenc\u00e2ntat s\u0103 afle c\u0103 po\u021bi avea parte de \u201ecel mai pl\u0103cut Cr\u0103ciun\" \u00eentr-un vagon \u00eenz\u0103pezit \u00een pustiu, petrecut al\u0103turi de oameni pe care i-ai cunoscut de c\u00e2teva ceasuri. Va fi de asemenea surprins s\u0103 afle c\u0103 darul adev\u0103rat este o punte de leg\u0103tur\u0103 \u00eentre inima care d\u0103ruie\u0219te \u0219i cea care prime\u0219te, c\u0103ci Dragostea este bucuria de a face \u0219i altora bucurie, dup\u0103 spusele Sf\u00e2ntului Ioan Gur\u0103 de Aur. Savura\u021bi-le pe \u00eendelete \u0219i l\u0103sa\u021bi-v\u0103 cuprin\u0219i de pace \u0219i de bucuria iubirii aproapelui, c\u0103ci doar D\u0103ruind, vei dob\u00e2ndi, a\u0219a cum at\u00e2t de frumos \u00eendemna Nicolae Steinhardt.","og_url":"https:\/\/biblia.md\/ru\/shop\/craciun-cu-anne-si-alte-povestiri-despre-iertare-impacare-si-iubire\/","og_site_name":"Societatea Biblic\u0103 din Moldova","article_publisher":"https:\/\/www.facebook.com\/SocietateaBiblicaMoldova\/","article_modified_time":"2026-04-22T09:51:59+00:00","og_image":[{"width":600,"height":900,"url":"https:\/\/biblia.md\/wp-content\/uploads\/2025\/12\/0000000464.png","type":"image\/png"}],"twitter_card":"summary_large_image","twitter_misc":{"\u041f\u0440\u0438\u043c\u0435\u0440\u043d\u043e\u0435 \u0432\u0440\u0435\u043c\u044f \u0434\u043b\u044f \u0447\u0442\u0435\u043d\u0438\u044f":"2 \u043c\u0438\u043d\u0443\u0442\u044b"},"schema":{"@context":"https:\/\/schema.org","@graph":[{"@type":"WebPage","@id":"https:\/\/biblia.md\/shop\/craciun-cu-anne-si-alte-povestiri-despre-iertare-impacare-si-iubire\/","url":"https:\/\/biblia.md\/shop\/craciun-cu-anne-si-alte-povestiri-despre-iertare-impacare-si-iubire\/","name":"Cr\u0103ciun cu Anne \u0219i alte povestiri despre iertare, \u00eemp\u0103care \u0219i iubire - Societatea Biblic\u0103 din Moldova","isPartOf":{"@id":"https:\/\/biblia.md\/#website"},"primaryImageOfPage":{"@id":"https:\/\/biblia.md\/shop\/craciun-cu-anne-si-alte-povestiri-despre-iertare-impacare-si-iubire\/#primaryimage"},"image":{"@id":"https:\/\/biblia.md\/shop\/craciun-cu-anne-si-alte-povestiri-despre-iertare-impacare-si-iubire\/#primaryimage"},"thumbnailUrl":"https:\/\/biblia.md\/wp-content\/uploads\/2025\/12\/0000000464.png","datePublished":"2025-12-16T07:44:45+00:00","dateModified":"2026-04-22T09:51:59+00:00","breadcrumb":{"@id":"https:\/\/biblia.md\/shop\/craciun-cu-anne-si-alte-povestiri-despre-iertare-impacare-si-iubire\/#breadcrumb"},"inLanguage":"ru-RU","potentialAction":[{"@type":"ReadAction","target":["https:\/\/biblia.md\/shop\/craciun-cu-anne-si-alte-povestiri-despre-iertare-impacare-si-iubire\/"]}]},{"@type":"ImageObject","inLanguage":"ru-RU","@id":"https:\/\/biblia.md\/shop\/craciun-cu-anne-si-alte-povestiri-despre-iertare-impacare-si-iubire\/#primaryimage","url":"https:\/\/biblia.md\/wp-content\/uploads\/2025\/12\/0000000464.png","contentUrl":"https:\/\/biblia.md\/wp-content\/uploads\/2025\/12\/0000000464.png","width":600,"height":900},{"@type":"BreadcrumbList","@id":"https:\/\/biblia.md\/shop\/craciun-cu-anne-si-alte-povestiri-despre-iertare-impacare-si-iubire\/#breadcrumb","itemListElement":[{"@type":"ListItem","position":1,"name":"Prima pagin\u0103","item":"https:\/\/biblia.md\/"},{"@type":"ListItem","position":2,"name":"Shop","item":"https:\/\/biblia.md\/shop\/"},{"@type":"ListItem","position":3,"name":"Cr\u0103ciun cu Anne \u0219i alte povestiri despre iertare, \u00eemp\u0103care \u0219i iubire"}]},{"@type":"WebSite","@id":"https:\/\/biblia.md\/#website","url":"https:\/\/biblia.md\/","name":"Societatea Biblic\u0103 din Moldova","description":"","publisher":{"@id":"https:\/\/biblia.md\/#organization"},"potentialAction":[{"@type":"SearchAction","target":{"@type":"EntryPoint","urlTemplate":"https:\/\/biblia.md\/?s={search_term_string}"},"query-input":{"@type":"PropertyValueSpecification","valueRequired":true,"valueName":"search_term_string"}}],"inLanguage":"ru-RU"},{"@type":"Organization","@id":"https:\/\/biblia.md\/#organization","name":"Societatea Biblic\u0103 din Moldova","url":"https:\/\/biblia.md\/","logo":{"@type":"ImageObject","inLanguage":"ru-RU","@id":"https:\/\/biblia.md\/#\/schema\/logo\/image\/","url":"https:\/\/biblia.md\/wp-content\/uploads\/2026\/01\/icon_site.jpg","contentUrl":"https:\/\/biblia.md\/wp-content\/uploads\/2026\/01\/icon_site.jpg","width":656,"height":656,"caption":"Societatea Biblic\u0103 din Moldova"},"image":{"@id":"https:\/\/biblia.md\/#\/schema\/logo\/image\/"},"sameAs":["https:\/\/www.facebook.com\/SocietateaBiblicaMoldova\/","https:\/\/www.instagram.com\/biblia.md\/"]}]}},"_links":{"self":[{"href":"https:\/\/biblia.md\/ru\/wp-json\/wp\/v2\/product\/28868","targetHints":{"allow":["GET"]}}],"collection":[{"href":"https:\/\/biblia.md\/ru\/wp-json\/wp\/v2\/product"}],"about":[{"href":"https:\/\/biblia.md\/ru\/wp-json\/wp\/v2\/types\/product"}],"replies":[{"embeddable":true,"href":"https:\/\/biblia.md\/ru\/wp-json\/wp\/v2\/comments?post=28868"}],"version-history":[{"count":1,"href":"https:\/\/biblia.md\/ru\/wp-json\/wp\/v2\/product\/28868\/revisions"}],"predecessor-version":[{"id":28870,"href":"https:\/\/biblia.md\/ru\/wp-json\/wp\/v2\/product\/28868\/revisions\/28870"}],"wp:featuredmedia":[{"embeddable":true,"href":"https:\/\/biblia.md\/ru\/wp-json\/wp\/v2\/media\/28869"}],"wp:attachment":[{"href":"https:\/\/biblia.md\/ru\/wp-json\/wp\/v2\/media?parent=28868"}],"wp:term":[{"taxonomy":"product_brand","embeddable":true,"href":"https:\/\/biblia.md\/ru\/wp-json\/wp\/v2\/product_brand?post=28868"},{"taxonomy":"product_cat","embeddable":true,"href":"https:\/\/biblia.md\/ru\/wp-json\/wp\/v2\/product_cat?post=28868"},{"taxonomy":"product_tag","embeddable":true,"href":"https:\/\/biblia.md\/ru\/wp-json\/wp\/v2\/product_tag?post=28868"}],"curies":[{"name":"wp","href":"https:\/\/api.w.org\/{rel}","templated":true}]}}