{"id":29264,"date":"2025-12-19T12:16:43","date_gmt":"2025-12-19T10:16:43","guid":{"rendered":"https:\/\/biblia.md\/?post_type=product&#038;p=29264"},"modified":"2026-02-18T15:58:35","modified_gmt":"2026-02-18T13:58:35","slug":"femeile-il-intalnesc-pe-dumnezeu-noul-testament-cu-meditatii-scrise-de-femei-pentru-femei","status":"publish","type":"product","link":"https:\/\/biblia.md\/ru\/shop\/femeile-il-intalnesc-pe-dumnezeu-noul-testament-cu-meditatii-scrise-de-femei-pentru-femei\/","title":{"rendered":"Femeile \u00eel \u00eentalnesc pe Dumnezeu. Noul Testament cu meditatii scrise de femei pentru femei"},"content":{"rendered":"<div><\/div>\n<div><\/div>","protected":false},"excerpt":{"rendered":"<div><strong>Femeile Il Intalnesc pe Dumnezeu<\/strong><\/div>\n<div><\/div>\n<div><strong>Noul testament cu meditatii scrise de femei pentru femei!<\/strong><\/div>\n<div><\/div>\n<div>\n<p>Viata devine tot mai agitata. Suntem intr-o permanenta alergare dupa mai bine. Indiferent daca esti o tanara mama care tanjeste dupa o clipa de ragaz, o femeie singura care trebuie sa faca fata multelor decizii din viata de zi cu zi, o femeie dinamica, dornica sa pastreze echilibrul intre viata personala si viata profesionala, sau o femeie cu tample albe care priveste in urma la o experienta de-o viata, cautand mangaiere si speranta pentru anii inaintati la care a ajuns \u2013 acest Nou Testament cu meditatii zilnice ti se adreseaza personal!<\/p>\n<p>Te va calauzi in fiecare zi a anului cu cate un capitol din Noul Testament si o scurta meditatie. De ce sa nu insotesti bucata zilnica de paine, de care trupul tau are nevoie, cu o bucata de Paine din Cuvantul lui Dumnezeu, astfel incat sufletul tau sa prinda noi puteri si sa te inviorezi?<\/p>\n<\/div>","protected":false},"featured_media":29265,"comment_status":"open","ping_status":"closed","template":"","meta":[],"product_brand":[],"product_cat":[377,382,399],"product_tag":[],"class_list":{"0":"post-29264","1":"product","2":"type-product","3":"status-publish","4":"has-post-thumbnail","6":"product_cat-carti","7":"product_cat-devotionale-meditatii-zilnic","8":"product_cat-femei","9":"product_author-elisabeth-mittelstad","10":"product_genre-knigi-rom","12":"first","13":"outofstock","14":"shipping-taxable","15":"purchasable","16":"product-type-simple"},"yoast_head":"<!-- This site is optimized with the Yoast SEO plugin v27.3 - https:\/\/yoast.com\/product\/yoast-seo-wordpress\/ -->\n<title>Femeile \u00eel \u00eentalnesc pe Dumnezeu. Noul Testament cu meditatii scrise de femei pentru femei - Societatea Biblic\u0103 din Moldova<\/title>\n<meta name=\"robots\" content=\"index, follow, max-snippet:-1, max-image-preview:large, max-video-preview:-1\" \/>\n<link rel=\"canonical\" href=\"https:\/\/biblia.md\/ru\/shop\/femeile-il-intalnesc-pe-dumnezeu-noul-testament-cu-meditatii-scrise-de-femei-pentru-femei\/\" \/>\n<meta property=\"og:locale\" content=\"ru_RU\" \/>\n<meta property=\"og:type\" content=\"article\" \/>\n<meta property=\"og:title\" content=\"Femeile \u00eel \u00eentalnesc pe Dumnezeu. Noul Testament cu meditatii scrise de femei pentru femei - Societatea Biblic\u0103 din Moldova\" \/>\n<meta property=\"og:description\" content=\"Femeile Il Intalnesc pe Dumnezeu  Noul testament cu meditatii scrise de femei pentru femei!    Viata devine tot mai agitata. Suntem intr-o permanenta alergare dupa mai bine. Indiferent daca esti o tanara mama care tanjeste dupa o clipa de ragaz, o femeie singura care trebuie sa faca fata multelor decizii din viata de zi cu zi, o femeie dinamica, dornica sa pastreze echilibrul intre viata personala si viata profesionala, sau o femeie cu tample albe care priveste in urma la o experienta de-o viata, cautand mangaiere si speranta pentru anii inaintati la care a ajuns \u2013 acest Nou Testament cu meditatii zilnice ti se adreseaza personal!  Te va calauzi in fiecare zi a anului cu cate un capitol din Noul Testament si o scurta meditatie. De ce sa nu insotesti bucata zilnica de paine, de care trupul tau are nevoie, cu o bucata de Paine din Cuvantul lui Dumnezeu, astfel incat sufletul tau sa prinda noi puteri si sa te inviorezi?\" \/>\n<meta property=\"og:url\" content=\"https:\/\/biblia.md\/ru\/shop\/femeile-il-intalnesc-pe-dumnezeu-noul-testament-cu-meditatii-scrise-de-femei-pentru-femei\/\" \/>\n<meta property=\"og:site_name\" content=\"Societatea Biblic\u0103 din Moldova\" \/>\n<meta property=\"article:publisher\" content=\"https:\/\/www.facebook.com\/SocietateaBiblicaMoldova\/\" \/>\n<meta property=\"article:modified_time\" content=\"2026-02-18T13:58:35+00:00\" \/>\n<meta property=\"og:image\" content=\"https:\/\/biblia.md\/wp-content\/uploads\/2025\/12\/0000001092.jpg\" \/>\n\t<meta property=\"og:image:width\" content=\"724\" \/>\n\t<meta property=\"og:image:height\" content=\"1024\" \/>\n\t<meta property=\"og:image:type\" content=\"image\/jpeg\" \/>\n<meta name=\"twitter:card\" content=\"summary_large_image\" \/>\n<meta name=\"twitter:label1\" content=\"\u041f\u0440\u0438\u043c\u0435\u0440\u043d\u043e\u0435 \u0432\u0440\u0435\u043c\u044f \u0434\u043b\u044f \u0447\u0442\u0435\u043d\u0438\u044f\" \/>\n\t<meta name=\"twitter:data1\" content=\"1 \u043c\u0438\u043d\u0443\u0442\u0430\" \/>\n<script type=\"application\/ld+json\" class=\"yoast-schema-graph\">{\"@context\":\"https:\\\/\\\/schema.org\",\"@graph\":[{\"@type\":\"WebPage\",\"@id\":\"https:\\\/\\\/biblia.md\\\/shop\\\/femeile-il-intalnesc-pe-dumnezeu-noul-testament-cu-meditatii-scrise-de-femei-pentru-femei\\\/\",\"url\":\"https:\\\/\\\/biblia.md\\\/shop\\\/femeile-il-intalnesc-pe-dumnezeu-noul-testament-cu-meditatii-scrise-de-femei-pentru-femei\\\/\",\"name\":\"Femeile \u00eel \u00eentalnesc pe Dumnezeu. Noul Testament cu meditatii scrise de femei pentru femei - Societatea Biblic\u0103 din Moldova\",\"isPartOf\":{\"@id\":\"https:\\\/\\\/biblia.md\\\/#website\"},\"primaryImageOfPage\":{\"@id\":\"https:\\\/\\\/biblia.md\\\/shop\\\/femeile-il-intalnesc-pe-dumnezeu-noul-testament-cu-meditatii-scrise-de-femei-pentru-femei\\\/#primaryimage\"},\"image\":{\"@id\":\"https:\\\/\\\/biblia.md\\\/shop\\\/femeile-il-intalnesc-pe-dumnezeu-noul-testament-cu-meditatii-scrise-de-femei-pentru-femei\\\/#primaryimage\"},\"thumbnailUrl\":\"https:\\\/\\\/biblia.md\\\/wp-content\\\/uploads\\\/2025\\\/12\\\/0000001092.jpg\",\"datePublished\":\"2025-12-19T10:16:43+00:00\",\"dateModified\":\"2026-02-18T13:58:35+00:00\",\"breadcrumb\":{\"@id\":\"https:\\\/\\\/biblia.md\\\/shop\\\/femeile-il-intalnesc-pe-dumnezeu-noul-testament-cu-meditatii-scrise-de-femei-pentru-femei\\\/#breadcrumb\"},\"inLanguage\":\"ru-RU\",\"potentialAction\":[{\"@type\":\"ReadAction\",\"target\":[\"https:\\\/\\\/biblia.md\\\/shop\\\/femeile-il-intalnesc-pe-dumnezeu-noul-testament-cu-meditatii-scrise-de-femei-pentru-femei\\\/\"]}]},{\"@type\":\"ImageObject\",\"inLanguage\":\"ru-RU\",\"@id\":\"https:\\\/\\\/biblia.md\\\/shop\\\/femeile-il-intalnesc-pe-dumnezeu-noul-testament-cu-meditatii-scrise-de-femei-pentru-femei\\\/#primaryimage\",\"url\":\"https:\\\/\\\/biblia.md\\\/wp-content\\\/uploads\\\/2025\\\/12\\\/0000001092.jpg\",\"contentUrl\":\"https:\\\/\\\/biblia.md\\\/wp-content\\\/uploads\\\/2025\\\/12\\\/0000001092.jpg\",\"width\":724,\"height\":1024},{\"@type\":\"BreadcrumbList\",\"@id\":\"https:\\\/\\\/biblia.md\\\/shop\\\/femeile-il-intalnesc-pe-dumnezeu-noul-testament-cu-meditatii-scrise-de-femei-pentru-femei\\\/#breadcrumb\",\"itemListElement\":[{\"@type\":\"ListItem\",\"position\":1,\"name\":\"Prima pagin\u0103\",\"item\":\"https:\\\/\\\/biblia.md\\\/\"},{\"@type\":\"ListItem\",\"position\":2,\"name\":\"Shop\",\"item\":\"https:\\\/\\\/biblia.md\\\/shop\\\/\"},{\"@type\":\"ListItem\",\"position\":3,\"name\":\"Femeile \u00eel \u00eentalnesc pe Dumnezeu. Noul Testament cu meditatii scrise de femei pentru femei\"}]},{\"@type\":\"WebSite\",\"@id\":\"https:\\\/\\\/biblia.md\\\/#website\",\"url\":\"https:\\\/\\\/biblia.md\\\/\",\"name\":\"Societatea Biblic\u0103 din Moldova\",\"description\":\"\",\"publisher\":{\"@id\":\"https:\\\/\\\/biblia.md\\\/#organization\"},\"potentialAction\":[{\"@type\":\"SearchAction\",\"target\":{\"@type\":\"EntryPoint\",\"urlTemplate\":\"https:\\\/\\\/biblia.md\\\/?s={search_term_string}\"},\"query-input\":{\"@type\":\"PropertyValueSpecification\",\"valueRequired\":true,\"valueName\":\"search_term_string\"}}],\"inLanguage\":\"ru-RU\"},{\"@type\":\"Organization\",\"@id\":\"https:\\\/\\\/biblia.md\\\/#organization\",\"name\":\"Societatea Biblic\u0103 din Moldova\",\"url\":\"https:\\\/\\\/biblia.md\\\/\",\"logo\":{\"@type\":\"ImageObject\",\"inLanguage\":\"ru-RU\",\"@id\":\"https:\\\/\\\/biblia.md\\\/#\\\/schema\\\/logo\\\/image\\\/\",\"url\":\"https:\\\/\\\/biblia.md\\\/wp-content\\\/uploads\\\/2026\\\/01\\\/icon_site.jpg\",\"contentUrl\":\"https:\\\/\\\/biblia.md\\\/wp-content\\\/uploads\\\/2026\\\/01\\\/icon_site.jpg\",\"width\":656,\"height\":656,\"caption\":\"Societatea Biblic\u0103 din Moldova\"},\"image\":{\"@id\":\"https:\\\/\\\/biblia.md\\\/#\\\/schema\\\/logo\\\/image\\\/\"},\"sameAs\":[\"https:\\\/\\\/www.facebook.com\\\/SocietateaBiblicaMoldova\\\/\",\"https:\\\/\\\/www.instagram.com\\\/biblia.md\\\/\"]}]}<\/script>\n<!-- \/ Yoast SEO plugin. -->","yoast_head_json":{"title":"Femeile \u00eel \u00eentalnesc pe Dumnezeu. Noul Testament cu meditatii scrise de femei pentru femei - Societatea Biblic\u0103 din Moldova","robots":{"index":"index","follow":"follow","max-snippet":"max-snippet:-1","max-image-preview":"max-image-preview:large","max-video-preview":"max-video-preview:-1"},"canonical":"https:\/\/biblia.md\/ru\/shop\/femeile-il-intalnesc-pe-dumnezeu-noul-testament-cu-meditatii-scrise-de-femei-pentru-femei\/","og_locale":"ru_RU","og_type":"article","og_title":"Femeile \u00eel \u00eentalnesc pe Dumnezeu. Noul Testament cu meditatii scrise de femei pentru femei - Societatea Biblic\u0103 din Moldova","og_description":"Femeile Il Intalnesc pe Dumnezeu  Noul testament cu meditatii scrise de femei pentru femei!    Viata devine tot mai agitata. Suntem intr-o permanenta alergare dupa mai bine. Indiferent daca esti o tanara mama care tanjeste dupa o clipa de ragaz, o femeie singura care trebuie sa faca fata multelor decizii din viata de zi cu zi, o femeie dinamica, dornica sa pastreze echilibrul intre viata personala si viata profesionala, sau o femeie cu tample albe care priveste in urma la o experienta de-o viata, cautand mangaiere si speranta pentru anii inaintati la care a ajuns \u2013 acest Nou Testament cu meditatii zilnice ti se adreseaza personal!  Te va calauzi in fiecare zi a anului cu cate un capitol din Noul Testament si o scurta meditatie. De ce sa nu insotesti bucata zilnica de paine, de care trupul tau are nevoie, cu o bucata de Paine din Cuvantul lui Dumnezeu, astfel incat sufletul tau sa prinda noi puteri si sa te inviorezi?","og_url":"https:\/\/biblia.md\/ru\/shop\/femeile-il-intalnesc-pe-dumnezeu-noul-testament-cu-meditatii-scrise-de-femei-pentru-femei\/","og_site_name":"Societatea Biblic\u0103 din Moldova","article_publisher":"https:\/\/www.facebook.com\/SocietateaBiblicaMoldova\/","article_modified_time":"2026-02-18T13:58:35+00:00","og_image":[{"width":724,"height":1024,"url":"https:\/\/biblia.md\/wp-content\/uploads\/2025\/12\/0000001092.jpg","type":"image\/jpeg"}],"twitter_card":"summary_large_image","twitter_misc":{"\u041f\u0440\u0438\u043c\u0435\u0440\u043d\u043e\u0435 \u0432\u0440\u0435\u043c\u044f \u0434\u043b\u044f \u0447\u0442\u0435\u043d\u0438\u044f":"1 \u043c\u0438\u043d\u0443\u0442\u0430"},"schema":{"@context":"https:\/\/schema.org","@graph":[{"@type":"WebPage","@id":"https:\/\/biblia.md\/shop\/femeile-il-intalnesc-pe-dumnezeu-noul-testament-cu-meditatii-scrise-de-femei-pentru-femei\/","url":"https:\/\/biblia.md\/shop\/femeile-il-intalnesc-pe-dumnezeu-noul-testament-cu-meditatii-scrise-de-femei-pentru-femei\/","name":"Femeile \u00eel \u00eentalnesc pe Dumnezeu. Noul Testament cu meditatii scrise de femei pentru femei - Societatea Biblic\u0103 din Moldova","isPartOf":{"@id":"https:\/\/biblia.md\/#website"},"primaryImageOfPage":{"@id":"https:\/\/biblia.md\/shop\/femeile-il-intalnesc-pe-dumnezeu-noul-testament-cu-meditatii-scrise-de-femei-pentru-femei\/#primaryimage"},"image":{"@id":"https:\/\/biblia.md\/shop\/femeile-il-intalnesc-pe-dumnezeu-noul-testament-cu-meditatii-scrise-de-femei-pentru-femei\/#primaryimage"},"thumbnailUrl":"https:\/\/biblia.md\/wp-content\/uploads\/2025\/12\/0000001092.jpg","datePublished":"2025-12-19T10:16:43+00:00","dateModified":"2026-02-18T13:58:35+00:00","breadcrumb":{"@id":"https:\/\/biblia.md\/shop\/femeile-il-intalnesc-pe-dumnezeu-noul-testament-cu-meditatii-scrise-de-femei-pentru-femei\/#breadcrumb"},"inLanguage":"ru-RU","potentialAction":[{"@type":"ReadAction","target":["https:\/\/biblia.md\/shop\/femeile-il-intalnesc-pe-dumnezeu-noul-testament-cu-meditatii-scrise-de-femei-pentru-femei\/"]}]},{"@type":"ImageObject","inLanguage":"ru-RU","@id":"https:\/\/biblia.md\/shop\/femeile-il-intalnesc-pe-dumnezeu-noul-testament-cu-meditatii-scrise-de-femei-pentru-femei\/#primaryimage","url":"https:\/\/biblia.md\/wp-content\/uploads\/2025\/12\/0000001092.jpg","contentUrl":"https:\/\/biblia.md\/wp-content\/uploads\/2025\/12\/0000001092.jpg","width":724,"height":1024},{"@type":"BreadcrumbList","@id":"https:\/\/biblia.md\/shop\/femeile-il-intalnesc-pe-dumnezeu-noul-testament-cu-meditatii-scrise-de-femei-pentru-femei\/#breadcrumb","itemListElement":[{"@type":"ListItem","position":1,"name":"Prima pagin\u0103","item":"https:\/\/biblia.md\/"},{"@type":"ListItem","position":2,"name":"Shop","item":"https:\/\/biblia.md\/shop\/"},{"@type":"ListItem","position":3,"name":"Femeile \u00eel \u00eentalnesc pe Dumnezeu. Noul Testament cu meditatii scrise de femei pentru femei"}]},{"@type":"WebSite","@id":"https:\/\/biblia.md\/#website","url":"https:\/\/biblia.md\/","name":"Societatea Biblic\u0103 din Moldova","description":"","publisher":{"@id":"https:\/\/biblia.md\/#organization"},"potentialAction":[{"@type":"SearchAction","target":{"@type":"EntryPoint","urlTemplate":"https:\/\/biblia.md\/?s={search_term_string}"},"query-input":{"@type":"PropertyValueSpecification","valueRequired":true,"valueName":"search_term_string"}}],"inLanguage":"ru-RU"},{"@type":"Organization","@id":"https:\/\/biblia.md\/#organization","name":"Societatea Biblic\u0103 din Moldova","url":"https:\/\/biblia.md\/","logo":{"@type":"ImageObject","inLanguage":"ru-RU","@id":"https:\/\/biblia.md\/#\/schema\/logo\/image\/","url":"https:\/\/biblia.md\/wp-content\/uploads\/2026\/01\/icon_site.jpg","contentUrl":"https:\/\/biblia.md\/wp-content\/uploads\/2026\/01\/icon_site.jpg","width":656,"height":656,"caption":"Societatea Biblic\u0103 din Moldova"},"image":{"@id":"https:\/\/biblia.md\/#\/schema\/logo\/image\/"},"sameAs":["https:\/\/www.facebook.com\/SocietateaBiblicaMoldova\/","https:\/\/www.instagram.com\/biblia.md\/"]}]}},"_links":{"self":[{"href":"https:\/\/biblia.md\/ru\/wp-json\/wp\/v2\/product\/29264","targetHints":{"allow":["GET"]}}],"collection":[{"href":"https:\/\/biblia.md\/ru\/wp-json\/wp\/v2\/product"}],"about":[{"href":"https:\/\/biblia.md\/ru\/wp-json\/wp\/v2\/types\/product"}],"replies":[{"embeddable":true,"href":"https:\/\/biblia.md\/ru\/wp-json\/wp\/v2\/comments?post=29264"}],"version-history":[{"count":2,"href":"https:\/\/biblia.md\/ru\/wp-json\/wp\/v2\/product\/29264\/revisions"}],"predecessor-version":[{"id":35088,"href":"https:\/\/biblia.md\/ru\/wp-json\/wp\/v2\/product\/29264\/revisions\/35088"}],"wp:featuredmedia":[{"embeddable":true,"href":"https:\/\/biblia.md\/ru\/wp-json\/wp\/v2\/media\/29265"}],"wp:attachment":[{"href":"https:\/\/biblia.md\/ru\/wp-json\/wp\/v2\/media?parent=29264"}],"wp:term":[{"taxonomy":"product_brand","embeddable":true,"href":"https:\/\/biblia.md\/ru\/wp-json\/wp\/v2\/product_brand?post=29264"},{"taxonomy":"product_cat","embeddable":true,"href":"https:\/\/biblia.md\/ru\/wp-json\/wp\/v2\/product_cat?post=29264"},{"taxonomy":"product_tag","embeddable":true,"href":"https:\/\/biblia.md\/ru\/wp-json\/wp\/v2\/product_tag?post=29264"}],"curies":[{"name":"wp","href":"https:\/\/api.w.org\/{rel}","templated":true}]}}