{"id":29627,"date":"2025-12-21T15:51:26","date_gmt":"2025-12-21T13:51:26","guid":{"rendered":"https:\/\/biblia.md\/?post_type=product&#038;p=29627"},"modified":"2025-12-21T15:59:52","modified_gmt":"2025-12-21T13:59:52","slug":"minciuni-pe-care-le-cred-fetele-si-adevarul-care-le-elibereaza","status":"publish","type":"product","link":"https:\/\/biblia.md\/ru\/shop\/minciuni-pe-care-le-cred-fetele-si-adevarul-care-le-elibereaza\/","title":{"rendered":"Minciuni pe care le cred fetele si adevarul care le elibereaza"},"content":{"rendered":"<p><strong>AI FOST MIN\u021aIT\u0102<\/strong><br \/>\nNancy DeMoss Wolgemuth \u0219i Dannah Gresh \u0219tiu care sunt minciunile cu care este \u00een\u0219elat\u0103 genera\u021bia ta. \u0218tiu pentru c\u0103 au discutat cu zeci de mii\u00a0de tinere ca tine, prin sondaje de opinie sau grupuri de studiu. A\u0219a au\u00a0putut auzi glasul unei genera\u021bii care este, zi de zi, min\u021bit\u0103:<\/p>\n<p><em><strong>\u201eM\u0103 lupt cu depresia de c\u00e2nd m\u0103 \u0219tiu. Dintotdeauna am sim\u021bit c\u0103 nu\u00a0sunt \u00eendeajuns de bun\u0103.\u201d<\/strong><\/em><\/p>\n<p>\u201eF\u0103r\u0103 internet \u0219i telefon?! Nu, nu pot tr\u0103i mai mult de c\u00e2teva ore!\u201d<\/p>\n<p>\u201eToat\u0103 lumea vorbe\u0219te despre c\u00e2t de grozav este s\u0103 fii so\u021bie \u0219i mam\u0103.\u00a0Eu, una, nu cred!\u201d<\/p>\n<p>Ast\u0103zi, pentru c\u0103 suntem \u00eenconjurate de a\u0219a de multe \u0219tiri false \u0219i informa\u021bii f\u0103r\u0103 valoare, ne este destul de greu s\u0103 discernem adev\u0103rul.\u00a0Dar adev\u0103rul este una dintre cele mai mari nevoi pe care le avem!<strong>\u00a0\u00cen aceast\u0103 carte, Nancy \u0219i Dannah\u00a0expun dou\u0103zeci \u0219i cinci de minciuni\u00a0pe\u00a0care fetele au tendin\u021ba s\u0103 le cread\u0103.<\/strong>\u00a0Aici vei citi despre luptele unor fete ca tine \u0219i vei \u00eenv\u0103\u021ba cum s\u0103 te apropii de Adev\u0103r, s\u0103 descoperi minciunile\u00a0\u0219i s\u0103 tr\u0103ie\u0219ti liber\u0103.<\/p>\n<p><strong>CUPRINS<\/strong><br \/>\n<strong>INTRODUCERE<\/strong>\u00a0\u2022\u00a0Minciuni arz\u0103toare<br \/>\n<strong>PARTEA I: T\u0102R\u00c2MUL MINCIUNILOR<\/strong><br \/>\n<strong>CAPITOLUL 1 \u2022 \u00ceN\u0218EL\u0102TORUL<\/strong><br \/>\nDe unde vin minciunile?<br \/>\n<strong>\u00a0CAPITOLUL 2 \u2022 \u00ceN\u0218ELATUL<\/strong><br \/>\nDe unde au minciunile puterea s\u0103 ne distrug\u0103 vie\u021bile?<br \/>\n<strong>CAPITOLUL 3 \u2022 ADEV\u0102RUL<\/strong><br \/>\nCum pot s\u0103 c\u0103ut adev\u0103rul?<br \/>\n<strong>\u00a0PARTEA II: MINCIUNI PE CARE LE CRED FETELE<\/strong><br \/>\n<strong>CAPITOLUL 4 \u2022 MINCIUNI DESPRE DUMNEZEU\u00a0<\/strong><br \/>\n1. \u201eDumnezeu nu este \u00eendeajuns\u201d<br \/>\n2. \u201eDumnezeu nu este cu adev\u0103rat implicat \u00een via\u021ba mea\u2019\u2019<br \/>\n3. \u201eDumnezeu ar trebui s\u0103 \u00eemi rezolve problemele\u201d<br \/>\n4. \u201eDumnezeu este la fel ca tat\u0103l meu\u201d<br \/>\n<strong>CAPITOLUL 5 \u2022 MINCIUNI DESPRE SATAN\u00a0<\/strong><br \/>\n5. \u201eOrice lucru r\u0103u care se \u00eent\u00e2mpl\u0103 este de natur\u0103 spiritual\u0103\u201d<br \/>\n6. \u201eNiciodat\u0103 nu am fost expus\u0103 la activit\u0103\u021bi satanice\u201d<br \/>\n<strong>CAPITOLUL 6 \u2022 MINCIUNI DESPRE MINE\u00a0<\/strong><br \/>\n7. \u201eFetele frumoase valoreaz\u0103 mai mult\u201d<br \/>\n8. \u201eTrebuie s\u0103 fiu foarte bun\u0103 la ceva pentru a fi iubit\u0103 \u0219i\u00a0acceptat\u0103\u201d<br \/>\n<strong>CAPITOLUL 7 \u2022 MINCIUNI DESPRE SEXUALITATE\u00a0<\/strong><br \/>\n9. \u201eEste OK s\u0103 ies cu oricine vreau s\u0103 o fac\u201d<br \/>\n10. \u201eAm nevoie de un iubit\u201d<br \/>\n11. \u201eNu este cu adev\u0103rat sex\u201d<br \/>\n12. \u201eNu pot suporta g\u00e2ndul c\u0103 sunt singura care a r\u0103mas\u00a0virgin\u0103\u201d<br \/>\n<strong>CAPITOLUL 8 \u2022 MINCIUNI DESPRE RELA\u021aII\u00a0<\/strong><br \/>\n13. \u201eEste OK s\u0103 fiu o persoan\u0103 acas\u0103 \u0219i o persoan\u0103 diferit\u0103 c\u00e2nd\u00a0 sunt cu al\u021bii&#8230; mai ales online\u201d<br \/>\n14. \u201eDac\u0103 a\u0219 avea prieteni, nu a\u0219 fi at\u00e2t de singur\u0103\u201d<br \/>\n15. \u201eAutoritatea altora nu \u00eemi este de niciun folos\u201d<br \/>\n<strong>CAPITOLUL 9 \u2022 MINCIUNI DESPRE BISERIC\u0102<\/strong><br \/>\n16. \u201ePastorul de tineret este leg\u0103tura mea cu Dumnezeu\u201d<br \/>\n17. \u201eToat\u0103 biserica m\u0103 judec\u0103\u201d<br \/>\n18. \u201eBine\u00een\u021beles c\u0103 sunt cre\u0219tin\u0103, eu&#8230;\u201d<br \/>\n<strong>CAPITOLUL 10 \u2022 MINCIUNI DESPRE P\u0102CAT<\/strong><br \/>\n19. \u201eNu pot birui p\u0103catul\u201d<br \/>\n20. \u201eUneori este OK s\u0103 \u00eencalc legea sau regulile, mai ales dac\u0103 nu\u00a0r\u0103nesc pe nimeni\u201d<br \/>\n21. \u201eNu pot s\u0103 m\u0103 controlez c\u00e2nd sunt stresat\u0103 sau c\u00e2nd sunt \u00een perioada premenstrual\u0103\u201d<br \/>\n<strong>CAPITOLUL 11 \u2022 MINCIUNI DESPRE MEDIA<\/strong><br \/>\n22. \u201eBeneficiile utiliz\u0103rii constante a mass-mediei dep\u0103\u0219esc\u00a0efectele nocive\u201d<br \/>\n23. \u201eNu este o pierdere de timp\u2026 \u0219i chiar dac\u0103 este a\u0219a, oricum e OK\u201d<br \/>\n<strong>CAPITOLUL 12 \u2022 MINCIUNI DESPRE VIITOR<\/strong><br \/>\n24. \u201eO carier\u0103 este mai valoroas\u0103 \u0219i mai satisf\u0103c\u0103toare\u00a0dec\u00e2t a fi \u00abdoar\u00bb so\u021bie \u0219i mam\u0103\u201d<br \/>\n25. \u201eAc\u021biunile mele din prezent nu \u00eemi afecteaz\u0103 viitorul\u201d<br \/>\nPARTEA III: \u00ceNVINGE MINCIUNILE<br \/>\n<strong>CAPITOLUL 13 \u2022 CUM S\u0102 TE OPRE\u0218TI DIN A CREDE MINCIUNILE<\/strong><br \/>\n\u00cenceteaz\u0103 s\u0103 le mai ascul\u021bi \u0219i s\u0103 mai tr\u0103ie\u0219ti \u00een ele<br \/>\n<strong>CAPITOLUL 14 \u2022 CUM S\u0102 SCAPI DE MINCIUNI<\/strong><br \/>\n\u00cenlocuie\u0219te minciuna cu Adev\u0103rul<br \/>\n<strong>CAPITOLUL 15 \u2022 ADEV\u0102RUL CARE NE ELIBEREAZ\u0102<\/strong><br \/>\nAdev\u0103ruri sigure care combat minciunile zilnice<br \/>\n<strong>CUV\u00c2NT DE \u00ceNCHEIERE<\/strong>&#8230; din inimile noastre pentru inima ta<br \/>\n<strong>MUL\u021aUMIRI!<br \/>\nBIRUIE\u0218TE MINCIUNILE PRIN ADEV\u0102R<\/strong><\/p>","protected":false},"excerpt":{"rendered":"<p><strong>AI FOST MIN\u021aIT\u0102<\/strong><br \/>\nNancy DeMoss Wolgemuth \u0219i Dannah Gresh \u0219tiu care sunt minciunile cu care este \u00een\u0219elat\u0103 genera\u021bia ta. \u0218tiu pentru c\u0103 au discutat cu zeci de mii\u00a0de tinere ca tine, prin sondaje de opinie sau grupuri de studiu. A\u0219a au\u00a0putut auzi glasul unei genera\u021bii care este, zi de zi, min\u021bit\u0103:<\/p>\n<p><em><strong>\u201eM\u0103 lupt cu depresia de c\u00e2nd m\u0103 \u0219tiu. Dintotdeauna am sim\u021bit c\u0103 nu\u00a0sunt \u00eendeajuns de bun\u0103.\u201d<\/strong><\/em><\/p>\n<p>\u201eF\u0103r\u0103 internet \u0219i telefon?! Nu, nu pot tr\u0103i mai mult de c\u00e2teva ore!\u201d<\/p>\n<p>\u201eToat\u0103 lumea vorbe\u0219te despre c\u00e2t de grozav este s\u0103 fii so\u021bie \u0219i mam\u0103.\u00a0Eu, una, nu cred!\u201d<\/p>\n<p>Ast\u0103zi, pentru c\u0103 suntem \u00eenconjurate de a\u0219a de multe \u0219tiri false \u0219i informa\u021bii f\u0103r\u0103 valoare, ne este destul de greu s\u0103 discernem adev\u0103rul.\u00a0Dar adev\u0103rul este una dintre cele mai mari nevoi pe care le avem!<strong>\u00a0\u00cen aceast\u0103 carte, Nancy \u0219i Dannah\u00a0expun dou\u0103zeci \u0219i cinci de minciuni\u00a0pe\u00a0care fetele au tendin\u021ba s\u0103 le cread\u0103.<\/strong>\u00a0Aici vei citi despre luptele unor fete ca tine \u0219i vei \u00eenv\u0103\u021ba cum s\u0103 te apropii de Adev\u0103r, s\u0103 descoperi minciunile\u00a0\u0219i s\u0103 tr\u0103ie\u0219ti liber\u0103.<\/p>","protected":false},"featured_media":29631,"comment_status":"open","ping_status":"closed","template":"","meta":[],"product_brand":[],"product_cat":[387,377,399],"product_tag":[],"class_list":{"0":"post-29627","1":"product","2":"type-product","3":"status-publish","4":"has-post-thumbnail","6":"product_cat-adolescenti-tineri","7":"product_cat-carti","8":"product_cat-femei","9":"product_author-nancy-leigh-demoss","10":"product_genre-knigi-rom","12":"first","13":"instock","14":"shipping-taxable","15":"purchasable","16":"product-type-simple"},"yoast_head":"<!-- This site is optimized with the Yoast SEO plugin v27.3 - https:\/\/yoast.com\/product\/yoast-seo-wordpress\/ -->\n<title>Minciuni pe care le cred fetele si adevarul care le elibereaza - Societatea Biblic\u0103 din Moldova<\/title>\n<meta name=\"robots\" content=\"index, follow, max-snippet:-1, max-image-preview:large, max-video-preview:-1\" \/>\n<link rel=\"canonical\" href=\"https:\/\/biblia.md\/ru\/shop\/minciuni-pe-care-le-cred-fetele-si-adevarul-care-le-elibereaza\/\" \/>\n<meta property=\"og:locale\" content=\"ru_RU\" \/>\n<meta property=\"og:type\" content=\"article\" \/>\n<meta property=\"og:title\" content=\"Minciuni pe care le cred fetele si adevarul care le elibereaza - Societatea Biblic\u0103 din Moldova\" \/>\n<meta property=\"og:description\" content=\"AI FOST MIN\u021aIT\u0102 Nancy DeMoss Wolgemuth \u0219i Dannah Gresh \u0219tiu care sunt minciunile cu care este \u00een\u0219elat\u0103 genera\u021bia ta. \u0218tiu pentru c\u0103 au discutat cu zeci de mii\u00a0de tinere ca tine, prin sondaje de opinie sau grupuri de studiu. A\u0219a au\u00a0putut auzi glasul unei genera\u021bii care este, zi de zi, min\u021bit\u0103:  \u201eM\u0103 lupt cu depresia de c\u00e2nd m\u0103 \u0219tiu. Dintotdeauna am sim\u021bit c\u0103 nu\u00a0sunt \u00eendeajuns de bun\u0103.\u201d  \u201eF\u0103r\u0103 internet \u0219i telefon?! Nu, nu pot tr\u0103i mai mult de c\u00e2teva ore!\u201d  \u201eToat\u0103 lumea vorbe\u0219te despre c\u00e2t de grozav este s\u0103 fii so\u021bie \u0219i mam\u0103.\u00a0Eu, una, nu cred!\u201d  Ast\u0103zi, pentru c\u0103 suntem \u00eenconjurate de a\u0219a de multe \u0219tiri false \u0219i informa\u021bii f\u0103r\u0103 valoare, ne este destul de greu s\u0103 discernem adev\u0103rul.\u00a0Dar adev\u0103rul este una dintre cele mai mari nevoi pe care le avem!\u00a0\u00cen aceast\u0103 carte, Nancy \u0219i Dannah\u00a0expun dou\u0103zeci \u0219i cinci de minciuni\u00a0pe\u00a0care fetele au tendin\u021ba s\u0103 le cread\u0103.\u00a0Aici vei citi despre luptele unor fete ca tine \u0219i vei \u00eenv\u0103\u021ba cum s\u0103 te apropii de Adev\u0103r, s\u0103 descoperi minciunile\u00a0\u0219i s\u0103 tr\u0103ie\u0219ti liber\u0103.\" \/>\n<meta property=\"og:url\" content=\"https:\/\/biblia.md\/ru\/shop\/minciuni-pe-care-le-cred-fetele-si-adevarul-care-le-elibereaza\/\" \/>\n<meta property=\"og:site_name\" content=\"Societatea Biblic\u0103 din Moldova\" \/>\n<meta property=\"article:publisher\" content=\"https:\/\/www.facebook.com\/SocietateaBiblicaMoldova\/\" \/>\n<meta property=\"article:modified_time\" content=\"2025-12-21T13:59:52+00:00\" \/>\n<meta property=\"og:image\" content=\"https:\/\/biblia.md\/wp-content\/uploads\/2025\/12\/minciuni-pe-care-le-cred-fetele-1.jpg-3535-6154.jpg\" \/>\n\t<meta property=\"og:image:width\" content=\"497\" \/>\n\t<meta property=\"og:image:height\" content=\"700\" \/>\n\t<meta property=\"og:image:type\" content=\"image\/jpeg\" \/>\n<meta name=\"twitter:card\" content=\"summary_large_image\" \/>\n<meta name=\"twitter:label1\" content=\"\u041f\u0440\u0438\u043c\u0435\u0440\u043d\u043e\u0435 \u0432\u0440\u0435\u043c\u044f \u0434\u043b\u044f \u0447\u0442\u0435\u043d\u0438\u044f\" \/>\n\t<meta name=\"twitter:data1\" content=\"3 \u043c\u0438\u043d\u0443\u0442\u044b\" \/>\n<script type=\"application\/ld+json\" class=\"yoast-schema-graph\">{\"@context\":\"https:\\\/\\\/schema.org\",\"@graph\":[{\"@type\":\"WebPage\",\"@id\":\"https:\\\/\\\/biblia.md\\\/shop\\\/minciuni-pe-care-le-cred-fetele-si-adevarul-care-le-elibereaza\\\/\",\"url\":\"https:\\\/\\\/biblia.md\\\/shop\\\/minciuni-pe-care-le-cred-fetele-si-adevarul-care-le-elibereaza\\\/\",\"name\":\"Minciuni pe care le cred fetele si adevarul care le elibereaza - Societatea Biblic\u0103 din Moldova\",\"isPartOf\":{\"@id\":\"https:\\\/\\\/biblia.md\\\/#website\"},\"primaryImageOfPage\":{\"@id\":\"https:\\\/\\\/biblia.md\\\/shop\\\/minciuni-pe-care-le-cred-fetele-si-adevarul-care-le-elibereaza\\\/#primaryimage\"},\"image\":{\"@id\":\"https:\\\/\\\/biblia.md\\\/shop\\\/minciuni-pe-care-le-cred-fetele-si-adevarul-care-le-elibereaza\\\/#primaryimage\"},\"thumbnailUrl\":\"https:\\\/\\\/biblia.md\\\/wp-content\\\/uploads\\\/2025\\\/12\\\/minciuni-pe-care-le-cred-fetele-1.jpg-3535-6154.jpg\",\"datePublished\":\"2025-12-21T13:51:26+00:00\",\"dateModified\":\"2025-12-21T13:59:52+00:00\",\"breadcrumb\":{\"@id\":\"https:\\\/\\\/biblia.md\\\/shop\\\/minciuni-pe-care-le-cred-fetele-si-adevarul-care-le-elibereaza\\\/#breadcrumb\"},\"inLanguage\":\"ru-RU\",\"potentialAction\":[{\"@type\":\"ReadAction\",\"target\":[\"https:\\\/\\\/biblia.md\\\/shop\\\/minciuni-pe-care-le-cred-fetele-si-adevarul-care-le-elibereaza\\\/\"]}]},{\"@type\":\"ImageObject\",\"inLanguage\":\"ru-RU\",\"@id\":\"https:\\\/\\\/biblia.md\\\/shop\\\/minciuni-pe-care-le-cred-fetele-si-adevarul-care-le-elibereaza\\\/#primaryimage\",\"url\":\"https:\\\/\\\/biblia.md\\\/wp-content\\\/uploads\\\/2025\\\/12\\\/minciuni-pe-care-le-cred-fetele-1.jpg-3535-6154.jpg\",\"contentUrl\":\"https:\\\/\\\/biblia.md\\\/wp-content\\\/uploads\\\/2025\\\/12\\\/minciuni-pe-care-le-cred-fetele-1.jpg-3535-6154.jpg\",\"width\":497,\"height\":700},{\"@type\":\"BreadcrumbList\",\"@id\":\"https:\\\/\\\/biblia.md\\\/shop\\\/minciuni-pe-care-le-cred-fetele-si-adevarul-care-le-elibereaza\\\/#breadcrumb\",\"itemListElement\":[{\"@type\":\"ListItem\",\"position\":1,\"name\":\"Prima pagin\u0103\",\"item\":\"https:\\\/\\\/biblia.md\\\/\"},{\"@type\":\"ListItem\",\"position\":2,\"name\":\"Shop\",\"item\":\"https:\\\/\\\/biblia.md\\\/shop\\\/\"},{\"@type\":\"ListItem\",\"position\":3,\"name\":\"Minciuni pe care le cred fetele si adevarul care le elibereaza\"}]},{\"@type\":\"WebSite\",\"@id\":\"https:\\\/\\\/biblia.md\\\/#website\",\"url\":\"https:\\\/\\\/biblia.md\\\/\",\"name\":\"Societatea Biblic\u0103 din Moldova\",\"description\":\"\",\"publisher\":{\"@id\":\"https:\\\/\\\/biblia.md\\\/#organization\"},\"potentialAction\":[{\"@type\":\"SearchAction\",\"target\":{\"@type\":\"EntryPoint\",\"urlTemplate\":\"https:\\\/\\\/biblia.md\\\/?s={search_term_string}\"},\"query-input\":{\"@type\":\"PropertyValueSpecification\",\"valueRequired\":true,\"valueName\":\"search_term_string\"}}],\"inLanguage\":\"ru-RU\"},{\"@type\":\"Organization\",\"@id\":\"https:\\\/\\\/biblia.md\\\/#organization\",\"name\":\"Societatea Biblic\u0103 din Moldova\",\"url\":\"https:\\\/\\\/biblia.md\\\/\",\"logo\":{\"@type\":\"ImageObject\",\"inLanguage\":\"ru-RU\",\"@id\":\"https:\\\/\\\/biblia.md\\\/#\\\/schema\\\/logo\\\/image\\\/\",\"url\":\"https:\\\/\\\/biblia.md\\\/wp-content\\\/uploads\\\/2026\\\/01\\\/icon_site.jpg\",\"contentUrl\":\"https:\\\/\\\/biblia.md\\\/wp-content\\\/uploads\\\/2026\\\/01\\\/icon_site.jpg\",\"width\":656,\"height\":656,\"caption\":\"Societatea Biblic\u0103 din Moldova\"},\"image\":{\"@id\":\"https:\\\/\\\/biblia.md\\\/#\\\/schema\\\/logo\\\/image\\\/\"},\"sameAs\":[\"https:\\\/\\\/www.facebook.com\\\/SocietateaBiblicaMoldova\\\/\",\"https:\\\/\\\/www.instagram.com\\\/biblia.md\\\/\"]}]}<\/script>\n<!-- \/ Yoast SEO plugin. -->","yoast_head_json":{"title":"Minciuni pe care le cred fetele si adevarul care le elibereaza - Societatea Biblic\u0103 din Moldova","robots":{"index":"index","follow":"follow","max-snippet":"max-snippet:-1","max-image-preview":"max-image-preview:large","max-video-preview":"max-video-preview:-1"},"canonical":"https:\/\/biblia.md\/ru\/shop\/minciuni-pe-care-le-cred-fetele-si-adevarul-care-le-elibereaza\/","og_locale":"ru_RU","og_type":"article","og_title":"Minciuni pe care le cred fetele si adevarul care le elibereaza - Societatea Biblic\u0103 din Moldova","og_description":"AI FOST MIN\u021aIT\u0102 Nancy DeMoss Wolgemuth \u0219i Dannah Gresh \u0219tiu care sunt minciunile cu care este \u00een\u0219elat\u0103 genera\u021bia ta. \u0218tiu pentru c\u0103 au discutat cu zeci de mii\u00a0de tinere ca tine, prin sondaje de opinie sau grupuri de studiu. A\u0219a au\u00a0putut auzi glasul unei genera\u021bii care este, zi de zi, min\u021bit\u0103:  \u201eM\u0103 lupt cu depresia de c\u00e2nd m\u0103 \u0219tiu. Dintotdeauna am sim\u021bit c\u0103 nu\u00a0sunt \u00eendeajuns de bun\u0103.\u201d  \u201eF\u0103r\u0103 internet \u0219i telefon?! Nu, nu pot tr\u0103i mai mult de c\u00e2teva ore!\u201d  \u201eToat\u0103 lumea vorbe\u0219te despre c\u00e2t de grozav este s\u0103 fii so\u021bie \u0219i mam\u0103.\u00a0Eu, una, nu cred!\u201d  Ast\u0103zi, pentru c\u0103 suntem \u00eenconjurate de a\u0219a de multe \u0219tiri false \u0219i informa\u021bii f\u0103r\u0103 valoare, ne este destul de greu s\u0103 discernem adev\u0103rul.\u00a0Dar adev\u0103rul este una dintre cele mai mari nevoi pe care le avem!\u00a0\u00cen aceast\u0103 carte, Nancy \u0219i Dannah\u00a0expun dou\u0103zeci \u0219i cinci de minciuni\u00a0pe\u00a0care fetele au tendin\u021ba s\u0103 le cread\u0103.\u00a0Aici vei citi despre luptele unor fete ca tine \u0219i vei \u00eenv\u0103\u021ba cum s\u0103 te apropii de Adev\u0103r, s\u0103 descoperi minciunile\u00a0\u0219i s\u0103 tr\u0103ie\u0219ti liber\u0103.","og_url":"https:\/\/biblia.md\/ru\/shop\/minciuni-pe-care-le-cred-fetele-si-adevarul-care-le-elibereaza\/","og_site_name":"Societatea Biblic\u0103 din Moldova","article_publisher":"https:\/\/www.facebook.com\/SocietateaBiblicaMoldova\/","article_modified_time":"2025-12-21T13:59:52+00:00","og_image":[{"width":497,"height":700,"url":"https:\/\/biblia.md\/wp-content\/uploads\/2025\/12\/minciuni-pe-care-le-cred-fetele-1.jpg-3535-6154.jpg","type":"image\/jpeg"}],"twitter_card":"summary_large_image","twitter_misc":{"\u041f\u0440\u0438\u043c\u0435\u0440\u043d\u043e\u0435 \u0432\u0440\u0435\u043c\u044f \u0434\u043b\u044f \u0447\u0442\u0435\u043d\u0438\u044f":"3 \u043c\u0438\u043d\u0443\u0442\u044b"},"schema":{"@context":"https:\/\/schema.org","@graph":[{"@type":"WebPage","@id":"https:\/\/biblia.md\/shop\/minciuni-pe-care-le-cred-fetele-si-adevarul-care-le-elibereaza\/","url":"https:\/\/biblia.md\/shop\/minciuni-pe-care-le-cred-fetele-si-adevarul-care-le-elibereaza\/","name":"Minciuni pe care le cred fetele si adevarul care le elibereaza - Societatea Biblic\u0103 din Moldova","isPartOf":{"@id":"https:\/\/biblia.md\/#website"},"primaryImageOfPage":{"@id":"https:\/\/biblia.md\/shop\/minciuni-pe-care-le-cred-fetele-si-adevarul-care-le-elibereaza\/#primaryimage"},"image":{"@id":"https:\/\/biblia.md\/shop\/minciuni-pe-care-le-cred-fetele-si-adevarul-care-le-elibereaza\/#primaryimage"},"thumbnailUrl":"https:\/\/biblia.md\/wp-content\/uploads\/2025\/12\/minciuni-pe-care-le-cred-fetele-1.jpg-3535-6154.jpg","datePublished":"2025-12-21T13:51:26+00:00","dateModified":"2025-12-21T13:59:52+00:00","breadcrumb":{"@id":"https:\/\/biblia.md\/shop\/minciuni-pe-care-le-cred-fetele-si-adevarul-care-le-elibereaza\/#breadcrumb"},"inLanguage":"ru-RU","potentialAction":[{"@type":"ReadAction","target":["https:\/\/biblia.md\/shop\/minciuni-pe-care-le-cred-fetele-si-adevarul-care-le-elibereaza\/"]}]},{"@type":"ImageObject","inLanguage":"ru-RU","@id":"https:\/\/biblia.md\/shop\/minciuni-pe-care-le-cred-fetele-si-adevarul-care-le-elibereaza\/#primaryimage","url":"https:\/\/biblia.md\/wp-content\/uploads\/2025\/12\/minciuni-pe-care-le-cred-fetele-1.jpg-3535-6154.jpg","contentUrl":"https:\/\/biblia.md\/wp-content\/uploads\/2025\/12\/minciuni-pe-care-le-cred-fetele-1.jpg-3535-6154.jpg","width":497,"height":700},{"@type":"BreadcrumbList","@id":"https:\/\/biblia.md\/shop\/minciuni-pe-care-le-cred-fetele-si-adevarul-care-le-elibereaza\/#breadcrumb","itemListElement":[{"@type":"ListItem","position":1,"name":"Prima pagin\u0103","item":"https:\/\/biblia.md\/"},{"@type":"ListItem","position":2,"name":"Shop","item":"https:\/\/biblia.md\/shop\/"},{"@type":"ListItem","position":3,"name":"Minciuni pe care le cred fetele si adevarul care le elibereaza"}]},{"@type":"WebSite","@id":"https:\/\/biblia.md\/#website","url":"https:\/\/biblia.md\/","name":"Societatea Biblic\u0103 din Moldova","description":"","publisher":{"@id":"https:\/\/biblia.md\/#organization"},"potentialAction":[{"@type":"SearchAction","target":{"@type":"EntryPoint","urlTemplate":"https:\/\/biblia.md\/?s={search_term_string}"},"query-input":{"@type":"PropertyValueSpecification","valueRequired":true,"valueName":"search_term_string"}}],"inLanguage":"ru-RU"},{"@type":"Organization","@id":"https:\/\/biblia.md\/#organization","name":"Societatea Biblic\u0103 din Moldova","url":"https:\/\/biblia.md\/","logo":{"@type":"ImageObject","inLanguage":"ru-RU","@id":"https:\/\/biblia.md\/#\/schema\/logo\/image\/","url":"https:\/\/biblia.md\/wp-content\/uploads\/2026\/01\/icon_site.jpg","contentUrl":"https:\/\/biblia.md\/wp-content\/uploads\/2026\/01\/icon_site.jpg","width":656,"height":656,"caption":"Societatea Biblic\u0103 din Moldova"},"image":{"@id":"https:\/\/biblia.md\/#\/schema\/logo\/image\/"},"sameAs":["https:\/\/www.facebook.com\/SocietateaBiblicaMoldova\/","https:\/\/www.instagram.com\/biblia.md\/"]}]}},"_links":{"self":[{"href":"https:\/\/biblia.md\/ru\/wp-json\/wp\/v2\/product\/29627","targetHints":{"allow":["GET"]}}],"collection":[{"href":"https:\/\/biblia.md\/ru\/wp-json\/wp\/v2\/product"}],"about":[{"href":"https:\/\/biblia.md\/ru\/wp-json\/wp\/v2\/types\/product"}],"replies":[{"embeddable":true,"href":"https:\/\/biblia.md\/ru\/wp-json\/wp\/v2\/comments?post=29627"}],"version-history":[{"count":2,"href":"https:\/\/biblia.md\/ru\/wp-json\/wp\/v2\/product\/29627\/revisions"}],"predecessor-version":[{"id":29646,"href":"https:\/\/biblia.md\/ru\/wp-json\/wp\/v2\/product\/29627\/revisions\/29646"}],"wp:featuredmedia":[{"embeddable":true,"href":"https:\/\/biblia.md\/ru\/wp-json\/wp\/v2\/media\/29631"}],"wp:attachment":[{"href":"https:\/\/biblia.md\/ru\/wp-json\/wp\/v2\/media?parent=29627"}],"wp:term":[{"taxonomy":"product_brand","embeddable":true,"href":"https:\/\/biblia.md\/ru\/wp-json\/wp\/v2\/product_brand?post=29627"},{"taxonomy":"product_cat","embeddable":true,"href":"https:\/\/biblia.md\/ru\/wp-json\/wp\/v2\/product_cat?post=29627"},{"taxonomy":"product_tag","embeddable":true,"href":"https:\/\/biblia.md\/ru\/wp-json\/wp\/v2\/product_tag?post=29627"}],"curies":[{"name":"wp","href":"https:\/\/api.w.org\/{rel}","templated":true}]}}