{"id":29828,"date":"2025-12-22T12:23:27","date_gmt":"2025-12-22T10:23:27","guid":{"rendered":"https:\/\/biblia.md\/?post_type=product&#038;p=29828"},"modified":"2025-12-22T12:23:27","modified_gmt":"2025-12-22T10:23:27","slug":"bunica-mea-este-columbo","status":"publish","type":"product","link":"https:\/\/biblia.md\/ru\/shop\/bunica-mea-este-columbo\/","title":{"rendered":"Bunica mea este Columbo"},"content":{"rendered":"<p>\u00centr-un mic ora\u015f lini\u015ftit din Transilvania, \u00een inima verii, lini\u015ftea aparent\u0103 este tulburat\u0103 de o serie de \u00eent\u00e2mpl\u0103ri misterioase. Coralia, Isidor \u015fi Sebastian \u2013 trei adolescen\u0163i curajo\u015fi \u2013 pornesc \u00eentr-o anchet\u0103 plin\u0103 de pericole, al\u0103turi de Aida, bunica-detectiv cu fler de Columbo. C\u00e2nd o band\u0103 de ho\u0163i de bijuterii se ascunde chiar sub ochii lor, iar trecutul unui vechi conac iese la lumin\u0103, prietenii descoper\u0103 c\u0103 adev\u0103rul e mai complicat dec\u00e2t pare.<br \/>\nBunica mea este Columbo este o poveste despre curaj, prietenie \u015fi despre cum uneori, pentru a rezolva un mister, trebuie s\u0103 privim cu aten\u0163ie la ceea ce al\u0163ii nu v\u0103d.<\/p>\n<p>\u201e\u00cen ce o prive\u015fte pe Coralia, dup\u0103 ce a luat cina \u00eempreun\u0103 cu bunica Aida, au petrecut am\u00e2ndou\u0103 un timp pe verand\u0103, povestind despre ziua care tocmai se \u00eencheia. Limonada \u015fi Houdini nu lipseau din sindrofia lor. De\u015fi nu mai putea de curiozitate, nu \u00eendr\u0103znea s\u0103 o \u00eentrebe despre ie\u015firea de asear\u0103 t\u00e2rziu. Era hot\u0103r\u00e2t\u0103 ca, \u00een seara asta, s\u0103 nu se culce \u00eenc\u0103, cine \u015ftie ce planuri avea bunica. \u015ei bine a f\u0103cut, deoarece, pu\u0163in dup\u0103 ora zece, Coralia o auzi pe bunica ie\u015find din cas\u0103. Cobor\u00ee din camera ei, \u00eel v\u0103zu pe Houdini ce st\u0103tea coco\u0163at pe fereastra de la verand\u0103, privind-o acuzativ, ca \u015fi cum i-ar spune \u00abnu e treaba ta ce face Aida\u00bb, dar nu-l lu\u0103 \u00een seam\u0103. Hainele de umblat pe afar\u0103 le avea pe ea, a\u015fa c\u0103 \u00ee\u015fi lu\u0103 bicicleta \u015fi porni \u00een urma bunicii. Pe strad\u0103 nu se vedea niciun om, nicio ma\u015fin\u0103, \u00een afar\u0103 de ma\u015fina Aidei \u015fi bicicleta Corei.\u201d<\/p>","protected":false},"excerpt":{"rendered":"<p>\u00centr-un mic ora\u015f lini\u015ftit din Transilvania, \u00een inima verii, lini\u015ftea aparent\u0103 este tulburat\u0103 de o serie de \u00eent\u00e2mpl\u0103ri misterioase. Coralia, Isidor \u015fi Sebastian \u2013 trei adolescen\u0163i curajo\u015fi \u2013 pornesc \u00eentr-o anchet\u0103 plin\u0103 de pericole, al\u0103turi de Aida, bunica-detectiv cu fler de Columbo. C\u00e2nd o band\u0103 de ho\u0163i de bijuterii se ascunde chiar sub ochii lor, iar trecutul unui vechi conac iese la lumin\u0103, prietenii descoper\u0103 c\u0103 adev\u0103rul e mai complicat dec\u00e2t pare.<br \/>\nBunica mea este Columbo este o poveste despre curaj, prietenie \u015fi despre cum uneori, pentru a rezolva un mister, trebuie s\u0103 privim cu aten\u0163ie la ceea ce al\u0163ii nu v\u0103d. [&#8230;]<\/p>\n","protected":false},"featured_media":29829,"comment_status":"open","ping_status":"closed","template":"","meta":[],"product_brand":[],"product_cat":[149,364],"product_tag":[],"class_list":{"0":"post-29828","1":"product","2":"type-product","3":"status-publish","4":"has-post-thumbnail","6":"product_cat-copii","7":"product_cat-povestiri","8":"product_author-ioana-blaga","9":"product_genre-knigi-rom","11":"first","12":"instock","13":"shipping-taxable","14":"purchasable","15":"product-type-simple"},"yoast_head":"<!-- This site is optimized with the Yoast SEO plugin v27.3 - https:\/\/yoast.com\/product\/yoast-seo-wordpress\/ -->\n<title>Bunica mea este Columbo - Societatea Biblic\u0103 din Moldova<\/title>\n<meta name=\"robots\" content=\"index, follow, max-snippet:-1, max-image-preview:large, max-video-preview:-1\" \/>\n<link rel=\"canonical\" href=\"https:\/\/biblia.md\/ru\/shop\/bunica-mea-este-columbo\/\" \/>\n<meta property=\"og:locale\" content=\"ru_RU\" \/>\n<meta property=\"og:type\" content=\"article\" \/>\n<meta property=\"og:title\" content=\"Bunica mea este Columbo - Societatea Biblic\u0103 din Moldova\" \/>\n<meta property=\"og:description\" content=\"\u00centr-un mic ora\u015f lini\u015ftit din Transilvania, \u00een inima verii, lini\u015ftea aparent\u0103 este tulburat\u0103 de o serie de \u00eent\u00e2mpl\u0103ri misterioase. Coralia, Isidor \u015fi Sebastian \u2013 trei adolescen\u0163i curajo\u015fi \u2013 pornesc \u00eentr-o anchet\u0103 plin\u0103 de pericole, al\u0103turi de Aida, bunica-detectiv cu fler de Columbo. C\u00e2nd o band\u0103 de ho\u0163i de bijuterii se ascunde chiar sub ochii lor, iar trecutul unui vechi conac iese la lumin\u0103, prietenii descoper\u0103 c\u0103 adev\u0103rul e mai complicat dec\u00e2t pare. Bunica mea este Columbo este o poveste despre curaj, prietenie \u015fi despre cum uneori, pentru a rezolva un mister, trebuie s\u0103 privim cu aten\u0163ie la ceea ce al\u0163ii nu v\u0103d. [...]\" \/>\n<meta property=\"og:url\" content=\"https:\/\/biblia.md\/ru\/shop\/bunica-mea-este-columbo\/\" \/>\n<meta property=\"og:site_name\" content=\"Societatea Biblic\u0103 din Moldova\" \/>\n<meta property=\"article:publisher\" content=\"https:\/\/www.facebook.com\/SocietateaBiblicaMoldova\/\" \/>\n<meta property=\"og:image\" content=\"https:\/\/biblia.md\/wp-content\/uploads\/2025\/12\/0000008392.jpg\" \/>\n\t<meta property=\"og:image:width\" content=\"800\" \/>\n\t<meta property=\"og:image:height\" content=\"1147\" \/>\n\t<meta property=\"og:image:type\" content=\"image\/jpeg\" \/>\n<meta name=\"twitter:card\" content=\"summary_large_image\" \/>\n<meta name=\"twitter:label1\" content=\"\u041f\u0440\u0438\u043c\u0435\u0440\u043d\u043e\u0435 \u0432\u0440\u0435\u043c\u044f \u0434\u043b\u044f \u0447\u0442\u0435\u043d\u0438\u044f\" \/>\n\t<meta name=\"twitter:data1\" content=\"1 \u043c\u0438\u043d\u0443\u0442\u0430\" \/>\n<script type=\"application\/ld+json\" class=\"yoast-schema-graph\">{\"@context\":\"https:\\\/\\\/schema.org\",\"@graph\":[{\"@type\":\"WebPage\",\"@id\":\"https:\\\/\\\/biblia.md\\\/shop\\\/bunica-mea-este-columbo\\\/\",\"url\":\"https:\\\/\\\/biblia.md\\\/shop\\\/bunica-mea-este-columbo\\\/\",\"name\":\"Bunica mea este Columbo - Societatea Biblic\u0103 din Moldova\",\"isPartOf\":{\"@id\":\"https:\\\/\\\/biblia.md\\\/#website\"},\"primaryImageOfPage\":{\"@id\":\"https:\\\/\\\/biblia.md\\\/shop\\\/bunica-mea-este-columbo\\\/#primaryimage\"},\"image\":{\"@id\":\"https:\\\/\\\/biblia.md\\\/shop\\\/bunica-mea-este-columbo\\\/#primaryimage\"},\"thumbnailUrl\":\"https:\\\/\\\/biblia.md\\\/wp-content\\\/uploads\\\/2025\\\/12\\\/0000008392.jpg\",\"datePublished\":\"2025-12-22T10:23:27+00:00\",\"breadcrumb\":{\"@id\":\"https:\\\/\\\/biblia.md\\\/shop\\\/bunica-mea-este-columbo\\\/#breadcrumb\"},\"inLanguage\":\"ru-RU\",\"potentialAction\":[{\"@type\":\"ReadAction\",\"target\":[\"https:\\\/\\\/biblia.md\\\/shop\\\/bunica-mea-este-columbo\\\/\"]}]},{\"@type\":\"ImageObject\",\"inLanguage\":\"ru-RU\",\"@id\":\"https:\\\/\\\/biblia.md\\\/shop\\\/bunica-mea-este-columbo\\\/#primaryimage\",\"url\":\"https:\\\/\\\/biblia.md\\\/wp-content\\\/uploads\\\/2025\\\/12\\\/0000008392.jpg\",\"contentUrl\":\"https:\\\/\\\/biblia.md\\\/wp-content\\\/uploads\\\/2025\\\/12\\\/0000008392.jpg\",\"width\":800,\"height\":1147},{\"@type\":\"BreadcrumbList\",\"@id\":\"https:\\\/\\\/biblia.md\\\/shop\\\/bunica-mea-este-columbo\\\/#breadcrumb\",\"itemListElement\":[{\"@type\":\"ListItem\",\"position\":1,\"name\":\"Prima pagin\u0103\",\"item\":\"https:\\\/\\\/biblia.md\\\/\"},{\"@type\":\"ListItem\",\"position\":2,\"name\":\"Shop\",\"item\":\"https:\\\/\\\/biblia.md\\\/shop\\\/\"},{\"@type\":\"ListItem\",\"position\":3,\"name\":\"Bunica mea este Columbo\"}]},{\"@type\":\"WebSite\",\"@id\":\"https:\\\/\\\/biblia.md\\\/#website\",\"url\":\"https:\\\/\\\/biblia.md\\\/\",\"name\":\"Societatea Biblic\u0103 din Moldova\",\"description\":\"\",\"publisher\":{\"@id\":\"https:\\\/\\\/biblia.md\\\/#organization\"},\"potentialAction\":[{\"@type\":\"SearchAction\",\"target\":{\"@type\":\"EntryPoint\",\"urlTemplate\":\"https:\\\/\\\/biblia.md\\\/?s={search_term_string}\"},\"query-input\":{\"@type\":\"PropertyValueSpecification\",\"valueRequired\":true,\"valueName\":\"search_term_string\"}}],\"inLanguage\":\"ru-RU\"},{\"@type\":\"Organization\",\"@id\":\"https:\\\/\\\/biblia.md\\\/#organization\",\"name\":\"Societatea Biblic\u0103 din Moldova\",\"url\":\"https:\\\/\\\/biblia.md\\\/\",\"logo\":{\"@type\":\"ImageObject\",\"inLanguage\":\"ru-RU\",\"@id\":\"https:\\\/\\\/biblia.md\\\/#\\\/schema\\\/logo\\\/image\\\/\",\"url\":\"https:\\\/\\\/biblia.md\\\/wp-content\\\/uploads\\\/2026\\\/01\\\/icon_site.jpg\",\"contentUrl\":\"https:\\\/\\\/biblia.md\\\/wp-content\\\/uploads\\\/2026\\\/01\\\/icon_site.jpg\",\"width\":656,\"height\":656,\"caption\":\"Societatea Biblic\u0103 din Moldova\"},\"image\":{\"@id\":\"https:\\\/\\\/biblia.md\\\/#\\\/schema\\\/logo\\\/image\\\/\"},\"sameAs\":[\"https:\\\/\\\/www.facebook.com\\\/SocietateaBiblicaMoldova\\\/\",\"https:\\\/\\\/www.instagram.com\\\/biblia.md\\\/\"]}]}<\/script>\n<!-- \/ Yoast SEO plugin. -->","yoast_head_json":{"title":"Bunica mea este Columbo - Societatea Biblic\u0103 din Moldova","robots":{"index":"index","follow":"follow","max-snippet":"max-snippet:-1","max-image-preview":"max-image-preview:large","max-video-preview":"max-video-preview:-1"},"canonical":"https:\/\/biblia.md\/ru\/shop\/bunica-mea-este-columbo\/","og_locale":"ru_RU","og_type":"article","og_title":"Bunica mea este Columbo - Societatea Biblic\u0103 din Moldova","og_description":"\u00centr-un mic ora\u015f lini\u015ftit din Transilvania, \u00een inima verii, lini\u015ftea aparent\u0103 este tulburat\u0103 de o serie de \u00eent\u00e2mpl\u0103ri misterioase. Coralia, Isidor \u015fi Sebastian \u2013 trei adolescen\u0163i curajo\u015fi \u2013 pornesc \u00eentr-o anchet\u0103 plin\u0103 de pericole, al\u0103turi de Aida, bunica-detectiv cu fler de Columbo. C\u00e2nd o band\u0103 de ho\u0163i de bijuterii se ascunde chiar sub ochii lor, iar trecutul unui vechi conac iese la lumin\u0103, prietenii descoper\u0103 c\u0103 adev\u0103rul e mai complicat dec\u00e2t pare. Bunica mea este Columbo este o poveste despre curaj, prietenie \u015fi despre cum uneori, pentru a rezolva un mister, trebuie s\u0103 privim cu aten\u0163ie la ceea ce al\u0163ii nu v\u0103d. [...]","og_url":"https:\/\/biblia.md\/ru\/shop\/bunica-mea-este-columbo\/","og_site_name":"Societatea Biblic\u0103 din Moldova","article_publisher":"https:\/\/www.facebook.com\/SocietateaBiblicaMoldova\/","og_image":[{"width":800,"height":1147,"url":"https:\/\/biblia.md\/wp-content\/uploads\/2025\/12\/0000008392.jpg","type":"image\/jpeg"}],"twitter_card":"summary_large_image","twitter_misc":{"\u041f\u0440\u0438\u043c\u0435\u0440\u043d\u043e\u0435 \u0432\u0440\u0435\u043c\u044f \u0434\u043b\u044f \u0447\u0442\u0435\u043d\u0438\u044f":"1 \u043c\u0438\u043d\u0443\u0442\u0430"},"schema":{"@context":"https:\/\/schema.org","@graph":[{"@type":"WebPage","@id":"https:\/\/biblia.md\/shop\/bunica-mea-este-columbo\/","url":"https:\/\/biblia.md\/shop\/bunica-mea-este-columbo\/","name":"Bunica mea este Columbo - Societatea Biblic\u0103 din Moldova","isPartOf":{"@id":"https:\/\/biblia.md\/#website"},"primaryImageOfPage":{"@id":"https:\/\/biblia.md\/shop\/bunica-mea-este-columbo\/#primaryimage"},"image":{"@id":"https:\/\/biblia.md\/shop\/bunica-mea-este-columbo\/#primaryimage"},"thumbnailUrl":"https:\/\/biblia.md\/wp-content\/uploads\/2025\/12\/0000008392.jpg","datePublished":"2025-12-22T10:23:27+00:00","breadcrumb":{"@id":"https:\/\/biblia.md\/shop\/bunica-mea-este-columbo\/#breadcrumb"},"inLanguage":"ru-RU","potentialAction":[{"@type":"ReadAction","target":["https:\/\/biblia.md\/shop\/bunica-mea-este-columbo\/"]}]},{"@type":"ImageObject","inLanguage":"ru-RU","@id":"https:\/\/biblia.md\/shop\/bunica-mea-este-columbo\/#primaryimage","url":"https:\/\/biblia.md\/wp-content\/uploads\/2025\/12\/0000008392.jpg","contentUrl":"https:\/\/biblia.md\/wp-content\/uploads\/2025\/12\/0000008392.jpg","width":800,"height":1147},{"@type":"BreadcrumbList","@id":"https:\/\/biblia.md\/shop\/bunica-mea-este-columbo\/#breadcrumb","itemListElement":[{"@type":"ListItem","position":1,"name":"Prima pagin\u0103","item":"https:\/\/biblia.md\/"},{"@type":"ListItem","position":2,"name":"Shop","item":"https:\/\/biblia.md\/shop\/"},{"@type":"ListItem","position":3,"name":"Bunica mea este Columbo"}]},{"@type":"WebSite","@id":"https:\/\/biblia.md\/#website","url":"https:\/\/biblia.md\/","name":"Societatea Biblic\u0103 din Moldova","description":"","publisher":{"@id":"https:\/\/biblia.md\/#organization"},"potentialAction":[{"@type":"SearchAction","target":{"@type":"EntryPoint","urlTemplate":"https:\/\/biblia.md\/?s={search_term_string}"},"query-input":{"@type":"PropertyValueSpecification","valueRequired":true,"valueName":"search_term_string"}}],"inLanguage":"ru-RU"},{"@type":"Organization","@id":"https:\/\/biblia.md\/#organization","name":"Societatea Biblic\u0103 din Moldova","url":"https:\/\/biblia.md\/","logo":{"@type":"ImageObject","inLanguage":"ru-RU","@id":"https:\/\/biblia.md\/#\/schema\/logo\/image\/","url":"https:\/\/biblia.md\/wp-content\/uploads\/2026\/01\/icon_site.jpg","contentUrl":"https:\/\/biblia.md\/wp-content\/uploads\/2026\/01\/icon_site.jpg","width":656,"height":656,"caption":"Societatea Biblic\u0103 din Moldova"},"image":{"@id":"https:\/\/biblia.md\/#\/schema\/logo\/image\/"},"sameAs":["https:\/\/www.facebook.com\/SocietateaBiblicaMoldova\/","https:\/\/www.instagram.com\/biblia.md\/"]}]}},"_links":{"self":[{"href":"https:\/\/biblia.md\/ru\/wp-json\/wp\/v2\/product\/29828","targetHints":{"allow":["GET"]}}],"collection":[{"href":"https:\/\/biblia.md\/ru\/wp-json\/wp\/v2\/product"}],"about":[{"href":"https:\/\/biblia.md\/ru\/wp-json\/wp\/v2\/types\/product"}],"replies":[{"embeddable":true,"href":"https:\/\/biblia.md\/ru\/wp-json\/wp\/v2\/comments?post=29828"}],"version-history":[{"count":1,"href":"https:\/\/biblia.md\/ru\/wp-json\/wp\/v2\/product\/29828\/revisions"}],"predecessor-version":[{"id":29830,"href":"https:\/\/biblia.md\/ru\/wp-json\/wp\/v2\/product\/29828\/revisions\/29830"}],"wp:featuredmedia":[{"embeddable":true,"href":"https:\/\/biblia.md\/ru\/wp-json\/wp\/v2\/media\/29829"}],"wp:attachment":[{"href":"https:\/\/biblia.md\/ru\/wp-json\/wp\/v2\/media?parent=29828"}],"wp:term":[{"taxonomy":"product_brand","embeddable":true,"href":"https:\/\/biblia.md\/ru\/wp-json\/wp\/v2\/product_brand?post=29828"},{"taxonomy":"product_cat","embeddable":true,"href":"https:\/\/biblia.md\/ru\/wp-json\/wp\/v2\/product_cat?post=29828"},{"taxonomy":"product_tag","embeddable":true,"href":"https:\/\/biblia.md\/ru\/wp-json\/wp\/v2\/product_tag?post=29828"}],"curies":[{"name":"wp","href":"https:\/\/api.w.org\/{rel}","templated":true}]}}