{"id":30520,"date":"2026-01-27T10:56:46","date_gmt":"2026-01-27T08:56:46","guid":{"rendered":"https:\/\/biblia.md\/?post_type=product&#038;p=30520"},"modified":"2026-02-26T17:02:29","modified_gmt":"2026-02-26T15:02:29","slug":"apocalipsa-pentru-toti","status":"publish","type":"product","link":"https:\/\/biblia.md\/ru\/shop\/apocalipsa-pentru-toti\/","title":{"rendered":"Apocalipsa pentru toti"},"content":{"rendered":"","protected":false},"excerpt":{"rendered":"<p>Tom Wright \u015fi-a asumat o sarcin\u0103 extraordinar\u0103: s\u0103 furnizeze ghiduri cuprinz\u0103toare pentru toate c\u0103r\u0163ile din Noul Testament, \u00eempreun\u0103 cu propria traducere a textului original. Fiecare pericop\u0103 este urmat\u0103 de un comentariu extrem de lizibil, cu informa\u0163ii utile din context. Formatul este potrivit \u015fi pentru studiul zilnic personal.<\/p>\n<p>Fiecare carte este scris\u0103 \u00een limbajul familiar \u015fi accesibil al lui Wright \u015fi poate fi utilizat\u0103 pentru studii individuale sau \u00een grup, pentru a \u00eembun\u0103t\u0103\u0163i \u00een\u0163elegerea cititorilor Noului Testament.<\/p>","protected":false},"featured_media":35482,"comment_status":"open","ping_status":"closed","template":"","meta":[],"product_brand":[],"product_cat":[377,392],"product_tag":[],"class_list":{"0":"post-30520","1":"product","2":"type-product","3":"status-publish","4":"has-post-thumbnail","6":"product_cat-carti","7":"product_cat-comentarii-biblice","8":"product_author-tom-wright","9":"product_genre-knigi-rom","11":"first","12":"instock","13":"shipping-taxable","14":"purchasable","15":"product-type-simple"},"yoast_head":"<!-- This site is optimized with the Yoast SEO plugin v27.3 - https:\/\/yoast.com\/product\/yoast-seo-wordpress\/ -->\n<title>Apocalipsa pentru toti - Societatea Biblic\u0103 din Moldova<\/title>\n<meta name=\"robots\" content=\"index, follow, max-snippet:-1, max-image-preview:large, max-video-preview:-1\" \/>\n<link rel=\"canonical\" href=\"https:\/\/biblia.md\/ru\/shop\/apocalipsa-pentru-toti\/\" \/>\n<meta property=\"og:locale\" content=\"ru_RU\" \/>\n<meta property=\"og:type\" content=\"article\" \/>\n<meta property=\"og:title\" content=\"Apocalipsa pentru toti - Societatea Biblic\u0103 din Moldova\" \/>\n<meta property=\"og:description\" content=\"Tom Wright \u015fi-a asumat o sarcin\u0103 extraordinar\u0103: s\u0103 furnizeze ghiduri cuprinz\u0103toare pentru toate c\u0103r\u0163ile din Noul Testament, \u00eempreun\u0103 cu propria traducere a textului original. Fiecare pericop\u0103 este urmat\u0103 de un comentariu extrem de lizibil, cu informa\u0163ii utile din context. Formatul este potrivit \u015fi pentru studiul zilnic personal.  Fiecare carte este scris\u0103 \u00een limbajul familiar \u015fi accesibil al lui Wright \u015fi poate fi utilizat\u0103 pentru studii individuale sau \u00een grup, pentru a \u00eembun\u0103t\u0103\u0163i \u00een\u0163elegerea cititorilor Noului Testament.\" \/>\n<meta property=\"og:url\" content=\"https:\/\/biblia.md\/ru\/shop\/apocalipsa-pentru-toti\/\" \/>\n<meta property=\"og:site_name\" content=\"Societatea Biblic\u0103 din Moldova\" \/>\n<meta property=\"article:publisher\" content=\"https:\/\/www.facebook.com\/SocietateaBiblicaMoldova\/\" \/>\n<meta property=\"article:modified_time\" content=\"2026-02-26T15:02:29+00:00\" \/>\n<meta property=\"og:image\" content=\"https:\/\/biblia.md\/wp-content\/uploads\/2026\/01\/04feb86b-f205-4e3a-8824-ccad6e705511.png\" \/>\n\t<meta property=\"og:image:width\" content=\"1024\" \/>\n\t<meta property=\"og:image:height\" content=\"1536\" \/>\n\t<meta property=\"og:image:type\" content=\"image\/png\" \/>\n<meta name=\"twitter:card\" content=\"summary_large_image\" \/>\n<meta name=\"twitter:label1\" content=\"\u041f\u0440\u0438\u043c\u0435\u0440\u043d\u043e\u0435 \u0432\u0440\u0435\u043c\u044f \u0434\u043b\u044f \u0447\u0442\u0435\u043d\u0438\u044f\" \/>\n\t<meta name=\"twitter:data1\" content=\"1 \u043c\u0438\u043d\u0443\u0442\u0430\" \/>\n<script type=\"application\/ld+json\" class=\"yoast-schema-graph\">{\"@context\":\"https:\\\/\\\/schema.org\",\"@graph\":[{\"@type\":\"WebPage\",\"@id\":\"https:\\\/\\\/biblia.md\\\/shop\\\/apocalipsa-pentru-toti\\\/\",\"url\":\"https:\\\/\\\/biblia.md\\\/shop\\\/apocalipsa-pentru-toti\\\/\",\"name\":\"Apocalipsa pentru toti - Societatea Biblic\u0103 din Moldova\",\"isPartOf\":{\"@id\":\"https:\\\/\\\/biblia.md\\\/#website\"},\"primaryImageOfPage\":{\"@id\":\"https:\\\/\\\/biblia.md\\\/shop\\\/apocalipsa-pentru-toti\\\/#primaryimage\"},\"image\":{\"@id\":\"https:\\\/\\\/biblia.md\\\/shop\\\/apocalipsa-pentru-toti\\\/#primaryimage\"},\"thumbnailUrl\":\"https:\\\/\\\/biblia.md\\\/wp-content\\\/uploads\\\/2026\\\/01\\\/04feb86b-f205-4e3a-8824-ccad6e705511.png\",\"datePublished\":\"2026-01-27T08:56:46+00:00\",\"dateModified\":\"2026-02-26T15:02:29+00:00\",\"breadcrumb\":{\"@id\":\"https:\\\/\\\/biblia.md\\\/shop\\\/apocalipsa-pentru-toti\\\/#breadcrumb\"},\"inLanguage\":\"ru-RU\",\"potentialAction\":[{\"@type\":\"ReadAction\",\"target\":[\"https:\\\/\\\/biblia.md\\\/shop\\\/apocalipsa-pentru-toti\\\/\"]}]},{\"@type\":\"ImageObject\",\"inLanguage\":\"ru-RU\",\"@id\":\"https:\\\/\\\/biblia.md\\\/shop\\\/apocalipsa-pentru-toti\\\/#primaryimage\",\"url\":\"https:\\\/\\\/biblia.md\\\/wp-content\\\/uploads\\\/2026\\\/01\\\/04feb86b-f205-4e3a-8824-ccad6e705511.png\",\"contentUrl\":\"https:\\\/\\\/biblia.md\\\/wp-content\\\/uploads\\\/2026\\\/01\\\/04feb86b-f205-4e3a-8824-ccad6e705511.png\",\"width\":1024,\"height\":1536},{\"@type\":\"BreadcrumbList\",\"@id\":\"https:\\\/\\\/biblia.md\\\/shop\\\/apocalipsa-pentru-toti\\\/#breadcrumb\",\"itemListElement\":[{\"@type\":\"ListItem\",\"position\":1,\"name\":\"Prima pagin\u0103\",\"item\":\"https:\\\/\\\/biblia.md\\\/\"},{\"@type\":\"ListItem\",\"position\":2,\"name\":\"Shop\",\"item\":\"https:\\\/\\\/biblia.md\\\/shop\\\/\"},{\"@type\":\"ListItem\",\"position\":3,\"name\":\"Apocalipsa pentru toti\"}]},{\"@type\":\"WebSite\",\"@id\":\"https:\\\/\\\/biblia.md\\\/#website\",\"url\":\"https:\\\/\\\/biblia.md\\\/\",\"name\":\"Societatea Biblic\u0103 din Moldova\",\"description\":\"\",\"publisher\":{\"@id\":\"https:\\\/\\\/biblia.md\\\/#organization\"},\"potentialAction\":[{\"@type\":\"SearchAction\",\"target\":{\"@type\":\"EntryPoint\",\"urlTemplate\":\"https:\\\/\\\/biblia.md\\\/?s={search_term_string}\"},\"query-input\":{\"@type\":\"PropertyValueSpecification\",\"valueRequired\":true,\"valueName\":\"search_term_string\"}}],\"inLanguage\":\"ru-RU\"},{\"@type\":\"Organization\",\"@id\":\"https:\\\/\\\/biblia.md\\\/#organization\",\"name\":\"Societatea Biblic\u0103 din Moldova\",\"url\":\"https:\\\/\\\/biblia.md\\\/\",\"logo\":{\"@type\":\"ImageObject\",\"inLanguage\":\"ru-RU\",\"@id\":\"https:\\\/\\\/biblia.md\\\/#\\\/schema\\\/logo\\\/image\\\/\",\"url\":\"https:\\\/\\\/biblia.md\\\/wp-content\\\/uploads\\\/2026\\\/01\\\/icon_site.jpg\",\"contentUrl\":\"https:\\\/\\\/biblia.md\\\/wp-content\\\/uploads\\\/2026\\\/01\\\/icon_site.jpg\",\"width\":656,\"height\":656,\"caption\":\"Societatea Biblic\u0103 din Moldova\"},\"image\":{\"@id\":\"https:\\\/\\\/biblia.md\\\/#\\\/schema\\\/logo\\\/image\\\/\"},\"sameAs\":[\"https:\\\/\\\/www.facebook.com\\\/SocietateaBiblicaMoldova\\\/\",\"https:\\\/\\\/www.instagram.com\\\/biblia.md\\\/\"]}]}<\/script>\n<!-- \/ Yoast SEO plugin. -->","yoast_head_json":{"title":"Apocalipsa pentru toti - Societatea Biblic\u0103 din Moldova","robots":{"index":"index","follow":"follow","max-snippet":"max-snippet:-1","max-image-preview":"max-image-preview:large","max-video-preview":"max-video-preview:-1"},"canonical":"https:\/\/biblia.md\/ru\/shop\/apocalipsa-pentru-toti\/","og_locale":"ru_RU","og_type":"article","og_title":"Apocalipsa pentru toti - Societatea Biblic\u0103 din Moldova","og_description":"Tom Wright \u015fi-a asumat o sarcin\u0103 extraordinar\u0103: s\u0103 furnizeze ghiduri cuprinz\u0103toare pentru toate c\u0103r\u0163ile din Noul Testament, \u00eempreun\u0103 cu propria traducere a textului original. Fiecare pericop\u0103 este urmat\u0103 de un comentariu extrem de lizibil, cu informa\u0163ii utile din context. Formatul este potrivit \u015fi pentru studiul zilnic personal.  Fiecare carte este scris\u0103 \u00een limbajul familiar \u015fi accesibil al lui Wright \u015fi poate fi utilizat\u0103 pentru studii individuale sau \u00een grup, pentru a \u00eembun\u0103t\u0103\u0163i \u00een\u0163elegerea cititorilor Noului Testament.","og_url":"https:\/\/biblia.md\/ru\/shop\/apocalipsa-pentru-toti\/","og_site_name":"Societatea Biblic\u0103 din Moldova","article_publisher":"https:\/\/www.facebook.com\/SocietateaBiblicaMoldova\/","article_modified_time":"2026-02-26T15:02:29+00:00","og_image":[{"width":1024,"height":1536,"url":"https:\/\/biblia.md\/wp-content\/uploads\/2026\/01\/04feb86b-f205-4e3a-8824-ccad6e705511.png","type":"image\/png"}],"twitter_card":"summary_large_image","twitter_misc":{"\u041f\u0440\u0438\u043c\u0435\u0440\u043d\u043e\u0435 \u0432\u0440\u0435\u043c\u044f \u0434\u043b\u044f \u0447\u0442\u0435\u043d\u0438\u044f":"1 \u043c\u0438\u043d\u0443\u0442\u0430"},"schema":{"@context":"https:\/\/schema.org","@graph":[{"@type":"WebPage","@id":"https:\/\/biblia.md\/shop\/apocalipsa-pentru-toti\/","url":"https:\/\/biblia.md\/shop\/apocalipsa-pentru-toti\/","name":"Apocalipsa pentru toti - Societatea Biblic\u0103 din Moldova","isPartOf":{"@id":"https:\/\/biblia.md\/#website"},"primaryImageOfPage":{"@id":"https:\/\/biblia.md\/shop\/apocalipsa-pentru-toti\/#primaryimage"},"image":{"@id":"https:\/\/biblia.md\/shop\/apocalipsa-pentru-toti\/#primaryimage"},"thumbnailUrl":"https:\/\/biblia.md\/wp-content\/uploads\/2026\/01\/04feb86b-f205-4e3a-8824-ccad6e705511.png","datePublished":"2026-01-27T08:56:46+00:00","dateModified":"2026-02-26T15:02:29+00:00","breadcrumb":{"@id":"https:\/\/biblia.md\/shop\/apocalipsa-pentru-toti\/#breadcrumb"},"inLanguage":"ru-RU","potentialAction":[{"@type":"ReadAction","target":["https:\/\/biblia.md\/shop\/apocalipsa-pentru-toti\/"]}]},{"@type":"ImageObject","inLanguage":"ru-RU","@id":"https:\/\/biblia.md\/shop\/apocalipsa-pentru-toti\/#primaryimage","url":"https:\/\/biblia.md\/wp-content\/uploads\/2026\/01\/04feb86b-f205-4e3a-8824-ccad6e705511.png","contentUrl":"https:\/\/biblia.md\/wp-content\/uploads\/2026\/01\/04feb86b-f205-4e3a-8824-ccad6e705511.png","width":1024,"height":1536},{"@type":"BreadcrumbList","@id":"https:\/\/biblia.md\/shop\/apocalipsa-pentru-toti\/#breadcrumb","itemListElement":[{"@type":"ListItem","position":1,"name":"Prima pagin\u0103","item":"https:\/\/biblia.md\/"},{"@type":"ListItem","position":2,"name":"Shop","item":"https:\/\/biblia.md\/shop\/"},{"@type":"ListItem","position":3,"name":"Apocalipsa pentru toti"}]},{"@type":"WebSite","@id":"https:\/\/biblia.md\/#website","url":"https:\/\/biblia.md\/","name":"Societatea Biblic\u0103 din Moldova","description":"","publisher":{"@id":"https:\/\/biblia.md\/#organization"},"potentialAction":[{"@type":"SearchAction","target":{"@type":"EntryPoint","urlTemplate":"https:\/\/biblia.md\/?s={search_term_string}"},"query-input":{"@type":"PropertyValueSpecification","valueRequired":true,"valueName":"search_term_string"}}],"inLanguage":"ru-RU"},{"@type":"Organization","@id":"https:\/\/biblia.md\/#organization","name":"Societatea Biblic\u0103 din Moldova","url":"https:\/\/biblia.md\/","logo":{"@type":"ImageObject","inLanguage":"ru-RU","@id":"https:\/\/biblia.md\/#\/schema\/logo\/image\/","url":"https:\/\/biblia.md\/wp-content\/uploads\/2026\/01\/icon_site.jpg","contentUrl":"https:\/\/biblia.md\/wp-content\/uploads\/2026\/01\/icon_site.jpg","width":656,"height":656,"caption":"Societatea Biblic\u0103 din Moldova"},"image":{"@id":"https:\/\/biblia.md\/#\/schema\/logo\/image\/"},"sameAs":["https:\/\/www.facebook.com\/SocietateaBiblicaMoldova\/","https:\/\/www.instagram.com\/biblia.md\/"]}]}},"_links":{"self":[{"href":"https:\/\/biblia.md\/ru\/wp-json\/wp\/v2\/product\/30520","targetHints":{"allow":["GET"]}}],"collection":[{"href":"https:\/\/biblia.md\/ru\/wp-json\/wp\/v2\/product"}],"about":[{"href":"https:\/\/biblia.md\/ru\/wp-json\/wp\/v2\/types\/product"}],"replies":[{"embeddable":true,"href":"https:\/\/biblia.md\/ru\/wp-json\/wp\/v2\/comments?post=30520"}],"version-history":[{"count":2,"href":"https:\/\/biblia.md\/ru\/wp-json\/wp\/v2\/product\/30520\/revisions"}],"predecessor-version":[{"id":35483,"href":"https:\/\/biblia.md\/ru\/wp-json\/wp\/v2\/product\/30520\/revisions\/35483"}],"wp:featuredmedia":[{"embeddable":true,"href":"https:\/\/biblia.md\/ru\/wp-json\/wp\/v2\/media\/35482"}],"wp:attachment":[{"href":"https:\/\/biblia.md\/ru\/wp-json\/wp\/v2\/media?parent=30520"}],"wp:term":[{"taxonomy":"product_brand","embeddable":true,"href":"https:\/\/biblia.md\/ru\/wp-json\/wp\/v2\/product_brand?post=30520"},{"taxonomy":"product_cat","embeddable":true,"href":"https:\/\/biblia.md\/ru\/wp-json\/wp\/v2\/product_cat?post=30520"},{"taxonomy":"product_tag","embeddable":true,"href":"https:\/\/biblia.md\/ru\/wp-json\/wp\/v2\/product_tag?post=30520"}],"curies":[{"name":"wp","href":"https:\/\/api.w.org\/{rel}","templated":true}]}}