{"id":30600,"date":"2026-01-02T02:10:49","date_gmt":"2026-01-02T00:10:49","guid":{"rendered":"https:\/\/biblia.md\/?post_type=product&#038;p=30600"},"modified":"2026-01-02T02:10:49","modified_gmt":"2026-01-02T00:10:49","slug":"ascensiunea-un-devotional-pe-un-an-pentru-adolescenti-si-tineri","status":"publish","type":"product","link":"https:\/\/biblia.md\/ru\/shop\/ascensiunea-un-devotional-pe-un-an-pentru-adolescenti-si-tineri\/","title":{"rendered":"Ascensiunea &#8211; Un devotional pe un an pentru adolescenti si tineri"},"content":{"rendered":"<div>Cartea aceasta ofer\u0103 resurse spirituale simple, inspirate din Scriptur\u0103, pentru fiecare zi a anului. Fiecare pagin\u0103 poate fi citit\u0103 \u00een c\u00e2teva minute. Adolescen\u021bii se confrunt\u0103 cu probleme specifice v\u00e2rstei lor \u0219i materialul de fa\u021b\u0103, ales cu mare grij\u0103, le va fi de folos \u00een c\u0103l\u0103toria lor spiritual\u0103. Cu to\u021bii avem nevoie de o diet\u0103 variat\u0103, care s\u0103 ne ajute s\u0103 ne dezvolt\u0103m \u0219i s\u0103 cre\u0219tem, iar ideile zilnice din devo\u021bional acoper\u0103 o mul\u021bime de teme \u0219i subiecte. Aceast\u0103 carte interesant\u0103 va st\u00e2rni dorin\u021ba de a medita cu mai mare aten\u021bie \u0219i concentrare asupra Cuv\u00e2ntului lui Dumnezeu \u0219i de a merge pe urmele pa\u0219ilor C\u0103pitanului.<\/div>\n<div><strong>Craig &amp; Hannah Munro<\/strong><\/div>\n<div><\/div>\n<div>***<\/div>\n<div><\/div>\n<div>Ruth d\u0103 dovad\u0103 de o capacitate real\u0103 de \u00een\u021belegere a tiparului de g\u00e2ndire \u0219i a problemelor adolescentului cre\u0219tin din zilele noastre. Ea abordeaz\u0103 multe subiecte \u00eentr-un stil colocvial, atractiv pentru mintea adolescen\u021bilor, f\u0103r\u0103 s\u0103 compromit\u0103 \u00een vreun fel reveren\u021ba pentru Dumnezeu. Lectura acestei c\u0103r\u021bi va inspira \u00een t\u00e2n\u0103rul credincios respect pentru Dumnezeu, dragoste pentru M\u00e2ntuitorul \u0219i dedicare fa\u021b\u0103 de Cuv\u00e2ntul lui Dumnezeu.<\/div>\n<div><strong>Jack &amp; Lillian Hay<\/strong><\/div>\n<div><\/div>\n<div>***<\/div>\n<div><\/div>\n<div>O selec\u021bie minunat\u0103 de lecturi zilnice atractive, concise, fiecare pornind de la un verset biblic, care explic\u0103 adev\u0103ruri esen\u021biale \u00een moduri diferite. Include istorisiri biografice, exemple din via\u021ba de zi cu zi, date \u0219tiin\u021bifice \u0219i anecdote personale. Mi-a f\u0103cut mare pl\u0103cere s\u0103 citesc cartea. Cititorii vor descoperi c\u0103 este u\u0219or de \u00een\u021beles, practic\u0103, are o not\u0103 personal\u0103, umor, pe alocuri, fiind \u00een acela\u0219i timp corect\u0103 din punct de vedere biblic, \u00een\u021besat\u0103 de referin\u021be folositoare \u0219i dovezi care s\u0103 le sus\u021bin\u0103. F\u0103r\u0103 \u00eendoial\u0103, cartea aceasta se va dovedi un sprijin minunat pentru cre\u0219terea spiritual\u0103 a tinerilor cre\u0219tini pe parcursul unui an \u00eentreg.<\/div>\n<div><strong>Eunice Wilkie\u00a0<\/strong><\/div>","protected":false},"excerpt":{"rendered":"<div>\u00cen cartea de fa\u021b\u0103 vei g\u0103si subiecte diferite \u2013 crea\u021bie \u0219i apologetic\u0103, biografii, lec\u021bii practice pentru tr\u0103irea cre\u0219tin\u0103 zilnic\u0103 \u0219i studii despre personaje \u0219i \u00eenv\u0103\u021b\u0103turi biblice. Unele dintre subiecte vor fi lecturi u\u0219oare, altele \u00ee\u021bi vor pune pu\u021bin mintea la lucru. Unele vor fi \u00eencurajatoare, \u00een timp ce altele vor da na\u0219tere unui sentiment de vinov\u0103\u021bie. \u0218i de\u0219i nu vor fi relevante toate textele pentru to\u021bi cititorii, fiecare a fost scris av\u00e2nd \u00een vedere progresul t\u0103u spiritual.<\/div>\n<div><\/div>\n<div>Chiar dac\u0103 aceast\u0103 carte a fost g\u00e2ndit\u0103 pentru a fi citit\u0103 zilnic, ea\u00a0<strong>nu \u00eenlocuie\u0219te Biblia!<\/strong>\u00a0Citirea Cuv\u00e2ntului lui Dumnezeu \u0219i rug\u0103ciunea sunt esen\u021biale pentru un cre\u0219tin \u0219i nu ar trebui s\u0103 fie neglijate. Aceste devo\u021bionale sunt numai suplimente care te pot ajuta \u00een via\u021ba ta de cre\u0219tin. Dac\u0103 trebuie s\u0103 alegi \u00eentre citirea Bibliei \u0219i citirea acestei c\u0103r\u021bi, alege Biblia, de fiecare dat\u0103.<\/div>\n<div>Dac\u0103 nu e\u0219ti cre\u0219tin \u2013 dac\u0103 nu L-ai acceptat p\u00e2n\u0103 acum pe Cristos ca M\u00e2ntuitor personal \u2013 \u00ee\u021bi recomand din toat\u0103 inima s\u0103 \u00cel cuno\u0219ti. El nu este numai un M\u00e2ntuitor extraordinar, El este \u0219i cel mai bun prieten pe care \u00cel poate avea vreodat\u0103 un t\u00e2n\u0103r (\u0219i nu numai). El \u00ee\u021bi va schimba via\u021ba, va da sens \u0219i scop vie\u021bii tale \u0219i vei avea o cas\u0103 \u00een cer pentru totdeauna.<\/div>\n<div>Rug\u0103ciunea mea \u0219i n\u0103dejdea mea pentru tine este ca, \u00een timp ce cite\u0219ti aceast\u0103 carte, s\u0103 faci \u0219i tu asemenea apostolului Pavel \u2013 s\u0103 ui\u021bi ce este \u00een urm\u0103 \u0219i s\u0103 cau\u021bi cu orice pre\u021b s\u0103 mergi \u00eenainte, \u201ealerg\u00e2nd mai departe spre \u021bint\u0103 pentru premiul chem\u0103rii \u00eenalte a lui Dumnezeu \u00een Cristos Isus\u201c (Filipeni 3:13, 14, ESV).<\/div>\n<div>Cristos \u2013 \u0219i numai El \u2013 merit\u0103 toat\u0103 lauda!<\/div>\n<div>Pentru El \u0219i pentru gloria Lui,<\/div>\n<div><strong>Ruth Chesney<\/strong><\/div>","protected":false},"featured_media":30601,"comment_status":"open","ping_status":"closed","template":"","meta":[],"product_brand":[],"product_cat":[387,377,382],"product_tag":[],"class_list":{"0":"post-30600","1":"product","2":"type-product","3":"status-publish","4":"has-post-thumbnail","6":"product_cat-adolescenti-tineri","7":"product_cat-carti","8":"product_cat-devotionale-meditatii-zilnic","9":"product_author-ruth-chesney","10":"product_genre-knigi-rom","12":"first","13":"instock","14":"shipping-taxable","15":"purchasable","16":"product-type-simple"},"yoast_head":"<!-- This site is optimized with the Yoast SEO plugin v27.3 - https:\/\/yoast.com\/product\/yoast-seo-wordpress\/ -->\n<title>Ascensiunea - Un devotional pe un an pentru adolescenti si tineri - Societatea Biblic\u0103 din Moldova<\/title>\n<meta name=\"robots\" content=\"index, follow, max-snippet:-1, max-image-preview:large, max-video-preview:-1\" \/>\n<link rel=\"canonical\" href=\"https:\/\/biblia.md\/ru\/shop\/ascensiunea-un-devotional-pe-un-an-pentru-adolescenti-si-tineri\/\" \/>\n<meta property=\"og:locale\" content=\"ru_RU\" \/>\n<meta property=\"og:type\" content=\"article\" \/>\n<meta property=\"og:title\" content=\"Ascensiunea - Un devotional pe un an pentru adolescenti si tineri - Societatea Biblic\u0103 din Moldova\" \/>\n<meta property=\"og:description\" content=\"\u00cen cartea de fa\u021b\u0103 vei g\u0103si subiecte diferite \u2013 crea\u021bie \u0219i apologetic\u0103, biografii, lec\u021bii practice pentru tr\u0103irea cre\u0219tin\u0103 zilnic\u0103 \u0219i studii despre personaje \u0219i \u00eenv\u0103\u021b\u0103turi biblice. Unele dintre subiecte vor fi lecturi u\u0219oare, altele \u00ee\u021bi vor pune pu\u021bin mintea la lucru. Unele vor fi \u00eencurajatoare, \u00een timp ce altele vor da na\u0219tere unui sentiment de vinov\u0103\u021bie. \u0218i de\u0219i nu vor fi relevante toate textele pentru to\u021bi cititorii, fiecare a fost scris av\u00e2nd \u00een vedere progresul t\u0103u spiritual.  Chiar dac\u0103 aceast\u0103 carte a fost g\u00e2ndit\u0103 pentru a fi citit\u0103 zilnic, ea\u00a0nu \u00eenlocuie\u0219te Biblia!\u00a0Citirea Cuv\u00e2ntului lui Dumnezeu \u0219i rug\u0103ciunea sunt esen\u021biale pentru un cre\u0219tin \u0219i nu ar trebui s\u0103 fie neglijate. Aceste devo\u021bionale sunt numai suplimente care te pot ajuta \u00een via\u021ba ta de cre\u0219tin. Dac\u0103 trebuie s\u0103 alegi \u00eentre citirea Bibliei \u0219i citirea acestei c\u0103r\u021bi, alege Biblia, de fiecare dat\u0103. Dac\u0103 nu e\u0219ti cre\u0219tin \u2013 dac\u0103 nu L-ai acceptat p\u00e2n\u0103 acum pe Cristos ca M\u00e2ntuitor personal \u2013 \u00ee\u021bi recomand din toat\u0103 inima s\u0103 \u00cel cuno\u0219ti. El nu este numai un M\u00e2ntuitor extraordinar, El este \u0219i cel mai bun prieten pe care \u00cel poate avea vreodat\u0103 un t\u00e2n\u0103r (\u0219i nu numai). El \u00ee\u021bi va schimba via\u021ba, va da sens \u0219i scop vie\u021bii tale \u0219i vei avea o cas\u0103 \u00een cer pentru totdeauna. Rug\u0103ciunea mea \u0219i n\u0103dejdea mea pentru tine este ca, \u00een timp ce cite\u0219ti aceast\u0103 carte, s\u0103 faci \u0219i tu asemenea apostolului Pavel \u2013 s\u0103 ui\u021bi ce este \u00een urm\u0103 \u0219i s\u0103 cau\u021bi cu orice pre\u021b s\u0103 mergi \u00eenainte, \u201ealerg\u00e2nd mai departe spre \u021bint\u0103 pentru premiul chem\u0103rii \u00eenalte a lui Dumnezeu \u00een Cristos Isus\u201c (Filipeni 3:13, 14, ESV). Cristos \u2013 \u0219i numai El \u2013 merit\u0103 toat\u0103 lauda! Pentru El \u0219i pentru gloria Lui, Ruth Chesney\" \/>\n<meta property=\"og:url\" content=\"https:\/\/biblia.md\/ru\/shop\/ascensiunea-un-devotional-pe-un-an-pentru-adolescenti-si-tineri\/\" \/>\n<meta property=\"og:site_name\" content=\"Societatea Biblic\u0103 din Moldova\" \/>\n<meta property=\"article:publisher\" content=\"https:\/\/www.facebook.com\/SocietateaBiblicaMoldova\/\" \/>\n<meta property=\"og:image\" content=\"https:\/\/biblia.md\/wp-content\/uploads\/2026\/01\/0000000692.jpg\" \/>\n\t<meta property=\"og:image:width\" content=\"1680\" \/>\n\t<meta property=\"og:image:height\" content=\"2421\" \/>\n\t<meta property=\"og:image:type\" content=\"image\/jpeg\" \/>\n<meta name=\"twitter:card\" content=\"summary_large_image\" \/>\n<meta name=\"twitter:label1\" content=\"\u041f\u0440\u0438\u043c\u0435\u0440\u043d\u043e\u0435 \u0432\u0440\u0435\u043c\u044f \u0434\u043b\u044f \u0447\u0442\u0435\u043d\u0438\u044f\" \/>\n\t<meta name=\"twitter:data1\" content=\"2 \u043c\u0438\u043d\u0443\u0442\u044b\" \/>\n<script type=\"application\/ld+json\" class=\"yoast-schema-graph\">{\"@context\":\"https:\\\/\\\/schema.org\",\"@graph\":[{\"@type\":\"WebPage\",\"@id\":\"https:\\\/\\\/biblia.md\\\/shop\\\/ascensiunea-un-devotional-pe-un-an-pentru-adolescenti-si-tineri\\\/\",\"url\":\"https:\\\/\\\/biblia.md\\\/shop\\\/ascensiunea-un-devotional-pe-un-an-pentru-adolescenti-si-tineri\\\/\",\"name\":\"Ascensiunea - Un devotional pe un an pentru adolescenti si tineri - Societatea Biblic\u0103 din Moldova\",\"isPartOf\":{\"@id\":\"https:\\\/\\\/biblia.md\\\/#website\"},\"primaryImageOfPage\":{\"@id\":\"https:\\\/\\\/biblia.md\\\/shop\\\/ascensiunea-un-devotional-pe-un-an-pentru-adolescenti-si-tineri\\\/#primaryimage\"},\"image\":{\"@id\":\"https:\\\/\\\/biblia.md\\\/shop\\\/ascensiunea-un-devotional-pe-un-an-pentru-adolescenti-si-tineri\\\/#primaryimage\"},\"thumbnailUrl\":\"https:\\\/\\\/biblia.md\\\/wp-content\\\/uploads\\\/2026\\\/01\\\/0000000692.jpg\",\"datePublished\":\"2026-01-02T00:10:49+00:00\",\"breadcrumb\":{\"@id\":\"https:\\\/\\\/biblia.md\\\/shop\\\/ascensiunea-un-devotional-pe-un-an-pentru-adolescenti-si-tineri\\\/#breadcrumb\"},\"inLanguage\":\"ru-RU\",\"potentialAction\":[{\"@type\":\"ReadAction\",\"target\":[\"https:\\\/\\\/biblia.md\\\/shop\\\/ascensiunea-un-devotional-pe-un-an-pentru-adolescenti-si-tineri\\\/\"]}]},{\"@type\":\"ImageObject\",\"inLanguage\":\"ru-RU\",\"@id\":\"https:\\\/\\\/biblia.md\\\/shop\\\/ascensiunea-un-devotional-pe-un-an-pentru-adolescenti-si-tineri\\\/#primaryimage\",\"url\":\"https:\\\/\\\/biblia.md\\\/wp-content\\\/uploads\\\/2026\\\/01\\\/0000000692.jpg\",\"contentUrl\":\"https:\\\/\\\/biblia.md\\\/wp-content\\\/uploads\\\/2026\\\/01\\\/0000000692.jpg\",\"width\":1680,\"height\":2421},{\"@type\":\"BreadcrumbList\",\"@id\":\"https:\\\/\\\/biblia.md\\\/shop\\\/ascensiunea-un-devotional-pe-un-an-pentru-adolescenti-si-tineri\\\/#breadcrumb\",\"itemListElement\":[{\"@type\":\"ListItem\",\"position\":1,\"name\":\"Prima pagin\u0103\",\"item\":\"https:\\\/\\\/biblia.md\\\/\"},{\"@type\":\"ListItem\",\"position\":2,\"name\":\"Shop\",\"item\":\"https:\\\/\\\/biblia.md\\\/shop\\\/\"},{\"@type\":\"ListItem\",\"position\":3,\"name\":\"Ascensiunea &#8211; Un devotional pe un an pentru adolescenti si tineri\"}]},{\"@type\":\"WebSite\",\"@id\":\"https:\\\/\\\/biblia.md\\\/#website\",\"url\":\"https:\\\/\\\/biblia.md\\\/\",\"name\":\"Societatea Biblic\u0103 din Moldova\",\"description\":\"\",\"publisher\":{\"@id\":\"https:\\\/\\\/biblia.md\\\/#organization\"},\"potentialAction\":[{\"@type\":\"SearchAction\",\"target\":{\"@type\":\"EntryPoint\",\"urlTemplate\":\"https:\\\/\\\/biblia.md\\\/?s={search_term_string}\"},\"query-input\":{\"@type\":\"PropertyValueSpecification\",\"valueRequired\":true,\"valueName\":\"search_term_string\"}}],\"inLanguage\":\"ru-RU\"},{\"@type\":\"Organization\",\"@id\":\"https:\\\/\\\/biblia.md\\\/#organization\",\"name\":\"Societatea Biblic\u0103 din Moldova\",\"url\":\"https:\\\/\\\/biblia.md\\\/\",\"logo\":{\"@type\":\"ImageObject\",\"inLanguage\":\"ru-RU\",\"@id\":\"https:\\\/\\\/biblia.md\\\/#\\\/schema\\\/logo\\\/image\\\/\",\"url\":\"https:\\\/\\\/biblia.md\\\/wp-content\\\/uploads\\\/2026\\\/01\\\/icon_site.jpg\",\"contentUrl\":\"https:\\\/\\\/biblia.md\\\/wp-content\\\/uploads\\\/2026\\\/01\\\/icon_site.jpg\",\"width\":656,\"height\":656,\"caption\":\"Societatea Biblic\u0103 din Moldova\"},\"image\":{\"@id\":\"https:\\\/\\\/biblia.md\\\/#\\\/schema\\\/logo\\\/image\\\/\"},\"sameAs\":[\"https:\\\/\\\/www.facebook.com\\\/SocietateaBiblicaMoldova\\\/\",\"https:\\\/\\\/www.instagram.com\\\/biblia.md\\\/\"]}]}<\/script>\n<!-- \/ Yoast SEO plugin. -->","yoast_head_json":{"title":"Ascensiunea - Un devotional pe un an pentru adolescenti si tineri - Societatea Biblic\u0103 din Moldova","robots":{"index":"index","follow":"follow","max-snippet":"max-snippet:-1","max-image-preview":"max-image-preview:large","max-video-preview":"max-video-preview:-1"},"canonical":"https:\/\/biblia.md\/ru\/shop\/ascensiunea-un-devotional-pe-un-an-pentru-adolescenti-si-tineri\/","og_locale":"ru_RU","og_type":"article","og_title":"Ascensiunea - Un devotional pe un an pentru adolescenti si tineri - Societatea Biblic\u0103 din Moldova","og_description":"\u00cen cartea de fa\u021b\u0103 vei g\u0103si subiecte diferite \u2013 crea\u021bie \u0219i apologetic\u0103, biografii, lec\u021bii practice pentru tr\u0103irea cre\u0219tin\u0103 zilnic\u0103 \u0219i studii despre personaje \u0219i \u00eenv\u0103\u021b\u0103turi biblice. Unele dintre subiecte vor fi lecturi u\u0219oare, altele \u00ee\u021bi vor pune pu\u021bin mintea la lucru. Unele vor fi \u00eencurajatoare, \u00een timp ce altele vor da na\u0219tere unui sentiment de vinov\u0103\u021bie. \u0218i de\u0219i nu vor fi relevante toate textele pentru to\u021bi cititorii, fiecare a fost scris av\u00e2nd \u00een vedere progresul t\u0103u spiritual.  Chiar dac\u0103 aceast\u0103 carte a fost g\u00e2ndit\u0103 pentru a fi citit\u0103 zilnic, ea\u00a0nu \u00eenlocuie\u0219te Biblia!\u00a0Citirea Cuv\u00e2ntului lui Dumnezeu \u0219i rug\u0103ciunea sunt esen\u021biale pentru un cre\u0219tin \u0219i nu ar trebui s\u0103 fie neglijate. Aceste devo\u021bionale sunt numai suplimente care te pot ajuta \u00een via\u021ba ta de cre\u0219tin. Dac\u0103 trebuie s\u0103 alegi \u00eentre citirea Bibliei \u0219i citirea acestei c\u0103r\u021bi, alege Biblia, de fiecare dat\u0103. Dac\u0103 nu e\u0219ti cre\u0219tin \u2013 dac\u0103 nu L-ai acceptat p\u00e2n\u0103 acum pe Cristos ca M\u00e2ntuitor personal \u2013 \u00ee\u021bi recomand din toat\u0103 inima s\u0103 \u00cel cuno\u0219ti. El nu este numai un M\u00e2ntuitor extraordinar, El este \u0219i cel mai bun prieten pe care \u00cel poate avea vreodat\u0103 un t\u00e2n\u0103r (\u0219i nu numai). El \u00ee\u021bi va schimba via\u021ba, va da sens \u0219i scop vie\u021bii tale \u0219i vei avea o cas\u0103 \u00een cer pentru totdeauna. Rug\u0103ciunea mea \u0219i n\u0103dejdea mea pentru tine este ca, \u00een timp ce cite\u0219ti aceast\u0103 carte, s\u0103 faci \u0219i tu asemenea apostolului Pavel \u2013 s\u0103 ui\u021bi ce este \u00een urm\u0103 \u0219i s\u0103 cau\u021bi cu orice pre\u021b s\u0103 mergi \u00eenainte, \u201ealerg\u00e2nd mai departe spre \u021bint\u0103 pentru premiul chem\u0103rii \u00eenalte a lui Dumnezeu \u00een Cristos Isus\u201c (Filipeni 3:13, 14, ESV). Cristos \u2013 \u0219i numai El \u2013 merit\u0103 toat\u0103 lauda! Pentru El \u0219i pentru gloria Lui, Ruth Chesney","og_url":"https:\/\/biblia.md\/ru\/shop\/ascensiunea-un-devotional-pe-un-an-pentru-adolescenti-si-tineri\/","og_site_name":"Societatea Biblic\u0103 din Moldova","article_publisher":"https:\/\/www.facebook.com\/SocietateaBiblicaMoldova\/","og_image":[{"width":1680,"height":2421,"url":"https:\/\/biblia.md\/wp-content\/uploads\/2026\/01\/0000000692.jpg","type":"image\/jpeg"}],"twitter_card":"summary_large_image","twitter_misc":{"\u041f\u0440\u0438\u043c\u0435\u0440\u043d\u043e\u0435 \u0432\u0440\u0435\u043c\u044f \u0434\u043b\u044f \u0447\u0442\u0435\u043d\u0438\u044f":"2 \u043c\u0438\u043d\u0443\u0442\u044b"},"schema":{"@context":"https:\/\/schema.org","@graph":[{"@type":"WebPage","@id":"https:\/\/biblia.md\/shop\/ascensiunea-un-devotional-pe-un-an-pentru-adolescenti-si-tineri\/","url":"https:\/\/biblia.md\/shop\/ascensiunea-un-devotional-pe-un-an-pentru-adolescenti-si-tineri\/","name":"Ascensiunea - Un devotional pe un an pentru adolescenti si tineri - Societatea Biblic\u0103 din Moldova","isPartOf":{"@id":"https:\/\/biblia.md\/#website"},"primaryImageOfPage":{"@id":"https:\/\/biblia.md\/shop\/ascensiunea-un-devotional-pe-un-an-pentru-adolescenti-si-tineri\/#primaryimage"},"image":{"@id":"https:\/\/biblia.md\/shop\/ascensiunea-un-devotional-pe-un-an-pentru-adolescenti-si-tineri\/#primaryimage"},"thumbnailUrl":"https:\/\/biblia.md\/wp-content\/uploads\/2026\/01\/0000000692.jpg","datePublished":"2026-01-02T00:10:49+00:00","breadcrumb":{"@id":"https:\/\/biblia.md\/shop\/ascensiunea-un-devotional-pe-un-an-pentru-adolescenti-si-tineri\/#breadcrumb"},"inLanguage":"ru-RU","potentialAction":[{"@type":"ReadAction","target":["https:\/\/biblia.md\/shop\/ascensiunea-un-devotional-pe-un-an-pentru-adolescenti-si-tineri\/"]}]},{"@type":"ImageObject","inLanguage":"ru-RU","@id":"https:\/\/biblia.md\/shop\/ascensiunea-un-devotional-pe-un-an-pentru-adolescenti-si-tineri\/#primaryimage","url":"https:\/\/biblia.md\/wp-content\/uploads\/2026\/01\/0000000692.jpg","contentUrl":"https:\/\/biblia.md\/wp-content\/uploads\/2026\/01\/0000000692.jpg","width":1680,"height":2421},{"@type":"BreadcrumbList","@id":"https:\/\/biblia.md\/shop\/ascensiunea-un-devotional-pe-un-an-pentru-adolescenti-si-tineri\/#breadcrumb","itemListElement":[{"@type":"ListItem","position":1,"name":"Prima pagin\u0103","item":"https:\/\/biblia.md\/"},{"@type":"ListItem","position":2,"name":"Shop","item":"https:\/\/biblia.md\/shop\/"},{"@type":"ListItem","position":3,"name":"Ascensiunea &#8211; Un devotional pe un an pentru adolescenti si tineri"}]},{"@type":"WebSite","@id":"https:\/\/biblia.md\/#website","url":"https:\/\/biblia.md\/","name":"Societatea Biblic\u0103 din Moldova","description":"","publisher":{"@id":"https:\/\/biblia.md\/#organization"},"potentialAction":[{"@type":"SearchAction","target":{"@type":"EntryPoint","urlTemplate":"https:\/\/biblia.md\/?s={search_term_string}"},"query-input":{"@type":"PropertyValueSpecification","valueRequired":true,"valueName":"search_term_string"}}],"inLanguage":"ru-RU"},{"@type":"Organization","@id":"https:\/\/biblia.md\/#organization","name":"Societatea Biblic\u0103 din Moldova","url":"https:\/\/biblia.md\/","logo":{"@type":"ImageObject","inLanguage":"ru-RU","@id":"https:\/\/biblia.md\/#\/schema\/logo\/image\/","url":"https:\/\/biblia.md\/wp-content\/uploads\/2026\/01\/icon_site.jpg","contentUrl":"https:\/\/biblia.md\/wp-content\/uploads\/2026\/01\/icon_site.jpg","width":656,"height":656,"caption":"Societatea Biblic\u0103 din Moldova"},"image":{"@id":"https:\/\/biblia.md\/#\/schema\/logo\/image\/"},"sameAs":["https:\/\/www.facebook.com\/SocietateaBiblicaMoldova\/","https:\/\/www.instagram.com\/biblia.md\/"]}]}},"_links":{"self":[{"href":"https:\/\/biblia.md\/ru\/wp-json\/wp\/v2\/product\/30600","targetHints":{"allow":["GET"]}}],"collection":[{"href":"https:\/\/biblia.md\/ru\/wp-json\/wp\/v2\/product"}],"about":[{"href":"https:\/\/biblia.md\/ru\/wp-json\/wp\/v2\/types\/product"}],"replies":[{"embeddable":true,"href":"https:\/\/biblia.md\/ru\/wp-json\/wp\/v2\/comments?post=30600"}],"version-history":[{"count":1,"href":"https:\/\/biblia.md\/ru\/wp-json\/wp\/v2\/product\/30600\/revisions"}],"predecessor-version":[{"id":30602,"href":"https:\/\/biblia.md\/ru\/wp-json\/wp\/v2\/product\/30600\/revisions\/30602"}],"wp:featuredmedia":[{"embeddable":true,"href":"https:\/\/biblia.md\/ru\/wp-json\/wp\/v2\/media\/30601"}],"wp:attachment":[{"href":"https:\/\/biblia.md\/ru\/wp-json\/wp\/v2\/media?parent=30600"}],"wp:term":[{"taxonomy":"product_brand","embeddable":true,"href":"https:\/\/biblia.md\/ru\/wp-json\/wp\/v2\/product_brand?post=30600"},{"taxonomy":"product_cat","embeddable":true,"href":"https:\/\/biblia.md\/ru\/wp-json\/wp\/v2\/product_cat?post=30600"},{"taxonomy":"product_tag","embeddable":true,"href":"https:\/\/biblia.md\/ru\/wp-json\/wp\/v2\/product_tag?post=30600"}],"curies":[{"name":"wp","href":"https:\/\/api.w.org\/{rel}","templated":true}]}}