{"id":30629,"date":"2026-01-02T16:24:57","date_gmt":"2026-01-02T14:24:57","guid":{"rendered":"https:\/\/biblia.md\/?post_type=product&#038;p=30629"},"modified":"2026-01-02T16:24:57","modified_gmt":"2026-01-02T14:24:57","slug":"asemenea-lui-hristos","status":"publish","type":"product","link":"https:\/\/biblia.md\/ru\/shop\/asemenea-lui-hristos\/","title":{"rendered":"Asemenea lui Hristos"},"content":{"rendered":"","protected":false},"excerpt":{"rendered":"<p><em>&#8222;Cre\u015ftine, dac\u0103 \u00eentr-adev\u0103r vrei s\u0103 fii asemenea lui Hristos, fixeaz\u0103-\u0163i mintea asupra g\u00e2ndului c\u0103 aceasta este, cu siguran\u0163\u0103, voia lui Dumnezeu \u00een ceea ce te prive\u015fte. Nu uita c\u0103 \u00eentreaga r\u0103scump\u0103rare a fost planificat\u0103 \u00een vederea acestei transform\u0103ri.&#8221;<\/em><\/p>\n<p><em>&#8222;Au fost dou\u0103 lucruri pe care a trebuit s\u0103 le fac&#8221;, a scris Murray \u00een prefa\u0163a c\u0103r\u0163ii. &#8221; Primul a fost s\u0103 zugr\u0103vesc un astfel de portret al Fiului lui Dumnezeu, Cel care, ca s\u0103 ar\u0103t cum, \u00een realitatea vie\u0163ii Lui p\u0103m\u00e2nte\u015fti, avem un Model precis a ceea ce Tat\u0103l dore\u015fte ca noi s\u0103 fim&#8230;<\/em><\/p>\n<p><em>Apoi a trebuit s\u0103 schi\u0163ez un alt portret &#8211; cel al credinciosului care, \u00eentr-un g\u00e2nd oarecare de precizie spiritual\u0103, \u00cei reflect\u0103 imaginea \u015fi, \u00een mijlocul \u00eencerc\u0103rilor \u015fi al obliga\u0163iilor vie\u0163ii zilnice, dovede\u015fte c\u0103 asem\u0103narea cu Hristos nu este doar un ideal, ci, prin puterea Sf\u00e2ntului Duh, o foarte binecuv\u00e2ntat\u0103 realitate.&#8221;<\/em><\/p>\n<p><strong>Asemenea lui Hristos<\/strong>\u00a0este continuarea volumului\u00a0<strong>R\u0103m\u00e2ne\u0163i \u00een Hristos<\/strong>\u00a0\u015fi a fost scris\u0103 de Andrew Murray (1828-1917) din dorin\u0163a de a-i \u00eencuraja pe credincio\u015fi s\u0103 urm\u0103reasc\u0103 \u00eemplinirea planului ve\u015fnic al lui Dumnezeu, asem\u0103narea lor cu chipul Fiului S\u0103u.<\/p>","protected":false},"featured_media":30630,"comment_status":"open","ping_status":"closed","template":"","meta":[],"product_brand":[],"product_cat":[377,388],"product_tag":[],"class_list":{"0":"post-30629","1":"product","2":"type-product","3":"status-publish","4":"has-post-thumbnail","6":"product_cat-carti","7":"product_cat-viata-crestina","8":"product_author-andrew-murray","9":"product_genre-knigi-rom","11":"first","12":"instock","13":"shipping-taxable","14":"purchasable","15":"product-type-simple"},"yoast_head":"<!-- This site is optimized with the Yoast SEO plugin v27.3 - https:\/\/yoast.com\/product\/yoast-seo-wordpress\/ -->\n<title>Asemenea lui Hristos - Societatea Biblic\u0103 din Moldova<\/title>\n<meta name=\"robots\" content=\"index, follow, max-snippet:-1, max-image-preview:large, max-video-preview:-1\" \/>\n<link rel=\"canonical\" href=\"https:\/\/biblia.md\/ru\/shop\/asemenea-lui-hristos\/\" \/>\n<meta property=\"og:locale\" content=\"ru_RU\" \/>\n<meta property=\"og:type\" content=\"article\" \/>\n<meta property=\"og:title\" content=\"Asemenea lui Hristos - Societatea Biblic\u0103 din Moldova\" \/>\n<meta property=\"og:description\" content=\"&quot;Cre\u015ftine, dac\u0103 \u00eentr-adev\u0103r vrei s\u0103 fii asemenea lui Hristos, fixeaz\u0103-\u0163i mintea asupra g\u00e2ndului c\u0103 aceasta este, cu siguran\u0163\u0103, voia lui Dumnezeu \u00een ceea ce te prive\u015fte. Nu uita c\u0103 \u00eentreaga r\u0103scump\u0103rare a fost planificat\u0103 \u00een vederea acestei transform\u0103ri.&quot;  &quot;Au fost dou\u0103 lucruri pe care a trebuit s\u0103 le fac&quot;, a scris Murray \u00een prefa\u0163a c\u0103r\u0163ii. &quot; Primul a fost s\u0103 zugr\u0103vesc un astfel de portret al Fiului lui Dumnezeu, Cel care, ca s\u0103 ar\u0103t cum, \u00een realitatea vie\u0163ii Lui p\u0103m\u00e2nte\u015fti, avem un Model precis a ceea ce Tat\u0103l dore\u015fte ca noi s\u0103 fim...  Apoi a trebuit s\u0103 schi\u0163ez un alt portret - cel al credinciosului care, \u00eentr-un g\u00e2nd oarecare de precizie spiritual\u0103, \u00cei reflect\u0103 imaginea \u015fi, \u00een mijlocul \u00eencerc\u0103rilor \u015fi al obliga\u0163iilor vie\u0163ii zilnice, dovede\u015fte c\u0103 asem\u0103narea cu Hristos nu este doar un ideal, ci, prin puterea Sf\u00e2ntului Duh, o foarte binecuv\u00e2ntat\u0103 realitate.&quot;  Asemenea lui Hristos\u00a0este continuarea volumului\u00a0R\u0103m\u00e2ne\u0163i \u00een Hristos\u00a0\u015fi a fost scris\u0103 de Andrew Murray (1828-1917) din dorin\u0163a de a-i \u00eencuraja pe credincio\u015fi s\u0103 urm\u0103reasc\u0103 \u00eemplinirea planului ve\u015fnic al lui Dumnezeu, asem\u0103narea lor cu chipul Fiului S\u0103u.\" \/>\n<meta property=\"og:url\" content=\"https:\/\/biblia.md\/ru\/shop\/asemenea-lui-hristos\/\" \/>\n<meta property=\"og:site_name\" content=\"Societatea Biblic\u0103 din Moldova\" \/>\n<meta property=\"article:publisher\" content=\"https:\/\/www.facebook.com\/SocietateaBiblicaMoldova\/\" \/>\n<meta property=\"og:image\" content=\"https:\/\/biblia.md\/wp-content\/uploads\/2026\/01\/0000001858.jpg\" \/>\n\t<meta property=\"og:image:width\" content=\"600\" \/>\n\t<meta property=\"og:image:height\" content=\"900\" \/>\n\t<meta property=\"og:image:type\" content=\"image\/jpeg\" \/>\n<meta name=\"twitter:card\" content=\"summary_large_image\" \/>\n<script type=\"application\/ld+json\" class=\"yoast-schema-graph\">{\"@context\":\"https:\\\/\\\/schema.org\",\"@graph\":[{\"@type\":\"WebPage\",\"@id\":\"https:\\\/\\\/biblia.md\\\/shop\\\/asemenea-lui-hristos\\\/\",\"url\":\"https:\\\/\\\/biblia.md\\\/shop\\\/asemenea-lui-hristos\\\/\",\"name\":\"Asemenea lui Hristos - Societatea Biblic\u0103 din Moldova\",\"isPartOf\":{\"@id\":\"https:\\\/\\\/biblia.md\\\/#website\"},\"primaryImageOfPage\":{\"@id\":\"https:\\\/\\\/biblia.md\\\/shop\\\/asemenea-lui-hristos\\\/#primaryimage\"},\"image\":{\"@id\":\"https:\\\/\\\/biblia.md\\\/shop\\\/asemenea-lui-hristos\\\/#primaryimage\"},\"thumbnailUrl\":\"https:\\\/\\\/biblia.md\\\/wp-content\\\/uploads\\\/2026\\\/01\\\/0000001858.jpg\",\"datePublished\":\"2026-01-02T14:24:57+00:00\",\"breadcrumb\":{\"@id\":\"https:\\\/\\\/biblia.md\\\/shop\\\/asemenea-lui-hristos\\\/#breadcrumb\"},\"inLanguage\":\"ru-RU\",\"potentialAction\":[{\"@type\":\"ReadAction\",\"target\":[\"https:\\\/\\\/biblia.md\\\/shop\\\/asemenea-lui-hristos\\\/\"]}]},{\"@type\":\"ImageObject\",\"inLanguage\":\"ru-RU\",\"@id\":\"https:\\\/\\\/biblia.md\\\/shop\\\/asemenea-lui-hristos\\\/#primaryimage\",\"url\":\"https:\\\/\\\/biblia.md\\\/wp-content\\\/uploads\\\/2026\\\/01\\\/0000001858.jpg\",\"contentUrl\":\"https:\\\/\\\/biblia.md\\\/wp-content\\\/uploads\\\/2026\\\/01\\\/0000001858.jpg\",\"width\":600,\"height\":900},{\"@type\":\"BreadcrumbList\",\"@id\":\"https:\\\/\\\/biblia.md\\\/shop\\\/asemenea-lui-hristos\\\/#breadcrumb\",\"itemListElement\":[{\"@type\":\"ListItem\",\"position\":1,\"name\":\"Prima pagin\u0103\",\"item\":\"https:\\\/\\\/biblia.md\\\/\"},{\"@type\":\"ListItem\",\"position\":2,\"name\":\"Shop\",\"item\":\"https:\\\/\\\/biblia.md\\\/shop\\\/\"},{\"@type\":\"ListItem\",\"position\":3,\"name\":\"Asemenea lui Hristos\"}]},{\"@type\":\"WebSite\",\"@id\":\"https:\\\/\\\/biblia.md\\\/#website\",\"url\":\"https:\\\/\\\/biblia.md\\\/\",\"name\":\"Societatea Biblic\u0103 din Moldova\",\"description\":\"\",\"publisher\":{\"@id\":\"https:\\\/\\\/biblia.md\\\/#organization\"},\"potentialAction\":[{\"@type\":\"SearchAction\",\"target\":{\"@type\":\"EntryPoint\",\"urlTemplate\":\"https:\\\/\\\/biblia.md\\\/?s={search_term_string}\"},\"query-input\":{\"@type\":\"PropertyValueSpecification\",\"valueRequired\":true,\"valueName\":\"search_term_string\"}}],\"inLanguage\":\"ru-RU\"},{\"@type\":\"Organization\",\"@id\":\"https:\\\/\\\/biblia.md\\\/#organization\",\"name\":\"Societatea Biblic\u0103 din Moldova\",\"url\":\"https:\\\/\\\/biblia.md\\\/\",\"logo\":{\"@type\":\"ImageObject\",\"inLanguage\":\"ru-RU\",\"@id\":\"https:\\\/\\\/biblia.md\\\/#\\\/schema\\\/logo\\\/image\\\/\",\"url\":\"https:\\\/\\\/biblia.md\\\/wp-content\\\/uploads\\\/2026\\\/01\\\/icon_site.jpg\",\"contentUrl\":\"https:\\\/\\\/biblia.md\\\/wp-content\\\/uploads\\\/2026\\\/01\\\/icon_site.jpg\",\"width\":656,\"height\":656,\"caption\":\"Societatea Biblic\u0103 din Moldova\"},\"image\":{\"@id\":\"https:\\\/\\\/biblia.md\\\/#\\\/schema\\\/logo\\\/image\\\/\"},\"sameAs\":[\"https:\\\/\\\/www.facebook.com\\\/SocietateaBiblicaMoldova\\\/\",\"https:\\\/\\\/www.instagram.com\\\/biblia.md\\\/\"]}]}<\/script>\n<!-- \/ Yoast SEO plugin. -->","yoast_head_json":{"title":"Asemenea lui Hristos - Societatea Biblic\u0103 din Moldova","robots":{"index":"index","follow":"follow","max-snippet":"max-snippet:-1","max-image-preview":"max-image-preview:large","max-video-preview":"max-video-preview:-1"},"canonical":"https:\/\/biblia.md\/ru\/shop\/asemenea-lui-hristos\/","og_locale":"ru_RU","og_type":"article","og_title":"Asemenea lui Hristos - Societatea Biblic\u0103 din Moldova","og_description":"\"Cre\u015ftine, dac\u0103 \u00eentr-adev\u0103r vrei s\u0103 fii asemenea lui Hristos, fixeaz\u0103-\u0163i mintea asupra g\u00e2ndului c\u0103 aceasta este, cu siguran\u0163\u0103, voia lui Dumnezeu \u00een ceea ce te prive\u015fte. Nu uita c\u0103 \u00eentreaga r\u0103scump\u0103rare a fost planificat\u0103 \u00een vederea acestei transform\u0103ri.\"  \"Au fost dou\u0103 lucruri pe care a trebuit s\u0103 le fac\", a scris Murray \u00een prefa\u0163a c\u0103r\u0163ii. \" Primul a fost s\u0103 zugr\u0103vesc un astfel de portret al Fiului lui Dumnezeu, Cel care, ca s\u0103 ar\u0103t cum, \u00een realitatea vie\u0163ii Lui p\u0103m\u00e2nte\u015fti, avem un Model precis a ceea ce Tat\u0103l dore\u015fte ca noi s\u0103 fim...  Apoi a trebuit s\u0103 schi\u0163ez un alt portret - cel al credinciosului care, \u00eentr-un g\u00e2nd oarecare de precizie spiritual\u0103, \u00cei reflect\u0103 imaginea \u015fi, \u00een mijlocul \u00eencerc\u0103rilor \u015fi al obliga\u0163iilor vie\u0163ii zilnice, dovede\u015fte c\u0103 asem\u0103narea cu Hristos nu este doar un ideal, ci, prin puterea Sf\u00e2ntului Duh, o foarte binecuv\u00e2ntat\u0103 realitate.\"  Asemenea lui Hristos\u00a0este continuarea volumului\u00a0R\u0103m\u00e2ne\u0163i \u00een Hristos\u00a0\u015fi a fost scris\u0103 de Andrew Murray (1828-1917) din dorin\u0163a de a-i \u00eencuraja pe credincio\u015fi s\u0103 urm\u0103reasc\u0103 \u00eemplinirea planului ve\u015fnic al lui Dumnezeu, asem\u0103narea lor cu chipul Fiului S\u0103u.","og_url":"https:\/\/biblia.md\/ru\/shop\/asemenea-lui-hristos\/","og_site_name":"Societatea Biblic\u0103 din Moldova","article_publisher":"https:\/\/www.facebook.com\/SocietateaBiblicaMoldova\/","og_image":[{"width":600,"height":900,"url":"https:\/\/biblia.md\/wp-content\/uploads\/2026\/01\/0000001858.jpg","type":"image\/jpeg"}],"twitter_card":"summary_large_image","schema":{"@context":"https:\/\/schema.org","@graph":[{"@type":"WebPage","@id":"https:\/\/biblia.md\/shop\/asemenea-lui-hristos\/","url":"https:\/\/biblia.md\/shop\/asemenea-lui-hristos\/","name":"Asemenea lui Hristos - Societatea Biblic\u0103 din Moldova","isPartOf":{"@id":"https:\/\/biblia.md\/#website"},"primaryImageOfPage":{"@id":"https:\/\/biblia.md\/shop\/asemenea-lui-hristos\/#primaryimage"},"image":{"@id":"https:\/\/biblia.md\/shop\/asemenea-lui-hristos\/#primaryimage"},"thumbnailUrl":"https:\/\/biblia.md\/wp-content\/uploads\/2026\/01\/0000001858.jpg","datePublished":"2026-01-02T14:24:57+00:00","breadcrumb":{"@id":"https:\/\/biblia.md\/shop\/asemenea-lui-hristos\/#breadcrumb"},"inLanguage":"ru-RU","potentialAction":[{"@type":"ReadAction","target":["https:\/\/biblia.md\/shop\/asemenea-lui-hristos\/"]}]},{"@type":"ImageObject","inLanguage":"ru-RU","@id":"https:\/\/biblia.md\/shop\/asemenea-lui-hristos\/#primaryimage","url":"https:\/\/biblia.md\/wp-content\/uploads\/2026\/01\/0000001858.jpg","contentUrl":"https:\/\/biblia.md\/wp-content\/uploads\/2026\/01\/0000001858.jpg","width":600,"height":900},{"@type":"BreadcrumbList","@id":"https:\/\/biblia.md\/shop\/asemenea-lui-hristos\/#breadcrumb","itemListElement":[{"@type":"ListItem","position":1,"name":"Prima pagin\u0103","item":"https:\/\/biblia.md\/"},{"@type":"ListItem","position":2,"name":"Shop","item":"https:\/\/biblia.md\/shop\/"},{"@type":"ListItem","position":3,"name":"Asemenea lui Hristos"}]},{"@type":"WebSite","@id":"https:\/\/biblia.md\/#website","url":"https:\/\/biblia.md\/","name":"Societatea Biblic\u0103 din Moldova","description":"","publisher":{"@id":"https:\/\/biblia.md\/#organization"},"potentialAction":[{"@type":"SearchAction","target":{"@type":"EntryPoint","urlTemplate":"https:\/\/biblia.md\/?s={search_term_string}"},"query-input":{"@type":"PropertyValueSpecification","valueRequired":true,"valueName":"search_term_string"}}],"inLanguage":"ru-RU"},{"@type":"Organization","@id":"https:\/\/biblia.md\/#organization","name":"Societatea Biblic\u0103 din Moldova","url":"https:\/\/biblia.md\/","logo":{"@type":"ImageObject","inLanguage":"ru-RU","@id":"https:\/\/biblia.md\/#\/schema\/logo\/image\/","url":"https:\/\/biblia.md\/wp-content\/uploads\/2026\/01\/icon_site.jpg","contentUrl":"https:\/\/biblia.md\/wp-content\/uploads\/2026\/01\/icon_site.jpg","width":656,"height":656,"caption":"Societatea Biblic\u0103 din Moldova"},"image":{"@id":"https:\/\/biblia.md\/#\/schema\/logo\/image\/"},"sameAs":["https:\/\/www.facebook.com\/SocietateaBiblicaMoldova\/","https:\/\/www.instagram.com\/biblia.md\/"]}]}},"_links":{"self":[{"href":"https:\/\/biblia.md\/ru\/wp-json\/wp\/v2\/product\/30629","targetHints":{"allow":["GET"]}}],"collection":[{"href":"https:\/\/biblia.md\/ru\/wp-json\/wp\/v2\/product"}],"about":[{"href":"https:\/\/biblia.md\/ru\/wp-json\/wp\/v2\/types\/product"}],"replies":[{"embeddable":true,"href":"https:\/\/biblia.md\/ru\/wp-json\/wp\/v2\/comments?post=30629"}],"version-history":[{"count":1,"href":"https:\/\/biblia.md\/ru\/wp-json\/wp\/v2\/product\/30629\/revisions"}],"predecessor-version":[{"id":30631,"href":"https:\/\/biblia.md\/ru\/wp-json\/wp\/v2\/product\/30629\/revisions\/30631"}],"wp:featuredmedia":[{"embeddable":true,"href":"https:\/\/biblia.md\/ru\/wp-json\/wp\/v2\/media\/30630"}],"wp:attachment":[{"href":"https:\/\/biblia.md\/ru\/wp-json\/wp\/v2\/media?parent=30629"}],"wp:term":[{"taxonomy":"product_brand","embeddable":true,"href":"https:\/\/biblia.md\/ru\/wp-json\/wp\/v2\/product_brand?post=30629"},{"taxonomy":"product_cat","embeddable":true,"href":"https:\/\/biblia.md\/ru\/wp-json\/wp\/v2\/product_cat?post=30629"},{"taxonomy":"product_tag","embeddable":true,"href":"https:\/\/biblia.md\/ru\/wp-json\/wp\/v2\/product_tag?post=30629"}],"curies":[{"name":"wp","href":"https:\/\/api.w.org\/{rel}","templated":true}]}}