{"id":30657,"date":"2026-01-02T18:53:36","date_gmt":"2026-01-02T16:53:36","guid":{"rendered":"https:\/\/biblia.md\/?post_type=product&#038;p=30657"},"modified":"2026-01-02T18:53:36","modified_gmt":"2026-01-02T16:53:36","slug":"baiatul-care-s-a-intors-din-ceruri-despre-minuni-ingeri-si-viata-de-dincolo","status":"publish","type":"product","link":"https:\/\/biblia.md\/ru\/shop\/baiatul-care-s-a-intors-din-ceruri-despre-minuni-ingeri-si-viata-de-dincolo\/","title":{"rendered":"Baiatul care s-a \u00eentors din Ceruri. Despre minuni, \u00eengeri si viata de dincolo"},"content":{"rendered":"","protected":false},"excerpt":{"rendered":"<p>Un accident.<br \/>\nUn miracol.<br \/>\nSi o intalnire supranaturala care va va oferi o intelegere noua cu privire la Cer, ingeri si distingerea vocii lui Dumnezeu.<\/p>\n<p>In anul 2004, Kevin Malarkey si fiul sau de sase ani, Alex, au suferit un accident de masina deosebit de grav. Forta impactului l-a paralizat pe Alex si parea imposibil ca el sa supravietuiasca.<\/p>\n<p>\u201eCred ca Alex s-a dus sa fie cu Isus\u201d, i-a spus un prieten tatalui zdrobit de durere.<\/p>\n<p>Cand Alex s-a trezit din coma, doua luni mai tarziu, avea de impartasit o poveste incredibila. Despre evenimente petrecute la locul accidentului si apoi in spital, cate vreme fusese inconstient. Despre muzica nepamanteasca, ce suna pur si simplu teribil pentru urechile unui pusti de sase ani. Despre ingerii care l-au purtat pe brate chiar pe portile Cerului. Si, lucrul cel mai uimitor dintre toate&#8230; despre intalnirea si conversatia sa cu Isus.<\/p>\n<p>BAIATUL CARE S-A INTORS DIN CERURI este povestea adevarata a calatoriei cu totul extraordinare a unui baiat obisnuit. Pe masura ce veti vedea Cerul si pamantul prin ochii lui Alex, veti dobandi o intelegere noua a minunilor, a vietii de dincolo de lumea aceasta si a puterii dragostei unui tata.<\/p>","protected":false},"featured_media":30659,"comment_status":"open","ping_status":"closed","template":"","meta":[],"product_brand":[],"product_cat":[384,377],"product_tag":[],"class_list":{"0":"post-30657","1":"product","2":"type-product","3":"status-publish","4":"has-post-thumbnail","6":"product_cat-autobiografii-biografii-marturii","7":"product_cat-carti","8":"product_author-kevin-amp-alex-malarkey","9":"product_genre-knigi-rom","11":"first","12":"instock","13":"shipping-taxable","14":"purchasable","15":"product-type-simple"},"yoast_head":"<!-- This site is optimized with the Yoast SEO plugin v27.3 - https:\/\/yoast.com\/product\/yoast-seo-wordpress\/ -->\n<title>Baiatul care s-a \u00eentors din Ceruri. Despre minuni, \u00eengeri si viata de dincolo - Societatea Biblic\u0103 din Moldova<\/title>\n<meta name=\"robots\" content=\"index, follow, max-snippet:-1, max-image-preview:large, max-video-preview:-1\" \/>\n<link rel=\"canonical\" href=\"https:\/\/biblia.md\/ru\/shop\/baiatul-care-s-a-intors-din-ceruri-despre-minuni-ingeri-si-viata-de-dincolo\/\" \/>\n<meta property=\"og:locale\" content=\"ru_RU\" \/>\n<meta property=\"og:type\" content=\"article\" \/>\n<meta property=\"og:title\" content=\"Baiatul care s-a \u00eentors din Ceruri. Despre minuni, \u00eengeri si viata de dincolo - Societatea Biblic\u0103 din Moldova\" \/>\n<meta property=\"og:description\" content=\"Un accident. Un miracol. Si o intalnire supranaturala care va va oferi o intelegere noua cu privire la Cer, ingeri si distingerea vocii lui Dumnezeu.  In anul 2004, Kevin Malarkey si fiul sau de sase ani, Alex, au suferit un accident de masina deosebit de grav. Forta impactului l-a paralizat pe Alex si parea imposibil ca el sa supravietuiasca.  \u201eCred ca Alex s-a dus sa fie cu Isus\u201d, i-a spus un prieten tatalui zdrobit de durere.  Cand Alex s-a trezit din coma, doua luni mai tarziu, avea de impartasit o poveste incredibila. Despre evenimente petrecute la locul accidentului si apoi in spital, cate vreme fusese inconstient. Despre muzica nepamanteasca, ce suna pur si simplu teribil pentru urechile unui pusti de sase ani. Despre ingerii care l-au purtat pe brate chiar pe portile Cerului. Si, lucrul cel mai uimitor dintre toate... despre intalnirea si conversatia sa cu Isus.  BAIATUL CARE S-A INTORS DIN CERURI este povestea adevarata a calatoriei cu totul extraordinare a unui baiat obisnuit. Pe masura ce veti vedea Cerul si pamantul prin ochii lui Alex, veti dobandi o intelegere noua a minunilor, a vietii de dincolo de lumea aceasta si a puterii dragostei unui tata.\" \/>\n<meta property=\"og:url\" content=\"https:\/\/biblia.md\/ru\/shop\/baiatul-care-s-a-intors-din-ceruri-despre-minuni-ingeri-si-viata-de-dincolo\/\" \/>\n<meta property=\"og:site_name\" content=\"Societatea Biblic\u0103 din Moldova\" \/>\n<meta property=\"article:publisher\" content=\"https:\/\/www.facebook.com\/SocietateaBiblicaMoldova\/\" \/>\n<meta property=\"og:image\" content=\"https:\/\/biblia.md\/wp-content\/uploads\/2026\/01\/0000000173.jpg\" \/>\n\t<meta property=\"og:image:width\" content=\"866\" \/>\n\t<meta property=\"og:image:height\" content=\"1210\" \/>\n\t<meta property=\"og:image:type\" content=\"image\/jpeg\" \/>\n<meta name=\"twitter:card\" content=\"summary_large_image\" \/>\n<script type=\"application\/ld+json\" class=\"yoast-schema-graph\">{\"@context\":\"https:\\\/\\\/schema.org\",\"@graph\":[{\"@type\":\"WebPage\",\"@id\":\"https:\\\/\\\/biblia.md\\\/shop\\\/baiatul-care-s-a-intors-din-ceruri-despre-minuni-ingeri-si-viata-de-dincolo\\\/\",\"url\":\"https:\\\/\\\/biblia.md\\\/shop\\\/baiatul-care-s-a-intors-din-ceruri-despre-minuni-ingeri-si-viata-de-dincolo\\\/\",\"name\":\"Baiatul care s-a \u00eentors din Ceruri. Despre minuni, \u00eengeri si viata de dincolo - Societatea Biblic\u0103 din Moldova\",\"isPartOf\":{\"@id\":\"https:\\\/\\\/biblia.md\\\/#website\"},\"primaryImageOfPage\":{\"@id\":\"https:\\\/\\\/biblia.md\\\/shop\\\/baiatul-care-s-a-intors-din-ceruri-despre-minuni-ingeri-si-viata-de-dincolo\\\/#primaryimage\"},\"image\":{\"@id\":\"https:\\\/\\\/biblia.md\\\/shop\\\/baiatul-care-s-a-intors-din-ceruri-despre-minuni-ingeri-si-viata-de-dincolo\\\/#primaryimage\"},\"thumbnailUrl\":\"https:\\\/\\\/biblia.md\\\/wp-content\\\/uploads\\\/2026\\\/01\\\/0000000173.jpg\",\"datePublished\":\"2026-01-02T16:53:36+00:00\",\"breadcrumb\":{\"@id\":\"https:\\\/\\\/biblia.md\\\/shop\\\/baiatul-care-s-a-intors-din-ceruri-despre-minuni-ingeri-si-viata-de-dincolo\\\/#breadcrumb\"},\"inLanguage\":\"ru-RU\",\"potentialAction\":[{\"@type\":\"ReadAction\",\"target\":[\"https:\\\/\\\/biblia.md\\\/shop\\\/baiatul-care-s-a-intors-din-ceruri-despre-minuni-ingeri-si-viata-de-dincolo\\\/\"]}]},{\"@type\":\"ImageObject\",\"inLanguage\":\"ru-RU\",\"@id\":\"https:\\\/\\\/biblia.md\\\/shop\\\/baiatul-care-s-a-intors-din-ceruri-despre-minuni-ingeri-si-viata-de-dincolo\\\/#primaryimage\",\"url\":\"https:\\\/\\\/biblia.md\\\/wp-content\\\/uploads\\\/2026\\\/01\\\/0000000173.jpg\",\"contentUrl\":\"https:\\\/\\\/biblia.md\\\/wp-content\\\/uploads\\\/2026\\\/01\\\/0000000173.jpg\",\"width\":866,\"height\":1210},{\"@type\":\"BreadcrumbList\",\"@id\":\"https:\\\/\\\/biblia.md\\\/shop\\\/baiatul-care-s-a-intors-din-ceruri-despre-minuni-ingeri-si-viata-de-dincolo\\\/#breadcrumb\",\"itemListElement\":[{\"@type\":\"ListItem\",\"position\":1,\"name\":\"Prima pagin\u0103\",\"item\":\"https:\\\/\\\/biblia.md\\\/\"},{\"@type\":\"ListItem\",\"position\":2,\"name\":\"Shop\",\"item\":\"https:\\\/\\\/biblia.md\\\/shop\\\/\"},{\"@type\":\"ListItem\",\"position\":3,\"name\":\"Baiatul care s-a \u00eentors din Ceruri. Despre minuni, \u00eengeri si viata de dincolo\"}]},{\"@type\":\"WebSite\",\"@id\":\"https:\\\/\\\/biblia.md\\\/#website\",\"url\":\"https:\\\/\\\/biblia.md\\\/\",\"name\":\"Societatea Biblic\u0103 din Moldova\",\"description\":\"\",\"publisher\":{\"@id\":\"https:\\\/\\\/biblia.md\\\/#organization\"},\"potentialAction\":[{\"@type\":\"SearchAction\",\"target\":{\"@type\":\"EntryPoint\",\"urlTemplate\":\"https:\\\/\\\/biblia.md\\\/?s={search_term_string}\"},\"query-input\":{\"@type\":\"PropertyValueSpecification\",\"valueRequired\":true,\"valueName\":\"search_term_string\"}}],\"inLanguage\":\"ru-RU\"},{\"@type\":\"Organization\",\"@id\":\"https:\\\/\\\/biblia.md\\\/#organization\",\"name\":\"Societatea Biblic\u0103 din Moldova\",\"url\":\"https:\\\/\\\/biblia.md\\\/\",\"logo\":{\"@type\":\"ImageObject\",\"inLanguage\":\"ru-RU\",\"@id\":\"https:\\\/\\\/biblia.md\\\/#\\\/schema\\\/logo\\\/image\\\/\",\"url\":\"https:\\\/\\\/biblia.md\\\/wp-content\\\/uploads\\\/2026\\\/01\\\/icon_site.jpg\",\"contentUrl\":\"https:\\\/\\\/biblia.md\\\/wp-content\\\/uploads\\\/2026\\\/01\\\/icon_site.jpg\",\"width\":656,\"height\":656,\"caption\":\"Societatea Biblic\u0103 din Moldova\"},\"image\":{\"@id\":\"https:\\\/\\\/biblia.md\\\/#\\\/schema\\\/logo\\\/image\\\/\"},\"sameAs\":[\"https:\\\/\\\/www.facebook.com\\\/SocietateaBiblicaMoldova\\\/\",\"https:\\\/\\\/www.instagram.com\\\/biblia.md\\\/\"]}]}<\/script>\n<!-- \/ Yoast SEO plugin. -->","yoast_head_json":{"title":"Baiatul care s-a \u00eentors din Ceruri. Despre minuni, \u00eengeri si viata de dincolo - Societatea Biblic\u0103 din Moldova","robots":{"index":"index","follow":"follow","max-snippet":"max-snippet:-1","max-image-preview":"max-image-preview:large","max-video-preview":"max-video-preview:-1"},"canonical":"https:\/\/biblia.md\/ru\/shop\/baiatul-care-s-a-intors-din-ceruri-despre-minuni-ingeri-si-viata-de-dincolo\/","og_locale":"ru_RU","og_type":"article","og_title":"Baiatul care s-a \u00eentors din Ceruri. Despre minuni, \u00eengeri si viata de dincolo - Societatea Biblic\u0103 din Moldova","og_description":"Un accident. Un miracol. Si o intalnire supranaturala care va va oferi o intelegere noua cu privire la Cer, ingeri si distingerea vocii lui Dumnezeu.  In anul 2004, Kevin Malarkey si fiul sau de sase ani, Alex, au suferit un accident de masina deosebit de grav. Forta impactului l-a paralizat pe Alex si parea imposibil ca el sa supravietuiasca.  \u201eCred ca Alex s-a dus sa fie cu Isus\u201d, i-a spus un prieten tatalui zdrobit de durere.  Cand Alex s-a trezit din coma, doua luni mai tarziu, avea de impartasit o poveste incredibila. Despre evenimente petrecute la locul accidentului si apoi in spital, cate vreme fusese inconstient. Despre muzica nepamanteasca, ce suna pur si simplu teribil pentru urechile unui pusti de sase ani. Despre ingerii care l-au purtat pe brate chiar pe portile Cerului. Si, lucrul cel mai uimitor dintre toate... despre intalnirea si conversatia sa cu Isus.  BAIATUL CARE S-A INTORS DIN CERURI este povestea adevarata a calatoriei cu totul extraordinare a unui baiat obisnuit. Pe masura ce veti vedea Cerul si pamantul prin ochii lui Alex, veti dobandi o intelegere noua a minunilor, a vietii de dincolo de lumea aceasta si a puterii dragostei unui tata.","og_url":"https:\/\/biblia.md\/ru\/shop\/baiatul-care-s-a-intors-din-ceruri-despre-minuni-ingeri-si-viata-de-dincolo\/","og_site_name":"Societatea Biblic\u0103 din Moldova","article_publisher":"https:\/\/www.facebook.com\/SocietateaBiblicaMoldova\/","og_image":[{"width":866,"height":1210,"url":"https:\/\/biblia.md\/wp-content\/uploads\/2026\/01\/0000000173.jpg","type":"image\/jpeg"}],"twitter_card":"summary_large_image","schema":{"@context":"https:\/\/schema.org","@graph":[{"@type":"WebPage","@id":"https:\/\/biblia.md\/shop\/baiatul-care-s-a-intors-din-ceruri-despre-minuni-ingeri-si-viata-de-dincolo\/","url":"https:\/\/biblia.md\/shop\/baiatul-care-s-a-intors-din-ceruri-despre-minuni-ingeri-si-viata-de-dincolo\/","name":"Baiatul care s-a \u00eentors din Ceruri. Despre minuni, \u00eengeri si viata de dincolo - Societatea Biblic\u0103 din Moldova","isPartOf":{"@id":"https:\/\/biblia.md\/#website"},"primaryImageOfPage":{"@id":"https:\/\/biblia.md\/shop\/baiatul-care-s-a-intors-din-ceruri-despre-minuni-ingeri-si-viata-de-dincolo\/#primaryimage"},"image":{"@id":"https:\/\/biblia.md\/shop\/baiatul-care-s-a-intors-din-ceruri-despre-minuni-ingeri-si-viata-de-dincolo\/#primaryimage"},"thumbnailUrl":"https:\/\/biblia.md\/wp-content\/uploads\/2026\/01\/0000000173.jpg","datePublished":"2026-01-02T16:53:36+00:00","breadcrumb":{"@id":"https:\/\/biblia.md\/shop\/baiatul-care-s-a-intors-din-ceruri-despre-minuni-ingeri-si-viata-de-dincolo\/#breadcrumb"},"inLanguage":"ru-RU","potentialAction":[{"@type":"ReadAction","target":["https:\/\/biblia.md\/shop\/baiatul-care-s-a-intors-din-ceruri-despre-minuni-ingeri-si-viata-de-dincolo\/"]}]},{"@type":"ImageObject","inLanguage":"ru-RU","@id":"https:\/\/biblia.md\/shop\/baiatul-care-s-a-intors-din-ceruri-despre-minuni-ingeri-si-viata-de-dincolo\/#primaryimage","url":"https:\/\/biblia.md\/wp-content\/uploads\/2026\/01\/0000000173.jpg","contentUrl":"https:\/\/biblia.md\/wp-content\/uploads\/2026\/01\/0000000173.jpg","width":866,"height":1210},{"@type":"BreadcrumbList","@id":"https:\/\/biblia.md\/shop\/baiatul-care-s-a-intors-din-ceruri-despre-minuni-ingeri-si-viata-de-dincolo\/#breadcrumb","itemListElement":[{"@type":"ListItem","position":1,"name":"Prima pagin\u0103","item":"https:\/\/biblia.md\/"},{"@type":"ListItem","position":2,"name":"Shop","item":"https:\/\/biblia.md\/shop\/"},{"@type":"ListItem","position":3,"name":"Baiatul care s-a \u00eentors din Ceruri. Despre minuni, \u00eengeri si viata de dincolo"}]},{"@type":"WebSite","@id":"https:\/\/biblia.md\/#website","url":"https:\/\/biblia.md\/","name":"Societatea Biblic\u0103 din Moldova","description":"","publisher":{"@id":"https:\/\/biblia.md\/#organization"},"potentialAction":[{"@type":"SearchAction","target":{"@type":"EntryPoint","urlTemplate":"https:\/\/biblia.md\/?s={search_term_string}"},"query-input":{"@type":"PropertyValueSpecification","valueRequired":true,"valueName":"search_term_string"}}],"inLanguage":"ru-RU"},{"@type":"Organization","@id":"https:\/\/biblia.md\/#organization","name":"Societatea Biblic\u0103 din Moldova","url":"https:\/\/biblia.md\/","logo":{"@type":"ImageObject","inLanguage":"ru-RU","@id":"https:\/\/biblia.md\/#\/schema\/logo\/image\/","url":"https:\/\/biblia.md\/wp-content\/uploads\/2026\/01\/icon_site.jpg","contentUrl":"https:\/\/biblia.md\/wp-content\/uploads\/2026\/01\/icon_site.jpg","width":656,"height":656,"caption":"Societatea Biblic\u0103 din Moldova"},"image":{"@id":"https:\/\/biblia.md\/#\/schema\/logo\/image\/"},"sameAs":["https:\/\/www.facebook.com\/SocietateaBiblicaMoldova\/","https:\/\/www.instagram.com\/biblia.md\/"]}]}},"_links":{"self":[{"href":"https:\/\/biblia.md\/ru\/wp-json\/wp\/v2\/product\/30657","targetHints":{"allow":["GET"]}}],"collection":[{"href":"https:\/\/biblia.md\/ru\/wp-json\/wp\/v2\/product"}],"about":[{"href":"https:\/\/biblia.md\/ru\/wp-json\/wp\/v2\/types\/product"}],"replies":[{"embeddable":true,"href":"https:\/\/biblia.md\/ru\/wp-json\/wp\/v2\/comments?post=30657"}],"version-history":[{"count":1,"href":"https:\/\/biblia.md\/ru\/wp-json\/wp\/v2\/product\/30657\/revisions"}],"predecessor-version":[{"id":30660,"href":"https:\/\/biblia.md\/ru\/wp-json\/wp\/v2\/product\/30657\/revisions\/30660"}],"wp:featuredmedia":[{"embeddable":true,"href":"https:\/\/biblia.md\/ru\/wp-json\/wp\/v2\/media\/30659"}],"wp:attachment":[{"href":"https:\/\/biblia.md\/ru\/wp-json\/wp\/v2\/media?parent=30657"}],"wp:term":[{"taxonomy":"product_brand","embeddable":true,"href":"https:\/\/biblia.md\/ru\/wp-json\/wp\/v2\/product_brand?post=30657"},{"taxonomy":"product_cat","embeddable":true,"href":"https:\/\/biblia.md\/ru\/wp-json\/wp\/v2\/product_cat?post=30657"},{"taxonomy":"product_tag","embeddable":true,"href":"https:\/\/biblia.md\/ru\/wp-json\/wp\/v2\/product_tag?post=30657"}],"curies":[{"name":"wp","href":"https:\/\/api.w.org\/{rel}","templated":true}]}}