{"id":30679,"date":"2026-01-02T20:17:51","date_gmt":"2026-01-02T18:17:51","guid":{"rendered":"https:\/\/biblia.md\/?post_type=product&#038;p=30679"},"modified":"2026-01-02T20:17:51","modified_gmt":"2026-01-02T18:17:51","slug":"baptistii-si-marea-unire-din-1918-adevaruri-si-fapte","status":"publish","type":"product","link":"https:\/\/biblia.md\/ru\/shop\/baptistii-si-marea-unire-din-1918-adevaruri-si-fapte\/","title":{"rendered":"Baptistii si Marea Unire din 1918 &#8211; Adevaruri si fapte"},"content":{"rendered":"","protected":false},"excerpt":{"rendered":"<p class=\"yiv7976723368ydpd993c866msonormal\">Nu sunt istoric. Nu este domeniul meu forte. Am parcurs materialul din respect pentru cei care l-au adunat \u015fi din curiozitate. Nu mi-am irosit timpul. Documentele prezentate, f\u0103r\u0103 a se fi intervenit asupra lor, sunt utile fiec\u0103rui baptist \u015fi fiec\u0103rei persoane care dore\u015fte s\u0103 \u015ftie cine au fost bapti\u015ftii. Am aflat cu bucurie c\u0103 fra\u0163ii no\u015ftri au fost famili\u015fti convin\u015fi, cet\u0103\u0163eni harnici, r\u0103bd\u0103tori, oameni loiali \u0163\u0103rii \u015fi loiali Domnului Isus Cristos. Chiar dac\u0103 au \u00eenceput \u00een num\u0103r mic \u015fi dispersa\u0163i, chiar dac\u0103 persecu\u0163ia a fost puternic\u0103 \u015fi de durat\u0103, liderii bapti\u015ftilor au f\u0103cut tot ce a \u0163inut de ei s\u0103 aib\u0103 loc unirea \u0163\u0103rii, unirea fra\u0163ilor \u015fi recunoa\u015fterea bapti\u015ftilor ca un cult recunoscut. Lecturarea materialului \u00eel va ajuta pe fiecare cititor s\u0103 priveasc\u0103 trecutul cu mai mult respect \u015fi s\u0103 trateze prezentul \u015fi libert\u0103\u0163ile religioase cu mult mai mult\u0103 responsabilitate.<\/p>\n<p class=\"yiv7976723368ydpd993c866msonormal\"><em>P\u0103stor Viorel Iuga -Pre\u0219edintele Uniunii Cre\u0219tine Baptiste din Rom\u00e2nia<\/em><\/p>","protected":false},"featured_media":30680,"comment_status":"open","ping_status":"closed","template":"","meta":[],"product_brand":[],"product_cat":[377,389],"product_tag":[],"class_list":{"0":"post-30679","1":"product","2":"type-product","3":"status-publish","4":"has-post-thumbnail","6":"product_cat-carti","7":"product_cat-istoria-crestinismului","8":"product_author-vasile-bel-amp-daniel-stoica","9":"product_genre-knigi-rom","11":"first","12":"instock","13":"shipping-taxable","14":"purchasable","15":"product-type-simple"},"yoast_head":"<!-- This site is optimized with the Yoast SEO plugin v27.3 - https:\/\/yoast.com\/product\/yoast-seo-wordpress\/ -->\n<title>Baptistii si Marea Unire din 1918 - Adevaruri si fapte - Societatea Biblic\u0103 din Moldova<\/title>\n<meta name=\"robots\" content=\"index, follow, max-snippet:-1, max-image-preview:large, max-video-preview:-1\" \/>\n<link rel=\"canonical\" href=\"https:\/\/biblia.md\/ru\/shop\/baptistii-si-marea-unire-din-1918-adevaruri-si-fapte\/\" \/>\n<meta property=\"og:locale\" content=\"ru_RU\" \/>\n<meta property=\"og:type\" content=\"article\" \/>\n<meta property=\"og:title\" content=\"Baptistii si Marea Unire din 1918 - Adevaruri si fapte - Societatea Biblic\u0103 din Moldova\" \/>\n<meta property=\"og:description\" content=\"Nu sunt istoric. Nu este domeniul meu forte. Am parcurs materialul din respect pentru cei care l-au adunat \u015fi din curiozitate. Nu mi-am irosit timpul. Documentele prezentate, f\u0103r\u0103 a se fi intervenit asupra lor, sunt utile fiec\u0103rui baptist \u015fi fiec\u0103rei persoane care dore\u015fte s\u0103 \u015ftie cine au fost bapti\u015ftii. Am aflat cu bucurie c\u0103 fra\u0163ii no\u015ftri au fost famili\u015fti convin\u015fi, cet\u0103\u0163eni harnici, r\u0103bd\u0103tori, oameni loiali \u0163\u0103rii \u015fi loiali Domnului Isus Cristos. Chiar dac\u0103 au \u00eenceput \u00een num\u0103r mic \u015fi dispersa\u0163i, chiar dac\u0103 persecu\u0163ia a fost puternic\u0103 \u015fi de durat\u0103, liderii bapti\u015ftilor au f\u0103cut tot ce a \u0163inut de ei s\u0103 aib\u0103 loc unirea \u0163\u0103rii, unirea fra\u0163ilor \u015fi recunoa\u015fterea bapti\u015ftilor ca un cult recunoscut. Lecturarea materialului \u00eel va ajuta pe fiecare cititor s\u0103 priveasc\u0103 trecutul cu mai mult respect \u015fi s\u0103 trateze prezentul \u015fi libert\u0103\u0163ile religioase cu mult mai mult\u0103 responsabilitate. P\u0103stor Viorel Iuga -Pre\u0219edintele Uniunii Cre\u0219tine Baptiste din Rom\u00e2nia\" \/>\n<meta property=\"og:url\" content=\"https:\/\/biblia.md\/ru\/shop\/baptistii-si-marea-unire-din-1918-adevaruri-si-fapte\/\" \/>\n<meta property=\"og:site_name\" content=\"Societatea Biblic\u0103 din Moldova\" \/>\n<meta property=\"article:publisher\" content=\"https:\/\/www.facebook.com\/SocietateaBiblicaMoldova\/\" \/>\n<meta property=\"og:image\" content=\"https:\/\/biblia.md\/wp-content\/uploads\/2026\/01\/0000001140.jpg\" \/>\n\t<meta property=\"og:image:width\" content=\"500\" \/>\n\t<meta property=\"og:image:height\" content=\"620\" \/>\n\t<meta property=\"og:image:type\" content=\"image\/jpeg\" \/>\n<meta name=\"twitter:card\" content=\"summary_large_image\" \/>\n<script type=\"application\/ld+json\" class=\"yoast-schema-graph\">{\"@context\":\"https:\\\/\\\/schema.org\",\"@graph\":[{\"@type\":\"WebPage\",\"@id\":\"https:\\\/\\\/biblia.md\\\/shop\\\/baptistii-si-marea-unire-din-1918-adevaruri-si-fapte\\\/\",\"url\":\"https:\\\/\\\/biblia.md\\\/shop\\\/baptistii-si-marea-unire-din-1918-adevaruri-si-fapte\\\/\",\"name\":\"Baptistii si Marea Unire din 1918 - Adevaruri si fapte - Societatea Biblic\u0103 din Moldova\",\"isPartOf\":{\"@id\":\"https:\\\/\\\/biblia.md\\\/#website\"},\"primaryImageOfPage\":{\"@id\":\"https:\\\/\\\/biblia.md\\\/shop\\\/baptistii-si-marea-unire-din-1918-adevaruri-si-fapte\\\/#primaryimage\"},\"image\":{\"@id\":\"https:\\\/\\\/biblia.md\\\/shop\\\/baptistii-si-marea-unire-din-1918-adevaruri-si-fapte\\\/#primaryimage\"},\"thumbnailUrl\":\"https:\\\/\\\/biblia.md\\\/wp-content\\\/uploads\\\/2026\\\/01\\\/0000001140.jpg\",\"datePublished\":\"2026-01-02T18:17:51+00:00\",\"breadcrumb\":{\"@id\":\"https:\\\/\\\/biblia.md\\\/shop\\\/baptistii-si-marea-unire-din-1918-adevaruri-si-fapte\\\/#breadcrumb\"},\"inLanguage\":\"ru-RU\",\"potentialAction\":[{\"@type\":\"ReadAction\",\"target\":[\"https:\\\/\\\/biblia.md\\\/shop\\\/baptistii-si-marea-unire-din-1918-adevaruri-si-fapte\\\/\"]}]},{\"@type\":\"ImageObject\",\"inLanguage\":\"ru-RU\",\"@id\":\"https:\\\/\\\/biblia.md\\\/shop\\\/baptistii-si-marea-unire-din-1918-adevaruri-si-fapte\\\/#primaryimage\",\"url\":\"https:\\\/\\\/biblia.md\\\/wp-content\\\/uploads\\\/2026\\\/01\\\/0000001140.jpg\",\"contentUrl\":\"https:\\\/\\\/biblia.md\\\/wp-content\\\/uploads\\\/2026\\\/01\\\/0000001140.jpg\",\"width\":500,\"height\":620},{\"@type\":\"BreadcrumbList\",\"@id\":\"https:\\\/\\\/biblia.md\\\/shop\\\/baptistii-si-marea-unire-din-1918-adevaruri-si-fapte\\\/#breadcrumb\",\"itemListElement\":[{\"@type\":\"ListItem\",\"position\":1,\"name\":\"Prima pagin\u0103\",\"item\":\"https:\\\/\\\/biblia.md\\\/\"},{\"@type\":\"ListItem\",\"position\":2,\"name\":\"Shop\",\"item\":\"https:\\\/\\\/biblia.md\\\/shop\\\/\"},{\"@type\":\"ListItem\",\"position\":3,\"name\":\"Baptistii si Marea Unire din 1918 &#8211; Adevaruri si fapte\"}]},{\"@type\":\"WebSite\",\"@id\":\"https:\\\/\\\/biblia.md\\\/#website\",\"url\":\"https:\\\/\\\/biblia.md\\\/\",\"name\":\"Societatea Biblic\u0103 din Moldova\",\"description\":\"\",\"publisher\":{\"@id\":\"https:\\\/\\\/biblia.md\\\/#organization\"},\"potentialAction\":[{\"@type\":\"SearchAction\",\"target\":{\"@type\":\"EntryPoint\",\"urlTemplate\":\"https:\\\/\\\/biblia.md\\\/?s={search_term_string}\"},\"query-input\":{\"@type\":\"PropertyValueSpecification\",\"valueRequired\":true,\"valueName\":\"search_term_string\"}}],\"inLanguage\":\"ru-RU\"},{\"@type\":\"Organization\",\"@id\":\"https:\\\/\\\/biblia.md\\\/#organization\",\"name\":\"Societatea Biblic\u0103 din Moldova\",\"url\":\"https:\\\/\\\/biblia.md\\\/\",\"logo\":{\"@type\":\"ImageObject\",\"inLanguage\":\"ru-RU\",\"@id\":\"https:\\\/\\\/biblia.md\\\/#\\\/schema\\\/logo\\\/image\\\/\",\"url\":\"https:\\\/\\\/biblia.md\\\/wp-content\\\/uploads\\\/2026\\\/01\\\/icon_site.jpg\",\"contentUrl\":\"https:\\\/\\\/biblia.md\\\/wp-content\\\/uploads\\\/2026\\\/01\\\/icon_site.jpg\",\"width\":656,\"height\":656,\"caption\":\"Societatea Biblic\u0103 din Moldova\"},\"image\":{\"@id\":\"https:\\\/\\\/biblia.md\\\/#\\\/schema\\\/logo\\\/image\\\/\"},\"sameAs\":[\"https:\\\/\\\/www.facebook.com\\\/SocietateaBiblicaMoldova\\\/\",\"https:\\\/\\\/www.instagram.com\\\/biblia.md\\\/\"]}]}<\/script>\n<!-- \/ Yoast SEO plugin. -->","yoast_head_json":{"title":"Baptistii si Marea Unire din 1918 - Adevaruri si fapte - Societatea Biblic\u0103 din Moldova","robots":{"index":"index","follow":"follow","max-snippet":"max-snippet:-1","max-image-preview":"max-image-preview:large","max-video-preview":"max-video-preview:-1"},"canonical":"https:\/\/biblia.md\/ru\/shop\/baptistii-si-marea-unire-din-1918-adevaruri-si-fapte\/","og_locale":"ru_RU","og_type":"article","og_title":"Baptistii si Marea Unire din 1918 - Adevaruri si fapte - Societatea Biblic\u0103 din Moldova","og_description":"Nu sunt istoric. Nu este domeniul meu forte. Am parcurs materialul din respect pentru cei care l-au adunat \u015fi din curiozitate. Nu mi-am irosit timpul. Documentele prezentate, f\u0103r\u0103 a se fi intervenit asupra lor, sunt utile fiec\u0103rui baptist \u015fi fiec\u0103rei persoane care dore\u015fte s\u0103 \u015ftie cine au fost bapti\u015ftii. Am aflat cu bucurie c\u0103 fra\u0163ii no\u015ftri au fost famili\u015fti convin\u015fi, cet\u0103\u0163eni harnici, r\u0103bd\u0103tori, oameni loiali \u0163\u0103rii \u015fi loiali Domnului Isus Cristos. Chiar dac\u0103 au \u00eenceput \u00een num\u0103r mic \u015fi dispersa\u0163i, chiar dac\u0103 persecu\u0163ia a fost puternic\u0103 \u015fi de durat\u0103, liderii bapti\u015ftilor au f\u0103cut tot ce a \u0163inut de ei s\u0103 aib\u0103 loc unirea \u0163\u0103rii, unirea fra\u0163ilor \u015fi recunoa\u015fterea bapti\u015ftilor ca un cult recunoscut. Lecturarea materialului \u00eel va ajuta pe fiecare cititor s\u0103 priveasc\u0103 trecutul cu mai mult respect \u015fi s\u0103 trateze prezentul \u015fi libert\u0103\u0163ile religioase cu mult mai mult\u0103 responsabilitate. P\u0103stor Viorel Iuga -Pre\u0219edintele Uniunii Cre\u0219tine Baptiste din Rom\u00e2nia","og_url":"https:\/\/biblia.md\/ru\/shop\/baptistii-si-marea-unire-din-1918-adevaruri-si-fapte\/","og_site_name":"Societatea Biblic\u0103 din Moldova","article_publisher":"https:\/\/www.facebook.com\/SocietateaBiblicaMoldova\/","og_image":[{"width":500,"height":620,"url":"https:\/\/biblia.md\/wp-content\/uploads\/2026\/01\/0000001140.jpg","type":"image\/jpeg"}],"twitter_card":"summary_large_image","schema":{"@context":"https:\/\/schema.org","@graph":[{"@type":"WebPage","@id":"https:\/\/biblia.md\/shop\/baptistii-si-marea-unire-din-1918-adevaruri-si-fapte\/","url":"https:\/\/biblia.md\/shop\/baptistii-si-marea-unire-din-1918-adevaruri-si-fapte\/","name":"Baptistii si Marea Unire din 1918 - Adevaruri si fapte - Societatea Biblic\u0103 din Moldova","isPartOf":{"@id":"https:\/\/biblia.md\/#website"},"primaryImageOfPage":{"@id":"https:\/\/biblia.md\/shop\/baptistii-si-marea-unire-din-1918-adevaruri-si-fapte\/#primaryimage"},"image":{"@id":"https:\/\/biblia.md\/shop\/baptistii-si-marea-unire-din-1918-adevaruri-si-fapte\/#primaryimage"},"thumbnailUrl":"https:\/\/biblia.md\/wp-content\/uploads\/2026\/01\/0000001140.jpg","datePublished":"2026-01-02T18:17:51+00:00","breadcrumb":{"@id":"https:\/\/biblia.md\/shop\/baptistii-si-marea-unire-din-1918-adevaruri-si-fapte\/#breadcrumb"},"inLanguage":"ru-RU","potentialAction":[{"@type":"ReadAction","target":["https:\/\/biblia.md\/shop\/baptistii-si-marea-unire-din-1918-adevaruri-si-fapte\/"]}]},{"@type":"ImageObject","inLanguage":"ru-RU","@id":"https:\/\/biblia.md\/shop\/baptistii-si-marea-unire-din-1918-adevaruri-si-fapte\/#primaryimage","url":"https:\/\/biblia.md\/wp-content\/uploads\/2026\/01\/0000001140.jpg","contentUrl":"https:\/\/biblia.md\/wp-content\/uploads\/2026\/01\/0000001140.jpg","width":500,"height":620},{"@type":"BreadcrumbList","@id":"https:\/\/biblia.md\/shop\/baptistii-si-marea-unire-din-1918-adevaruri-si-fapte\/#breadcrumb","itemListElement":[{"@type":"ListItem","position":1,"name":"Prima pagin\u0103","item":"https:\/\/biblia.md\/"},{"@type":"ListItem","position":2,"name":"Shop","item":"https:\/\/biblia.md\/shop\/"},{"@type":"ListItem","position":3,"name":"Baptistii si Marea Unire din 1918 &#8211; Adevaruri si fapte"}]},{"@type":"WebSite","@id":"https:\/\/biblia.md\/#website","url":"https:\/\/biblia.md\/","name":"Societatea Biblic\u0103 din Moldova","description":"","publisher":{"@id":"https:\/\/biblia.md\/#organization"},"potentialAction":[{"@type":"SearchAction","target":{"@type":"EntryPoint","urlTemplate":"https:\/\/biblia.md\/?s={search_term_string}"},"query-input":{"@type":"PropertyValueSpecification","valueRequired":true,"valueName":"search_term_string"}}],"inLanguage":"ru-RU"},{"@type":"Organization","@id":"https:\/\/biblia.md\/#organization","name":"Societatea Biblic\u0103 din Moldova","url":"https:\/\/biblia.md\/","logo":{"@type":"ImageObject","inLanguage":"ru-RU","@id":"https:\/\/biblia.md\/#\/schema\/logo\/image\/","url":"https:\/\/biblia.md\/wp-content\/uploads\/2026\/01\/icon_site.jpg","contentUrl":"https:\/\/biblia.md\/wp-content\/uploads\/2026\/01\/icon_site.jpg","width":656,"height":656,"caption":"Societatea Biblic\u0103 din Moldova"},"image":{"@id":"https:\/\/biblia.md\/#\/schema\/logo\/image\/"},"sameAs":["https:\/\/www.facebook.com\/SocietateaBiblicaMoldova\/","https:\/\/www.instagram.com\/biblia.md\/"]}]}},"_links":{"self":[{"href":"https:\/\/biblia.md\/ru\/wp-json\/wp\/v2\/product\/30679","targetHints":{"allow":["GET"]}}],"collection":[{"href":"https:\/\/biblia.md\/ru\/wp-json\/wp\/v2\/product"}],"about":[{"href":"https:\/\/biblia.md\/ru\/wp-json\/wp\/v2\/types\/product"}],"replies":[{"embeddable":true,"href":"https:\/\/biblia.md\/ru\/wp-json\/wp\/v2\/comments?post=30679"}],"version-history":[{"count":1,"href":"https:\/\/biblia.md\/ru\/wp-json\/wp\/v2\/product\/30679\/revisions"}],"predecessor-version":[{"id":30681,"href":"https:\/\/biblia.md\/ru\/wp-json\/wp\/v2\/product\/30679\/revisions\/30681"}],"wp:featuredmedia":[{"embeddable":true,"href":"https:\/\/biblia.md\/ru\/wp-json\/wp\/v2\/media\/30680"}],"wp:attachment":[{"href":"https:\/\/biblia.md\/ru\/wp-json\/wp\/v2\/media?parent=30679"}],"wp:term":[{"taxonomy":"product_brand","embeddable":true,"href":"https:\/\/biblia.md\/ru\/wp-json\/wp\/v2\/product_brand?post=30679"},{"taxonomy":"product_cat","embeddable":true,"href":"https:\/\/biblia.md\/ru\/wp-json\/wp\/v2\/product_cat?post=30679"},{"taxonomy":"product_tag","embeddable":true,"href":"https:\/\/biblia.md\/ru\/wp-json\/wp\/v2\/product_tag?post=30679"}],"curies":[{"name":"wp","href":"https:\/\/api.w.org\/{rel}","templated":true}]}}