{"id":31056,"date":"2026-01-11T17:55:51","date_gmt":"2026-01-11T15:55:51","guid":{"rendered":"https:\/\/biblia.md\/?post_type=product&#038;p=31056"},"modified":"2026-01-11T17:57:04","modified_gmt":"2026-01-11T15:57:04","slug":"casa-de-piatra","status":"publish","type":"product","link":"https:\/\/biblia.md\/ru\/shop\/casa-de-piatra\/","title":{"rendered":"Casa de piatra &#8211; Cum s\u0103 ai o familie fericit\u0103 \u00eentr-o lume tot mai trist\u0103"},"content":{"rendered":"","protected":false},"excerpt":{"rendered":"<p style=\"text-align: center\">CUM SA AI O FAMILIE FERICITA INTR-O LUME TOT MAI TRISTA<\/p>\n<p>Dumnezeu este Creatorul, Inventatorul familiei. Familia nu este inventia omului. Familia ne-a fost data pentru fericirea si implinirea noastra, ea este binele lui Dumnezeu pentru noi.<\/p>\n<p>Poate va intrebati de ce avem o rata uriasa a divorturilor. Unul dintre raspunsuri este ca azi oamenii se iubesc mai mult pe ei insisi decat isi iubesc partenerii de viata. Fericirea familiilor noastre depinde de respectarea catorva reguli pe care Dumnezeu le-a scris. Respectarea lor nu duce la epuizare, ci la implinire personala. Autorii cred intr-o famile fericita si ca efortul depus de cei doi nu aduce oboseala, ci implinire si fericire.<\/p>","protected":false},"featured_media":31057,"comment_status":"open","ping_status":"closed","template":"","meta":[],"product_brand":[],"product_cat":[377,397],"product_tag":[],"class_list":{"0":"post-31056","1":"product","2":"type-product","3":"status-publish","4":"has-post-thumbnail","6":"product_cat-carti","7":"product_cat-casatorie-familie","8":"product_author-florin-amp-ana-corde","9":"product_genre-knigi-rom","11":"first","12":"instock","13":"shipping-taxable","14":"purchasable","15":"product-type-simple"},"yoast_head":"<!-- This site is optimized with the Yoast SEO plugin v27.3 - https:\/\/yoast.com\/product\/yoast-seo-wordpress\/ -->\n<title>Casa de piatra - Cum s\u0103 ai o familie fericit\u0103 \u00eentr-o lume tot mai trist\u0103 - Societatea Biblic\u0103 din Moldova<\/title>\n<meta name=\"robots\" content=\"index, follow, max-snippet:-1, max-image-preview:large, max-video-preview:-1\" \/>\n<link rel=\"canonical\" href=\"https:\/\/biblia.md\/ru\/shop\/casa-de-piatra\/\" \/>\n<meta property=\"og:locale\" content=\"ru_RU\" \/>\n<meta property=\"og:type\" content=\"article\" \/>\n<meta property=\"og:title\" content=\"Casa de piatra - Cum s\u0103 ai o familie fericit\u0103 \u00eentr-o lume tot mai trist\u0103 - Societatea Biblic\u0103 din Moldova\" \/>\n<meta property=\"og:description\" content=\"CUM SA AI O FAMILIE FERICITA INTR-O LUME TOT MAI TRISTA Dumnezeu este Creatorul, Inventatorul familiei. Familia nu este inventia omului. Familia ne-a fost data pentru fericirea si implinirea noastra, ea este binele lui Dumnezeu pentru noi.  Poate va intrebati de ce avem o rata uriasa a divorturilor. Unul dintre raspunsuri este ca azi oamenii se iubesc mai mult pe ei insisi decat isi iubesc partenerii de viata. Fericirea familiilor noastre depinde de respectarea catorva reguli pe care Dumnezeu le-a scris. Respectarea lor nu duce la epuizare, ci la implinire personala. Autorii cred intr-o famile fericita si ca efortul depus de cei doi nu aduce oboseala, ci implinire si fericire.\" \/>\n<meta property=\"og:url\" content=\"https:\/\/biblia.md\/ru\/shop\/casa-de-piatra\/\" \/>\n<meta property=\"og:site_name\" content=\"Societatea Biblic\u0103 din Moldova\" \/>\n<meta property=\"article:publisher\" content=\"https:\/\/www.facebook.com\/SocietateaBiblicaMoldova\/\" \/>\n<meta property=\"article:modified_time\" content=\"2026-01-11T15:57:04+00:00\" \/>\n<meta property=\"og:image\" content=\"https:\/\/biblia.md\/wp-content\/uploads\/2026\/01\/0000000942.jpg\" \/>\n\t<meta property=\"og:image:width\" content=\"600\" \/>\n\t<meta property=\"og:image:height\" content=\"900\" \/>\n\t<meta property=\"og:image:type\" content=\"image\/jpeg\" \/>\n<meta name=\"twitter:card\" content=\"summary_large_image\" \/>\n<script type=\"application\/ld+json\" class=\"yoast-schema-graph\">{\"@context\":\"https:\\\/\\\/schema.org\",\"@graph\":[{\"@type\":\"WebPage\",\"@id\":\"https:\\\/\\\/biblia.md\\\/shop\\\/casa-de-piatra\\\/\",\"url\":\"https:\\\/\\\/biblia.md\\\/shop\\\/casa-de-piatra\\\/\",\"name\":\"Casa de piatra - Cum s\u0103 ai o familie fericit\u0103 \u00eentr-o lume tot mai trist\u0103 - Societatea Biblic\u0103 din Moldova\",\"isPartOf\":{\"@id\":\"https:\\\/\\\/biblia.md\\\/#website\"},\"primaryImageOfPage\":{\"@id\":\"https:\\\/\\\/biblia.md\\\/shop\\\/casa-de-piatra\\\/#primaryimage\"},\"image\":{\"@id\":\"https:\\\/\\\/biblia.md\\\/shop\\\/casa-de-piatra\\\/#primaryimage\"},\"thumbnailUrl\":\"https:\\\/\\\/biblia.md\\\/wp-content\\\/uploads\\\/2026\\\/01\\\/0000000942.jpg\",\"datePublished\":\"2026-01-11T15:55:51+00:00\",\"dateModified\":\"2026-01-11T15:57:04+00:00\",\"breadcrumb\":{\"@id\":\"https:\\\/\\\/biblia.md\\\/shop\\\/casa-de-piatra\\\/#breadcrumb\"},\"inLanguage\":\"ru-RU\",\"potentialAction\":[{\"@type\":\"ReadAction\",\"target\":[\"https:\\\/\\\/biblia.md\\\/shop\\\/casa-de-piatra\\\/\"]}]},{\"@type\":\"ImageObject\",\"inLanguage\":\"ru-RU\",\"@id\":\"https:\\\/\\\/biblia.md\\\/shop\\\/casa-de-piatra\\\/#primaryimage\",\"url\":\"https:\\\/\\\/biblia.md\\\/wp-content\\\/uploads\\\/2026\\\/01\\\/0000000942.jpg\",\"contentUrl\":\"https:\\\/\\\/biblia.md\\\/wp-content\\\/uploads\\\/2026\\\/01\\\/0000000942.jpg\",\"width\":600,\"height\":900},{\"@type\":\"BreadcrumbList\",\"@id\":\"https:\\\/\\\/biblia.md\\\/shop\\\/casa-de-piatra\\\/#breadcrumb\",\"itemListElement\":[{\"@type\":\"ListItem\",\"position\":1,\"name\":\"Prima pagin\u0103\",\"item\":\"https:\\\/\\\/biblia.md\\\/\"},{\"@type\":\"ListItem\",\"position\":2,\"name\":\"Shop\",\"item\":\"https:\\\/\\\/biblia.md\\\/shop\\\/\"},{\"@type\":\"ListItem\",\"position\":3,\"name\":\"Casa de piatra &#8211; Cum s\u0103 ai o familie fericit\u0103 \u00eentr-o lume tot mai trist\u0103\"}]},{\"@type\":\"WebSite\",\"@id\":\"https:\\\/\\\/biblia.md\\\/#website\",\"url\":\"https:\\\/\\\/biblia.md\\\/\",\"name\":\"Societatea Biblic\u0103 din Moldova\",\"description\":\"\",\"publisher\":{\"@id\":\"https:\\\/\\\/biblia.md\\\/#organization\"},\"potentialAction\":[{\"@type\":\"SearchAction\",\"target\":{\"@type\":\"EntryPoint\",\"urlTemplate\":\"https:\\\/\\\/biblia.md\\\/?s={search_term_string}\"},\"query-input\":{\"@type\":\"PropertyValueSpecification\",\"valueRequired\":true,\"valueName\":\"search_term_string\"}}],\"inLanguage\":\"ru-RU\"},{\"@type\":\"Organization\",\"@id\":\"https:\\\/\\\/biblia.md\\\/#organization\",\"name\":\"Societatea Biblic\u0103 din Moldova\",\"url\":\"https:\\\/\\\/biblia.md\\\/\",\"logo\":{\"@type\":\"ImageObject\",\"inLanguage\":\"ru-RU\",\"@id\":\"https:\\\/\\\/biblia.md\\\/#\\\/schema\\\/logo\\\/image\\\/\",\"url\":\"https:\\\/\\\/biblia.md\\\/wp-content\\\/uploads\\\/2026\\\/01\\\/icon_site.jpg\",\"contentUrl\":\"https:\\\/\\\/biblia.md\\\/wp-content\\\/uploads\\\/2026\\\/01\\\/icon_site.jpg\",\"width\":656,\"height\":656,\"caption\":\"Societatea Biblic\u0103 din Moldova\"},\"image\":{\"@id\":\"https:\\\/\\\/biblia.md\\\/#\\\/schema\\\/logo\\\/image\\\/\"},\"sameAs\":[\"https:\\\/\\\/www.facebook.com\\\/SocietateaBiblicaMoldova\\\/\",\"https:\\\/\\\/www.instagram.com\\\/biblia.md\\\/\"]}]}<\/script>\n<!-- \/ Yoast SEO plugin. -->","yoast_head_json":{"title":"Casa de piatra - Cum s\u0103 ai o familie fericit\u0103 \u00eentr-o lume tot mai trist\u0103 - Societatea Biblic\u0103 din Moldova","robots":{"index":"index","follow":"follow","max-snippet":"max-snippet:-1","max-image-preview":"max-image-preview:large","max-video-preview":"max-video-preview:-1"},"canonical":"https:\/\/biblia.md\/ru\/shop\/casa-de-piatra\/","og_locale":"ru_RU","og_type":"article","og_title":"Casa de piatra - Cum s\u0103 ai o familie fericit\u0103 \u00eentr-o lume tot mai trist\u0103 - Societatea Biblic\u0103 din Moldova","og_description":"CUM SA AI O FAMILIE FERICITA INTR-O LUME TOT MAI TRISTA Dumnezeu este Creatorul, Inventatorul familiei. Familia nu este inventia omului. Familia ne-a fost data pentru fericirea si implinirea noastra, ea este binele lui Dumnezeu pentru noi.  Poate va intrebati de ce avem o rata uriasa a divorturilor. Unul dintre raspunsuri este ca azi oamenii se iubesc mai mult pe ei insisi decat isi iubesc partenerii de viata. Fericirea familiilor noastre depinde de respectarea catorva reguli pe care Dumnezeu le-a scris. Respectarea lor nu duce la epuizare, ci la implinire personala. Autorii cred intr-o famile fericita si ca efortul depus de cei doi nu aduce oboseala, ci implinire si fericire.","og_url":"https:\/\/biblia.md\/ru\/shop\/casa-de-piatra\/","og_site_name":"Societatea Biblic\u0103 din Moldova","article_publisher":"https:\/\/www.facebook.com\/SocietateaBiblicaMoldova\/","article_modified_time":"2026-01-11T15:57:04+00:00","og_image":[{"width":600,"height":900,"url":"https:\/\/biblia.md\/wp-content\/uploads\/2026\/01\/0000000942.jpg","type":"image\/jpeg"}],"twitter_card":"summary_large_image","schema":{"@context":"https:\/\/schema.org","@graph":[{"@type":"WebPage","@id":"https:\/\/biblia.md\/shop\/casa-de-piatra\/","url":"https:\/\/biblia.md\/shop\/casa-de-piatra\/","name":"Casa de piatra - Cum s\u0103 ai o familie fericit\u0103 \u00eentr-o lume tot mai trist\u0103 - Societatea Biblic\u0103 din Moldova","isPartOf":{"@id":"https:\/\/biblia.md\/#website"},"primaryImageOfPage":{"@id":"https:\/\/biblia.md\/shop\/casa-de-piatra\/#primaryimage"},"image":{"@id":"https:\/\/biblia.md\/shop\/casa-de-piatra\/#primaryimage"},"thumbnailUrl":"https:\/\/biblia.md\/wp-content\/uploads\/2026\/01\/0000000942.jpg","datePublished":"2026-01-11T15:55:51+00:00","dateModified":"2026-01-11T15:57:04+00:00","breadcrumb":{"@id":"https:\/\/biblia.md\/shop\/casa-de-piatra\/#breadcrumb"},"inLanguage":"ru-RU","potentialAction":[{"@type":"ReadAction","target":["https:\/\/biblia.md\/shop\/casa-de-piatra\/"]}]},{"@type":"ImageObject","inLanguage":"ru-RU","@id":"https:\/\/biblia.md\/shop\/casa-de-piatra\/#primaryimage","url":"https:\/\/biblia.md\/wp-content\/uploads\/2026\/01\/0000000942.jpg","contentUrl":"https:\/\/biblia.md\/wp-content\/uploads\/2026\/01\/0000000942.jpg","width":600,"height":900},{"@type":"BreadcrumbList","@id":"https:\/\/biblia.md\/shop\/casa-de-piatra\/#breadcrumb","itemListElement":[{"@type":"ListItem","position":1,"name":"Prima pagin\u0103","item":"https:\/\/biblia.md\/"},{"@type":"ListItem","position":2,"name":"Shop","item":"https:\/\/biblia.md\/shop\/"},{"@type":"ListItem","position":3,"name":"Casa de piatra &#8211; Cum s\u0103 ai o familie fericit\u0103 \u00eentr-o lume tot mai trist\u0103"}]},{"@type":"WebSite","@id":"https:\/\/biblia.md\/#website","url":"https:\/\/biblia.md\/","name":"Societatea Biblic\u0103 din Moldova","description":"","publisher":{"@id":"https:\/\/biblia.md\/#organization"},"potentialAction":[{"@type":"SearchAction","target":{"@type":"EntryPoint","urlTemplate":"https:\/\/biblia.md\/?s={search_term_string}"},"query-input":{"@type":"PropertyValueSpecification","valueRequired":true,"valueName":"search_term_string"}}],"inLanguage":"ru-RU"},{"@type":"Organization","@id":"https:\/\/biblia.md\/#organization","name":"Societatea Biblic\u0103 din Moldova","url":"https:\/\/biblia.md\/","logo":{"@type":"ImageObject","inLanguage":"ru-RU","@id":"https:\/\/biblia.md\/#\/schema\/logo\/image\/","url":"https:\/\/biblia.md\/wp-content\/uploads\/2026\/01\/icon_site.jpg","contentUrl":"https:\/\/biblia.md\/wp-content\/uploads\/2026\/01\/icon_site.jpg","width":656,"height":656,"caption":"Societatea Biblic\u0103 din Moldova"},"image":{"@id":"https:\/\/biblia.md\/#\/schema\/logo\/image\/"},"sameAs":["https:\/\/www.facebook.com\/SocietateaBiblicaMoldova\/","https:\/\/www.instagram.com\/biblia.md\/"]}]}},"_links":{"self":[{"href":"https:\/\/biblia.md\/ru\/wp-json\/wp\/v2\/product\/31056","targetHints":{"allow":["GET"]}}],"collection":[{"href":"https:\/\/biblia.md\/ru\/wp-json\/wp\/v2\/product"}],"about":[{"href":"https:\/\/biblia.md\/ru\/wp-json\/wp\/v2\/types\/product"}],"replies":[{"embeddable":true,"href":"https:\/\/biblia.md\/ru\/wp-json\/wp\/v2\/comments?post=31056"}],"version-history":[{"count":2,"href":"https:\/\/biblia.md\/ru\/wp-json\/wp\/v2\/product\/31056\/revisions"}],"predecessor-version":[{"id":31059,"href":"https:\/\/biblia.md\/ru\/wp-json\/wp\/v2\/product\/31056\/revisions\/31059"}],"wp:featuredmedia":[{"embeddable":true,"href":"https:\/\/biblia.md\/ru\/wp-json\/wp\/v2\/media\/31057"}],"wp:attachment":[{"href":"https:\/\/biblia.md\/ru\/wp-json\/wp\/v2\/media?parent=31056"}],"wp:term":[{"taxonomy":"product_brand","embeddable":true,"href":"https:\/\/biblia.md\/ru\/wp-json\/wp\/v2\/product_brand?post=31056"},{"taxonomy":"product_cat","embeddable":true,"href":"https:\/\/biblia.md\/ru\/wp-json\/wp\/v2\/product_cat?post=31056"},{"taxonomy":"product_tag","embeddable":true,"href":"https:\/\/biblia.md\/ru\/wp-json\/wp\/v2\/product_tag?post=31056"}],"curies":[{"name":"wp","href":"https:\/\/api.w.org\/{rel}","templated":true}]}}