{"id":31072,"date":"2026-01-11T18:35:14","date_gmt":"2026-01-11T16:35:14","guid":{"rendered":"https:\/\/biblia.md\/?post_type=product&#038;p=31072"},"modified":"2026-01-11T18:35:14","modified_gmt":"2026-01-11T16:35:14","slug":"casnicia-cere-mai-mult-decat-dragoste","status":"publish","type":"product","link":"https:\/\/biblia.md\/ru\/shop\/casnicia-cere-mai-mult-decat-dragoste\/","title":{"rendered":"Casnicia cere mai mult decat dragoste"},"content":{"rendered":"","protected":false},"excerpt":{"rendered":"<p style=\"text-align: center\">CE ESTE NECESAR CA O C\u0102SNICIE S\u0102 FIUNC\u021aIONEZE?<\/p>\n<p>C\u0103snicia cere mai mult dec\u00e2t dragoste. Sun\u0103 simplu \u015fi clar. Dar de ce e nevoie mai exact? \u00cen\u00a0<em>C\u0103snicia cere mai mult dec\u00e2t dragoste<\/em>, Jack \u015fi Carole Mayhall ne prezint\u0103 o mul\u0163ime de lucruri pe care ei le consider\u0103 vitale pentru o c\u0103snicie bun\u0103: o temelie solid\u0103 \u00een Dumnezeu, o comunicare deschis\u0103 \u015fi onest\u0103, o definire clar\u0103 a rolurilor \u015fi responsabilit\u0103\u0163ilor, rela\u0163ii sexuale \u00eemplinitoare.<br \/>\nDiferen\u0163a dintre o navigare lin\u0103 \u015fi un naufragiu \u00een c\u0103s\u0103torie const\u0103 \u00een ceea ce fac cuplurile atunci c\u00e2nd vremea se stric\u0103. Fiecare c\u0103snicie are puncte tari \u015fi puncte slabe. O c\u0103snicie fie este dinamic\u0103, fie se deterioreaz\u0103. Echipa format\u0103 din so\u0163 \u015fi so\u0163ie fie progreseaz\u0103, fie se destram\u0103.<br \/>\nO c\u0103snicie puternic\u0103 se construie\u015fte prin alegeri bune. So\u0163ii Mayhalls le arat\u0103 cititorilor cum s\u0103 fac\u0103 alegeri \u00een c\u0103snicie care s\u0103 urm\u0103reasc\u0103 interesele celor trei p\u0103r\u0163i implicate: tu, partenerul t\u0103u de via\u0163\u0103 \u015fi Dumnezeu.<\/p>\n<p><strong>JACK \u015fi CAROLE MAYHALL<\/strong>\u00a0lucreaz\u0103 cu Mi\u015fcarea Navigatorilor \u00een Colorado Springs, Colorado. At\u00e2t Jack, c\u00e2t \u015fi Carole vorbesc frecvent la conferin\u0163e \u015fi seminarii din toat\u0103 \u0163ara. Cartea aceasta se bazeaz\u0103 pe un seminar despre c\u0103snicie pe care so\u0163ii Mayhalls l-au prezentat \u00een \u00eentreaga lume.<\/p>","protected":false},"featured_media":31073,"comment_status":"open","ping_status":"closed","template":"","meta":[],"product_brand":[],"product_cat":[377,397],"product_tag":[],"class_list":{"0":"post-31072","1":"product","2":"type-product","3":"status-publish","4":"has-post-thumbnail","6":"product_cat-carti","7":"product_cat-casatorie-familie","8":"product_author-jack-amp-carole-mayhall","9":"product_genre-knigi-rom","11":"first","12":"instock","13":"shipping-taxable","14":"purchasable","15":"product-type-simple"},"yoast_head":"<!-- This site is optimized with the Yoast SEO plugin v27.3 - https:\/\/yoast.com\/product\/yoast-seo-wordpress\/ -->\n<title>Casnicia cere mai mult decat dragoste - Societatea Biblic\u0103 din Moldova<\/title>\n<meta name=\"robots\" content=\"index, follow, max-snippet:-1, max-image-preview:large, max-video-preview:-1\" \/>\n<link rel=\"canonical\" href=\"https:\/\/biblia.md\/ru\/shop\/casnicia-cere-mai-mult-decat-dragoste\/\" \/>\n<meta property=\"og:locale\" content=\"ru_RU\" \/>\n<meta property=\"og:type\" content=\"article\" \/>\n<meta property=\"og:title\" content=\"Casnicia cere mai mult decat dragoste - Societatea Biblic\u0103 din Moldova\" \/>\n<meta property=\"og:description\" content=\"CE ESTE NECESAR CA O C\u0102SNICIE S\u0102 FIUNC\u021aIONEZE? C\u0103snicia cere mai mult dec\u00e2t dragoste. Sun\u0103 simplu \u015fi clar. Dar de ce e nevoie mai exact? \u00cen\u00a0C\u0103snicia cere mai mult dec\u00e2t dragoste, Jack \u015fi Carole Mayhall ne prezint\u0103 o mul\u0163ime de lucruri pe care ei le consider\u0103 vitale pentru o c\u0103snicie bun\u0103: o temelie solid\u0103 \u00een Dumnezeu, o comunicare deschis\u0103 \u015fi onest\u0103, o definire clar\u0103 a rolurilor \u015fi responsabilit\u0103\u0163ilor, rela\u0163ii sexuale \u00eemplinitoare. Diferen\u0163a dintre o navigare lin\u0103 \u015fi un naufragiu \u00een c\u0103s\u0103torie const\u0103 \u00een ceea ce fac cuplurile atunci c\u00e2nd vremea se stric\u0103. Fiecare c\u0103snicie are puncte tari \u015fi puncte slabe. O c\u0103snicie fie este dinamic\u0103, fie se deterioreaz\u0103. Echipa format\u0103 din so\u0163 \u015fi so\u0163ie fie progreseaz\u0103, fie se destram\u0103. O c\u0103snicie puternic\u0103 se construie\u015fte prin alegeri bune. So\u0163ii Mayhalls le arat\u0103 cititorilor cum s\u0103 fac\u0103 alegeri \u00een c\u0103snicie care s\u0103 urm\u0103reasc\u0103 interesele celor trei p\u0103r\u0163i implicate: tu, partenerul t\u0103u de via\u0163\u0103 \u015fi Dumnezeu.  JACK \u015fi CAROLE MAYHALL\u00a0lucreaz\u0103 cu Mi\u015fcarea Navigatorilor \u00een Colorado Springs, Colorado. At\u00e2t Jack, c\u00e2t \u015fi Carole vorbesc frecvent la conferin\u0163e \u015fi seminarii din toat\u0103 \u0163ara. Cartea aceasta se bazeaz\u0103 pe un seminar despre c\u0103snicie pe care so\u0163ii Mayhalls l-au prezentat \u00een \u00eentreaga lume.\" \/>\n<meta property=\"og:url\" content=\"https:\/\/biblia.md\/ru\/shop\/casnicia-cere-mai-mult-decat-dragoste\/\" \/>\n<meta property=\"og:site_name\" content=\"Societatea Biblic\u0103 din Moldova\" \/>\n<meta property=\"article:publisher\" content=\"https:\/\/www.facebook.com\/SocietateaBiblicaMoldova\/\" \/>\n<meta property=\"og:image\" content=\"https:\/\/biblia.md\/wp-content\/uploads\/2026\/01\/0000000946.png\" \/>\n\t<meta property=\"og:image:width\" content=\"600\" \/>\n\t<meta property=\"og:image:height\" content=\"900\" \/>\n\t<meta property=\"og:image:type\" content=\"image\/png\" \/>\n<meta name=\"twitter:card\" content=\"summary_large_image\" \/>\n<script type=\"application\/ld+json\" class=\"yoast-schema-graph\">{\"@context\":\"https:\\\/\\\/schema.org\",\"@graph\":[{\"@type\":\"WebPage\",\"@id\":\"https:\\\/\\\/biblia.md\\\/shop\\\/casnicia-cere-mai-mult-decat-dragoste\\\/\",\"url\":\"https:\\\/\\\/biblia.md\\\/shop\\\/casnicia-cere-mai-mult-decat-dragoste\\\/\",\"name\":\"Casnicia cere mai mult decat dragoste - Societatea Biblic\u0103 din Moldova\",\"isPartOf\":{\"@id\":\"https:\\\/\\\/biblia.md\\\/#website\"},\"primaryImageOfPage\":{\"@id\":\"https:\\\/\\\/biblia.md\\\/shop\\\/casnicia-cere-mai-mult-decat-dragoste\\\/#primaryimage\"},\"image\":{\"@id\":\"https:\\\/\\\/biblia.md\\\/shop\\\/casnicia-cere-mai-mult-decat-dragoste\\\/#primaryimage\"},\"thumbnailUrl\":\"https:\\\/\\\/biblia.md\\\/wp-content\\\/uploads\\\/2026\\\/01\\\/0000000946.png\",\"datePublished\":\"2026-01-11T16:35:14+00:00\",\"breadcrumb\":{\"@id\":\"https:\\\/\\\/biblia.md\\\/shop\\\/casnicia-cere-mai-mult-decat-dragoste\\\/#breadcrumb\"},\"inLanguage\":\"ru-RU\",\"potentialAction\":[{\"@type\":\"ReadAction\",\"target\":[\"https:\\\/\\\/biblia.md\\\/shop\\\/casnicia-cere-mai-mult-decat-dragoste\\\/\"]}]},{\"@type\":\"ImageObject\",\"inLanguage\":\"ru-RU\",\"@id\":\"https:\\\/\\\/biblia.md\\\/shop\\\/casnicia-cere-mai-mult-decat-dragoste\\\/#primaryimage\",\"url\":\"https:\\\/\\\/biblia.md\\\/wp-content\\\/uploads\\\/2026\\\/01\\\/0000000946.png\",\"contentUrl\":\"https:\\\/\\\/biblia.md\\\/wp-content\\\/uploads\\\/2026\\\/01\\\/0000000946.png\",\"width\":600,\"height\":900},{\"@type\":\"BreadcrumbList\",\"@id\":\"https:\\\/\\\/biblia.md\\\/shop\\\/casnicia-cere-mai-mult-decat-dragoste\\\/#breadcrumb\",\"itemListElement\":[{\"@type\":\"ListItem\",\"position\":1,\"name\":\"Prima pagin\u0103\",\"item\":\"https:\\\/\\\/biblia.md\\\/\"},{\"@type\":\"ListItem\",\"position\":2,\"name\":\"Shop\",\"item\":\"https:\\\/\\\/biblia.md\\\/shop\\\/\"},{\"@type\":\"ListItem\",\"position\":3,\"name\":\"Casnicia cere mai mult decat dragoste\"}]},{\"@type\":\"WebSite\",\"@id\":\"https:\\\/\\\/biblia.md\\\/#website\",\"url\":\"https:\\\/\\\/biblia.md\\\/\",\"name\":\"Societatea Biblic\u0103 din Moldova\",\"description\":\"\",\"publisher\":{\"@id\":\"https:\\\/\\\/biblia.md\\\/#organization\"},\"potentialAction\":[{\"@type\":\"SearchAction\",\"target\":{\"@type\":\"EntryPoint\",\"urlTemplate\":\"https:\\\/\\\/biblia.md\\\/?s={search_term_string}\"},\"query-input\":{\"@type\":\"PropertyValueSpecification\",\"valueRequired\":true,\"valueName\":\"search_term_string\"}}],\"inLanguage\":\"ru-RU\"},{\"@type\":\"Organization\",\"@id\":\"https:\\\/\\\/biblia.md\\\/#organization\",\"name\":\"Societatea Biblic\u0103 din Moldova\",\"url\":\"https:\\\/\\\/biblia.md\\\/\",\"logo\":{\"@type\":\"ImageObject\",\"inLanguage\":\"ru-RU\",\"@id\":\"https:\\\/\\\/biblia.md\\\/#\\\/schema\\\/logo\\\/image\\\/\",\"url\":\"https:\\\/\\\/biblia.md\\\/wp-content\\\/uploads\\\/2026\\\/01\\\/icon_site.jpg\",\"contentUrl\":\"https:\\\/\\\/biblia.md\\\/wp-content\\\/uploads\\\/2026\\\/01\\\/icon_site.jpg\",\"width\":656,\"height\":656,\"caption\":\"Societatea Biblic\u0103 din Moldova\"},\"image\":{\"@id\":\"https:\\\/\\\/biblia.md\\\/#\\\/schema\\\/logo\\\/image\\\/\"},\"sameAs\":[\"https:\\\/\\\/www.facebook.com\\\/SocietateaBiblicaMoldova\\\/\",\"https:\\\/\\\/www.instagram.com\\\/biblia.md\\\/\"]}]}<\/script>\n<!-- \/ Yoast SEO plugin. -->","yoast_head_json":{"title":"Casnicia cere mai mult decat dragoste - Societatea Biblic\u0103 din Moldova","robots":{"index":"index","follow":"follow","max-snippet":"max-snippet:-1","max-image-preview":"max-image-preview:large","max-video-preview":"max-video-preview:-1"},"canonical":"https:\/\/biblia.md\/ru\/shop\/casnicia-cere-mai-mult-decat-dragoste\/","og_locale":"ru_RU","og_type":"article","og_title":"Casnicia cere mai mult decat dragoste - Societatea Biblic\u0103 din Moldova","og_description":"CE ESTE NECESAR CA O C\u0102SNICIE S\u0102 FIUNC\u021aIONEZE? C\u0103snicia cere mai mult dec\u00e2t dragoste. Sun\u0103 simplu \u015fi clar. Dar de ce e nevoie mai exact? \u00cen\u00a0C\u0103snicia cere mai mult dec\u00e2t dragoste, Jack \u015fi Carole Mayhall ne prezint\u0103 o mul\u0163ime de lucruri pe care ei le consider\u0103 vitale pentru o c\u0103snicie bun\u0103: o temelie solid\u0103 \u00een Dumnezeu, o comunicare deschis\u0103 \u015fi onest\u0103, o definire clar\u0103 a rolurilor \u015fi responsabilit\u0103\u0163ilor, rela\u0163ii sexuale \u00eemplinitoare. Diferen\u0163a dintre o navigare lin\u0103 \u015fi un naufragiu \u00een c\u0103s\u0103torie const\u0103 \u00een ceea ce fac cuplurile atunci c\u00e2nd vremea se stric\u0103. Fiecare c\u0103snicie are puncte tari \u015fi puncte slabe. O c\u0103snicie fie este dinamic\u0103, fie se deterioreaz\u0103. Echipa format\u0103 din so\u0163 \u015fi so\u0163ie fie progreseaz\u0103, fie se destram\u0103. O c\u0103snicie puternic\u0103 se construie\u015fte prin alegeri bune. So\u0163ii Mayhalls le arat\u0103 cititorilor cum s\u0103 fac\u0103 alegeri \u00een c\u0103snicie care s\u0103 urm\u0103reasc\u0103 interesele celor trei p\u0103r\u0163i implicate: tu, partenerul t\u0103u de via\u0163\u0103 \u015fi Dumnezeu.  JACK \u015fi CAROLE MAYHALL\u00a0lucreaz\u0103 cu Mi\u015fcarea Navigatorilor \u00een Colorado Springs, Colorado. At\u00e2t Jack, c\u00e2t \u015fi Carole vorbesc frecvent la conferin\u0163e \u015fi seminarii din toat\u0103 \u0163ara. Cartea aceasta se bazeaz\u0103 pe un seminar despre c\u0103snicie pe care so\u0163ii Mayhalls l-au prezentat \u00een \u00eentreaga lume.","og_url":"https:\/\/biblia.md\/ru\/shop\/casnicia-cere-mai-mult-decat-dragoste\/","og_site_name":"Societatea Biblic\u0103 din Moldova","article_publisher":"https:\/\/www.facebook.com\/SocietateaBiblicaMoldova\/","og_image":[{"width":600,"height":900,"url":"https:\/\/biblia.md\/wp-content\/uploads\/2026\/01\/0000000946.png","type":"image\/png"}],"twitter_card":"summary_large_image","schema":{"@context":"https:\/\/schema.org","@graph":[{"@type":"WebPage","@id":"https:\/\/biblia.md\/shop\/casnicia-cere-mai-mult-decat-dragoste\/","url":"https:\/\/biblia.md\/shop\/casnicia-cere-mai-mult-decat-dragoste\/","name":"Casnicia cere mai mult decat dragoste - Societatea Biblic\u0103 din Moldova","isPartOf":{"@id":"https:\/\/biblia.md\/#website"},"primaryImageOfPage":{"@id":"https:\/\/biblia.md\/shop\/casnicia-cere-mai-mult-decat-dragoste\/#primaryimage"},"image":{"@id":"https:\/\/biblia.md\/shop\/casnicia-cere-mai-mult-decat-dragoste\/#primaryimage"},"thumbnailUrl":"https:\/\/biblia.md\/wp-content\/uploads\/2026\/01\/0000000946.png","datePublished":"2026-01-11T16:35:14+00:00","breadcrumb":{"@id":"https:\/\/biblia.md\/shop\/casnicia-cere-mai-mult-decat-dragoste\/#breadcrumb"},"inLanguage":"ru-RU","potentialAction":[{"@type":"ReadAction","target":["https:\/\/biblia.md\/shop\/casnicia-cere-mai-mult-decat-dragoste\/"]}]},{"@type":"ImageObject","inLanguage":"ru-RU","@id":"https:\/\/biblia.md\/shop\/casnicia-cere-mai-mult-decat-dragoste\/#primaryimage","url":"https:\/\/biblia.md\/wp-content\/uploads\/2026\/01\/0000000946.png","contentUrl":"https:\/\/biblia.md\/wp-content\/uploads\/2026\/01\/0000000946.png","width":600,"height":900},{"@type":"BreadcrumbList","@id":"https:\/\/biblia.md\/shop\/casnicia-cere-mai-mult-decat-dragoste\/#breadcrumb","itemListElement":[{"@type":"ListItem","position":1,"name":"Prima pagin\u0103","item":"https:\/\/biblia.md\/"},{"@type":"ListItem","position":2,"name":"Shop","item":"https:\/\/biblia.md\/shop\/"},{"@type":"ListItem","position":3,"name":"Casnicia cere mai mult decat dragoste"}]},{"@type":"WebSite","@id":"https:\/\/biblia.md\/#website","url":"https:\/\/biblia.md\/","name":"Societatea Biblic\u0103 din Moldova","description":"","publisher":{"@id":"https:\/\/biblia.md\/#organization"},"potentialAction":[{"@type":"SearchAction","target":{"@type":"EntryPoint","urlTemplate":"https:\/\/biblia.md\/?s={search_term_string}"},"query-input":{"@type":"PropertyValueSpecification","valueRequired":true,"valueName":"search_term_string"}}],"inLanguage":"ru-RU"},{"@type":"Organization","@id":"https:\/\/biblia.md\/#organization","name":"Societatea Biblic\u0103 din Moldova","url":"https:\/\/biblia.md\/","logo":{"@type":"ImageObject","inLanguage":"ru-RU","@id":"https:\/\/biblia.md\/#\/schema\/logo\/image\/","url":"https:\/\/biblia.md\/wp-content\/uploads\/2026\/01\/icon_site.jpg","contentUrl":"https:\/\/biblia.md\/wp-content\/uploads\/2026\/01\/icon_site.jpg","width":656,"height":656,"caption":"Societatea Biblic\u0103 din Moldova"},"image":{"@id":"https:\/\/biblia.md\/#\/schema\/logo\/image\/"},"sameAs":["https:\/\/www.facebook.com\/SocietateaBiblicaMoldova\/","https:\/\/www.instagram.com\/biblia.md\/"]}]}},"_links":{"self":[{"href":"https:\/\/biblia.md\/ru\/wp-json\/wp\/v2\/product\/31072","targetHints":{"allow":["GET"]}}],"collection":[{"href":"https:\/\/biblia.md\/ru\/wp-json\/wp\/v2\/product"}],"about":[{"href":"https:\/\/biblia.md\/ru\/wp-json\/wp\/v2\/types\/product"}],"replies":[{"embeddable":true,"href":"https:\/\/biblia.md\/ru\/wp-json\/wp\/v2\/comments?post=31072"}],"version-history":[{"count":1,"href":"https:\/\/biblia.md\/ru\/wp-json\/wp\/v2\/product\/31072\/revisions"}],"predecessor-version":[{"id":31074,"href":"https:\/\/biblia.md\/ru\/wp-json\/wp\/v2\/product\/31072\/revisions\/31074"}],"wp:featuredmedia":[{"embeddable":true,"href":"https:\/\/biblia.md\/ru\/wp-json\/wp\/v2\/media\/31073"}],"wp:attachment":[{"href":"https:\/\/biblia.md\/ru\/wp-json\/wp\/v2\/media?parent=31072"}],"wp:term":[{"taxonomy":"product_brand","embeddable":true,"href":"https:\/\/biblia.md\/ru\/wp-json\/wp\/v2\/product_brand?post=31072"},{"taxonomy":"product_cat","embeddable":true,"href":"https:\/\/biblia.md\/ru\/wp-json\/wp\/v2\/product_cat?post=31072"},{"taxonomy":"product_tag","embeddable":true,"href":"https:\/\/biblia.md\/ru\/wp-json\/wp\/v2\/product_tag?post=31072"}],"curies":[{"name":"wp","href":"https:\/\/api.w.org\/{rel}","templated":true}]}}