{"id":31231,"date":"2026-01-13T16:04:21","date_gmt":"2026-01-13T14:04:21","guid":{"rendered":"https:\/\/biblia.md\/?post_type=product&#038;p=31231"},"modified":"2026-01-13T16:04:21","modified_gmt":"2026-01-13T14:04:21","slug":"viata-care-merita-traita","status":"publish","type":"product","link":"https:\/\/biblia.md\/ru\/shop\/viata-care-merita-traita\/","title":{"rendered":"Viata care merita traita"},"content":{"rendered":"<p>Dumitru Cornilescu s-a nascut pe 10 aprilie 1891, in comuna Slasoma, judetul Mehedinti. Tatal sau era invatator, iar mama sa casnica. Bunicii lui Dumitru Cornilescu au fost preoti ortodocsi. A urmat scoala primara in Slasoma, sub ingrijirea tatalui sau, dupa care in 1904 a mers la Bucuresti unde s-a inscris ca elev la Seminarul Central. In 1912 a urmat Facultatea de Teologie Ortodoxa din Bucuresti pe care a absolvit-o in anul 1916. Cu o dorinta foarte mare de a cunoaste si a studia Scriptura, Cornilescu traduce mai multe carti si tractate pe care le tipareste si le distribuie gratuit.<\/p>\n<p>Episcopul M. Nicodim i-a dat invoire si insarcinare sa implineasca dorinta printesei Ralu Callimaki de a face noua traducere a Bibliei in limba romana moderna. Cu ajutorul ei Cornilescu traduce Biblia la Stancesti \u2013 Botosani, scriind-o de mana de 3 ori in decurs de aproximativ 6 ani. Prima Biblie vede lumina tiparului in anul 1921 la tipografia Guttenberg sub egida Editurii Societatii Evanghelice Romane. A slujit si ca diacon la Biserica Ortodoxa Sf. Stefan ,,Cuibul cu barza\u201dimpreuna cu preotul Tudor Popescu.<\/p>\n<p>Faima pe care o capatase ca traducator al Bibliei, si al unor carti de mare circulatie, autor crestin si publicist in marile reviste ale vremii, precum si ca predicator vestit, au facut ca Dumitru Cornilescu sa fie invitat sa predice Evanghelia in cele mai inalte cercuri ale societatii bucurestene, in casele unor oameni de stat, oameni politici si figuri cunoscute ale vietii sociale si intelectuale a vremii. Dupa traducerea Bibliei, spiritele sau infierbantat impotriva lui Cornilescu, fiind in cele din urma nevoit sa ia calea exilului in anul 1923. Dupa peregrinari in Anglia, Franta si Germania se stabileste in 1929 in Elvetia unde ramane pana la sfarsitul\u00a0vietii.<\/p>\n<p>In 1971 cu ocazia dublei aniversari, a 50 de ani de la publicarea Bibliei si 80 de ani de viata ai lui Dumitru Cornilescu este supranumit \u201eMartin Luther al Romaniei\u201d. A plecat in vesnicie la varsta de 84 de ani pe 27 August 1975 si este inmormantat in cimitirul Clarens din orasul Montreux, Elvetia.<\/p>","protected":false},"excerpt":{"rendered":"<p><strong>Viata care merita traita<\/strong>, contine 16 meditatii scrise de Dumitru Cornilescu pornind de la diferite texte biblice.<\/p>\n<p><strong data-entity-type=\"MessageEntityBold\">CUPRINS<\/strong><\/p>\n<p>O via\u021b\u0103, o cale<br \/>\nPicioarele lui Isus<br \/>\nCa o mam\u0103<br \/>\nIsus mai presus de orice<br \/>\nO atingere minunat\u0103<br \/>\nOlogul vindecat<br \/>\nSemnele Domnului<br \/>\nEliberare deplin\u0103<br \/>\nPentru to\u021bi<br \/>\nHarul Meu \u00ee\u021bi este de ajuns<br \/>\nFrumuse\u021be \u0219i putere<br \/>\nVase preapline<br \/>\n\u00cen Isus locuie\u0219te plin\u0103tatea<br \/>\nLocuie\u0219te Duhul Sf\u00e2nt \u00een tine?<br \/>\nIsus \u0219i furtunile din sufletul nostru<br \/>\n\u00cencredin\u021bat \u00een m\u00e2inile lui Dumnezeu<\/p>","protected":false},"featured_media":31232,"comment_status":"open","ping_status":"closed","template":"","meta":[],"product_brand":[],"product_cat":[377,388],"product_tag":[],"class_list":{"0":"post-31231","1":"product","2":"type-product","3":"status-publish","4":"has-post-thumbnail","6":"product_cat-carti","7":"product_cat-viata-crestina","8":"product_author-dumitru-cornilescu","9":"product_genre-knigi-rom","11":"first","12":"instock","13":"shipping-taxable","14":"purchasable","15":"product-type-simple"},"yoast_head":"<!-- This site is optimized with the Yoast SEO plugin v27.3 - https:\/\/yoast.com\/product\/yoast-seo-wordpress\/ -->\n<title>Viata care merita traita - Societatea Biblic\u0103 din Moldova<\/title>\n<meta name=\"robots\" content=\"index, follow, max-snippet:-1, max-image-preview:large, max-video-preview:-1\" \/>\n<link rel=\"canonical\" href=\"https:\/\/biblia.md\/ru\/shop\/viata-care-merita-traita\/\" \/>\n<meta property=\"og:locale\" content=\"ru_RU\" \/>\n<meta property=\"og:type\" content=\"article\" \/>\n<meta property=\"og:title\" content=\"Viata care merita traita - Societatea Biblic\u0103 din Moldova\" \/>\n<meta property=\"og:description\" content=\"Viata care merita traita, contine 16 meditatii scrise de Dumitru Cornilescu pornind de la diferite texte biblice.  CUPRINS  O via\u021b\u0103, o cale Picioarele lui Isus Ca o mam\u0103 Isus mai presus de orice O atingere minunat\u0103 Ologul vindecat Semnele Domnului Eliberare deplin\u0103 Pentru to\u021bi Harul Meu \u00ee\u021bi este de ajuns Frumuse\u021be \u0219i putere Vase preapline \u00cen Isus locuie\u0219te plin\u0103tatea Locuie\u0219te Duhul Sf\u00e2nt \u00een tine? Isus \u0219i furtunile din sufletul nostru \u00cencredin\u021bat \u00een m\u00e2inile lui Dumnezeu\" \/>\n<meta property=\"og:url\" content=\"https:\/\/biblia.md\/ru\/shop\/viata-care-merita-traita\/\" \/>\n<meta property=\"og:site_name\" content=\"Societatea Biblic\u0103 din Moldova\" \/>\n<meta property=\"article:publisher\" content=\"https:\/\/www.facebook.com\/SocietateaBiblicaMoldova\/\" \/>\n<meta property=\"og:image\" content=\"https:\/\/biblia.md\/wp-content\/uploads\/2026\/01\/0000002002.jpeg\" \/>\n\t<meta property=\"og:image:width\" content=\"600\" \/>\n\t<meta property=\"og:image:height\" content=\"900\" \/>\n\t<meta property=\"og:image:type\" content=\"image\/jpeg\" \/>\n<meta name=\"twitter:card\" content=\"summary_large_image\" \/>\n<meta name=\"twitter:label1\" content=\"\u041f\u0440\u0438\u043c\u0435\u0440\u043d\u043e\u0435 \u0432\u0440\u0435\u043c\u044f \u0434\u043b\u044f \u0447\u0442\u0435\u043d\u0438\u044f\" \/>\n\t<meta name=\"twitter:data1\" content=\"2 \u043c\u0438\u043d\u0443\u0442\u044b\" \/>\n<script type=\"application\/ld+json\" class=\"yoast-schema-graph\">{\"@context\":\"https:\\\/\\\/schema.org\",\"@graph\":[{\"@type\":\"WebPage\",\"@id\":\"https:\\\/\\\/biblia.md\\\/shop\\\/viata-care-merita-traita\\\/\",\"url\":\"https:\\\/\\\/biblia.md\\\/shop\\\/viata-care-merita-traita\\\/\",\"name\":\"Viata care merita traita - Societatea Biblic\u0103 din Moldova\",\"isPartOf\":{\"@id\":\"https:\\\/\\\/biblia.md\\\/#website\"},\"primaryImageOfPage\":{\"@id\":\"https:\\\/\\\/biblia.md\\\/shop\\\/viata-care-merita-traita\\\/#primaryimage\"},\"image\":{\"@id\":\"https:\\\/\\\/biblia.md\\\/shop\\\/viata-care-merita-traita\\\/#primaryimage\"},\"thumbnailUrl\":\"https:\\\/\\\/biblia.md\\\/wp-content\\\/uploads\\\/2026\\\/01\\\/0000002002.jpeg\",\"datePublished\":\"2026-01-13T14:04:21+00:00\",\"breadcrumb\":{\"@id\":\"https:\\\/\\\/biblia.md\\\/shop\\\/viata-care-merita-traita\\\/#breadcrumb\"},\"inLanguage\":\"ru-RU\",\"potentialAction\":[{\"@type\":\"ReadAction\",\"target\":[\"https:\\\/\\\/biblia.md\\\/shop\\\/viata-care-merita-traita\\\/\"]}]},{\"@type\":\"ImageObject\",\"inLanguage\":\"ru-RU\",\"@id\":\"https:\\\/\\\/biblia.md\\\/shop\\\/viata-care-merita-traita\\\/#primaryimage\",\"url\":\"https:\\\/\\\/biblia.md\\\/wp-content\\\/uploads\\\/2026\\\/01\\\/0000002002.jpeg\",\"contentUrl\":\"https:\\\/\\\/biblia.md\\\/wp-content\\\/uploads\\\/2026\\\/01\\\/0000002002.jpeg\",\"width\":600,\"height\":900},{\"@type\":\"BreadcrumbList\",\"@id\":\"https:\\\/\\\/biblia.md\\\/shop\\\/viata-care-merita-traita\\\/#breadcrumb\",\"itemListElement\":[{\"@type\":\"ListItem\",\"position\":1,\"name\":\"Prima pagin\u0103\",\"item\":\"https:\\\/\\\/biblia.md\\\/\"},{\"@type\":\"ListItem\",\"position\":2,\"name\":\"Shop\",\"item\":\"https:\\\/\\\/biblia.md\\\/shop\\\/\"},{\"@type\":\"ListItem\",\"position\":3,\"name\":\"Viata care merita traita\"}]},{\"@type\":\"WebSite\",\"@id\":\"https:\\\/\\\/biblia.md\\\/#website\",\"url\":\"https:\\\/\\\/biblia.md\\\/\",\"name\":\"Societatea Biblic\u0103 din Moldova\",\"description\":\"\",\"publisher\":{\"@id\":\"https:\\\/\\\/biblia.md\\\/#organization\"},\"potentialAction\":[{\"@type\":\"SearchAction\",\"target\":{\"@type\":\"EntryPoint\",\"urlTemplate\":\"https:\\\/\\\/biblia.md\\\/?s={search_term_string}\"},\"query-input\":{\"@type\":\"PropertyValueSpecification\",\"valueRequired\":true,\"valueName\":\"search_term_string\"}}],\"inLanguage\":\"ru-RU\"},{\"@type\":\"Organization\",\"@id\":\"https:\\\/\\\/biblia.md\\\/#organization\",\"name\":\"Societatea Biblic\u0103 din Moldova\",\"url\":\"https:\\\/\\\/biblia.md\\\/\",\"logo\":{\"@type\":\"ImageObject\",\"inLanguage\":\"ru-RU\",\"@id\":\"https:\\\/\\\/biblia.md\\\/#\\\/schema\\\/logo\\\/image\\\/\",\"url\":\"https:\\\/\\\/biblia.md\\\/wp-content\\\/uploads\\\/2026\\\/01\\\/icon_site.jpg\",\"contentUrl\":\"https:\\\/\\\/biblia.md\\\/wp-content\\\/uploads\\\/2026\\\/01\\\/icon_site.jpg\",\"width\":656,\"height\":656,\"caption\":\"Societatea Biblic\u0103 din Moldova\"},\"image\":{\"@id\":\"https:\\\/\\\/biblia.md\\\/#\\\/schema\\\/logo\\\/image\\\/\"},\"sameAs\":[\"https:\\\/\\\/www.facebook.com\\\/SocietateaBiblicaMoldova\\\/\",\"https:\\\/\\\/www.instagram.com\\\/biblia.md\\\/\"]}]}<\/script>\n<!-- \/ Yoast SEO plugin. -->","yoast_head_json":{"title":"Viata care merita traita - Societatea Biblic\u0103 din Moldova","robots":{"index":"index","follow":"follow","max-snippet":"max-snippet:-1","max-image-preview":"max-image-preview:large","max-video-preview":"max-video-preview:-1"},"canonical":"https:\/\/biblia.md\/ru\/shop\/viata-care-merita-traita\/","og_locale":"ru_RU","og_type":"article","og_title":"Viata care merita traita - Societatea Biblic\u0103 din Moldova","og_description":"Viata care merita traita, contine 16 meditatii scrise de Dumitru Cornilescu pornind de la diferite texte biblice.  CUPRINS  O via\u021b\u0103, o cale Picioarele lui Isus Ca o mam\u0103 Isus mai presus de orice O atingere minunat\u0103 Ologul vindecat Semnele Domnului Eliberare deplin\u0103 Pentru to\u021bi Harul Meu \u00ee\u021bi este de ajuns Frumuse\u021be \u0219i putere Vase preapline \u00cen Isus locuie\u0219te plin\u0103tatea Locuie\u0219te Duhul Sf\u00e2nt \u00een tine? Isus \u0219i furtunile din sufletul nostru \u00cencredin\u021bat \u00een m\u00e2inile lui Dumnezeu","og_url":"https:\/\/biblia.md\/ru\/shop\/viata-care-merita-traita\/","og_site_name":"Societatea Biblic\u0103 din Moldova","article_publisher":"https:\/\/www.facebook.com\/SocietateaBiblicaMoldova\/","og_image":[{"width":600,"height":900,"url":"https:\/\/biblia.md\/wp-content\/uploads\/2026\/01\/0000002002.jpeg","type":"image\/jpeg"}],"twitter_card":"summary_large_image","twitter_misc":{"\u041f\u0440\u0438\u043c\u0435\u0440\u043d\u043e\u0435 \u0432\u0440\u0435\u043c\u044f \u0434\u043b\u044f \u0447\u0442\u0435\u043d\u0438\u044f":"2 \u043c\u0438\u043d\u0443\u0442\u044b"},"schema":{"@context":"https:\/\/schema.org","@graph":[{"@type":"WebPage","@id":"https:\/\/biblia.md\/shop\/viata-care-merita-traita\/","url":"https:\/\/biblia.md\/shop\/viata-care-merita-traita\/","name":"Viata care merita traita - Societatea Biblic\u0103 din Moldova","isPartOf":{"@id":"https:\/\/biblia.md\/#website"},"primaryImageOfPage":{"@id":"https:\/\/biblia.md\/shop\/viata-care-merita-traita\/#primaryimage"},"image":{"@id":"https:\/\/biblia.md\/shop\/viata-care-merita-traita\/#primaryimage"},"thumbnailUrl":"https:\/\/biblia.md\/wp-content\/uploads\/2026\/01\/0000002002.jpeg","datePublished":"2026-01-13T14:04:21+00:00","breadcrumb":{"@id":"https:\/\/biblia.md\/shop\/viata-care-merita-traita\/#breadcrumb"},"inLanguage":"ru-RU","potentialAction":[{"@type":"ReadAction","target":["https:\/\/biblia.md\/shop\/viata-care-merita-traita\/"]}]},{"@type":"ImageObject","inLanguage":"ru-RU","@id":"https:\/\/biblia.md\/shop\/viata-care-merita-traita\/#primaryimage","url":"https:\/\/biblia.md\/wp-content\/uploads\/2026\/01\/0000002002.jpeg","contentUrl":"https:\/\/biblia.md\/wp-content\/uploads\/2026\/01\/0000002002.jpeg","width":600,"height":900},{"@type":"BreadcrumbList","@id":"https:\/\/biblia.md\/shop\/viata-care-merita-traita\/#breadcrumb","itemListElement":[{"@type":"ListItem","position":1,"name":"Prima pagin\u0103","item":"https:\/\/biblia.md\/"},{"@type":"ListItem","position":2,"name":"Shop","item":"https:\/\/biblia.md\/shop\/"},{"@type":"ListItem","position":3,"name":"Viata care merita traita"}]},{"@type":"WebSite","@id":"https:\/\/biblia.md\/#website","url":"https:\/\/biblia.md\/","name":"Societatea Biblic\u0103 din Moldova","description":"","publisher":{"@id":"https:\/\/biblia.md\/#organization"},"potentialAction":[{"@type":"SearchAction","target":{"@type":"EntryPoint","urlTemplate":"https:\/\/biblia.md\/?s={search_term_string}"},"query-input":{"@type":"PropertyValueSpecification","valueRequired":true,"valueName":"search_term_string"}}],"inLanguage":"ru-RU"},{"@type":"Organization","@id":"https:\/\/biblia.md\/#organization","name":"Societatea Biblic\u0103 din Moldova","url":"https:\/\/biblia.md\/","logo":{"@type":"ImageObject","inLanguage":"ru-RU","@id":"https:\/\/biblia.md\/#\/schema\/logo\/image\/","url":"https:\/\/biblia.md\/wp-content\/uploads\/2026\/01\/icon_site.jpg","contentUrl":"https:\/\/biblia.md\/wp-content\/uploads\/2026\/01\/icon_site.jpg","width":656,"height":656,"caption":"Societatea Biblic\u0103 din Moldova"},"image":{"@id":"https:\/\/biblia.md\/#\/schema\/logo\/image\/"},"sameAs":["https:\/\/www.facebook.com\/SocietateaBiblicaMoldova\/","https:\/\/www.instagram.com\/biblia.md\/"]}]}},"_links":{"self":[{"href":"https:\/\/biblia.md\/ru\/wp-json\/wp\/v2\/product\/31231","targetHints":{"allow":["GET"]}}],"collection":[{"href":"https:\/\/biblia.md\/ru\/wp-json\/wp\/v2\/product"}],"about":[{"href":"https:\/\/biblia.md\/ru\/wp-json\/wp\/v2\/types\/product"}],"replies":[{"embeddable":true,"href":"https:\/\/biblia.md\/ru\/wp-json\/wp\/v2\/comments?post=31231"}],"version-history":[{"count":1,"href":"https:\/\/biblia.md\/ru\/wp-json\/wp\/v2\/product\/31231\/revisions"}],"predecessor-version":[{"id":31233,"href":"https:\/\/biblia.md\/ru\/wp-json\/wp\/v2\/product\/31231\/revisions\/31233"}],"wp:featuredmedia":[{"embeddable":true,"href":"https:\/\/biblia.md\/ru\/wp-json\/wp\/v2\/media\/31232"}],"wp:attachment":[{"href":"https:\/\/biblia.md\/ru\/wp-json\/wp\/v2\/media?parent=31231"}],"wp:term":[{"taxonomy":"product_brand","embeddable":true,"href":"https:\/\/biblia.md\/ru\/wp-json\/wp\/v2\/product_brand?post=31231"},{"taxonomy":"product_cat","embeddable":true,"href":"https:\/\/biblia.md\/ru\/wp-json\/wp\/v2\/product_cat?post=31231"},{"taxonomy":"product_tag","embeddable":true,"href":"https:\/\/biblia.md\/ru\/wp-json\/wp\/v2\/product_tag?post=31231"}],"curies":[{"name":"wp","href":"https:\/\/api.w.org\/{rel}","templated":true}]}}