{"id":31352,"date":"2026-01-14T11:01:33","date_gmt":"2026-01-14T09:01:33","guid":{"rendered":"https:\/\/biblia.md\/?post_type=product&#038;p=31352"},"modified":"2026-03-24T16:10:51","modified_gmt":"2026-03-24T14:10:51","slug":"cele-zece-porunci-cel-mai-bun-cod-moral-existent","status":"publish","type":"product","link":"https:\/\/biblia.md\/ru\/shop\/cele-zece-porunci-cel-mai-bun-cod-moral-existent\/","title":{"rendered":"Cele zece porunci &#8211; Cel mai bun cod moral existent"},"content":{"rendered":"<p><strong data-entity-type=\"MessageEntityBold\">Dennis Prager<\/strong>\u00a0este un autor american foarte influent, moderatorul unei populare emisiuni de radio \u0219i un talentat vorbitor. Este cunoscut datorit\u0103 conservatorismului s\u0103u \u00een chestiunile politice \u0219i sociale precum \u0219i datorit\u0103 valorilor iudeo-cre\u0219tine pe care le \u00eemp\u0103rt\u0103\u0219e\u0219te.<\/p>","protected":false},"excerpt":{"rendered":"<p style=\"text-align: center\"><strong data-entity-type=\"MessageEntityBold\">Cele ZECE PORUNCI<\/strong><\/p>\n<p>Cele mai importante cuvinte scrise vreodat\u0103 au fost Cele Zece Porunci. Acestea au schimbat lumea \u0219i au constituit piatra de temelie a civiliza\u021biei vestice. Av\u00e2nd \u00een vedere importan\u021ba lor strategic\u0103, ne-am fi a\u0219teptat ca toate societ\u0103\u021bile, \u0219i mai cu seam\u0103 toate institu\u021biile educa\u021bionale \u0219i religioase, s\u0103 le studieze cu toat\u0103 seriozitatea. Din p\u0103cate, lucrurile stau exact pe dos. \u0218colile le ignor\u0103 iar bisericile \u0219i sinagogile le privesc ca pe un lucru obi\u0219nuit.<\/p>\n<p>Dar iat\u0103 un test simplu: Cine dintre noi poate repeta toate Cele Zece Porunci? \u0218i dintre cei care le cunosc, cine le \u0219i \u00een\u021belege?<\/p>\n<p><img decoding=\"async\" class=\"emoji emoji-small opacity-transition slow shown open\" src=\"https:\/\/web.telegram.org\/a\/img-apple-64\/2611.png\" alt=\"\u2611\" data-path=\".\/img-apple-64\/2611.png\" \/>\u00a0Dac\u0103 e\u0219ti agnostic, aceast\u0103 carte te va st\u00e2rni s\u0103 reg\u00e2nde\u0219ti perspectiva ta.<br \/>\n<img decoding=\"async\" class=\"emoji emoji-small opacity-transition slow shown open\" src=\"https:\/\/web.telegram.org\/a\/img-apple-64\/2611.png\" alt=\"\u2611\" data-path=\".\/img-apple-64\/2611.png\" \/>\u00a0Dac\u0103 e\u0219ti ateu, aceast\u0103 carte va pune la \u00eencercare convingerile tale.<br \/>\n<img decoding=\"async\" class=\"emoji emoji-small opacity-transition slow shown open\" src=\"https:\/\/web.telegram.org\/a\/img-apple-64\/2611.png\" alt=\"\u2611\" data-path=\".\/img-apple-64\/2611.png\" \/>\u00a0Dac\u0103 ai cuno\u0219tin\u021be vagi despre Cele Zece Porunci, aceast\u0103 carte va fi ca o revela\u021bie.<br \/>\n<img decoding=\"async\" class=\"emoji emoji-small opacity-transition slow shown open\" src=\"https:\/\/web.telegram.org\/a\/img-apple-64\/2611.png\" alt=\"\u2611\" data-path=\".\/img-apple-64\/2611.png\" \/>\u00a0Dac\u0103 e\u0219ti credincios, aceast\u0103 carte \u00ee\u021bi va \u00eent\u0103ri credin\u021ba.<\/p>\n<p>&nbsp;<\/p>","protected":false},"featured_media":37078,"comment_status":"open","ping_status":"closed","template":"","meta":[],"product_brand":[],"product_cat":[377,388],"product_tag":[],"class_list":{"0":"post-31352","1":"product","2":"type-product","3":"status-publish","4":"has-post-thumbnail","6":"product_cat-carti","7":"product_cat-viata-crestina","8":"product_author-dennis-prager","9":"product_genre-knigi-rom","11":"first","12":"instock","13":"shipping-taxable","14":"purchasable","15":"product-type-simple"},"yoast_head":"<!-- This site is optimized with the Yoast SEO plugin v27.3 - https:\/\/yoast.com\/product\/yoast-seo-wordpress\/ -->\n<title>Cele zece porunci - Cel mai bun cod moral existent - Societatea Biblic\u0103 din Moldova<\/title>\n<meta name=\"robots\" content=\"index, follow, max-snippet:-1, max-image-preview:large, max-video-preview:-1\" \/>\n<link rel=\"canonical\" href=\"https:\/\/biblia.md\/ru\/shop\/cele-zece-porunci-cel-mai-bun-cod-moral-existent\/\" \/>\n<meta property=\"og:locale\" content=\"ru_RU\" \/>\n<meta property=\"og:type\" content=\"article\" \/>\n<meta property=\"og:title\" content=\"Cele zece porunci - Cel mai bun cod moral existent - Societatea Biblic\u0103 din Moldova\" \/>\n<meta property=\"og:description\" content=\"Cele ZECE PORUNCI Cele mai importante cuvinte scrise vreodat\u0103 au fost Cele Zece Porunci. Acestea au schimbat lumea \u0219i au constituit piatra de temelie a civiliza\u021biei vestice. Av\u00e2nd \u00een vedere importan\u021ba lor strategic\u0103, ne-am fi a\u0219teptat ca toate societ\u0103\u021bile, \u0219i mai cu seam\u0103 toate institu\u021biile educa\u021bionale \u0219i religioase, s\u0103 le studieze cu toat\u0103 seriozitatea. Din p\u0103cate, lucrurile stau exact pe dos. \u0218colile le ignor\u0103 iar bisericile \u0219i sinagogile le privesc ca pe un lucru obi\u0219nuit.  Dar iat\u0103 un test simplu: Cine dintre noi poate repeta toate Cele Zece Porunci? \u0218i dintre cei care le cunosc, cine le \u0219i \u00een\u021belege?  \u00a0Dac\u0103 e\u0219ti agnostic, aceast\u0103 carte te va st\u00e2rni s\u0103 reg\u00e2nde\u0219ti perspectiva ta. \u00a0Dac\u0103 e\u0219ti ateu, aceast\u0103 carte va pune la \u00eencercare convingerile tale. \u00a0Dac\u0103 ai cuno\u0219tin\u021be vagi despre Cele Zece Porunci, aceast\u0103 carte va fi ca o revela\u021bie. \u00a0Dac\u0103 e\u0219ti credincios, aceast\u0103 carte \u00ee\u021bi va \u00eent\u0103ri credin\u021ba.  &nbsp;\" \/>\n<meta property=\"og:url\" content=\"https:\/\/biblia.md\/ru\/shop\/cele-zece-porunci-cel-mai-bun-cod-moral-existent\/\" \/>\n<meta property=\"og:site_name\" content=\"Societatea Biblic\u0103 din Moldova\" \/>\n<meta property=\"article:publisher\" content=\"https:\/\/www.facebook.com\/SocietateaBiblicaMoldova\/\" \/>\n<meta property=\"article:modified_time\" content=\"2026-03-24T14:10:51+00:00\" \/>\n<meta property=\"og:image\" content=\"https:\/\/biblia.md\/wp-content\/uploads\/2026\/01\/0000000764.jpg\" \/>\n\t<meta property=\"og:image:width\" content=\"600\" \/>\n\t<meta property=\"og:image:height\" content=\"900\" \/>\n\t<meta property=\"og:image:type\" content=\"image\/jpeg\" \/>\n<meta name=\"twitter:card\" content=\"summary_large_image\" \/>\n<script type=\"application\/ld+json\" class=\"yoast-schema-graph\">{\"@context\":\"https:\\\/\\\/schema.org\",\"@graph\":[{\"@type\":\"WebPage\",\"@id\":\"https:\\\/\\\/biblia.md\\\/shop\\\/cele-zece-porunci-cel-mai-bun-cod-moral-existent\\\/\",\"url\":\"https:\\\/\\\/biblia.md\\\/shop\\\/cele-zece-porunci-cel-mai-bun-cod-moral-existent\\\/\",\"name\":\"Cele zece porunci - Cel mai bun cod moral existent - Societatea Biblic\u0103 din Moldova\",\"isPartOf\":{\"@id\":\"https:\\\/\\\/biblia.md\\\/#website\"},\"primaryImageOfPage\":{\"@id\":\"https:\\\/\\\/biblia.md\\\/shop\\\/cele-zece-porunci-cel-mai-bun-cod-moral-existent\\\/#primaryimage\"},\"image\":{\"@id\":\"https:\\\/\\\/biblia.md\\\/shop\\\/cele-zece-porunci-cel-mai-bun-cod-moral-existent\\\/#primaryimage\"},\"thumbnailUrl\":\"https:\\\/\\\/biblia.md\\\/wp-content\\\/uploads\\\/2026\\\/01\\\/c89168fb-54b1-4877-b3f2-38d77d6c2ad3.png\",\"datePublished\":\"2026-01-14T09:01:33+00:00\",\"dateModified\":\"2026-03-24T14:10:51+00:00\",\"breadcrumb\":{\"@id\":\"https:\\\/\\\/biblia.md\\\/shop\\\/cele-zece-porunci-cel-mai-bun-cod-moral-existent\\\/#breadcrumb\"},\"inLanguage\":\"ru-RU\",\"potentialAction\":[{\"@type\":\"ReadAction\",\"target\":[\"https:\\\/\\\/biblia.md\\\/shop\\\/cele-zece-porunci-cel-mai-bun-cod-moral-existent\\\/\"]}]},{\"@type\":\"ImageObject\",\"inLanguage\":\"ru-RU\",\"@id\":\"https:\\\/\\\/biblia.md\\\/shop\\\/cele-zece-porunci-cel-mai-bun-cod-moral-existent\\\/#primaryimage\",\"url\":\"https:\\\/\\\/biblia.md\\\/wp-content\\\/uploads\\\/2026\\\/01\\\/c89168fb-54b1-4877-b3f2-38d77d6c2ad3.png\",\"contentUrl\":\"https:\\\/\\\/biblia.md\\\/wp-content\\\/uploads\\\/2026\\\/01\\\/c89168fb-54b1-4877-b3f2-38d77d6c2ad3.png\",\"width\":1024,\"height\":1536},{\"@type\":\"BreadcrumbList\",\"@id\":\"https:\\\/\\\/biblia.md\\\/shop\\\/cele-zece-porunci-cel-mai-bun-cod-moral-existent\\\/#breadcrumb\",\"itemListElement\":[{\"@type\":\"ListItem\",\"position\":1,\"name\":\"Prima pagin\u0103\",\"item\":\"https:\\\/\\\/biblia.md\\\/\"},{\"@type\":\"ListItem\",\"position\":2,\"name\":\"Shop\",\"item\":\"https:\\\/\\\/biblia.md\\\/shop\\\/\"},{\"@type\":\"ListItem\",\"position\":3,\"name\":\"Cele zece porunci &#8211; Cel mai bun cod moral existent\"}]},{\"@type\":\"WebSite\",\"@id\":\"https:\\\/\\\/biblia.md\\\/#website\",\"url\":\"https:\\\/\\\/biblia.md\\\/\",\"name\":\"Societatea Biblic\u0103 din Moldova\",\"description\":\"\",\"publisher\":{\"@id\":\"https:\\\/\\\/biblia.md\\\/#organization\"},\"potentialAction\":[{\"@type\":\"SearchAction\",\"target\":{\"@type\":\"EntryPoint\",\"urlTemplate\":\"https:\\\/\\\/biblia.md\\\/?s={search_term_string}\"},\"query-input\":{\"@type\":\"PropertyValueSpecification\",\"valueRequired\":true,\"valueName\":\"search_term_string\"}}],\"inLanguage\":\"ru-RU\"},{\"@type\":\"Organization\",\"@id\":\"https:\\\/\\\/biblia.md\\\/#organization\",\"name\":\"Societatea Biblic\u0103 din Moldova\",\"url\":\"https:\\\/\\\/biblia.md\\\/\",\"logo\":{\"@type\":\"ImageObject\",\"inLanguage\":\"ru-RU\",\"@id\":\"https:\\\/\\\/biblia.md\\\/#\\\/schema\\\/logo\\\/image\\\/\",\"url\":\"https:\\\/\\\/biblia.md\\\/wp-content\\\/uploads\\\/2026\\\/01\\\/icon_site.jpg\",\"contentUrl\":\"https:\\\/\\\/biblia.md\\\/wp-content\\\/uploads\\\/2026\\\/01\\\/icon_site.jpg\",\"width\":656,\"height\":656,\"caption\":\"Societatea Biblic\u0103 din Moldova\"},\"image\":{\"@id\":\"https:\\\/\\\/biblia.md\\\/#\\\/schema\\\/logo\\\/image\\\/\"},\"sameAs\":[\"https:\\\/\\\/www.facebook.com\\\/SocietateaBiblicaMoldova\\\/\",\"https:\\\/\\\/www.instagram.com\\\/biblia.md\\\/\"]}]}<\/script>\n<!-- \/ Yoast SEO plugin. -->","yoast_head_json":{"title":"Cele zece porunci - Cel mai bun cod moral existent - Societatea Biblic\u0103 din Moldova","robots":{"index":"index","follow":"follow","max-snippet":"max-snippet:-1","max-image-preview":"max-image-preview:large","max-video-preview":"max-video-preview:-1"},"canonical":"https:\/\/biblia.md\/ru\/shop\/cele-zece-porunci-cel-mai-bun-cod-moral-existent\/","og_locale":"ru_RU","og_type":"article","og_title":"Cele zece porunci - Cel mai bun cod moral existent - Societatea Biblic\u0103 din Moldova","og_description":"Cele ZECE PORUNCI Cele mai importante cuvinte scrise vreodat\u0103 au fost Cele Zece Porunci. Acestea au schimbat lumea \u0219i au constituit piatra de temelie a civiliza\u021biei vestice. Av\u00e2nd \u00een vedere importan\u021ba lor strategic\u0103, ne-am fi a\u0219teptat ca toate societ\u0103\u021bile, \u0219i mai cu seam\u0103 toate institu\u021biile educa\u021bionale \u0219i religioase, s\u0103 le studieze cu toat\u0103 seriozitatea. Din p\u0103cate, lucrurile stau exact pe dos. \u0218colile le ignor\u0103 iar bisericile \u0219i sinagogile le privesc ca pe un lucru obi\u0219nuit.  Dar iat\u0103 un test simplu: Cine dintre noi poate repeta toate Cele Zece Porunci? \u0218i dintre cei care le cunosc, cine le \u0219i \u00een\u021belege?  \u00a0Dac\u0103 e\u0219ti agnostic, aceast\u0103 carte te va st\u00e2rni s\u0103 reg\u00e2nde\u0219ti perspectiva ta. \u00a0Dac\u0103 e\u0219ti ateu, aceast\u0103 carte va pune la \u00eencercare convingerile tale. \u00a0Dac\u0103 ai cuno\u0219tin\u021be vagi despre Cele Zece Porunci, aceast\u0103 carte va fi ca o revela\u021bie. \u00a0Dac\u0103 e\u0219ti credincios, aceast\u0103 carte \u00ee\u021bi va \u00eent\u0103ri credin\u021ba.  &nbsp;","og_url":"https:\/\/biblia.md\/ru\/shop\/cele-zece-porunci-cel-mai-bun-cod-moral-existent\/","og_site_name":"Societatea Biblic\u0103 din Moldova","article_publisher":"https:\/\/www.facebook.com\/SocietateaBiblicaMoldova\/","article_modified_time":"2026-03-24T14:10:51+00:00","og_image":[{"width":600,"height":900,"url":"https:\/\/biblia.md\/wp-content\/uploads\/2026\/01\/0000000764.jpg","type":"image\/jpeg"}],"twitter_card":"summary_large_image","schema":{"@context":"https:\/\/schema.org","@graph":[{"@type":"WebPage","@id":"https:\/\/biblia.md\/shop\/cele-zece-porunci-cel-mai-bun-cod-moral-existent\/","url":"https:\/\/biblia.md\/shop\/cele-zece-porunci-cel-mai-bun-cod-moral-existent\/","name":"Cele zece porunci - Cel mai bun cod moral existent - Societatea Biblic\u0103 din Moldova","isPartOf":{"@id":"https:\/\/biblia.md\/#website"},"primaryImageOfPage":{"@id":"https:\/\/biblia.md\/shop\/cele-zece-porunci-cel-mai-bun-cod-moral-existent\/#primaryimage"},"image":{"@id":"https:\/\/biblia.md\/shop\/cele-zece-porunci-cel-mai-bun-cod-moral-existent\/#primaryimage"},"thumbnailUrl":"https:\/\/biblia.md\/wp-content\/uploads\/2026\/01\/c89168fb-54b1-4877-b3f2-38d77d6c2ad3.png","datePublished":"2026-01-14T09:01:33+00:00","dateModified":"2026-03-24T14:10:51+00:00","breadcrumb":{"@id":"https:\/\/biblia.md\/shop\/cele-zece-porunci-cel-mai-bun-cod-moral-existent\/#breadcrumb"},"inLanguage":"ru-RU","potentialAction":[{"@type":"ReadAction","target":["https:\/\/biblia.md\/shop\/cele-zece-porunci-cel-mai-bun-cod-moral-existent\/"]}]},{"@type":"ImageObject","inLanguage":"ru-RU","@id":"https:\/\/biblia.md\/shop\/cele-zece-porunci-cel-mai-bun-cod-moral-existent\/#primaryimage","url":"https:\/\/biblia.md\/wp-content\/uploads\/2026\/01\/c89168fb-54b1-4877-b3f2-38d77d6c2ad3.png","contentUrl":"https:\/\/biblia.md\/wp-content\/uploads\/2026\/01\/c89168fb-54b1-4877-b3f2-38d77d6c2ad3.png","width":1024,"height":1536},{"@type":"BreadcrumbList","@id":"https:\/\/biblia.md\/shop\/cele-zece-porunci-cel-mai-bun-cod-moral-existent\/#breadcrumb","itemListElement":[{"@type":"ListItem","position":1,"name":"Prima pagin\u0103","item":"https:\/\/biblia.md\/"},{"@type":"ListItem","position":2,"name":"Shop","item":"https:\/\/biblia.md\/shop\/"},{"@type":"ListItem","position":3,"name":"Cele zece porunci &#8211; Cel mai bun cod moral existent"}]},{"@type":"WebSite","@id":"https:\/\/biblia.md\/#website","url":"https:\/\/biblia.md\/","name":"Societatea Biblic\u0103 din Moldova","description":"","publisher":{"@id":"https:\/\/biblia.md\/#organization"},"potentialAction":[{"@type":"SearchAction","target":{"@type":"EntryPoint","urlTemplate":"https:\/\/biblia.md\/?s={search_term_string}"},"query-input":{"@type":"PropertyValueSpecification","valueRequired":true,"valueName":"search_term_string"}}],"inLanguage":"ru-RU"},{"@type":"Organization","@id":"https:\/\/biblia.md\/#organization","name":"Societatea Biblic\u0103 din Moldova","url":"https:\/\/biblia.md\/","logo":{"@type":"ImageObject","inLanguage":"ru-RU","@id":"https:\/\/biblia.md\/#\/schema\/logo\/image\/","url":"https:\/\/biblia.md\/wp-content\/uploads\/2026\/01\/icon_site.jpg","contentUrl":"https:\/\/biblia.md\/wp-content\/uploads\/2026\/01\/icon_site.jpg","width":656,"height":656,"caption":"Societatea Biblic\u0103 din Moldova"},"image":{"@id":"https:\/\/biblia.md\/#\/schema\/logo\/image\/"},"sameAs":["https:\/\/www.facebook.com\/SocietateaBiblicaMoldova\/","https:\/\/www.instagram.com\/biblia.md\/"]}]}},"_links":{"self":[{"href":"https:\/\/biblia.md\/ru\/wp-json\/wp\/v2\/product\/31352","targetHints":{"allow":["GET"]}}],"collection":[{"href":"https:\/\/biblia.md\/ru\/wp-json\/wp\/v2\/product"}],"about":[{"href":"https:\/\/biblia.md\/ru\/wp-json\/wp\/v2\/types\/product"}],"replies":[{"embeddable":true,"href":"https:\/\/biblia.md\/ru\/wp-json\/wp\/v2\/comments?post=31352"}],"version-history":[{"count":2,"href":"https:\/\/biblia.md\/ru\/wp-json\/wp\/v2\/product\/31352\/revisions"}],"predecessor-version":[{"id":31361,"href":"https:\/\/biblia.md\/ru\/wp-json\/wp\/v2\/product\/31352\/revisions\/31361"}],"wp:featuredmedia":[{"embeddable":true,"href":"https:\/\/biblia.md\/ru\/wp-json\/wp\/v2\/media\/37078"}],"wp:attachment":[{"href":"https:\/\/biblia.md\/ru\/wp-json\/wp\/v2\/media?parent=31352"}],"wp:term":[{"taxonomy":"product_brand","embeddable":true,"href":"https:\/\/biblia.md\/ru\/wp-json\/wp\/v2\/product_brand?post=31352"},{"taxonomy":"product_cat","embeddable":true,"href":"https:\/\/biblia.md\/ru\/wp-json\/wp\/v2\/product_cat?post=31352"},{"taxonomy":"product_tag","embeddable":true,"href":"https:\/\/biblia.md\/ru\/wp-json\/wp\/v2\/product_tag?post=31352"}],"curies":[{"name":"wp","href":"https:\/\/api.w.org\/{rel}","templated":true}]}}