{"id":31626,"date":"2026-01-15T22:34:34","date_gmt":"2026-01-15T20:34:34","guid":{"rendered":"https:\/\/biblia.md\/?post_type=product&#038;p=31626"},"modified":"2026-01-15T22:34:34","modified_gmt":"2026-01-15T20:34:34","slug":"comentariu-exegetic-al-noului-testament-efeseni","status":"publish","type":"product","link":"https:\/\/biblia.md\/ru\/shop\/comentariu-exegetic-al-noului-testament-efeseni\/","title":{"rendered":"Comentariu exegetic al Noului Testament &#8211; Efeseni"},"content":{"rendered":"<p style=\"text-align: left\">Comentariu exegetic al Noului Testament<\/p>\n<p>Conceput pentru pastori si invatatori biblici, seria de Comentarii exegetice ale Noului Testament aduna elemente ale comentariilor biblice clasice regasite rareori impreuna intr-un singur volum. Scrise de cercetatori biblici remarcabili, fiecare volum abordeaza contextul literar si structura pasajului din limba greaca si fiecare autor are propria traducere pe baza structurii literare. Este prezentata ideea principala a pasajului, structura lui exegetica, un comentariu verset cu verset si aplicatii teologice. Sunt consultati multi cercetatori biblici, dar acest fapt nu domina comentariul, permitand cititorului sa se concentreze asupra mesajului autorului biblic. Desi se adreseaza in principal celor care cunosc limba greaca biblica, aceste comentarii vor fi benefice si celor carora le lipsesc aceste cunostinte. Seria contine 20 de volume, iar editorul general este Clinton E. Arnold.<\/p>\n<p>Despre autor<\/p>\n<p><img decoding=\"async\" class=\"wp-image-4957 alignleft\" src=\"https:\/\/nouasperanta.ro\/wp-content\/uploads\/2020\/11\/Clinton-E.-Arnold.jpg\" alt=\"\" width=\"65\" height=\"98\" \/><\/p>\n<p>Clinton E. Arnold, este decan la Talbot School of Theology \u0219i s-a specializat \u00een scrierile pauline, cartea Faptele Apostolilor, religiile greco-romane, apari\u021bia cre\u0219tinismului \u00een Asia Mic\u0103 \u0219i teologia sfin\u021birii. A publicat mai multe c\u0103r\u021bi \u0219i articole. De asemenea, este editorul general al seriei de comentarii exegetice de la Zondervan. Este c\u0103s\u0103torit cu Barbara \u0219i au trei copii.<\/p>","protected":false},"excerpt":{"rendered":"<p>EFESENI<\/p>\n<p>\u00cen acest volum, Clinton Arnold eviden\u021biaz\u0103 patru teme desprinse din epistola scris\u0103 de Pavel efesenilor:<\/p>\n<p>1. Puterea superioar\u0103 a lui Dumnezeu asupra puterilor spirituale;<br \/>\n2. Unitatea \u00eentre evrei \u0219i neamuri prin Isus Cristos;<br \/>\n3. \u00cencurajarea cre\u0219tinilor neevrei s\u0103 tr\u0103iasc\u0103 vie\u021bi sfinte \u00eenaintea lui Dumnezeu;<br \/>\n4. \u00cendemnul pentru credincio\u0219i s\u0103 fie \u00eenr\u0103d\u0103cina\u021bi \u00een cunoa\u0219terea noii lor identit\u0103\u021bi \u00een Cristos Isus.<\/p>\n<p>\u00cempletit\u0103 \u00een teologia lui Pavel g\u0103sim lauda \u0219i adorarea adus\u0103 lui Dumnezeu, apostolul ar\u0103t\u00e2nd astfel c\u0103 acesta trebuie s\u0103 fie \u0219i r\u0103spunsul nostru. Cu aplecare spre problemele pe care le \u00eenfrunt\u0103 biserica de ast\u0103zi, acest comentariu ofer\u0103 pastorilor, \u00eenv\u0103\u021b\u0103torilor \u0219i studen\u021bilor o resurs\u0103 \u00een care sunt concentrate informa\u021biile necesare studierii Epistolei c\u0103tre Efeseni.<\/p>","protected":false},"featured_media":31627,"comment_status":"open","ping_status":"closed","template":"","meta":[],"product_brand":[],"product_cat":[377,392],"product_tag":[],"class_list":{"0":"post-31626","1":"product","2":"type-product","3":"status-publish","4":"has-post-thumbnail","6":"product_cat-carti","7":"product_cat-comentarii-biblice","8":"product_author-clinton-e-arnold","9":"product_genre-knigi-rom","11":"first","12":"instock","13":"shipping-taxable","14":"purchasable","15":"product-type-simple"},"yoast_head":"<!-- This site is optimized with the Yoast SEO plugin v27.3 - https:\/\/yoast.com\/product\/yoast-seo-wordpress\/ -->\n<title>Comentariu exegetic al Noului Testament - Efeseni - Societatea Biblic\u0103 din Moldova<\/title>\n<meta name=\"robots\" content=\"index, follow, max-snippet:-1, max-image-preview:large, max-video-preview:-1\" \/>\n<link rel=\"canonical\" href=\"https:\/\/biblia.md\/ru\/shop\/comentariu-exegetic-al-noului-testament-efeseni\/\" \/>\n<meta property=\"og:locale\" content=\"ru_RU\" \/>\n<meta property=\"og:type\" content=\"article\" \/>\n<meta property=\"og:title\" content=\"Comentariu exegetic al Noului Testament - Efeseni - Societatea Biblic\u0103 din Moldova\" \/>\n<meta property=\"og:description\" content=\"EFESENI  \u00cen acest volum, Clinton Arnold eviden\u021biaz\u0103 patru teme desprinse din epistola scris\u0103 de Pavel efesenilor:  1. Puterea superioar\u0103 a lui Dumnezeu asupra puterilor spirituale; 2. Unitatea \u00eentre evrei \u0219i neamuri prin Isus Cristos; 3. \u00cencurajarea cre\u0219tinilor neevrei s\u0103 tr\u0103iasc\u0103 vie\u021bi sfinte \u00eenaintea lui Dumnezeu; 4. \u00cendemnul pentru credincio\u0219i s\u0103 fie \u00eenr\u0103d\u0103cina\u021bi \u00een cunoa\u0219terea noii lor identit\u0103\u021bi \u00een Cristos Isus.  \u00cempletit\u0103 \u00een teologia lui Pavel g\u0103sim lauda \u0219i adorarea adus\u0103 lui Dumnezeu, apostolul ar\u0103t\u00e2nd astfel c\u0103 acesta trebuie s\u0103 fie \u0219i r\u0103spunsul nostru. Cu aplecare spre problemele pe care le \u00eenfrunt\u0103 biserica de ast\u0103zi, acest comentariu ofer\u0103 pastorilor, \u00eenv\u0103\u021b\u0103torilor \u0219i studen\u021bilor o resurs\u0103 \u00een care sunt concentrate informa\u021biile necesare studierii Epistolei c\u0103tre Efeseni.\" \/>\n<meta property=\"og:url\" content=\"https:\/\/biblia.md\/ru\/shop\/comentariu-exegetic-al-noului-testament-efeseni\/\" \/>\n<meta property=\"og:site_name\" content=\"Societatea Biblic\u0103 din Moldova\" \/>\n<meta property=\"article:publisher\" content=\"https:\/\/www.facebook.com\/SocietateaBiblicaMoldova\/\" \/>\n<meta property=\"og:image\" content=\"https:\/\/biblia.md\/wp-content\/uploads\/2026\/01\/0000008350.jpg\" \/>\n\t<meta property=\"og:image:width\" content=\"600\" \/>\n\t<meta property=\"og:image:height\" content=\"900\" \/>\n\t<meta property=\"og:image:type\" content=\"image\/jpeg\" \/>\n<meta name=\"twitter:card\" content=\"summary_large_image\" \/>\n<meta name=\"twitter:label1\" content=\"\u041f\u0440\u0438\u043c\u0435\u0440\u043d\u043e\u0435 \u0432\u0440\u0435\u043c\u044f \u0434\u043b\u044f \u0447\u0442\u0435\u043d\u0438\u044f\" \/>\n\t<meta name=\"twitter:data1\" content=\"1 \u043c\u0438\u043d\u0443\u0442\u0430\" \/>\n<script type=\"application\/ld+json\" class=\"yoast-schema-graph\">{\"@context\":\"https:\\\/\\\/schema.org\",\"@graph\":[{\"@type\":\"WebPage\",\"@id\":\"https:\\\/\\\/biblia.md\\\/shop\\\/comentariu-exegetic-al-noului-testament-efeseni\\\/\",\"url\":\"https:\\\/\\\/biblia.md\\\/shop\\\/comentariu-exegetic-al-noului-testament-efeseni\\\/\",\"name\":\"Comentariu exegetic al Noului Testament - Efeseni - Societatea Biblic\u0103 din Moldova\",\"isPartOf\":{\"@id\":\"https:\\\/\\\/biblia.md\\\/#website\"},\"primaryImageOfPage\":{\"@id\":\"https:\\\/\\\/biblia.md\\\/shop\\\/comentariu-exegetic-al-noului-testament-efeseni\\\/#primaryimage\"},\"image\":{\"@id\":\"https:\\\/\\\/biblia.md\\\/shop\\\/comentariu-exegetic-al-noului-testament-efeseni\\\/#primaryimage\"},\"thumbnailUrl\":\"https:\\\/\\\/biblia.md\\\/wp-content\\\/uploads\\\/2026\\\/01\\\/0000008350.jpg\",\"datePublished\":\"2026-01-15T20:34:34+00:00\",\"breadcrumb\":{\"@id\":\"https:\\\/\\\/biblia.md\\\/shop\\\/comentariu-exegetic-al-noului-testament-efeseni\\\/#breadcrumb\"},\"inLanguage\":\"ru-RU\",\"potentialAction\":[{\"@type\":\"ReadAction\",\"target\":[\"https:\\\/\\\/biblia.md\\\/shop\\\/comentariu-exegetic-al-noului-testament-efeseni\\\/\"]}]},{\"@type\":\"ImageObject\",\"inLanguage\":\"ru-RU\",\"@id\":\"https:\\\/\\\/biblia.md\\\/shop\\\/comentariu-exegetic-al-noului-testament-efeseni\\\/#primaryimage\",\"url\":\"https:\\\/\\\/biblia.md\\\/wp-content\\\/uploads\\\/2026\\\/01\\\/0000008350.jpg\",\"contentUrl\":\"https:\\\/\\\/biblia.md\\\/wp-content\\\/uploads\\\/2026\\\/01\\\/0000008350.jpg\",\"width\":600,\"height\":900},{\"@type\":\"BreadcrumbList\",\"@id\":\"https:\\\/\\\/biblia.md\\\/shop\\\/comentariu-exegetic-al-noului-testament-efeseni\\\/#breadcrumb\",\"itemListElement\":[{\"@type\":\"ListItem\",\"position\":1,\"name\":\"Prima pagin\u0103\",\"item\":\"https:\\\/\\\/biblia.md\\\/\"},{\"@type\":\"ListItem\",\"position\":2,\"name\":\"Shop\",\"item\":\"https:\\\/\\\/biblia.md\\\/shop\\\/\"},{\"@type\":\"ListItem\",\"position\":3,\"name\":\"Comentariu exegetic al Noului Testament &#8211; Efeseni\"}]},{\"@type\":\"WebSite\",\"@id\":\"https:\\\/\\\/biblia.md\\\/#website\",\"url\":\"https:\\\/\\\/biblia.md\\\/\",\"name\":\"Societatea Biblic\u0103 din Moldova\",\"description\":\"\",\"publisher\":{\"@id\":\"https:\\\/\\\/biblia.md\\\/#organization\"},\"potentialAction\":[{\"@type\":\"SearchAction\",\"target\":{\"@type\":\"EntryPoint\",\"urlTemplate\":\"https:\\\/\\\/biblia.md\\\/?s={search_term_string}\"},\"query-input\":{\"@type\":\"PropertyValueSpecification\",\"valueRequired\":true,\"valueName\":\"search_term_string\"}}],\"inLanguage\":\"ru-RU\"},{\"@type\":\"Organization\",\"@id\":\"https:\\\/\\\/biblia.md\\\/#organization\",\"name\":\"Societatea Biblic\u0103 din Moldova\",\"url\":\"https:\\\/\\\/biblia.md\\\/\",\"logo\":{\"@type\":\"ImageObject\",\"inLanguage\":\"ru-RU\",\"@id\":\"https:\\\/\\\/biblia.md\\\/#\\\/schema\\\/logo\\\/image\\\/\",\"url\":\"https:\\\/\\\/biblia.md\\\/wp-content\\\/uploads\\\/2026\\\/01\\\/icon_site.jpg\",\"contentUrl\":\"https:\\\/\\\/biblia.md\\\/wp-content\\\/uploads\\\/2026\\\/01\\\/icon_site.jpg\",\"width\":656,\"height\":656,\"caption\":\"Societatea Biblic\u0103 din Moldova\"},\"image\":{\"@id\":\"https:\\\/\\\/biblia.md\\\/#\\\/schema\\\/logo\\\/image\\\/\"},\"sameAs\":[\"https:\\\/\\\/www.facebook.com\\\/SocietateaBiblicaMoldova\\\/\",\"https:\\\/\\\/www.instagram.com\\\/biblia.md\\\/\"]}]}<\/script>\n<!-- \/ Yoast SEO plugin. -->","yoast_head_json":{"title":"Comentariu exegetic al Noului Testament - Efeseni - Societatea Biblic\u0103 din Moldova","robots":{"index":"index","follow":"follow","max-snippet":"max-snippet:-1","max-image-preview":"max-image-preview:large","max-video-preview":"max-video-preview:-1"},"canonical":"https:\/\/biblia.md\/ru\/shop\/comentariu-exegetic-al-noului-testament-efeseni\/","og_locale":"ru_RU","og_type":"article","og_title":"Comentariu exegetic al Noului Testament - Efeseni - Societatea Biblic\u0103 din Moldova","og_description":"EFESENI  \u00cen acest volum, Clinton Arnold eviden\u021biaz\u0103 patru teme desprinse din epistola scris\u0103 de Pavel efesenilor:  1. Puterea superioar\u0103 a lui Dumnezeu asupra puterilor spirituale; 2. Unitatea \u00eentre evrei \u0219i neamuri prin Isus Cristos; 3. \u00cencurajarea cre\u0219tinilor neevrei s\u0103 tr\u0103iasc\u0103 vie\u021bi sfinte \u00eenaintea lui Dumnezeu; 4. \u00cendemnul pentru credincio\u0219i s\u0103 fie \u00eenr\u0103d\u0103cina\u021bi \u00een cunoa\u0219terea noii lor identit\u0103\u021bi \u00een Cristos Isus.  \u00cempletit\u0103 \u00een teologia lui Pavel g\u0103sim lauda \u0219i adorarea adus\u0103 lui Dumnezeu, apostolul ar\u0103t\u00e2nd astfel c\u0103 acesta trebuie s\u0103 fie \u0219i r\u0103spunsul nostru. Cu aplecare spre problemele pe care le \u00eenfrunt\u0103 biserica de ast\u0103zi, acest comentariu ofer\u0103 pastorilor, \u00eenv\u0103\u021b\u0103torilor \u0219i studen\u021bilor o resurs\u0103 \u00een care sunt concentrate informa\u021biile necesare studierii Epistolei c\u0103tre Efeseni.","og_url":"https:\/\/biblia.md\/ru\/shop\/comentariu-exegetic-al-noului-testament-efeseni\/","og_site_name":"Societatea Biblic\u0103 din Moldova","article_publisher":"https:\/\/www.facebook.com\/SocietateaBiblicaMoldova\/","og_image":[{"width":600,"height":900,"url":"https:\/\/biblia.md\/wp-content\/uploads\/2026\/01\/0000008350.jpg","type":"image\/jpeg"}],"twitter_card":"summary_large_image","twitter_misc":{"\u041f\u0440\u0438\u043c\u0435\u0440\u043d\u043e\u0435 \u0432\u0440\u0435\u043c\u044f \u0434\u043b\u044f \u0447\u0442\u0435\u043d\u0438\u044f":"1 \u043c\u0438\u043d\u0443\u0442\u0430"},"schema":{"@context":"https:\/\/schema.org","@graph":[{"@type":"WebPage","@id":"https:\/\/biblia.md\/shop\/comentariu-exegetic-al-noului-testament-efeseni\/","url":"https:\/\/biblia.md\/shop\/comentariu-exegetic-al-noului-testament-efeseni\/","name":"Comentariu exegetic al Noului Testament - Efeseni - Societatea Biblic\u0103 din Moldova","isPartOf":{"@id":"https:\/\/biblia.md\/#website"},"primaryImageOfPage":{"@id":"https:\/\/biblia.md\/shop\/comentariu-exegetic-al-noului-testament-efeseni\/#primaryimage"},"image":{"@id":"https:\/\/biblia.md\/shop\/comentariu-exegetic-al-noului-testament-efeseni\/#primaryimage"},"thumbnailUrl":"https:\/\/biblia.md\/wp-content\/uploads\/2026\/01\/0000008350.jpg","datePublished":"2026-01-15T20:34:34+00:00","breadcrumb":{"@id":"https:\/\/biblia.md\/shop\/comentariu-exegetic-al-noului-testament-efeseni\/#breadcrumb"},"inLanguage":"ru-RU","potentialAction":[{"@type":"ReadAction","target":["https:\/\/biblia.md\/shop\/comentariu-exegetic-al-noului-testament-efeseni\/"]}]},{"@type":"ImageObject","inLanguage":"ru-RU","@id":"https:\/\/biblia.md\/shop\/comentariu-exegetic-al-noului-testament-efeseni\/#primaryimage","url":"https:\/\/biblia.md\/wp-content\/uploads\/2026\/01\/0000008350.jpg","contentUrl":"https:\/\/biblia.md\/wp-content\/uploads\/2026\/01\/0000008350.jpg","width":600,"height":900},{"@type":"BreadcrumbList","@id":"https:\/\/biblia.md\/shop\/comentariu-exegetic-al-noului-testament-efeseni\/#breadcrumb","itemListElement":[{"@type":"ListItem","position":1,"name":"Prima pagin\u0103","item":"https:\/\/biblia.md\/"},{"@type":"ListItem","position":2,"name":"Shop","item":"https:\/\/biblia.md\/shop\/"},{"@type":"ListItem","position":3,"name":"Comentariu exegetic al Noului Testament &#8211; Efeseni"}]},{"@type":"WebSite","@id":"https:\/\/biblia.md\/#website","url":"https:\/\/biblia.md\/","name":"Societatea Biblic\u0103 din Moldova","description":"","publisher":{"@id":"https:\/\/biblia.md\/#organization"},"potentialAction":[{"@type":"SearchAction","target":{"@type":"EntryPoint","urlTemplate":"https:\/\/biblia.md\/?s={search_term_string}"},"query-input":{"@type":"PropertyValueSpecification","valueRequired":true,"valueName":"search_term_string"}}],"inLanguage":"ru-RU"},{"@type":"Organization","@id":"https:\/\/biblia.md\/#organization","name":"Societatea Biblic\u0103 din Moldova","url":"https:\/\/biblia.md\/","logo":{"@type":"ImageObject","inLanguage":"ru-RU","@id":"https:\/\/biblia.md\/#\/schema\/logo\/image\/","url":"https:\/\/biblia.md\/wp-content\/uploads\/2026\/01\/icon_site.jpg","contentUrl":"https:\/\/biblia.md\/wp-content\/uploads\/2026\/01\/icon_site.jpg","width":656,"height":656,"caption":"Societatea Biblic\u0103 din Moldova"},"image":{"@id":"https:\/\/biblia.md\/#\/schema\/logo\/image\/"},"sameAs":["https:\/\/www.facebook.com\/SocietateaBiblicaMoldova\/","https:\/\/www.instagram.com\/biblia.md\/"]}]}},"_links":{"self":[{"href":"https:\/\/biblia.md\/ru\/wp-json\/wp\/v2\/product\/31626","targetHints":{"allow":["GET"]}}],"collection":[{"href":"https:\/\/biblia.md\/ru\/wp-json\/wp\/v2\/product"}],"about":[{"href":"https:\/\/biblia.md\/ru\/wp-json\/wp\/v2\/types\/product"}],"replies":[{"embeddable":true,"href":"https:\/\/biblia.md\/ru\/wp-json\/wp\/v2\/comments?post=31626"}],"version-history":[{"count":1,"href":"https:\/\/biblia.md\/ru\/wp-json\/wp\/v2\/product\/31626\/revisions"}],"predecessor-version":[{"id":31628,"href":"https:\/\/biblia.md\/ru\/wp-json\/wp\/v2\/product\/31626\/revisions\/31628"}],"wp:featuredmedia":[{"embeddable":true,"href":"https:\/\/biblia.md\/ru\/wp-json\/wp\/v2\/media\/31627"}],"wp:attachment":[{"href":"https:\/\/biblia.md\/ru\/wp-json\/wp\/v2\/media?parent=31626"}],"wp:term":[{"taxonomy":"product_brand","embeddable":true,"href":"https:\/\/biblia.md\/ru\/wp-json\/wp\/v2\/product_brand?post=31626"},{"taxonomy":"product_cat","embeddable":true,"href":"https:\/\/biblia.md\/ru\/wp-json\/wp\/v2\/product_cat?post=31626"},{"taxonomy":"product_tag","embeddable":true,"href":"https:\/\/biblia.md\/ru\/wp-json\/wp\/v2\/product_tag?post=31626"}],"curies":[{"name":"wp","href":"https:\/\/api.w.org\/{rel}","templated":true}]}}