{"id":31695,"date":"2026-01-16T11:09:06","date_gmt":"2026-01-16T09:09:06","guid":{"rendered":"https:\/\/biblia.md\/?post_type=product&#038;p=31695"},"modified":"2026-01-16T11:09:06","modified_gmt":"2026-01-16T09:09:06","slug":"consolideaza-mostenirea-familiei-tale","status":"publish","type":"product","link":"https:\/\/biblia.md\/ru\/shop\/consolideaza-mostenirea-familiei-tale\/","title":{"rendered":"Consolideaza mostenirea familiei tale"},"content":{"rendered":"<p>\u00cen ziua de azi avem planuri ingenioase \u0219i dispozitive inteligente pentru aproape orice, iar tehnologia continu\u0103 s\u0103 avanseze \u00eentr-un ritm alarmant. Toate sunt menite s\u0103 ne ajute s\u0103 evalu\u0103m \u0219i s\u0103 analiz\u0103m domeniile din via\u021ba noastr\u0103 \u00een detaliu, pentru a putea s\u0103 ne atingem scopurile \u0219i s\u0103 ne satisfacem dorin\u021bele \u0219i nevoile. Totu\u0219i, acest lucru \u00eenseamn\u0103 totodat\u0103 \u0219i c\u0103 am capitulat. Tehnologia a \u00eendep\u0103rtat de la noi mult din elementul uman, prelu\u00e2nd controlul asupra s\u0103n\u0103t\u0103\u021bii noastre comportamentale, influen\u021b\u00e2ndu-ne aptitudinile interpersonale, creativitatea \u0219i chiar capacitatea comprehensiv\u0103. Mai mult, c\u00e2nd vine vorba de cea mai important\u0103 institu\u021bie de pe p\u0103m\u00e2nt \u2013 familia\/mo\u0219tenirea noastr\u0103 \u2013 mul\u021bi nu au nici un plan, cu at\u00e2t mai pu\u021bin, unul ingenios. Aceast\u0103 carte \u00ee\u021bi ofer\u0103 un astfel de plan, care te va transforma pe tine \u0219i \u00eentreaga ta familie \u0219i v\u0103 va ajuta s\u0103 experimenta\u021bi o cre\u0219tere \u00een toate domeniile. Aranjat\u0103 strategic, asemenea unui manual, cu sarcini, exerci\u021bii \u0219i activit\u0103\u021bi practice, ea te provoac\u0103 la un efort focalizat \u0219i planificat, ce are ca scop avansarea voastr\u0103 ca familie de la o via\u021b\u0103 banal\u0103, neproductiv\u0103 \u0219i lipsit\u0103 de \u00eemplinire la una binecuv\u00e2ntat\u0103, plin\u0103 de favoare \u0219i satisfac\u021bii.<\/p>\n<p>Accept\u0103 provocarea \u0219i f\u0103 o c\u0103l\u0103torie de c\u00e2teva zile care \u00ee\u021bi va fi folositoare \u00eentreaga via\u021b\u0103!<\/p>\n<p>C\u00e2\u0219tig\u0103tor al multor campionate mondiale de for\u021b\u0103 \u201eStrongman\u201d, fost lupt\u0103tor profesionist \u0219i maestru \u00een arte mar\u021biale, av\u00e2nd numeroase apari\u021bii \u00een Cartea Recordurilor, Stephen Miller este acum un urma\u0219 al lui Cristos, care \u0219i-a dedicat via\u021ba unei alte lupte &#8211; aceea de a restaura familiile dezbinate. El are un mandat apostolic puternic \u0219i c\u0103l\u0103tore\u0219te \u00een \u00eentreaga lume pentru a instrui lideri, \u00eencuraj\u00e2ndu-i mereu s\u0103 \u00ee\u0219i dep\u0103\u0219easc\u0103 limitele.<\/p>","protected":false},"excerpt":{"rendered":"<p>Aceasta carte iti ofera un plan care te va transforma pe tine si intreaga ta familie si va va ajuta sa experimentati o crestere in toate domeniile. Aranjata strategic, asemenea unui manual, cu sarcini, exercitii si activitati practice, ea te provoaca la un efort focalizat si planificat, ce are ca scop avansarea noastra ca familie de la o viata banala, neproductiva si lipsita de implinire la una binecuvantata, plina de favoare si satisfactii.<\/p>\n<p><strong>Accepta provocarea si fa o calatorie de cateva zile care iti va fi folositoare intreaga viata!<\/strong><\/p>","protected":false},"featured_media":31697,"comment_status":"open","ping_status":"closed","template":"","meta":[],"product_brand":[],"product_cat":[377,397,1175],"product_tag":[],"class_list":{"0":"post-31695","1":"product","2":"type-product","3":"status-publish","4":"has-post-thumbnail","6":"product_cat-carti","7":"product_cat-casatorie-familie","8":"product_cat-studiu-biblic","9":"product_author-stephen-miller","10":"product_genre-knigi-rom","12":"first","13":"instock","14":"shipping-taxable","15":"purchasable","16":"product-type-simple"},"yoast_head":"<!-- This site is optimized with the Yoast SEO plugin v27.3 - https:\/\/yoast.com\/product\/yoast-seo-wordpress\/ -->\n<title>Consolideaza mostenirea familiei tale - Societatea Biblic\u0103 din Moldova<\/title>\n<meta name=\"robots\" content=\"index, follow, max-snippet:-1, max-image-preview:large, max-video-preview:-1\" \/>\n<link rel=\"canonical\" href=\"https:\/\/biblia.md\/ru\/shop\/consolideaza-mostenirea-familiei-tale\/\" \/>\n<meta property=\"og:locale\" content=\"ru_RU\" \/>\n<meta property=\"og:type\" content=\"article\" \/>\n<meta property=\"og:title\" content=\"Consolideaza mostenirea familiei tale - Societatea Biblic\u0103 din Moldova\" \/>\n<meta property=\"og:description\" content=\"Aceasta carte iti ofera un plan care te va transforma pe tine si intreaga ta familie si va va ajuta sa experimentati o crestere in toate domeniile. Aranjata strategic, asemenea unui manual, cu sarcini, exercitii si activitati practice, ea te provoaca la un efort focalizat si planificat, ce are ca scop avansarea noastra ca familie de la o viata banala, neproductiva si lipsita de implinire la una binecuvantata, plina de favoare si satisfactii.  Accepta provocarea si fa o calatorie de cateva zile care iti va fi folositoare intreaga viata!\" \/>\n<meta property=\"og:url\" content=\"https:\/\/biblia.md\/ru\/shop\/consolideaza-mostenirea-familiei-tale\/\" \/>\n<meta property=\"og:site_name\" content=\"Societatea Biblic\u0103 din Moldova\" \/>\n<meta property=\"article:publisher\" content=\"https:\/\/www.facebook.com\/SocietateaBiblicaMoldova\/\" \/>\n<meta property=\"og:image\" content=\"https:\/\/biblia.md\/wp-content\/uploads\/2026\/01\/img_6990.jpg\" \/>\n\t<meta property=\"og:image:width\" content=\"486\" \/>\n\t<meta property=\"og:image:height\" content=\"642\" \/>\n\t<meta property=\"og:image:type\" content=\"image\/jpeg\" \/>\n<meta name=\"twitter:card\" content=\"summary_large_image\" \/>\n<meta name=\"twitter:label1\" content=\"\u041f\u0440\u0438\u043c\u0435\u0440\u043d\u043e\u0435 \u0432\u0440\u0435\u043c\u044f \u0434\u043b\u044f \u0447\u0442\u0435\u043d\u0438\u044f\" \/>\n\t<meta name=\"twitter:data1\" content=\"2 \u043c\u0438\u043d\u0443\u0442\u044b\" \/>\n<script type=\"application\/ld+json\" class=\"yoast-schema-graph\">{\"@context\":\"https:\\\/\\\/schema.org\",\"@graph\":[{\"@type\":\"WebPage\",\"@id\":\"https:\\\/\\\/biblia.md\\\/shop\\\/consolideaza-mostenirea-familiei-tale\\\/\",\"url\":\"https:\\\/\\\/biblia.md\\\/shop\\\/consolideaza-mostenirea-familiei-tale\\\/\",\"name\":\"Consolideaza mostenirea familiei tale - Societatea Biblic\u0103 din Moldova\",\"isPartOf\":{\"@id\":\"https:\\\/\\\/biblia.md\\\/#website\"},\"primaryImageOfPage\":{\"@id\":\"https:\\\/\\\/biblia.md\\\/shop\\\/consolideaza-mostenirea-familiei-tale\\\/#primaryimage\"},\"image\":{\"@id\":\"https:\\\/\\\/biblia.md\\\/shop\\\/consolideaza-mostenirea-familiei-tale\\\/#primaryimage\"},\"thumbnailUrl\":\"https:\\\/\\\/biblia.md\\\/wp-content\\\/uploads\\\/2026\\\/01\\\/img_6990.jpg\",\"datePublished\":\"2026-01-16T09:09:06+00:00\",\"breadcrumb\":{\"@id\":\"https:\\\/\\\/biblia.md\\\/shop\\\/consolideaza-mostenirea-familiei-tale\\\/#breadcrumb\"},\"inLanguage\":\"ru-RU\",\"potentialAction\":[{\"@type\":\"ReadAction\",\"target\":[\"https:\\\/\\\/biblia.md\\\/shop\\\/consolideaza-mostenirea-familiei-tale\\\/\"]}]},{\"@type\":\"ImageObject\",\"inLanguage\":\"ru-RU\",\"@id\":\"https:\\\/\\\/biblia.md\\\/shop\\\/consolideaza-mostenirea-familiei-tale\\\/#primaryimage\",\"url\":\"https:\\\/\\\/biblia.md\\\/wp-content\\\/uploads\\\/2026\\\/01\\\/img_6990.jpg\",\"contentUrl\":\"https:\\\/\\\/biblia.md\\\/wp-content\\\/uploads\\\/2026\\\/01\\\/img_6990.jpg\",\"width\":486,\"height\":642},{\"@type\":\"BreadcrumbList\",\"@id\":\"https:\\\/\\\/biblia.md\\\/shop\\\/consolideaza-mostenirea-familiei-tale\\\/#breadcrumb\",\"itemListElement\":[{\"@type\":\"ListItem\",\"position\":1,\"name\":\"Prima pagin\u0103\",\"item\":\"https:\\\/\\\/biblia.md\\\/\"},{\"@type\":\"ListItem\",\"position\":2,\"name\":\"Shop\",\"item\":\"https:\\\/\\\/biblia.md\\\/shop\\\/\"},{\"@type\":\"ListItem\",\"position\":3,\"name\":\"Consolideaza mostenirea familiei tale\"}]},{\"@type\":\"WebSite\",\"@id\":\"https:\\\/\\\/biblia.md\\\/#website\",\"url\":\"https:\\\/\\\/biblia.md\\\/\",\"name\":\"Societatea Biblic\u0103 din Moldova\",\"description\":\"\",\"publisher\":{\"@id\":\"https:\\\/\\\/biblia.md\\\/#organization\"},\"potentialAction\":[{\"@type\":\"SearchAction\",\"target\":{\"@type\":\"EntryPoint\",\"urlTemplate\":\"https:\\\/\\\/biblia.md\\\/?s={search_term_string}\"},\"query-input\":{\"@type\":\"PropertyValueSpecification\",\"valueRequired\":true,\"valueName\":\"search_term_string\"}}],\"inLanguage\":\"ru-RU\"},{\"@type\":\"Organization\",\"@id\":\"https:\\\/\\\/biblia.md\\\/#organization\",\"name\":\"Societatea Biblic\u0103 din Moldova\",\"url\":\"https:\\\/\\\/biblia.md\\\/\",\"logo\":{\"@type\":\"ImageObject\",\"inLanguage\":\"ru-RU\",\"@id\":\"https:\\\/\\\/biblia.md\\\/#\\\/schema\\\/logo\\\/image\\\/\",\"url\":\"https:\\\/\\\/biblia.md\\\/wp-content\\\/uploads\\\/2026\\\/01\\\/icon_site.jpg\",\"contentUrl\":\"https:\\\/\\\/biblia.md\\\/wp-content\\\/uploads\\\/2026\\\/01\\\/icon_site.jpg\",\"width\":656,\"height\":656,\"caption\":\"Societatea Biblic\u0103 din Moldova\"},\"image\":{\"@id\":\"https:\\\/\\\/biblia.md\\\/#\\\/schema\\\/logo\\\/image\\\/\"},\"sameAs\":[\"https:\\\/\\\/www.facebook.com\\\/SocietateaBiblicaMoldova\\\/\",\"https:\\\/\\\/www.instagram.com\\\/biblia.md\\\/\"]}]}<\/script>\n<!-- \/ Yoast SEO plugin. -->","yoast_head_json":{"title":"Consolideaza mostenirea familiei tale - Societatea Biblic\u0103 din Moldova","robots":{"index":"index","follow":"follow","max-snippet":"max-snippet:-1","max-image-preview":"max-image-preview:large","max-video-preview":"max-video-preview:-1"},"canonical":"https:\/\/biblia.md\/ru\/shop\/consolideaza-mostenirea-familiei-tale\/","og_locale":"ru_RU","og_type":"article","og_title":"Consolideaza mostenirea familiei tale - Societatea Biblic\u0103 din Moldova","og_description":"Aceasta carte iti ofera un plan care te va transforma pe tine si intreaga ta familie si va va ajuta sa experimentati o crestere in toate domeniile. Aranjata strategic, asemenea unui manual, cu sarcini, exercitii si activitati practice, ea te provoaca la un efort focalizat si planificat, ce are ca scop avansarea noastra ca familie de la o viata banala, neproductiva si lipsita de implinire la una binecuvantata, plina de favoare si satisfactii.  Accepta provocarea si fa o calatorie de cateva zile care iti va fi folositoare intreaga viata!","og_url":"https:\/\/biblia.md\/ru\/shop\/consolideaza-mostenirea-familiei-tale\/","og_site_name":"Societatea Biblic\u0103 din Moldova","article_publisher":"https:\/\/www.facebook.com\/SocietateaBiblicaMoldova\/","og_image":[{"width":486,"height":642,"url":"https:\/\/biblia.md\/wp-content\/uploads\/2026\/01\/img_6990.jpg","type":"image\/jpeg"}],"twitter_card":"summary_large_image","twitter_misc":{"\u041f\u0440\u0438\u043c\u0435\u0440\u043d\u043e\u0435 \u0432\u0440\u0435\u043c\u044f \u0434\u043b\u044f \u0447\u0442\u0435\u043d\u0438\u044f":"2 \u043c\u0438\u043d\u0443\u0442\u044b"},"schema":{"@context":"https:\/\/schema.org","@graph":[{"@type":"WebPage","@id":"https:\/\/biblia.md\/shop\/consolideaza-mostenirea-familiei-tale\/","url":"https:\/\/biblia.md\/shop\/consolideaza-mostenirea-familiei-tale\/","name":"Consolideaza mostenirea familiei tale - Societatea Biblic\u0103 din Moldova","isPartOf":{"@id":"https:\/\/biblia.md\/#website"},"primaryImageOfPage":{"@id":"https:\/\/biblia.md\/shop\/consolideaza-mostenirea-familiei-tale\/#primaryimage"},"image":{"@id":"https:\/\/biblia.md\/shop\/consolideaza-mostenirea-familiei-tale\/#primaryimage"},"thumbnailUrl":"https:\/\/biblia.md\/wp-content\/uploads\/2026\/01\/img_6990.jpg","datePublished":"2026-01-16T09:09:06+00:00","breadcrumb":{"@id":"https:\/\/biblia.md\/shop\/consolideaza-mostenirea-familiei-tale\/#breadcrumb"},"inLanguage":"ru-RU","potentialAction":[{"@type":"ReadAction","target":["https:\/\/biblia.md\/shop\/consolideaza-mostenirea-familiei-tale\/"]}]},{"@type":"ImageObject","inLanguage":"ru-RU","@id":"https:\/\/biblia.md\/shop\/consolideaza-mostenirea-familiei-tale\/#primaryimage","url":"https:\/\/biblia.md\/wp-content\/uploads\/2026\/01\/img_6990.jpg","contentUrl":"https:\/\/biblia.md\/wp-content\/uploads\/2026\/01\/img_6990.jpg","width":486,"height":642},{"@type":"BreadcrumbList","@id":"https:\/\/biblia.md\/shop\/consolideaza-mostenirea-familiei-tale\/#breadcrumb","itemListElement":[{"@type":"ListItem","position":1,"name":"Prima pagin\u0103","item":"https:\/\/biblia.md\/"},{"@type":"ListItem","position":2,"name":"Shop","item":"https:\/\/biblia.md\/shop\/"},{"@type":"ListItem","position":3,"name":"Consolideaza mostenirea familiei tale"}]},{"@type":"WebSite","@id":"https:\/\/biblia.md\/#website","url":"https:\/\/biblia.md\/","name":"Societatea Biblic\u0103 din Moldova","description":"","publisher":{"@id":"https:\/\/biblia.md\/#organization"},"potentialAction":[{"@type":"SearchAction","target":{"@type":"EntryPoint","urlTemplate":"https:\/\/biblia.md\/?s={search_term_string}"},"query-input":{"@type":"PropertyValueSpecification","valueRequired":true,"valueName":"search_term_string"}}],"inLanguage":"ru-RU"},{"@type":"Organization","@id":"https:\/\/biblia.md\/#organization","name":"Societatea Biblic\u0103 din Moldova","url":"https:\/\/biblia.md\/","logo":{"@type":"ImageObject","inLanguage":"ru-RU","@id":"https:\/\/biblia.md\/#\/schema\/logo\/image\/","url":"https:\/\/biblia.md\/wp-content\/uploads\/2026\/01\/icon_site.jpg","contentUrl":"https:\/\/biblia.md\/wp-content\/uploads\/2026\/01\/icon_site.jpg","width":656,"height":656,"caption":"Societatea Biblic\u0103 din Moldova"},"image":{"@id":"https:\/\/biblia.md\/#\/schema\/logo\/image\/"},"sameAs":["https:\/\/www.facebook.com\/SocietateaBiblicaMoldova\/","https:\/\/www.instagram.com\/biblia.md\/"]}]}},"_links":{"self":[{"href":"https:\/\/biblia.md\/ru\/wp-json\/wp\/v2\/product\/31695","targetHints":{"allow":["GET"]}}],"collection":[{"href":"https:\/\/biblia.md\/ru\/wp-json\/wp\/v2\/product"}],"about":[{"href":"https:\/\/biblia.md\/ru\/wp-json\/wp\/v2\/types\/product"}],"replies":[{"embeddable":true,"href":"https:\/\/biblia.md\/ru\/wp-json\/wp\/v2\/comments?post=31695"}],"version-history":[{"count":1,"href":"https:\/\/biblia.md\/ru\/wp-json\/wp\/v2\/product\/31695\/revisions"}],"predecessor-version":[{"id":31698,"href":"https:\/\/biblia.md\/ru\/wp-json\/wp\/v2\/product\/31695\/revisions\/31698"}],"wp:featuredmedia":[{"embeddable":true,"href":"https:\/\/biblia.md\/ru\/wp-json\/wp\/v2\/media\/31697"}],"wp:attachment":[{"href":"https:\/\/biblia.md\/ru\/wp-json\/wp\/v2\/media?parent=31695"}],"wp:term":[{"taxonomy":"product_brand","embeddable":true,"href":"https:\/\/biblia.md\/ru\/wp-json\/wp\/v2\/product_brand?post=31695"},{"taxonomy":"product_cat","embeddable":true,"href":"https:\/\/biblia.md\/ru\/wp-json\/wp\/v2\/product_cat?post=31695"},{"taxonomy":"product_tag","embeddable":true,"href":"https:\/\/biblia.md\/ru\/wp-json\/wp\/v2\/product_tag?post=31695"}],"curies":[{"name":"wp","href":"https:\/\/api.w.org\/{rel}","templated":true}]}}