{"id":31710,"date":"2026-01-16T11:37:07","date_gmt":"2026-01-16T09:37:07","guid":{"rendered":"https:\/\/biblia.md\/?post_type=product&#038;p=31710"},"modified":"2026-01-16T13:27:03","modified_gmt":"2026-01-16T11:27:03","slug":"evanghelia-biserica-intruchipeaza-frumusetea-lui-hristos","status":"publish","type":"product","link":"https:\/\/biblia.md\/ru\/shop\/evanghelia-biserica-intruchipeaza-frumusetea-lui-hristos\/","title":{"rendered":"Evanghelia &#8211; Biserica intruchipeaza frumusetea lui Hristos"},"content":{"rendered":"<p>CUPRINS<\/p>\n<p>PREFA\u021aA SERIEI<\/p>\n<p>CUV\u00c2NT \u00ceNAINTE<\/p>\n<p>INTRODUCERE<\/p>\n<p>CAPITOLUL 1<br \/>\nEVANGHELIA PENTRU TINE<\/p>\n<p>CAPITOLUL 2<br \/>\nEVANGHELIA PENTRU BISERIC\u0102<\/p>\n<p>CAPITOLUL 3<br \/>\nEVANGHELIA PENTRU ORICE<\/p>\n<p>CAPITOLUL 4<br \/>\nCEVA NOU<\/p>\n<p>CAPITOLUL 5<br \/>\nNU-I U\u0218OR, DAR E POSIBIL<\/p>\n<p>CAPITOLUL 6<br \/>\nLA CE NE PUTEM A\u0218TEPTA<\/p>\n<p>CAPITOLUL 7<br \/>\nCALEA \u00ceNAINTE<\/p>\n<p>MUL\u021aUMIRI SPECIALE<\/p>","protected":false},"excerpt":{"rendered":"<p>\u00cen aceast\u0103 carte incisiv\u0103, autorul face lucrarea necesar\u0103 \u0219i conving\u0103toare de a conecta Evanghelia d\u0103t\u0103toare de via\u021b\u0103 la experien\u021ba tr\u0103it\u0103 \u0219i m\u0103rturia Bisericii. Viziunea lui pentru cultura evanghelic\u0103 ce \u00eenflore\u0219te \u00een terenul bogat al \u00eenv\u0103\u021b\u0103turii Evangheliei va atrage pe cei ce doresc s\u0103 vad\u0103 lumea captivat\u0103 de Cristos.<\/p>\n<p>&nbsp;<\/p>","protected":false},"featured_media":31711,"comment_status":"open","ping_status":"closed","template":"","meta":[],"product_brand":[],"product_cat":[377,395],"product_tag":[],"class_list":{"0":"post-31710","1":"product","2":"type-product","3":"status-publish","4":"has-post-thumbnail","6":"product_cat-carti","7":"product_cat-pentru-slujitori","8":"product_author-ray-ortlung","9":"product_genre-knigi-rom","11":"first","12":"instock","13":"shipping-taxable","14":"purchasable","15":"product-type-simple"},"yoast_head":"<!-- This site is optimized with the Yoast SEO plugin v27.3 - https:\/\/yoast.com\/product\/yoast-seo-wordpress\/ -->\n<title>Evanghelia - Biserica intruchipeaza frumusetea lui Hristos - Societatea Biblic\u0103 din Moldova<\/title>\n<meta name=\"robots\" content=\"index, follow, max-snippet:-1, max-image-preview:large, max-video-preview:-1\" \/>\n<link rel=\"canonical\" href=\"https:\/\/biblia.md\/ru\/shop\/evanghelia-biserica-intruchipeaza-frumusetea-lui-hristos\/\" \/>\n<meta property=\"og:locale\" content=\"ru_RU\" \/>\n<meta property=\"og:type\" content=\"article\" \/>\n<meta property=\"og:title\" content=\"Evanghelia - Biserica intruchipeaza frumusetea lui Hristos - Societatea Biblic\u0103 din Moldova\" \/>\n<meta property=\"og:description\" content=\"\u00cen aceast\u0103 carte incisiv\u0103, autorul face lucrarea necesar\u0103 \u0219i conving\u0103toare de a conecta Evanghelia d\u0103t\u0103toare de via\u021b\u0103 la experien\u021ba tr\u0103it\u0103 \u0219i m\u0103rturia Bisericii. Viziunea lui pentru cultura evanghelic\u0103 ce \u00eenflore\u0219te \u00een terenul bogat al \u00eenv\u0103\u021b\u0103turii Evangheliei va atrage pe cei ce doresc s\u0103 vad\u0103 lumea captivat\u0103 de Cristos.  &nbsp;\" \/>\n<meta property=\"og:url\" content=\"https:\/\/biblia.md\/ru\/shop\/evanghelia-biserica-intruchipeaza-frumusetea-lui-hristos\/\" \/>\n<meta property=\"og:site_name\" content=\"Societatea Biblic\u0103 din Moldova\" \/>\n<meta property=\"article:publisher\" content=\"https:\/\/www.facebook.com\/SocietateaBiblicaMoldova\/\" \/>\n<meta property=\"article:modified_time\" content=\"2026-01-16T11:27:03+00:00\" \/>\n<meta property=\"og:image\" content=\"https:\/\/biblia.md\/wp-content\/uploads\/2026\/01\/0000001262.jpg\" \/>\n\t<meta property=\"og:image:width\" content=\"280\" \/>\n\t<meta property=\"og:image:height\" content=\"443\" \/>\n\t<meta property=\"og:image:type\" content=\"image\/jpeg\" \/>\n<meta name=\"twitter:card\" content=\"summary_large_image\" \/>\n<script type=\"application\/ld+json\" class=\"yoast-schema-graph\">{\"@context\":\"https:\\\/\\\/schema.org\",\"@graph\":[{\"@type\":\"WebPage\",\"@id\":\"https:\\\/\\\/biblia.md\\\/shop\\\/evanghelia-biserica-intruchipeaza-frumusetea-lui-hristos\\\/\",\"url\":\"https:\\\/\\\/biblia.md\\\/shop\\\/evanghelia-biserica-intruchipeaza-frumusetea-lui-hristos\\\/\",\"name\":\"Evanghelia - Biserica intruchipeaza frumusetea lui Hristos - Societatea Biblic\u0103 din Moldova\",\"isPartOf\":{\"@id\":\"https:\\\/\\\/biblia.md\\\/#website\"},\"primaryImageOfPage\":{\"@id\":\"https:\\\/\\\/biblia.md\\\/shop\\\/evanghelia-biserica-intruchipeaza-frumusetea-lui-hristos\\\/#primaryimage\"},\"image\":{\"@id\":\"https:\\\/\\\/biblia.md\\\/shop\\\/evanghelia-biserica-intruchipeaza-frumusetea-lui-hristos\\\/#primaryimage\"},\"thumbnailUrl\":\"https:\\\/\\\/biblia.md\\\/wp-content\\\/uploads\\\/2026\\\/01\\\/0000001262.jpg\",\"datePublished\":\"2026-01-16T09:37:07+00:00\",\"dateModified\":\"2026-01-16T11:27:03+00:00\",\"breadcrumb\":{\"@id\":\"https:\\\/\\\/biblia.md\\\/shop\\\/evanghelia-biserica-intruchipeaza-frumusetea-lui-hristos\\\/#breadcrumb\"},\"inLanguage\":\"ru-RU\",\"potentialAction\":[{\"@type\":\"ReadAction\",\"target\":[\"https:\\\/\\\/biblia.md\\\/shop\\\/evanghelia-biserica-intruchipeaza-frumusetea-lui-hristos\\\/\"]}]},{\"@type\":\"ImageObject\",\"inLanguage\":\"ru-RU\",\"@id\":\"https:\\\/\\\/biblia.md\\\/shop\\\/evanghelia-biserica-intruchipeaza-frumusetea-lui-hristos\\\/#primaryimage\",\"url\":\"https:\\\/\\\/biblia.md\\\/wp-content\\\/uploads\\\/2026\\\/01\\\/0000001262.jpg\",\"contentUrl\":\"https:\\\/\\\/biblia.md\\\/wp-content\\\/uploads\\\/2026\\\/01\\\/0000001262.jpg\",\"width\":280,\"height\":443},{\"@type\":\"BreadcrumbList\",\"@id\":\"https:\\\/\\\/biblia.md\\\/shop\\\/evanghelia-biserica-intruchipeaza-frumusetea-lui-hristos\\\/#breadcrumb\",\"itemListElement\":[{\"@type\":\"ListItem\",\"position\":1,\"name\":\"Prima pagin\u0103\",\"item\":\"https:\\\/\\\/biblia.md\\\/\"},{\"@type\":\"ListItem\",\"position\":2,\"name\":\"Shop\",\"item\":\"https:\\\/\\\/biblia.md\\\/shop\\\/\"},{\"@type\":\"ListItem\",\"position\":3,\"name\":\"Evanghelia &#8211; Biserica intruchipeaza frumusetea lui Hristos\"}]},{\"@type\":\"WebSite\",\"@id\":\"https:\\\/\\\/biblia.md\\\/#website\",\"url\":\"https:\\\/\\\/biblia.md\\\/\",\"name\":\"Societatea Biblic\u0103 din Moldova\",\"description\":\"\",\"publisher\":{\"@id\":\"https:\\\/\\\/biblia.md\\\/#organization\"},\"potentialAction\":[{\"@type\":\"SearchAction\",\"target\":{\"@type\":\"EntryPoint\",\"urlTemplate\":\"https:\\\/\\\/biblia.md\\\/?s={search_term_string}\"},\"query-input\":{\"@type\":\"PropertyValueSpecification\",\"valueRequired\":true,\"valueName\":\"search_term_string\"}}],\"inLanguage\":\"ru-RU\"},{\"@type\":\"Organization\",\"@id\":\"https:\\\/\\\/biblia.md\\\/#organization\",\"name\":\"Societatea Biblic\u0103 din Moldova\",\"url\":\"https:\\\/\\\/biblia.md\\\/\",\"logo\":{\"@type\":\"ImageObject\",\"inLanguage\":\"ru-RU\",\"@id\":\"https:\\\/\\\/biblia.md\\\/#\\\/schema\\\/logo\\\/image\\\/\",\"url\":\"https:\\\/\\\/biblia.md\\\/wp-content\\\/uploads\\\/2026\\\/01\\\/icon_site.jpg\",\"contentUrl\":\"https:\\\/\\\/biblia.md\\\/wp-content\\\/uploads\\\/2026\\\/01\\\/icon_site.jpg\",\"width\":656,\"height\":656,\"caption\":\"Societatea Biblic\u0103 din Moldova\"},\"image\":{\"@id\":\"https:\\\/\\\/biblia.md\\\/#\\\/schema\\\/logo\\\/image\\\/\"},\"sameAs\":[\"https:\\\/\\\/www.facebook.com\\\/SocietateaBiblicaMoldova\\\/\",\"https:\\\/\\\/www.instagram.com\\\/biblia.md\\\/\"]}]}<\/script>\n<!-- \/ Yoast SEO plugin. -->","yoast_head_json":{"title":"Evanghelia - Biserica intruchipeaza frumusetea lui Hristos - Societatea Biblic\u0103 din Moldova","robots":{"index":"index","follow":"follow","max-snippet":"max-snippet:-1","max-image-preview":"max-image-preview:large","max-video-preview":"max-video-preview:-1"},"canonical":"https:\/\/biblia.md\/ru\/shop\/evanghelia-biserica-intruchipeaza-frumusetea-lui-hristos\/","og_locale":"ru_RU","og_type":"article","og_title":"Evanghelia - Biserica intruchipeaza frumusetea lui Hristos - Societatea Biblic\u0103 din Moldova","og_description":"\u00cen aceast\u0103 carte incisiv\u0103, autorul face lucrarea necesar\u0103 \u0219i conving\u0103toare de a conecta Evanghelia d\u0103t\u0103toare de via\u021b\u0103 la experien\u021ba tr\u0103it\u0103 \u0219i m\u0103rturia Bisericii. Viziunea lui pentru cultura evanghelic\u0103 ce \u00eenflore\u0219te \u00een terenul bogat al \u00eenv\u0103\u021b\u0103turii Evangheliei va atrage pe cei ce doresc s\u0103 vad\u0103 lumea captivat\u0103 de Cristos.  &nbsp;","og_url":"https:\/\/biblia.md\/ru\/shop\/evanghelia-biserica-intruchipeaza-frumusetea-lui-hristos\/","og_site_name":"Societatea Biblic\u0103 din Moldova","article_publisher":"https:\/\/www.facebook.com\/SocietateaBiblicaMoldova\/","article_modified_time":"2026-01-16T11:27:03+00:00","og_image":[{"width":280,"height":443,"url":"https:\/\/biblia.md\/wp-content\/uploads\/2026\/01\/0000001262.jpg","type":"image\/jpeg"}],"twitter_card":"summary_large_image","schema":{"@context":"https:\/\/schema.org","@graph":[{"@type":"WebPage","@id":"https:\/\/biblia.md\/shop\/evanghelia-biserica-intruchipeaza-frumusetea-lui-hristos\/","url":"https:\/\/biblia.md\/shop\/evanghelia-biserica-intruchipeaza-frumusetea-lui-hristos\/","name":"Evanghelia - Biserica intruchipeaza frumusetea lui Hristos - Societatea Biblic\u0103 din Moldova","isPartOf":{"@id":"https:\/\/biblia.md\/#website"},"primaryImageOfPage":{"@id":"https:\/\/biblia.md\/shop\/evanghelia-biserica-intruchipeaza-frumusetea-lui-hristos\/#primaryimage"},"image":{"@id":"https:\/\/biblia.md\/shop\/evanghelia-biserica-intruchipeaza-frumusetea-lui-hristos\/#primaryimage"},"thumbnailUrl":"https:\/\/biblia.md\/wp-content\/uploads\/2026\/01\/0000001262.jpg","datePublished":"2026-01-16T09:37:07+00:00","dateModified":"2026-01-16T11:27:03+00:00","breadcrumb":{"@id":"https:\/\/biblia.md\/shop\/evanghelia-biserica-intruchipeaza-frumusetea-lui-hristos\/#breadcrumb"},"inLanguage":"ru-RU","potentialAction":[{"@type":"ReadAction","target":["https:\/\/biblia.md\/shop\/evanghelia-biserica-intruchipeaza-frumusetea-lui-hristos\/"]}]},{"@type":"ImageObject","inLanguage":"ru-RU","@id":"https:\/\/biblia.md\/shop\/evanghelia-biserica-intruchipeaza-frumusetea-lui-hristos\/#primaryimage","url":"https:\/\/biblia.md\/wp-content\/uploads\/2026\/01\/0000001262.jpg","contentUrl":"https:\/\/biblia.md\/wp-content\/uploads\/2026\/01\/0000001262.jpg","width":280,"height":443},{"@type":"BreadcrumbList","@id":"https:\/\/biblia.md\/shop\/evanghelia-biserica-intruchipeaza-frumusetea-lui-hristos\/#breadcrumb","itemListElement":[{"@type":"ListItem","position":1,"name":"Prima pagin\u0103","item":"https:\/\/biblia.md\/"},{"@type":"ListItem","position":2,"name":"Shop","item":"https:\/\/biblia.md\/shop\/"},{"@type":"ListItem","position":3,"name":"Evanghelia &#8211; Biserica intruchipeaza frumusetea lui Hristos"}]},{"@type":"WebSite","@id":"https:\/\/biblia.md\/#website","url":"https:\/\/biblia.md\/","name":"Societatea Biblic\u0103 din Moldova","description":"","publisher":{"@id":"https:\/\/biblia.md\/#organization"},"potentialAction":[{"@type":"SearchAction","target":{"@type":"EntryPoint","urlTemplate":"https:\/\/biblia.md\/?s={search_term_string}"},"query-input":{"@type":"PropertyValueSpecification","valueRequired":true,"valueName":"search_term_string"}}],"inLanguage":"ru-RU"},{"@type":"Organization","@id":"https:\/\/biblia.md\/#organization","name":"Societatea Biblic\u0103 din Moldova","url":"https:\/\/biblia.md\/","logo":{"@type":"ImageObject","inLanguage":"ru-RU","@id":"https:\/\/biblia.md\/#\/schema\/logo\/image\/","url":"https:\/\/biblia.md\/wp-content\/uploads\/2026\/01\/icon_site.jpg","contentUrl":"https:\/\/biblia.md\/wp-content\/uploads\/2026\/01\/icon_site.jpg","width":656,"height":656,"caption":"Societatea Biblic\u0103 din Moldova"},"image":{"@id":"https:\/\/biblia.md\/#\/schema\/logo\/image\/"},"sameAs":["https:\/\/www.facebook.com\/SocietateaBiblicaMoldova\/","https:\/\/www.instagram.com\/biblia.md\/"]}]}},"_links":{"self":[{"href":"https:\/\/biblia.md\/ru\/wp-json\/wp\/v2\/product\/31710","targetHints":{"allow":["GET"]}}],"collection":[{"href":"https:\/\/biblia.md\/ru\/wp-json\/wp\/v2\/product"}],"about":[{"href":"https:\/\/biblia.md\/ru\/wp-json\/wp\/v2\/types\/product"}],"replies":[{"embeddable":true,"href":"https:\/\/biblia.md\/ru\/wp-json\/wp\/v2\/comments?post=31710"}],"version-history":[{"count":2,"href":"https:\/\/biblia.md\/ru\/wp-json\/wp\/v2\/product\/31710\/revisions"}],"predecessor-version":[{"id":31713,"href":"https:\/\/biblia.md\/ru\/wp-json\/wp\/v2\/product\/31710\/revisions\/31713"}],"wp:featuredmedia":[{"embeddable":true,"href":"https:\/\/biblia.md\/ru\/wp-json\/wp\/v2\/media\/31711"}],"wp:attachment":[{"href":"https:\/\/biblia.md\/ru\/wp-json\/wp\/v2\/media?parent=31710"}],"wp:term":[{"taxonomy":"product_brand","embeddable":true,"href":"https:\/\/biblia.md\/ru\/wp-json\/wp\/v2\/product_brand?post=31710"},{"taxonomy":"product_cat","embeddable":true,"href":"https:\/\/biblia.md\/ru\/wp-json\/wp\/v2\/product_cat?post=31710"},{"taxonomy":"product_tag","embeddable":true,"href":"https:\/\/biblia.md\/ru\/wp-json\/wp\/v2\/product_tag?post=31710"}],"curies":[{"name":"wp","href":"https:\/\/api.w.org\/{rel}","templated":true}]}}