{"id":31717,"date":"2026-01-16T11:51:31","date_gmt":"2026-01-16T09:51:31","guid":{"rendered":"https:\/\/biblia.md\/?post_type=product&#038;p=31717"},"modified":"2026-01-16T13:37:22","modified_gmt":"2026-01-16T11:37:22","slug":"membralitatea-in-biserica","status":"publish","type":"product","link":"https:\/\/biblia.md\/ru\/shop\/membralitatea-in-biserica\/","title":{"rendered":"Membralitatea in biserica"},"content":{"rendered":"<p><strong>CUPRINS<\/strong><\/p>\n<p>PREFA\u021aA SERIEI<\/p>\n<p>CUV\u00c2NT \u00ceNAINTE<\/p>\n<p>INTRODUCERE<br \/>\nO CHESTIUNE MAI IMPORTANT\u0102 DEC\u00c2T CON\u0218TIENTIZ\u0102M<\/p>\n<p>CAPITOLUL 1<br \/>\nAM ABORDAT ACEST LUCRU CU TOTUL GRE\u0218IT<\/p>\n<p>CAPITOLUL 2<br \/>\nIMAGINI ALE MEMBRALIT\u0102\u021aII \u00ceN NOUL TESTAMENT<\/p>\n<p>CAPITOLUL 3<br \/>\nCE ESTE O BISERIC\u0102? CE ESTE UN MEMBRU AL BISERICII?<\/p>\n<p>CAPITOLUL 4<br \/>\nCUM SUNT BISERICA \u0218I MEMBRII EI?<br \/>\n12 MOTIVE PENTRU CARE MEMBRALITATEA CONTEAZ\u0102<\/p>\n<p>CAPITOLUL 5<br \/>\nCARE SUNT \u201eSTANDARDELE MEMBRALIT\u0102\u021aII\u201d?<br \/>\n(CUM DEVII MEMBRU)<\/p>\n<p>CAPITOLUL 6<br \/>\nCUM SE SUPUNE CRE\u0218TINUL UNEI BISERICI?<br \/>\n(CE \u00ceNSEAMN\u0102 S\u0102 FII MEMBRU)<br \/>\nCUM AR TREBUI S\u0102 SE RELA\u021aIONEZE MEMBRII LA P\u0102STORI?<\/p>\n<p>CAPITOLUL 7<br \/>\nCE SE \u00ceNT\u00c2MPL\u0102 C\u00c2ND MEMBRII NU \u00ceL REPREZINT\u0102 PE ISUS?<br \/>\nC\u00c2ND NU AR TREBUI S\u0102 TE SUPUI<\/p>\n<p>CAPITOLUL 8<br \/>\nESTE OBLIGATORIU CA MEMBRALITATEA S\u0102<br \/>\nARATE LA FEL PESTE TOT?.<\/p>\n<p>\u00ceNCHEIERE<br \/>\nCUM ESTE DRAGOSTEA DEFINIT\u0102 DE EMBRALITATEA \u00ceN BISERIC\u0102<\/p>\n<p>MUL\u021aUMIRI SPECIALE<\/p>\n<p>NOTE BIBLIOGRAFICE<\/p>\n<p>\u0218I EXPLICATIVE<\/p>","protected":false},"excerpt":{"rendered":"<p>Liderii de biseric\u0103 din multe denomina\u021bii vor g\u0103si aceast\u0103 carte plin\u0103 de idei practice \u0219i argumente solide, care ne vor ajuta s\u0103 \u00eei vindec\u0103m pe cre\u0219tinii din cultura de ast\u0103zi de alergia lor fa\u021b\u0103 de membralitatea \u00een biseric\u0103, fa\u021b\u0103 de autoritatea pastoral\u0103, fa\u021b\u0103 de darea de socoteal\u0103 \u00een via\u021ba lor \u0219i fa\u021b\u0103 de orice limite \u00een ce prive\u0219te libertatea personal\u0103.<\/p>","protected":false},"featured_media":31718,"comment_status":"open","ping_status":"closed","template":"","meta":[],"product_brand":[],"product_cat":[377,395],"product_tag":[],"class_list":{"0":"post-31717","1":"product","2":"type-product","3":"status-publish","4":"has-post-thumbnail","6":"product_cat-carti","7":"product_cat-pentru-slujitori","8":"product_author-jonathan-leeman","9":"product_genre-knigi-rom","11":"first","12":"outofstock","13":"shipping-taxable","14":"purchasable","15":"product-type-simple"},"yoast_head":"<!-- This site is optimized with the Yoast SEO plugin v27.3 - https:\/\/yoast.com\/product\/yoast-seo-wordpress\/ -->\n<title>Membralitatea in biserica - Societatea Biblic\u0103 din Moldova<\/title>\n<meta name=\"robots\" content=\"index, follow, max-snippet:-1, max-image-preview:large, max-video-preview:-1\" \/>\n<link rel=\"canonical\" href=\"https:\/\/biblia.md\/ru\/shop\/membralitatea-in-biserica\/\" \/>\n<meta property=\"og:locale\" content=\"ru_RU\" \/>\n<meta property=\"og:type\" content=\"article\" \/>\n<meta property=\"og:title\" content=\"Membralitatea in biserica - Societatea Biblic\u0103 din Moldova\" \/>\n<meta property=\"og:description\" content=\"Liderii de biseric\u0103 din multe denomina\u021bii vor g\u0103si aceast\u0103 carte plin\u0103 de idei practice \u0219i argumente solide, care ne vor ajuta s\u0103 \u00eei vindec\u0103m pe cre\u0219tinii din cultura de ast\u0103zi de alergia lor fa\u021b\u0103 de membralitatea \u00een biseric\u0103, fa\u021b\u0103 de autoritatea pastoral\u0103, fa\u021b\u0103 de darea de socoteal\u0103 \u00een via\u021ba lor \u0219i fa\u021b\u0103 de orice limite \u00een ce prive\u0219te libertatea personal\u0103.\" \/>\n<meta property=\"og:url\" content=\"https:\/\/biblia.md\/ru\/shop\/membralitatea-in-biserica\/\" \/>\n<meta property=\"og:site_name\" content=\"Societatea Biblic\u0103 din Moldova\" \/>\n<meta property=\"article:publisher\" content=\"https:\/\/www.facebook.com\/SocietateaBiblicaMoldova\/\" \/>\n<meta property=\"article:modified_time\" content=\"2026-01-16T11:37:22+00:00\" \/>\n<meta property=\"og:image\" content=\"https:\/\/biblia.md\/wp-content\/uploads\/2026\/01\/0000001275.jpg\" \/>\n\t<meta property=\"og:image:width\" content=\"438\" \/>\n\t<meta property=\"og:image:height\" content=\"700\" \/>\n\t<meta property=\"og:image:type\" content=\"image\/jpeg\" \/>\n<meta name=\"twitter:card\" content=\"summary_large_image\" \/>\n<meta name=\"twitter:label1\" content=\"\u041f\u0440\u0438\u043c\u0435\u0440\u043d\u043e\u0435 \u0432\u0440\u0435\u043c\u044f \u0434\u043b\u044f \u0447\u0442\u0435\u043d\u0438\u044f\" \/>\n\t<meta name=\"twitter:data1\" content=\"1 \u043c\u0438\u043d\u0443\u0442\u0430\" \/>\n<script type=\"application\/ld+json\" class=\"yoast-schema-graph\">{\"@context\":\"https:\\\/\\\/schema.org\",\"@graph\":[{\"@type\":\"WebPage\",\"@id\":\"https:\\\/\\\/biblia.md\\\/shop\\\/membralitatea-in-biserica\\\/\",\"url\":\"https:\\\/\\\/biblia.md\\\/shop\\\/membralitatea-in-biserica\\\/\",\"name\":\"Membralitatea in biserica - Societatea Biblic\u0103 din Moldova\",\"isPartOf\":{\"@id\":\"https:\\\/\\\/biblia.md\\\/#website\"},\"primaryImageOfPage\":{\"@id\":\"https:\\\/\\\/biblia.md\\\/shop\\\/membralitatea-in-biserica\\\/#primaryimage\"},\"image\":{\"@id\":\"https:\\\/\\\/biblia.md\\\/shop\\\/membralitatea-in-biserica\\\/#primaryimage\"},\"thumbnailUrl\":\"https:\\\/\\\/biblia.md\\\/wp-content\\\/uploads\\\/2026\\\/01\\\/0000001275.jpg\",\"datePublished\":\"2026-01-16T09:51:31+00:00\",\"dateModified\":\"2026-01-16T11:37:22+00:00\",\"breadcrumb\":{\"@id\":\"https:\\\/\\\/biblia.md\\\/shop\\\/membralitatea-in-biserica\\\/#breadcrumb\"},\"inLanguage\":\"ru-RU\",\"potentialAction\":[{\"@type\":\"ReadAction\",\"target\":[\"https:\\\/\\\/biblia.md\\\/shop\\\/membralitatea-in-biserica\\\/\"]}]},{\"@type\":\"ImageObject\",\"inLanguage\":\"ru-RU\",\"@id\":\"https:\\\/\\\/biblia.md\\\/shop\\\/membralitatea-in-biserica\\\/#primaryimage\",\"url\":\"https:\\\/\\\/biblia.md\\\/wp-content\\\/uploads\\\/2026\\\/01\\\/0000001275.jpg\",\"contentUrl\":\"https:\\\/\\\/biblia.md\\\/wp-content\\\/uploads\\\/2026\\\/01\\\/0000001275.jpg\",\"width\":438,\"height\":700},{\"@type\":\"BreadcrumbList\",\"@id\":\"https:\\\/\\\/biblia.md\\\/shop\\\/membralitatea-in-biserica\\\/#breadcrumb\",\"itemListElement\":[{\"@type\":\"ListItem\",\"position\":1,\"name\":\"Prima pagin\u0103\",\"item\":\"https:\\\/\\\/biblia.md\\\/\"},{\"@type\":\"ListItem\",\"position\":2,\"name\":\"Shop\",\"item\":\"https:\\\/\\\/biblia.md\\\/shop\\\/\"},{\"@type\":\"ListItem\",\"position\":3,\"name\":\"Membralitatea in biserica\"}]},{\"@type\":\"WebSite\",\"@id\":\"https:\\\/\\\/biblia.md\\\/#website\",\"url\":\"https:\\\/\\\/biblia.md\\\/\",\"name\":\"Societatea Biblic\u0103 din Moldova\",\"description\":\"\",\"publisher\":{\"@id\":\"https:\\\/\\\/biblia.md\\\/#organization\"},\"potentialAction\":[{\"@type\":\"SearchAction\",\"target\":{\"@type\":\"EntryPoint\",\"urlTemplate\":\"https:\\\/\\\/biblia.md\\\/?s={search_term_string}\"},\"query-input\":{\"@type\":\"PropertyValueSpecification\",\"valueRequired\":true,\"valueName\":\"search_term_string\"}}],\"inLanguage\":\"ru-RU\"},{\"@type\":\"Organization\",\"@id\":\"https:\\\/\\\/biblia.md\\\/#organization\",\"name\":\"Societatea Biblic\u0103 din Moldova\",\"url\":\"https:\\\/\\\/biblia.md\\\/\",\"logo\":{\"@type\":\"ImageObject\",\"inLanguage\":\"ru-RU\",\"@id\":\"https:\\\/\\\/biblia.md\\\/#\\\/schema\\\/logo\\\/image\\\/\",\"url\":\"https:\\\/\\\/biblia.md\\\/wp-content\\\/uploads\\\/2026\\\/01\\\/icon_site.jpg\",\"contentUrl\":\"https:\\\/\\\/biblia.md\\\/wp-content\\\/uploads\\\/2026\\\/01\\\/icon_site.jpg\",\"width\":656,\"height\":656,\"caption\":\"Societatea Biblic\u0103 din Moldova\"},\"image\":{\"@id\":\"https:\\\/\\\/biblia.md\\\/#\\\/schema\\\/logo\\\/image\\\/\"},\"sameAs\":[\"https:\\\/\\\/www.facebook.com\\\/SocietateaBiblicaMoldova\\\/\",\"https:\\\/\\\/www.instagram.com\\\/biblia.md\\\/\"]}]}<\/script>\n<!-- \/ Yoast SEO plugin. -->","yoast_head_json":{"title":"Membralitatea in biserica - Societatea Biblic\u0103 din Moldova","robots":{"index":"index","follow":"follow","max-snippet":"max-snippet:-1","max-image-preview":"max-image-preview:large","max-video-preview":"max-video-preview:-1"},"canonical":"https:\/\/biblia.md\/ru\/shop\/membralitatea-in-biserica\/","og_locale":"ru_RU","og_type":"article","og_title":"Membralitatea in biserica - Societatea Biblic\u0103 din Moldova","og_description":"Liderii de biseric\u0103 din multe denomina\u021bii vor g\u0103si aceast\u0103 carte plin\u0103 de idei practice \u0219i argumente solide, care ne vor ajuta s\u0103 \u00eei vindec\u0103m pe cre\u0219tinii din cultura de ast\u0103zi de alergia lor fa\u021b\u0103 de membralitatea \u00een biseric\u0103, fa\u021b\u0103 de autoritatea pastoral\u0103, fa\u021b\u0103 de darea de socoteal\u0103 \u00een via\u021ba lor \u0219i fa\u021b\u0103 de orice limite \u00een ce prive\u0219te libertatea personal\u0103.","og_url":"https:\/\/biblia.md\/ru\/shop\/membralitatea-in-biserica\/","og_site_name":"Societatea Biblic\u0103 din Moldova","article_publisher":"https:\/\/www.facebook.com\/SocietateaBiblicaMoldova\/","article_modified_time":"2026-01-16T11:37:22+00:00","og_image":[{"width":438,"height":700,"url":"https:\/\/biblia.md\/wp-content\/uploads\/2026\/01\/0000001275.jpg","type":"image\/jpeg"}],"twitter_card":"summary_large_image","twitter_misc":{"\u041f\u0440\u0438\u043c\u0435\u0440\u043d\u043e\u0435 \u0432\u0440\u0435\u043c\u044f \u0434\u043b\u044f \u0447\u0442\u0435\u043d\u0438\u044f":"1 \u043c\u0438\u043d\u0443\u0442\u0430"},"schema":{"@context":"https:\/\/schema.org","@graph":[{"@type":"WebPage","@id":"https:\/\/biblia.md\/shop\/membralitatea-in-biserica\/","url":"https:\/\/biblia.md\/shop\/membralitatea-in-biserica\/","name":"Membralitatea in biserica - Societatea Biblic\u0103 din Moldova","isPartOf":{"@id":"https:\/\/biblia.md\/#website"},"primaryImageOfPage":{"@id":"https:\/\/biblia.md\/shop\/membralitatea-in-biserica\/#primaryimage"},"image":{"@id":"https:\/\/biblia.md\/shop\/membralitatea-in-biserica\/#primaryimage"},"thumbnailUrl":"https:\/\/biblia.md\/wp-content\/uploads\/2026\/01\/0000001275.jpg","datePublished":"2026-01-16T09:51:31+00:00","dateModified":"2026-01-16T11:37:22+00:00","breadcrumb":{"@id":"https:\/\/biblia.md\/shop\/membralitatea-in-biserica\/#breadcrumb"},"inLanguage":"ru-RU","potentialAction":[{"@type":"ReadAction","target":["https:\/\/biblia.md\/shop\/membralitatea-in-biserica\/"]}]},{"@type":"ImageObject","inLanguage":"ru-RU","@id":"https:\/\/biblia.md\/shop\/membralitatea-in-biserica\/#primaryimage","url":"https:\/\/biblia.md\/wp-content\/uploads\/2026\/01\/0000001275.jpg","contentUrl":"https:\/\/biblia.md\/wp-content\/uploads\/2026\/01\/0000001275.jpg","width":438,"height":700},{"@type":"BreadcrumbList","@id":"https:\/\/biblia.md\/shop\/membralitatea-in-biserica\/#breadcrumb","itemListElement":[{"@type":"ListItem","position":1,"name":"Prima pagin\u0103","item":"https:\/\/biblia.md\/"},{"@type":"ListItem","position":2,"name":"Shop","item":"https:\/\/biblia.md\/shop\/"},{"@type":"ListItem","position":3,"name":"Membralitatea in biserica"}]},{"@type":"WebSite","@id":"https:\/\/biblia.md\/#website","url":"https:\/\/biblia.md\/","name":"Societatea Biblic\u0103 din Moldova","description":"","publisher":{"@id":"https:\/\/biblia.md\/#organization"},"potentialAction":[{"@type":"SearchAction","target":{"@type":"EntryPoint","urlTemplate":"https:\/\/biblia.md\/?s={search_term_string}"},"query-input":{"@type":"PropertyValueSpecification","valueRequired":true,"valueName":"search_term_string"}}],"inLanguage":"ru-RU"},{"@type":"Organization","@id":"https:\/\/biblia.md\/#organization","name":"Societatea Biblic\u0103 din Moldova","url":"https:\/\/biblia.md\/","logo":{"@type":"ImageObject","inLanguage":"ru-RU","@id":"https:\/\/biblia.md\/#\/schema\/logo\/image\/","url":"https:\/\/biblia.md\/wp-content\/uploads\/2026\/01\/icon_site.jpg","contentUrl":"https:\/\/biblia.md\/wp-content\/uploads\/2026\/01\/icon_site.jpg","width":656,"height":656,"caption":"Societatea Biblic\u0103 din Moldova"},"image":{"@id":"https:\/\/biblia.md\/#\/schema\/logo\/image\/"},"sameAs":["https:\/\/www.facebook.com\/SocietateaBiblicaMoldova\/","https:\/\/www.instagram.com\/biblia.md\/"]}]}},"_links":{"self":[{"href":"https:\/\/biblia.md\/ru\/wp-json\/wp\/v2\/product\/31717","targetHints":{"allow":["GET"]}}],"collection":[{"href":"https:\/\/biblia.md\/ru\/wp-json\/wp\/v2\/product"}],"about":[{"href":"https:\/\/biblia.md\/ru\/wp-json\/wp\/v2\/types\/product"}],"replies":[{"embeddable":true,"href":"https:\/\/biblia.md\/ru\/wp-json\/wp\/v2\/comments?post=31717"}],"version-history":[{"count":1,"href":"https:\/\/biblia.md\/ru\/wp-json\/wp\/v2\/product\/31717\/revisions"}],"predecessor-version":[{"id":31719,"href":"https:\/\/biblia.md\/ru\/wp-json\/wp\/v2\/product\/31717\/revisions\/31719"}],"wp:featuredmedia":[{"embeddable":true,"href":"https:\/\/biblia.md\/ru\/wp-json\/wp\/v2\/media\/31718"}],"wp:attachment":[{"href":"https:\/\/biblia.md\/ru\/wp-json\/wp\/v2\/media?parent=31717"}],"wp:term":[{"taxonomy":"product_brand","embeddable":true,"href":"https:\/\/biblia.md\/ru\/wp-json\/wp\/v2\/product_brand?post=31717"},{"taxonomy":"product_cat","embeddable":true,"href":"https:\/\/biblia.md\/ru\/wp-json\/wp\/v2\/product_cat?post=31717"},{"taxonomy":"product_tag","embeddable":true,"href":"https:\/\/biblia.md\/ru\/wp-json\/wp\/v2\/product_tag?post=31717"}],"curies":[{"name":"wp","href":"https:\/\/api.w.org\/{rel}","templated":true}]}}