{"id":31808,"date":"2026-01-17T20:03:10","date_gmt":"2026-01-17T18:03:10","guid":{"rendered":"https:\/\/biblia.md\/?post_type=product&#038;p=31808"},"modified":"2026-01-26T14:59:56","modified_gmt":"2026-01-26T12:59:56","slug":"creste-i-in-puritate-ajutor-pentru-parinti-in-intelegerea-perspectivei-biblice","status":"publish","type":"product","link":"https:\/\/biblia.md\/ru\/shop\/creste-i-in-puritate-ajutor-pentru-parinti-in-intelegerea-perspectivei-biblice\/","title":{"rendered":"Creste-i in puritate &#8211; ajutor pentru parinti in intelegerea perspectivei biblice"},"content":{"rendered":"<p>Gerald Hiestand\u00a0(doctorand \u00een Studii Clasice, Universitatea din Reading) este pastor senior asociat al Calvary Memorial Church (Chicago) \u0219i directorul executiv al Centrului pentru Pastori Teologi. Gerald are BA \u00een Teologie Biblic\u0103 la Institutul Biblic Moody \u0219i un MA \u00een G\u00e2ndire Cre\u0219tin\u0103 la Trinity Evangelical Divinity School. El este implicat \u00een lucrarea pastoral\u0103 din anul 1999 \u0219\u015fi a scris, de asemenea, o serie de c\u0103r\u0163i \u015fi articole. Cartea sa cea mai recent\u0103, editat\u0103 \u00een colaborare cu Todd A. Wilson se intituleaz\u0103: Becoming a Pastor Theologian: New Possibilities for Church Leadership (IVP Academic, 2016).\u00a0Gerald \u015fi so\u0163ia sa, Jill, au patru copii.<\/p>\n<p>\u00cei mul\u021bumesc lui Dumnezeu pentru Gerald Hiestand \u0219i pasiunea sa pentru a ajuta familiile \u00een cre\u0219terea copiilor angaja\u021bi \u00een puritate sexual\u0103. Scopul este m\u0103re\u021b, iar beneficiile sunt imense \u0219i\u00a0Cre\u0219te-i \u00een Puritate\u00a0ne arat\u0103 cum!<\/p>\n<p>Dr. James MacDonald, pastor principal, Harvest Bible Chapel<\/p>\n<p>Cartea lui Hiestand este unic\u0103, biblic\u0103 \u0219i schimb\u0103toare de paradigm\u0103. Este cea mai important\u0103 carte pe care am citit-o pe acest subiect. Iat\u0103 o lectur\u0103 obligatorie pentru to\u0163i p\u0103rin\u0163ii! \u015ei da, poate folosi, \u00een egal\u0103 m\u0103sur\u0103, tinerilor.<\/p>\n<p>David Cleland, pastor principal, Arlington Heights<\/p>\n<p>In sfarsit, un model biblic care ridica puritatea dincolo de alegerile arbitrare. Aceasta resursa excelenta simplifica si solidifica ceea ce fiecare familie are nevoie sa-i invete pe copii.<\/p>\n<p>Betsy Corning &#8211;\u00a0Director executiv, Entrusted Ministries<\/p>","protected":false},"excerpt":{"rendered":"<p align=\"center\"><strong>Creste-i in puritate &#8211; ajutor pentru parinti in intelegerea perspectivei biblice asupra sexului, intalnirilor si relatiilor<\/strong><\/p>\n<p>\u00centr-o societate care a abandonat cu mult timp \u00een urm\u0103 orice angajament semnificativ pentru castitate \u0219i virtute, cre\u0219terea copiilor \u00een puritate poate fi o sarcin\u0103 descurajatoare. Din p\u0103cate, pentru mul\u021bi p\u0103rin\u021bi cre\u0219tini, absoluturile \u00a0\u00een domeniul sexualit\u0103\u021bii au r\u0103mas, \u00een totalitate, o no\u0163iune mult prea vag\u0103.\u00a0Ce este mai exact puritatea?<\/p>\n<p>Are \u015fi alte implica\u0163ii, dincolo de porunca biblic\u0103 referitoare la sexul premarital?\u00a0E\u0219ecul nostru de a oferi r\u0103spunsuri adecvate la aceste \u00eentreb\u0103ri ne-a l\u0103sat adesea copiii \u00eentr-o stare de incertitudine moral\u0103.<\/p>\n<p>A sosit timpul pentru un standard clar, biblic \u0219i m\u0103surabil al purit\u0103\u021bii sexuale. \u00cen\u00a0Cre\u0219te-i \u00een puritate, Gerald Hiestand stabile\u0219te un standard relevant \u015fi biblic, oferind o defini\u021bie obiectiv\u0103 a conceptului subiectiv de puritate.<\/p>","protected":false},"featured_media":31810,"comment_status":"open","ping_status":"closed","template":"","meta":[],"product_brand":[],"product_cat":[377,396],"product_tag":[],"class_list":{"0":"post-31808","1":"product","2":"type-product","3":"status-publish","4":"has-post-thumbnail","6":"product_cat-carti","7":"product_cat-parinti","8":"product_author-gerald-hiestand","9":"product_genre-knigi-rom","11":"first","12":"instock","13":"shipping-taxable","14":"purchasable","15":"product-type-simple"},"yoast_head":"<!-- This site is optimized with the Yoast SEO plugin v27.3 - https:\/\/yoast.com\/product\/yoast-seo-wordpress\/ -->\n<title>Creste-i in puritate - ajutor pentru parinti in intelegerea perspectivei biblice - Societatea Biblic\u0103 din Moldova<\/title>\n<meta name=\"robots\" content=\"index, follow, max-snippet:-1, max-image-preview:large, max-video-preview:-1\" \/>\n<link rel=\"canonical\" href=\"https:\/\/biblia.md\/ru\/shop\/creste-i-in-puritate-ajutor-pentru-parinti-in-intelegerea-perspectivei-biblice\/\" \/>\n<meta property=\"og:locale\" content=\"ru_RU\" \/>\n<meta property=\"og:type\" content=\"article\" \/>\n<meta property=\"og:title\" content=\"Creste-i in puritate - ajutor pentru parinti in intelegerea perspectivei biblice - Societatea Biblic\u0103 din Moldova\" \/>\n<meta property=\"og:description\" content=\"Creste-i in puritate - ajutor pentru parinti in intelegerea perspectivei biblice asupra sexului, intalnirilor si relatiilor \u00centr-o societate care a abandonat cu mult timp \u00een urm\u0103 orice angajament semnificativ pentru castitate \u0219i virtute, cre\u0219terea copiilor \u00een puritate poate fi o sarcin\u0103 descurajatoare. Din p\u0103cate, pentru mul\u021bi p\u0103rin\u021bi cre\u0219tini, absoluturile \u00a0\u00een domeniul sexualit\u0103\u021bii au r\u0103mas, \u00een totalitate, o no\u0163iune mult prea vag\u0103.\u00a0Ce este mai exact puritatea?  Are \u015fi alte implica\u0163ii, dincolo de porunca biblic\u0103 referitoare la sexul premarital?\u00a0E\u0219ecul nostru de a oferi r\u0103spunsuri adecvate la aceste \u00eentreb\u0103ri ne-a l\u0103sat adesea copiii \u00eentr-o stare de incertitudine moral\u0103.  A sosit timpul pentru un standard clar, biblic \u0219i m\u0103surabil al purit\u0103\u021bii sexuale. \u00cen\u00a0Cre\u0219te-i \u00een puritate, Gerald Hiestand stabile\u0219te un standard relevant \u015fi biblic, oferind o defini\u021bie obiectiv\u0103 a conceptului subiectiv de puritate.\" \/>\n<meta property=\"og:url\" content=\"https:\/\/biblia.md\/ru\/shop\/creste-i-in-puritate-ajutor-pentru-parinti-in-intelegerea-perspectivei-biblice\/\" \/>\n<meta property=\"og:site_name\" content=\"Societatea Biblic\u0103 din Moldova\" \/>\n<meta property=\"article:publisher\" content=\"https:\/\/www.facebook.com\/SocietateaBiblicaMoldova\/\" \/>\n<meta property=\"article:modified_time\" content=\"2026-01-26T12:59:56+00:00\" \/>\n<meta property=\"og:image\" content=\"https:\/\/biblia.md\/wp-content\/uploads\/2026\/01\/creste-i-in-puritate-877-7753.jpg\" \/>\n\t<meta property=\"og:image:width\" content=\"400\" \/>\n\t<meta property=\"og:image:height\" content=\"559\" \/>\n\t<meta property=\"og:image:type\" content=\"image\/jpeg\" \/>\n<meta name=\"twitter:card\" content=\"summary_large_image\" \/>\n<meta name=\"twitter:label1\" content=\"\u041f\u0440\u0438\u043c\u0435\u0440\u043d\u043e\u0435 \u0432\u0440\u0435\u043c\u044f \u0434\u043b\u044f \u0447\u0442\u0435\u043d\u0438\u044f\" \/>\n\t<meta name=\"twitter:data1\" content=\"2 \u043c\u0438\u043d\u0443\u0442\u044b\" \/>\n<script type=\"application\/ld+json\" class=\"yoast-schema-graph\">{\"@context\":\"https:\\\/\\\/schema.org\",\"@graph\":[{\"@type\":\"WebPage\",\"@id\":\"https:\\\/\\\/biblia.md\\\/shop\\\/creste-i-in-puritate-ajutor-pentru-parinti-in-intelegerea-perspectivei-biblice\\\/\",\"url\":\"https:\\\/\\\/biblia.md\\\/shop\\\/creste-i-in-puritate-ajutor-pentru-parinti-in-intelegerea-perspectivei-biblice\\\/\",\"name\":\"Creste-i in puritate - ajutor pentru parinti in intelegerea perspectivei biblice - Societatea Biblic\u0103 din Moldova\",\"isPartOf\":{\"@id\":\"https:\\\/\\\/biblia.md\\\/#website\"},\"primaryImageOfPage\":{\"@id\":\"https:\\\/\\\/biblia.md\\\/shop\\\/creste-i-in-puritate-ajutor-pentru-parinti-in-intelegerea-perspectivei-biblice\\\/#primaryimage\"},\"image\":{\"@id\":\"https:\\\/\\\/biblia.md\\\/shop\\\/creste-i-in-puritate-ajutor-pentru-parinti-in-intelegerea-perspectivei-biblice\\\/#primaryimage\"},\"thumbnailUrl\":\"https:\\\/\\\/biblia.md\\\/wp-content\\\/uploads\\\/2026\\\/01\\\/creste-i-in-puritate-877-7753.jpg\",\"datePublished\":\"2026-01-17T18:03:10+00:00\",\"dateModified\":\"2026-01-26T12:59:56+00:00\",\"breadcrumb\":{\"@id\":\"https:\\\/\\\/biblia.md\\\/shop\\\/creste-i-in-puritate-ajutor-pentru-parinti-in-intelegerea-perspectivei-biblice\\\/#breadcrumb\"},\"inLanguage\":\"ru-RU\",\"potentialAction\":[{\"@type\":\"ReadAction\",\"target\":[\"https:\\\/\\\/biblia.md\\\/shop\\\/creste-i-in-puritate-ajutor-pentru-parinti-in-intelegerea-perspectivei-biblice\\\/\"]}]},{\"@type\":\"ImageObject\",\"inLanguage\":\"ru-RU\",\"@id\":\"https:\\\/\\\/biblia.md\\\/shop\\\/creste-i-in-puritate-ajutor-pentru-parinti-in-intelegerea-perspectivei-biblice\\\/#primaryimage\",\"url\":\"https:\\\/\\\/biblia.md\\\/wp-content\\\/uploads\\\/2026\\\/01\\\/creste-i-in-puritate-877-7753.jpg\",\"contentUrl\":\"https:\\\/\\\/biblia.md\\\/wp-content\\\/uploads\\\/2026\\\/01\\\/creste-i-in-puritate-877-7753.jpg\",\"width\":400,\"height\":559},{\"@type\":\"BreadcrumbList\",\"@id\":\"https:\\\/\\\/biblia.md\\\/shop\\\/creste-i-in-puritate-ajutor-pentru-parinti-in-intelegerea-perspectivei-biblice\\\/#breadcrumb\",\"itemListElement\":[{\"@type\":\"ListItem\",\"position\":1,\"name\":\"Prima pagin\u0103\",\"item\":\"https:\\\/\\\/biblia.md\\\/\"},{\"@type\":\"ListItem\",\"position\":2,\"name\":\"Shop\",\"item\":\"https:\\\/\\\/biblia.md\\\/shop\\\/\"},{\"@type\":\"ListItem\",\"position\":3,\"name\":\"Creste-i in puritate &#8211; ajutor pentru parinti in intelegerea perspectivei biblice\"}]},{\"@type\":\"WebSite\",\"@id\":\"https:\\\/\\\/biblia.md\\\/#website\",\"url\":\"https:\\\/\\\/biblia.md\\\/\",\"name\":\"Societatea Biblic\u0103 din Moldova\",\"description\":\"\",\"publisher\":{\"@id\":\"https:\\\/\\\/biblia.md\\\/#organization\"},\"potentialAction\":[{\"@type\":\"SearchAction\",\"target\":{\"@type\":\"EntryPoint\",\"urlTemplate\":\"https:\\\/\\\/biblia.md\\\/?s={search_term_string}\"},\"query-input\":{\"@type\":\"PropertyValueSpecification\",\"valueRequired\":true,\"valueName\":\"search_term_string\"}}],\"inLanguage\":\"ru-RU\"},{\"@type\":\"Organization\",\"@id\":\"https:\\\/\\\/biblia.md\\\/#organization\",\"name\":\"Societatea Biblic\u0103 din Moldova\",\"url\":\"https:\\\/\\\/biblia.md\\\/\",\"logo\":{\"@type\":\"ImageObject\",\"inLanguage\":\"ru-RU\",\"@id\":\"https:\\\/\\\/biblia.md\\\/#\\\/schema\\\/logo\\\/image\\\/\",\"url\":\"https:\\\/\\\/biblia.md\\\/wp-content\\\/uploads\\\/2026\\\/01\\\/icon_site.jpg\",\"contentUrl\":\"https:\\\/\\\/biblia.md\\\/wp-content\\\/uploads\\\/2026\\\/01\\\/icon_site.jpg\",\"width\":656,\"height\":656,\"caption\":\"Societatea Biblic\u0103 din Moldova\"},\"image\":{\"@id\":\"https:\\\/\\\/biblia.md\\\/#\\\/schema\\\/logo\\\/image\\\/\"},\"sameAs\":[\"https:\\\/\\\/www.facebook.com\\\/SocietateaBiblicaMoldova\\\/\",\"https:\\\/\\\/www.instagram.com\\\/biblia.md\\\/\"]}]}<\/script>\n<!-- \/ Yoast SEO plugin. -->","yoast_head_json":{"title":"Creste-i in puritate - ajutor pentru parinti in intelegerea perspectivei biblice - Societatea Biblic\u0103 din Moldova","robots":{"index":"index","follow":"follow","max-snippet":"max-snippet:-1","max-image-preview":"max-image-preview:large","max-video-preview":"max-video-preview:-1"},"canonical":"https:\/\/biblia.md\/ru\/shop\/creste-i-in-puritate-ajutor-pentru-parinti-in-intelegerea-perspectivei-biblice\/","og_locale":"ru_RU","og_type":"article","og_title":"Creste-i in puritate - ajutor pentru parinti in intelegerea perspectivei biblice - Societatea Biblic\u0103 din Moldova","og_description":"Creste-i in puritate - ajutor pentru parinti in intelegerea perspectivei biblice asupra sexului, intalnirilor si relatiilor \u00centr-o societate care a abandonat cu mult timp \u00een urm\u0103 orice angajament semnificativ pentru castitate \u0219i virtute, cre\u0219terea copiilor \u00een puritate poate fi o sarcin\u0103 descurajatoare. Din p\u0103cate, pentru mul\u021bi p\u0103rin\u021bi cre\u0219tini, absoluturile \u00a0\u00een domeniul sexualit\u0103\u021bii au r\u0103mas, \u00een totalitate, o no\u0163iune mult prea vag\u0103.\u00a0Ce este mai exact puritatea?  Are \u015fi alte implica\u0163ii, dincolo de porunca biblic\u0103 referitoare la sexul premarital?\u00a0E\u0219ecul nostru de a oferi r\u0103spunsuri adecvate la aceste \u00eentreb\u0103ri ne-a l\u0103sat adesea copiii \u00eentr-o stare de incertitudine moral\u0103.  A sosit timpul pentru un standard clar, biblic \u0219i m\u0103surabil al purit\u0103\u021bii sexuale. \u00cen\u00a0Cre\u0219te-i \u00een puritate, Gerald Hiestand stabile\u0219te un standard relevant \u015fi biblic, oferind o defini\u021bie obiectiv\u0103 a conceptului subiectiv de puritate.","og_url":"https:\/\/biblia.md\/ru\/shop\/creste-i-in-puritate-ajutor-pentru-parinti-in-intelegerea-perspectivei-biblice\/","og_site_name":"Societatea Biblic\u0103 din Moldova","article_publisher":"https:\/\/www.facebook.com\/SocietateaBiblicaMoldova\/","article_modified_time":"2026-01-26T12:59:56+00:00","og_image":[{"width":400,"height":559,"url":"https:\/\/biblia.md\/wp-content\/uploads\/2026\/01\/creste-i-in-puritate-877-7753.jpg","type":"image\/jpeg"}],"twitter_card":"summary_large_image","twitter_misc":{"\u041f\u0440\u0438\u043c\u0435\u0440\u043d\u043e\u0435 \u0432\u0440\u0435\u043c\u044f \u0434\u043b\u044f \u0447\u0442\u0435\u043d\u0438\u044f":"2 \u043c\u0438\u043d\u0443\u0442\u044b"},"schema":{"@context":"https:\/\/schema.org","@graph":[{"@type":"WebPage","@id":"https:\/\/biblia.md\/shop\/creste-i-in-puritate-ajutor-pentru-parinti-in-intelegerea-perspectivei-biblice\/","url":"https:\/\/biblia.md\/shop\/creste-i-in-puritate-ajutor-pentru-parinti-in-intelegerea-perspectivei-biblice\/","name":"Creste-i in puritate - ajutor pentru parinti in intelegerea perspectivei biblice - Societatea Biblic\u0103 din Moldova","isPartOf":{"@id":"https:\/\/biblia.md\/#website"},"primaryImageOfPage":{"@id":"https:\/\/biblia.md\/shop\/creste-i-in-puritate-ajutor-pentru-parinti-in-intelegerea-perspectivei-biblice\/#primaryimage"},"image":{"@id":"https:\/\/biblia.md\/shop\/creste-i-in-puritate-ajutor-pentru-parinti-in-intelegerea-perspectivei-biblice\/#primaryimage"},"thumbnailUrl":"https:\/\/biblia.md\/wp-content\/uploads\/2026\/01\/creste-i-in-puritate-877-7753.jpg","datePublished":"2026-01-17T18:03:10+00:00","dateModified":"2026-01-26T12:59:56+00:00","breadcrumb":{"@id":"https:\/\/biblia.md\/shop\/creste-i-in-puritate-ajutor-pentru-parinti-in-intelegerea-perspectivei-biblice\/#breadcrumb"},"inLanguage":"ru-RU","potentialAction":[{"@type":"ReadAction","target":["https:\/\/biblia.md\/shop\/creste-i-in-puritate-ajutor-pentru-parinti-in-intelegerea-perspectivei-biblice\/"]}]},{"@type":"ImageObject","inLanguage":"ru-RU","@id":"https:\/\/biblia.md\/shop\/creste-i-in-puritate-ajutor-pentru-parinti-in-intelegerea-perspectivei-biblice\/#primaryimage","url":"https:\/\/biblia.md\/wp-content\/uploads\/2026\/01\/creste-i-in-puritate-877-7753.jpg","contentUrl":"https:\/\/biblia.md\/wp-content\/uploads\/2026\/01\/creste-i-in-puritate-877-7753.jpg","width":400,"height":559},{"@type":"BreadcrumbList","@id":"https:\/\/biblia.md\/shop\/creste-i-in-puritate-ajutor-pentru-parinti-in-intelegerea-perspectivei-biblice\/#breadcrumb","itemListElement":[{"@type":"ListItem","position":1,"name":"Prima pagin\u0103","item":"https:\/\/biblia.md\/"},{"@type":"ListItem","position":2,"name":"Shop","item":"https:\/\/biblia.md\/shop\/"},{"@type":"ListItem","position":3,"name":"Creste-i in puritate &#8211; ajutor pentru parinti in intelegerea perspectivei biblice"}]},{"@type":"WebSite","@id":"https:\/\/biblia.md\/#website","url":"https:\/\/biblia.md\/","name":"Societatea Biblic\u0103 din Moldova","description":"","publisher":{"@id":"https:\/\/biblia.md\/#organization"},"potentialAction":[{"@type":"SearchAction","target":{"@type":"EntryPoint","urlTemplate":"https:\/\/biblia.md\/?s={search_term_string}"},"query-input":{"@type":"PropertyValueSpecification","valueRequired":true,"valueName":"search_term_string"}}],"inLanguage":"ru-RU"},{"@type":"Organization","@id":"https:\/\/biblia.md\/#organization","name":"Societatea Biblic\u0103 din Moldova","url":"https:\/\/biblia.md\/","logo":{"@type":"ImageObject","inLanguage":"ru-RU","@id":"https:\/\/biblia.md\/#\/schema\/logo\/image\/","url":"https:\/\/biblia.md\/wp-content\/uploads\/2026\/01\/icon_site.jpg","contentUrl":"https:\/\/biblia.md\/wp-content\/uploads\/2026\/01\/icon_site.jpg","width":656,"height":656,"caption":"Societatea Biblic\u0103 din Moldova"},"image":{"@id":"https:\/\/biblia.md\/#\/schema\/logo\/image\/"},"sameAs":["https:\/\/www.facebook.com\/SocietateaBiblicaMoldova\/","https:\/\/www.instagram.com\/biblia.md\/"]}]}},"_links":{"self":[{"href":"https:\/\/biblia.md\/ru\/wp-json\/wp\/v2\/product\/31808","targetHints":{"allow":["GET"]}}],"collection":[{"href":"https:\/\/biblia.md\/ru\/wp-json\/wp\/v2\/product"}],"about":[{"href":"https:\/\/biblia.md\/ru\/wp-json\/wp\/v2\/types\/product"}],"replies":[{"embeddable":true,"href":"https:\/\/biblia.md\/ru\/wp-json\/wp\/v2\/comments?post=31808"}],"version-history":[{"count":1,"href":"https:\/\/biblia.md\/ru\/wp-json\/wp\/v2\/product\/31808\/revisions"}],"predecessor-version":[{"id":31811,"href":"https:\/\/biblia.md\/ru\/wp-json\/wp\/v2\/product\/31808\/revisions\/31811"}],"wp:featuredmedia":[{"embeddable":true,"href":"https:\/\/biblia.md\/ru\/wp-json\/wp\/v2\/media\/31810"}],"wp:attachment":[{"href":"https:\/\/biblia.md\/ru\/wp-json\/wp\/v2\/media?parent=31808"}],"wp:term":[{"taxonomy":"product_brand","embeddable":true,"href":"https:\/\/biblia.md\/ru\/wp-json\/wp\/v2\/product_brand?post=31808"},{"taxonomy":"product_cat","embeddable":true,"href":"https:\/\/biblia.md\/ru\/wp-json\/wp\/v2\/product_cat?post=31808"},{"taxonomy":"product_tag","embeddable":true,"href":"https:\/\/biblia.md\/ru\/wp-json\/wp\/v2\/product_tag?post=31808"}],"curies":[{"name":"wp","href":"https:\/\/api.w.org\/{rel}","templated":true}]}}