{"id":31968,"date":"2026-01-19T11:48:24","date_gmt":"2026-01-19T09:48:24","guid":{"rendered":"https:\/\/biblia.md\/?post_type=product&#038;p=31968"},"modified":"2026-01-19T11:48:25","modified_gmt":"2026-01-19T09:48:25","slug":"hermie-dumnezeu-ma-asculta-cand-ma-rog","status":"publish","type":"product","link":"https:\/\/biblia.md\/ru\/shop\/hermie-dumnezeu-ma-asculta-cand-ma-rog\/","title":{"rendered":"Hermie &#8211; Dumnezeu M\u0103 Ascult\u0103 C\u00e2nd M\u0103 Rog"},"content":{"rendered":"<p>Omida Hermie se grabeste sa ajunga la casa bunicii, unde avea sa savureze cea mai buna limonada cu menta. Pe drum, descopera ca unul dintre prietenii lui are nevoie imediata de ajutor.<br \/>\nDe fapt, era o urgenta! La repezeala, Hermie fuge sa gaseasca pe cineva care sa-l ajute, dar fusese atat de prins in cautarea lui, incat uita de Cel la care ar fi trebuit sa apeleze de la bun inceput. Hermie invata o lectie importanta despre promisiunile lui Dumnezeu si despre importanta rugaciunii.<\/p>","protected":false},"excerpt":{"rendered":"<p>Omida Hermie se grabeste sa ajunga la casa bunicii, unde avea sa savureze cea mai buna limonada cu menta. Pe drum, descopera ca unul dintre prietenii lui are nevoie imediata de ajutor.<br \/>\nDe fapt, era o urgenta! La repezeala, Hermie fuge sa gaseasca pe cineva care sa-l ajute, dar fusese atat de prins in cautarea lui, incat uita de Cel la care ar fi trebuit sa apeleze de la bun inceput. Hermie invata o lectie importanta despre promisiunile lui Dumnezeu si despre importanta rugaciunii.<\/p>","protected":false},"featured_media":31969,"comment_status":"open","ping_status":"closed","template":"","meta":[],"product_brand":[],"product_cat":[149,364],"product_tag":[],"class_list":{"0":"post-31968","1":"product","2":"type-product","3":"status-publish","4":"has-post-thumbnail","6":"product_cat-copii","7":"product_cat-povestiri","8":"product_author-max-lucado","9":"product_genre-knigi-rom","11":"first","12":"instock","13":"shipping-taxable","14":"purchasable","15":"product-type-simple"},"yoast_head":"<!-- This site is optimized with the Yoast SEO plugin v27.3 - https:\/\/yoast.com\/product\/yoast-seo-wordpress\/ -->\n<title>Hermie - Dumnezeu M\u0103 Ascult\u0103 C\u00e2nd M\u0103 Rog - Societatea Biblic\u0103 din Moldova<\/title>\n<meta name=\"robots\" content=\"index, follow, max-snippet:-1, max-image-preview:large, max-video-preview:-1\" \/>\n<link rel=\"canonical\" href=\"https:\/\/biblia.md\/ru\/shop\/hermie-dumnezeu-ma-asculta-cand-ma-rog\/\" \/>\n<meta property=\"og:locale\" content=\"ru_RU\" \/>\n<meta property=\"og:type\" content=\"article\" \/>\n<meta property=\"og:title\" content=\"Hermie - Dumnezeu M\u0103 Ascult\u0103 C\u00e2nd M\u0103 Rog - Societatea Biblic\u0103 din Moldova\" \/>\n<meta property=\"og:description\" content=\"Omida Hermie se grabeste sa ajunga la casa bunicii, unde avea sa savureze cea mai buna limonada cu menta. Pe drum, descopera ca unul dintre prietenii lui are nevoie imediata de ajutor. De fapt, era o urgenta! La repezeala, Hermie fuge sa gaseasca pe cineva care sa-l ajute, dar fusese atat de prins in cautarea lui, incat uita de Cel la care ar fi trebuit sa apeleze de la bun inceput. Hermie invata o lectie importanta despre promisiunile lui Dumnezeu si despre importanta rugaciunii.\" \/>\n<meta property=\"og:url\" content=\"https:\/\/biblia.md\/ru\/shop\/hermie-dumnezeu-ma-asculta-cand-ma-rog\/\" \/>\n<meta property=\"og:site_name\" content=\"Societatea Biblic\u0103 din Moldova\" \/>\n<meta property=\"article:publisher\" content=\"https:\/\/www.facebook.com\/SocietateaBiblicaMoldova\/\" \/>\n<meta property=\"article:modified_time\" content=\"2026-01-19T09:48:25+00:00\" \/>\n<meta property=\"og:image\" content=\"https:\/\/biblia.md\/wp-content\/uploads\/2026\/01\/0000000524.jpg\" \/>\n\t<meta property=\"og:image:width\" content=\"727\" \/>\n\t<meta property=\"og:image:height\" content=\"1024\" \/>\n\t<meta property=\"og:image:type\" content=\"image\/jpeg\" \/>\n<meta name=\"twitter:card\" content=\"summary_large_image\" \/>\n<script type=\"application\/ld+json\" class=\"yoast-schema-graph\">{\"@context\":\"https:\\\/\\\/schema.org\",\"@graph\":[{\"@type\":\"WebPage\",\"@id\":\"https:\\\/\\\/biblia.md\\\/shop\\\/hermie-dumnezeu-ma-asculta-cand-ma-rog\\\/\",\"url\":\"https:\\\/\\\/biblia.md\\\/shop\\\/hermie-dumnezeu-ma-asculta-cand-ma-rog\\\/\",\"name\":\"Hermie - Dumnezeu M\u0103 Ascult\u0103 C\u00e2nd M\u0103 Rog - Societatea Biblic\u0103 din Moldova\",\"isPartOf\":{\"@id\":\"https:\\\/\\\/biblia.md\\\/#website\"},\"primaryImageOfPage\":{\"@id\":\"https:\\\/\\\/biblia.md\\\/shop\\\/hermie-dumnezeu-ma-asculta-cand-ma-rog\\\/#primaryimage\"},\"image\":{\"@id\":\"https:\\\/\\\/biblia.md\\\/shop\\\/hermie-dumnezeu-ma-asculta-cand-ma-rog\\\/#primaryimage\"},\"thumbnailUrl\":\"https:\\\/\\\/biblia.md\\\/wp-content\\\/uploads\\\/2026\\\/01\\\/0000000524.jpg\",\"datePublished\":\"2026-01-19T09:48:24+00:00\",\"dateModified\":\"2026-01-19T09:48:25+00:00\",\"breadcrumb\":{\"@id\":\"https:\\\/\\\/biblia.md\\\/shop\\\/hermie-dumnezeu-ma-asculta-cand-ma-rog\\\/#breadcrumb\"},\"inLanguage\":\"ru-RU\",\"potentialAction\":[{\"@type\":\"ReadAction\",\"target\":[\"https:\\\/\\\/biblia.md\\\/shop\\\/hermie-dumnezeu-ma-asculta-cand-ma-rog\\\/\"]}]},{\"@type\":\"ImageObject\",\"inLanguage\":\"ru-RU\",\"@id\":\"https:\\\/\\\/biblia.md\\\/shop\\\/hermie-dumnezeu-ma-asculta-cand-ma-rog\\\/#primaryimage\",\"url\":\"https:\\\/\\\/biblia.md\\\/wp-content\\\/uploads\\\/2026\\\/01\\\/0000000524.jpg\",\"contentUrl\":\"https:\\\/\\\/biblia.md\\\/wp-content\\\/uploads\\\/2026\\\/01\\\/0000000524.jpg\",\"width\":727,\"height\":1024},{\"@type\":\"BreadcrumbList\",\"@id\":\"https:\\\/\\\/biblia.md\\\/shop\\\/hermie-dumnezeu-ma-asculta-cand-ma-rog\\\/#breadcrumb\",\"itemListElement\":[{\"@type\":\"ListItem\",\"position\":1,\"name\":\"Prima pagin\u0103\",\"item\":\"https:\\\/\\\/biblia.md\\\/\"},{\"@type\":\"ListItem\",\"position\":2,\"name\":\"Shop\",\"item\":\"https:\\\/\\\/biblia.md\\\/shop\\\/\"},{\"@type\":\"ListItem\",\"position\":3,\"name\":\"Hermie &#8211; Dumnezeu M\u0103 Ascult\u0103 C\u00e2nd M\u0103 Rog\"}]},{\"@type\":\"WebSite\",\"@id\":\"https:\\\/\\\/biblia.md\\\/#website\",\"url\":\"https:\\\/\\\/biblia.md\\\/\",\"name\":\"Societatea Biblic\u0103 din Moldova\",\"description\":\"\",\"publisher\":{\"@id\":\"https:\\\/\\\/biblia.md\\\/#organization\"},\"potentialAction\":[{\"@type\":\"SearchAction\",\"target\":{\"@type\":\"EntryPoint\",\"urlTemplate\":\"https:\\\/\\\/biblia.md\\\/?s={search_term_string}\"},\"query-input\":{\"@type\":\"PropertyValueSpecification\",\"valueRequired\":true,\"valueName\":\"search_term_string\"}}],\"inLanguage\":\"ru-RU\"},{\"@type\":\"Organization\",\"@id\":\"https:\\\/\\\/biblia.md\\\/#organization\",\"name\":\"Societatea Biblic\u0103 din Moldova\",\"url\":\"https:\\\/\\\/biblia.md\\\/\",\"logo\":{\"@type\":\"ImageObject\",\"inLanguage\":\"ru-RU\",\"@id\":\"https:\\\/\\\/biblia.md\\\/#\\\/schema\\\/logo\\\/image\\\/\",\"url\":\"https:\\\/\\\/biblia.md\\\/wp-content\\\/uploads\\\/2026\\\/01\\\/icon_site.jpg\",\"contentUrl\":\"https:\\\/\\\/biblia.md\\\/wp-content\\\/uploads\\\/2026\\\/01\\\/icon_site.jpg\",\"width\":656,\"height\":656,\"caption\":\"Societatea Biblic\u0103 din Moldova\"},\"image\":{\"@id\":\"https:\\\/\\\/biblia.md\\\/#\\\/schema\\\/logo\\\/image\\\/\"},\"sameAs\":[\"https:\\\/\\\/www.facebook.com\\\/SocietateaBiblicaMoldova\\\/\",\"https:\\\/\\\/www.instagram.com\\\/biblia.md\\\/\"]}]}<\/script>\n<!-- \/ Yoast SEO plugin. -->","yoast_head_json":{"title":"Hermie - Dumnezeu M\u0103 Ascult\u0103 C\u00e2nd M\u0103 Rog - Societatea Biblic\u0103 din Moldova","robots":{"index":"index","follow":"follow","max-snippet":"max-snippet:-1","max-image-preview":"max-image-preview:large","max-video-preview":"max-video-preview:-1"},"canonical":"https:\/\/biblia.md\/ru\/shop\/hermie-dumnezeu-ma-asculta-cand-ma-rog\/","og_locale":"ru_RU","og_type":"article","og_title":"Hermie - Dumnezeu M\u0103 Ascult\u0103 C\u00e2nd M\u0103 Rog - Societatea Biblic\u0103 din Moldova","og_description":"Omida Hermie se grabeste sa ajunga la casa bunicii, unde avea sa savureze cea mai buna limonada cu menta. Pe drum, descopera ca unul dintre prietenii lui are nevoie imediata de ajutor. De fapt, era o urgenta! La repezeala, Hermie fuge sa gaseasca pe cineva care sa-l ajute, dar fusese atat de prins in cautarea lui, incat uita de Cel la care ar fi trebuit sa apeleze de la bun inceput. Hermie invata o lectie importanta despre promisiunile lui Dumnezeu si despre importanta rugaciunii.","og_url":"https:\/\/biblia.md\/ru\/shop\/hermie-dumnezeu-ma-asculta-cand-ma-rog\/","og_site_name":"Societatea Biblic\u0103 din Moldova","article_publisher":"https:\/\/www.facebook.com\/SocietateaBiblicaMoldova\/","article_modified_time":"2026-01-19T09:48:25+00:00","og_image":[{"width":727,"height":1024,"url":"https:\/\/biblia.md\/wp-content\/uploads\/2026\/01\/0000000524.jpg","type":"image\/jpeg"}],"twitter_card":"summary_large_image","schema":{"@context":"https:\/\/schema.org","@graph":[{"@type":"WebPage","@id":"https:\/\/biblia.md\/shop\/hermie-dumnezeu-ma-asculta-cand-ma-rog\/","url":"https:\/\/biblia.md\/shop\/hermie-dumnezeu-ma-asculta-cand-ma-rog\/","name":"Hermie - Dumnezeu M\u0103 Ascult\u0103 C\u00e2nd M\u0103 Rog - Societatea Biblic\u0103 din Moldova","isPartOf":{"@id":"https:\/\/biblia.md\/#website"},"primaryImageOfPage":{"@id":"https:\/\/biblia.md\/shop\/hermie-dumnezeu-ma-asculta-cand-ma-rog\/#primaryimage"},"image":{"@id":"https:\/\/biblia.md\/shop\/hermie-dumnezeu-ma-asculta-cand-ma-rog\/#primaryimage"},"thumbnailUrl":"https:\/\/biblia.md\/wp-content\/uploads\/2026\/01\/0000000524.jpg","datePublished":"2026-01-19T09:48:24+00:00","dateModified":"2026-01-19T09:48:25+00:00","breadcrumb":{"@id":"https:\/\/biblia.md\/shop\/hermie-dumnezeu-ma-asculta-cand-ma-rog\/#breadcrumb"},"inLanguage":"ru-RU","potentialAction":[{"@type":"ReadAction","target":["https:\/\/biblia.md\/shop\/hermie-dumnezeu-ma-asculta-cand-ma-rog\/"]}]},{"@type":"ImageObject","inLanguage":"ru-RU","@id":"https:\/\/biblia.md\/shop\/hermie-dumnezeu-ma-asculta-cand-ma-rog\/#primaryimage","url":"https:\/\/biblia.md\/wp-content\/uploads\/2026\/01\/0000000524.jpg","contentUrl":"https:\/\/biblia.md\/wp-content\/uploads\/2026\/01\/0000000524.jpg","width":727,"height":1024},{"@type":"BreadcrumbList","@id":"https:\/\/biblia.md\/shop\/hermie-dumnezeu-ma-asculta-cand-ma-rog\/#breadcrumb","itemListElement":[{"@type":"ListItem","position":1,"name":"Prima pagin\u0103","item":"https:\/\/biblia.md\/"},{"@type":"ListItem","position":2,"name":"Shop","item":"https:\/\/biblia.md\/shop\/"},{"@type":"ListItem","position":3,"name":"Hermie &#8211; Dumnezeu M\u0103 Ascult\u0103 C\u00e2nd M\u0103 Rog"}]},{"@type":"WebSite","@id":"https:\/\/biblia.md\/#website","url":"https:\/\/biblia.md\/","name":"Societatea Biblic\u0103 din Moldova","description":"","publisher":{"@id":"https:\/\/biblia.md\/#organization"},"potentialAction":[{"@type":"SearchAction","target":{"@type":"EntryPoint","urlTemplate":"https:\/\/biblia.md\/?s={search_term_string}"},"query-input":{"@type":"PropertyValueSpecification","valueRequired":true,"valueName":"search_term_string"}}],"inLanguage":"ru-RU"},{"@type":"Organization","@id":"https:\/\/biblia.md\/#organization","name":"Societatea Biblic\u0103 din Moldova","url":"https:\/\/biblia.md\/","logo":{"@type":"ImageObject","inLanguage":"ru-RU","@id":"https:\/\/biblia.md\/#\/schema\/logo\/image\/","url":"https:\/\/biblia.md\/wp-content\/uploads\/2026\/01\/icon_site.jpg","contentUrl":"https:\/\/biblia.md\/wp-content\/uploads\/2026\/01\/icon_site.jpg","width":656,"height":656,"caption":"Societatea Biblic\u0103 din Moldova"},"image":{"@id":"https:\/\/biblia.md\/#\/schema\/logo\/image\/"},"sameAs":["https:\/\/www.facebook.com\/SocietateaBiblicaMoldova\/","https:\/\/www.instagram.com\/biblia.md\/"]}]}},"_links":{"self":[{"href":"https:\/\/biblia.md\/ru\/wp-json\/wp\/v2\/product\/31968","targetHints":{"allow":["GET"]}}],"collection":[{"href":"https:\/\/biblia.md\/ru\/wp-json\/wp\/v2\/product"}],"about":[{"href":"https:\/\/biblia.md\/ru\/wp-json\/wp\/v2\/types\/product"}],"replies":[{"embeddable":true,"href":"https:\/\/biblia.md\/ru\/wp-json\/wp\/v2\/comments?post=31968"}],"version-history":[{"count":1,"href":"https:\/\/biblia.md\/ru\/wp-json\/wp\/v2\/product\/31968\/revisions"}],"predecessor-version":[{"id":31970,"href":"https:\/\/biblia.md\/ru\/wp-json\/wp\/v2\/product\/31968\/revisions\/31970"}],"wp:featuredmedia":[{"embeddable":true,"href":"https:\/\/biblia.md\/ru\/wp-json\/wp\/v2\/media\/31969"}],"wp:attachment":[{"href":"https:\/\/biblia.md\/ru\/wp-json\/wp\/v2\/media?parent=31968"}],"wp:term":[{"taxonomy":"product_brand","embeddable":true,"href":"https:\/\/biblia.md\/ru\/wp-json\/wp\/v2\/product_brand?post=31968"},{"taxonomy":"product_cat","embeddable":true,"href":"https:\/\/biblia.md\/ru\/wp-json\/wp\/v2\/product_cat?post=31968"},{"taxonomy":"product_tag","embeddable":true,"href":"https:\/\/biblia.md\/ru\/wp-json\/wp\/v2\/product_tag?post=31968"}],"curies":[{"name":"wp","href":"https:\/\/api.w.org\/{rel}","templated":true}]}}