{"id":32058,"date":"2026-01-26T09:16:24","date_gmt":"2026-01-26T07:16:24","guid":{"rendered":"https:\/\/biblia.md\/?post_type=product&#038;p=32058"},"modified":"2026-03-17T10:50:28","modified_gmt":"2026-03-17T08:50:28","slug":"ideea-stralucita-a-lui-dumnezeu-seria-povesti-care-spun-adevarul","status":"publish","type":"product","link":"https:\/\/biblia.md\/ru\/shop\/ideea-stralucita-a-lui-dumnezeu-seria-povesti-care-spun-adevarul\/","title":{"rendered":"Ideea str\u0103lucit\u0103 a lui Dumnezeu (Seria: Pove\u0219ti care spun adev\u0103rul)"},"content":{"rendered":"<p><strong>ACEAST\u0102 CARTE NE POATE SCHIMBA FAMILIILE, BISERICA \u0218I GENERA\u0162IA CARE VINE DUP\u0102 NO<\/strong>I! &#8211; Ann Voskamp, autoarea c\u0103r\u0163ilor Calea fr\u00e2ngerii \u0219i O mie de daruri<\/p>\n<p><strong>O CARTE MINUNAT\u0102, AT\u00c2T PRIN IMAGINI, C\u00c2T \u0218I PRIN \u00ceNV\u0102\u0162\u0102TURA CUPRINS\u0102 \u00ceNTRE PAGINILE EI.\u00a0<\/strong>&#8211; Russell Moore, scriitor \u0219i teolog la Christianity Today<\/p>\n<p>To\u0163i oamenii pe care \u00eei vezi sunt diferi\u0163i de tine, dar asem\u0103n\u0103tori \u00een acela\u0219i timp. Ar\u0103t\u0103m diferit, vorbim diferit \u0219i ne juc\u0103m diferit, dar to\u0163i suntem valoro\u0219i. Cel care a avut ideea str\u0103lucit\u0103 de a ne crea at\u00e2t de diferi\u0163i este \u00censu\u0219i Dumnezeu.<\/p>\n<p>Cartea pe care o \u0163ii \u00een m\u00e2n\u0103 te va \u00eenv\u0103\u0163a tocmai despre aceast\u0103 minunat\u0103 idee \u0219i despre felul \u00een care \u0219i tu faci parte din planul lui Dumnezeu.<\/p>","protected":false},"excerpt":{"rendered":"<p><strong>ACEAST\u0102 CARTE NE POATE SCHIMBA FAMILIILE, BISERICA \u0218I GENERA\u0162IA CARE VINE DUP\u0102 NO<\/strong>I! &#8211; Ann Voskamp, autoarea c\u0103r\u0163ilor Calea fr\u00e2ngerii \u0219i O mie de daruri<\/p>\n<p><strong>O CARTE MINUNAT\u0102, AT\u00c2T PRIN IMAGINI, C\u00c2T \u0218I PRIN \u00ceNV\u0102\u0162\u0102TURA CUPRINS\u0102 \u00ceNTRE PAGINILE EI.\u00a0<\/strong>&#8211; Russell Moore, scriitor \u0219i teolog la Christianity Today<\/p>\n<p>To\u0163i oamenii pe care \u00eei vezi sunt diferi\u0163i de tine, dar asem\u0103n\u0103tori \u00een acela\u0219i timp. Ar\u0103t\u0103m diferit, vorbim diferit \u0219i ne juc\u0103m diferit, dar to\u0163i suntem valoro\u0219i. Cel care a avut ideea str\u0103lucit\u0103 de a ne crea at\u00e2t de diferi\u0163i este \u00censu\u0219i Dumnezeu.<\/p>\n<p>Cartea pe care o \u0163ii \u00een m\u00e2n\u0103 te va \u00eenv\u0103\u0163a tocmai despre aceast\u0103 minunat\u0103 idee \u0219i despre felul \u00een care \u0219i tu faci parte din planul lui Dumnezeu.<\/p>","protected":false},"featured_media":36686,"comment_status":"open","ping_status":"closed","template":"","meta":[],"product_brand":[],"product_cat":[149,364],"product_tag":[],"class_list":{"0":"post-32058","1":"product","2":"type-product","3":"status-publish","4":"has-post-thumbnail","6":"product_cat-copii","7":"product_cat-povestiri","8":"product_author-trillia-newbell","9":"product_genre-knigi-rom","11":"first","12":"instock","13":"featured","14":"shipping-taxable","15":"purchasable","16":"product-type-simple"},"yoast_head":"<!-- This site is optimized with the Yoast SEO plugin v27.3 - https:\/\/yoast.com\/product\/yoast-seo-wordpress\/ -->\n<title>Ideea str\u0103lucit\u0103 a lui Dumnezeu (Seria: Pove\u0219ti care spun adev\u0103rul) - Societatea Biblic\u0103 din Moldova<\/title>\n<meta name=\"robots\" content=\"index, follow, max-snippet:-1, max-image-preview:large, max-video-preview:-1\" \/>\n<link rel=\"canonical\" href=\"https:\/\/biblia.md\/ru\/shop\/ideea-stralucita-a-lui-dumnezeu-seria-povesti-care-spun-adevarul\/\" \/>\n<meta property=\"og:locale\" content=\"ru_RU\" \/>\n<meta property=\"og:type\" content=\"article\" \/>\n<meta property=\"og:title\" content=\"Ideea str\u0103lucit\u0103 a lui Dumnezeu (Seria: Pove\u0219ti care spun adev\u0103rul) - Societatea Biblic\u0103 din Moldova\" \/>\n<meta property=\"og:description\" content=\"ACEAST\u0102 CARTE NE POATE SCHIMBA FAMILIILE, BISERICA \u0218I GENERA\u0162IA CARE VINE DUP\u0102 NOI! - Ann Voskamp, autoarea c\u0103r\u0163ilor Calea fr\u00e2ngerii \u0219i O mie de daruri  O CARTE MINUNAT\u0102, AT\u00c2T PRIN IMAGINI, C\u00c2T \u0218I PRIN \u00ceNV\u0102\u0162\u0102TURA CUPRINS\u0102 \u00ceNTRE PAGINILE EI.\u00a0- Russell Moore, scriitor \u0219i teolog la Christianity Today  To\u0163i oamenii pe care \u00eei vezi sunt diferi\u0163i de tine, dar asem\u0103n\u0103tori \u00een acela\u0219i timp. Ar\u0103t\u0103m diferit, vorbim diferit \u0219i ne juc\u0103m diferit, dar to\u0163i suntem valoro\u0219i. Cel care a avut ideea str\u0103lucit\u0103 de a ne crea at\u00e2t de diferi\u0163i este \u00censu\u0219i Dumnezeu.  Cartea pe care o \u0163ii \u00een m\u00e2n\u0103 te va \u00eenv\u0103\u0163a tocmai despre aceast\u0103 minunat\u0103 idee \u0219i despre felul \u00een care \u0219i tu faci parte din planul lui Dumnezeu.\" \/>\n<meta property=\"og:url\" content=\"https:\/\/biblia.md\/ru\/shop\/ideea-stralucita-a-lui-dumnezeu-seria-povesti-care-spun-adevarul\/\" \/>\n<meta property=\"og:site_name\" content=\"Societatea Biblic\u0103 din Moldova\" \/>\n<meta property=\"article:publisher\" content=\"https:\/\/www.facebook.com\/SocietateaBiblicaMoldova\/\" \/>\n<meta property=\"article:modified_time\" content=\"2026-03-17T08:50:28+00:00\" \/>\n<meta property=\"og:image\" content=\"https:\/\/biblia.md\/wp-content\/uploads\/2026\/01\/ideea-stralucita-a-lui-dumnezeu-seria-povesti-care-spun-adevarul-558718.jpg\" \/>\n\t<meta property=\"og:image:width\" content=\"332\" \/>\n\t<meta property=\"og:image:height\" content=\"419\" \/>\n\t<meta property=\"og:image:type\" content=\"image\/jpeg\" \/>\n<meta name=\"twitter:card\" content=\"summary_large_image\" \/>\n<meta name=\"twitter:label1\" content=\"\u041f\u0440\u0438\u043c\u0435\u0440\u043d\u043e\u0435 \u0432\u0440\u0435\u043c\u044f \u0434\u043b\u044f \u0447\u0442\u0435\u043d\u0438\u044f\" \/>\n\t<meta name=\"twitter:data1\" content=\"1 \u043c\u0438\u043d\u0443\u0442\u0430\" \/>\n<script type=\"application\/ld+json\" class=\"yoast-schema-graph\">{\"@context\":\"https:\\\/\\\/schema.org\",\"@graph\":[{\"@type\":\"WebPage\",\"@id\":\"https:\\\/\\\/biblia.md\\\/shop\\\/ideea-stralucita-a-lui-dumnezeu-seria-povesti-care-spun-adevarul\\\/\",\"url\":\"https:\\\/\\\/biblia.md\\\/shop\\\/ideea-stralucita-a-lui-dumnezeu-seria-povesti-care-spun-adevarul\\\/\",\"name\":\"Ideea str\u0103lucit\u0103 a lui Dumnezeu (Seria: Pove\u0219ti care spun adev\u0103rul) - Societatea Biblic\u0103 din Moldova\",\"isPartOf\":{\"@id\":\"https:\\\/\\\/biblia.md\\\/#website\"},\"primaryImageOfPage\":{\"@id\":\"https:\\\/\\\/biblia.md\\\/shop\\\/ideea-stralucita-a-lui-dumnezeu-seria-povesti-care-spun-adevarul\\\/#primaryimage\"},\"image\":{\"@id\":\"https:\\\/\\\/biblia.md\\\/shop\\\/ideea-stralucita-a-lui-dumnezeu-seria-povesti-care-spun-adevarul\\\/#primaryimage\"},\"thumbnailUrl\":\"https:\\\/\\\/biblia.md\\\/wp-content\\\/uploads\\\/2026\\\/01\\\/642c24f9-bd54-4416-a4ca-b94150234a1d.png\",\"datePublished\":\"2026-01-26T07:16:24+00:00\",\"dateModified\":\"2026-03-17T08:50:28+00:00\",\"breadcrumb\":{\"@id\":\"https:\\\/\\\/biblia.md\\\/shop\\\/ideea-stralucita-a-lui-dumnezeu-seria-povesti-care-spun-adevarul\\\/#breadcrumb\"},\"inLanguage\":\"ru-RU\",\"potentialAction\":[{\"@type\":\"ReadAction\",\"target\":[\"https:\\\/\\\/biblia.md\\\/shop\\\/ideea-stralucita-a-lui-dumnezeu-seria-povesti-care-spun-adevarul\\\/\"]}]},{\"@type\":\"ImageObject\",\"inLanguage\":\"ru-RU\",\"@id\":\"https:\\\/\\\/biblia.md\\\/shop\\\/ideea-stralucita-a-lui-dumnezeu-seria-povesti-care-spun-adevarul\\\/#primaryimage\",\"url\":\"https:\\\/\\\/biblia.md\\\/wp-content\\\/uploads\\\/2026\\\/01\\\/642c24f9-bd54-4416-a4ca-b94150234a1d.png\",\"contentUrl\":\"https:\\\/\\\/biblia.md\\\/wp-content\\\/uploads\\\/2026\\\/01\\\/642c24f9-bd54-4416-a4ca-b94150234a1d.png\",\"width\":1024,\"height\":1536},{\"@type\":\"BreadcrumbList\",\"@id\":\"https:\\\/\\\/biblia.md\\\/shop\\\/ideea-stralucita-a-lui-dumnezeu-seria-povesti-care-spun-adevarul\\\/#breadcrumb\",\"itemListElement\":[{\"@type\":\"ListItem\",\"position\":1,\"name\":\"Prima pagin\u0103\",\"item\":\"https:\\\/\\\/biblia.md\\\/\"},{\"@type\":\"ListItem\",\"position\":2,\"name\":\"Shop\",\"item\":\"https:\\\/\\\/biblia.md\\\/shop\\\/\"},{\"@type\":\"ListItem\",\"position\":3,\"name\":\"Ideea str\u0103lucit\u0103 a lui Dumnezeu (Seria: Pove\u0219ti care spun adev\u0103rul)\"}]},{\"@type\":\"WebSite\",\"@id\":\"https:\\\/\\\/biblia.md\\\/#website\",\"url\":\"https:\\\/\\\/biblia.md\\\/\",\"name\":\"Societatea Biblic\u0103 din Moldova\",\"description\":\"\",\"publisher\":{\"@id\":\"https:\\\/\\\/biblia.md\\\/#organization\"},\"potentialAction\":[{\"@type\":\"SearchAction\",\"target\":{\"@type\":\"EntryPoint\",\"urlTemplate\":\"https:\\\/\\\/biblia.md\\\/?s={search_term_string}\"},\"query-input\":{\"@type\":\"PropertyValueSpecification\",\"valueRequired\":true,\"valueName\":\"search_term_string\"}}],\"inLanguage\":\"ru-RU\"},{\"@type\":\"Organization\",\"@id\":\"https:\\\/\\\/biblia.md\\\/#organization\",\"name\":\"Societatea Biblic\u0103 din Moldova\",\"url\":\"https:\\\/\\\/biblia.md\\\/\",\"logo\":{\"@type\":\"ImageObject\",\"inLanguage\":\"ru-RU\",\"@id\":\"https:\\\/\\\/biblia.md\\\/#\\\/schema\\\/logo\\\/image\\\/\",\"url\":\"https:\\\/\\\/biblia.md\\\/wp-content\\\/uploads\\\/2026\\\/01\\\/icon_site.jpg\",\"contentUrl\":\"https:\\\/\\\/biblia.md\\\/wp-content\\\/uploads\\\/2026\\\/01\\\/icon_site.jpg\",\"width\":656,\"height\":656,\"caption\":\"Societatea Biblic\u0103 din Moldova\"},\"image\":{\"@id\":\"https:\\\/\\\/biblia.md\\\/#\\\/schema\\\/logo\\\/image\\\/\"},\"sameAs\":[\"https:\\\/\\\/www.facebook.com\\\/SocietateaBiblicaMoldova\\\/\",\"https:\\\/\\\/www.instagram.com\\\/biblia.md\\\/\"]}]}<\/script>\n<!-- \/ Yoast SEO plugin. -->","yoast_head_json":{"title":"Ideea str\u0103lucit\u0103 a lui Dumnezeu (Seria: Pove\u0219ti care spun adev\u0103rul) - Societatea Biblic\u0103 din Moldova","robots":{"index":"index","follow":"follow","max-snippet":"max-snippet:-1","max-image-preview":"max-image-preview:large","max-video-preview":"max-video-preview:-1"},"canonical":"https:\/\/biblia.md\/ru\/shop\/ideea-stralucita-a-lui-dumnezeu-seria-povesti-care-spun-adevarul\/","og_locale":"ru_RU","og_type":"article","og_title":"Ideea str\u0103lucit\u0103 a lui Dumnezeu (Seria: Pove\u0219ti care spun adev\u0103rul) - Societatea Biblic\u0103 din Moldova","og_description":"ACEAST\u0102 CARTE NE POATE SCHIMBA FAMILIILE, BISERICA \u0218I GENERA\u0162IA CARE VINE DUP\u0102 NOI! - Ann Voskamp, autoarea c\u0103r\u0163ilor Calea fr\u00e2ngerii \u0219i O mie de daruri  O CARTE MINUNAT\u0102, AT\u00c2T PRIN IMAGINI, C\u00c2T \u0218I PRIN \u00ceNV\u0102\u0162\u0102TURA CUPRINS\u0102 \u00ceNTRE PAGINILE EI.\u00a0- Russell Moore, scriitor \u0219i teolog la Christianity Today  To\u0163i oamenii pe care \u00eei vezi sunt diferi\u0163i de tine, dar asem\u0103n\u0103tori \u00een acela\u0219i timp. Ar\u0103t\u0103m diferit, vorbim diferit \u0219i ne juc\u0103m diferit, dar to\u0163i suntem valoro\u0219i. Cel care a avut ideea str\u0103lucit\u0103 de a ne crea at\u00e2t de diferi\u0163i este \u00censu\u0219i Dumnezeu.  Cartea pe care o \u0163ii \u00een m\u00e2n\u0103 te va \u00eenv\u0103\u0163a tocmai despre aceast\u0103 minunat\u0103 idee \u0219i despre felul \u00een care \u0219i tu faci parte din planul lui Dumnezeu.","og_url":"https:\/\/biblia.md\/ru\/shop\/ideea-stralucita-a-lui-dumnezeu-seria-povesti-care-spun-adevarul\/","og_site_name":"Societatea Biblic\u0103 din Moldova","article_publisher":"https:\/\/www.facebook.com\/SocietateaBiblicaMoldova\/","article_modified_time":"2026-03-17T08:50:28+00:00","og_image":[{"width":332,"height":419,"url":"https:\/\/biblia.md\/wp-content\/uploads\/2026\/01\/ideea-stralucita-a-lui-dumnezeu-seria-povesti-care-spun-adevarul-558718.jpg","type":"image\/jpeg"}],"twitter_card":"summary_large_image","twitter_misc":{"\u041f\u0440\u0438\u043c\u0435\u0440\u043d\u043e\u0435 \u0432\u0440\u0435\u043c\u044f \u0434\u043b\u044f \u0447\u0442\u0435\u043d\u0438\u044f":"1 \u043c\u0438\u043d\u0443\u0442\u0430"},"schema":{"@context":"https:\/\/schema.org","@graph":[{"@type":"WebPage","@id":"https:\/\/biblia.md\/shop\/ideea-stralucita-a-lui-dumnezeu-seria-povesti-care-spun-adevarul\/","url":"https:\/\/biblia.md\/shop\/ideea-stralucita-a-lui-dumnezeu-seria-povesti-care-spun-adevarul\/","name":"Ideea str\u0103lucit\u0103 a lui Dumnezeu (Seria: Pove\u0219ti care spun adev\u0103rul) - Societatea Biblic\u0103 din Moldova","isPartOf":{"@id":"https:\/\/biblia.md\/#website"},"primaryImageOfPage":{"@id":"https:\/\/biblia.md\/shop\/ideea-stralucita-a-lui-dumnezeu-seria-povesti-care-spun-adevarul\/#primaryimage"},"image":{"@id":"https:\/\/biblia.md\/shop\/ideea-stralucita-a-lui-dumnezeu-seria-povesti-care-spun-adevarul\/#primaryimage"},"thumbnailUrl":"https:\/\/biblia.md\/wp-content\/uploads\/2026\/01\/642c24f9-bd54-4416-a4ca-b94150234a1d.png","datePublished":"2026-01-26T07:16:24+00:00","dateModified":"2026-03-17T08:50:28+00:00","breadcrumb":{"@id":"https:\/\/biblia.md\/shop\/ideea-stralucita-a-lui-dumnezeu-seria-povesti-care-spun-adevarul\/#breadcrumb"},"inLanguage":"ru-RU","potentialAction":[{"@type":"ReadAction","target":["https:\/\/biblia.md\/shop\/ideea-stralucita-a-lui-dumnezeu-seria-povesti-care-spun-adevarul\/"]}]},{"@type":"ImageObject","inLanguage":"ru-RU","@id":"https:\/\/biblia.md\/shop\/ideea-stralucita-a-lui-dumnezeu-seria-povesti-care-spun-adevarul\/#primaryimage","url":"https:\/\/biblia.md\/wp-content\/uploads\/2026\/01\/642c24f9-bd54-4416-a4ca-b94150234a1d.png","contentUrl":"https:\/\/biblia.md\/wp-content\/uploads\/2026\/01\/642c24f9-bd54-4416-a4ca-b94150234a1d.png","width":1024,"height":1536},{"@type":"BreadcrumbList","@id":"https:\/\/biblia.md\/shop\/ideea-stralucita-a-lui-dumnezeu-seria-povesti-care-spun-adevarul\/#breadcrumb","itemListElement":[{"@type":"ListItem","position":1,"name":"Prima pagin\u0103","item":"https:\/\/biblia.md\/"},{"@type":"ListItem","position":2,"name":"Shop","item":"https:\/\/biblia.md\/shop\/"},{"@type":"ListItem","position":3,"name":"Ideea str\u0103lucit\u0103 a lui Dumnezeu (Seria: Pove\u0219ti care spun adev\u0103rul)"}]},{"@type":"WebSite","@id":"https:\/\/biblia.md\/#website","url":"https:\/\/biblia.md\/","name":"Societatea Biblic\u0103 din Moldova","description":"","publisher":{"@id":"https:\/\/biblia.md\/#organization"},"potentialAction":[{"@type":"SearchAction","target":{"@type":"EntryPoint","urlTemplate":"https:\/\/biblia.md\/?s={search_term_string}"},"query-input":{"@type":"PropertyValueSpecification","valueRequired":true,"valueName":"search_term_string"}}],"inLanguage":"ru-RU"},{"@type":"Organization","@id":"https:\/\/biblia.md\/#organization","name":"Societatea Biblic\u0103 din Moldova","url":"https:\/\/biblia.md\/","logo":{"@type":"ImageObject","inLanguage":"ru-RU","@id":"https:\/\/biblia.md\/#\/schema\/logo\/image\/","url":"https:\/\/biblia.md\/wp-content\/uploads\/2026\/01\/icon_site.jpg","contentUrl":"https:\/\/biblia.md\/wp-content\/uploads\/2026\/01\/icon_site.jpg","width":656,"height":656,"caption":"Societatea Biblic\u0103 din Moldova"},"image":{"@id":"https:\/\/biblia.md\/#\/schema\/logo\/image\/"},"sameAs":["https:\/\/www.facebook.com\/SocietateaBiblicaMoldova\/","https:\/\/www.instagram.com\/biblia.md\/"]}]}},"_links":{"self":[{"href":"https:\/\/biblia.md\/ru\/wp-json\/wp\/v2\/product\/32058","targetHints":{"allow":["GET"]}}],"collection":[{"href":"https:\/\/biblia.md\/ru\/wp-json\/wp\/v2\/product"}],"about":[{"href":"https:\/\/biblia.md\/ru\/wp-json\/wp\/v2\/types\/product"}],"replies":[{"embeddable":true,"href":"https:\/\/biblia.md\/ru\/wp-json\/wp\/v2\/comments?post=32058"}],"version-history":[{"count":1,"href":"https:\/\/biblia.md\/ru\/wp-json\/wp\/v2\/product\/32058\/revisions"}],"predecessor-version":[{"id":32065,"href":"https:\/\/biblia.md\/ru\/wp-json\/wp\/v2\/product\/32058\/revisions\/32065"}],"wp:featuredmedia":[{"embeddable":true,"href":"https:\/\/biblia.md\/ru\/wp-json\/wp\/v2\/media\/36686"}],"wp:attachment":[{"href":"https:\/\/biblia.md\/ru\/wp-json\/wp\/v2\/media?parent=32058"}],"wp:term":[{"taxonomy":"product_brand","embeddable":true,"href":"https:\/\/biblia.md\/ru\/wp-json\/wp\/v2\/product_brand?post=32058"},{"taxonomy":"product_cat","embeddable":true,"href":"https:\/\/biblia.md\/ru\/wp-json\/wp\/v2\/product_cat?post=32058"},{"taxonomy":"product_tag","embeddable":true,"href":"https:\/\/biblia.md\/ru\/wp-json\/wp\/v2\/product_tag?post=32058"}],"curies":[{"name":"wp","href":"https:\/\/api.w.org\/{rel}","templated":true}]}}