{"id":32075,"date":"2026-01-19T14:45:18","date_gmt":"2026-01-19T12:45:18","guid":{"rendered":"https:\/\/biblia.md\/?post_type=product&#038;p=32075"},"modified":"2026-01-20T11:23:19","modified_gmt":"2026-01-20T09:23:19","slug":"cum-sa-vorbesti-cu-copiii-tai-despre-isus","status":"publish","type":"product","link":"https:\/\/biblia.md\/ru\/shop\/cum-sa-vorbesti-cu-copiii-tai-despre-isus\/","title":{"rendered":"Cum sa vorbesti cu copiii tai despre Isus"},"content":{"rendered":"<p><em>Se observa la\u00a0<\/em><strong><em>Natasha\u00a0<\/em><\/strong><em>o combinatie rara de caldura si intelepciune in stilul sau literar, , o intelegere profunda nascuta din experienta personala si o foarte buna cunoastere a dovezilor care sustin credinta.\u00a0<\/em><strong><em>Natasha\u00a0<\/em><\/strong><em>este o sursa demna de incredere pentru parintii care vor sa le ofere copiilor lor o credinta in Isus vie si bine documentata.<\/em><br \/>\n<strong>Lee Strobel<\/strong>, autor al cartilor\u00a0<em>Pledoarie pentru Cristos\u00a0<\/em>si\u00a0<em>Pledoarie pentru credinta crestina<\/em><\/p>\n<p><strong><em>Natasha Crain<\/em><\/strong><em>\u00a0ne aminteste cat de important este sa integram conversatii despre credinta in trairea de zi cu zi impreuna cu fiii si fiicele noastre. Aceasta resursa convingatoare te va echipa sa iti indrepti copilul catre adevarul vietii, al mortii si al domniei vesnice ale lui Isus Cristos.<\/em><br \/>\n<strong>John Fuller<\/strong>, vicepresedinte al Focus on the fFamuly si gaza emisiunii radio Focus on the Family<\/p>\n<p><strong><em>Cum sa vorbesti cu copii tai despre Isus<\/em><\/strong><em>\u00a0este imbibata in Scriptura si plina de dovezi puternice, exemple fantastice si intrebari de discutie care provoaca gandirea. Ata de abil, Natasha ma face sa ma gandesc mai profund la propria mea credinta, in timp ce invat cum sa-mi ajut copiii sa-si adanceasca credinta lor.<\/em><br \/>\n<strong>John Myers, PhD<\/strong>, presedinte al Summit Ministries<\/p>\n<p><strong>NATASHA CRAIN<\/strong>\u00a0e bloggeri\u0163\u0103, autoare \u015fi vorbitoare cu popularitate, pasionat\u0103 de echiparea p\u0103rin\u0163ilor cre\u015ftini pentru a-\u015fi cre\u015fte copiii cu \u00een\u0163elegerea felului \u00een care s\u0103-\u015fi sus\u0163in\u0103 \u015fi s\u0103-\u015fi apere credin\u0163a \u00eentr-o lume tot mai secularizat\u0103. Are propriul blog, Christian Mom Thoughts, \u015fi este autoarea c\u0103r\u0163ii\u00a0<em>Keeping Your Kids on God&#8217;s Side<\/em>. Crain locuie\u015fte \u00een sudul Californiei \u00eempreun\u0103 cu so\u0163ul ei \u015fi cei trei copii<\/p>","protected":false},"excerpt":{"rendered":"<p><strong>Stii deja ca lumea va pune la test credinta in Isus a copilului tau.<\/strong><br \/>\nDar oare stii tu specific care sunt aceste provocari la adresa credintei, cum sa vorbesti in mod eficient cu copilul tau despre ele si ce inseamna acest lucru pentru tine ca parinte crestin in viata de zi cu zi? Daca vei spune ca nu, sa stii ca nu esti singurul. Multi parinti crestini simt acelasi lucru.<\/p>\n<p>Iata vestea buna:\u00a0<em>Cum sa vorbesti cu copii tai despre Isus<\/em>\u00a0iti va da increderea de care ai nevoie pentru a purta conversatiile care conteaza cel mai mult in lumea sceptica de azi. Cu o voce prieteneasca, de la parinte la parinte,\u00a0<strong>Natasha Crain<\/strong>\u00a0te va purta prin subiecte esentiale cu privire la identitatea, invataturile lui Isus, moartea si invierea Lui. Fiecare capitol explica in mod clar ce sustin scepticii si pune la dispozitie un raspuns concis, usor de inteles, pe care il poti dezbate impreuna cu copilul tau &#8211; un raspuns care poate fi adaptat pentru fiecare varsta.<\/p>","protected":false},"featured_media":32076,"comment_status":"open","ping_status":"closed","template":"","meta":[],"product_brand":[],"product_cat":[377,396],"product_tag":[],"class_list":{"0":"post-32075","1":"product","2":"type-product","3":"status-publish","4":"has-post-thumbnail","6":"product_cat-carti","7":"product_cat-parinti","8":"product_author-natasha-crain","9":"product_genre-knigi-rom","11":"first","12":"outofstock","13":"shipping-taxable","14":"purchasable","15":"product-type-simple"},"yoast_head":"<!-- This site is optimized with the Yoast SEO plugin v27.3 - https:\/\/yoast.com\/product\/yoast-seo-wordpress\/ -->\n<title>Cum sa vorbesti cu copiii tai despre Isus - Societatea Biblic\u0103 din Moldova<\/title>\n<meta name=\"robots\" content=\"index, follow, max-snippet:-1, max-image-preview:large, max-video-preview:-1\" \/>\n<link rel=\"canonical\" href=\"https:\/\/biblia.md\/ru\/shop\/cum-sa-vorbesti-cu-copiii-tai-despre-isus\/\" \/>\n<meta property=\"og:locale\" content=\"ru_RU\" \/>\n<meta property=\"og:type\" content=\"article\" \/>\n<meta property=\"og:title\" content=\"Cum sa vorbesti cu copiii tai despre Isus - Societatea Biblic\u0103 din Moldova\" \/>\n<meta property=\"og:description\" content=\"Stii deja ca lumea va pune la test credinta in Isus a copilului tau. Dar oare stii tu specific care sunt aceste provocari la adresa credintei, cum sa vorbesti in mod eficient cu copilul tau despre ele si ce inseamna acest lucru pentru tine ca parinte crestin in viata de zi cu zi? Daca vei spune ca nu, sa stii ca nu esti singurul. Multi parinti crestini simt acelasi lucru.  Iata vestea buna:\u00a0Cum sa vorbesti cu copii tai despre Isus\u00a0iti va da increderea de care ai nevoie pentru a purta conversatiile care conteaza cel mai mult in lumea sceptica de azi. Cu o voce prieteneasca, de la parinte la parinte,\u00a0Natasha Crain\u00a0te va purta prin subiecte esentiale cu privire la identitatea, invataturile lui Isus, moartea si invierea Lui. Fiecare capitol explica in mod clar ce sustin scepticii si pune la dispozitie un raspuns concis, usor de inteles, pe care il poti dezbate impreuna cu copilul tau - un raspuns care poate fi adaptat pentru fiecare varsta.\" \/>\n<meta property=\"og:url\" content=\"https:\/\/biblia.md\/ru\/shop\/cum-sa-vorbesti-cu-copiii-tai-despre-isus\/\" \/>\n<meta property=\"og:site_name\" content=\"Societatea Biblic\u0103 din Moldova\" \/>\n<meta property=\"article:publisher\" content=\"https:\/\/www.facebook.com\/SocietateaBiblicaMoldova\/\" \/>\n<meta property=\"article:modified_time\" content=\"2026-01-20T09:23:19+00:00\" \/>\n<meta property=\"og:image\" content=\"https:\/\/biblia.md\/wp-content\/uploads\/2026\/01\/0000008441.jpeg\" \/>\n\t<meta property=\"og:image:width\" content=\"600\" \/>\n\t<meta property=\"og:image:height\" content=\"900\" \/>\n\t<meta property=\"og:image:type\" content=\"image\/jpeg\" \/>\n<meta name=\"twitter:card\" content=\"summary_large_image\" \/>\n<meta name=\"twitter:label1\" content=\"\u041f\u0440\u0438\u043c\u0435\u0440\u043d\u043e\u0435 \u0432\u0440\u0435\u043c\u044f \u0434\u043b\u044f \u0447\u0442\u0435\u043d\u0438\u044f\" \/>\n\t<meta name=\"twitter:data1\" content=\"1 \u043c\u0438\u043d\u0443\u0442\u0430\" \/>\n<script type=\"application\/ld+json\" class=\"yoast-schema-graph\">{\"@context\":\"https:\\\/\\\/schema.org\",\"@graph\":[{\"@type\":\"WebPage\",\"@id\":\"https:\\\/\\\/biblia.md\\\/shop\\\/cum-sa-vorbesti-cu-copiii-tai-despre-isus\\\/\",\"url\":\"https:\\\/\\\/biblia.md\\\/shop\\\/cum-sa-vorbesti-cu-copiii-tai-despre-isus\\\/\",\"name\":\"Cum sa vorbesti cu copiii tai despre Isus - Societatea Biblic\u0103 din Moldova\",\"isPartOf\":{\"@id\":\"https:\\\/\\\/biblia.md\\\/#website\"},\"primaryImageOfPage\":{\"@id\":\"https:\\\/\\\/biblia.md\\\/shop\\\/cum-sa-vorbesti-cu-copiii-tai-despre-isus\\\/#primaryimage\"},\"image\":{\"@id\":\"https:\\\/\\\/biblia.md\\\/shop\\\/cum-sa-vorbesti-cu-copiii-tai-despre-isus\\\/#primaryimage\"},\"thumbnailUrl\":\"https:\\\/\\\/biblia.md\\\/wp-content\\\/uploads\\\/2026\\\/01\\\/0000008441.jpeg\",\"datePublished\":\"2026-01-19T12:45:18+00:00\",\"dateModified\":\"2026-01-20T09:23:19+00:00\",\"breadcrumb\":{\"@id\":\"https:\\\/\\\/biblia.md\\\/shop\\\/cum-sa-vorbesti-cu-copiii-tai-despre-isus\\\/#breadcrumb\"},\"inLanguage\":\"ru-RU\",\"potentialAction\":[{\"@type\":\"ReadAction\",\"target\":[\"https:\\\/\\\/biblia.md\\\/shop\\\/cum-sa-vorbesti-cu-copiii-tai-despre-isus\\\/\"]}]},{\"@type\":\"ImageObject\",\"inLanguage\":\"ru-RU\",\"@id\":\"https:\\\/\\\/biblia.md\\\/shop\\\/cum-sa-vorbesti-cu-copiii-tai-despre-isus\\\/#primaryimage\",\"url\":\"https:\\\/\\\/biblia.md\\\/wp-content\\\/uploads\\\/2026\\\/01\\\/0000008441.jpeg\",\"contentUrl\":\"https:\\\/\\\/biblia.md\\\/wp-content\\\/uploads\\\/2026\\\/01\\\/0000008441.jpeg\",\"width\":600,\"height\":900},{\"@type\":\"BreadcrumbList\",\"@id\":\"https:\\\/\\\/biblia.md\\\/shop\\\/cum-sa-vorbesti-cu-copiii-tai-despre-isus\\\/#breadcrumb\",\"itemListElement\":[{\"@type\":\"ListItem\",\"position\":1,\"name\":\"Prima pagin\u0103\",\"item\":\"https:\\\/\\\/biblia.md\\\/\"},{\"@type\":\"ListItem\",\"position\":2,\"name\":\"Shop\",\"item\":\"https:\\\/\\\/biblia.md\\\/shop\\\/\"},{\"@type\":\"ListItem\",\"position\":3,\"name\":\"Cum sa vorbesti cu copiii tai despre Isus\"}]},{\"@type\":\"WebSite\",\"@id\":\"https:\\\/\\\/biblia.md\\\/#website\",\"url\":\"https:\\\/\\\/biblia.md\\\/\",\"name\":\"Societatea Biblic\u0103 din Moldova\",\"description\":\"\",\"publisher\":{\"@id\":\"https:\\\/\\\/biblia.md\\\/#organization\"},\"potentialAction\":[{\"@type\":\"SearchAction\",\"target\":{\"@type\":\"EntryPoint\",\"urlTemplate\":\"https:\\\/\\\/biblia.md\\\/?s={search_term_string}\"},\"query-input\":{\"@type\":\"PropertyValueSpecification\",\"valueRequired\":true,\"valueName\":\"search_term_string\"}}],\"inLanguage\":\"ru-RU\"},{\"@type\":\"Organization\",\"@id\":\"https:\\\/\\\/biblia.md\\\/#organization\",\"name\":\"Societatea Biblic\u0103 din Moldova\",\"url\":\"https:\\\/\\\/biblia.md\\\/\",\"logo\":{\"@type\":\"ImageObject\",\"inLanguage\":\"ru-RU\",\"@id\":\"https:\\\/\\\/biblia.md\\\/#\\\/schema\\\/logo\\\/image\\\/\",\"url\":\"https:\\\/\\\/biblia.md\\\/wp-content\\\/uploads\\\/2026\\\/01\\\/icon_site.jpg\",\"contentUrl\":\"https:\\\/\\\/biblia.md\\\/wp-content\\\/uploads\\\/2026\\\/01\\\/icon_site.jpg\",\"width\":656,\"height\":656,\"caption\":\"Societatea Biblic\u0103 din Moldova\"},\"image\":{\"@id\":\"https:\\\/\\\/biblia.md\\\/#\\\/schema\\\/logo\\\/image\\\/\"},\"sameAs\":[\"https:\\\/\\\/www.facebook.com\\\/SocietateaBiblicaMoldova\\\/\",\"https:\\\/\\\/www.instagram.com\\\/biblia.md\\\/\"]}]}<\/script>\n<!-- \/ Yoast SEO plugin. -->","yoast_head_json":{"title":"Cum sa vorbesti cu copiii tai despre Isus - Societatea Biblic\u0103 din Moldova","robots":{"index":"index","follow":"follow","max-snippet":"max-snippet:-1","max-image-preview":"max-image-preview:large","max-video-preview":"max-video-preview:-1"},"canonical":"https:\/\/biblia.md\/ru\/shop\/cum-sa-vorbesti-cu-copiii-tai-despre-isus\/","og_locale":"ru_RU","og_type":"article","og_title":"Cum sa vorbesti cu copiii tai despre Isus - Societatea Biblic\u0103 din Moldova","og_description":"Stii deja ca lumea va pune la test credinta in Isus a copilului tau. Dar oare stii tu specific care sunt aceste provocari la adresa credintei, cum sa vorbesti in mod eficient cu copilul tau despre ele si ce inseamna acest lucru pentru tine ca parinte crestin in viata de zi cu zi? Daca vei spune ca nu, sa stii ca nu esti singurul. Multi parinti crestini simt acelasi lucru.  Iata vestea buna:\u00a0Cum sa vorbesti cu copii tai despre Isus\u00a0iti va da increderea de care ai nevoie pentru a purta conversatiile care conteaza cel mai mult in lumea sceptica de azi. Cu o voce prieteneasca, de la parinte la parinte,\u00a0Natasha Crain\u00a0te va purta prin subiecte esentiale cu privire la identitatea, invataturile lui Isus, moartea si invierea Lui. Fiecare capitol explica in mod clar ce sustin scepticii si pune la dispozitie un raspuns concis, usor de inteles, pe care il poti dezbate impreuna cu copilul tau - un raspuns care poate fi adaptat pentru fiecare varsta.","og_url":"https:\/\/biblia.md\/ru\/shop\/cum-sa-vorbesti-cu-copiii-tai-despre-isus\/","og_site_name":"Societatea Biblic\u0103 din Moldova","article_publisher":"https:\/\/www.facebook.com\/SocietateaBiblicaMoldova\/","article_modified_time":"2026-01-20T09:23:19+00:00","og_image":[{"width":600,"height":900,"url":"https:\/\/biblia.md\/wp-content\/uploads\/2026\/01\/0000008441.jpeg","type":"image\/jpeg"}],"twitter_card":"summary_large_image","twitter_misc":{"\u041f\u0440\u0438\u043c\u0435\u0440\u043d\u043e\u0435 \u0432\u0440\u0435\u043c\u044f \u0434\u043b\u044f \u0447\u0442\u0435\u043d\u0438\u044f":"1 \u043c\u0438\u043d\u0443\u0442\u0430"},"schema":{"@context":"https:\/\/schema.org","@graph":[{"@type":"WebPage","@id":"https:\/\/biblia.md\/shop\/cum-sa-vorbesti-cu-copiii-tai-despre-isus\/","url":"https:\/\/biblia.md\/shop\/cum-sa-vorbesti-cu-copiii-tai-despre-isus\/","name":"Cum sa vorbesti cu copiii tai despre Isus - Societatea Biblic\u0103 din Moldova","isPartOf":{"@id":"https:\/\/biblia.md\/#website"},"primaryImageOfPage":{"@id":"https:\/\/biblia.md\/shop\/cum-sa-vorbesti-cu-copiii-tai-despre-isus\/#primaryimage"},"image":{"@id":"https:\/\/biblia.md\/shop\/cum-sa-vorbesti-cu-copiii-tai-despre-isus\/#primaryimage"},"thumbnailUrl":"https:\/\/biblia.md\/wp-content\/uploads\/2026\/01\/0000008441.jpeg","datePublished":"2026-01-19T12:45:18+00:00","dateModified":"2026-01-20T09:23:19+00:00","breadcrumb":{"@id":"https:\/\/biblia.md\/shop\/cum-sa-vorbesti-cu-copiii-tai-despre-isus\/#breadcrumb"},"inLanguage":"ru-RU","potentialAction":[{"@type":"ReadAction","target":["https:\/\/biblia.md\/shop\/cum-sa-vorbesti-cu-copiii-tai-despre-isus\/"]}]},{"@type":"ImageObject","inLanguage":"ru-RU","@id":"https:\/\/biblia.md\/shop\/cum-sa-vorbesti-cu-copiii-tai-despre-isus\/#primaryimage","url":"https:\/\/biblia.md\/wp-content\/uploads\/2026\/01\/0000008441.jpeg","contentUrl":"https:\/\/biblia.md\/wp-content\/uploads\/2026\/01\/0000008441.jpeg","width":600,"height":900},{"@type":"BreadcrumbList","@id":"https:\/\/biblia.md\/shop\/cum-sa-vorbesti-cu-copiii-tai-despre-isus\/#breadcrumb","itemListElement":[{"@type":"ListItem","position":1,"name":"Prima pagin\u0103","item":"https:\/\/biblia.md\/"},{"@type":"ListItem","position":2,"name":"Shop","item":"https:\/\/biblia.md\/shop\/"},{"@type":"ListItem","position":3,"name":"Cum sa vorbesti cu copiii tai despre Isus"}]},{"@type":"WebSite","@id":"https:\/\/biblia.md\/#website","url":"https:\/\/biblia.md\/","name":"Societatea Biblic\u0103 din Moldova","description":"","publisher":{"@id":"https:\/\/biblia.md\/#organization"},"potentialAction":[{"@type":"SearchAction","target":{"@type":"EntryPoint","urlTemplate":"https:\/\/biblia.md\/?s={search_term_string}"},"query-input":{"@type":"PropertyValueSpecification","valueRequired":true,"valueName":"search_term_string"}}],"inLanguage":"ru-RU"},{"@type":"Organization","@id":"https:\/\/biblia.md\/#organization","name":"Societatea Biblic\u0103 din Moldova","url":"https:\/\/biblia.md\/","logo":{"@type":"ImageObject","inLanguage":"ru-RU","@id":"https:\/\/biblia.md\/#\/schema\/logo\/image\/","url":"https:\/\/biblia.md\/wp-content\/uploads\/2026\/01\/icon_site.jpg","contentUrl":"https:\/\/biblia.md\/wp-content\/uploads\/2026\/01\/icon_site.jpg","width":656,"height":656,"caption":"Societatea Biblic\u0103 din Moldova"},"image":{"@id":"https:\/\/biblia.md\/#\/schema\/logo\/image\/"},"sameAs":["https:\/\/www.facebook.com\/SocietateaBiblicaMoldova\/","https:\/\/www.instagram.com\/biblia.md\/"]}]}},"_links":{"self":[{"href":"https:\/\/biblia.md\/ru\/wp-json\/wp\/v2\/product\/32075","targetHints":{"allow":["GET"]}}],"collection":[{"href":"https:\/\/biblia.md\/ru\/wp-json\/wp\/v2\/product"}],"about":[{"href":"https:\/\/biblia.md\/ru\/wp-json\/wp\/v2\/types\/product"}],"replies":[{"embeddable":true,"href":"https:\/\/biblia.md\/ru\/wp-json\/wp\/v2\/comments?post=32075"}],"version-history":[{"count":1,"href":"https:\/\/biblia.md\/ru\/wp-json\/wp\/v2\/product\/32075\/revisions"}],"predecessor-version":[{"id":32077,"href":"https:\/\/biblia.md\/ru\/wp-json\/wp\/v2\/product\/32075\/revisions\/32077"}],"wp:featuredmedia":[{"embeddable":true,"href":"https:\/\/biblia.md\/ru\/wp-json\/wp\/v2\/media\/32076"}],"wp:attachment":[{"href":"https:\/\/biblia.md\/ru\/wp-json\/wp\/v2\/media?parent=32075"}],"wp:term":[{"taxonomy":"product_brand","embeddable":true,"href":"https:\/\/biblia.md\/ru\/wp-json\/wp\/v2\/product_brand?post=32075"},{"taxonomy":"product_cat","embeddable":true,"href":"https:\/\/biblia.md\/ru\/wp-json\/wp\/v2\/product_cat?post=32075"},{"taxonomy":"product_tag","embeddable":true,"href":"https:\/\/biblia.md\/ru\/wp-json\/wp\/v2\/product_tag?post=32075"}],"curies":[{"name":"wp","href":"https:\/\/api.w.org\/{rel}","templated":true}]}}