{"id":32078,"date":"2026-01-19T14:55:17","date_gmt":"2026-01-19T12:55:17","guid":{"rendered":"https:\/\/biblia.md\/?post_type=product&#038;p=32078"},"modified":"2026-01-19T14:55:17","modified_gmt":"2026-01-19T12:55:17","slug":"cum-sa-zidesti-o-biserica-sanatoasa","status":"publish","type":"product","link":"https:\/\/biblia.md\/ru\/shop\/cum-sa-zidesti-o-biserica-sanatoasa\/","title":{"rendered":"Cum sa zide\u0219ti o biseric\u0103 s\u0103n\u0103toas\u0103"},"content":{"rendered":"<p><strong>Mark Dever<\/strong>\u00a0(Ph. D. de la Cambridge University) este pastor senior la Capitol Hill Baptist Church in Washington, DC, si directorul executiv al organizatiei 9Marks (9Marks.org). Dever este autorul mai multor carti si invitat special la conferinte tinute peste tot in tara. Impreuna cu sotia, Connie, locuieste in Washinghton, DC, si impreuna au doi copii ajunsi la maturitate.<\/p>\n<p><strong>Paul Alexander<\/strong>\u00a0(M. Div. de la Trinity Evangelical Divinity School) slujeste ca pastor la Grace Covenant Baptist Church in Elgin, Illinois, unde locuieste impreuna cu sotia, Laurie, si impreuna au sase copii.<\/p>\n<p><strong><u>CUPRINS<\/u><\/strong><\/p>\n<p>Cuvant inainte de D.A. Carson<br \/>\nPrefata lui Mark<br \/>\nPrefata lui Paul<br \/>\nCuvant catre cititor<br \/>\nIntroducere<br \/>\nCe zidim?<br \/>\nCum ar trebui sa zidim?<br \/>\nCare va fi pretul ca sa zidim astfel?<\/p>","protected":false},"excerpt":{"rendered":"<p>Daca bisericile sunt locuinta Duhului lui Dumnezeu, atunci de ce atat de multe dintre ele sunt organizate pe baza strategiilor omului? Dornici de cresterea bisericii, conducatorii acestora se lasa atrasi de scheme noi si distractive, uitand sa mentina ca putere de conducere adevarul doctrinar al Sfintelor Scripturi. Bisericile de astazi trebuie sa gaseasca o cale de iesire din labirintul de programe si metode pe care le are si sa se fundamenteze cu smerenie pe suficienta Cuvantului lui Dumnezeu.<\/p>\n<p><strong><em>Cum sa zidesti o biserica sanatoas<\/em><\/strong>a, o editie revizuita si extinsa a cartii\u00a0<strong><em>Biserica intentionala<\/em><\/strong>, ii provoaca pe conducatorii bisericilor sa-si evalueze motivatiile pentru slujire si le ofera acestora exemple practice de conducere sanatoasa si deliberata. Scrisa ca un manual insotitor pentru volumul\u00a0<strong><em>Noua semne ale unei biserici sanatoase<\/em><\/strong>, cartea acopera subiecte importante, inclusiv calitatea de membru, inchinarea, evanghelizarea responsabila si rolurile bisericii. Aceasta carte reprezinta mai mult decat un simplu plan pe care sa-l imiti pas cu pas; ea este un plan biblic pentru pastori, prezbiteri si orice alt slujitor care se dedica bunului mers al bisericii.<\/p>","protected":false},"featured_media":32079,"comment_status":"open","ping_status":"closed","template":"","meta":[],"product_brand":[],"product_cat":[377,395],"product_tag":[],"class_list":{"0":"post-32078","1":"product","2":"type-product","3":"status-publish","4":"has-post-thumbnail","6":"product_cat-carti","7":"product_cat-pentru-slujitori","8":"product_author-mark-dever-amp-paul-alexander","9":"product_genre-knigi-rom","11":"first","12":"instock","13":"shipping-taxable","14":"purchasable","15":"product-type-simple"},"yoast_head":"<!-- This site is optimized with the Yoast SEO plugin v27.3 - https:\/\/yoast.com\/product\/yoast-seo-wordpress\/ -->\n<title>Cum sa zide\u0219ti o biseric\u0103 s\u0103n\u0103toas\u0103 - Societatea Biblic\u0103 din Moldova<\/title>\n<meta name=\"robots\" content=\"index, follow, max-snippet:-1, max-image-preview:large, max-video-preview:-1\" \/>\n<link rel=\"canonical\" href=\"https:\/\/biblia.md\/ru\/shop\/cum-sa-zidesti-o-biserica-sanatoasa\/\" \/>\n<meta property=\"og:locale\" content=\"ru_RU\" \/>\n<meta property=\"og:type\" content=\"article\" \/>\n<meta property=\"og:title\" content=\"Cum sa zide\u0219ti o biseric\u0103 s\u0103n\u0103toas\u0103 - Societatea Biblic\u0103 din Moldova\" \/>\n<meta property=\"og:description\" content=\"Daca bisericile sunt locuinta Duhului lui Dumnezeu, atunci de ce atat de multe dintre ele sunt organizate pe baza strategiilor omului? Dornici de cresterea bisericii, conducatorii acestora se lasa atrasi de scheme noi si distractive, uitand sa mentina ca putere de conducere adevarul doctrinar al Sfintelor Scripturi. Bisericile de astazi trebuie sa gaseasca o cale de iesire din labirintul de programe si metode pe care le are si sa se fundamenteze cu smerenie pe suficienta Cuvantului lui Dumnezeu.  Cum sa zidesti o biserica sanatoasa, o editie revizuita si extinsa a cartii\u00a0Biserica intentionala, ii provoaca pe conducatorii bisericilor sa-si evalueze motivatiile pentru slujire si le ofera acestora exemple practice de conducere sanatoasa si deliberata. Scrisa ca un manual insotitor pentru volumul\u00a0Noua semne ale unei biserici sanatoase, cartea acopera subiecte importante, inclusiv calitatea de membru, inchinarea, evanghelizarea responsabila si rolurile bisericii. Aceasta carte reprezinta mai mult decat un simplu plan pe care sa-l imiti pas cu pas; ea este un plan biblic pentru pastori, prezbiteri si orice alt slujitor care se dedica bunului mers al bisericii.\" \/>\n<meta property=\"og:url\" content=\"https:\/\/biblia.md\/ru\/shop\/cum-sa-zidesti-o-biserica-sanatoasa\/\" \/>\n<meta property=\"og:site_name\" content=\"Societatea Biblic\u0103 din Moldova\" \/>\n<meta property=\"article:publisher\" content=\"https:\/\/www.facebook.com\/SocietateaBiblicaMoldova\/\" \/>\n<meta property=\"og:image\" content=\"https:\/\/biblia.md\/wp-content\/uploads\/2026\/01\/0000008291-683x1024.png\" \/>\n\t<meta property=\"og:image:width\" content=\"683\" \/>\n\t<meta property=\"og:image:height\" content=\"1024\" \/>\n\t<meta property=\"og:image:type\" content=\"image\/png\" \/>\n<meta name=\"twitter:card\" content=\"summary_large_image\" \/>\n<meta name=\"twitter:label1\" content=\"\u041f\u0440\u0438\u043c\u0435\u0440\u043d\u043e\u0435 \u0432\u0440\u0435\u043c\u044f \u0434\u043b\u044f \u0447\u0442\u0435\u043d\u0438\u044f\" \/>\n\t<meta name=\"twitter:data1\" content=\"1 \u043c\u0438\u043d\u0443\u0442\u0430\" \/>\n<script type=\"application\/ld+json\" class=\"yoast-schema-graph\">{\"@context\":\"https:\\\/\\\/schema.org\",\"@graph\":[{\"@type\":\"WebPage\",\"@id\":\"https:\\\/\\\/biblia.md\\\/shop\\\/cum-sa-zidesti-o-biserica-sanatoasa\\\/\",\"url\":\"https:\\\/\\\/biblia.md\\\/shop\\\/cum-sa-zidesti-o-biserica-sanatoasa\\\/\",\"name\":\"Cum sa zide\u0219ti o biseric\u0103 s\u0103n\u0103toas\u0103 - Societatea Biblic\u0103 din Moldova\",\"isPartOf\":{\"@id\":\"https:\\\/\\\/biblia.md\\\/#website\"},\"primaryImageOfPage\":{\"@id\":\"https:\\\/\\\/biblia.md\\\/shop\\\/cum-sa-zidesti-o-biserica-sanatoasa\\\/#primaryimage\"},\"image\":{\"@id\":\"https:\\\/\\\/biblia.md\\\/shop\\\/cum-sa-zidesti-o-biserica-sanatoasa\\\/#primaryimage\"},\"thumbnailUrl\":\"https:\\\/\\\/biblia.md\\\/wp-content\\\/uploads\\\/2026\\\/01\\\/0000008291.png\",\"datePublished\":\"2026-01-19T12:55:17+00:00\",\"breadcrumb\":{\"@id\":\"https:\\\/\\\/biblia.md\\\/shop\\\/cum-sa-zidesti-o-biserica-sanatoasa\\\/#breadcrumb\"},\"inLanguage\":\"ru-RU\",\"potentialAction\":[{\"@type\":\"ReadAction\",\"target\":[\"https:\\\/\\\/biblia.md\\\/shop\\\/cum-sa-zidesti-o-biserica-sanatoasa\\\/\"]}]},{\"@type\":\"ImageObject\",\"inLanguage\":\"ru-RU\",\"@id\":\"https:\\\/\\\/biblia.md\\\/shop\\\/cum-sa-zidesti-o-biserica-sanatoasa\\\/#primaryimage\",\"url\":\"https:\\\/\\\/biblia.md\\\/wp-content\\\/uploads\\\/2026\\\/01\\\/0000008291.png\",\"contentUrl\":\"https:\\\/\\\/biblia.md\\\/wp-content\\\/uploads\\\/2026\\\/01\\\/0000008291.png\",\"width\":1024,\"height\":1536},{\"@type\":\"BreadcrumbList\",\"@id\":\"https:\\\/\\\/biblia.md\\\/shop\\\/cum-sa-zidesti-o-biserica-sanatoasa\\\/#breadcrumb\",\"itemListElement\":[{\"@type\":\"ListItem\",\"position\":1,\"name\":\"Prima pagin\u0103\",\"item\":\"https:\\\/\\\/biblia.md\\\/\"},{\"@type\":\"ListItem\",\"position\":2,\"name\":\"Shop\",\"item\":\"https:\\\/\\\/biblia.md\\\/shop\\\/\"},{\"@type\":\"ListItem\",\"position\":3,\"name\":\"Cum sa zide\u0219ti o biseric\u0103 s\u0103n\u0103toas\u0103\"}]},{\"@type\":\"WebSite\",\"@id\":\"https:\\\/\\\/biblia.md\\\/#website\",\"url\":\"https:\\\/\\\/biblia.md\\\/\",\"name\":\"Societatea Biblic\u0103 din Moldova\",\"description\":\"\",\"publisher\":{\"@id\":\"https:\\\/\\\/biblia.md\\\/#organization\"},\"potentialAction\":[{\"@type\":\"SearchAction\",\"target\":{\"@type\":\"EntryPoint\",\"urlTemplate\":\"https:\\\/\\\/biblia.md\\\/?s={search_term_string}\"},\"query-input\":{\"@type\":\"PropertyValueSpecification\",\"valueRequired\":true,\"valueName\":\"search_term_string\"}}],\"inLanguage\":\"ru-RU\"},{\"@type\":\"Organization\",\"@id\":\"https:\\\/\\\/biblia.md\\\/#organization\",\"name\":\"Societatea Biblic\u0103 din Moldova\",\"url\":\"https:\\\/\\\/biblia.md\\\/\",\"logo\":{\"@type\":\"ImageObject\",\"inLanguage\":\"ru-RU\",\"@id\":\"https:\\\/\\\/biblia.md\\\/#\\\/schema\\\/logo\\\/image\\\/\",\"url\":\"https:\\\/\\\/biblia.md\\\/wp-content\\\/uploads\\\/2026\\\/01\\\/icon_site.jpg\",\"contentUrl\":\"https:\\\/\\\/biblia.md\\\/wp-content\\\/uploads\\\/2026\\\/01\\\/icon_site.jpg\",\"width\":656,\"height\":656,\"caption\":\"Societatea Biblic\u0103 din Moldova\"},\"image\":{\"@id\":\"https:\\\/\\\/biblia.md\\\/#\\\/schema\\\/logo\\\/image\\\/\"},\"sameAs\":[\"https:\\\/\\\/www.facebook.com\\\/SocietateaBiblicaMoldova\\\/\",\"https:\\\/\\\/www.instagram.com\\\/biblia.md\\\/\"]}]}<\/script>\n<!-- \/ Yoast SEO plugin. -->","yoast_head_json":{"title":"Cum sa zide\u0219ti o biseric\u0103 s\u0103n\u0103toas\u0103 - Societatea Biblic\u0103 din Moldova","robots":{"index":"index","follow":"follow","max-snippet":"max-snippet:-1","max-image-preview":"max-image-preview:large","max-video-preview":"max-video-preview:-1"},"canonical":"https:\/\/biblia.md\/ru\/shop\/cum-sa-zidesti-o-biserica-sanatoasa\/","og_locale":"ru_RU","og_type":"article","og_title":"Cum sa zide\u0219ti o biseric\u0103 s\u0103n\u0103toas\u0103 - Societatea Biblic\u0103 din Moldova","og_description":"Daca bisericile sunt locuinta Duhului lui Dumnezeu, atunci de ce atat de multe dintre ele sunt organizate pe baza strategiilor omului? Dornici de cresterea bisericii, conducatorii acestora se lasa atrasi de scheme noi si distractive, uitand sa mentina ca putere de conducere adevarul doctrinar al Sfintelor Scripturi. Bisericile de astazi trebuie sa gaseasca o cale de iesire din labirintul de programe si metode pe care le are si sa se fundamenteze cu smerenie pe suficienta Cuvantului lui Dumnezeu.  Cum sa zidesti o biserica sanatoasa, o editie revizuita si extinsa a cartii\u00a0Biserica intentionala, ii provoaca pe conducatorii bisericilor sa-si evalueze motivatiile pentru slujire si le ofera acestora exemple practice de conducere sanatoasa si deliberata. Scrisa ca un manual insotitor pentru volumul\u00a0Noua semne ale unei biserici sanatoase, cartea acopera subiecte importante, inclusiv calitatea de membru, inchinarea, evanghelizarea responsabila si rolurile bisericii. Aceasta carte reprezinta mai mult decat un simplu plan pe care sa-l imiti pas cu pas; ea este un plan biblic pentru pastori, prezbiteri si orice alt slujitor care se dedica bunului mers al bisericii.","og_url":"https:\/\/biblia.md\/ru\/shop\/cum-sa-zidesti-o-biserica-sanatoasa\/","og_site_name":"Societatea Biblic\u0103 din Moldova","article_publisher":"https:\/\/www.facebook.com\/SocietateaBiblicaMoldova\/","og_image":[{"width":683,"height":1024,"url":"https:\/\/biblia.md\/wp-content\/uploads\/2026\/01\/0000008291-683x1024.png","type":"image\/png"}],"twitter_card":"summary_large_image","twitter_misc":{"\u041f\u0440\u0438\u043c\u0435\u0440\u043d\u043e\u0435 \u0432\u0440\u0435\u043c\u044f \u0434\u043b\u044f \u0447\u0442\u0435\u043d\u0438\u044f":"1 \u043c\u0438\u043d\u0443\u0442\u0430"},"schema":{"@context":"https:\/\/schema.org","@graph":[{"@type":"WebPage","@id":"https:\/\/biblia.md\/shop\/cum-sa-zidesti-o-biserica-sanatoasa\/","url":"https:\/\/biblia.md\/shop\/cum-sa-zidesti-o-biserica-sanatoasa\/","name":"Cum sa zide\u0219ti o biseric\u0103 s\u0103n\u0103toas\u0103 - Societatea Biblic\u0103 din Moldova","isPartOf":{"@id":"https:\/\/biblia.md\/#website"},"primaryImageOfPage":{"@id":"https:\/\/biblia.md\/shop\/cum-sa-zidesti-o-biserica-sanatoasa\/#primaryimage"},"image":{"@id":"https:\/\/biblia.md\/shop\/cum-sa-zidesti-o-biserica-sanatoasa\/#primaryimage"},"thumbnailUrl":"https:\/\/biblia.md\/wp-content\/uploads\/2026\/01\/0000008291.png","datePublished":"2026-01-19T12:55:17+00:00","breadcrumb":{"@id":"https:\/\/biblia.md\/shop\/cum-sa-zidesti-o-biserica-sanatoasa\/#breadcrumb"},"inLanguage":"ru-RU","potentialAction":[{"@type":"ReadAction","target":["https:\/\/biblia.md\/shop\/cum-sa-zidesti-o-biserica-sanatoasa\/"]}]},{"@type":"ImageObject","inLanguage":"ru-RU","@id":"https:\/\/biblia.md\/shop\/cum-sa-zidesti-o-biserica-sanatoasa\/#primaryimage","url":"https:\/\/biblia.md\/wp-content\/uploads\/2026\/01\/0000008291.png","contentUrl":"https:\/\/biblia.md\/wp-content\/uploads\/2026\/01\/0000008291.png","width":1024,"height":1536},{"@type":"BreadcrumbList","@id":"https:\/\/biblia.md\/shop\/cum-sa-zidesti-o-biserica-sanatoasa\/#breadcrumb","itemListElement":[{"@type":"ListItem","position":1,"name":"Prima pagin\u0103","item":"https:\/\/biblia.md\/"},{"@type":"ListItem","position":2,"name":"Shop","item":"https:\/\/biblia.md\/shop\/"},{"@type":"ListItem","position":3,"name":"Cum sa zide\u0219ti o biseric\u0103 s\u0103n\u0103toas\u0103"}]},{"@type":"WebSite","@id":"https:\/\/biblia.md\/#website","url":"https:\/\/biblia.md\/","name":"Societatea Biblic\u0103 din Moldova","description":"","publisher":{"@id":"https:\/\/biblia.md\/#organization"},"potentialAction":[{"@type":"SearchAction","target":{"@type":"EntryPoint","urlTemplate":"https:\/\/biblia.md\/?s={search_term_string}"},"query-input":{"@type":"PropertyValueSpecification","valueRequired":true,"valueName":"search_term_string"}}],"inLanguage":"ru-RU"},{"@type":"Organization","@id":"https:\/\/biblia.md\/#organization","name":"Societatea Biblic\u0103 din Moldova","url":"https:\/\/biblia.md\/","logo":{"@type":"ImageObject","inLanguage":"ru-RU","@id":"https:\/\/biblia.md\/#\/schema\/logo\/image\/","url":"https:\/\/biblia.md\/wp-content\/uploads\/2026\/01\/icon_site.jpg","contentUrl":"https:\/\/biblia.md\/wp-content\/uploads\/2026\/01\/icon_site.jpg","width":656,"height":656,"caption":"Societatea Biblic\u0103 din Moldova"},"image":{"@id":"https:\/\/biblia.md\/#\/schema\/logo\/image\/"},"sameAs":["https:\/\/www.facebook.com\/SocietateaBiblicaMoldova\/","https:\/\/www.instagram.com\/biblia.md\/"]}]}},"_links":{"self":[{"href":"https:\/\/biblia.md\/ru\/wp-json\/wp\/v2\/product\/32078","targetHints":{"allow":["GET"]}}],"collection":[{"href":"https:\/\/biblia.md\/ru\/wp-json\/wp\/v2\/product"}],"about":[{"href":"https:\/\/biblia.md\/ru\/wp-json\/wp\/v2\/types\/product"}],"replies":[{"embeddable":true,"href":"https:\/\/biblia.md\/ru\/wp-json\/wp\/v2\/comments?post=32078"}],"version-history":[{"count":1,"href":"https:\/\/biblia.md\/ru\/wp-json\/wp\/v2\/product\/32078\/revisions"}],"predecessor-version":[{"id":32080,"href":"https:\/\/biblia.md\/ru\/wp-json\/wp\/v2\/product\/32078\/revisions\/32080"}],"wp:featuredmedia":[{"embeddable":true,"href":"https:\/\/biblia.md\/ru\/wp-json\/wp\/v2\/media\/32079"}],"wp:attachment":[{"href":"https:\/\/biblia.md\/ru\/wp-json\/wp\/v2\/media?parent=32078"}],"wp:term":[{"taxonomy":"product_brand","embeddable":true,"href":"https:\/\/biblia.md\/ru\/wp-json\/wp\/v2\/product_brand?post=32078"},{"taxonomy":"product_cat","embeddable":true,"href":"https:\/\/biblia.md\/ru\/wp-json\/wp\/v2\/product_cat?post=32078"},{"taxonomy":"product_tag","embeddable":true,"href":"https:\/\/biblia.md\/ru\/wp-json\/wp\/v2\/product_tag?post=32078"}],"curies":[{"name":"wp","href":"https:\/\/api.w.org\/{rel}","templated":true}]}}