{"id":32240,"date":"2026-01-20T10:10:42","date_gmt":"2026-01-20T08:10:42","guid":{"rendered":"https:\/\/biblia.md\/?post_type=product&#038;p=32240"},"modified":"2026-02-04T23:29:30","modified_gmt":"2026-02-04T21:29:30","slug":"david-brainerd-un-om-al-rugaciunii","status":"publish","type":"product","link":"https:\/\/biblia.md\/ru\/shop\/david-brainerd-un-om-al-rugaciunii\/","title":{"rendered":"David Brainerd &#8211; un om al rugaciunii"},"content":{"rendered":"<p><strong>CUPRINS<\/strong><\/p>\n<p>Introducere<br \/>\nCapitolul I &#8211; Preg\u0103tire pentru slujire<br \/>\n&#8211; Convingerea<br \/>\n&#8211; Convertirea<br \/>\n&#8211; Exmatriculat<br \/>\nCapitolul II &#8211; Propov\u0103duind indienilor<br \/>\nCapitolul III &#8211; Marea trezire<br \/>\nCapitolul IV &#8211; Ultima \u00eemboln\u0103vire \u015fi moartea<\/p>","protected":false},"excerpt":{"rendered":"<p>&#8222;David Brainerd a fost acela care m-a \u00eenv\u0103\u0163at s\u0103 postesc \u015fi s\u0103 m\u0103 rog. Am \u00eenv\u0103\u0163at c\u0103 lucrurile mari pot fi realizate mai degrab\u0103 printr-o p\u0103rt\u0103\u015fie zilnic\u0103 cu Dumnezeu, dec\u00e2t prin predicare.<br \/>\nC\u00e2nd simt c\u0103 devin rece, m\u0103 \u00eentorc la Brainerd \u015fi el \u00eentotdeauna \u00eemi \u00eenc\u0103lze\u015fte inima. Nici un om nu a avut vreodat\u0103 o dragoste mai mare pentru suflete. Singura \u015fi marea lui dorin\u0163\u0103 a fost s\u0103 tr\u0103iasc\u0103 \u00een \u00eentregime pentru Dumnezeu.<br \/>\nDezideratul lui misionar, pe care \u00eel define\u015fte \u00een scrisoarea c\u0103tre fratele s\u0103u Israel, \u00eemi va r\u0103suna mereu \u00een urechi: &#8222;O spun acum, c\u00e2nd sunt pe moarte, c\u0103 pentru nimic \u00een lume nu mi-a\u015f fi tr\u0103it altfel via\u0163a.&#8221;<br \/>\nDe mai mul\u0163i ani vreau s\u0103 pun la dispozi\u0163ia altora &#8222;crema&#8221; jurnalului care te inspir\u0103 al lui Brainerd, \u00eempreun\u0103 cu consemnarea experien\u0163elor lui spirituale m\u0103re\u0163e, d\u00e2nd la o parte tot acel material irelevant care descurajeaz\u0103 \u015fi \u00eempiedic\u0103 \u00eentotdeauna pe cititorul obi\u015fnuit. Lucrul acesta l-am f\u0103cut aici.&#8221;<\/p>\n<p><strong>Oswald J. Smith<\/strong><\/p>","protected":false},"featured_media":34098,"comment_status":"open","ping_status":"closed","template":"","meta":[],"product_brand":[],"product_cat":[384,377],"product_tag":[],"class_list":{"0":"post-32240","1":"product","2":"type-product","3":"status-publish","4":"has-post-thumbnail","6":"product_cat-autobiografii-biografii-marturii","7":"product_cat-carti","8":"product_author-oswald-j-smith","9":"product_genre-knigi-rom","11":"first","12":"instock","13":"shipping-taxable","14":"purchasable","15":"product-type-simple"},"yoast_head":"<!-- This site is optimized with the Yoast SEO plugin v27.3 - https:\/\/yoast.com\/product\/yoast-seo-wordpress\/ -->\n<title>David Brainerd - un om al rugaciunii - Societatea Biblic\u0103 din Moldova<\/title>\n<meta name=\"robots\" content=\"index, follow, max-snippet:-1, max-image-preview:large, max-video-preview:-1\" \/>\n<link rel=\"canonical\" href=\"https:\/\/biblia.md\/ru\/shop\/david-brainerd-un-om-al-rugaciunii\/\" \/>\n<meta property=\"og:locale\" content=\"ru_RU\" \/>\n<meta property=\"og:type\" content=\"article\" \/>\n<meta property=\"og:title\" content=\"David Brainerd - un om al rugaciunii - Societatea Biblic\u0103 din Moldova\" \/>\n<meta property=\"og:description\" content=\"&quot;David Brainerd a fost acela care m-a \u00eenv\u0103\u0163at s\u0103 postesc \u015fi s\u0103 m\u0103 rog. Am \u00eenv\u0103\u0163at c\u0103 lucrurile mari pot fi realizate mai degrab\u0103 printr-o p\u0103rt\u0103\u015fie zilnic\u0103 cu Dumnezeu, dec\u00e2t prin predicare. C\u00e2nd simt c\u0103 devin rece, m\u0103 \u00eentorc la Brainerd \u015fi el \u00eentotdeauna \u00eemi \u00eenc\u0103lze\u015fte inima. Nici un om nu a avut vreodat\u0103 o dragoste mai mare pentru suflete. Singura \u015fi marea lui dorin\u0163\u0103 a fost s\u0103 tr\u0103iasc\u0103 \u00een \u00eentregime pentru Dumnezeu. Dezideratul lui misionar, pe care \u00eel define\u015fte \u00een scrisoarea c\u0103tre fratele s\u0103u Israel, \u00eemi va r\u0103suna mereu \u00een urechi: &quot;O spun acum, c\u00e2nd sunt pe moarte, c\u0103 pentru nimic \u00een lume nu mi-a\u015f fi tr\u0103it altfel via\u0163a.&quot; De mai mul\u0163i ani vreau s\u0103 pun la dispozi\u0163ia altora &quot;crema&quot; jurnalului care te inspir\u0103 al lui Brainerd, \u00eempreun\u0103 cu consemnarea experien\u0163elor lui spirituale m\u0103re\u0163e, d\u00e2nd la o parte tot acel material irelevant care descurajeaz\u0103 \u015fi \u00eempiedic\u0103 \u00eentotdeauna pe cititorul obi\u015fnuit. Lucrul acesta l-am f\u0103cut aici.&quot;  Oswald J. Smith\" \/>\n<meta property=\"og:url\" content=\"https:\/\/biblia.md\/ru\/shop\/david-brainerd-un-om-al-rugaciunii\/\" \/>\n<meta property=\"og:site_name\" content=\"Societatea Biblic\u0103 din Moldova\" \/>\n<meta property=\"article:publisher\" content=\"https:\/\/www.facebook.com\/SocietateaBiblicaMoldova\/\" \/>\n<meta property=\"article:modified_time\" content=\"2026-02-04T21:29:30+00:00\" \/>\n<meta property=\"og:image\" content=\"https:\/\/biblia.md\/wp-content\/uploads\/2026\/01\/0000001746.jpg\" \/>\n\t<meta property=\"og:image:width\" content=\"325\" \/>\n\t<meta property=\"og:image:height\" content=\"500\" \/>\n\t<meta property=\"og:image:type\" content=\"image\/jpeg\" \/>\n<meta name=\"twitter:card\" content=\"summary_large_image\" \/>\n<script type=\"application\/ld+json\" class=\"yoast-schema-graph\">{\"@context\":\"https:\\\/\\\/schema.org\",\"@graph\":[{\"@type\":\"WebPage\",\"@id\":\"https:\\\/\\\/biblia.md\\\/shop\\\/david-brainerd-un-om-al-rugaciunii\\\/\",\"url\":\"https:\\\/\\\/biblia.md\\\/shop\\\/david-brainerd-un-om-al-rugaciunii\\\/\",\"name\":\"David Brainerd - un om al rugaciunii - Societatea Biblic\u0103 din Moldova\",\"isPartOf\":{\"@id\":\"https:\\\/\\\/biblia.md\\\/#website\"},\"primaryImageOfPage\":{\"@id\":\"https:\\\/\\\/biblia.md\\\/shop\\\/david-brainerd-un-om-al-rugaciunii\\\/#primaryimage\"},\"image\":{\"@id\":\"https:\\\/\\\/biblia.md\\\/shop\\\/david-brainerd-un-om-al-rugaciunii\\\/#primaryimage\"},\"thumbnailUrl\":\"https:\\\/\\\/biblia.md\\\/wp-content\\\/uploads\\\/2026\\\/01\\\/89337ff6-c4d8-4fca-bcac-e176e16aa5ec.png\",\"datePublished\":\"2026-01-20T08:10:42+00:00\",\"dateModified\":\"2026-02-04T21:29:30+00:00\",\"breadcrumb\":{\"@id\":\"https:\\\/\\\/biblia.md\\\/shop\\\/david-brainerd-un-om-al-rugaciunii\\\/#breadcrumb\"},\"inLanguage\":\"ru-RU\",\"potentialAction\":[{\"@type\":\"ReadAction\",\"target\":[\"https:\\\/\\\/biblia.md\\\/shop\\\/david-brainerd-un-om-al-rugaciunii\\\/\"]}]},{\"@type\":\"ImageObject\",\"inLanguage\":\"ru-RU\",\"@id\":\"https:\\\/\\\/biblia.md\\\/shop\\\/david-brainerd-un-om-al-rugaciunii\\\/#primaryimage\",\"url\":\"https:\\\/\\\/biblia.md\\\/wp-content\\\/uploads\\\/2026\\\/01\\\/89337ff6-c4d8-4fca-bcac-e176e16aa5ec.png\",\"contentUrl\":\"https:\\\/\\\/biblia.md\\\/wp-content\\\/uploads\\\/2026\\\/01\\\/89337ff6-c4d8-4fca-bcac-e176e16aa5ec.png\",\"width\":1024,\"height\":1536},{\"@type\":\"BreadcrumbList\",\"@id\":\"https:\\\/\\\/biblia.md\\\/shop\\\/david-brainerd-un-om-al-rugaciunii\\\/#breadcrumb\",\"itemListElement\":[{\"@type\":\"ListItem\",\"position\":1,\"name\":\"Prima pagin\u0103\",\"item\":\"https:\\\/\\\/biblia.md\\\/\"},{\"@type\":\"ListItem\",\"position\":2,\"name\":\"Shop\",\"item\":\"https:\\\/\\\/biblia.md\\\/shop\\\/\"},{\"@type\":\"ListItem\",\"position\":3,\"name\":\"David Brainerd &#8211; un om al rugaciunii\"}]},{\"@type\":\"WebSite\",\"@id\":\"https:\\\/\\\/biblia.md\\\/#website\",\"url\":\"https:\\\/\\\/biblia.md\\\/\",\"name\":\"Societatea Biblic\u0103 din Moldova\",\"description\":\"\",\"publisher\":{\"@id\":\"https:\\\/\\\/biblia.md\\\/#organization\"},\"potentialAction\":[{\"@type\":\"SearchAction\",\"target\":{\"@type\":\"EntryPoint\",\"urlTemplate\":\"https:\\\/\\\/biblia.md\\\/?s={search_term_string}\"},\"query-input\":{\"@type\":\"PropertyValueSpecification\",\"valueRequired\":true,\"valueName\":\"search_term_string\"}}],\"inLanguage\":\"ru-RU\"},{\"@type\":\"Organization\",\"@id\":\"https:\\\/\\\/biblia.md\\\/#organization\",\"name\":\"Societatea Biblic\u0103 din Moldova\",\"url\":\"https:\\\/\\\/biblia.md\\\/\",\"logo\":{\"@type\":\"ImageObject\",\"inLanguage\":\"ru-RU\",\"@id\":\"https:\\\/\\\/biblia.md\\\/#\\\/schema\\\/logo\\\/image\\\/\",\"url\":\"https:\\\/\\\/biblia.md\\\/wp-content\\\/uploads\\\/2026\\\/01\\\/icon_site.jpg\",\"contentUrl\":\"https:\\\/\\\/biblia.md\\\/wp-content\\\/uploads\\\/2026\\\/01\\\/icon_site.jpg\",\"width\":656,\"height\":656,\"caption\":\"Societatea Biblic\u0103 din Moldova\"},\"image\":{\"@id\":\"https:\\\/\\\/biblia.md\\\/#\\\/schema\\\/logo\\\/image\\\/\"},\"sameAs\":[\"https:\\\/\\\/www.facebook.com\\\/SocietateaBiblicaMoldova\\\/\",\"https:\\\/\\\/www.instagram.com\\\/biblia.md\\\/\"]}]}<\/script>\n<!-- \/ Yoast SEO plugin. -->","yoast_head_json":{"title":"David Brainerd - un om al rugaciunii - Societatea Biblic\u0103 din Moldova","robots":{"index":"index","follow":"follow","max-snippet":"max-snippet:-1","max-image-preview":"max-image-preview:large","max-video-preview":"max-video-preview:-1"},"canonical":"https:\/\/biblia.md\/ru\/shop\/david-brainerd-un-om-al-rugaciunii\/","og_locale":"ru_RU","og_type":"article","og_title":"David Brainerd - un om al rugaciunii - Societatea Biblic\u0103 din Moldova","og_description":"\"David Brainerd a fost acela care m-a \u00eenv\u0103\u0163at s\u0103 postesc \u015fi s\u0103 m\u0103 rog. Am \u00eenv\u0103\u0163at c\u0103 lucrurile mari pot fi realizate mai degrab\u0103 printr-o p\u0103rt\u0103\u015fie zilnic\u0103 cu Dumnezeu, dec\u00e2t prin predicare. C\u00e2nd simt c\u0103 devin rece, m\u0103 \u00eentorc la Brainerd \u015fi el \u00eentotdeauna \u00eemi \u00eenc\u0103lze\u015fte inima. Nici un om nu a avut vreodat\u0103 o dragoste mai mare pentru suflete. Singura \u015fi marea lui dorin\u0163\u0103 a fost s\u0103 tr\u0103iasc\u0103 \u00een \u00eentregime pentru Dumnezeu. Dezideratul lui misionar, pe care \u00eel define\u015fte \u00een scrisoarea c\u0103tre fratele s\u0103u Israel, \u00eemi va r\u0103suna mereu \u00een urechi: \"O spun acum, c\u00e2nd sunt pe moarte, c\u0103 pentru nimic \u00een lume nu mi-a\u015f fi tr\u0103it altfel via\u0163a.\" De mai mul\u0163i ani vreau s\u0103 pun la dispozi\u0163ia altora \"crema\" jurnalului care te inspir\u0103 al lui Brainerd, \u00eempreun\u0103 cu consemnarea experien\u0163elor lui spirituale m\u0103re\u0163e, d\u00e2nd la o parte tot acel material irelevant care descurajeaz\u0103 \u015fi \u00eempiedic\u0103 \u00eentotdeauna pe cititorul obi\u015fnuit. Lucrul acesta l-am f\u0103cut aici.\"  Oswald J. Smith","og_url":"https:\/\/biblia.md\/ru\/shop\/david-brainerd-un-om-al-rugaciunii\/","og_site_name":"Societatea Biblic\u0103 din Moldova","article_publisher":"https:\/\/www.facebook.com\/SocietateaBiblicaMoldova\/","article_modified_time":"2026-02-04T21:29:30+00:00","og_image":[{"width":325,"height":500,"url":"https:\/\/biblia.md\/wp-content\/uploads\/2026\/01\/0000001746.jpg","type":"image\/jpeg"}],"twitter_card":"summary_large_image","schema":{"@context":"https:\/\/schema.org","@graph":[{"@type":"WebPage","@id":"https:\/\/biblia.md\/shop\/david-brainerd-un-om-al-rugaciunii\/","url":"https:\/\/biblia.md\/shop\/david-brainerd-un-om-al-rugaciunii\/","name":"David Brainerd - un om al rugaciunii - Societatea Biblic\u0103 din Moldova","isPartOf":{"@id":"https:\/\/biblia.md\/#website"},"primaryImageOfPage":{"@id":"https:\/\/biblia.md\/shop\/david-brainerd-un-om-al-rugaciunii\/#primaryimage"},"image":{"@id":"https:\/\/biblia.md\/shop\/david-brainerd-un-om-al-rugaciunii\/#primaryimage"},"thumbnailUrl":"https:\/\/biblia.md\/wp-content\/uploads\/2026\/01\/89337ff6-c4d8-4fca-bcac-e176e16aa5ec.png","datePublished":"2026-01-20T08:10:42+00:00","dateModified":"2026-02-04T21:29:30+00:00","breadcrumb":{"@id":"https:\/\/biblia.md\/shop\/david-brainerd-un-om-al-rugaciunii\/#breadcrumb"},"inLanguage":"ru-RU","potentialAction":[{"@type":"ReadAction","target":["https:\/\/biblia.md\/shop\/david-brainerd-un-om-al-rugaciunii\/"]}]},{"@type":"ImageObject","inLanguage":"ru-RU","@id":"https:\/\/biblia.md\/shop\/david-brainerd-un-om-al-rugaciunii\/#primaryimage","url":"https:\/\/biblia.md\/wp-content\/uploads\/2026\/01\/89337ff6-c4d8-4fca-bcac-e176e16aa5ec.png","contentUrl":"https:\/\/biblia.md\/wp-content\/uploads\/2026\/01\/89337ff6-c4d8-4fca-bcac-e176e16aa5ec.png","width":1024,"height":1536},{"@type":"BreadcrumbList","@id":"https:\/\/biblia.md\/shop\/david-brainerd-un-om-al-rugaciunii\/#breadcrumb","itemListElement":[{"@type":"ListItem","position":1,"name":"Prima pagin\u0103","item":"https:\/\/biblia.md\/"},{"@type":"ListItem","position":2,"name":"Shop","item":"https:\/\/biblia.md\/shop\/"},{"@type":"ListItem","position":3,"name":"David Brainerd &#8211; un om al rugaciunii"}]},{"@type":"WebSite","@id":"https:\/\/biblia.md\/#website","url":"https:\/\/biblia.md\/","name":"Societatea Biblic\u0103 din Moldova","description":"","publisher":{"@id":"https:\/\/biblia.md\/#organization"},"potentialAction":[{"@type":"SearchAction","target":{"@type":"EntryPoint","urlTemplate":"https:\/\/biblia.md\/?s={search_term_string}"},"query-input":{"@type":"PropertyValueSpecification","valueRequired":true,"valueName":"search_term_string"}}],"inLanguage":"ru-RU"},{"@type":"Organization","@id":"https:\/\/biblia.md\/#organization","name":"Societatea Biblic\u0103 din Moldova","url":"https:\/\/biblia.md\/","logo":{"@type":"ImageObject","inLanguage":"ru-RU","@id":"https:\/\/biblia.md\/#\/schema\/logo\/image\/","url":"https:\/\/biblia.md\/wp-content\/uploads\/2026\/01\/icon_site.jpg","contentUrl":"https:\/\/biblia.md\/wp-content\/uploads\/2026\/01\/icon_site.jpg","width":656,"height":656,"caption":"Societatea Biblic\u0103 din Moldova"},"image":{"@id":"https:\/\/biblia.md\/#\/schema\/logo\/image\/"},"sameAs":["https:\/\/www.facebook.com\/SocietateaBiblicaMoldova\/","https:\/\/www.instagram.com\/biblia.md\/"]}]}},"_links":{"self":[{"href":"https:\/\/biblia.md\/ru\/wp-json\/wp\/v2\/product\/32240","targetHints":{"allow":["GET"]}}],"collection":[{"href":"https:\/\/biblia.md\/ru\/wp-json\/wp\/v2\/product"}],"about":[{"href":"https:\/\/biblia.md\/ru\/wp-json\/wp\/v2\/types\/product"}],"replies":[{"embeddable":true,"href":"https:\/\/biblia.md\/ru\/wp-json\/wp\/v2\/comments?post=32240"}],"version-history":[{"count":1,"href":"https:\/\/biblia.md\/ru\/wp-json\/wp\/v2\/product\/32240\/revisions"}],"predecessor-version":[{"id":32244,"href":"https:\/\/biblia.md\/ru\/wp-json\/wp\/v2\/product\/32240\/revisions\/32244"}],"wp:featuredmedia":[{"embeddable":true,"href":"https:\/\/biblia.md\/ru\/wp-json\/wp\/v2\/media\/34098"}],"wp:attachment":[{"href":"https:\/\/biblia.md\/ru\/wp-json\/wp\/v2\/media?parent=32240"}],"wp:term":[{"taxonomy":"product_brand","embeddable":true,"href":"https:\/\/biblia.md\/ru\/wp-json\/wp\/v2\/product_brand?post=32240"},{"taxonomy":"product_cat","embeddable":true,"href":"https:\/\/biblia.md\/ru\/wp-json\/wp\/v2\/product_cat?post=32240"},{"taxonomy":"product_tag","embeddable":true,"href":"https:\/\/biblia.md\/ru\/wp-json\/wp\/v2\/product_tag?post=32240"}],"curies":[{"name":"wp","href":"https:\/\/api.w.org\/{rel}","templated":true}]}}