{"id":32441,"date":"2026-01-20T14:15:54","date_gmt":"2026-01-20T12:15:54","guid":{"rendered":"https:\/\/biblia.md\/?post_type=product&#038;p=32441"},"modified":"2026-02-10T16:50:21","modified_gmt":"2026-02-10T14:50:21","slug":"jurnal-biblic-creativ-editie-dedicata-fetelor","status":"publish","type":"product","link":"https:\/\/biblia.md\/ru\/shop\/jurnal-biblic-creativ-editie-dedicata-fetelor\/","title":{"rendered":"Jurnal Biblic Creativ &#8211; Edi\u021bie dedicat\u0103 fetelor!"},"content":{"rendered":"<p><strong>40 de devo\u0163ionale variate care te vor ajuta s\u0103 cre\u015fti \u00een credin\u0163\u0103.<\/strong><\/p>\n<p><strong>Cite\u015fte, mediteaz\u0103, deseneaz\u0103 \u015fi rezolv\u0103 enigmele pentru a \u00eentelege mai bine Biblia.<\/strong><\/p>\n<p>Ar fi imposibil de socotit c\u00e2t de importanta este Biblia. Ea ne ajuta sa \u00cel cunoastem pe Dumnezeu si ne ofera calauzire \u00een viata.<\/p>\n<p>Cu toate acestea, adolescen\u021bii sunt uneori foarte greu de captivat c\u00e2nd vine vorba despre Biblie. Mul\u021bi au crescut auzind povestiri biblice binecunoscute iar acum cred c\u0103 nu mai au nimic de descoperit.<\/p>\n<p><strong>Aceast jurnal este dedicat fetelor.<\/strong><\/p>\n<p>Jurnal de activit\u0103\u021bi 2-\u00een-1 \u0219i studiu biblic pentru adolescen\u021bi.<\/p>\n<p>Prin cele 40 de devotionale, Jurnalul Biblic Creativ te va ajuta sa \u00eentelegi mai bine Biblia, sa-L \u00eentelegi mai bine pe Dumnezeu, sa te cunosti pe tine si sa afli care este valoarea ta, potentialul tau si rolurile tale.<\/p>\n<p>Folosind resursele din Jurnalul Biblic Creativ, vei \u00eenvata cum poti \u00eembunatati anumite aspecte ale vietii tale si vei \u00eencepe sa te vezi asa cum te vede Dumnezeu \u2013 ca o faptura minunata.<\/p>\n<p>\u00cen fiecare devotional vei gasi un verset din Biblie, un scurt text care te \u00eendeamna la meditatie si c\u00e2teva activitati prin care poti aplica ceea ce ai \u00eenvatat.<br \/>\nFie ca Jurnalul Biblic Creativ sa te ajute sa-L \u00eentelegi si sa-L iubesti pe Dumnezeu, dar si pe tine \u00eensuti.<br \/>\n<strong>Si tu ai creativitate. De unde stim? Pentru ca Dumnezeu a pus-o \u00een tine.<\/strong><\/p>\n<p>Cu acest jurnal, tinerele fete cu v\u00e2rsta cuprins\u0103 \u00eentre 8 \u0219i 12 ani vor avea un instrument de studiu biblic care este relevant pentru ele, bazat doar pe Biblie, u\u0219or de folosit, profund \u0219i creativ, dar \u015fi transformator.<\/p>\n<p>Fiecare dintre cele 40 de devo\u0163ionale ale c\u0103r\u021bii au c\u00e2te 2 pagini fiecare;<\/p>\n<p>&#8211; prima pagin\u0103 este pentru introducere \u2013 cu un verset biblic (pe care \u00eel pot colora) \u0219i un text bolduit (care face pasajul biblic relevant pentru ele).<\/p>\n<p>&#8211; a doua pagin\u0103 este pentru rezolvarea enigmelor \u2013 rezolvarea unui rebus\/integrame\/cuvinte \u00eencruci\u015fate \u0219i un spa\u0163iu pentru notarea unor g\u00e2nduri sau a unei rug\u0103ciuni ghidate (\u00eendemn\u00e2nd adolescenta s\u0103 mediteze singur\u0103 not\u00e2nd pe h\u00e2rtie aplica\u021biile personale din via\u021ba real\u0103 pe baza pasajului biblic).<\/p>\n<p>Jurnalul con\u0163ine un devo\u021bional unic, special creat pentru fetele (cu v\u00e2rsta 8-12 ani) care s\u0103 ghideze cititoarea prin subiecte biblice pentru ai stimula \u00een\u021belegerea \u0219i cre\u0219terea personal\u0103.<br \/>\nPrin citirea mesajului devo\u021bional cititoarea este ajutat\u0103 la formarea unor rutine s\u0103n\u0103toase \u0219i totodat\u0103 o va \u00eenva\u021b\u0103 s\u0103 se roage. Pe fiecare pagina g\u0103se\u015fti versete biblice care con\u021bin lec\u021bii de via\u021b\u0103 grozave dar \u015fi\u00a0un con\u0163inut grafic creativ, ce te indeamn\u0103 la colorat.<\/p>","protected":false},"excerpt":{"rendered":"<p><strong>40 de devo\u0163ionale variate care te vor ajuta s\u0103 cre\u015fti \u00een credin\u0163\u0103.<\/strong><\/p>\n<p><strong>Cite\u015fte, mediteaz\u0103, deseneaz\u0103 \u015fi rezolv\u0103 enigmele pentru a \u00eentelege mai bine Biblia.<\/strong><\/p>\n<p>Ar fi imposibil de socotit c\u00e2t de importanta este Biblia. Ea ne ajuta sa \u00cel cunoastem pe Dumnezeu si ne ofera calauzire \u00een viata.<\/p>\n<p>Cu toate acestea, adolescen\u021bii sunt uneori foarte greu de captivat c\u00e2nd vine vorba despre Biblie. Mul\u021bi au crescut auzind povestiri biblice binecunoscute iar acum cred c\u0103 nu mai au nimic de descoperit.<\/p>\n<p><strong>Aceast jurnal este dedicat fetelor.<\/strong><\/p>\n<p>Jurnal de activit\u0103\u021bi 2-\u00een-1 \u0219i studiu biblic pentru adolescen\u021bi.<\/p>\n<p>Prin cele 40 de devotionale, Jurnalul Biblic Creativ te va ajuta sa \u00eentelegi mai bine Biblia, sa-L \u00eentelegi mai bine pe Dumnezeu, sa te cunosti pe tine si sa afli care este valoarea ta, potentialul tau si rolurile tale.<\/p>\n<p>Folosind resursele din Jurnalul Biblic Creativ, vei \u00eenvata cum poti \u00eembunatati anumite aspecte ale vietii tale si vei \u00eencepe sa te vezi asa cum te vede Dumnezeu \u2013 ca o faptura minunata.<\/p>\n<p>\u00cen fiecare devotional vei gasi un verset din Biblie, un scurt text care te \u00eendeamna la meditatie si c\u00e2teva activitati prin care poti aplica ceea ce ai \u00eenvatat.<br \/>\nFie ca Jurnalul Biblic Creativ sa te ajute sa-L \u00eentelegi si sa-L iubesti pe Dumnezeu, dar si pe tine \u00eensuti.<br \/>\n<strong>Si tu ai creativitate. De unde stim? Pentru ca Dumnezeu a pus-o \u00een tine.<\/strong><\/p>","protected":false},"featured_media":32444,"comment_status":"open","ping_status":"closed","template":"","meta":[],"product_brand":[],"product_cat":[365,149],"product_tag":[],"class_list":{"0":"post-32441","1":"product","2":"type-product","3":"status-publish","4":"has-post-thumbnail","6":"product_cat-carti-de-activitati-si-colorat","7":"product_cat-copii","8":"product_genre-knigi-rom","10":"first","11":"outofstock","12":"shipping-taxable","13":"purchasable","14":"product-type-simple"},"yoast_head":"<!-- This site is optimized with the Yoast SEO plugin v27.3 - https:\/\/yoast.com\/product\/yoast-seo-wordpress\/ -->\n<title>Jurnal Biblic Creativ - Edi\u021bie dedicat\u0103 fetelor! - Societatea Biblic\u0103 din Moldova<\/title>\n<meta name=\"robots\" content=\"index, follow, max-snippet:-1, max-image-preview:large, max-video-preview:-1\" \/>\n<link rel=\"canonical\" href=\"https:\/\/biblia.md\/ru\/shop\/jurnal-biblic-creativ-editie-dedicata-fetelor\/\" \/>\n<meta property=\"og:locale\" content=\"ru_RU\" \/>\n<meta property=\"og:type\" content=\"article\" \/>\n<meta property=\"og:title\" content=\"Jurnal Biblic Creativ - Edi\u021bie dedicat\u0103 fetelor! - Societatea Biblic\u0103 din Moldova\" \/>\n<meta property=\"og:description\" content=\"40 de devo\u0163ionale variate care te vor ajuta s\u0103 cre\u015fti \u00een credin\u0163\u0103.  Cite\u015fte, mediteaz\u0103, deseneaz\u0103 \u015fi rezolv\u0103 enigmele pentru a \u00eentelege mai bine Biblia.  Ar fi imposibil de socotit c\u00e2t de importanta este Biblia. Ea ne ajuta sa \u00cel cunoastem pe Dumnezeu si ne ofera calauzire \u00een viata.  Cu toate acestea, adolescen\u021bii sunt uneori foarte greu de captivat c\u00e2nd vine vorba despre Biblie. Mul\u021bi au crescut auzind povestiri biblice binecunoscute iar acum cred c\u0103 nu mai au nimic de descoperit.  Aceast jurnal este dedicat fetelor.  Jurnal de activit\u0103\u021bi 2-\u00een-1 \u0219i studiu biblic pentru adolescen\u021bi.  Prin cele 40 de devotionale, Jurnalul Biblic Creativ te va ajuta sa \u00eentelegi mai bine Biblia, sa-L \u00eentelegi mai bine pe Dumnezeu, sa te cunosti pe tine si sa afli care este valoarea ta, potentialul tau si rolurile tale.  Folosind resursele din Jurnalul Biblic Creativ, vei \u00eenvata cum poti \u00eembunatati anumite aspecte ale vietii tale si vei \u00eencepe sa te vezi asa cum te vede Dumnezeu \u2013 ca o faptura minunata.  \u00cen fiecare devotional vei gasi un verset din Biblie, un scurt text care te \u00eendeamna la meditatie si c\u00e2teva activitati prin care poti aplica ceea ce ai \u00eenvatat. Fie ca Jurnalul Biblic Creativ sa te ajute sa-L \u00eentelegi si sa-L iubesti pe Dumnezeu, dar si pe tine \u00eensuti. Si tu ai creativitate. De unde stim? Pentru ca Dumnezeu a pus-o \u00een tine.\" \/>\n<meta property=\"og:url\" content=\"https:\/\/biblia.md\/ru\/shop\/jurnal-biblic-creativ-editie-dedicata-fetelor\/\" \/>\n<meta property=\"og:site_name\" content=\"Societatea Biblic\u0103 din Moldova\" \/>\n<meta property=\"article:publisher\" content=\"https:\/\/www.facebook.com\/SocietateaBiblicaMoldova\/\" \/>\n<meta property=\"article:modified_time\" content=\"2026-02-10T14:50:21+00:00\" \/>\n<meta property=\"og:image\" content=\"https:\/\/biblia.md\/wp-content\/uploads\/2026\/01\/b9a1004-5.jpg\" \/>\n\t<meta property=\"og:image:width\" content=\"1417\" \/>\n\t<meta property=\"og:image:height\" content=\"1417\" \/>\n\t<meta property=\"og:image:type\" content=\"image\/jpeg\" \/>\n<meta name=\"twitter:card\" content=\"summary_large_image\" \/>\n<meta name=\"twitter:label1\" content=\"\u041f\u0440\u0438\u043c\u0435\u0440\u043d\u043e\u0435 \u0432\u0440\u0435\u043c\u044f \u0434\u043b\u044f \u0447\u0442\u0435\u043d\u0438\u044f\" \/>\n\t<meta name=\"twitter:data1\" content=\"3 \u043c\u0438\u043d\u0443\u0442\u044b\" \/>\n<script type=\"application\/ld+json\" class=\"yoast-schema-graph\">{\"@context\":\"https:\\\/\\\/schema.org\",\"@graph\":[{\"@type\":\"WebPage\",\"@id\":\"https:\\\/\\\/biblia.md\\\/shop\\\/jurnal-biblic-creativ-editie-dedicata-fetelor\\\/\",\"url\":\"https:\\\/\\\/biblia.md\\\/shop\\\/jurnal-biblic-creativ-editie-dedicata-fetelor\\\/\",\"name\":\"Jurnal Biblic Creativ - Edi\u021bie dedicat\u0103 fetelor! - Societatea Biblic\u0103 din Moldova\",\"isPartOf\":{\"@id\":\"https:\\\/\\\/biblia.md\\\/#website\"},\"primaryImageOfPage\":{\"@id\":\"https:\\\/\\\/biblia.md\\\/shop\\\/jurnal-biblic-creativ-editie-dedicata-fetelor\\\/#primaryimage\"},\"image\":{\"@id\":\"https:\\\/\\\/biblia.md\\\/shop\\\/jurnal-biblic-creativ-editie-dedicata-fetelor\\\/#primaryimage\"},\"thumbnailUrl\":\"https:\\\/\\\/biblia.md\\\/wp-content\\\/uploads\\\/2026\\\/01\\\/b9a1004-5.jpg\",\"datePublished\":\"2026-01-20T12:15:54+00:00\",\"dateModified\":\"2026-02-10T14:50:21+00:00\",\"breadcrumb\":{\"@id\":\"https:\\\/\\\/biblia.md\\\/shop\\\/jurnal-biblic-creativ-editie-dedicata-fetelor\\\/#breadcrumb\"},\"inLanguage\":\"ru-RU\",\"potentialAction\":[{\"@type\":\"ReadAction\",\"target\":[\"https:\\\/\\\/biblia.md\\\/shop\\\/jurnal-biblic-creativ-editie-dedicata-fetelor\\\/\"]}]},{\"@type\":\"ImageObject\",\"inLanguage\":\"ru-RU\",\"@id\":\"https:\\\/\\\/biblia.md\\\/shop\\\/jurnal-biblic-creativ-editie-dedicata-fetelor\\\/#primaryimage\",\"url\":\"https:\\\/\\\/biblia.md\\\/wp-content\\\/uploads\\\/2026\\\/01\\\/b9a1004-5.jpg\",\"contentUrl\":\"https:\\\/\\\/biblia.md\\\/wp-content\\\/uploads\\\/2026\\\/01\\\/b9a1004-5.jpg\",\"width\":1417,\"height\":1417},{\"@type\":\"BreadcrumbList\",\"@id\":\"https:\\\/\\\/biblia.md\\\/shop\\\/jurnal-biblic-creativ-editie-dedicata-fetelor\\\/#breadcrumb\",\"itemListElement\":[{\"@type\":\"ListItem\",\"position\":1,\"name\":\"Prima pagin\u0103\",\"item\":\"https:\\\/\\\/biblia.md\\\/\"},{\"@type\":\"ListItem\",\"position\":2,\"name\":\"Shop\",\"item\":\"https:\\\/\\\/biblia.md\\\/shop\\\/\"},{\"@type\":\"ListItem\",\"position\":3,\"name\":\"Jurnal Biblic Creativ &#8211; Edi\u021bie dedicat\u0103 fetelor!\"}]},{\"@type\":\"WebSite\",\"@id\":\"https:\\\/\\\/biblia.md\\\/#website\",\"url\":\"https:\\\/\\\/biblia.md\\\/\",\"name\":\"Societatea Biblic\u0103 din Moldova\",\"description\":\"\",\"publisher\":{\"@id\":\"https:\\\/\\\/biblia.md\\\/#organization\"},\"potentialAction\":[{\"@type\":\"SearchAction\",\"target\":{\"@type\":\"EntryPoint\",\"urlTemplate\":\"https:\\\/\\\/biblia.md\\\/?s={search_term_string}\"},\"query-input\":{\"@type\":\"PropertyValueSpecification\",\"valueRequired\":true,\"valueName\":\"search_term_string\"}}],\"inLanguage\":\"ru-RU\"},{\"@type\":\"Organization\",\"@id\":\"https:\\\/\\\/biblia.md\\\/#organization\",\"name\":\"Societatea Biblic\u0103 din Moldova\",\"url\":\"https:\\\/\\\/biblia.md\\\/\",\"logo\":{\"@type\":\"ImageObject\",\"inLanguage\":\"ru-RU\",\"@id\":\"https:\\\/\\\/biblia.md\\\/#\\\/schema\\\/logo\\\/image\\\/\",\"url\":\"https:\\\/\\\/biblia.md\\\/wp-content\\\/uploads\\\/2026\\\/01\\\/icon_site.jpg\",\"contentUrl\":\"https:\\\/\\\/biblia.md\\\/wp-content\\\/uploads\\\/2026\\\/01\\\/icon_site.jpg\",\"width\":656,\"height\":656,\"caption\":\"Societatea Biblic\u0103 din Moldova\"},\"image\":{\"@id\":\"https:\\\/\\\/biblia.md\\\/#\\\/schema\\\/logo\\\/image\\\/\"},\"sameAs\":[\"https:\\\/\\\/www.facebook.com\\\/SocietateaBiblicaMoldova\\\/\",\"https:\\\/\\\/www.instagram.com\\\/biblia.md\\\/\"]}]}<\/script>\n<!-- \/ Yoast SEO plugin. -->","yoast_head_json":{"title":"Jurnal Biblic Creativ - Edi\u021bie dedicat\u0103 fetelor! - Societatea Biblic\u0103 din Moldova","robots":{"index":"index","follow":"follow","max-snippet":"max-snippet:-1","max-image-preview":"max-image-preview:large","max-video-preview":"max-video-preview:-1"},"canonical":"https:\/\/biblia.md\/ru\/shop\/jurnal-biblic-creativ-editie-dedicata-fetelor\/","og_locale":"ru_RU","og_type":"article","og_title":"Jurnal Biblic Creativ - Edi\u021bie dedicat\u0103 fetelor! - Societatea Biblic\u0103 din Moldova","og_description":"40 de devo\u0163ionale variate care te vor ajuta s\u0103 cre\u015fti \u00een credin\u0163\u0103.  Cite\u015fte, mediteaz\u0103, deseneaz\u0103 \u015fi rezolv\u0103 enigmele pentru a \u00eentelege mai bine Biblia.  Ar fi imposibil de socotit c\u00e2t de importanta este Biblia. Ea ne ajuta sa \u00cel cunoastem pe Dumnezeu si ne ofera calauzire \u00een viata.  Cu toate acestea, adolescen\u021bii sunt uneori foarte greu de captivat c\u00e2nd vine vorba despre Biblie. Mul\u021bi au crescut auzind povestiri biblice binecunoscute iar acum cred c\u0103 nu mai au nimic de descoperit.  Aceast jurnal este dedicat fetelor.  Jurnal de activit\u0103\u021bi 2-\u00een-1 \u0219i studiu biblic pentru adolescen\u021bi.  Prin cele 40 de devotionale, Jurnalul Biblic Creativ te va ajuta sa \u00eentelegi mai bine Biblia, sa-L \u00eentelegi mai bine pe Dumnezeu, sa te cunosti pe tine si sa afli care este valoarea ta, potentialul tau si rolurile tale.  Folosind resursele din Jurnalul Biblic Creativ, vei \u00eenvata cum poti \u00eembunatati anumite aspecte ale vietii tale si vei \u00eencepe sa te vezi asa cum te vede Dumnezeu \u2013 ca o faptura minunata.  \u00cen fiecare devotional vei gasi un verset din Biblie, un scurt text care te \u00eendeamna la meditatie si c\u00e2teva activitati prin care poti aplica ceea ce ai \u00eenvatat. Fie ca Jurnalul Biblic Creativ sa te ajute sa-L \u00eentelegi si sa-L iubesti pe Dumnezeu, dar si pe tine \u00eensuti. Si tu ai creativitate. De unde stim? Pentru ca Dumnezeu a pus-o \u00een tine.","og_url":"https:\/\/biblia.md\/ru\/shop\/jurnal-biblic-creativ-editie-dedicata-fetelor\/","og_site_name":"Societatea Biblic\u0103 din Moldova","article_publisher":"https:\/\/www.facebook.com\/SocietateaBiblicaMoldova\/","article_modified_time":"2026-02-10T14:50:21+00:00","og_image":[{"width":1417,"height":1417,"url":"https:\/\/biblia.md\/wp-content\/uploads\/2026\/01\/b9a1004-5.jpg","type":"image\/jpeg"}],"twitter_card":"summary_large_image","twitter_misc":{"\u041f\u0440\u0438\u043c\u0435\u0440\u043d\u043e\u0435 \u0432\u0440\u0435\u043c\u044f \u0434\u043b\u044f \u0447\u0442\u0435\u043d\u0438\u044f":"3 \u043c\u0438\u043d\u0443\u0442\u044b"},"schema":{"@context":"https:\/\/schema.org","@graph":[{"@type":"WebPage","@id":"https:\/\/biblia.md\/shop\/jurnal-biblic-creativ-editie-dedicata-fetelor\/","url":"https:\/\/biblia.md\/shop\/jurnal-biblic-creativ-editie-dedicata-fetelor\/","name":"Jurnal Biblic Creativ - Edi\u021bie dedicat\u0103 fetelor! - Societatea Biblic\u0103 din Moldova","isPartOf":{"@id":"https:\/\/biblia.md\/#website"},"primaryImageOfPage":{"@id":"https:\/\/biblia.md\/shop\/jurnal-biblic-creativ-editie-dedicata-fetelor\/#primaryimage"},"image":{"@id":"https:\/\/biblia.md\/shop\/jurnal-biblic-creativ-editie-dedicata-fetelor\/#primaryimage"},"thumbnailUrl":"https:\/\/biblia.md\/wp-content\/uploads\/2026\/01\/b9a1004-5.jpg","datePublished":"2026-01-20T12:15:54+00:00","dateModified":"2026-02-10T14:50:21+00:00","breadcrumb":{"@id":"https:\/\/biblia.md\/shop\/jurnal-biblic-creativ-editie-dedicata-fetelor\/#breadcrumb"},"inLanguage":"ru-RU","potentialAction":[{"@type":"ReadAction","target":["https:\/\/biblia.md\/shop\/jurnal-biblic-creativ-editie-dedicata-fetelor\/"]}]},{"@type":"ImageObject","inLanguage":"ru-RU","@id":"https:\/\/biblia.md\/shop\/jurnal-biblic-creativ-editie-dedicata-fetelor\/#primaryimage","url":"https:\/\/biblia.md\/wp-content\/uploads\/2026\/01\/b9a1004-5.jpg","contentUrl":"https:\/\/biblia.md\/wp-content\/uploads\/2026\/01\/b9a1004-5.jpg","width":1417,"height":1417},{"@type":"BreadcrumbList","@id":"https:\/\/biblia.md\/shop\/jurnal-biblic-creativ-editie-dedicata-fetelor\/#breadcrumb","itemListElement":[{"@type":"ListItem","position":1,"name":"Prima pagin\u0103","item":"https:\/\/biblia.md\/"},{"@type":"ListItem","position":2,"name":"Shop","item":"https:\/\/biblia.md\/shop\/"},{"@type":"ListItem","position":3,"name":"Jurnal Biblic Creativ &#8211; Edi\u021bie dedicat\u0103 fetelor!"}]},{"@type":"WebSite","@id":"https:\/\/biblia.md\/#website","url":"https:\/\/biblia.md\/","name":"Societatea Biblic\u0103 din Moldova","description":"","publisher":{"@id":"https:\/\/biblia.md\/#organization"},"potentialAction":[{"@type":"SearchAction","target":{"@type":"EntryPoint","urlTemplate":"https:\/\/biblia.md\/?s={search_term_string}"},"query-input":{"@type":"PropertyValueSpecification","valueRequired":true,"valueName":"search_term_string"}}],"inLanguage":"ru-RU"},{"@type":"Organization","@id":"https:\/\/biblia.md\/#organization","name":"Societatea Biblic\u0103 din Moldova","url":"https:\/\/biblia.md\/","logo":{"@type":"ImageObject","inLanguage":"ru-RU","@id":"https:\/\/biblia.md\/#\/schema\/logo\/image\/","url":"https:\/\/biblia.md\/wp-content\/uploads\/2026\/01\/icon_site.jpg","contentUrl":"https:\/\/biblia.md\/wp-content\/uploads\/2026\/01\/icon_site.jpg","width":656,"height":656,"caption":"Societatea Biblic\u0103 din Moldova"},"image":{"@id":"https:\/\/biblia.md\/#\/schema\/logo\/image\/"},"sameAs":["https:\/\/www.facebook.com\/SocietateaBiblicaMoldova\/","https:\/\/www.instagram.com\/biblia.md\/"]}]}},"_links":{"self":[{"href":"https:\/\/biblia.md\/ru\/wp-json\/wp\/v2\/product\/32441","targetHints":{"allow":["GET"]}}],"collection":[{"href":"https:\/\/biblia.md\/ru\/wp-json\/wp\/v2\/product"}],"about":[{"href":"https:\/\/biblia.md\/ru\/wp-json\/wp\/v2\/types\/product"}],"replies":[{"embeddable":true,"href":"https:\/\/biblia.md\/ru\/wp-json\/wp\/v2\/comments?post=32441"}],"version-history":[{"count":1,"href":"https:\/\/biblia.md\/ru\/wp-json\/wp\/v2\/product\/32441\/revisions"}],"predecessor-version":[{"id":32451,"href":"https:\/\/biblia.md\/ru\/wp-json\/wp\/v2\/product\/32441\/revisions\/32451"}],"wp:featuredmedia":[{"embeddable":true,"href":"https:\/\/biblia.md\/ru\/wp-json\/wp\/v2\/media\/32444"}],"wp:attachment":[{"href":"https:\/\/biblia.md\/ru\/wp-json\/wp\/v2\/media?parent=32441"}],"wp:term":[{"taxonomy":"product_brand","embeddable":true,"href":"https:\/\/biblia.md\/ru\/wp-json\/wp\/v2\/product_brand?post=32441"},{"taxonomy":"product_cat","embeddable":true,"href":"https:\/\/biblia.md\/ru\/wp-json\/wp\/v2\/product_cat?post=32441"},{"taxonomy":"product_tag","embeddable":true,"href":"https:\/\/biblia.md\/ru\/wp-json\/wp\/v2\/product_tag?post=32441"}],"curies":[{"name":"wp","href":"https:\/\/api.w.org\/{rel}","templated":true}]}}