{"id":32470,"date":"2026-01-20T14:36:16","date_gmt":"2026-01-20T12:36:16","guid":{"rendered":"https:\/\/biblia.md\/?post_type=product&#038;p=32470"},"modified":"2026-01-20T14:36:16","modified_gmt":"2026-01-20T12:36:16","slug":"luminosii","status":"publish","type":"product","link":"https:\/\/biblia.md\/ru\/shop\/luminosii\/","title":{"rendered":"Lumino\u0219ii"},"content":{"rendered":"<p><strong><em>NU TUTUROR LE ESTE TEAM\u0102 DE \u00ceNTUNERIC, UNII SE TEM DE LUMIN\u0102!<\/em><\/strong><\/p>\n<p>\u00cen Lumino\u0219ii, R.C. Sproul creeaz\u0103 o superb\u0103 poveste cu t\u00e2lc, ce surprinde esen\u0163a doctrinei r\u0103scump\u0103r\u0103rii. Modul \u00een care o face, \u00eei va fascina \u0219i atrage pe copii. <em><strong>Un popor de fiin\u0163e micu\u0163e, cunoscute sub numele de lumino\u0219ii, devine o metafor\u0103 a omenirii \u00eentregi, pe m\u0103sur\u0103 ce trec prin toate etapele istoriei r\u0103scump\u0103r\u0103rii: crea\u0163ie, c\u0103dere, salvare. La final, copiii vor \u00een\u0163elege de ce unii oameni se tem de lumin\u0103 mai mult dec\u00e2t de \u00eentuneric, dar \u0219i de ce ei, copiii, nu trebuie s\u0103 se mai team\u0103 niciodat\u0103 de \u00eentuneric.<\/strong><\/em><br \/>\n<strong>Cartea este full color, cartonata si cusuta, infoliata sidefat, toate acestea facand-o un cadou extraordinar pentru orice copil.<\/strong><\/p>\n<p><em>A fost odat\u0103 ca niciodat\u0103 un Rege m\u0103re\u021b. Numele lui era Regele Luminii. El locuia \u00een lumin\u0103. El crease lumina \u0219i, pentru c\u0103 lumina Lui era pur\u0103 \u0219i imaculat\u0103, i se mai zicea \u0219i \u201eRegele F\u0103r\u0103 de Umbr\u0103\u201d. Acest Rege m\u0103re\u021b al Luminii a creat c\u00e2teva fiin\u021be capabile s\u0103 str\u0103luceasc\u0103 la fel de puternic precum str\u0103lucea El. Regele le-a numit pe aceste fiin\u021be: micii Lui lumino\u0219i. Regele i-a a\u0219ezat pe lumino\u0219i \u00eentr-o gr\u0103din\u0103 frumoas\u0103, preg\u0103tit\u0103 special pentru ei. \u0218i ce frumoas\u0103 era gr\u0103dina aceea, inundat\u0103 de raze de lumin\u0103! \u00cen fiecare zi, soarele m\u00e2ng\u00e2ia cu razele lui tot ce era \u00een gr\u0103din\u0103, f\u0103c\u00e2nd astfel ca florile, pomii \u0219i toate plantele s\u0103 creasc\u0103 frumos. Lumina str\u0103lucitoare a soarelui \u00eenc\u0103lzea gr\u0103dina \u0219i tot ce se afla \u00een ea. Cel mai tare, lumino\u0219ii se bucurau atunci c\u00e2nd, la\u00a0asfin\u021bit, Regele venea s\u0103 \u00eei viziteze. \u00centr-o zi, \u00eens\u0103, s-a \u00eent\u00e2mplat un lucru \u00eengrozitor.<\/em><\/p>","protected":false},"excerpt":{"rendered":"<p><strong><em>NU TUTUROR LE ESTE TEAM\u0102 DE \u00ceNTUNERIC, UNII SE TEM DE LUMIN\u0102!<\/em><\/strong><\/p>\n<p>\u00cen Lumino\u0219ii, R.C. Sproul creeaz\u0103 o superb\u0103 poveste cu t\u00e2lc, ce surprinde esen\u0163a doctrinei r\u0103scump\u0103r\u0103rii. Modul \u00een care o face, \u00eei va fascina \u0219i atrage pe copii. <em><strong>Un popor de fiin\u0163e micu\u0163e, cunoscute sub numele de lumino\u0219ii, devine o metafor\u0103 a omenirii \u00eentregi, pe m\u0103sur\u0103 ce trec prin toate etapele istoriei r\u0103scump\u0103r\u0103rii: crea\u0163ie, c\u0103dere, salvare. La final, copiii vor \u00een\u0163elege de ce unii oameni se tem de lumin\u0103 mai mult dec\u00e2t de \u00eentuneric, dar \u0219i de ce ei, copiii, nu trebuie s\u0103 se mai team\u0103 niciodat\u0103 de \u00eentuneric.<\/strong><\/em><br \/>\n<strong>Cartea este full color, cartonata si cusuta, infoliata sidefat, toate acestea facand-o un cadou extraordinar pentru orice copil.<\/strong><\/p>","protected":false},"featured_media":32471,"comment_status":"open","ping_status":"closed","template":"","meta":[],"product_brand":[],"product_cat":[149,364],"product_tag":[],"class_list":{"0":"post-32470","1":"product","2":"type-product","3":"status-publish","4":"has-post-thumbnail","6":"product_cat-copii","7":"product_cat-povestiri","8":"product_author-r-c-sproul","9":"product_genre-knigi-rom","11":"first","12":"instock","13":"shipping-taxable","14":"purchasable","15":"product-type-simple"},"yoast_head":"<!-- This site is optimized with the Yoast SEO plugin v27.3 - https:\/\/yoast.com\/product\/yoast-seo-wordpress\/ -->\n<title>Lumino\u0219ii - Societatea Biblic\u0103 din Moldova<\/title>\n<meta name=\"robots\" content=\"index, follow, max-snippet:-1, max-image-preview:large, max-video-preview:-1\" \/>\n<link rel=\"canonical\" href=\"https:\/\/biblia.md\/ru\/shop\/luminosii\/\" \/>\n<meta property=\"og:locale\" content=\"ru_RU\" \/>\n<meta property=\"og:type\" content=\"article\" \/>\n<meta property=\"og:title\" content=\"Lumino\u0219ii - Societatea Biblic\u0103 din Moldova\" \/>\n<meta property=\"og:description\" content=\"NU TUTUROR LE ESTE TEAM\u0102 DE \u00ceNTUNERIC, UNII SE TEM DE LUMIN\u0102!  \u00cen Lumino\u0219ii, R.C. Sproul creeaz\u0103 o superb\u0103 poveste cu t\u00e2lc, ce surprinde esen\u0163a doctrinei r\u0103scump\u0103r\u0103rii. Modul \u00een care o face, \u00eei va fascina \u0219i atrage pe copii. Un popor de fiin\u0163e micu\u0163e, cunoscute sub numele de lumino\u0219ii, devine o metafor\u0103 a omenirii \u00eentregi, pe m\u0103sur\u0103 ce trec prin toate etapele istoriei r\u0103scump\u0103r\u0103rii: crea\u0163ie, c\u0103dere, salvare. La final, copiii vor \u00een\u0163elege de ce unii oameni se tem de lumin\u0103 mai mult dec\u00e2t de \u00eentuneric, dar \u0219i de ce ei, copiii, nu trebuie s\u0103 se mai team\u0103 niciodat\u0103 de \u00eentuneric. Cartea este full color, cartonata si cusuta, infoliata sidefat, toate acestea facand-o un cadou extraordinar pentru orice copil.\" \/>\n<meta property=\"og:url\" content=\"https:\/\/biblia.md\/ru\/shop\/luminosii\/\" \/>\n<meta property=\"og:site_name\" content=\"Societatea Biblic\u0103 din Moldova\" \/>\n<meta property=\"article:publisher\" content=\"https:\/\/www.facebook.com\/SocietateaBiblicaMoldova\/\" \/>\n<meta property=\"og:image\" content=\"https:\/\/biblia.md\/wp-content\/uploads\/2026\/01\/luminosii-887735.png\" \/>\n\t<meta property=\"og:image:width\" content=\"513\" \/>\n\t<meta property=\"og:image:height\" content=\"700\" \/>\n\t<meta property=\"og:image:type\" content=\"image\/png\" \/>\n<meta name=\"twitter:card\" content=\"summary_large_image\" \/>\n<meta name=\"twitter:label1\" content=\"\u041f\u0440\u0438\u043c\u0435\u0440\u043d\u043e\u0435 \u0432\u0440\u0435\u043c\u044f \u0434\u043b\u044f \u0447\u0442\u0435\u043d\u0438\u044f\" \/>\n\t<meta name=\"twitter:data1\" content=\"2 \u043c\u0438\u043d\u0443\u0442\u044b\" \/>\n<script type=\"application\/ld+json\" class=\"yoast-schema-graph\">{\"@context\":\"https:\\\/\\\/schema.org\",\"@graph\":[{\"@type\":\"WebPage\",\"@id\":\"https:\\\/\\\/biblia.md\\\/shop\\\/luminosii\\\/\",\"url\":\"https:\\\/\\\/biblia.md\\\/shop\\\/luminosii\\\/\",\"name\":\"Lumino\u0219ii - Societatea Biblic\u0103 din Moldova\",\"isPartOf\":{\"@id\":\"https:\\\/\\\/biblia.md\\\/#website\"},\"primaryImageOfPage\":{\"@id\":\"https:\\\/\\\/biblia.md\\\/shop\\\/luminosii\\\/#primaryimage\"},\"image\":{\"@id\":\"https:\\\/\\\/biblia.md\\\/shop\\\/luminosii\\\/#primaryimage\"},\"thumbnailUrl\":\"https:\\\/\\\/biblia.md\\\/wp-content\\\/uploads\\\/2026\\\/01\\\/luminosii-887735.png\",\"datePublished\":\"2026-01-20T12:36:16+00:00\",\"breadcrumb\":{\"@id\":\"https:\\\/\\\/biblia.md\\\/shop\\\/luminosii\\\/#breadcrumb\"},\"inLanguage\":\"ru-RU\",\"potentialAction\":[{\"@type\":\"ReadAction\",\"target\":[\"https:\\\/\\\/biblia.md\\\/shop\\\/luminosii\\\/\"]}]},{\"@type\":\"ImageObject\",\"inLanguage\":\"ru-RU\",\"@id\":\"https:\\\/\\\/biblia.md\\\/shop\\\/luminosii\\\/#primaryimage\",\"url\":\"https:\\\/\\\/biblia.md\\\/wp-content\\\/uploads\\\/2026\\\/01\\\/luminosii-887735.png\",\"contentUrl\":\"https:\\\/\\\/biblia.md\\\/wp-content\\\/uploads\\\/2026\\\/01\\\/luminosii-887735.png\",\"width\":513,\"height\":700},{\"@type\":\"BreadcrumbList\",\"@id\":\"https:\\\/\\\/biblia.md\\\/shop\\\/luminosii\\\/#breadcrumb\",\"itemListElement\":[{\"@type\":\"ListItem\",\"position\":1,\"name\":\"Prima pagin\u0103\",\"item\":\"https:\\\/\\\/biblia.md\\\/\"},{\"@type\":\"ListItem\",\"position\":2,\"name\":\"Shop\",\"item\":\"https:\\\/\\\/biblia.md\\\/shop\\\/\"},{\"@type\":\"ListItem\",\"position\":3,\"name\":\"Lumino\u0219ii\"}]},{\"@type\":\"WebSite\",\"@id\":\"https:\\\/\\\/biblia.md\\\/#website\",\"url\":\"https:\\\/\\\/biblia.md\\\/\",\"name\":\"Societatea Biblic\u0103 din Moldova\",\"description\":\"\",\"publisher\":{\"@id\":\"https:\\\/\\\/biblia.md\\\/#organization\"},\"potentialAction\":[{\"@type\":\"SearchAction\",\"target\":{\"@type\":\"EntryPoint\",\"urlTemplate\":\"https:\\\/\\\/biblia.md\\\/?s={search_term_string}\"},\"query-input\":{\"@type\":\"PropertyValueSpecification\",\"valueRequired\":true,\"valueName\":\"search_term_string\"}}],\"inLanguage\":\"ru-RU\"},{\"@type\":\"Organization\",\"@id\":\"https:\\\/\\\/biblia.md\\\/#organization\",\"name\":\"Societatea Biblic\u0103 din Moldova\",\"url\":\"https:\\\/\\\/biblia.md\\\/\",\"logo\":{\"@type\":\"ImageObject\",\"inLanguage\":\"ru-RU\",\"@id\":\"https:\\\/\\\/biblia.md\\\/#\\\/schema\\\/logo\\\/image\\\/\",\"url\":\"https:\\\/\\\/biblia.md\\\/wp-content\\\/uploads\\\/2026\\\/01\\\/icon_site.jpg\",\"contentUrl\":\"https:\\\/\\\/biblia.md\\\/wp-content\\\/uploads\\\/2026\\\/01\\\/icon_site.jpg\",\"width\":656,\"height\":656,\"caption\":\"Societatea Biblic\u0103 din Moldova\"},\"image\":{\"@id\":\"https:\\\/\\\/biblia.md\\\/#\\\/schema\\\/logo\\\/image\\\/\"},\"sameAs\":[\"https:\\\/\\\/www.facebook.com\\\/SocietateaBiblicaMoldova\\\/\",\"https:\\\/\\\/www.instagram.com\\\/biblia.md\\\/\"]}]}<\/script>\n<!-- \/ Yoast SEO plugin. -->","yoast_head_json":{"title":"Lumino\u0219ii - Societatea Biblic\u0103 din Moldova","robots":{"index":"index","follow":"follow","max-snippet":"max-snippet:-1","max-image-preview":"max-image-preview:large","max-video-preview":"max-video-preview:-1"},"canonical":"https:\/\/biblia.md\/ru\/shop\/luminosii\/","og_locale":"ru_RU","og_type":"article","og_title":"Lumino\u0219ii - Societatea Biblic\u0103 din Moldova","og_description":"NU TUTUROR LE ESTE TEAM\u0102 DE \u00ceNTUNERIC, UNII SE TEM DE LUMIN\u0102!  \u00cen Lumino\u0219ii, R.C. Sproul creeaz\u0103 o superb\u0103 poveste cu t\u00e2lc, ce surprinde esen\u0163a doctrinei r\u0103scump\u0103r\u0103rii. Modul \u00een care o face, \u00eei va fascina \u0219i atrage pe copii. Un popor de fiin\u0163e micu\u0163e, cunoscute sub numele de lumino\u0219ii, devine o metafor\u0103 a omenirii \u00eentregi, pe m\u0103sur\u0103 ce trec prin toate etapele istoriei r\u0103scump\u0103r\u0103rii: crea\u0163ie, c\u0103dere, salvare. La final, copiii vor \u00een\u0163elege de ce unii oameni se tem de lumin\u0103 mai mult dec\u00e2t de \u00eentuneric, dar \u0219i de ce ei, copiii, nu trebuie s\u0103 se mai team\u0103 niciodat\u0103 de \u00eentuneric. Cartea este full color, cartonata si cusuta, infoliata sidefat, toate acestea facand-o un cadou extraordinar pentru orice copil.","og_url":"https:\/\/biblia.md\/ru\/shop\/luminosii\/","og_site_name":"Societatea Biblic\u0103 din Moldova","article_publisher":"https:\/\/www.facebook.com\/SocietateaBiblicaMoldova\/","og_image":[{"width":513,"height":700,"url":"https:\/\/biblia.md\/wp-content\/uploads\/2026\/01\/luminosii-887735.png","type":"image\/png"}],"twitter_card":"summary_large_image","twitter_misc":{"\u041f\u0440\u0438\u043c\u0435\u0440\u043d\u043e\u0435 \u0432\u0440\u0435\u043c\u044f \u0434\u043b\u044f \u0447\u0442\u0435\u043d\u0438\u044f":"2 \u043c\u0438\u043d\u0443\u0442\u044b"},"schema":{"@context":"https:\/\/schema.org","@graph":[{"@type":"WebPage","@id":"https:\/\/biblia.md\/shop\/luminosii\/","url":"https:\/\/biblia.md\/shop\/luminosii\/","name":"Lumino\u0219ii - Societatea Biblic\u0103 din Moldova","isPartOf":{"@id":"https:\/\/biblia.md\/#website"},"primaryImageOfPage":{"@id":"https:\/\/biblia.md\/shop\/luminosii\/#primaryimage"},"image":{"@id":"https:\/\/biblia.md\/shop\/luminosii\/#primaryimage"},"thumbnailUrl":"https:\/\/biblia.md\/wp-content\/uploads\/2026\/01\/luminosii-887735.png","datePublished":"2026-01-20T12:36:16+00:00","breadcrumb":{"@id":"https:\/\/biblia.md\/shop\/luminosii\/#breadcrumb"},"inLanguage":"ru-RU","potentialAction":[{"@type":"ReadAction","target":["https:\/\/biblia.md\/shop\/luminosii\/"]}]},{"@type":"ImageObject","inLanguage":"ru-RU","@id":"https:\/\/biblia.md\/shop\/luminosii\/#primaryimage","url":"https:\/\/biblia.md\/wp-content\/uploads\/2026\/01\/luminosii-887735.png","contentUrl":"https:\/\/biblia.md\/wp-content\/uploads\/2026\/01\/luminosii-887735.png","width":513,"height":700},{"@type":"BreadcrumbList","@id":"https:\/\/biblia.md\/shop\/luminosii\/#breadcrumb","itemListElement":[{"@type":"ListItem","position":1,"name":"Prima pagin\u0103","item":"https:\/\/biblia.md\/"},{"@type":"ListItem","position":2,"name":"Shop","item":"https:\/\/biblia.md\/shop\/"},{"@type":"ListItem","position":3,"name":"Lumino\u0219ii"}]},{"@type":"WebSite","@id":"https:\/\/biblia.md\/#website","url":"https:\/\/biblia.md\/","name":"Societatea Biblic\u0103 din Moldova","description":"","publisher":{"@id":"https:\/\/biblia.md\/#organization"},"potentialAction":[{"@type":"SearchAction","target":{"@type":"EntryPoint","urlTemplate":"https:\/\/biblia.md\/?s={search_term_string}"},"query-input":{"@type":"PropertyValueSpecification","valueRequired":true,"valueName":"search_term_string"}}],"inLanguage":"ru-RU"},{"@type":"Organization","@id":"https:\/\/biblia.md\/#organization","name":"Societatea Biblic\u0103 din Moldova","url":"https:\/\/biblia.md\/","logo":{"@type":"ImageObject","inLanguage":"ru-RU","@id":"https:\/\/biblia.md\/#\/schema\/logo\/image\/","url":"https:\/\/biblia.md\/wp-content\/uploads\/2026\/01\/icon_site.jpg","contentUrl":"https:\/\/biblia.md\/wp-content\/uploads\/2026\/01\/icon_site.jpg","width":656,"height":656,"caption":"Societatea Biblic\u0103 din Moldova"},"image":{"@id":"https:\/\/biblia.md\/#\/schema\/logo\/image\/"},"sameAs":["https:\/\/www.facebook.com\/SocietateaBiblicaMoldova\/","https:\/\/www.instagram.com\/biblia.md\/"]}]}},"_links":{"self":[{"href":"https:\/\/biblia.md\/ru\/wp-json\/wp\/v2\/product\/32470","targetHints":{"allow":["GET"]}}],"collection":[{"href":"https:\/\/biblia.md\/ru\/wp-json\/wp\/v2\/product"}],"about":[{"href":"https:\/\/biblia.md\/ru\/wp-json\/wp\/v2\/types\/product"}],"replies":[{"embeddable":true,"href":"https:\/\/biblia.md\/ru\/wp-json\/wp\/v2\/comments?post=32470"}],"version-history":[{"count":1,"href":"https:\/\/biblia.md\/ru\/wp-json\/wp\/v2\/product\/32470\/revisions"}],"predecessor-version":[{"id":32476,"href":"https:\/\/biblia.md\/ru\/wp-json\/wp\/v2\/product\/32470\/revisions\/32476"}],"wp:featuredmedia":[{"embeddable":true,"href":"https:\/\/biblia.md\/ru\/wp-json\/wp\/v2\/media\/32471"}],"wp:attachment":[{"href":"https:\/\/biblia.md\/ru\/wp-json\/wp\/v2\/media?parent=32470"}],"wp:term":[{"taxonomy":"product_brand","embeddable":true,"href":"https:\/\/biblia.md\/ru\/wp-json\/wp\/v2\/product_brand?post=32470"},{"taxonomy":"product_cat","embeddable":true,"href":"https:\/\/biblia.md\/ru\/wp-json\/wp\/v2\/product_cat?post=32470"},{"taxonomy":"product_tag","embeddable":true,"href":"https:\/\/biblia.md\/ru\/wp-json\/wp\/v2\/product_tag?post=32470"}],"curies":[{"name":"wp","href":"https:\/\/api.w.org\/{rel}","templated":true}]}}