{"id":32561,"date":"2026-01-21T09:20:47","date_gmt":"2026-01-21T07:20:47","guid":{"rendered":"https:\/\/biblia.md\/?post_type=product&#038;p=32561"},"modified":"2026-02-11T10:12:38","modified_gmt":"2026-02-11T08:12:38","slug":"mic-si-mare-o-mirare","status":"publish","type":"product","link":"https:\/\/biblia.md\/ru\/shop\/mic-si-mare-o-mirare\/","title":{"rendered":"Mic \u015fi mare, o mirare"},"content":{"rendered":"<p>Descoper\u0103 unele dintre cele mai mari \u0219i unele dintre cele mai mici vie\u0163uitoare \u0219i lucruri din natur\u0103! Cartea aceasta exploreaz\u0103 diverse minuni ale naturii prin intermediul unor ilustra\u021bii frumoase \u0219i realiste, adeseori \u00een m\u0103rime natural\u0103. Acestea sunt \u00eenso\u021bite de o mul\u021bime de informa\u021bii uimitoare, \u00eencep\u00e2nd de la tigrii uria\u0219i \u0219i elefan\u021bii enormi \u0219i p\u00e2n\u0103 la cristalele minuscule \u0219i m\u0103runtele fire de nisip. Cite\u0219te \u0219i afl\u0103 detalii interesante despre vie\u021buitoarele \u0219i lucrurile cele mai mari \u0219i cele mai mici de pe planeta noastr\u0103 surprinz\u0103toare!<\/p>","protected":false},"excerpt":{"rendered":"<p>Descoper\u0103 unele dintre cele mai mari \u0219i unele dintre cele mai mici vie\u0163uitoare \u0219i lucruri din natur\u0103! Cartea aceasta exploreaz\u0103 diverse minuni ale naturii prin intermediul unor ilustra\u021bii frumoase \u0219i realiste, adeseori \u00een m\u0103rime natural\u0103. Acestea sunt \u00eenso\u021bite de o mul\u021bime de informa\u021bii uimitoare, \u00eencep\u00e2nd de la tigrii uria\u0219i \u0219i elefan\u021bii enormi \u0219i p\u00e2n\u0103 la cristalele minuscule \u0219i m\u0103runtele fire de nisip. Cite\u0219te \u0219i afl\u0103 detalii interesante despre vie\u021buitoarele \u0219i lucrurile cele mai mari \u0219i cele mai mici de pe planeta noastr\u0103 surprinz\u0103toare!<\/p>","protected":false},"featured_media":34761,"comment_status":"open","ping_status":"closed","template":"","meta":[],"product_brand":[],"product_cat":[149,364],"product_tag":[],"class_list":{"0":"post-32561","1":"product","2":"type-product","3":"status-publish","4":"has-post-thumbnail","6":"product_cat-copii","7":"product_cat-povestiri","8":"product_author-camilla-de-la-bedoyere","9":"product_genre-knigi-rom","11":"first","12":"instock","13":"featured","14":"shipping-taxable","15":"purchasable","16":"product-type-simple"},"yoast_head":"<!-- This site is optimized with the Yoast SEO plugin v27.3 - https:\/\/yoast.com\/product\/yoast-seo-wordpress\/ -->\n<title>Mic \u015fi mare, o mirare - Societatea Biblic\u0103 din Moldova<\/title>\n<meta name=\"robots\" content=\"index, follow, max-snippet:-1, max-image-preview:large, max-video-preview:-1\" \/>\n<link rel=\"canonical\" href=\"https:\/\/biblia.md\/ru\/shop\/mic-si-mare-o-mirare\/\" \/>\n<meta property=\"og:locale\" content=\"ru_RU\" \/>\n<meta property=\"og:type\" content=\"article\" \/>\n<meta property=\"og:title\" content=\"Mic \u015fi mare, o mirare - Societatea Biblic\u0103 din Moldova\" \/>\n<meta property=\"og:description\" content=\"Descoper\u0103 unele dintre cele mai mari \u0219i unele dintre cele mai mici vie\u0163uitoare \u0219i lucruri din natur\u0103! Cartea aceasta exploreaz\u0103 diverse minuni ale naturii prin intermediul unor ilustra\u021bii frumoase \u0219i realiste, adeseori \u00een m\u0103rime natural\u0103. Acestea sunt \u00eenso\u021bite de o mul\u021bime de informa\u021bii uimitoare, \u00eencep\u00e2nd de la tigrii uria\u0219i \u0219i elefan\u021bii enormi \u0219i p\u00e2n\u0103 la cristalele minuscule \u0219i m\u0103runtele fire de nisip. Cite\u0219te \u0219i afl\u0103 detalii interesante despre vie\u021buitoarele \u0219i lucrurile cele mai mari \u0219i cele mai mici de pe planeta noastr\u0103 surprinz\u0103toare!\" \/>\n<meta property=\"og:url\" content=\"https:\/\/biblia.md\/ru\/shop\/mic-si-mare-o-mirare\/\" \/>\n<meta property=\"og:site_name\" content=\"Societatea Biblic\u0103 din Moldova\" \/>\n<meta property=\"article:publisher\" content=\"https:\/\/www.facebook.com\/SocietateaBiblicaMoldova\/\" \/>\n<meta property=\"article:modified_time\" content=\"2026-02-11T08:12:38+00:00\" \/>\n<meta property=\"og:image\" content=\"https:\/\/biblia.md\/wp-content\/uploads\/2026\/01\/mic_si_mare_o_mirare_c1.jpg\" \/>\n\t<meta property=\"og:image:width\" content=\"416\" \/>\n\t<meta property=\"og:image:height\" content=\"550\" \/>\n\t<meta property=\"og:image:type\" content=\"image\/jpeg\" \/>\n<meta name=\"twitter:card\" content=\"summary_large_image\" \/>\n<script type=\"application\/ld+json\" class=\"yoast-schema-graph\">{\"@context\":\"https:\\\/\\\/schema.org\",\"@graph\":[{\"@type\":\"WebPage\",\"@id\":\"https:\\\/\\\/biblia.md\\\/shop\\\/mic-si-mare-o-mirare\\\/\",\"url\":\"https:\\\/\\\/biblia.md\\\/shop\\\/mic-si-mare-o-mirare\\\/\",\"name\":\"Mic \u015fi mare, o mirare - Societatea Biblic\u0103 din Moldova\",\"isPartOf\":{\"@id\":\"https:\\\/\\\/biblia.md\\\/#website\"},\"primaryImageOfPage\":{\"@id\":\"https:\\\/\\\/biblia.md\\\/shop\\\/mic-si-mare-o-mirare\\\/#primaryimage\"},\"image\":{\"@id\":\"https:\\\/\\\/biblia.md\\\/shop\\\/mic-si-mare-o-mirare\\\/#primaryimage\"},\"thumbnailUrl\":\"https:\\\/\\\/biblia.md\\\/wp-content\\\/uploads\\\/2026\\\/01\\\/4512ed88-9576-44ea-8698-3b5cf7bdec89.png\",\"datePublished\":\"2026-01-21T07:20:47+00:00\",\"dateModified\":\"2026-02-11T08:12:38+00:00\",\"breadcrumb\":{\"@id\":\"https:\\\/\\\/biblia.md\\\/shop\\\/mic-si-mare-o-mirare\\\/#breadcrumb\"},\"inLanguage\":\"ru-RU\",\"potentialAction\":[{\"@type\":\"ReadAction\",\"target\":[\"https:\\\/\\\/biblia.md\\\/shop\\\/mic-si-mare-o-mirare\\\/\"]}]},{\"@type\":\"ImageObject\",\"inLanguage\":\"ru-RU\",\"@id\":\"https:\\\/\\\/biblia.md\\\/shop\\\/mic-si-mare-o-mirare\\\/#primaryimage\",\"url\":\"https:\\\/\\\/biblia.md\\\/wp-content\\\/uploads\\\/2026\\\/01\\\/4512ed88-9576-44ea-8698-3b5cf7bdec89.png\",\"contentUrl\":\"https:\\\/\\\/biblia.md\\\/wp-content\\\/uploads\\\/2026\\\/01\\\/4512ed88-9576-44ea-8698-3b5cf7bdec89.png\",\"width\":1024,\"height\":1536},{\"@type\":\"BreadcrumbList\",\"@id\":\"https:\\\/\\\/biblia.md\\\/shop\\\/mic-si-mare-o-mirare\\\/#breadcrumb\",\"itemListElement\":[{\"@type\":\"ListItem\",\"position\":1,\"name\":\"Prima pagin\u0103\",\"item\":\"https:\\\/\\\/biblia.md\\\/\"},{\"@type\":\"ListItem\",\"position\":2,\"name\":\"Shop\",\"item\":\"https:\\\/\\\/biblia.md\\\/shop\\\/\"},{\"@type\":\"ListItem\",\"position\":3,\"name\":\"Mic \u015fi mare, o mirare\"}]},{\"@type\":\"WebSite\",\"@id\":\"https:\\\/\\\/biblia.md\\\/#website\",\"url\":\"https:\\\/\\\/biblia.md\\\/\",\"name\":\"Societatea Biblic\u0103 din Moldova\",\"description\":\"\",\"publisher\":{\"@id\":\"https:\\\/\\\/biblia.md\\\/#organization\"},\"potentialAction\":[{\"@type\":\"SearchAction\",\"target\":{\"@type\":\"EntryPoint\",\"urlTemplate\":\"https:\\\/\\\/biblia.md\\\/?s={search_term_string}\"},\"query-input\":{\"@type\":\"PropertyValueSpecification\",\"valueRequired\":true,\"valueName\":\"search_term_string\"}}],\"inLanguage\":\"ru-RU\"},{\"@type\":\"Organization\",\"@id\":\"https:\\\/\\\/biblia.md\\\/#organization\",\"name\":\"Societatea Biblic\u0103 din Moldova\",\"url\":\"https:\\\/\\\/biblia.md\\\/\",\"logo\":{\"@type\":\"ImageObject\",\"inLanguage\":\"ru-RU\",\"@id\":\"https:\\\/\\\/biblia.md\\\/#\\\/schema\\\/logo\\\/image\\\/\",\"url\":\"https:\\\/\\\/biblia.md\\\/wp-content\\\/uploads\\\/2026\\\/01\\\/icon_site.jpg\",\"contentUrl\":\"https:\\\/\\\/biblia.md\\\/wp-content\\\/uploads\\\/2026\\\/01\\\/icon_site.jpg\",\"width\":656,\"height\":656,\"caption\":\"Societatea Biblic\u0103 din Moldova\"},\"image\":{\"@id\":\"https:\\\/\\\/biblia.md\\\/#\\\/schema\\\/logo\\\/image\\\/\"},\"sameAs\":[\"https:\\\/\\\/www.facebook.com\\\/SocietateaBiblicaMoldova\\\/\",\"https:\\\/\\\/www.instagram.com\\\/biblia.md\\\/\"]}]}<\/script>\n<!-- \/ Yoast SEO plugin. -->","yoast_head_json":{"title":"Mic \u015fi mare, o mirare - Societatea Biblic\u0103 din Moldova","robots":{"index":"index","follow":"follow","max-snippet":"max-snippet:-1","max-image-preview":"max-image-preview:large","max-video-preview":"max-video-preview:-1"},"canonical":"https:\/\/biblia.md\/ru\/shop\/mic-si-mare-o-mirare\/","og_locale":"ru_RU","og_type":"article","og_title":"Mic \u015fi mare, o mirare - Societatea Biblic\u0103 din Moldova","og_description":"Descoper\u0103 unele dintre cele mai mari \u0219i unele dintre cele mai mici vie\u0163uitoare \u0219i lucruri din natur\u0103! Cartea aceasta exploreaz\u0103 diverse minuni ale naturii prin intermediul unor ilustra\u021bii frumoase \u0219i realiste, adeseori \u00een m\u0103rime natural\u0103. Acestea sunt \u00eenso\u021bite de o mul\u021bime de informa\u021bii uimitoare, \u00eencep\u00e2nd de la tigrii uria\u0219i \u0219i elefan\u021bii enormi \u0219i p\u00e2n\u0103 la cristalele minuscule \u0219i m\u0103runtele fire de nisip. Cite\u0219te \u0219i afl\u0103 detalii interesante despre vie\u021buitoarele \u0219i lucrurile cele mai mari \u0219i cele mai mici de pe planeta noastr\u0103 surprinz\u0103toare!","og_url":"https:\/\/biblia.md\/ru\/shop\/mic-si-mare-o-mirare\/","og_site_name":"Societatea Biblic\u0103 din Moldova","article_publisher":"https:\/\/www.facebook.com\/SocietateaBiblicaMoldova\/","article_modified_time":"2026-02-11T08:12:38+00:00","og_image":[{"width":416,"height":550,"url":"https:\/\/biblia.md\/wp-content\/uploads\/2026\/01\/mic_si_mare_o_mirare_c1.jpg","type":"image\/jpeg"}],"twitter_card":"summary_large_image","schema":{"@context":"https:\/\/schema.org","@graph":[{"@type":"WebPage","@id":"https:\/\/biblia.md\/shop\/mic-si-mare-o-mirare\/","url":"https:\/\/biblia.md\/shop\/mic-si-mare-o-mirare\/","name":"Mic \u015fi mare, o mirare - Societatea Biblic\u0103 din Moldova","isPartOf":{"@id":"https:\/\/biblia.md\/#website"},"primaryImageOfPage":{"@id":"https:\/\/biblia.md\/shop\/mic-si-mare-o-mirare\/#primaryimage"},"image":{"@id":"https:\/\/biblia.md\/shop\/mic-si-mare-o-mirare\/#primaryimage"},"thumbnailUrl":"https:\/\/biblia.md\/wp-content\/uploads\/2026\/01\/4512ed88-9576-44ea-8698-3b5cf7bdec89.png","datePublished":"2026-01-21T07:20:47+00:00","dateModified":"2026-02-11T08:12:38+00:00","breadcrumb":{"@id":"https:\/\/biblia.md\/shop\/mic-si-mare-o-mirare\/#breadcrumb"},"inLanguage":"ru-RU","potentialAction":[{"@type":"ReadAction","target":["https:\/\/biblia.md\/shop\/mic-si-mare-o-mirare\/"]}]},{"@type":"ImageObject","inLanguage":"ru-RU","@id":"https:\/\/biblia.md\/shop\/mic-si-mare-o-mirare\/#primaryimage","url":"https:\/\/biblia.md\/wp-content\/uploads\/2026\/01\/4512ed88-9576-44ea-8698-3b5cf7bdec89.png","contentUrl":"https:\/\/biblia.md\/wp-content\/uploads\/2026\/01\/4512ed88-9576-44ea-8698-3b5cf7bdec89.png","width":1024,"height":1536},{"@type":"BreadcrumbList","@id":"https:\/\/biblia.md\/shop\/mic-si-mare-o-mirare\/#breadcrumb","itemListElement":[{"@type":"ListItem","position":1,"name":"Prima pagin\u0103","item":"https:\/\/biblia.md\/"},{"@type":"ListItem","position":2,"name":"Shop","item":"https:\/\/biblia.md\/shop\/"},{"@type":"ListItem","position":3,"name":"Mic \u015fi mare, o mirare"}]},{"@type":"WebSite","@id":"https:\/\/biblia.md\/#website","url":"https:\/\/biblia.md\/","name":"Societatea Biblic\u0103 din Moldova","description":"","publisher":{"@id":"https:\/\/biblia.md\/#organization"},"potentialAction":[{"@type":"SearchAction","target":{"@type":"EntryPoint","urlTemplate":"https:\/\/biblia.md\/?s={search_term_string}"},"query-input":{"@type":"PropertyValueSpecification","valueRequired":true,"valueName":"search_term_string"}}],"inLanguage":"ru-RU"},{"@type":"Organization","@id":"https:\/\/biblia.md\/#organization","name":"Societatea Biblic\u0103 din Moldova","url":"https:\/\/biblia.md\/","logo":{"@type":"ImageObject","inLanguage":"ru-RU","@id":"https:\/\/biblia.md\/#\/schema\/logo\/image\/","url":"https:\/\/biblia.md\/wp-content\/uploads\/2026\/01\/icon_site.jpg","contentUrl":"https:\/\/biblia.md\/wp-content\/uploads\/2026\/01\/icon_site.jpg","width":656,"height":656,"caption":"Societatea Biblic\u0103 din Moldova"},"image":{"@id":"https:\/\/biblia.md\/#\/schema\/logo\/image\/"},"sameAs":["https:\/\/www.facebook.com\/SocietateaBiblicaMoldova\/","https:\/\/www.instagram.com\/biblia.md\/"]}]}},"_links":{"self":[{"href":"https:\/\/biblia.md\/ru\/wp-json\/wp\/v2\/product\/32561","targetHints":{"allow":["GET"]}}],"collection":[{"href":"https:\/\/biblia.md\/ru\/wp-json\/wp\/v2\/product"}],"about":[{"href":"https:\/\/biblia.md\/ru\/wp-json\/wp\/v2\/types\/product"}],"replies":[{"embeddable":true,"href":"https:\/\/biblia.md\/ru\/wp-json\/wp\/v2\/comments?post=32561"}],"version-history":[{"count":1,"href":"https:\/\/biblia.md\/ru\/wp-json\/wp\/v2\/product\/32561\/revisions"}],"predecessor-version":[{"id":32569,"href":"https:\/\/biblia.md\/ru\/wp-json\/wp\/v2\/product\/32561\/revisions\/32569"}],"wp:featuredmedia":[{"embeddable":true,"href":"https:\/\/biblia.md\/ru\/wp-json\/wp\/v2\/media\/34761"}],"wp:attachment":[{"href":"https:\/\/biblia.md\/ru\/wp-json\/wp\/v2\/media?parent=32561"}],"wp:term":[{"taxonomy":"product_brand","embeddable":true,"href":"https:\/\/biblia.md\/ru\/wp-json\/wp\/v2\/product_brand?post=32561"},{"taxonomy":"product_cat","embeddable":true,"href":"https:\/\/biblia.md\/ru\/wp-json\/wp\/v2\/product_cat?post=32561"},{"taxonomy":"product_tag","embeddable":true,"href":"https:\/\/biblia.md\/ru\/wp-json\/wp\/v2\/product_tag?post=32561"}],"curies":[{"name":"wp","href":"https:\/\/api.w.org\/{rel}","templated":true}]}}