{"id":32641,"date":"2026-01-21T10:15:16","date_gmt":"2026-01-21T08:15:16","guid":{"rendered":"https:\/\/biblia.md\/?post_type=product&#038;p=32641"},"modified":"2026-02-11T09:15:47","modified_gmt":"2026-02-11T07:15:47","slug":"ossie-puiul-de-vidra","status":"publish","type":"product","link":"https:\/\/biblia.md\/ru\/shop\/ossie-puiul-de-vidra\/","title":{"rendered":"Ossie, puiul de vidr\u0103"},"content":{"rendered":"<p>\u00cen urma unei \u00eent\u00e2mpl\u0103ri nefericite, Ossie, un pui de vidr\u0103 \u00een v\u00e2rst\u0103 de numai cinci luni, se pierde \u00een s\u0103lb\u0103ticie de mama \u0219i fratele lui. C\u0103zut, \u00eempotriva voin\u021bei, \u00een apele repezi \u0219i \u00eenvolburate ale unui r\u00e2u, micul Ossie devine eroul unor aventuri pline de pericol, fiind confruntat cu provoc\u0103ri cum doar natura ne\u00eembl\u00e2nzit\u0103 poate ridica \u00een calea unui animal t\u00e2n\u0103r \u0219i ne\u00eencercat. Iat\u0103-l lupt\u00e2nd cu ultimele puteri s\u0103 scape din ghearele unui vultur hulpav! \u0218i din ghearele unui jder \u00eenfometat! Apoi, g\u0103sind o bun\u0103 tov\u0103r\u0103\u0219ie \u00een Sage, o femel\u0103 castor binevoitoare! Zi dup\u0103 zi, Ossie, \u00eenva\u021b\u0103 s\u0103 supravie\u021buiasc\u0103 \u00een \u021binuturile vitrege din Alaska.<\/p>","protected":false},"excerpt":{"rendered":"<p>\u00cen urma unei \u00eent\u00e2mpl\u0103ri nefericite, Ossie, un pui de vidr\u0103 \u00een v\u00e2rst\u0103 de numai cinci luni, se pierde \u00een s\u0103lb\u0103ticie de mama \u0219i fratele lui. C\u0103zut, \u00eempotriva voin\u021bei, \u00een apele repezi \u0219i \u00eenvolburate ale unui r\u00e2u, micul Ossie devine eroul unor aventuri pline de pericol, fiind confruntat cu provoc\u0103ri cum doar natura ne\u00eembl\u00e2nzit\u0103 poate ridica \u00een calea unui animal t\u00e2n\u0103r \u0219i ne\u00eencercat. Iat\u0103-l lupt\u00e2nd cu ultimele puteri s\u0103 scape din ghearele unui vultur hulpav! \u0218i din ghearele unui jder \u00eenfometat! Apoi, g\u0103sind o bun\u0103 tov\u0103r\u0103\u0219ie \u00een Sage, o femel\u0103 castor binevoitoare! Zi dup\u0103 zi, Ossie, \u00eenva\u021b\u0103 s\u0103 supravie\u021buiasc\u0103 \u00een \u021binuturile vitrege din Alaska.<\/p>","protected":false},"featured_media":34742,"comment_status":"open","ping_status":"closed","template":"","meta":[],"product_brand":[],"product_cat":[149,364],"product_tag":[],"class_list":{"0":"post-32641","1":"product","2":"type-product","3":"status-publish","4":"has-post-thumbnail","6":"product_cat-copii","7":"product_cat-povestiri","8":"product_author-kenneth-c-crawford","9":"product_genre-knigi-rom","11":"first","12":"instock","13":"shipping-taxable","14":"purchasable","15":"product-type-simple"},"yoast_head":"<!-- This site is optimized with the Yoast SEO plugin v27.3 - https:\/\/yoast.com\/product\/yoast-seo-wordpress\/ -->\n<title>Ossie, puiul de vidr\u0103 - Societatea Biblic\u0103 din Moldova<\/title>\n<meta name=\"robots\" content=\"index, follow, max-snippet:-1, max-image-preview:large, max-video-preview:-1\" \/>\n<link rel=\"canonical\" href=\"https:\/\/biblia.md\/ru\/shop\/ossie-puiul-de-vidra\/\" \/>\n<meta property=\"og:locale\" content=\"ru_RU\" \/>\n<meta property=\"og:type\" content=\"article\" \/>\n<meta property=\"og:title\" content=\"Ossie, puiul de vidr\u0103 - Societatea Biblic\u0103 din Moldova\" \/>\n<meta property=\"og:description\" content=\"\u00cen urma unei \u00eent\u00e2mpl\u0103ri nefericite, Ossie, un pui de vidr\u0103 \u00een v\u00e2rst\u0103 de numai cinci luni, se pierde \u00een s\u0103lb\u0103ticie de mama \u0219i fratele lui. C\u0103zut, \u00eempotriva voin\u021bei, \u00een apele repezi \u0219i \u00eenvolburate ale unui r\u00e2u, micul Ossie devine eroul unor aventuri pline de pericol, fiind confruntat cu provoc\u0103ri cum doar natura ne\u00eembl\u00e2nzit\u0103 poate ridica \u00een calea unui animal t\u00e2n\u0103r \u0219i ne\u00eencercat. Iat\u0103-l lupt\u00e2nd cu ultimele puteri s\u0103 scape din ghearele unui vultur hulpav! \u0218i din ghearele unui jder \u00eenfometat! Apoi, g\u0103sind o bun\u0103 tov\u0103r\u0103\u0219ie \u00een Sage, o femel\u0103 castor binevoitoare! Zi dup\u0103 zi, Ossie, \u00eenva\u021b\u0103 s\u0103 supravie\u021buiasc\u0103 \u00een \u021binuturile vitrege din Alaska.\" \/>\n<meta property=\"og:url\" content=\"https:\/\/biblia.md\/ru\/shop\/ossie-puiul-de-vidra\/\" \/>\n<meta property=\"og:site_name\" content=\"Societatea Biblic\u0103 din Moldova\" \/>\n<meta property=\"article:publisher\" content=\"https:\/\/www.facebook.com\/SocietateaBiblicaMoldova\/\" \/>\n<meta property=\"article:modified_time\" content=\"2026-02-11T07:15:47+00:00\" \/>\n<meta property=\"og:image\" content=\"https:\/\/biblia.md\/wp-content\/uploads\/2026\/01\/ossie_puiul_de_vidra_c1.png\" \/>\n\t<meta property=\"og:image:width\" content=\"371\" \/>\n\t<meta property=\"og:image:height\" content=\"550\" \/>\n\t<meta property=\"og:image:type\" content=\"image\/png\" \/>\n<meta name=\"twitter:card\" content=\"summary_large_image\" \/>\n<meta name=\"twitter:label1\" content=\"\u041f\u0440\u0438\u043c\u0435\u0440\u043d\u043e\u0435 \u0432\u0440\u0435\u043c\u044f \u0434\u043b\u044f \u0447\u0442\u0435\u043d\u0438\u044f\" \/>\n\t<meta name=\"twitter:data1\" content=\"1 \u043c\u0438\u043d\u0443\u0442\u0430\" \/>\n<script type=\"application\/ld+json\" class=\"yoast-schema-graph\">{\"@context\":\"https:\\\/\\\/schema.org\",\"@graph\":[{\"@type\":\"WebPage\",\"@id\":\"https:\\\/\\\/biblia.md\\\/shop\\\/ossie-puiul-de-vidra\\\/\",\"url\":\"https:\\\/\\\/biblia.md\\\/shop\\\/ossie-puiul-de-vidra\\\/\",\"name\":\"Ossie, puiul de vidr\u0103 - Societatea Biblic\u0103 din Moldova\",\"isPartOf\":{\"@id\":\"https:\\\/\\\/biblia.md\\\/#website\"},\"primaryImageOfPage\":{\"@id\":\"https:\\\/\\\/biblia.md\\\/shop\\\/ossie-puiul-de-vidra\\\/#primaryimage\"},\"image\":{\"@id\":\"https:\\\/\\\/biblia.md\\\/shop\\\/ossie-puiul-de-vidra\\\/#primaryimage\"},\"thumbnailUrl\":\"https:\\\/\\\/biblia.md\\\/wp-content\\\/uploads\\\/2026\\\/01\\\/8cb7486d-8bf5-47e6-894c-3fc0af47fbb4.png\",\"datePublished\":\"2026-01-21T08:15:16+00:00\",\"dateModified\":\"2026-02-11T07:15:47+00:00\",\"breadcrumb\":{\"@id\":\"https:\\\/\\\/biblia.md\\\/shop\\\/ossie-puiul-de-vidra\\\/#breadcrumb\"},\"inLanguage\":\"ru-RU\",\"potentialAction\":[{\"@type\":\"ReadAction\",\"target\":[\"https:\\\/\\\/biblia.md\\\/shop\\\/ossie-puiul-de-vidra\\\/\"]}]},{\"@type\":\"ImageObject\",\"inLanguage\":\"ru-RU\",\"@id\":\"https:\\\/\\\/biblia.md\\\/shop\\\/ossie-puiul-de-vidra\\\/#primaryimage\",\"url\":\"https:\\\/\\\/biblia.md\\\/wp-content\\\/uploads\\\/2026\\\/01\\\/8cb7486d-8bf5-47e6-894c-3fc0af47fbb4.png\",\"contentUrl\":\"https:\\\/\\\/biblia.md\\\/wp-content\\\/uploads\\\/2026\\\/01\\\/8cb7486d-8bf5-47e6-894c-3fc0af47fbb4.png\",\"width\":1024,\"height\":1536},{\"@type\":\"BreadcrumbList\",\"@id\":\"https:\\\/\\\/biblia.md\\\/shop\\\/ossie-puiul-de-vidra\\\/#breadcrumb\",\"itemListElement\":[{\"@type\":\"ListItem\",\"position\":1,\"name\":\"Prima pagin\u0103\",\"item\":\"https:\\\/\\\/biblia.md\\\/\"},{\"@type\":\"ListItem\",\"position\":2,\"name\":\"Shop\",\"item\":\"https:\\\/\\\/biblia.md\\\/shop\\\/\"},{\"@type\":\"ListItem\",\"position\":3,\"name\":\"Ossie, puiul de vidr\u0103\"}]},{\"@type\":\"WebSite\",\"@id\":\"https:\\\/\\\/biblia.md\\\/#website\",\"url\":\"https:\\\/\\\/biblia.md\\\/\",\"name\":\"Societatea Biblic\u0103 din Moldova\",\"description\":\"\",\"publisher\":{\"@id\":\"https:\\\/\\\/biblia.md\\\/#organization\"},\"potentialAction\":[{\"@type\":\"SearchAction\",\"target\":{\"@type\":\"EntryPoint\",\"urlTemplate\":\"https:\\\/\\\/biblia.md\\\/?s={search_term_string}\"},\"query-input\":{\"@type\":\"PropertyValueSpecification\",\"valueRequired\":true,\"valueName\":\"search_term_string\"}}],\"inLanguage\":\"ru-RU\"},{\"@type\":\"Organization\",\"@id\":\"https:\\\/\\\/biblia.md\\\/#organization\",\"name\":\"Societatea Biblic\u0103 din Moldova\",\"url\":\"https:\\\/\\\/biblia.md\\\/\",\"logo\":{\"@type\":\"ImageObject\",\"inLanguage\":\"ru-RU\",\"@id\":\"https:\\\/\\\/biblia.md\\\/#\\\/schema\\\/logo\\\/image\\\/\",\"url\":\"https:\\\/\\\/biblia.md\\\/wp-content\\\/uploads\\\/2026\\\/01\\\/icon_site.jpg\",\"contentUrl\":\"https:\\\/\\\/biblia.md\\\/wp-content\\\/uploads\\\/2026\\\/01\\\/icon_site.jpg\",\"width\":656,\"height\":656,\"caption\":\"Societatea Biblic\u0103 din Moldova\"},\"image\":{\"@id\":\"https:\\\/\\\/biblia.md\\\/#\\\/schema\\\/logo\\\/image\\\/\"},\"sameAs\":[\"https:\\\/\\\/www.facebook.com\\\/SocietateaBiblicaMoldova\\\/\",\"https:\\\/\\\/www.instagram.com\\\/biblia.md\\\/\"]}]}<\/script>\n<!-- \/ Yoast SEO plugin. -->","yoast_head_json":{"title":"Ossie, puiul de vidr\u0103 - Societatea Biblic\u0103 din Moldova","robots":{"index":"index","follow":"follow","max-snippet":"max-snippet:-1","max-image-preview":"max-image-preview:large","max-video-preview":"max-video-preview:-1"},"canonical":"https:\/\/biblia.md\/ru\/shop\/ossie-puiul-de-vidra\/","og_locale":"ru_RU","og_type":"article","og_title":"Ossie, puiul de vidr\u0103 - Societatea Biblic\u0103 din Moldova","og_description":"\u00cen urma unei \u00eent\u00e2mpl\u0103ri nefericite, Ossie, un pui de vidr\u0103 \u00een v\u00e2rst\u0103 de numai cinci luni, se pierde \u00een s\u0103lb\u0103ticie de mama \u0219i fratele lui. C\u0103zut, \u00eempotriva voin\u021bei, \u00een apele repezi \u0219i \u00eenvolburate ale unui r\u00e2u, micul Ossie devine eroul unor aventuri pline de pericol, fiind confruntat cu provoc\u0103ri cum doar natura ne\u00eembl\u00e2nzit\u0103 poate ridica \u00een calea unui animal t\u00e2n\u0103r \u0219i ne\u00eencercat. Iat\u0103-l lupt\u00e2nd cu ultimele puteri s\u0103 scape din ghearele unui vultur hulpav! \u0218i din ghearele unui jder \u00eenfometat! Apoi, g\u0103sind o bun\u0103 tov\u0103r\u0103\u0219ie \u00een Sage, o femel\u0103 castor binevoitoare! Zi dup\u0103 zi, Ossie, \u00eenva\u021b\u0103 s\u0103 supravie\u021buiasc\u0103 \u00een \u021binuturile vitrege din Alaska.","og_url":"https:\/\/biblia.md\/ru\/shop\/ossie-puiul-de-vidra\/","og_site_name":"Societatea Biblic\u0103 din Moldova","article_publisher":"https:\/\/www.facebook.com\/SocietateaBiblicaMoldova\/","article_modified_time":"2026-02-11T07:15:47+00:00","og_image":[{"width":371,"height":550,"url":"https:\/\/biblia.md\/wp-content\/uploads\/2026\/01\/ossie_puiul_de_vidra_c1.png","type":"image\/png"}],"twitter_card":"summary_large_image","twitter_misc":{"\u041f\u0440\u0438\u043c\u0435\u0440\u043d\u043e\u0435 \u0432\u0440\u0435\u043c\u044f \u0434\u043b\u044f \u0447\u0442\u0435\u043d\u0438\u044f":"1 \u043c\u0438\u043d\u0443\u0442\u0430"},"schema":{"@context":"https:\/\/schema.org","@graph":[{"@type":"WebPage","@id":"https:\/\/biblia.md\/shop\/ossie-puiul-de-vidra\/","url":"https:\/\/biblia.md\/shop\/ossie-puiul-de-vidra\/","name":"Ossie, puiul de vidr\u0103 - Societatea Biblic\u0103 din Moldova","isPartOf":{"@id":"https:\/\/biblia.md\/#website"},"primaryImageOfPage":{"@id":"https:\/\/biblia.md\/shop\/ossie-puiul-de-vidra\/#primaryimage"},"image":{"@id":"https:\/\/biblia.md\/shop\/ossie-puiul-de-vidra\/#primaryimage"},"thumbnailUrl":"https:\/\/biblia.md\/wp-content\/uploads\/2026\/01\/8cb7486d-8bf5-47e6-894c-3fc0af47fbb4.png","datePublished":"2026-01-21T08:15:16+00:00","dateModified":"2026-02-11T07:15:47+00:00","breadcrumb":{"@id":"https:\/\/biblia.md\/shop\/ossie-puiul-de-vidra\/#breadcrumb"},"inLanguage":"ru-RU","potentialAction":[{"@type":"ReadAction","target":["https:\/\/biblia.md\/shop\/ossie-puiul-de-vidra\/"]}]},{"@type":"ImageObject","inLanguage":"ru-RU","@id":"https:\/\/biblia.md\/shop\/ossie-puiul-de-vidra\/#primaryimage","url":"https:\/\/biblia.md\/wp-content\/uploads\/2026\/01\/8cb7486d-8bf5-47e6-894c-3fc0af47fbb4.png","contentUrl":"https:\/\/biblia.md\/wp-content\/uploads\/2026\/01\/8cb7486d-8bf5-47e6-894c-3fc0af47fbb4.png","width":1024,"height":1536},{"@type":"BreadcrumbList","@id":"https:\/\/biblia.md\/shop\/ossie-puiul-de-vidra\/#breadcrumb","itemListElement":[{"@type":"ListItem","position":1,"name":"Prima pagin\u0103","item":"https:\/\/biblia.md\/"},{"@type":"ListItem","position":2,"name":"Shop","item":"https:\/\/biblia.md\/shop\/"},{"@type":"ListItem","position":3,"name":"Ossie, puiul de vidr\u0103"}]},{"@type":"WebSite","@id":"https:\/\/biblia.md\/#website","url":"https:\/\/biblia.md\/","name":"Societatea Biblic\u0103 din Moldova","description":"","publisher":{"@id":"https:\/\/biblia.md\/#organization"},"potentialAction":[{"@type":"SearchAction","target":{"@type":"EntryPoint","urlTemplate":"https:\/\/biblia.md\/?s={search_term_string}"},"query-input":{"@type":"PropertyValueSpecification","valueRequired":true,"valueName":"search_term_string"}}],"inLanguage":"ru-RU"},{"@type":"Organization","@id":"https:\/\/biblia.md\/#organization","name":"Societatea Biblic\u0103 din Moldova","url":"https:\/\/biblia.md\/","logo":{"@type":"ImageObject","inLanguage":"ru-RU","@id":"https:\/\/biblia.md\/#\/schema\/logo\/image\/","url":"https:\/\/biblia.md\/wp-content\/uploads\/2026\/01\/icon_site.jpg","contentUrl":"https:\/\/biblia.md\/wp-content\/uploads\/2026\/01\/icon_site.jpg","width":656,"height":656,"caption":"Societatea Biblic\u0103 din Moldova"},"image":{"@id":"https:\/\/biblia.md\/#\/schema\/logo\/image\/"},"sameAs":["https:\/\/www.facebook.com\/SocietateaBiblicaMoldova\/","https:\/\/www.instagram.com\/biblia.md\/"]}]}},"_links":{"self":[{"href":"https:\/\/biblia.md\/ru\/wp-json\/wp\/v2\/product\/32641","targetHints":{"allow":["GET"]}}],"collection":[{"href":"https:\/\/biblia.md\/ru\/wp-json\/wp\/v2\/product"}],"about":[{"href":"https:\/\/biblia.md\/ru\/wp-json\/wp\/v2\/types\/product"}],"replies":[{"embeddable":true,"href":"https:\/\/biblia.md\/ru\/wp-json\/wp\/v2\/comments?post=32641"}],"version-history":[{"count":1,"href":"https:\/\/biblia.md\/ru\/wp-json\/wp\/v2\/product\/32641\/revisions"}],"predecessor-version":[{"id":32648,"href":"https:\/\/biblia.md\/ru\/wp-json\/wp\/v2\/product\/32641\/revisions\/32648"}],"wp:featuredmedia":[{"embeddable":true,"href":"https:\/\/biblia.md\/ru\/wp-json\/wp\/v2\/media\/34742"}],"wp:attachment":[{"href":"https:\/\/biblia.md\/ru\/wp-json\/wp\/v2\/media?parent=32641"}],"wp:term":[{"taxonomy":"product_brand","embeddable":true,"href":"https:\/\/biblia.md\/ru\/wp-json\/wp\/v2\/product_brand?post=32641"},{"taxonomy":"product_cat","embeddable":true,"href":"https:\/\/biblia.md\/ru\/wp-json\/wp\/v2\/product_cat?post=32641"},{"taxonomy":"product_tag","embeddable":true,"href":"https:\/\/biblia.md\/ru\/wp-json\/wp\/v2\/product_tag?post=32641"}],"curies":[{"name":"wp","href":"https:\/\/api.w.org\/{rel}","templated":true}]}}