{"id":32655,"date":"2026-01-21T10:21:07","date_gmt":"2026-01-21T08:21:07","guid":{"rendered":"https:\/\/biblia.md\/?post_type=product&#038;p=32655"},"modified":"2026-01-21T10:21:07","modified_gmt":"2026-01-21T08:21:07","slug":"diavolul-nu-va-birui","status":"publish","type":"product","link":"https:\/\/biblia.md\/ru\/shop\/diavolul-nu-va-birui\/","title":{"rendered":"Diavolul nu va birui"},"content":{"rendered":"<p><strong>A. W. Tozer<\/strong>\u00a0(1897\u20131963) a fost un teolog, pastor \u0219i scriitor autodidact ale c\u0103rui cuvinte puternice continu\u0103 s\u0103 captiveze intelectul \u0219i s\u0103 trezeasc\u0103 sufletul credinciosului din ziua de azi. Este autorul a peste patruzeci de c\u0103r\u021bi.\u00a0<em>\u00cen c\u0103utarea lui Dumnezeu<\/em>\u00a0\u0219i\u00a0<em>Cunoa\u0219terea Celui Preasf\u00e2nt<\/em>\u00a0sunt considerate lucr\u0103ri devo\u021bionale clasice.<\/p>\n<p><strong>CUPRINS<\/strong><\/p>\n<p>Introducere<br \/>\n1. \u00cenfruntarea adev\u0103ratului nostru du\u0219man<br \/>\n2. Pericolul ca \u00eencrederea s\u0103 ne fie compromis\u0103<br \/>\n3. Cauzele r\u0103t\u0103cirii, trusa de scule a diavolului<br \/>\n4. Simptomele r\u0103t\u0103cirii, de care se folose\u0219te diavolul<br \/>\n5. \u00cencrederea \u00een sine versus \u00eencrederea \u00een Dumnezeu<br \/>\n6. Cum \u00eel putem \u00eempiedica pe diavol s\u0103 profite de noi<br \/>\n7. Cum folose\u0219te Dumnezeu \u00eencerc\u0103rile \u0219i dezam\u0103girile<br \/>\n8. Cum se folose\u0219te diavolul de religie pentru a ne ataca<br \/>\n9. Descurajarea: o unealt\u0103 eficient\u0103 a diavolului \u00eempotriva cre\u0219tinilor<br \/>\n10. Gre\u0219elile lui Israel \u0219i, posibil, \u0219i ale noastre<br \/>\n11. Cum manipuleaz\u0103 diavolul ceea ce ne atac\u0103 inima<br \/>\n12. Pericolul arogan\u021bei \u0219i al \u00eenfr\u00e2ngerii<br \/>\n13. Originea luptei noastre spirituale<br \/>\n14. Zidul dintre noi \u0219i diavol<br \/>\n15. Cea mai puternic\u0103 ispit\u0103 de natur\u0103 spiritual\u0103<br \/>\n16. S\u0103 \u021binem piept uneltirilor diavolului<\/p>","protected":false},"excerpt":{"rendered":"<p style=\"text-align: center\"><strong>\u00cenva\u021b\u0103 s\u0103 recuno\u0219ti uneltirile vr\u0103jma\u0219ului \u0219i s\u0103 li te \u00eempotrive\u0219ti<\/strong><\/p>\n<p style=\"text-align: left\">\nDiavolul este real, iar tacticile lui sunt ascunse \u00een v\u0103zul tuturor. El creeaz\u0103 \u00een jurul nostru o atmosfer\u0103 de distragere a aten\u021biei \u0219i tenta\u021bii, astfel c\u0103 atunci c\u00e2nd lu\u0103m telefonul, deschidem televizorul sau pur \u0219i simplu c\u00e2nd ie\u0219im din cas\u0103, suntem bombarda\u021bi cu imagini \u0219i mesaje care glorific\u0103 r\u0103ul \u0219i \u00eenjosesc tot ce este bun \u0219i curat.<br \/>\n\u00cen aceast\u0103 compila\u021bie inedit\u0103 de \u00eenv\u0103\u021b\u0103turi, A.W. Tozer ne ofer\u0103 o perspectiv\u0103 p\u0103trunz\u0103toare \u0219i aplica\u021bii practice pentru a ne ajuta s\u0103 lu\u0103m decizii d\u0103t\u0103toare de via\u021b\u0103 \u0219i care s\u0103-L onoreze pe Dumnezeu \u00eentr-o cultur\u0103 care pre\u021buie\u0219te r\u0103ul. Vom \u00eenv\u0103\u021ba cum<\/p>\n<p>\u2022 s\u0103 recunoa\u0219tem tacticile du\u0219manului<br \/>\n\u2022 s\u0103 ne \u00eempotrivim ispitei<br \/>\n\u2022 s\u0103 umbl\u0103m \u00eendeaproape \u0219i cu \u00eencredere cu Dumnezeu<\/p>\n<p>Influen\u021ba lumii este puternic\u0103, dar noi slujim unui Dumnezeu \u0219i mai puternic. Iat\u0103 \u00een\u021belepciunea \u0219i perspectiva biblic\u0103 de care avem nevoie pentru a ne \u00eempotrivi diavolului \u0219i a r\u0103m\u00e2ne ferm ancora\u021bi \u00een credin\u021b\u0103 \u0219i sfin\u021benie.<\/p>","protected":false},"featured_media":32659,"comment_status":"open","ping_status":"closed","template":"","meta":[],"product_brand":[],"product_cat":[377,395,388],"product_tag":[],"class_list":{"0":"post-32655","1":"product","2":"type-product","3":"status-publish","4":"has-post-thumbnail","6":"product_cat-carti","7":"product_cat-pentru-slujitori","8":"product_cat-viata-crestina","9":"product_author-a-w-tozer","10":"product_genre-knigi-rom","12":"first","13":"instock","14":"shipping-taxable","15":"purchasable","16":"product-type-simple"},"yoast_head":"<!-- This site is optimized with the Yoast SEO plugin v27.3 - https:\/\/yoast.com\/product\/yoast-seo-wordpress\/ -->\n<title>Diavolul nu va birui - Societatea Biblic\u0103 din Moldova<\/title>\n<meta name=\"robots\" content=\"index, follow, max-snippet:-1, max-image-preview:large, max-video-preview:-1\" \/>\n<link rel=\"canonical\" href=\"https:\/\/biblia.md\/ru\/shop\/diavolul-nu-va-birui\/\" \/>\n<meta property=\"og:locale\" content=\"ru_RU\" \/>\n<meta property=\"og:type\" content=\"article\" \/>\n<meta property=\"og:title\" content=\"Diavolul nu va birui - Societatea Biblic\u0103 din Moldova\" \/>\n<meta property=\"og:description\" content=\"\u00cenva\u021b\u0103 s\u0103 recuno\u0219ti uneltirile vr\u0103jma\u0219ului \u0219i s\u0103 li te \u00eempotrive\u0219ti  Diavolul este real, iar tacticile lui sunt ascunse \u00een v\u0103zul tuturor. El creeaz\u0103 \u00een jurul nostru o atmosfer\u0103 de distragere a aten\u021biei \u0219i tenta\u021bii, astfel c\u0103 atunci c\u00e2nd lu\u0103m telefonul, deschidem televizorul sau pur \u0219i simplu c\u00e2nd ie\u0219im din cas\u0103, suntem bombarda\u021bi cu imagini \u0219i mesaje care glorific\u0103 r\u0103ul \u0219i \u00eenjosesc tot ce este bun \u0219i curat. \u00cen aceast\u0103 compila\u021bie inedit\u0103 de \u00eenv\u0103\u021b\u0103turi, A.W. Tozer ne ofer\u0103 o perspectiv\u0103 p\u0103trunz\u0103toare \u0219i aplica\u021bii practice pentru a ne ajuta s\u0103 lu\u0103m decizii d\u0103t\u0103toare de via\u021b\u0103 \u0219i care s\u0103-L onoreze pe Dumnezeu \u00eentr-o cultur\u0103 care pre\u021buie\u0219te r\u0103ul. Vom \u00eenv\u0103\u021ba cum  \u2022 s\u0103 recunoa\u0219tem tacticile du\u0219manului \u2022 s\u0103 ne \u00eempotrivim ispitei \u2022 s\u0103 umbl\u0103m \u00eendeaproape \u0219i cu \u00eencredere cu Dumnezeu  Influen\u021ba lumii este puternic\u0103, dar noi slujim unui Dumnezeu \u0219i mai puternic. Iat\u0103 \u00een\u021belepciunea \u0219i perspectiva biblic\u0103 de care avem nevoie pentru a ne \u00eempotrivi diavolului \u0219i a r\u0103m\u00e2ne ferm ancora\u021bi \u00een credin\u021b\u0103 \u0219i sfin\u021benie.\" \/>\n<meta property=\"og:url\" content=\"https:\/\/biblia.md\/ru\/shop\/diavolul-nu-va-birui\/\" \/>\n<meta property=\"og:site_name\" content=\"Societatea Biblic\u0103 din Moldova\" \/>\n<meta property=\"article:publisher\" content=\"https:\/\/www.facebook.com\/SocietateaBiblicaMoldova\/\" \/>\n<meta property=\"og:image\" content=\"https:\/\/biblia.md\/wp-content\/uploads\/2026\/01\/0000008329.jpg\" \/>\n\t<meta property=\"og:image:width\" content=\"820\" \/>\n\t<meta property=\"og:image:height\" content=\"1160\" \/>\n\t<meta property=\"og:image:type\" content=\"image\/jpeg\" \/>\n<meta name=\"twitter:card\" content=\"summary_large_image\" \/>\n<meta name=\"twitter:label1\" content=\"\u041f\u0440\u0438\u043c\u0435\u0440\u043d\u043e\u0435 \u0432\u0440\u0435\u043c\u044f \u0434\u043b\u044f \u0447\u0442\u0435\u043d\u0438\u044f\" \/>\n\t<meta name=\"twitter:data1\" content=\"1 \u043c\u0438\u043d\u0443\u0442\u0430\" \/>\n<script type=\"application\/ld+json\" class=\"yoast-schema-graph\">{\"@context\":\"https:\\\/\\\/schema.org\",\"@graph\":[{\"@type\":\"WebPage\",\"@id\":\"https:\\\/\\\/biblia.md\\\/shop\\\/diavolul-nu-va-birui\\\/\",\"url\":\"https:\\\/\\\/biblia.md\\\/shop\\\/diavolul-nu-va-birui\\\/\",\"name\":\"Diavolul nu va birui - Societatea Biblic\u0103 din Moldova\",\"isPartOf\":{\"@id\":\"https:\\\/\\\/biblia.md\\\/#website\"},\"primaryImageOfPage\":{\"@id\":\"https:\\\/\\\/biblia.md\\\/shop\\\/diavolul-nu-va-birui\\\/#primaryimage\"},\"image\":{\"@id\":\"https:\\\/\\\/biblia.md\\\/shop\\\/diavolul-nu-va-birui\\\/#primaryimage\"},\"thumbnailUrl\":\"https:\\\/\\\/biblia.md\\\/wp-content\\\/uploads\\\/2026\\\/01\\\/0000008329.jpg\",\"datePublished\":\"2026-01-21T08:21:07+00:00\",\"breadcrumb\":{\"@id\":\"https:\\\/\\\/biblia.md\\\/shop\\\/diavolul-nu-va-birui\\\/#breadcrumb\"},\"inLanguage\":\"ru-RU\",\"potentialAction\":[{\"@type\":\"ReadAction\",\"target\":[\"https:\\\/\\\/biblia.md\\\/shop\\\/diavolul-nu-va-birui\\\/\"]}]},{\"@type\":\"ImageObject\",\"inLanguage\":\"ru-RU\",\"@id\":\"https:\\\/\\\/biblia.md\\\/shop\\\/diavolul-nu-va-birui\\\/#primaryimage\",\"url\":\"https:\\\/\\\/biblia.md\\\/wp-content\\\/uploads\\\/2026\\\/01\\\/0000008329.jpg\",\"contentUrl\":\"https:\\\/\\\/biblia.md\\\/wp-content\\\/uploads\\\/2026\\\/01\\\/0000008329.jpg\",\"width\":820,\"height\":1160},{\"@type\":\"BreadcrumbList\",\"@id\":\"https:\\\/\\\/biblia.md\\\/shop\\\/diavolul-nu-va-birui\\\/#breadcrumb\",\"itemListElement\":[{\"@type\":\"ListItem\",\"position\":1,\"name\":\"Prima pagin\u0103\",\"item\":\"https:\\\/\\\/biblia.md\\\/\"},{\"@type\":\"ListItem\",\"position\":2,\"name\":\"Shop\",\"item\":\"https:\\\/\\\/biblia.md\\\/shop\\\/\"},{\"@type\":\"ListItem\",\"position\":3,\"name\":\"Diavolul nu va birui\"}]},{\"@type\":\"WebSite\",\"@id\":\"https:\\\/\\\/biblia.md\\\/#website\",\"url\":\"https:\\\/\\\/biblia.md\\\/\",\"name\":\"Societatea Biblic\u0103 din Moldova\",\"description\":\"\",\"publisher\":{\"@id\":\"https:\\\/\\\/biblia.md\\\/#organization\"},\"potentialAction\":[{\"@type\":\"SearchAction\",\"target\":{\"@type\":\"EntryPoint\",\"urlTemplate\":\"https:\\\/\\\/biblia.md\\\/?s={search_term_string}\"},\"query-input\":{\"@type\":\"PropertyValueSpecification\",\"valueRequired\":true,\"valueName\":\"search_term_string\"}}],\"inLanguage\":\"ru-RU\"},{\"@type\":\"Organization\",\"@id\":\"https:\\\/\\\/biblia.md\\\/#organization\",\"name\":\"Societatea Biblic\u0103 din Moldova\",\"url\":\"https:\\\/\\\/biblia.md\\\/\",\"logo\":{\"@type\":\"ImageObject\",\"inLanguage\":\"ru-RU\",\"@id\":\"https:\\\/\\\/biblia.md\\\/#\\\/schema\\\/logo\\\/image\\\/\",\"url\":\"https:\\\/\\\/biblia.md\\\/wp-content\\\/uploads\\\/2026\\\/01\\\/icon_site.jpg\",\"contentUrl\":\"https:\\\/\\\/biblia.md\\\/wp-content\\\/uploads\\\/2026\\\/01\\\/icon_site.jpg\",\"width\":656,\"height\":656,\"caption\":\"Societatea Biblic\u0103 din Moldova\"},\"image\":{\"@id\":\"https:\\\/\\\/biblia.md\\\/#\\\/schema\\\/logo\\\/image\\\/\"},\"sameAs\":[\"https:\\\/\\\/www.facebook.com\\\/SocietateaBiblicaMoldova\\\/\",\"https:\\\/\\\/www.instagram.com\\\/biblia.md\\\/\"]}]}<\/script>\n<!-- \/ Yoast SEO plugin. -->","yoast_head_json":{"title":"Diavolul nu va birui - Societatea Biblic\u0103 din Moldova","robots":{"index":"index","follow":"follow","max-snippet":"max-snippet:-1","max-image-preview":"max-image-preview:large","max-video-preview":"max-video-preview:-1"},"canonical":"https:\/\/biblia.md\/ru\/shop\/diavolul-nu-va-birui\/","og_locale":"ru_RU","og_type":"article","og_title":"Diavolul nu va birui - Societatea Biblic\u0103 din Moldova","og_description":"\u00cenva\u021b\u0103 s\u0103 recuno\u0219ti uneltirile vr\u0103jma\u0219ului \u0219i s\u0103 li te \u00eempotrive\u0219ti  Diavolul este real, iar tacticile lui sunt ascunse \u00een v\u0103zul tuturor. El creeaz\u0103 \u00een jurul nostru o atmosfer\u0103 de distragere a aten\u021biei \u0219i tenta\u021bii, astfel c\u0103 atunci c\u00e2nd lu\u0103m telefonul, deschidem televizorul sau pur \u0219i simplu c\u00e2nd ie\u0219im din cas\u0103, suntem bombarda\u021bi cu imagini \u0219i mesaje care glorific\u0103 r\u0103ul \u0219i \u00eenjosesc tot ce este bun \u0219i curat. \u00cen aceast\u0103 compila\u021bie inedit\u0103 de \u00eenv\u0103\u021b\u0103turi, A.W. Tozer ne ofer\u0103 o perspectiv\u0103 p\u0103trunz\u0103toare \u0219i aplica\u021bii practice pentru a ne ajuta s\u0103 lu\u0103m decizii d\u0103t\u0103toare de via\u021b\u0103 \u0219i care s\u0103-L onoreze pe Dumnezeu \u00eentr-o cultur\u0103 care pre\u021buie\u0219te r\u0103ul. Vom \u00eenv\u0103\u021ba cum  \u2022 s\u0103 recunoa\u0219tem tacticile du\u0219manului \u2022 s\u0103 ne \u00eempotrivim ispitei \u2022 s\u0103 umbl\u0103m \u00eendeaproape \u0219i cu \u00eencredere cu Dumnezeu  Influen\u021ba lumii este puternic\u0103, dar noi slujim unui Dumnezeu \u0219i mai puternic. Iat\u0103 \u00een\u021belepciunea \u0219i perspectiva biblic\u0103 de care avem nevoie pentru a ne \u00eempotrivi diavolului \u0219i a r\u0103m\u00e2ne ferm ancora\u021bi \u00een credin\u021b\u0103 \u0219i sfin\u021benie.","og_url":"https:\/\/biblia.md\/ru\/shop\/diavolul-nu-va-birui\/","og_site_name":"Societatea Biblic\u0103 din Moldova","article_publisher":"https:\/\/www.facebook.com\/SocietateaBiblicaMoldova\/","og_image":[{"width":820,"height":1160,"url":"https:\/\/biblia.md\/wp-content\/uploads\/2026\/01\/0000008329.jpg","type":"image\/jpeg"}],"twitter_card":"summary_large_image","twitter_misc":{"\u041f\u0440\u0438\u043c\u0435\u0440\u043d\u043e\u0435 \u0432\u0440\u0435\u043c\u044f \u0434\u043b\u044f \u0447\u0442\u0435\u043d\u0438\u044f":"1 \u043c\u0438\u043d\u0443\u0442\u0430"},"schema":{"@context":"https:\/\/schema.org","@graph":[{"@type":"WebPage","@id":"https:\/\/biblia.md\/shop\/diavolul-nu-va-birui\/","url":"https:\/\/biblia.md\/shop\/diavolul-nu-va-birui\/","name":"Diavolul nu va birui - Societatea Biblic\u0103 din Moldova","isPartOf":{"@id":"https:\/\/biblia.md\/#website"},"primaryImageOfPage":{"@id":"https:\/\/biblia.md\/shop\/diavolul-nu-va-birui\/#primaryimage"},"image":{"@id":"https:\/\/biblia.md\/shop\/diavolul-nu-va-birui\/#primaryimage"},"thumbnailUrl":"https:\/\/biblia.md\/wp-content\/uploads\/2026\/01\/0000008329.jpg","datePublished":"2026-01-21T08:21:07+00:00","breadcrumb":{"@id":"https:\/\/biblia.md\/shop\/diavolul-nu-va-birui\/#breadcrumb"},"inLanguage":"ru-RU","potentialAction":[{"@type":"ReadAction","target":["https:\/\/biblia.md\/shop\/diavolul-nu-va-birui\/"]}]},{"@type":"ImageObject","inLanguage":"ru-RU","@id":"https:\/\/biblia.md\/shop\/diavolul-nu-va-birui\/#primaryimage","url":"https:\/\/biblia.md\/wp-content\/uploads\/2026\/01\/0000008329.jpg","contentUrl":"https:\/\/biblia.md\/wp-content\/uploads\/2026\/01\/0000008329.jpg","width":820,"height":1160},{"@type":"BreadcrumbList","@id":"https:\/\/biblia.md\/shop\/diavolul-nu-va-birui\/#breadcrumb","itemListElement":[{"@type":"ListItem","position":1,"name":"Prima pagin\u0103","item":"https:\/\/biblia.md\/"},{"@type":"ListItem","position":2,"name":"Shop","item":"https:\/\/biblia.md\/shop\/"},{"@type":"ListItem","position":3,"name":"Diavolul nu va birui"}]},{"@type":"WebSite","@id":"https:\/\/biblia.md\/#website","url":"https:\/\/biblia.md\/","name":"Societatea Biblic\u0103 din Moldova","description":"","publisher":{"@id":"https:\/\/biblia.md\/#organization"},"potentialAction":[{"@type":"SearchAction","target":{"@type":"EntryPoint","urlTemplate":"https:\/\/biblia.md\/?s={search_term_string}"},"query-input":{"@type":"PropertyValueSpecification","valueRequired":true,"valueName":"search_term_string"}}],"inLanguage":"ru-RU"},{"@type":"Organization","@id":"https:\/\/biblia.md\/#organization","name":"Societatea Biblic\u0103 din Moldova","url":"https:\/\/biblia.md\/","logo":{"@type":"ImageObject","inLanguage":"ru-RU","@id":"https:\/\/biblia.md\/#\/schema\/logo\/image\/","url":"https:\/\/biblia.md\/wp-content\/uploads\/2026\/01\/icon_site.jpg","contentUrl":"https:\/\/biblia.md\/wp-content\/uploads\/2026\/01\/icon_site.jpg","width":656,"height":656,"caption":"Societatea Biblic\u0103 din Moldova"},"image":{"@id":"https:\/\/biblia.md\/#\/schema\/logo\/image\/"},"sameAs":["https:\/\/www.facebook.com\/SocietateaBiblicaMoldova\/","https:\/\/www.instagram.com\/biblia.md\/"]}]}},"_links":{"self":[{"href":"https:\/\/biblia.md\/ru\/wp-json\/wp\/v2\/product\/32655","targetHints":{"allow":["GET"]}}],"collection":[{"href":"https:\/\/biblia.md\/ru\/wp-json\/wp\/v2\/product"}],"about":[{"href":"https:\/\/biblia.md\/ru\/wp-json\/wp\/v2\/types\/product"}],"replies":[{"embeddable":true,"href":"https:\/\/biblia.md\/ru\/wp-json\/wp\/v2\/comments?post=32655"}],"version-history":[{"count":1,"href":"https:\/\/biblia.md\/ru\/wp-json\/wp\/v2\/product\/32655\/revisions"}],"predecessor-version":[{"id":32663,"href":"https:\/\/biblia.md\/ru\/wp-json\/wp\/v2\/product\/32655\/revisions\/32663"}],"wp:featuredmedia":[{"embeddable":true,"href":"https:\/\/biblia.md\/ru\/wp-json\/wp\/v2\/media\/32659"}],"wp:attachment":[{"href":"https:\/\/biblia.md\/ru\/wp-json\/wp\/v2\/media?parent=32655"}],"wp:term":[{"taxonomy":"product_brand","embeddable":true,"href":"https:\/\/biblia.md\/ru\/wp-json\/wp\/v2\/product_brand?post=32655"},{"taxonomy":"product_cat","embeddable":true,"href":"https:\/\/biblia.md\/ru\/wp-json\/wp\/v2\/product_cat?post=32655"},{"taxonomy":"product_tag","embeddable":true,"href":"https:\/\/biblia.md\/ru\/wp-json\/wp\/v2\/product_tag?post=32655"}],"curies":[{"name":"wp","href":"https:\/\/api.w.org\/{rel}","templated":true}]}}