{"id":32759,"date":"2026-01-21T15:41:45","date_gmt":"2026-01-21T13:41:45","guid":{"rendered":"https:\/\/biblia.md\/?post_type=product&#038;p=32759"},"modified":"2026-04-10T10:09:38","modified_gmt":"2026-04-10T08:09:38","slug":"dincolo-de-creationismul-stiintific-creatia-noului-legamant-de-la-geneza-la-apocalipsa","status":"publish","type":"product","link":"https:\/\/biblia.md\/ru\/shop\/dincolo-de-creationismul-stiintific-creatia-noului-legamant-de-la-geneza-la-apocalipsa\/","title":{"rendered":"Dincolo de creationismul stiintific &#8211; Crea\u021bia Noului Leg\u0103m\u00e2nt de la Geneza la Apocalipsa"},"content":{"rendered":"<p><em><strong>Creatia Noului Legamant de la Geneza la Apocalipsa<\/strong><\/em><\/p>\n<p id=\"C2MDM7V\">Cum ai putea patrunde pe deplin taina sfarsitului unui lucru, daca nu cunosti inceputul lui? Este o intrebare esentiala, care sta la temelia unei paradigme teologice propuse cu indrazneala si profunzime de aceasta lucrare.<br \/>\nCartea arata cum si de ce perspectiva pamantului vechi, dominanta in randul crestinilor de la sfarsitul secolului al XIX-lea si inceputul secolului XX, a fost abandonata de crestinismul conservator modern, influentat puternic de ascensiunea fulgeratoare a unei noi interpretari a vremurilor de pe urma. Mai mult, volumul explica modul in care noile directii din studiile biblice privind profetia ar putea zdruncina din temelii paradigma creationismului modern al pamantului tanar.<br \/>\nAutorii Timothy P. Martin si Jeffrey L. Vaughn ofera o analiza riguroasa a fiecarui principiu major al creationismului pamantului tanar, concentrandu-se pe ceea ce spune Scriptura despre Potop, Turnul Babel, natura caderii omului si blestemul asupra lui Adam, precum si despre lucrarea rascumparatoare a lui Cristos.<br \/>\nAceasta nu este doar o carte despre inceputuri sau sfarsituri, este o invitatie la o credinta ancorata intr-o viziune biblica unitara, coerenta si profund restauratoare.<\/p>\n<p>Este timpul sa ne intoarcem la inceput\u2026 ca sa intelegem, cu adevarat, sfarsitul.<\/p>\n<p>In ultimele decenii, escatologia Legamantului a redefinit felul in care multi credinciosi inteleg implinirea planului de mantuire al lui Dumnezeu: nu ca o serie de evenimente apocaliptice rupte de context, ci ca o culminare organica a unui Legamant divin desfasurat de-a lungul istoriei. Totusi, in entuziasmul descoperirii sfarsitului, s-a omis poate ceva esential: inceputul.<\/p>\n<p>DESPRE AUTORI<br \/>\n<strong>Timothy P. Martin<\/strong>\u00a0locuieste in Montana impreuna cu sotia sa, Amy, si cei opt copii ai lor.<br \/>\nEste pasionat de teologie, profetie biblica si aplicarea credintei crestine in viata de zi cu zi. A absolvit Bob Jones Academy in 1992, a urmat cursuri de Litere la Christ College si a lucrat in cadrul Summit Ministries din Colorado. Este implicat in slujire in cadrul \u201eCovenant Community Church\u201d.<\/p>\n<p><strong>Dr. Jeffrey L. Vaughn<\/strong>\u00a0locuieste in zona metropolitana Los Angeles, alaturi de sotia sa, Karen, si cei cinci copii. Si-a obtinut doctoratul la Universitatea din California. A crescut in mediul conservator al bisericilor din miscarea \u201eRestoration\u201d. Influentat initial de creationismul pamantului tanar, Dr. Jeffrey a inceput sa exploreze alte perspective in jurul anului 1990, ceea ce i-a schimbat radical viziunea despre vremurile de pe urma. Astfel, si-a dedicat studiul teologic dezvoltarii unei perspective unitare asupra inceputului si sfarsitului Bibliei.<\/p>\n<p>Cuprins<br \/>\nPrefata<br \/>\nIntroducere<br \/>\nPartea intai<br \/>\nCapitolul 1 Ce a spus Isus?<br \/>\nCapitolul 2 Timpul se scurge<br \/>\nCapitolul 3 Cand s\u2011au intamplat aceste lucruri<br \/>\nCapitolul 4 Sfarsitul unei lumi legamintice<br \/>\nPartea a doua<br \/>\nCapitolul 5 Diviziunea: 1830<br \/>\nCapitolul 6 Coliziunea lumiilor: Lyell vs. Darby<br \/>\nCapitolul 7 Dezbaterea Marelui Potop<br \/>\nCapitolul 8 Potopul si profetia<br \/>\nCapitolul 9 Apa si foc<br \/>\nCapitolul 10 Potopul si Turnul Babel<br \/>\nCapitolul 11 Blestemul lui Dumnezeu asupra lui Adam: Problema<br \/>\nCapitolul 12 Blestemul lui Dumnezeu asupra lui Adam: Solutia<br \/>\nCapitolul 13 Marea dezbatere privind Creatia<br \/>\nCapitolul 14 Creatia legamantului<br \/>\nCapitolul 15 Creatia profetica<br \/>\nCapitolul 16 Longevitate apocaliptica<br \/>\nCapitolul 17 Evanghelia legamintica a lui Isus Cristos<br \/>\nCapitolul 18 Imaginea de ansamblu<br \/>\nPartea a treia<br \/>\nCapitolul 19 Testul adevarului<br \/>\nCapitolul 20 Cazul pentru profetie implinita<br \/>\nCapitolul 21 Perspectiva crestina<br \/>\nArta pentru noua ta lume<br \/>\nAnexa A Semnificatia hermeneuticii<br \/>\nAnexa B Obiectii aduse de obicei Potopului local<br \/>\nAnexa C Privire de ansamblu asupra perspectivei creationiste Pamant\u2011batran<br \/>\nNote<br \/>\nBibliografie<\/p>\n<p>APRECIERI PENTRU ACEASTA CARTE<\/p>\n<p>Vacile sacre mor greu. Cu toate acestea, aceasta lucrare a lui Martin si Vaughn a dat cateva lovituri grele celor doua vaci sacre, perspectiva futurismului profetic si perspectiva potopul global\/pamant\u2011tanar asupra Genezei. Scopul nobil al autorilor este de a armoniza doua subiecte indisolubil legate intre ele, protologia (povestea inceputului) si escatologia (povestea \u201esfarsitului\u201d). Veti descoperi ca aceasta carte este logica, scripturala si stimulatoare. Veti descoperi, de asemenea, ca mult din ceea ce spun ei este provocator, poate tulburator. S\u2011ar putea sa va luptati cu concluziile lor. Dar, angajati\u2011va in lupta! Cititi aceasta carte!<br \/>\n\u2014Don K. Preston, Presedinte, Preterist Research Institute,\u00a0 (Institutul Preterist de Cercetare),\u00a0<a href=\"http:\/\/www.eschatology.org\/\">www.Eschatology.org<\/a><br \/>\n*<br \/>\nMa astept ca aceasta carte sa devina o lucrare standard in studiile despre creatie si profetie pentru multi ani de acum inainte. O recomand!<br \/>\n\u2014Walt Hibbard, www.Preteristviewpoint.com,<br \/>\nfondator si fost presedinte al Great Christian Books, Inc, Semnatar original al \u201e9.5 Teze ale urmatoarei reforme\u201d<br \/>\n*<br \/>\nExcelent! In loc sa inceapa cu o concluzie si sa forteze datele sa se potriveasca, autorii trateaza atat datele biblice, cat si cele stiintifice cu respect si integritate. Este posibil ca aceasta lucrare importanta sa nu raspunda la fiecare intrebare si nu pretinde, dar duce mai departe studiile in Creatie si Escatologie.<br \/>\n\u2014Terry Hall, Miami Valley Church of Christ, Xenia, OH. Semnatar original al lucrarii \u201e9.5 de Teze ale urmatoarei reforme\u201d<br \/>\n*<br \/>\nAceasta este o lucrare monumentala pe care Tim si Jeff au facut\u2011o. Este bine scrisa, aranjata logic, bine argumentata si am invatat multe din ea. Recomand cu caldura aceasta carte studentilor seriosi care sunt interesati de zilelor din urma, potopul, evenimentul Babel si de Creatie. Cred ca va va capta cu adevarat atentia. Merita sa puna o amprenta reala in acest domeniu de studiu.\u201d<br \/>\n\u2014Samuel G. Dawson,\u00a0<a href=\"http:\/\/www.gospelthemes.com\/\">www.GospelThemes.com<\/a>\u00a0Autorul cartii\u00a0<em>Invatatura lui Isus: De la Muntele Sinai la Gheena: Un rabin credincios avertizeaza urgent Israelul rebel<\/em><\/p>","protected":false},"excerpt":{"rendered":"<p><em><strong>Crezi ca intelegi cu adevarat \u201elucrurile de pe urma\u201d?<\/strong><\/em><\/p>\n<p>Cartea prezinta o analiza riguroasa a fiecarui principiu major al creationismului pamantului tanar, concentrandu-se pe ceea ce spune Scriptura despre Potop, Turnul Babel, natura caderii omului si blestemul asupra lui Adam, precum si despre lucrarea rascumparatoare a lui Cristos.<\/p>\n<p>Aceasta carte remarcabila ne invita sa privim dincolo de dezbaterile traditionale intre creationismul pamantului tanar si cel al pamantului batran si ne provoaca sa punem intrebari mai adanci:<br \/>\n* Ce inseamna cu adevarat inceputul creatiei in contextul unui Dumnezeu al Legamantului?<br \/>\n* Cum se leaga evenimentele din Geneza de marile promisiuni escatologice ale Noului Legamant?<br \/>\n* Si, poate cel mai important, ce schimbari apar atunci cand incetam sa mai vedem inceputul si sfarsitul ca doua extreme separate si incepem sa le intelegem ca parti ale aceluiasi fir narativ revelator?<\/p>\n<p>Printr-o abordare clara, documentata si vizionara, autorii iti ofera o perspectiva care ar putea transforma atat felul in care citesti Scriptura, cat si modul in care intelegi realitatea in care traiesti.<\/p>","protected":false},"featured_media":32760,"comment_status":"open","ping_status":"closed","template":"","meta":[],"product_brand":[],"product_cat":[377,393],"product_tag":[],"class_list":{"0":"post-32759","1":"product","2":"type-product","3":"status-publish","4":"has-post-thumbnail","6":"product_cat-carti","7":"product_cat-teologie","8":"product_author-timothy-p-martin-amp-jeffrey-l-vaughn","9":"product_genre-knigi-rom","11":"first","12":"outofstock","13":"shipping-taxable","14":"purchasable","15":"product-type-simple"},"yoast_head":"<!-- This site is optimized with the Yoast SEO plugin v27.3 - https:\/\/yoast.com\/product\/yoast-seo-wordpress\/ -->\n<title>Dincolo de creationismul stiintific - Crea\u021bia Noului Leg\u0103m\u00e2nt de la Geneza la Apocalipsa - Societatea Biblic\u0103 din Moldova<\/title>\n<meta name=\"robots\" content=\"index, follow, max-snippet:-1, max-image-preview:large, max-video-preview:-1\" \/>\n<link rel=\"canonical\" href=\"https:\/\/biblia.md\/ru\/shop\/dincolo-de-creationismul-stiintific-creatia-noului-legamant-de-la-geneza-la-apocalipsa\/\" \/>\n<meta property=\"og:locale\" content=\"ru_RU\" \/>\n<meta property=\"og:type\" content=\"article\" \/>\n<meta property=\"og:title\" content=\"Dincolo de creationismul stiintific - Crea\u021bia Noului Leg\u0103m\u00e2nt de la Geneza la Apocalipsa - Societatea Biblic\u0103 din Moldova\" \/>\n<meta property=\"og:description\" content=\"Crezi ca intelegi cu adevarat \u201elucrurile de pe urma\u201d?  Cartea prezinta o analiza riguroasa a fiecarui principiu major al creationismului pamantului tanar, concentrandu-se pe ceea ce spune Scriptura despre Potop, Turnul Babel, natura caderii omului si blestemul asupra lui Adam, precum si despre lucrarea rascumparatoare a lui Cristos.  Aceasta carte remarcabila ne invita sa privim dincolo de dezbaterile traditionale intre creationismul pamantului tanar si cel al pamantului batran si ne provoaca sa punem intrebari mai adanci: * Ce inseamna cu adevarat inceputul creatiei in contextul unui Dumnezeu al Legamantului? * Cum se leaga evenimentele din Geneza de marile promisiuni escatologice ale Noului Legamant? * Si, poate cel mai important, ce schimbari apar atunci cand incetam sa mai vedem inceputul si sfarsitul ca doua extreme separate si incepem sa le intelegem ca parti ale aceluiasi fir narativ revelator?  Printr-o abordare clara, documentata si vizionara, autorii iti ofera o perspectiva care ar putea transforma atat felul in care citesti Scriptura, cat si modul in care intelegi realitatea in care traiesti.\" \/>\n<meta property=\"og:url\" content=\"https:\/\/biblia.md\/ru\/shop\/dincolo-de-creationismul-stiintific-creatia-noului-legamant-de-la-geneza-la-apocalipsa\/\" \/>\n<meta property=\"og:site_name\" content=\"Societatea Biblic\u0103 din Moldova\" \/>\n<meta property=\"article:publisher\" content=\"https:\/\/www.facebook.com\/SocietateaBiblicaMoldova\/\" \/>\n<meta property=\"article:modified_time\" content=\"2026-04-10T08:09:38+00:00\" \/>\n<meta property=\"og:image\" content=\"https:\/\/biblia.md\/wp-content\/uploads\/2026\/01\/0000008401.jpg\" \/>\n\t<meta property=\"og:image:width\" content=\"800\" \/>\n\t<meta property=\"og:image:height\" content=\"1115\" \/>\n\t<meta property=\"og:image:type\" content=\"image\/jpeg\" \/>\n<meta name=\"twitter:card\" content=\"summary_large_image\" \/>\n<meta name=\"twitter:label1\" content=\"\u041f\u0440\u0438\u043c\u0435\u0440\u043d\u043e\u0435 \u0432\u0440\u0435\u043c\u044f \u0434\u043b\u044f \u0447\u0442\u0435\u043d\u0438\u044f\" \/>\n\t<meta name=\"twitter:data1\" content=\"4 \u043c\u0438\u043d\u0443\u0442\u044b\" \/>\n<script type=\"application\/ld+json\" class=\"yoast-schema-graph\">{\"@context\":\"https:\\\/\\\/schema.org\",\"@graph\":[{\"@type\":\"WebPage\",\"@id\":\"https:\\\/\\\/biblia.md\\\/shop\\\/dincolo-de-creationismul-stiintific-creatia-noului-legamant-de-la-geneza-la-apocalipsa\\\/\",\"url\":\"https:\\\/\\\/biblia.md\\\/shop\\\/dincolo-de-creationismul-stiintific-creatia-noului-legamant-de-la-geneza-la-apocalipsa\\\/\",\"name\":\"Dincolo de creationismul stiintific - Crea\u021bia Noului Leg\u0103m\u00e2nt de la Geneza la Apocalipsa - Societatea Biblic\u0103 din Moldova\",\"isPartOf\":{\"@id\":\"https:\\\/\\\/biblia.md\\\/#website\"},\"primaryImageOfPage\":{\"@id\":\"https:\\\/\\\/biblia.md\\\/shop\\\/dincolo-de-creationismul-stiintific-creatia-noului-legamant-de-la-geneza-la-apocalipsa\\\/#primaryimage\"},\"image\":{\"@id\":\"https:\\\/\\\/biblia.md\\\/shop\\\/dincolo-de-creationismul-stiintific-creatia-noului-legamant-de-la-geneza-la-apocalipsa\\\/#primaryimage\"},\"thumbnailUrl\":\"https:\\\/\\\/biblia.md\\\/wp-content\\\/uploads\\\/2026\\\/01\\\/0000008401.jpg\",\"datePublished\":\"2026-01-21T13:41:45+00:00\",\"dateModified\":\"2026-04-10T08:09:38+00:00\",\"breadcrumb\":{\"@id\":\"https:\\\/\\\/biblia.md\\\/shop\\\/dincolo-de-creationismul-stiintific-creatia-noului-legamant-de-la-geneza-la-apocalipsa\\\/#breadcrumb\"},\"inLanguage\":\"ru-RU\",\"potentialAction\":[{\"@type\":\"ReadAction\",\"target\":[\"https:\\\/\\\/biblia.md\\\/shop\\\/dincolo-de-creationismul-stiintific-creatia-noului-legamant-de-la-geneza-la-apocalipsa\\\/\"]}]},{\"@type\":\"ImageObject\",\"inLanguage\":\"ru-RU\",\"@id\":\"https:\\\/\\\/biblia.md\\\/shop\\\/dincolo-de-creationismul-stiintific-creatia-noului-legamant-de-la-geneza-la-apocalipsa\\\/#primaryimage\",\"url\":\"https:\\\/\\\/biblia.md\\\/wp-content\\\/uploads\\\/2026\\\/01\\\/0000008401.jpg\",\"contentUrl\":\"https:\\\/\\\/biblia.md\\\/wp-content\\\/uploads\\\/2026\\\/01\\\/0000008401.jpg\",\"width\":800,\"height\":1115},{\"@type\":\"BreadcrumbList\",\"@id\":\"https:\\\/\\\/biblia.md\\\/shop\\\/dincolo-de-creationismul-stiintific-creatia-noului-legamant-de-la-geneza-la-apocalipsa\\\/#breadcrumb\",\"itemListElement\":[{\"@type\":\"ListItem\",\"position\":1,\"name\":\"Prima pagin\u0103\",\"item\":\"https:\\\/\\\/biblia.md\\\/\"},{\"@type\":\"ListItem\",\"position\":2,\"name\":\"Shop\",\"item\":\"https:\\\/\\\/biblia.md\\\/shop\\\/\"},{\"@type\":\"ListItem\",\"position\":3,\"name\":\"Dincolo de creationismul stiintific &#8211; Crea\u021bia Noului Leg\u0103m\u00e2nt de la Geneza la Apocalipsa\"}]},{\"@type\":\"WebSite\",\"@id\":\"https:\\\/\\\/biblia.md\\\/#website\",\"url\":\"https:\\\/\\\/biblia.md\\\/\",\"name\":\"Societatea Biblic\u0103 din Moldova\",\"description\":\"\",\"publisher\":{\"@id\":\"https:\\\/\\\/biblia.md\\\/#organization\"},\"potentialAction\":[{\"@type\":\"SearchAction\",\"target\":{\"@type\":\"EntryPoint\",\"urlTemplate\":\"https:\\\/\\\/biblia.md\\\/?s={search_term_string}\"},\"query-input\":{\"@type\":\"PropertyValueSpecification\",\"valueRequired\":true,\"valueName\":\"search_term_string\"}}],\"inLanguage\":\"ru-RU\"},{\"@type\":\"Organization\",\"@id\":\"https:\\\/\\\/biblia.md\\\/#organization\",\"name\":\"Societatea Biblic\u0103 din Moldova\",\"url\":\"https:\\\/\\\/biblia.md\\\/\",\"logo\":{\"@type\":\"ImageObject\",\"inLanguage\":\"ru-RU\",\"@id\":\"https:\\\/\\\/biblia.md\\\/#\\\/schema\\\/logo\\\/image\\\/\",\"url\":\"https:\\\/\\\/biblia.md\\\/wp-content\\\/uploads\\\/2026\\\/01\\\/icon_site.jpg\",\"contentUrl\":\"https:\\\/\\\/biblia.md\\\/wp-content\\\/uploads\\\/2026\\\/01\\\/icon_site.jpg\",\"width\":656,\"height\":656,\"caption\":\"Societatea Biblic\u0103 din Moldova\"},\"image\":{\"@id\":\"https:\\\/\\\/biblia.md\\\/#\\\/schema\\\/logo\\\/image\\\/\"},\"sameAs\":[\"https:\\\/\\\/www.facebook.com\\\/SocietateaBiblicaMoldova\\\/\",\"https:\\\/\\\/www.instagram.com\\\/biblia.md\\\/\"]}]}<\/script>\n<!-- \/ Yoast SEO plugin. -->","yoast_head_json":{"title":"Dincolo de creationismul stiintific - Crea\u021bia Noului Leg\u0103m\u00e2nt de la Geneza la Apocalipsa - Societatea Biblic\u0103 din Moldova","robots":{"index":"index","follow":"follow","max-snippet":"max-snippet:-1","max-image-preview":"max-image-preview:large","max-video-preview":"max-video-preview:-1"},"canonical":"https:\/\/biblia.md\/ru\/shop\/dincolo-de-creationismul-stiintific-creatia-noului-legamant-de-la-geneza-la-apocalipsa\/","og_locale":"ru_RU","og_type":"article","og_title":"Dincolo de creationismul stiintific - Crea\u021bia Noului Leg\u0103m\u00e2nt de la Geneza la Apocalipsa - Societatea Biblic\u0103 din Moldova","og_description":"Crezi ca intelegi cu adevarat \u201elucrurile de pe urma\u201d?  Cartea prezinta o analiza riguroasa a fiecarui principiu major al creationismului pamantului tanar, concentrandu-se pe ceea ce spune Scriptura despre Potop, Turnul Babel, natura caderii omului si blestemul asupra lui Adam, precum si despre lucrarea rascumparatoare a lui Cristos.  Aceasta carte remarcabila ne invita sa privim dincolo de dezbaterile traditionale intre creationismul pamantului tanar si cel al pamantului batran si ne provoaca sa punem intrebari mai adanci: * Ce inseamna cu adevarat inceputul creatiei in contextul unui Dumnezeu al Legamantului? * Cum se leaga evenimentele din Geneza de marile promisiuni escatologice ale Noului Legamant? * Si, poate cel mai important, ce schimbari apar atunci cand incetam sa mai vedem inceputul si sfarsitul ca doua extreme separate si incepem sa le intelegem ca parti ale aceluiasi fir narativ revelator?  Printr-o abordare clara, documentata si vizionara, autorii iti ofera o perspectiva care ar putea transforma atat felul in care citesti Scriptura, cat si modul in care intelegi realitatea in care traiesti.","og_url":"https:\/\/biblia.md\/ru\/shop\/dincolo-de-creationismul-stiintific-creatia-noului-legamant-de-la-geneza-la-apocalipsa\/","og_site_name":"Societatea Biblic\u0103 din Moldova","article_publisher":"https:\/\/www.facebook.com\/SocietateaBiblicaMoldova\/","article_modified_time":"2026-04-10T08:09:38+00:00","og_image":[{"width":800,"height":1115,"url":"https:\/\/biblia.md\/wp-content\/uploads\/2026\/01\/0000008401.jpg","type":"image\/jpeg"}],"twitter_card":"summary_large_image","twitter_misc":{"\u041f\u0440\u0438\u043c\u0435\u0440\u043d\u043e\u0435 \u0432\u0440\u0435\u043c\u044f \u0434\u043b\u044f \u0447\u0442\u0435\u043d\u0438\u044f":"4 \u043c\u0438\u043d\u0443\u0442\u044b"},"schema":{"@context":"https:\/\/schema.org","@graph":[{"@type":"WebPage","@id":"https:\/\/biblia.md\/shop\/dincolo-de-creationismul-stiintific-creatia-noului-legamant-de-la-geneza-la-apocalipsa\/","url":"https:\/\/biblia.md\/shop\/dincolo-de-creationismul-stiintific-creatia-noului-legamant-de-la-geneza-la-apocalipsa\/","name":"Dincolo de creationismul stiintific - Crea\u021bia Noului Leg\u0103m\u00e2nt de la Geneza la Apocalipsa - Societatea Biblic\u0103 din Moldova","isPartOf":{"@id":"https:\/\/biblia.md\/#website"},"primaryImageOfPage":{"@id":"https:\/\/biblia.md\/shop\/dincolo-de-creationismul-stiintific-creatia-noului-legamant-de-la-geneza-la-apocalipsa\/#primaryimage"},"image":{"@id":"https:\/\/biblia.md\/shop\/dincolo-de-creationismul-stiintific-creatia-noului-legamant-de-la-geneza-la-apocalipsa\/#primaryimage"},"thumbnailUrl":"https:\/\/biblia.md\/wp-content\/uploads\/2026\/01\/0000008401.jpg","datePublished":"2026-01-21T13:41:45+00:00","dateModified":"2026-04-10T08:09:38+00:00","breadcrumb":{"@id":"https:\/\/biblia.md\/shop\/dincolo-de-creationismul-stiintific-creatia-noului-legamant-de-la-geneza-la-apocalipsa\/#breadcrumb"},"inLanguage":"ru-RU","potentialAction":[{"@type":"ReadAction","target":["https:\/\/biblia.md\/shop\/dincolo-de-creationismul-stiintific-creatia-noului-legamant-de-la-geneza-la-apocalipsa\/"]}]},{"@type":"ImageObject","inLanguage":"ru-RU","@id":"https:\/\/biblia.md\/shop\/dincolo-de-creationismul-stiintific-creatia-noului-legamant-de-la-geneza-la-apocalipsa\/#primaryimage","url":"https:\/\/biblia.md\/wp-content\/uploads\/2026\/01\/0000008401.jpg","contentUrl":"https:\/\/biblia.md\/wp-content\/uploads\/2026\/01\/0000008401.jpg","width":800,"height":1115},{"@type":"BreadcrumbList","@id":"https:\/\/biblia.md\/shop\/dincolo-de-creationismul-stiintific-creatia-noului-legamant-de-la-geneza-la-apocalipsa\/#breadcrumb","itemListElement":[{"@type":"ListItem","position":1,"name":"Prima pagin\u0103","item":"https:\/\/biblia.md\/"},{"@type":"ListItem","position":2,"name":"Shop","item":"https:\/\/biblia.md\/shop\/"},{"@type":"ListItem","position":3,"name":"Dincolo de creationismul stiintific &#8211; Crea\u021bia Noului Leg\u0103m\u00e2nt de la Geneza la Apocalipsa"}]},{"@type":"WebSite","@id":"https:\/\/biblia.md\/#website","url":"https:\/\/biblia.md\/","name":"Societatea Biblic\u0103 din Moldova","description":"","publisher":{"@id":"https:\/\/biblia.md\/#organization"},"potentialAction":[{"@type":"SearchAction","target":{"@type":"EntryPoint","urlTemplate":"https:\/\/biblia.md\/?s={search_term_string}"},"query-input":{"@type":"PropertyValueSpecification","valueRequired":true,"valueName":"search_term_string"}}],"inLanguage":"ru-RU"},{"@type":"Organization","@id":"https:\/\/biblia.md\/#organization","name":"Societatea Biblic\u0103 din Moldova","url":"https:\/\/biblia.md\/","logo":{"@type":"ImageObject","inLanguage":"ru-RU","@id":"https:\/\/biblia.md\/#\/schema\/logo\/image\/","url":"https:\/\/biblia.md\/wp-content\/uploads\/2026\/01\/icon_site.jpg","contentUrl":"https:\/\/biblia.md\/wp-content\/uploads\/2026\/01\/icon_site.jpg","width":656,"height":656,"caption":"Societatea Biblic\u0103 din Moldova"},"image":{"@id":"https:\/\/biblia.md\/#\/schema\/logo\/image\/"},"sameAs":["https:\/\/www.facebook.com\/SocietateaBiblicaMoldova\/","https:\/\/www.instagram.com\/biblia.md\/"]}]}},"_links":{"self":[{"href":"https:\/\/biblia.md\/ru\/wp-json\/wp\/v2\/product\/32759","targetHints":{"allow":["GET"]}}],"collection":[{"href":"https:\/\/biblia.md\/ru\/wp-json\/wp\/v2\/product"}],"about":[{"href":"https:\/\/biblia.md\/ru\/wp-json\/wp\/v2\/types\/product"}],"replies":[{"embeddable":true,"href":"https:\/\/biblia.md\/ru\/wp-json\/wp\/v2\/comments?post=32759"}],"version-history":[{"count":1,"href":"https:\/\/biblia.md\/ru\/wp-json\/wp\/v2\/product\/32759\/revisions"}],"predecessor-version":[{"id":32761,"href":"https:\/\/biblia.md\/ru\/wp-json\/wp\/v2\/product\/32759\/revisions\/32761"}],"wp:featuredmedia":[{"embeddable":true,"href":"https:\/\/biblia.md\/ru\/wp-json\/wp\/v2\/media\/32760"}],"wp:attachment":[{"href":"https:\/\/biblia.md\/ru\/wp-json\/wp\/v2\/media?parent=32759"}],"wp:term":[{"taxonomy":"product_brand","embeddable":true,"href":"https:\/\/biblia.md\/ru\/wp-json\/wp\/v2\/product_brand?post=32759"},{"taxonomy":"product_cat","embeddable":true,"href":"https:\/\/biblia.md\/ru\/wp-json\/wp\/v2\/product_cat?post=32759"},{"taxonomy":"product_tag","embeddable":true,"href":"https:\/\/biblia.md\/ru\/wp-json\/wp\/v2\/product_tag?post=32759"}],"curies":[{"name":"wp","href":"https:\/\/api.w.org\/{rel}","templated":true}]}}