{"id":32765,"date":"2026-01-21T15:48:26","date_gmt":"2026-01-21T13:48:26","guid":{"rendered":"https:\/\/biblia.md\/?post_type=product&#038;p=32765"},"modified":"2026-01-22T15:52:39","modified_gmt":"2026-01-22T13:52:39","slug":"disciplinele-spirituale-calea-maturitatii-crestine","status":"publish","type":"product","link":"https:\/\/biblia.md\/ru\/shop\/disciplinele-spirituale-calea-maturitatii-crestine\/","title":{"rendered":"Disciplinele spirituale &#8211; Calea maturit\u0103\u021bii cre\u0219tine"},"content":{"rendered":"","protected":false},"excerpt":{"rendered":"<p>C\u00e2nd ne pierdem speran\u021ba de a ne transforma l\u0103untric prin puterile omene\u0219ti ale voin\u021bei \u0219i hot\u0103r\u00e2rii, ne dechidem fa\u021b\u0103 de un lucru nou \u0219i minunat: faptul c\u0103 neprih\u0103nirea interioar\u0103 este un dar de la Dumnezeu, primit prin har. Schimbarea interioar\u0103 de care avem nevoie este lucrarea lui Dumnezeu, nu a noastr\u0103. Este nevoie de o lucrare interioar\u0103, pe care numai Dumnezeu o poate realiza. Noi nu putem atinge sau ob\u021bine aceast\u0103 neprih\u0103nire a \u00ceMp\u0103r\u0103\u021biei lui Dumnezeu; ea ne este d\u0103ruit\u0103 prin har.<\/p>\n<p>Dumnezeu ne-a dat Disciplinele vie\u021bii spirituale ca mijloc prin care putem primi harul S\u0103u. Disciplinele ne permit s\u0103 ne \u00eenf\u0103\u021bi\u0219\u0103m \u00eenaintea lui Dumnezeu pentru ca El s\u0103 ne poat\u0103 transforma.<\/p>\n<p>Richard Foster<\/p>\n<p>Multe c\u0103r\u021bi vorbesc despre via\u021ba interioar\u0103 a omului, \u00eens\u0103 pu\u021bine posed\u0103 o at\u00e2t de autentic\u0103 originalitate, c\u00e2t \u0219i o integritate intelectual\u0103. Richard Foster se num\u0103r\u0103 printre cei care au g\u0103sit aceast\u0103 reu\u0219it\u0103 \u00eembinare.<\/p>","protected":false},"featured_media":32766,"comment_status":"open","ping_status":"closed","template":"","meta":[],"product_brand":[],"product_cat":[377,395,388],"product_tag":[],"class_list":{"0":"post-32765","1":"product","2":"type-product","3":"status-publish","4":"has-post-thumbnail","6":"product_cat-carti","7":"product_cat-pentru-slujitori","8":"product_cat-viata-crestina","9":"product_author-richard-foster","10":"product_genre-knigi-rom","12":"first","13":"outofstock","14":"shipping-taxable","15":"purchasable","16":"product-type-simple"},"yoast_head":"<!-- This site is optimized with the Yoast SEO plugin v27.3 - https:\/\/yoast.com\/product\/yoast-seo-wordpress\/ -->\n<title>Disciplinele spirituale - Calea maturit\u0103\u021bii cre\u0219tine - Societatea Biblic\u0103 din Moldova<\/title>\n<meta name=\"robots\" content=\"index, follow, max-snippet:-1, max-image-preview:large, max-video-preview:-1\" \/>\n<link rel=\"canonical\" href=\"https:\/\/biblia.md\/ru\/shop\/disciplinele-spirituale-calea-maturitatii-crestine\/\" \/>\n<meta property=\"og:locale\" content=\"ru_RU\" \/>\n<meta property=\"og:type\" content=\"article\" \/>\n<meta property=\"og:title\" content=\"Disciplinele spirituale - Calea maturit\u0103\u021bii cre\u0219tine - Societatea Biblic\u0103 din Moldova\" \/>\n<meta property=\"og:description\" content=\"C\u00e2nd ne pierdem speran\u021ba de a ne transforma l\u0103untric prin puterile omene\u0219ti ale voin\u021bei \u0219i hot\u0103r\u00e2rii, ne dechidem fa\u021b\u0103 de un lucru nou \u0219i minunat: faptul c\u0103 neprih\u0103nirea interioar\u0103 este un dar de la Dumnezeu, primit prin har. Schimbarea interioar\u0103 de care avem nevoie este lucrarea lui Dumnezeu, nu a noastr\u0103. Este nevoie de o lucrare interioar\u0103, pe care numai Dumnezeu o poate realiza. Noi nu putem atinge sau ob\u021bine aceast\u0103 neprih\u0103nire a \u00ceMp\u0103r\u0103\u021biei lui Dumnezeu; ea ne este d\u0103ruit\u0103 prin har.  Dumnezeu ne-a dat Disciplinele vie\u021bii spirituale ca mijloc prin care putem primi harul S\u0103u. Disciplinele ne permit s\u0103 ne \u00eenf\u0103\u021bi\u0219\u0103m \u00eenaintea lui Dumnezeu pentru ca El s\u0103 ne poat\u0103 transforma.  Richard Foster  Multe c\u0103r\u021bi vorbesc despre via\u021ba interioar\u0103 a omului, \u00eens\u0103 pu\u021bine posed\u0103 o at\u00e2t de autentic\u0103 originalitate, c\u00e2t \u0219i o integritate intelectual\u0103. Richard Foster se num\u0103r\u0103 printre cei care au g\u0103sit aceast\u0103 reu\u0219it\u0103 \u00eembinare.\" \/>\n<meta property=\"og:url\" content=\"https:\/\/biblia.md\/ru\/shop\/disciplinele-spirituale-calea-maturitatii-crestine\/\" \/>\n<meta property=\"og:site_name\" content=\"Societatea Biblic\u0103 din Moldova\" \/>\n<meta property=\"article:publisher\" content=\"https:\/\/www.facebook.com\/SocietateaBiblicaMoldova\/\" \/>\n<meta property=\"article:modified_time\" content=\"2026-01-22T13:52:39+00:00\" \/>\n<meta property=\"og:image\" content=\"https:\/\/biblia.md\/wp-content\/uploads\/2026\/01\/0000000809-673x1024.jpg\" \/>\n\t<meta property=\"og:image:width\" content=\"673\" \/>\n\t<meta property=\"og:image:height\" content=\"1024\" \/>\n\t<meta property=\"og:image:type\" content=\"image\/jpeg\" \/>\n<meta name=\"twitter:card\" content=\"summary_large_image\" \/>\n<script type=\"application\/ld+json\" class=\"yoast-schema-graph\">{\"@context\":\"https:\\\/\\\/schema.org\",\"@graph\":[{\"@type\":\"WebPage\",\"@id\":\"https:\\\/\\\/biblia.md\\\/shop\\\/disciplinele-spirituale-calea-maturitatii-crestine\\\/\",\"url\":\"https:\\\/\\\/biblia.md\\\/shop\\\/disciplinele-spirituale-calea-maturitatii-crestine\\\/\",\"name\":\"Disciplinele spirituale - Calea maturit\u0103\u021bii cre\u0219tine - Societatea Biblic\u0103 din Moldova\",\"isPartOf\":{\"@id\":\"https:\\\/\\\/biblia.md\\\/#website\"},\"primaryImageOfPage\":{\"@id\":\"https:\\\/\\\/biblia.md\\\/shop\\\/disciplinele-spirituale-calea-maturitatii-crestine\\\/#primaryimage\"},\"image\":{\"@id\":\"https:\\\/\\\/biblia.md\\\/shop\\\/disciplinele-spirituale-calea-maturitatii-crestine\\\/#primaryimage\"},\"thumbnailUrl\":\"https:\\\/\\\/biblia.md\\\/wp-content\\\/uploads\\\/2026\\\/01\\\/0000000809.jpg\",\"datePublished\":\"2026-01-21T13:48:26+00:00\",\"dateModified\":\"2026-01-22T13:52:39+00:00\",\"breadcrumb\":{\"@id\":\"https:\\\/\\\/biblia.md\\\/shop\\\/disciplinele-spirituale-calea-maturitatii-crestine\\\/#breadcrumb\"},\"inLanguage\":\"ru-RU\",\"potentialAction\":[{\"@type\":\"ReadAction\",\"target\":[\"https:\\\/\\\/biblia.md\\\/shop\\\/disciplinele-spirituale-calea-maturitatii-crestine\\\/\"]}]},{\"@type\":\"ImageObject\",\"inLanguage\":\"ru-RU\",\"@id\":\"https:\\\/\\\/biblia.md\\\/shop\\\/disciplinele-spirituale-calea-maturitatii-crestine\\\/#primaryimage\",\"url\":\"https:\\\/\\\/biblia.md\\\/wp-content\\\/uploads\\\/2026\\\/01\\\/0000000809.jpg\",\"contentUrl\":\"https:\\\/\\\/biblia.md\\\/wp-content\\\/uploads\\\/2026\\\/01\\\/0000000809.jpg\",\"width\":1593,\"height\":2423},{\"@type\":\"BreadcrumbList\",\"@id\":\"https:\\\/\\\/biblia.md\\\/shop\\\/disciplinele-spirituale-calea-maturitatii-crestine\\\/#breadcrumb\",\"itemListElement\":[{\"@type\":\"ListItem\",\"position\":1,\"name\":\"Prima pagin\u0103\",\"item\":\"https:\\\/\\\/biblia.md\\\/\"},{\"@type\":\"ListItem\",\"position\":2,\"name\":\"Shop\",\"item\":\"https:\\\/\\\/biblia.md\\\/shop\\\/\"},{\"@type\":\"ListItem\",\"position\":3,\"name\":\"Disciplinele spirituale &#8211; Calea maturit\u0103\u021bii cre\u0219tine\"}]},{\"@type\":\"WebSite\",\"@id\":\"https:\\\/\\\/biblia.md\\\/#website\",\"url\":\"https:\\\/\\\/biblia.md\\\/\",\"name\":\"Societatea Biblic\u0103 din Moldova\",\"description\":\"\",\"publisher\":{\"@id\":\"https:\\\/\\\/biblia.md\\\/#organization\"},\"potentialAction\":[{\"@type\":\"SearchAction\",\"target\":{\"@type\":\"EntryPoint\",\"urlTemplate\":\"https:\\\/\\\/biblia.md\\\/?s={search_term_string}\"},\"query-input\":{\"@type\":\"PropertyValueSpecification\",\"valueRequired\":true,\"valueName\":\"search_term_string\"}}],\"inLanguage\":\"ru-RU\"},{\"@type\":\"Organization\",\"@id\":\"https:\\\/\\\/biblia.md\\\/#organization\",\"name\":\"Societatea Biblic\u0103 din Moldova\",\"url\":\"https:\\\/\\\/biblia.md\\\/\",\"logo\":{\"@type\":\"ImageObject\",\"inLanguage\":\"ru-RU\",\"@id\":\"https:\\\/\\\/biblia.md\\\/#\\\/schema\\\/logo\\\/image\\\/\",\"url\":\"https:\\\/\\\/biblia.md\\\/wp-content\\\/uploads\\\/2026\\\/01\\\/icon_site.jpg\",\"contentUrl\":\"https:\\\/\\\/biblia.md\\\/wp-content\\\/uploads\\\/2026\\\/01\\\/icon_site.jpg\",\"width\":656,\"height\":656,\"caption\":\"Societatea Biblic\u0103 din Moldova\"},\"image\":{\"@id\":\"https:\\\/\\\/biblia.md\\\/#\\\/schema\\\/logo\\\/image\\\/\"},\"sameAs\":[\"https:\\\/\\\/www.facebook.com\\\/SocietateaBiblicaMoldova\\\/\",\"https:\\\/\\\/www.instagram.com\\\/biblia.md\\\/\"]}]}<\/script>\n<!-- \/ Yoast SEO plugin. -->","yoast_head_json":{"title":"Disciplinele spirituale - Calea maturit\u0103\u021bii cre\u0219tine - Societatea Biblic\u0103 din Moldova","robots":{"index":"index","follow":"follow","max-snippet":"max-snippet:-1","max-image-preview":"max-image-preview:large","max-video-preview":"max-video-preview:-1"},"canonical":"https:\/\/biblia.md\/ru\/shop\/disciplinele-spirituale-calea-maturitatii-crestine\/","og_locale":"ru_RU","og_type":"article","og_title":"Disciplinele spirituale - Calea maturit\u0103\u021bii cre\u0219tine - Societatea Biblic\u0103 din Moldova","og_description":"C\u00e2nd ne pierdem speran\u021ba de a ne transforma l\u0103untric prin puterile omene\u0219ti ale voin\u021bei \u0219i hot\u0103r\u00e2rii, ne dechidem fa\u021b\u0103 de un lucru nou \u0219i minunat: faptul c\u0103 neprih\u0103nirea interioar\u0103 este un dar de la Dumnezeu, primit prin har. Schimbarea interioar\u0103 de care avem nevoie este lucrarea lui Dumnezeu, nu a noastr\u0103. Este nevoie de o lucrare interioar\u0103, pe care numai Dumnezeu o poate realiza. Noi nu putem atinge sau ob\u021bine aceast\u0103 neprih\u0103nire a \u00ceMp\u0103r\u0103\u021biei lui Dumnezeu; ea ne este d\u0103ruit\u0103 prin har.  Dumnezeu ne-a dat Disciplinele vie\u021bii spirituale ca mijloc prin care putem primi harul S\u0103u. Disciplinele ne permit s\u0103 ne \u00eenf\u0103\u021bi\u0219\u0103m \u00eenaintea lui Dumnezeu pentru ca El s\u0103 ne poat\u0103 transforma.  Richard Foster  Multe c\u0103r\u021bi vorbesc despre via\u021ba interioar\u0103 a omului, \u00eens\u0103 pu\u021bine posed\u0103 o at\u00e2t de autentic\u0103 originalitate, c\u00e2t \u0219i o integritate intelectual\u0103. Richard Foster se num\u0103r\u0103 printre cei care au g\u0103sit aceast\u0103 reu\u0219it\u0103 \u00eembinare.","og_url":"https:\/\/biblia.md\/ru\/shop\/disciplinele-spirituale-calea-maturitatii-crestine\/","og_site_name":"Societatea Biblic\u0103 din Moldova","article_publisher":"https:\/\/www.facebook.com\/SocietateaBiblicaMoldova\/","article_modified_time":"2026-01-22T13:52:39+00:00","og_image":[{"width":673,"height":1024,"url":"https:\/\/biblia.md\/wp-content\/uploads\/2026\/01\/0000000809-673x1024.jpg","type":"image\/jpeg"}],"twitter_card":"summary_large_image","schema":{"@context":"https:\/\/schema.org","@graph":[{"@type":"WebPage","@id":"https:\/\/biblia.md\/shop\/disciplinele-spirituale-calea-maturitatii-crestine\/","url":"https:\/\/biblia.md\/shop\/disciplinele-spirituale-calea-maturitatii-crestine\/","name":"Disciplinele spirituale - Calea maturit\u0103\u021bii cre\u0219tine - Societatea Biblic\u0103 din Moldova","isPartOf":{"@id":"https:\/\/biblia.md\/#website"},"primaryImageOfPage":{"@id":"https:\/\/biblia.md\/shop\/disciplinele-spirituale-calea-maturitatii-crestine\/#primaryimage"},"image":{"@id":"https:\/\/biblia.md\/shop\/disciplinele-spirituale-calea-maturitatii-crestine\/#primaryimage"},"thumbnailUrl":"https:\/\/biblia.md\/wp-content\/uploads\/2026\/01\/0000000809.jpg","datePublished":"2026-01-21T13:48:26+00:00","dateModified":"2026-01-22T13:52:39+00:00","breadcrumb":{"@id":"https:\/\/biblia.md\/shop\/disciplinele-spirituale-calea-maturitatii-crestine\/#breadcrumb"},"inLanguage":"ru-RU","potentialAction":[{"@type":"ReadAction","target":["https:\/\/biblia.md\/shop\/disciplinele-spirituale-calea-maturitatii-crestine\/"]}]},{"@type":"ImageObject","inLanguage":"ru-RU","@id":"https:\/\/biblia.md\/shop\/disciplinele-spirituale-calea-maturitatii-crestine\/#primaryimage","url":"https:\/\/biblia.md\/wp-content\/uploads\/2026\/01\/0000000809.jpg","contentUrl":"https:\/\/biblia.md\/wp-content\/uploads\/2026\/01\/0000000809.jpg","width":1593,"height":2423},{"@type":"BreadcrumbList","@id":"https:\/\/biblia.md\/shop\/disciplinele-spirituale-calea-maturitatii-crestine\/#breadcrumb","itemListElement":[{"@type":"ListItem","position":1,"name":"Prima pagin\u0103","item":"https:\/\/biblia.md\/"},{"@type":"ListItem","position":2,"name":"Shop","item":"https:\/\/biblia.md\/shop\/"},{"@type":"ListItem","position":3,"name":"Disciplinele spirituale &#8211; Calea maturit\u0103\u021bii cre\u0219tine"}]},{"@type":"WebSite","@id":"https:\/\/biblia.md\/#website","url":"https:\/\/biblia.md\/","name":"Societatea Biblic\u0103 din Moldova","description":"","publisher":{"@id":"https:\/\/biblia.md\/#organization"},"potentialAction":[{"@type":"SearchAction","target":{"@type":"EntryPoint","urlTemplate":"https:\/\/biblia.md\/?s={search_term_string}"},"query-input":{"@type":"PropertyValueSpecification","valueRequired":true,"valueName":"search_term_string"}}],"inLanguage":"ru-RU"},{"@type":"Organization","@id":"https:\/\/biblia.md\/#organization","name":"Societatea Biblic\u0103 din Moldova","url":"https:\/\/biblia.md\/","logo":{"@type":"ImageObject","inLanguage":"ru-RU","@id":"https:\/\/biblia.md\/#\/schema\/logo\/image\/","url":"https:\/\/biblia.md\/wp-content\/uploads\/2026\/01\/icon_site.jpg","contentUrl":"https:\/\/biblia.md\/wp-content\/uploads\/2026\/01\/icon_site.jpg","width":656,"height":656,"caption":"Societatea Biblic\u0103 din Moldova"},"image":{"@id":"https:\/\/biblia.md\/#\/schema\/logo\/image\/"},"sameAs":["https:\/\/www.facebook.com\/SocietateaBiblicaMoldova\/","https:\/\/www.instagram.com\/biblia.md\/"]}]}},"_links":{"self":[{"href":"https:\/\/biblia.md\/ru\/wp-json\/wp\/v2\/product\/32765","targetHints":{"allow":["GET"]}}],"collection":[{"href":"https:\/\/biblia.md\/ru\/wp-json\/wp\/v2\/product"}],"about":[{"href":"https:\/\/biblia.md\/ru\/wp-json\/wp\/v2\/types\/product"}],"replies":[{"embeddable":true,"href":"https:\/\/biblia.md\/ru\/wp-json\/wp\/v2\/comments?post=32765"}],"version-history":[{"count":1,"href":"https:\/\/biblia.md\/ru\/wp-json\/wp\/v2\/product\/32765\/revisions"}],"predecessor-version":[{"id":32767,"href":"https:\/\/biblia.md\/ru\/wp-json\/wp\/v2\/product\/32765\/revisions\/32767"}],"wp:featuredmedia":[{"embeddable":true,"href":"https:\/\/biblia.md\/ru\/wp-json\/wp\/v2\/media\/32766"}],"wp:attachment":[{"href":"https:\/\/biblia.md\/ru\/wp-json\/wp\/v2\/media?parent=32765"}],"wp:term":[{"taxonomy":"product_brand","embeddable":true,"href":"https:\/\/biblia.md\/ru\/wp-json\/wp\/v2\/product_brand?post=32765"},{"taxonomy":"product_cat","embeddable":true,"href":"https:\/\/biblia.md\/ru\/wp-json\/wp\/v2\/product_cat?post=32765"},{"taxonomy":"product_tag","embeddable":true,"href":"https:\/\/biblia.md\/ru\/wp-json\/wp\/v2\/product_tag?post=32765"}],"curies":[{"name":"wp","href":"https:\/\/api.w.org\/{rel}","templated":true}]}}