{"id":33008,"date":"2026-01-23T20:49:09","date_gmt":"2026-01-23T18:49:09","guid":{"rendered":"https:\/\/biblia.md\/?post_type=product&#038;p=33008"},"modified":"2026-01-23T20:49:09","modified_gmt":"2026-01-23T18:49:09","slug":"dumnezeu-nu-renunta-niciodata-la-tine","status":"publish","type":"product","link":"https:\/\/biblia.md\/ru\/shop\/dumnezeu-nu-renunta-niciodata-la-tine\/","title":{"rendered":"Dumnezeu nu renun\u021b\u0103 niciodat\u0103 la tine"},"content":{"rendered":"<p id=\"H5QASN8\"><em><strong>Iacov<\/strong><\/em><br \/>\nDaca ar fi sa-l descriem intr-un mod mai putin conventional, am putea spune ca e mai potrivit pentru un club decat pentru un curriculum de scoala biblica. S-a casatorit cu doua surori, dar a iubit-o doar pe una dintre ele. In timp ce sotiile sale se certau, el a ramas indiferent si s-a culcat cu servitoarele lor. Familia lui se inchina zeilor straini, iar el a ales sa nu intervina cand fiii sai au comis atrocitati, macelarind un trib. Fiul sau cel mare a avut o relatie cu o slujitoare, iar fiul sau preferat a fost vandut ca sclav de propriii frati. Iacov a petrecut doua decenii ca fugar si a fost un inselator notoriu. Nu a predicat, nu a profetit si nu a spus nimic demn de a fi inramat. Daca vrei un erou de film, Iacov nu este tipul pe care-l cauti.<br \/>\nDar sa privim si partea cealalta a monedei.<br \/>\n* Daca vrei sa vezi devotamentul statornic al lui Dumnezeu\u2026<br \/>\n*Daca te intrebi cat poate Dumnezeu suporta un ticalos cu toate defectele lui\u2026<br \/>\n*Daca ai nevoie de un exemplu clar despre credinciosia neconditionata si nesfarsita a lui Dumnezeu\u2026<br \/>\n*Daca te intrebi cat poate Dumnezeu sa rabde o persoana a carei aura a cazut de mult\u2026<br \/>\n<em>Atunci povestea lui Iacov este exact ceea ce ai nevoie.<\/em><\/p>\n<p>Cand Dumnezeu a vrut sa Se identifice in fata poporului Sau, a declarat: \u201eEu sunt Dumnezeul lui Avraam, Isaac si Iacov.\u201d Nu doar al lui Avraam si Isaac, ci si al lui Iacov.<br \/>\nDumnezeu l-a folosit pe Iacov in ciuda tuturor defectelor sale.\u00a0<em><strong>Punct.\u00a0<\/strong><\/em><br \/>\nCuvantul care defineste un astfel de devotament?\u00a0<em><strong>Har.\u00a0<\/strong><\/em><\/p>\n<p><strong>Cuprins<\/strong><br \/>\nMultumiri<br \/>\n1. Societatea cu aureola rasturnata<br \/>\n2. De la print la vagabond<br \/>\n3. Scara cerului<br \/>\n4. Nicio targuiala<br \/>\n5. Trisorul este tras pe sfoara<br \/>\n6. Dispute domestice<br \/>\n7. Viata cu un parazit<br \/>\n8. Fata in fata cu tine insuti<br \/>\n9. Timpul trecut<br \/>\n10. La umbra Sechemului<br \/>\n11. Harul ne va aduce acasa<br \/>\n12. Cunosti tu harul acesta?<br \/>\nIntrebari pentru reflectie<\/p>\n<p><strong>Max Lucado<\/strong>\u00a0este pastor, vorbitor motivational si renumit autor. Slujeste la Biserica Oak Hills, din San Antonio, Texas. Cartile lui, care apar in mod regulat pe listele cu bestselleruri, s-au vandut in milioane de exemplare, in peste 50 de limbi.<br \/>\nA absolvit studiile universitare la Abilene Christian University, unde a obtinut o diploma de licenta in teologie si filosofie. A urmat apoi un program de masterat in teologie la Southwestern Baptist Theological Seminary din Fort Worth, Texas.<br \/>\nLucado a primit mai multe premii, printre care Gold Medallion Book Award si Premiul de Excelenta in Scriere al ECPA.<br \/>\nA fost supranumit \u201ePastorul Americii\u201c de catre Christianity Today si \u201eCel mai bun predicator din America\u201c de catre Reader\u2019s Digest.<br \/>\nEste un autor indragit si de copii, carora le-a dedicat numeroase carti, cele mai renumite fiind titlurile din seriile Hermie si prietenii, Aventuri pentru suflet si Promisiuni implinite.<br \/>\nIn prezent, Lucado locuieste in San Antonio, Texas, impreuna cu sotia sa, Denalyn.<\/p>","protected":false},"excerpt":{"rendered":"<p>Ai nevoie de dragostea neclintita si atasamentul total si nesovaielnic din partea lui Dumnezeu?<\/p>\n<p>Daca raspunsul tau este afirmativ, incepe prin a vedea cum harul lui Dumnezeu a schimbat viata lui Iacov. Si daca te simti nedemn de acest har, aceasta carte iti va aminti ca Dumnezeu foloseste oameni imperfecti pentru a realiza lucruri marete.<br \/>\nDumnezeu nu renunta niciodata la tine este un mesaj pentru toti cei care ne zbatem sa ne depasim slabiciunile noastre. Avem intentii bune, dar nu reusim mereu sa le punem in practica. Traim succese si esecuri, adesea in aceeasi zi. Ne cunoastem prea bine esecurile. Dar cum putem avea acces la harul constant al lui Dumnezeu?<br \/>\nIacov este un exemplu potrivit pentru noi. El nu era un geniu, ci mai degraba un risipitor. Inselator si abil, dar cu o constiinta fragila. Iacov a profitat de fratele sau flamand si l-a inselat pe tatal sau aflat pe patul de moarte. Totusi, Dumnezeu nu a renuntat niciodata la Iacov.<br \/>\nSi nu va renunta nici la tine.<br \/>\nViata lui Iacov este o marturie a bunatatii divine, neasteptate,\u00a0nesolicitate si nemeritate.<br \/>\nAi avut vreodata parte de un astfel de har?<\/p>","protected":false},"featured_media":33009,"comment_status":"open","ping_status":"closed","template":"","meta":[],"product_brand":[],"product_cat":[377,388],"product_tag":[],"class_list":{"0":"post-33008","1":"product","2":"type-product","3":"status-publish","4":"has-post-thumbnail","6":"product_cat-carti","7":"product_cat-viata-crestina","8":"product_author-max-lucado","9":"product_genre-knigi-rom","11":"first","12":"instock","13":"shipping-taxable","14":"purchasable","15":"product-type-simple"},"yoast_head":"<!-- This site is optimized with the Yoast SEO plugin v27.3 - https:\/\/yoast.com\/product\/yoast-seo-wordpress\/ -->\n<title>Dumnezeu nu renun\u021b\u0103 niciodat\u0103 la tine - Societatea Biblic\u0103 din Moldova<\/title>\n<meta name=\"robots\" content=\"index, follow, max-snippet:-1, max-image-preview:large, max-video-preview:-1\" \/>\n<link rel=\"canonical\" href=\"https:\/\/biblia.md\/ru\/shop\/dumnezeu-nu-renunta-niciodata-la-tine\/\" \/>\n<meta property=\"og:locale\" content=\"ru_RU\" \/>\n<meta property=\"og:type\" content=\"article\" \/>\n<meta property=\"og:title\" content=\"Dumnezeu nu renun\u021b\u0103 niciodat\u0103 la tine - Societatea Biblic\u0103 din Moldova\" \/>\n<meta property=\"og:description\" content=\"Ai nevoie de dragostea neclintita si atasamentul total si nesovaielnic din partea lui Dumnezeu?  Daca raspunsul tau este afirmativ, incepe prin a vedea cum harul lui Dumnezeu a schimbat viata lui Iacov. Si daca te simti nedemn de acest har, aceasta carte iti va aminti ca Dumnezeu foloseste oameni imperfecti pentru a realiza lucruri marete. Dumnezeu nu renunta niciodata la tine este un mesaj pentru toti cei care ne zbatem sa ne depasim slabiciunile noastre. Avem intentii bune, dar nu reusim mereu sa le punem in practica. Traim succese si esecuri, adesea in aceeasi zi. Ne cunoastem prea bine esecurile. Dar cum putem avea acces la harul constant al lui Dumnezeu? Iacov este un exemplu potrivit pentru noi. El nu era un geniu, ci mai degraba un risipitor. Inselator si abil, dar cu o constiinta fragila. Iacov a profitat de fratele sau flamand si l-a inselat pe tatal sau aflat pe patul de moarte. Totusi, Dumnezeu nu a renuntat niciodata la Iacov. Si nu va renunta nici la tine. Viata lui Iacov este o marturie a bunatatii divine, neasteptate,\u00a0nesolicitate si nemeritate. Ai avut vreodata parte de un astfel de har?\" \/>\n<meta property=\"og:url\" content=\"https:\/\/biblia.md\/ru\/shop\/dumnezeu-nu-renunta-niciodata-la-tine\/\" \/>\n<meta property=\"og:site_name\" content=\"Societatea Biblic\u0103 din Moldova\" \/>\n<meta property=\"article:publisher\" content=\"https:\/\/www.facebook.com\/SocietateaBiblicaMoldova\/\" \/>\n<meta property=\"og:image\" content=\"https:\/\/biblia.md\/wp-content\/uploads\/2026\/01\/0000008405.jpg\" \/>\n\t<meta property=\"og:image:width\" content=\"1712\" \/>\n\t<meta property=\"og:image:height\" content=\"2421\" \/>\n\t<meta property=\"og:image:type\" content=\"image\/jpeg\" \/>\n<meta name=\"twitter:card\" content=\"summary_large_image\" \/>\n<meta name=\"twitter:label1\" content=\"\u041f\u0440\u0438\u043c\u0435\u0440\u043d\u043e\u0435 \u0432\u0440\u0435\u043c\u044f \u0434\u043b\u044f \u0447\u0442\u0435\u043d\u0438\u044f\" \/>\n\t<meta name=\"twitter:data1\" content=\"3 \u043c\u0438\u043d\u0443\u0442\u044b\" \/>\n<script type=\"application\/ld+json\" class=\"yoast-schema-graph\">{\"@context\":\"https:\\\/\\\/schema.org\",\"@graph\":[{\"@type\":\"WebPage\",\"@id\":\"https:\\\/\\\/biblia.md\\\/shop\\\/dumnezeu-nu-renunta-niciodata-la-tine\\\/\",\"url\":\"https:\\\/\\\/biblia.md\\\/shop\\\/dumnezeu-nu-renunta-niciodata-la-tine\\\/\",\"name\":\"Dumnezeu nu renun\u021b\u0103 niciodat\u0103 la tine - Societatea Biblic\u0103 din Moldova\",\"isPartOf\":{\"@id\":\"https:\\\/\\\/biblia.md\\\/#website\"},\"primaryImageOfPage\":{\"@id\":\"https:\\\/\\\/biblia.md\\\/shop\\\/dumnezeu-nu-renunta-niciodata-la-tine\\\/#primaryimage\"},\"image\":{\"@id\":\"https:\\\/\\\/biblia.md\\\/shop\\\/dumnezeu-nu-renunta-niciodata-la-tine\\\/#primaryimage\"},\"thumbnailUrl\":\"https:\\\/\\\/biblia.md\\\/wp-content\\\/uploads\\\/2026\\\/01\\\/0000008405.jpg\",\"datePublished\":\"2026-01-23T18:49:09+00:00\",\"breadcrumb\":{\"@id\":\"https:\\\/\\\/biblia.md\\\/shop\\\/dumnezeu-nu-renunta-niciodata-la-tine\\\/#breadcrumb\"},\"inLanguage\":\"ru-RU\",\"potentialAction\":[{\"@type\":\"ReadAction\",\"target\":[\"https:\\\/\\\/biblia.md\\\/shop\\\/dumnezeu-nu-renunta-niciodata-la-tine\\\/\"]}]},{\"@type\":\"ImageObject\",\"inLanguage\":\"ru-RU\",\"@id\":\"https:\\\/\\\/biblia.md\\\/shop\\\/dumnezeu-nu-renunta-niciodata-la-tine\\\/#primaryimage\",\"url\":\"https:\\\/\\\/biblia.md\\\/wp-content\\\/uploads\\\/2026\\\/01\\\/0000008405.jpg\",\"contentUrl\":\"https:\\\/\\\/biblia.md\\\/wp-content\\\/uploads\\\/2026\\\/01\\\/0000008405.jpg\",\"width\":1712,\"height\":2421},{\"@type\":\"BreadcrumbList\",\"@id\":\"https:\\\/\\\/biblia.md\\\/shop\\\/dumnezeu-nu-renunta-niciodata-la-tine\\\/#breadcrumb\",\"itemListElement\":[{\"@type\":\"ListItem\",\"position\":1,\"name\":\"Prima pagin\u0103\",\"item\":\"https:\\\/\\\/biblia.md\\\/\"},{\"@type\":\"ListItem\",\"position\":2,\"name\":\"Shop\",\"item\":\"https:\\\/\\\/biblia.md\\\/shop\\\/\"},{\"@type\":\"ListItem\",\"position\":3,\"name\":\"Dumnezeu nu renun\u021b\u0103 niciodat\u0103 la tine\"}]},{\"@type\":\"WebSite\",\"@id\":\"https:\\\/\\\/biblia.md\\\/#website\",\"url\":\"https:\\\/\\\/biblia.md\\\/\",\"name\":\"Societatea Biblic\u0103 din Moldova\",\"description\":\"\",\"publisher\":{\"@id\":\"https:\\\/\\\/biblia.md\\\/#organization\"},\"potentialAction\":[{\"@type\":\"SearchAction\",\"target\":{\"@type\":\"EntryPoint\",\"urlTemplate\":\"https:\\\/\\\/biblia.md\\\/?s={search_term_string}\"},\"query-input\":{\"@type\":\"PropertyValueSpecification\",\"valueRequired\":true,\"valueName\":\"search_term_string\"}}],\"inLanguage\":\"ru-RU\"},{\"@type\":\"Organization\",\"@id\":\"https:\\\/\\\/biblia.md\\\/#organization\",\"name\":\"Societatea Biblic\u0103 din Moldova\",\"url\":\"https:\\\/\\\/biblia.md\\\/\",\"logo\":{\"@type\":\"ImageObject\",\"inLanguage\":\"ru-RU\",\"@id\":\"https:\\\/\\\/biblia.md\\\/#\\\/schema\\\/logo\\\/image\\\/\",\"url\":\"https:\\\/\\\/biblia.md\\\/wp-content\\\/uploads\\\/2026\\\/01\\\/icon_site.jpg\",\"contentUrl\":\"https:\\\/\\\/biblia.md\\\/wp-content\\\/uploads\\\/2026\\\/01\\\/icon_site.jpg\",\"width\":656,\"height\":656,\"caption\":\"Societatea Biblic\u0103 din Moldova\"},\"image\":{\"@id\":\"https:\\\/\\\/biblia.md\\\/#\\\/schema\\\/logo\\\/image\\\/\"},\"sameAs\":[\"https:\\\/\\\/www.facebook.com\\\/SocietateaBiblicaMoldova\\\/\",\"https:\\\/\\\/www.instagram.com\\\/biblia.md\\\/\"]}]}<\/script>\n<!-- \/ Yoast SEO plugin. -->","yoast_head_json":{"title":"Dumnezeu nu renun\u021b\u0103 niciodat\u0103 la tine - Societatea Biblic\u0103 din Moldova","robots":{"index":"index","follow":"follow","max-snippet":"max-snippet:-1","max-image-preview":"max-image-preview:large","max-video-preview":"max-video-preview:-1"},"canonical":"https:\/\/biblia.md\/ru\/shop\/dumnezeu-nu-renunta-niciodata-la-tine\/","og_locale":"ru_RU","og_type":"article","og_title":"Dumnezeu nu renun\u021b\u0103 niciodat\u0103 la tine - Societatea Biblic\u0103 din Moldova","og_description":"Ai nevoie de dragostea neclintita si atasamentul total si nesovaielnic din partea lui Dumnezeu?  Daca raspunsul tau este afirmativ, incepe prin a vedea cum harul lui Dumnezeu a schimbat viata lui Iacov. Si daca te simti nedemn de acest har, aceasta carte iti va aminti ca Dumnezeu foloseste oameni imperfecti pentru a realiza lucruri marete. Dumnezeu nu renunta niciodata la tine este un mesaj pentru toti cei care ne zbatem sa ne depasim slabiciunile noastre. Avem intentii bune, dar nu reusim mereu sa le punem in practica. Traim succese si esecuri, adesea in aceeasi zi. Ne cunoastem prea bine esecurile. Dar cum putem avea acces la harul constant al lui Dumnezeu? Iacov este un exemplu potrivit pentru noi. El nu era un geniu, ci mai degraba un risipitor. Inselator si abil, dar cu o constiinta fragila. Iacov a profitat de fratele sau flamand si l-a inselat pe tatal sau aflat pe patul de moarte. Totusi, Dumnezeu nu a renuntat niciodata la Iacov. Si nu va renunta nici la tine. Viata lui Iacov este o marturie a bunatatii divine, neasteptate,\u00a0nesolicitate si nemeritate. Ai avut vreodata parte de un astfel de har?","og_url":"https:\/\/biblia.md\/ru\/shop\/dumnezeu-nu-renunta-niciodata-la-tine\/","og_site_name":"Societatea Biblic\u0103 din Moldova","article_publisher":"https:\/\/www.facebook.com\/SocietateaBiblicaMoldova\/","og_image":[{"width":1712,"height":2421,"url":"https:\/\/biblia.md\/wp-content\/uploads\/2026\/01\/0000008405.jpg","type":"image\/jpeg"}],"twitter_card":"summary_large_image","twitter_misc":{"\u041f\u0440\u0438\u043c\u0435\u0440\u043d\u043e\u0435 \u0432\u0440\u0435\u043c\u044f \u0434\u043b\u044f \u0447\u0442\u0435\u043d\u0438\u044f":"3 \u043c\u0438\u043d\u0443\u0442\u044b"},"schema":{"@context":"https:\/\/schema.org","@graph":[{"@type":"WebPage","@id":"https:\/\/biblia.md\/shop\/dumnezeu-nu-renunta-niciodata-la-tine\/","url":"https:\/\/biblia.md\/shop\/dumnezeu-nu-renunta-niciodata-la-tine\/","name":"Dumnezeu nu renun\u021b\u0103 niciodat\u0103 la tine - Societatea Biblic\u0103 din Moldova","isPartOf":{"@id":"https:\/\/biblia.md\/#website"},"primaryImageOfPage":{"@id":"https:\/\/biblia.md\/shop\/dumnezeu-nu-renunta-niciodata-la-tine\/#primaryimage"},"image":{"@id":"https:\/\/biblia.md\/shop\/dumnezeu-nu-renunta-niciodata-la-tine\/#primaryimage"},"thumbnailUrl":"https:\/\/biblia.md\/wp-content\/uploads\/2026\/01\/0000008405.jpg","datePublished":"2026-01-23T18:49:09+00:00","breadcrumb":{"@id":"https:\/\/biblia.md\/shop\/dumnezeu-nu-renunta-niciodata-la-tine\/#breadcrumb"},"inLanguage":"ru-RU","potentialAction":[{"@type":"ReadAction","target":["https:\/\/biblia.md\/shop\/dumnezeu-nu-renunta-niciodata-la-tine\/"]}]},{"@type":"ImageObject","inLanguage":"ru-RU","@id":"https:\/\/biblia.md\/shop\/dumnezeu-nu-renunta-niciodata-la-tine\/#primaryimage","url":"https:\/\/biblia.md\/wp-content\/uploads\/2026\/01\/0000008405.jpg","contentUrl":"https:\/\/biblia.md\/wp-content\/uploads\/2026\/01\/0000008405.jpg","width":1712,"height":2421},{"@type":"BreadcrumbList","@id":"https:\/\/biblia.md\/shop\/dumnezeu-nu-renunta-niciodata-la-tine\/#breadcrumb","itemListElement":[{"@type":"ListItem","position":1,"name":"Prima pagin\u0103","item":"https:\/\/biblia.md\/"},{"@type":"ListItem","position":2,"name":"Shop","item":"https:\/\/biblia.md\/shop\/"},{"@type":"ListItem","position":3,"name":"Dumnezeu nu renun\u021b\u0103 niciodat\u0103 la tine"}]},{"@type":"WebSite","@id":"https:\/\/biblia.md\/#website","url":"https:\/\/biblia.md\/","name":"Societatea Biblic\u0103 din Moldova","description":"","publisher":{"@id":"https:\/\/biblia.md\/#organization"},"potentialAction":[{"@type":"SearchAction","target":{"@type":"EntryPoint","urlTemplate":"https:\/\/biblia.md\/?s={search_term_string}"},"query-input":{"@type":"PropertyValueSpecification","valueRequired":true,"valueName":"search_term_string"}}],"inLanguage":"ru-RU"},{"@type":"Organization","@id":"https:\/\/biblia.md\/#organization","name":"Societatea Biblic\u0103 din Moldova","url":"https:\/\/biblia.md\/","logo":{"@type":"ImageObject","inLanguage":"ru-RU","@id":"https:\/\/biblia.md\/#\/schema\/logo\/image\/","url":"https:\/\/biblia.md\/wp-content\/uploads\/2026\/01\/icon_site.jpg","contentUrl":"https:\/\/biblia.md\/wp-content\/uploads\/2026\/01\/icon_site.jpg","width":656,"height":656,"caption":"Societatea Biblic\u0103 din Moldova"},"image":{"@id":"https:\/\/biblia.md\/#\/schema\/logo\/image\/"},"sameAs":["https:\/\/www.facebook.com\/SocietateaBiblicaMoldova\/","https:\/\/www.instagram.com\/biblia.md\/"]}]}},"_links":{"self":[{"href":"https:\/\/biblia.md\/ru\/wp-json\/wp\/v2\/product\/33008","targetHints":{"allow":["GET"]}}],"collection":[{"href":"https:\/\/biblia.md\/ru\/wp-json\/wp\/v2\/product"}],"about":[{"href":"https:\/\/biblia.md\/ru\/wp-json\/wp\/v2\/types\/product"}],"replies":[{"embeddable":true,"href":"https:\/\/biblia.md\/ru\/wp-json\/wp\/v2\/comments?post=33008"}],"version-history":[{"count":1,"href":"https:\/\/biblia.md\/ru\/wp-json\/wp\/v2\/product\/33008\/revisions"}],"predecessor-version":[{"id":33010,"href":"https:\/\/biblia.md\/ru\/wp-json\/wp\/v2\/product\/33008\/revisions\/33010"}],"wp:featuredmedia":[{"embeddable":true,"href":"https:\/\/biblia.md\/ru\/wp-json\/wp\/v2\/media\/33009"}],"wp:attachment":[{"href":"https:\/\/biblia.md\/ru\/wp-json\/wp\/v2\/media?parent=33008"}],"wp:term":[{"taxonomy":"product_brand","embeddable":true,"href":"https:\/\/biblia.md\/ru\/wp-json\/wp\/v2\/product_brand?post=33008"},{"taxonomy":"product_cat","embeddable":true,"href":"https:\/\/biblia.md\/ru\/wp-json\/wp\/v2\/product_cat?post=33008"},{"taxonomy":"product_tag","embeddable":true,"href":"https:\/\/biblia.md\/ru\/wp-json\/wp\/v2\/product_tag?post=33008"}],"curies":[{"name":"wp","href":"https:\/\/api.w.org\/{rel}","templated":true}]}}