{"id":33243,"date":"2025-12-05T14:13:27","date_gmt":"2025-12-05T12:13:27","guid":{"rendered":"https:\/\/biblia.md\/?post_type=product&#038;p=33243"},"modified":"2026-03-17T11:22:25","modified_gmt":"2026-03-17T09:22:25","slug":"targusorul-din-prerie-vol-7-seria-casuta-din-prerie","status":"publish","type":"product","link":"https:\/\/biblia.md\/ru\/shop\/targusorul-din-prerie-vol-7-seria-casuta-din-prerie\/","title":{"rendered":"Targusorul din Prerie, Vol 7 &#8211; Seria Casuta din Prerie"},"content":{"rendered":"<p>Cele nou\u0103 volume din seria\u00a0<em>C\u0103su\u021ba din Prerie<\/em>\u00a0au fost apreciate de genera\u021bii de cititori ca fiind at\u00e2t incursiuni unice \u00een istoria Americii, c\u00e2t \u0219i pove\u0219ti emo\u021bionante \u0219i de neuitat.<\/p>","protected":false},"excerpt":{"rendered":"<p>Cele nou\u0103 volume din seria\u00a0<em>C\u0103su\u021ba din Prerie<\/em>\u00a0au fost apreciate de genera\u021bii de cititori ca fiind at\u00e2t incursiuni unice \u00een istoria Americii, c\u00e2t \u0219i pove\u0219ti emo\u021bionante \u0219i de neuitat.<\/p>","protected":false},"featured_media":33244,"comment_status":"open","ping_status":"closed","template":"","meta":[],"product_brand":[],"product_cat":[387,377,149,364,400],"product_tag":[],"class_list":{"0":"post-33243","1":"product","2":"type-product","3":"status-publish","4":"has-post-thumbnail","6":"product_cat-adolescenti-tineri","7":"product_cat-carti","8":"product_cat-copii","9":"product_cat-povestiri","10":"product_cat-romane-povestiri-nuvele","11":"product_author-laura-ingalls-wilder","12":"product_genre-knigi-rom","14":"first","15":"instock","16":"shipping-taxable","17":"purchasable","18":"product-type-simple"},"yoast_head":"<!-- This site is optimized with the Yoast SEO plugin v27.3 - https:\/\/yoast.com\/product\/yoast-seo-wordpress\/ -->\n<title>Targusorul din Prerie, Vol 7 - Seria Casuta din Prerie - Societatea Biblic\u0103 din Moldova<\/title>\n<meta name=\"robots\" content=\"index, follow, max-snippet:-1, max-image-preview:large, max-video-preview:-1\" \/>\n<link rel=\"canonical\" href=\"https:\/\/biblia.md\/ru\/shop\/targusorul-din-prerie-vol-7-seria-casuta-din-prerie\/\" \/>\n<meta property=\"og:locale\" content=\"ru_RU\" \/>\n<meta property=\"og:type\" content=\"article\" \/>\n<meta property=\"og:title\" content=\"Targusorul din Prerie, Vol 7 - Seria Casuta din Prerie - Societatea Biblic\u0103 din Moldova\" \/>\n<meta property=\"og:description\" content=\"Cele nou\u0103 volume din seria\u00a0C\u0103su\u021ba din Prerie\u00a0au fost apreciate de genera\u021bii de cititori ca fiind at\u00e2t incursiuni unice \u00een istoria Americii, c\u00e2t \u0219i pove\u0219ti emo\u021bionante \u0219i de neuitat.\" \/>\n<meta property=\"og:url\" content=\"https:\/\/biblia.md\/ru\/shop\/targusorul-din-prerie-vol-7-seria-casuta-din-prerie\/\" \/>\n<meta property=\"og:site_name\" content=\"Societatea Biblic\u0103 din Moldova\" \/>\n<meta property=\"article:publisher\" content=\"https:\/\/www.facebook.com\/SocietateaBiblicaMoldova\/\" \/>\n<meta property=\"article:modified_time\" content=\"2026-03-17T09:22:25+00:00\" \/>\n<meta property=\"og:image\" content=\"https:\/\/biblia.md\/wp-content\/uploads\/2026\/01\/0000001699.png\" \/>\n\t<meta property=\"og:image:width\" content=\"600\" \/>\n\t<meta property=\"og:image:height\" content=\"900\" \/>\n\t<meta property=\"og:image:type\" content=\"image\/png\" \/>\n<meta name=\"twitter:card\" content=\"summary_large_image\" \/>\n<meta name=\"twitter:label1\" content=\"\u041f\u0440\u0438\u043c\u0435\u0440\u043d\u043e\u0435 \u0432\u0440\u0435\u043c\u044f \u0434\u043b\u044f \u0447\u0442\u0435\u043d\u0438\u044f\" \/>\n\t<meta name=\"twitter:data1\" content=\"1 \u043c\u0438\u043d\u0443\u0442\u0430\" \/>\n<script type=\"application\/ld+json\" class=\"yoast-schema-graph\">{\"@context\":\"https:\\\/\\\/schema.org\",\"@graph\":[{\"@type\":\"WebPage\",\"@id\":\"https:\\\/\\\/biblia.md\\\/shop\\\/targusorul-din-prerie-vol-7-seria-casuta-din-prerie\\\/\",\"url\":\"https:\\\/\\\/biblia.md\\\/shop\\\/targusorul-din-prerie-vol-7-seria-casuta-din-prerie\\\/\",\"name\":\"Targusorul din Prerie, Vol 7 - Seria Casuta din Prerie - Societatea Biblic\u0103 din Moldova\",\"isPartOf\":{\"@id\":\"https:\\\/\\\/biblia.md\\\/#website\"},\"primaryImageOfPage\":{\"@id\":\"https:\\\/\\\/biblia.md\\\/shop\\\/targusorul-din-prerie-vol-7-seria-casuta-din-prerie\\\/#primaryimage\"},\"image\":{\"@id\":\"https:\\\/\\\/biblia.md\\\/shop\\\/targusorul-din-prerie-vol-7-seria-casuta-din-prerie\\\/#primaryimage\"},\"thumbnailUrl\":\"https:\\\/\\\/biblia.md\\\/wp-content\\\/uploads\\\/2026\\\/01\\\/0000001699.png\",\"datePublished\":\"2025-12-05T12:13:27+00:00\",\"dateModified\":\"2026-03-17T09:22:25+00:00\",\"breadcrumb\":{\"@id\":\"https:\\\/\\\/biblia.md\\\/shop\\\/targusorul-din-prerie-vol-7-seria-casuta-din-prerie\\\/#breadcrumb\"},\"inLanguage\":\"ru-RU\",\"potentialAction\":[{\"@type\":\"ReadAction\",\"target\":[\"https:\\\/\\\/biblia.md\\\/shop\\\/targusorul-din-prerie-vol-7-seria-casuta-din-prerie\\\/\"]}]},{\"@type\":\"ImageObject\",\"inLanguage\":\"ru-RU\",\"@id\":\"https:\\\/\\\/biblia.md\\\/shop\\\/targusorul-din-prerie-vol-7-seria-casuta-din-prerie\\\/#primaryimage\",\"url\":\"https:\\\/\\\/biblia.md\\\/wp-content\\\/uploads\\\/2026\\\/01\\\/0000001699.png\",\"contentUrl\":\"https:\\\/\\\/biblia.md\\\/wp-content\\\/uploads\\\/2026\\\/01\\\/0000001699.png\",\"width\":600,\"height\":900},{\"@type\":\"BreadcrumbList\",\"@id\":\"https:\\\/\\\/biblia.md\\\/shop\\\/targusorul-din-prerie-vol-7-seria-casuta-din-prerie\\\/#breadcrumb\",\"itemListElement\":[{\"@type\":\"ListItem\",\"position\":1,\"name\":\"Prima pagin\u0103\",\"item\":\"https:\\\/\\\/biblia.md\\\/\"},{\"@type\":\"ListItem\",\"position\":2,\"name\":\"Shop\",\"item\":\"https:\\\/\\\/biblia.md\\\/shop\\\/\"},{\"@type\":\"ListItem\",\"position\":3,\"name\":\"Targusorul din Prerie, Vol 7 &#8211; Seria Casuta din Prerie\"}]},{\"@type\":\"WebSite\",\"@id\":\"https:\\\/\\\/biblia.md\\\/#website\",\"url\":\"https:\\\/\\\/biblia.md\\\/\",\"name\":\"Societatea Biblic\u0103 din Moldova\",\"description\":\"\",\"publisher\":{\"@id\":\"https:\\\/\\\/biblia.md\\\/#organization\"},\"potentialAction\":[{\"@type\":\"SearchAction\",\"target\":{\"@type\":\"EntryPoint\",\"urlTemplate\":\"https:\\\/\\\/biblia.md\\\/?s={search_term_string}\"},\"query-input\":{\"@type\":\"PropertyValueSpecification\",\"valueRequired\":true,\"valueName\":\"search_term_string\"}}],\"inLanguage\":\"ru-RU\"},{\"@type\":\"Organization\",\"@id\":\"https:\\\/\\\/biblia.md\\\/#organization\",\"name\":\"Societatea Biblic\u0103 din Moldova\",\"url\":\"https:\\\/\\\/biblia.md\\\/\",\"logo\":{\"@type\":\"ImageObject\",\"inLanguage\":\"ru-RU\",\"@id\":\"https:\\\/\\\/biblia.md\\\/#\\\/schema\\\/logo\\\/image\\\/\",\"url\":\"https:\\\/\\\/biblia.md\\\/wp-content\\\/uploads\\\/2026\\\/01\\\/icon_site.jpg\",\"contentUrl\":\"https:\\\/\\\/biblia.md\\\/wp-content\\\/uploads\\\/2026\\\/01\\\/icon_site.jpg\",\"width\":656,\"height\":656,\"caption\":\"Societatea Biblic\u0103 din Moldova\"},\"image\":{\"@id\":\"https:\\\/\\\/biblia.md\\\/#\\\/schema\\\/logo\\\/image\\\/\"},\"sameAs\":[\"https:\\\/\\\/www.facebook.com\\\/SocietateaBiblicaMoldova\\\/\",\"https:\\\/\\\/www.instagram.com\\\/biblia.md\\\/\"]}]}<\/script>\n<!-- \/ Yoast SEO plugin. -->","yoast_head_json":{"title":"Targusorul din Prerie, Vol 7 - Seria Casuta din Prerie - Societatea Biblic\u0103 din Moldova","robots":{"index":"index","follow":"follow","max-snippet":"max-snippet:-1","max-image-preview":"max-image-preview:large","max-video-preview":"max-video-preview:-1"},"canonical":"https:\/\/biblia.md\/ru\/shop\/targusorul-din-prerie-vol-7-seria-casuta-din-prerie\/","og_locale":"ru_RU","og_type":"article","og_title":"Targusorul din Prerie, Vol 7 - Seria Casuta din Prerie - Societatea Biblic\u0103 din Moldova","og_description":"Cele nou\u0103 volume din seria\u00a0C\u0103su\u021ba din Prerie\u00a0au fost apreciate de genera\u021bii de cititori ca fiind at\u00e2t incursiuni unice \u00een istoria Americii, c\u00e2t \u0219i pove\u0219ti emo\u021bionante \u0219i de neuitat.","og_url":"https:\/\/biblia.md\/ru\/shop\/targusorul-din-prerie-vol-7-seria-casuta-din-prerie\/","og_site_name":"Societatea Biblic\u0103 din Moldova","article_publisher":"https:\/\/www.facebook.com\/SocietateaBiblicaMoldova\/","article_modified_time":"2026-03-17T09:22:25+00:00","og_image":[{"width":600,"height":900,"url":"https:\/\/biblia.md\/wp-content\/uploads\/2026\/01\/0000001699.png","type":"image\/png"}],"twitter_card":"summary_large_image","twitter_misc":{"\u041f\u0440\u0438\u043c\u0435\u0440\u043d\u043e\u0435 \u0432\u0440\u0435\u043c\u044f \u0434\u043b\u044f \u0447\u0442\u0435\u043d\u0438\u044f":"1 \u043c\u0438\u043d\u0443\u0442\u0430"},"schema":{"@context":"https:\/\/schema.org","@graph":[{"@type":"WebPage","@id":"https:\/\/biblia.md\/shop\/targusorul-din-prerie-vol-7-seria-casuta-din-prerie\/","url":"https:\/\/biblia.md\/shop\/targusorul-din-prerie-vol-7-seria-casuta-din-prerie\/","name":"Targusorul din Prerie, Vol 7 - Seria Casuta din Prerie - Societatea Biblic\u0103 din Moldova","isPartOf":{"@id":"https:\/\/biblia.md\/#website"},"primaryImageOfPage":{"@id":"https:\/\/biblia.md\/shop\/targusorul-din-prerie-vol-7-seria-casuta-din-prerie\/#primaryimage"},"image":{"@id":"https:\/\/biblia.md\/shop\/targusorul-din-prerie-vol-7-seria-casuta-din-prerie\/#primaryimage"},"thumbnailUrl":"https:\/\/biblia.md\/wp-content\/uploads\/2026\/01\/0000001699.png","datePublished":"2025-12-05T12:13:27+00:00","dateModified":"2026-03-17T09:22:25+00:00","breadcrumb":{"@id":"https:\/\/biblia.md\/shop\/targusorul-din-prerie-vol-7-seria-casuta-din-prerie\/#breadcrumb"},"inLanguage":"ru-RU","potentialAction":[{"@type":"ReadAction","target":["https:\/\/biblia.md\/shop\/targusorul-din-prerie-vol-7-seria-casuta-din-prerie\/"]}]},{"@type":"ImageObject","inLanguage":"ru-RU","@id":"https:\/\/biblia.md\/shop\/targusorul-din-prerie-vol-7-seria-casuta-din-prerie\/#primaryimage","url":"https:\/\/biblia.md\/wp-content\/uploads\/2026\/01\/0000001699.png","contentUrl":"https:\/\/biblia.md\/wp-content\/uploads\/2026\/01\/0000001699.png","width":600,"height":900},{"@type":"BreadcrumbList","@id":"https:\/\/biblia.md\/shop\/targusorul-din-prerie-vol-7-seria-casuta-din-prerie\/#breadcrumb","itemListElement":[{"@type":"ListItem","position":1,"name":"Prima pagin\u0103","item":"https:\/\/biblia.md\/"},{"@type":"ListItem","position":2,"name":"Shop","item":"https:\/\/biblia.md\/shop\/"},{"@type":"ListItem","position":3,"name":"Targusorul din Prerie, Vol 7 &#8211; Seria Casuta din Prerie"}]},{"@type":"WebSite","@id":"https:\/\/biblia.md\/#website","url":"https:\/\/biblia.md\/","name":"Societatea Biblic\u0103 din Moldova","description":"","publisher":{"@id":"https:\/\/biblia.md\/#organization"},"potentialAction":[{"@type":"SearchAction","target":{"@type":"EntryPoint","urlTemplate":"https:\/\/biblia.md\/?s={search_term_string}"},"query-input":{"@type":"PropertyValueSpecification","valueRequired":true,"valueName":"search_term_string"}}],"inLanguage":"ru-RU"},{"@type":"Organization","@id":"https:\/\/biblia.md\/#organization","name":"Societatea Biblic\u0103 din Moldova","url":"https:\/\/biblia.md\/","logo":{"@type":"ImageObject","inLanguage":"ru-RU","@id":"https:\/\/biblia.md\/#\/schema\/logo\/image\/","url":"https:\/\/biblia.md\/wp-content\/uploads\/2026\/01\/icon_site.jpg","contentUrl":"https:\/\/biblia.md\/wp-content\/uploads\/2026\/01\/icon_site.jpg","width":656,"height":656,"caption":"Societatea Biblic\u0103 din Moldova"},"image":{"@id":"https:\/\/biblia.md\/#\/schema\/logo\/image\/"},"sameAs":["https:\/\/www.facebook.com\/SocietateaBiblicaMoldova\/","https:\/\/www.instagram.com\/biblia.md\/"]}]}},"_links":{"self":[{"href":"https:\/\/biblia.md\/ru\/wp-json\/wp\/v2\/product\/33243","targetHints":{"allow":["GET"]}}],"collection":[{"href":"https:\/\/biblia.md\/ru\/wp-json\/wp\/v2\/product"}],"about":[{"href":"https:\/\/biblia.md\/ru\/wp-json\/wp\/v2\/types\/product"}],"replies":[{"embeddable":true,"href":"https:\/\/biblia.md\/ru\/wp-json\/wp\/v2\/comments?post=33243"}],"version-history":[{"count":1,"href":"https:\/\/biblia.md\/ru\/wp-json\/wp\/v2\/product\/33243\/revisions"}],"predecessor-version":[{"id":33245,"href":"https:\/\/biblia.md\/ru\/wp-json\/wp\/v2\/product\/33243\/revisions\/33245"}],"wp:featuredmedia":[{"embeddable":true,"href":"https:\/\/biblia.md\/ru\/wp-json\/wp\/v2\/media\/33244"}],"wp:attachment":[{"href":"https:\/\/biblia.md\/ru\/wp-json\/wp\/v2\/media?parent=33243"}],"wp:term":[{"taxonomy":"product_brand","embeddable":true,"href":"https:\/\/biblia.md\/ru\/wp-json\/wp\/v2\/product_brand?post=33243"},{"taxonomy":"product_cat","embeddable":true,"href":"https:\/\/biblia.md\/ru\/wp-json\/wp\/v2\/product_cat?post=33243"},{"taxonomy":"product_tag","embeddable":true,"href":"https:\/\/biblia.md\/ru\/wp-json\/wp\/v2\/product_tag?post=33243"}],"curies":[{"name":"wp","href":"https:\/\/api.w.org\/{rel}","templated":true}]}}