{"id":33333,"date":"2025-12-01T15:00:30","date_gmt":"2025-12-01T13:00:30","guid":{"rendered":"https:\/\/biblia.md\/?post_type=product&#038;p=33333"},"modified":"2026-01-26T15:08:08","modified_gmt":"2026-01-26T13:08:08","slug":"ei-l-au-cunoscut-pe-dumnezeul-lor-volumul-1","status":"publish","type":"product","link":"https:\/\/biblia.md\/ru\/shop\/ei-l-au-cunoscut-pe-dumnezeul-lor-volumul-1\/","title":{"rendered":"Ei l-au cunoscut pe Dumnezeul lor &#8211; volumul 1"},"content":{"rendered":"","protected":false},"excerpt":{"rendered":"<p>\u00cen acest prim volum, autorii Edwin \u0219i Lillian Harvey ne \u00eendeamn\u0103 s\u0103 \u201estr\u0103batem Sionul\u201d \u0219i s\u0103 cercet\u0103m m\u0103rturiile celor care au tr\u0103it o rela\u021bie profund\u0103 cu Dumnezeu, l\u0103s\u00e2nd \u00een urma lor o mo\u0219tenire de credin\u021b\u0103 puternic\u0103.<\/p>\n<p>Inspirat\u0103 de cuvintele Psalmului 48, cartea adun\u0103 pove\u0219ti de via\u021b\u0103 ale unor oameni din diferite col\u021buri ale lumii \u0219i perioade istorice, b\u0103rba\u021bi \u0219i femei care, prin devotament \u0219i \u00eencredere \u00een Dumnezeu, au devenit adev\u0103ra\u021bi piloni ai credin\u021bei. Ace\u0219ti oameni sunt prezenta\u021bi ca \u201eturnuri\u201d \u0219i \u201e\u00eent\u0103rituri\u201d ale Sionului, simboluri ale puterii divine \u00een via\u021ba lor.<\/p>\n<p>Cartea exploreaz\u0103 via\u021ba unor mari personalit\u0103\u021bi din istoria cre\u0219tinismului \u2013 proroci, reformatori \u0219i ap\u0103r\u0103tori ai credin\u021bei \u2013 \u0219i ne \u00eenva\u021b\u0103 cum Dumnezeu S-a manifestat prin fiecare dintre ace\u0219ti sfin\u021bi, l\u0103s\u00e2nd o pecete a recunoa\u0219terii divine asupra lor.<\/p>","protected":false},"featured_media":33340,"comment_status":"open","ping_status":"closed","template":"","meta":[],"product_brand":[],"product_cat":[384,377],"product_tag":[],"class_list":{"0":"post-33333","1":"product","2":"type-product","3":"status-publish","4":"has-post-thumbnail","6":"product_cat-autobiografii-biografii-marturii","7":"product_cat-carti","8":"product_author-e-amp-l-harvey-amp-e-hey","9":"product_genre-knigi-rom","11":"first","12":"instock","13":"shipping-taxable","14":"purchasable","15":"product-type-simple"},"yoast_head":"<!-- This site is optimized with the Yoast SEO plugin v27.3 - https:\/\/yoast.com\/product\/yoast-seo-wordpress\/ -->\n<title>Ei l-au cunoscut pe Dumnezeul lor - volumul 1 - Societatea Biblic\u0103 din Moldova<\/title>\n<meta name=\"robots\" content=\"index, follow, max-snippet:-1, max-image-preview:large, max-video-preview:-1\" \/>\n<link rel=\"canonical\" href=\"https:\/\/biblia.md\/ru\/shop\/ei-l-au-cunoscut-pe-dumnezeul-lor-volumul-1\/\" \/>\n<meta property=\"og:locale\" content=\"ru_RU\" \/>\n<meta property=\"og:type\" content=\"article\" \/>\n<meta property=\"og:title\" content=\"Ei l-au cunoscut pe Dumnezeul lor - volumul 1 - Societatea Biblic\u0103 din Moldova\" \/>\n<meta property=\"og:description\" content=\"\u00cen acest prim volum, autorii Edwin \u0219i Lillian Harvey ne \u00eendeamn\u0103 s\u0103 \u201estr\u0103batem Sionul\u201d \u0219i s\u0103 cercet\u0103m m\u0103rturiile celor care au tr\u0103it o rela\u021bie profund\u0103 cu Dumnezeu, l\u0103s\u00e2nd \u00een urma lor o mo\u0219tenire de credin\u021b\u0103 puternic\u0103.  Inspirat\u0103 de cuvintele Psalmului 48, cartea adun\u0103 pove\u0219ti de via\u021b\u0103 ale unor oameni din diferite col\u021buri ale lumii \u0219i perioade istorice, b\u0103rba\u021bi \u0219i femei care, prin devotament \u0219i \u00eencredere \u00een Dumnezeu, au devenit adev\u0103ra\u021bi piloni ai credin\u021bei. Ace\u0219ti oameni sunt prezenta\u021bi ca \u201eturnuri\u201d \u0219i \u201e\u00eent\u0103rituri\u201d ale Sionului, simboluri ale puterii divine \u00een via\u021ba lor.  Cartea exploreaz\u0103 via\u021ba unor mari personalit\u0103\u021bi din istoria cre\u0219tinismului \u2013 proroci, reformatori \u0219i ap\u0103r\u0103tori ai credin\u021bei \u2013 \u0219i ne \u00eenva\u021b\u0103 cum Dumnezeu S-a manifestat prin fiecare dintre ace\u0219ti sfin\u021bi, l\u0103s\u00e2nd o pecete a recunoa\u0219terii divine asupra lor.\" \/>\n<meta property=\"og:url\" content=\"https:\/\/biblia.md\/ru\/shop\/ei-l-au-cunoscut-pe-dumnezeul-lor-volumul-1\/\" \/>\n<meta property=\"og:site_name\" content=\"Societatea Biblic\u0103 din Moldova\" \/>\n<meta property=\"article:publisher\" content=\"https:\/\/www.facebook.com\/SocietateaBiblicaMoldova\/\" \/>\n<meta property=\"article:modified_time\" content=\"2026-01-26T13:08:08+00:00\" \/>\n<meta property=\"og:image\" content=\"https:\/\/biblia.md\/wp-content\/uploads\/2025\/12\/img_7230-748x1024.png\" \/>\n\t<meta property=\"og:image:width\" content=\"748\" \/>\n\t<meta property=\"og:image:height\" content=\"1024\" \/>\n\t<meta property=\"og:image:type\" content=\"image\/png\" \/>\n<meta name=\"twitter:card\" content=\"summary_large_image\" \/>\n<meta name=\"twitter:label1\" content=\"\u041f\u0440\u0438\u043c\u0435\u0440\u043d\u043e\u0435 \u0432\u0440\u0435\u043c\u044f \u0434\u043b\u044f \u0447\u0442\u0435\u043d\u0438\u044f\" \/>\n\t<meta name=\"twitter:data1\" content=\"1 \u043c\u0438\u043d\u0443\u0442\u0430\" \/>\n<script type=\"application\/ld+json\" class=\"yoast-schema-graph\">{\"@context\":\"https:\\\/\\\/schema.org\",\"@graph\":[{\"@type\":\"WebPage\",\"@id\":\"https:\\\/\\\/biblia.md\\\/shop\\\/ei-l-au-cunoscut-pe-dumnezeul-lor-volumul-1\\\/\",\"url\":\"https:\\\/\\\/biblia.md\\\/shop\\\/ei-l-au-cunoscut-pe-dumnezeul-lor-volumul-1\\\/\",\"name\":\"Ei l-au cunoscut pe Dumnezeul lor - volumul 1 - Societatea Biblic\u0103 din Moldova\",\"isPartOf\":{\"@id\":\"https:\\\/\\\/biblia.md\\\/#website\"},\"primaryImageOfPage\":{\"@id\":\"https:\\\/\\\/biblia.md\\\/shop\\\/ei-l-au-cunoscut-pe-dumnezeul-lor-volumul-1\\\/#primaryimage\"},\"image\":{\"@id\":\"https:\\\/\\\/biblia.md\\\/shop\\\/ei-l-au-cunoscut-pe-dumnezeul-lor-volumul-1\\\/#primaryimage\"},\"thumbnailUrl\":\"https:\\\/\\\/biblia.md\\\/wp-content\\\/uploads\\\/2025\\\/12\\\/img_7230.png\",\"datePublished\":\"2025-12-01T13:00:30+00:00\",\"dateModified\":\"2026-01-26T13:08:08+00:00\",\"breadcrumb\":{\"@id\":\"https:\\\/\\\/biblia.md\\\/shop\\\/ei-l-au-cunoscut-pe-dumnezeul-lor-volumul-1\\\/#breadcrumb\"},\"inLanguage\":\"ru-RU\",\"potentialAction\":[{\"@type\":\"ReadAction\",\"target\":[\"https:\\\/\\\/biblia.md\\\/shop\\\/ei-l-au-cunoscut-pe-dumnezeul-lor-volumul-1\\\/\"]}]},{\"@type\":\"ImageObject\",\"inLanguage\":\"ru-RU\",\"@id\":\"https:\\\/\\\/biblia.md\\\/shop\\\/ei-l-au-cunoscut-pe-dumnezeul-lor-volumul-1\\\/#primaryimage\",\"url\":\"https:\\\/\\\/biblia.md\\\/wp-content\\\/uploads\\\/2025\\\/12\\\/img_7230.png\",\"contentUrl\":\"https:\\\/\\\/biblia.md\\\/wp-content\\\/uploads\\\/2025\\\/12\\\/img_7230.png\",\"width\":1496,\"height\":2048},{\"@type\":\"BreadcrumbList\",\"@id\":\"https:\\\/\\\/biblia.md\\\/shop\\\/ei-l-au-cunoscut-pe-dumnezeul-lor-volumul-1\\\/#breadcrumb\",\"itemListElement\":[{\"@type\":\"ListItem\",\"position\":1,\"name\":\"Prima pagin\u0103\",\"item\":\"https:\\\/\\\/biblia.md\\\/\"},{\"@type\":\"ListItem\",\"position\":2,\"name\":\"Shop\",\"item\":\"https:\\\/\\\/biblia.md\\\/shop\\\/\"},{\"@type\":\"ListItem\",\"position\":3,\"name\":\"Ei l-au cunoscut pe Dumnezeul lor &#8211; volumul 1\"}]},{\"@type\":\"WebSite\",\"@id\":\"https:\\\/\\\/biblia.md\\\/#website\",\"url\":\"https:\\\/\\\/biblia.md\\\/\",\"name\":\"Societatea Biblic\u0103 din Moldova\",\"description\":\"\",\"publisher\":{\"@id\":\"https:\\\/\\\/biblia.md\\\/#organization\"},\"potentialAction\":[{\"@type\":\"SearchAction\",\"target\":{\"@type\":\"EntryPoint\",\"urlTemplate\":\"https:\\\/\\\/biblia.md\\\/?s={search_term_string}\"},\"query-input\":{\"@type\":\"PropertyValueSpecification\",\"valueRequired\":true,\"valueName\":\"search_term_string\"}}],\"inLanguage\":\"ru-RU\"},{\"@type\":\"Organization\",\"@id\":\"https:\\\/\\\/biblia.md\\\/#organization\",\"name\":\"Societatea Biblic\u0103 din Moldova\",\"url\":\"https:\\\/\\\/biblia.md\\\/\",\"logo\":{\"@type\":\"ImageObject\",\"inLanguage\":\"ru-RU\",\"@id\":\"https:\\\/\\\/biblia.md\\\/#\\\/schema\\\/logo\\\/image\\\/\",\"url\":\"https:\\\/\\\/biblia.md\\\/wp-content\\\/uploads\\\/2026\\\/01\\\/icon_site.jpg\",\"contentUrl\":\"https:\\\/\\\/biblia.md\\\/wp-content\\\/uploads\\\/2026\\\/01\\\/icon_site.jpg\",\"width\":656,\"height\":656,\"caption\":\"Societatea Biblic\u0103 din Moldova\"},\"image\":{\"@id\":\"https:\\\/\\\/biblia.md\\\/#\\\/schema\\\/logo\\\/image\\\/\"},\"sameAs\":[\"https:\\\/\\\/www.facebook.com\\\/SocietateaBiblicaMoldova\\\/\",\"https:\\\/\\\/www.instagram.com\\\/biblia.md\\\/\"]}]}<\/script>\n<!-- \/ Yoast SEO plugin. -->","yoast_head_json":{"title":"Ei l-au cunoscut pe Dumnezeul lor - volumul 1 - Societatea Biblic\u0103 din Moldova","robots":{"index":"index","follow":"follow","max-snippet":"max-snippet:-1","max-image-preview":"max-image-preview:large","max-video-preview":"max-video-preview:-1"},"canonical":"https:\/\/biblia.md\/ru\/shop\/ei-l-au-cunoscut-pe-dumnezeul-lor-volumul-1\/","og_locale":"ru_RU","og_type":"article","og_title":"Ei l-au cunoscut pe Dumnezeul lor - volumul 1 - Societatea Biblic\u0103 din Moldova","og_description":"\u00cen acest prim volum, autorii Edwin \u0219i Lillian Harvey ne \u00eendeamn\u0103 s\u0103 \u201estr\u0103batem Sionul\u201d \u0219i s\u0103 cercet\u0103m m\u0103rturiile celor care au tr\u0103it o rela\u021bie profund\u0103 cu Dumnezeu, l\u0103s\u00e2nd \u00een urma lor o mo\u0219tenire de credin\u021b\u0103 puternic\u0103.  Inspirat\u0103 de cuvintele Psalmului 48, cartea adun\u0103 pove\u0219ti de via\u021b\u0103 ale unor oameni din diferite col\u021buri ale lumii \u0219i perioade istorice, b\u0103rba\u021bi \u0219i femei care, prin devotament \u0219i \u00eencredere \u00een Dumnezeu, au devenit adev\u0103ra\u021bi piloni ai credin\u021bei. Ace\u0219ti oameni sunt prezenta\u021bi ca \u201eturnuri\u201d \u0219i \u201e\u00eent\u0103rituri\u201d ale Sionului, simboluri ale puterii divine \u00een via\u021ba lor.  Cartea exploreaz\u0103 via\u021ba unor mari personalit\u0103\u021bi din istoria cre\u0219tinismului \u2013 proroci, reformatori \u0219i ap\u0103r\u0103tori ai credin\u021bei \u2013 \u0219i ne \u00eenva\u021b\u0103 cum Dumnezeu S-a manifestat prin fiecare dintre ace\u0219ti sfin\u021bi, l\u0103s\u00e2nd o pecete a recunoa\u0219terii divine asupra lor.","og_url":"https:\/\/biblia.md\/ru\/shop\/ei-l-au-cunoscut-pe-dumnezeul-lor-volumul-1\/","og_site_name":"Societatea Biblic\u0103 din Moldova","article_publisher":"https:\/\/www.facebook.com\/SocietateaBiblicaMoldova\/","article_modified_time":"2026-01-26T13:08:08+00:00","og_image":[{"width":748,"height":1024,"url":"https:\/\/biblia.md\/wp-content\/uploads\/2025\/12\/img_7230-748x1024.png","type":"image\/png"}],"twitter_card":"summary_large_image","twitter_misc":{"\u041f\u0440\u0438\u043c\u0435\u0440\u043d\u043e\u0435 \u0432\u0440\u0435\u043c\u044f \u0434\u043b\u044f \u0447\u0442\u0435\u043d\u0438\u044f":"1 \u043c\u0438\u043d\u0443\u0442\u0430"},"schema":{"@context":"https:\/\/schema.org","@graph":[{"@type":"WebPage","@id":"https:\/\/biblia.md\/shop\/ei-l-au-cunoscut-pe-dumnezeul-lor-volumul-1\/","url":"https:\/\/biblia.md\/shop\/ei-l-au-cunoscut-pe-dumnezeul-lor-volumul-1\/","name":"Ei l-au cunoscut pe Dumnezeul lor - volumul 1 - Societatea Biblic\u0103 din Moldova","isPartOf":{"@id":"https:\/\/biblia.md\/#website"},"primaryImageOfPage":{"@id":"https:\/\/biblia.md\/shop\/ei-l-au-cunoscut-pe-dumnezeul-lor-volumul-1\/#primaryimage"},"image":{"@id":"https:\/\/biblia.md\/shop\/ei-l-au-cunoscut-pe-dumnezeul-lor-volumul-1\/#primaryimage"},"thumbnailUrl":"https:\/\/biblia.md\/wp-content\/uploads\/2025\/12\/img_7230.png","datePublished":"2025-12-01T13:00:30+00:00","dateModified":"2026-01-26T13:08:08+00:00","breadcrumb":{"@id":"https:\/\/biblia.md\/shop\/ei-l-au-cunoscut-pe-dumnezeul-lor-volumul-1\/#breadcrumb"},"inLanguage":"ru-RU","potentialAction":[{"@type":"ReadAction","target":["https:\/\/biblia.md\/shop\/ei-l-au-cunoscut-pe-dumnezeul-lor-volumul-1\/"]}]},{"@type":"ImageObject","inLanguage":"ru-RU","@id":"https:\/\/biblia.md\/shop\/ei-l-au-cunoscut-pe-dumnezeul-lor-volumul-1\/#primaryimage","url":"https:\/\/biblia.md\/wp-content\/uploads\/2025\/12\/img_7230.png","contentUrl":"https:\/\/biblia.md\/wp-content\/uploads\/2025\/12\/img_7230.png","width":1496,"height":2048},{"@type":"BreadcrumbList","@id":"https:\/\/biblia.md\/shop\/ei-l-au-cunoscut-pe-dumnezeul-lor-volumul-1\/#breadcrumb","itemListElement":[{"@type":"ListItem","position":1,"name":"Prima pagin\u0103","item":"https:\/\/biblia.md\/"},{"@type":"ListItem","position":2,"name":"Shop","item":"https:\/\/biblia.md\/shop\/"},{"@type":"ListItem","position":3,"name":"Ei l-au cunoscut pe Dumnezeul lor &#8211; volumul 1"}]},{"@type":"WebSite","@id":"https:\/\/biblia.md\/#website","url":"https:\/\/biblia.md\/","name":"Societatea Biblic\u0103 din Moldova","description":"","publisher":{"@id":"https:\/\/biblia.md\/#organization"},"potentialAction":[{"@type":"SearchAction","target":{"@type":"EntryPoint","urlTemplate":"https:\/\/biblia.md\/?s={search_term_string}"},"query-input":{"@type":"PropertyValueSpecification","valueRequired":true,"valueName":"search_term_string"}}],"inLanguage":"ru-RU"},{"@type":"Organization","@id":"https:\/\/biblia.md\/#organization","name":"Societatea Biblic\u0103 din Moldova","url":"https:\/\/biblia.md\/","logo":{"@type":"ImageObject","inLanguage":"ru-RU","@id":"https:\/\/biblia.md\/#\/schema\/logo\/image\/","url":"https:\/\/biblia.md\/wp-content\/uploads\/2026\/01\/icon_site.jpg","contentUrl":"https:\/\/biblia.md\/wp-content\/uploads\/2026\/01\/icon_site.jpg","width":656,"height":656,"caption":"Societatea Biblic\u0103 din Moldova"},"image":{"@id":"https:\/\/biblia.md\/#\/schema\/logo\/image\/"},"sameAs":["https:\/\/www.facebook.com\/SocietateaBiblicaMoldova\/","https:\/\/www.instagram.com\/biblia.md\/"]}]}},"_links":{"self":[{"href":"https:\/\/biblia.md\/ru\/wp-json\/wp\/v2\/product\/33333","targetHints":{"allow":["GET"]}}],"collection":[{"href":"https:\/\/biblia.md\/ru\/wp-json\/wp\/v2\/product"}],"about":[{"href":"https:\/\/biblia.md\/ru\/wp-json\/wp\/v2\/types\/product"}],"replies":[{"embeddable":true,"href":"https:\/\/biblia.md\/ru\/wp-json\/wp\/v2\/comments?post=33333"}],"version-history":[{"count":1,"href":"https:\/\/biblia.md\/ru\/wp-json\/wp\/v2\/product\/33333\/revisions"}],"predecessor-version":[{"id":33339,"href":"https:\/\/biblia.md\/ru\/wp-json\/wp\/v2\/product\/33333\/revisions\/33339"}],"wp:featuredmedia":[{"embeddable":true,"href":"https:\/\/biblia.md\/ru\/wp-json\/wp\/v2\/media\/33340"}],"wp:attachment":[{"href":"https:\/\/biblia.md\/ru\/wp-json\/wp\/v2\/media?parent=33333"}],"wp:term":[{"taxonomy":"product_brand","embeddable":true,"href":"https:\/\/biblia.md\/ru\/wp-json\/wp\/v2\/product_brand?post=33333"},{"taxonomy":"product_cat","embeddable":true,"href":"https:\/\/biblia.md\/ru\/wp-json\/wp\/v2\/product_cat?post=33333"},{"taxonomy":"product_tag","embeddable":true,"href":"https:\/\/biblia.md\/ru\/wp-json\/wp\/v2\/product_tag?post=33333"}],"curies":[{"name":"wp","href":"https:\/\/api.w.org\/{rel}","templated":true}]}}