{"id":33376,"date":"2026-01-26T15:39:02","date_gmt":"2026-01-26T13:39:02","guid":{"rendered":"https:\/\/biblia.md\/?post_type=product&#038;p=33376"},"modified":"2026-01-26T15:39:02","modified_gmt":"2026-01-26T13:39:02","slug":"eliberarea-biblica","status":"publish","type":"product","link":"https:\/\/biblia.md\/ru\/shop\/eliberarea-biblica\/","title":{"rendered":"Eliberarea biblica"},"content":{"rendered":"","protected":false},"excerpt":{"rendered":"<p>Derek Prince, pe baza Scripturii \u0219i a vastei sale experien\u021be \u00een domeniu, abordeaz\u0103 temerile \u0219i concep\u021biile gre\u0219ite asociate adesea cu domeniul eliber\u0103rii.<\/p>\n<p>Vorbind pe baza experien\u021bei acumulate \u00een peste 30 de ani \u00een slujirea de eliberare \u0219i oferind nenum\u0103rate exemple, el ne pune la dispozi\u021bie sfaturi practice \u0219i \u00eenv\u0103\u021b\u0103tur\u0103 sistematic\u0103 despre cum s\u0103 primim eliberarea \u0219i cum anume s\u0103 p\u0103str\u0103m libertatea ob\u021binut\u0103.<\/p>\n<p>Derek Prince subliniaz\u0103 \u00eenc\u0103 din primele pagini urm\u0103torul aspect important: \u201eIsus nu a trimis niciodat\u0103 pe cineva s\u0103 predice Evanghelia f\u0103r\u0103 a instrui \u00een mod specific acea persoan\u0103, ca ea s\u0103 poat\u0103 ac\u021biona \u00eempotriva demonilor \u00een acela\u0219i fel \u00een care El \u00censu\u0219i a f\u0103cut-o.\u201d Dac\u0103 acest lucru s-a schimbat \u00een zilele noastre, autorul ne provoac\u0103, adres\u00e2ndu-ne o \u00eentrebare crucial\u0103: \u201eCine s-a schimbat? \u2013 Isus? Demonii? Ori Biserica?\u201d<\/p>\n<p>\u201eEliberarea biblic\u0103\u201d poate fi un manual util de antrenare \u0219i echipare spiritual\u0103 at\u00e2t \u00een ceea ce te prive\u0219te pe tine personal, c\u00e2t \u0219i \u00een vederea slujirii altora care se confrunt\u0103 cu astfel de probleme.<\/p>","protected":false},"featured_media":33377,"comment_status":"open","ping_status":"closed","template":"","meta":[],"product_brand":[],"product_cat":[377,395,393],"product_tag":[],"class_list":{"0":"post-33376","1":"product","2":"type-product","3":"status-publish","4":"has-post-thumbnail","6":"product_cat-carti","7":"product_cat-pentru-slujitori","8":"product_cat-teologie","9":"product_author-derek-prince","10":"product_genre-knigi-rom","12":"first","13":"instock","14":"shipping-taxable","15":"purchasable","16":"product-type-simple"},"yoast_head":"<!-- This site is optimized with the Yoast SEO plugin v27.3 - https:\/\/yoast.com\/product\/yoast-seo-wordpress\/ -->\n<title>Eliberarea biblica - Societatea Biblic\u0103 din Moldova<\/title>\n<meta name=\"robots\" content=\"index, follow, max-snippet:-1, max-image-preview:large, max-video-preview:-1\" \/>\n<link rel=\"canonical\" href=\"https:\/\/biblia.md\/ru\/shop\/eliberarea-biblica\/\" \/>\n<meta property=\"og:locale\" content=\"ru_RU\" \/>\n<meta property=\"og:type\" content=\"article\" \/>\n<meta property=\"og:title\" content=\"Eliberarea biblica - Societatea Biblic\u0103 din Moldova\" \/>\n<meta property=\"og:description\" content=\"Derek Prince, pe baza Scripturii \u0219i a vastei sale experien\u021be \u00een domeniu, abordeaz\u0103 temerile \u0219i concep\u021biile gre\u0219ite asociate adesea cu domeniul eliber\u0103rii.  Vorbind pe baza experien\u021bei acumulate \u00een peste 30 de ani \u00een slujirea de eliberare \u0219i oferind nenum\u0103rate exemple, el ne pune la dispozi\u021bie sfaturi practice \u0219i \u00eenv\u0103\u021b\u0103tur\u0103 sistematic\u0103 despre cum s\u0103 primim eliberarea \u0219i cum anume s\u0103 p\u0103str\u0103m libertatea ob\u021binut\u0103.  Derek Prince subliniaz\u0103 \u00eenc\u0103 din primele pagini urm\u0103torul aspect important: \u201eIsus nu a trimis niciodat\u0103 pe cineva s\u0103 predice Evanghelia f\u0103r\u0103 a instrui \u00een mod specific acea persoan\u0103, ca ea s\u0103 poat\u0103 ac\u021biona \u00eempotriva demonilor \u00een acela\u0219i fel \u00een care El \u00censu\u0219i a f\u0103cut-o.\u201d Dac\u0103 acest lucru s-a schimbat \u00een zilele noastre, autorul ne provoac\u0103, adres\u00e2ndu-ne o \u00eentrebare crucial\u0103: \u201eCine s-a schimbat? \u2013 Isus? Demonii? Ori Biserica?\u201d  \u201eEliberarea biblic\u0103\u201d poate fi un manual util de antrenare \u0219i echipare spiritual\u0103 at\u00e2t \u00een ceea ce te prive\u0219te pe tine personal, c\u00e2t \u0219i \u00een vederea slujirii altora care se confrunt\u0103 cu astfel de probleme.\" \/>\n<meta property=\"og:url\" content=\"https:\/\/biblia.md\/ru\/shop\/eliberarea-biblica\/\" \/>\n<meta property=\"og:site_name\" content=\"Societatea Biblic\u0103 din Moldova\" \/>\n<meta property=\"article:publisher\" content=\"https:\/\/www.facebook.com\/SocietateaBiblicaMoldova\/\" \/>\n<meta property=\"og:image\" content=\"https:\/\/biblia.md\/wp-content\/uploads\/2026\/01\/0000002254.jpg\" \/>\n\t<meta property=\"og:image:width\" content=\"600\" \/>\n\t<meta property=\"og:image:height\" content=\"900\" \/>\n\t<meta property=\"og:image:type\" content=\"image\/jpeg\" \/>\n<meta name=\"twitter:card\" content=\"summary_large_image\" \/>\n<meta name=\"twitter:label1\" content=\"\u041f\u0440\u0438\u043c\u0435\u0440\u043d\u043e\u0435 \u0432\u0440\u0435\u043c\u044f \u0434\u043b\u044f \u0447\u0442\u0435\u043d\u0438\u044f\" \/>\n\t<meta name=\"twitter:data1\" content=\"1 \u043c\u0438\u043d\u0443\u0442\u0430\" \/>\n<script type=\"application\/ld+json\" class=\"yoast-schema-graph\">{\"@context\":\"https:\\\/\\\/schema.org\",\"@graph\":[{\"@type\":\"WebPage\",\"@id\":\"https:\\\/\\\/biblia.md\\\/shop\\\/eliberarea-biblica\\\/\",\"url\":\"https:\\\/\\\/biblia.md\\\/shop\\\/eliberarea-biblica\\\/\",\"name\":\"Eliberarea biblica - Societatea Biblic\u0103 din Moldova\",\"isPartOf\":{\"@id\":\"https:\\\/\\\/biblia.md\\\/#website\"},\"primaryImageOfPage\":{\"@id\":\"https:\\\/\\\/biblia.md\\\/shop\\\/eliberarea-biblica\\\/#primaryimage\"},\"image\":{\"@id\":\"https:\\\/\\\/biblia.md\\\/shop\\\/eliberarea-biblica\\\/#primaryimage\"},\"thumbnailUrl\":\"https:\\\/\\\/biblia.md\\\/wp-content\\\/uploads\\\/2026\\\/01\\\/0000002254.jpg\",\"datePublished\":\"2026-01-26T13:39:02+00:00\",\"breadcrumb\":{\"@id\":\"https:\\\/\\\/biblia.md\\\/shop\\\/eliberarea-biblica\\\/#breadcrumb\"},\"inLanguage\":\"ru-RU\",\"potentialAction\":[{\"@type\":\"ReadAction\",\"target\":[\"https:\\\/\\\/biblia.md\\\/shop\\\/eliberarea-biblica\\\/\"]}]},{\"@type\":\"ImageObject\",\"inLanguage\":\"ru-RU\",\"@id\":\"https:\\\/\\\/biblia.md\\\/shop\\\/eliberarea-biblica\\\/#primaryimage\",\"url\":\"https:\\\/\\\/biblia.md\\\/wp-content\\\/uploads\\\/2026\\\/01\\\/0000002254.jpg\",\"contentUrl\":\"https:\\\/\\\/biblia.md\\\/wp-content\\\/uploads\\\/2026\\\/01\\\/0000002254.jpg\",\"width\":600,\"height\":900},{\"@type\":\"BreadcrumbList\",\"@id\":\"https:\\\/\\\/biblia.md\\\/shop\\\/eliberarea-biblica\\\/#breadcrumb\",\"itemListElement\":[{\"@type\":\"ListItem\",\"position\":1,\"name\":\"Prima pagin\u0103\",\"item\":\"https:\\\/\\\/biblia.md\\\/\"},{\"@type\":\"ListItem\",\"position\":2,\"name\":\"Shop\",\"item\":\"https:\\\/\\\/biblia.md\\\/shop\\\/\"},{\"@type\":\"ListItem\",\"position\":3,\"name\":\"Eliberarea biblica\"}]},{\"@type\":\"WebSite\",\"@id\":\"https:\\\/\\\/biblia.md\\\/#website\",\"url\":\"https:\\\/\\\/biblia.md\\\/\",\"name\":\"Societatea Biblic\u0103 din Moldova\",\"description\":\"\",\"publisher\":{\"@id\":\"https:\\\/\\\/biblia.md\\\/#organization\"},\"potentialAction\":[{\"@type\":\"SearchAction\",\"target\":{\"@type\":\"EntryPoint\",\"urlTemplate\":\"https:\\\/\\\/biblia.md\\\/?s={search_term_string}\"},\"query-input\":{\"@type\":\"PropertyValueSpecification\",\"valueRequired\":true,\"valueName\":\"search_term_string\"}}],\"inLanguage\":\"ru-RU\"},{\"@type\":\"Organization\",\"@id\":\"https:\\\/\\\/biblia.md\\\/#organization\",\"name\":\"Societatea Biblic\u0103 din Moldova\",\"url\":\"https:\\\/\\\/biblia.md\\\/\",\"logo\":{\"@type\":\"ImageObject\",\"inLanguage\":\"ru-RU\",\"@id\":\"https:\\\/\\\/biblia.md\\\/#\\\/schema\\\/logo\\\/image\\\/\",\"url\":\"https:\\\/\\\/biblia.md\\\/wp-content\\\/uploads\\\/2026\\\/01\\\/icon_site.jpg\",\"contentUrl\":\"https:\\\/\\\/biblia.md\\\/wp-content\\\/uploads\\\/2026\\\/01\\\/icon_site.jpg\",\"width\":656,\"height\":656,\"caption\":\"Societatea Biblic\u0103 din Moldova\"},\"image\":{\"@id\":\"https:\\\/\\\/biblia.md\\\/#\\\/schema\\\/logo\\\/image\\\/\"},\"sameAs\":[\"https:\\\/\\\/www.facebook.com\\\/SocietateaBiblicaMoldova\\\/\",\"https:\\\/\\\/www.instagram.com\\\/biblia.md\\\/\"]}]}<\/script>\n<!-- \/ Yoast SEO plugin. -->","yoast_head_json":{"title":"Eliberarea biblica - Societatea Biblic\u0103 din Moldova","robots":{"index":"index","follow":"follow","max-snippet":"max-snippet:-1","max-image-preview":"max-image-preview:large","max-video-preview":"max-video-preview:-1"},"canonical":"https:\/\/biblia.md\/ru\/shop\/eliberarea-biblica\/","og_locale":"ru_RU","og_type":"article","og_title":"Eliberarea biblica - Societatea Biblic\u0103 din Moldova","og_description":"Derek Prince, pe baza Scripturii \u0219i a vastei sale experien\u021be \u00een domeniu, abordeaz\u0103 temerile \u0219i concep\u021biile gre\u0219ite asociate adesea cu domeniul eliber\u0103rii.  Vorbind pe baza experien\u021bei acumulate \u00een peste 30 de ani \u00een slujirea de eliberare \u0219i oferind nenum\u0103rate exemple, el ne pune la dispozi\u021bie sfaturi practice \u0219i \u00eenv\u0103\u021b\u0103tur\u0103 sistematic\u0103 despre cum s\u0103 primim eliberarea \u0219i cum anume s\u0103 p\u0103str\u0103m libertatea ob\u021binut\u0103.  Derek Prince subliniaz\u0103 \u00eenc\u0103 din primele pagini urm\u0103torul aspect important: \u201eIsus nu a trimis niciodat\u0103 pe cineva s\u0103 predice Evanghelia f\u0103r\u0103 a instrui \u00een mod specific acea persoan\u0103, ca ea s\u0103 poat\u0103 ac\u021biona \u00eempotriva demonilor \u00een acela\u0219i fel \u00een care El \u00censu\u0219i a f\u0103cut-o.\u201d Dac\u0103 acest lucru s-a schimbat \u00een zilele noastre, autorul ne provoac\u0103, adres\u00e2ndu-ne o \u00eentrebare crucial\u0103: \u201eCine s-a schimbat? \u2013 Isus? Demonii? Ori Biserica?\u201d  \u201eEliberarea biblic\u0103\u201d poate fi un manual util de antrenare \u0219i echipare spiritual\u0103 at\u00e2t \u00een ceea ce te prive\u0219te pe tine personal, c\u00e2t \u0219i \u00een vederea slujirii altora care se confrunt\u0103 cu astfel de probleme.","og_url":"https:\/\/biblia.md\/ru\/shop\/eliberarea-biblica\/","og_site_name":"Societatea Biblic\u0103 din Moldova","article_publisher":"https:\/\/www.facebook.com\/SocietateaBiblicaMoldova\/","og_image":[{"width":600,"height":900,"url":"https:\/\/biblia.md\/wp-content\/uploads\/2026\/01\/0000002254.jpg","type":"image\/jpeg"}],"twitter_card":"summary_large_image","twitter_misc":{"\u041f\u0440\u0438\u043c\u0435\u0440\u043d\u043e\u0435 \u0432\u0440\u0435\u043c\u044f \u0434\u043b\u044f \u0447\u0442\u0435\u043d\u0438\u044f":"1 \u043c\u0438\u043d\u0443\u0442\u0430"},"schema":{"@context":"https:\/\/schema.org","@graph":[{"@type":"WebPage","@id":"https:\/\/biblia.md\/shop\/eliberarea-biblica\/","url":"https:\/\/biblia.md\/shop\/eliberarea-biblica\/","name":"Eliberarea biblica - Societatea Biblic\u0103 din Moldova","isPartOf":{"@id":"https:\/\/biblia.md\/#website"},"primaryImageOfPage":{"@id":"https:\/\/biblia.md\/shop\/eliberarea-biblica\/#primaryimage"},"image":{"@id":"https:\/\/biblia.md\/shop\/eliberarea-biblica\/#primaryimage"},"thumbnailUrl":"https:\/\/biblia.md\/wp-content\/uploads\/2026\/01\/0000002254.jpg","datePublished":"2026-01-26T13:39:02+00:00","breadcrumb":{"@id":"https:\/\/biblia.md\/shop\/eliberarea-biblica\/#breadcrumb"},"inLanguage":"ru-RU","potentialAction":[{"@type":"ReadAction","target":["https:\/\/biblia.md\/shop\/eliberarea-biblica\/"]}]},{"@type":"ImageObject","inLanguage":"ru-RU","@id":"https:\/\/biblia.md\/shop\/eliberarea-biblica\/#primaryimage","url":"https:\/\/biblia.md\/wp-content\/uploads\/2026\/01\/0000002254.jpg","contentUrl":"https:\/\/biblia.md\/wp-content\/uploads\/2026\/01\/0000002254.jpg","width":600,"height":900},{"@type":"BreadcrumbList","@id":"https:\/\/biblia.md\/shop\/eliberarea-biblica\/#breadcrumb","itemListElement":[{"@type":"ListItem","position":1,"name":"Prima pagin\u0103","item":"https:\/\/biblia.md\/"},{"@type":"ListItem","position":2,"name":"Shop","item":"https:\/\/biblia.md\/shop\/"},{"@type":"ListItem","position":3,"name":"Eliberarea biblica"}]},{"@type":"WebSite","@id":"https:\/\/biblia.md\/#website","url":"https:\/\/biblia.md\/","name":"Societatea Biblic\u0103 din Moldova","description":"","publisher":{"@id":"https:\/\/biblia.md\/#organization"},"potentialAction":[{"@type":"SearchAction","target":{"@type":"EntryPoint","urlTemplate":"https:\/\/biblia.md\/?s={search_term_string}"},"query-input":{"@type":"PropertyValueSpecification","valueRequired":true,"valueName":"search_term_string"}}],"inLanguage":"ru-RU"},{"@type":"Organization","@id":"https:\/\/biblia.md\/#organization","name":"Societatea Biblic\u0103 din Moldova","url":"https:\/\/biblia.md\/","logo":{"@type":"ImageObject","inLanguage":"ru-RU","@id":"https:\/\/biblia.md\/#\/schema\/logo\/image\/","url":"https:\/\/biblia.md\/wp-content\/uploads\/2026\/01\/icon_site.jpg","contentUrl":"https:\/\/biblia.md\/wp-content\/uploads\/2026\/01\/icon_site.jpg","width":656,"height":656,"caption":"Societatea Biblic\u0103 din Moldova"},"image":{"@id":"https:\/\/biblia.md\/#\/schema\/logo\/image\/"},"sameAs":["https:\/\/www.facebook.com\/SocietateaBiblicaMoldova\/","https:\/\/www.instagram.com\/biblia.md\/"]}]}},"_links":{"self":[{"href":"https:\/\/biblia.md\/ru\/wp-json\/wp\/v2\/product\/33376","targetHints":{"allow":["GET"]}}],"collection":[{"href":"https:\/\/biblia.md\/ru\/wp-json\/wp\/v2\/product"}],"about":[{"href":"https:\/\/biblia.md\/ru\/wp-json\/wp\/v2\/types\/product"}],"replies":[{"embeddable":true,"href":"https:\/\/biblia.md\/ru\/wp-json\/wp\/v2\/comments?post=33376"}],"version-history":[{"count":1,"href":"https:\/\/biblia.md\/ru\/wp-json\/wp\/v2\/product\/33376\/revisions"}],"predecessor-version":[{"id":33378,"href":"https:\/\/biblia.md\/ru\/wp-json\/wp\/v2\/product\/33376\/revisions\/33378"}],"wp:featuredmedia":[{"embeddable":true,"href":"https:\/\/biblia.md\/ru\/wp-json\/wp\/v2\/media\/33377"}],"wp:attachment":[{"href":"https:\/\/biblia.md\/ru\/wp-json\/wp\/v2\/media?parent=33376"}],"wp:term":[{"taxonomy":"product_brand","embeddable":true,"href":"https:\/\/biblia.md\/ru\/wp-json\/wp\/v2\/product_brand?post=33376"},{"taxonomy":"product_cat","embeddable":true,"href":"https:\/\/biblia.md\/ru\/wp-json\/wp\/v2\/product_cat?post=33376"},{"taxonomy":"product_tag","embeddable":true,"href":"https:\/\/biblia.md\/ru\/wp-json\/wp\/v2\/product_tag?post=33376"}],"curies":[{"name":"wp","href":"https:\/\/api.w.org\/{rel}","templated":true}]}}