{"id":33424,"date":"2026-01-26T17:24:58","date_gmt":"2026-01-26T15:24:58","guid":{"rendered":"https:\/\/biblia.md\/?post_type=product&#038;p=33424"},"modified":"2026-02-10T18:26:28","modified_gmt":"2026-02-10T16:26:28","slug":"eu-sunt-domnul-doctorul-tau","status":"publish","type":"product","link":"https:\/\/biblia.md\/ru\/shop\/eu-sunt-domnul-doctorul-tau\/","title":{"rendered":"Eu sunt Domnul, Doctorul Tau"},"content":{"rendered":"","protected":false},"excerpt":{"rendered":"<p>Exploreaz\u0103 profunzimea emo\u021biilor umane \u0219i c\u0103ut\u0103rile suflete\u0219ti prin paginile c\u0103r\u021bii \u201eEu Sunt Domnul, Doctorul Tau\u201d. Aceast\u0103 lucrare captivant\u0103 abordeaz\u0103 dificult\u0103\u021bile \u0219i provoc\u0103rile cu care se confrunt\u0103 fiecare dintre noi, analiz\u00e2nd teme de suferin\u021b\u0103, pierdere \u0219i reg\u0103sire spiritual\u0103. Cu un con\u021binut bogat \u0219i profund, autorul \u00eenf\u0103\u021bi\u0219eaz\u0103 o varietate de necazuri, at\u00e2t interioare, c\u00e2t \u0219i exterioare, care ne afecteaz\u0103 via\u021ba de zi cu zi.<\/p>","protected":false},"featured_media":34667,"comment_status":"open","ping_status":"closed","template":"","meta":[],"product_brand":[],"product_cat":[403,377,388],"product_tag":[],"class_list":{"0":"post-33424","1":"product","2":"type-product","3":"status-publish","4":"has-post-thumbnail","6":"product_cat-brosuri","7":"product_cat-carti","8":"product_cat-viata-crestina","9":"product_author-charles-h-spurgeon","10":"product_genre-knigi-rom","12":"first","13":"instock","14":"shipping-taxable","15":"purchasable","16":"product-type-simple"},"yoast_head":"<!-- This site is optimized with the Yoast SEO plugin v27.3 - https:\/\/yoast.com\/product\/yoast-seo-wordpress\/ -->\n<title>Eu sunt Domnul, Doctorul Tau - Societatea Biblic\u0103 din Moldova<\/title>\n<meta name=\"robots\" content=\"index, follow, max-snippet:-1, max-image-preview:large, max-video-preview:-1\" \/>\n<link rel=\"canonical\" href=\"https:\/\/biblia.md\/ru\/shop\/eu-sunt-domnul-doctorul-tau\/\" \/>\n<meta property=\"og:locale\" content=\"ru_RU\" \/>\n<meta property=\"og:type\" content=\"article\" \/>\n<meta property=\"og:title\" content=\"Eu sunt Domnul, Doctorul Tau - Societatea Biblic\u0103 din Moldova\" \/>\n<meta property=\"og:description\" content=\"Exploreaz\u0103 profunzimea emo\u021biilor umane \u0219i c\u0103ut\u0103rile suflete\u0219ti prin paginile c\u0103r\u021bii \u201eEu Sunt Domnul, Doctorul Tau\u201d. Aceast\u0103 lucrare captivant\u0103 abordeaz\u0103 dificult\u0103\u021bile \u0219i provoc\u0103rile cu care se confrunt\u0103 fiecare dintre noi, analiz\u00e2nd teme de suferin\u021b\u0103, pierdere \u0219i reg\u0103sire spiritual\u0103. Cu un con\u021binut bogat \u0219i profund, autorul \u00eenf\u0103\u021bi\u0219eaz\u0103 o varietate de necazuri, at\u00e2t interioare, c\u00e2t \u0219i exterioare, care ne afecteaz\u0103 via\u021ba de zi cu zi.\" \/>\n<meta property=\"og:url\" content=\"https:\/\/biblia.md\/ru\/shop\/eu-sunt-domnul-doctorul-tau\/\" \/>\n<meta property=\"og:site_name\" content=\"Societatea Biblic\u0103 din Moldova\" \/>\n<meta property=\"article:publisher\" content=\"https:\/\/www.facebook.com\/SocietateaBiblicaMoldova\/\" \/>\n<meta property=\"article:modified_time\" content=\"2026-02-10T16:26:28+00:00\" \/>\n<meta property=\"og:image\" content=\"https:\/\/biblia.md\/wp-content\/uploads\/2026\/01\/img_7244.png\" \/>\n\t<meta property=\"og:image:width\" content=\"1024\" \/>\n\t<meta property=\"og:image:height\" content=\"1536\" \/>\n\t<meta property=\"og:image:type\" content=\"image\/png\" \/>\n<meta name=\"twitter:card\" content=\"summary_large_image\" \/>\n<meta name=\"twitter:label1\" content=\"\u041f\u0440\u0438\u043c\u0435\u0440\u043d\u043e\u0435 \u0432\u0440\u0435\u043c\u044f \u0434\u043b\u044f \u0447\u0442\u0435\u043d\u0438\u044f\" \/>\n\t<meta name=\"twitter:data1\" content=\"1 \u043c\u0438\u043d\u0443\u0442\u0430\" \/>\n<script type=\"application\/ld+json\" class=\"yoast-schema-graph\">{\"@context\":\"https:\\\/\\\/schema.org\",\"@graph\":[{\"@type\":\"WebPage\",\"@id\":\"https:\\\/\\\/biblia.md\\\/shop\\\/eu-sunt-domnul-doctorul-tau\\\/\",\"url\":\"https:\\\/\\\/biblia.md\\\/shop\\\/eu-sunt-domnul-doctorul-tau\\\/\",\"name\":\"Eu sunt Domnul, Doctorul Tau - Societatea Biblic\u0103 din Moldova\",\"isPartOf\":{\"@id\":\"https:\\\/\\\/biblia.md\\\/#website\"},\"primaryImageOfPage\":{\"@id\":\"https:\\\/\\\/biblia.md\\\/shop\\\/eu-sunt-domnul-doctorul-tau\\\/#primaryimage\"},\"image\":{\"@id\":\"https:\\\/\\\/biblia.md\\\/shop\\\/eu-sunt-domnul-doctorul-tau\\\/#primaryimage\"},\"thumbnailUrl\":\"https:\\\/\\\/biblia.md\\\/wp-content\\\/uploads\\\/2026\\\/01\\\/4603a7c1-52ad-4758-a6cc-80a5e82f816a-1-1.png\",\"datePublished\":\"2026-01-26T15:24:58+00:00\",\"dateModified\":\"2026-02-10T16:26:28+00:00\",\"breadcrumb\":{\"@id\":\"https:\\\/\\\/biblia.md\\\/shop\\\/eu-sunt-domnul-doctorul-tau\\\/#breadcrumb\"},\"inLanguage\":\"ru-RU\",\"potentialAction\":[{\"@type\":\"ReadAction\",\"target\":[\"https:\\\/\\\/biblia.md\\\/shop\\\/eu-sunt-domnul-doctorul-tau\\\/\"]}]},{\"@type\":\"ImageObject\",\"inLanguage\":\"ru-RU\",\"@id\":\"https:\\\/\\\/biblia.md\\\/shop\\\/eu-sunt-domnul-doctorul-tau\\\/#primaryimage\",\"url\":\"https:\\\/\\\/biblia.md\\\/wp-content\\\/uploads\\\/2026\\\/01\\\/4603a7c1-52ad-4758-a6cc-80a5e82f816a-1-1.png\",\"contentUrl\":\"https:\\\/\\\/biblia.md\\\/wp-content\\\/uploads\\\/2026\\\/01\\\/4603a7c1-52ad-4758-a6cc-80a5e82f816a-1-1.png\",\"width\":1024,\"height\":1536},{\"@type\":\"BreadcrumbList\",\"@id\":\"https:\\\/\\\/biblia.md\\\/shop\\\/eu-sunt-domnul-doctorul-tau\\\/#breadcrumb\",\"itemListElement\":[{\"@type\":\"ListItem\",\"position\":1,\"name\":\"Prima pagin\u0103\",\"item\":\"https:\\\/\\\/biblia.md\\\/\"},{\"@type\":\"ListItem\",\"position\":2,\"name\":\"Shop\",\"item\":\"https:\\\/\\\/biblia.md\\\/shop\\\/\"},{\"@type\":\"ListItem\",\"position\":3,\"name\":\"Eu sunt Domnul, Doctorul Tau\"}]},{\"@type\":\"WebSite\",\"@id\":\"https:\\\/\\\/biblia.md\\\/#website\",\"url\":\"https:\\\/\\\/biblia.md\\\/\",\"name\":\"Societatea Biblic\u0103 din Moldova\",\"description\":\"\",\"publisher\":{\"@id\":\"https:\\\/\\\/biblia.md\\\/#organization\"},\"potentialAction\":[{\"@type\":\"SearchAction\",\"target\":{\"@type\":\"EntryPoint\",\"urlTemplate\":\"https:\\\/\\\/biblia.md\\\/?s={search_term_string}\"},\"query-input\":{\"@type\":\"PropertyValueSpecification\",\"valueRequired\":true,\"valueName\":\"search_term_string\"}}],\"inLanguage\":\"ru-RU\"},{\"@type\":\"Organization\",\"@id\":\"https:\\\/\\\/biblia.md\\\/#organization\",\"name\":\"Societatea Biblic\u0103 din Moldova\",\"url\":\"https:\\\/\\\/biblia.md\\\/\",\"logo\":{\"@type\":\"ImageObject\",\"inLanguage\":\"ru-RU\",\"@id\":\"https:\\\/\\\/biblia.md\\\/#\\\/schema\\\/logo\\\/image\\\/\",\"url\":\"https:\\\/\\\/biblia.md\\\/wp-content\\\/uploads\\\/2026\\\/01\\\/icon_site.jpg\",\"contentUrl\":\"https:\\\/\\\/biblia.md\\\/wp-content\\\/uploads\\\/2026\\\/01\\\/icon_site.jpg\",\"width\":656,\"height\":656,\"caption\":\"Societatea Biblic\u0103 din Moldova\"},\"image\":{\"@id\":\"https:\\\/\\\/biblia.md\\\/#\\\/schema\\\/logo\\\/image\\\/\"},\"sameAs\":[\"https:\\\/\\\/www.facebook.com\\\/SocietateaBiblicaMoldova\\\/\",\"https:\\\/\\\/www.instagram.com\\\/biblia.md\\\/\"]}]}<\/script>\n<!-- \/ Yoast SEO plugin. -->","yoast_head_json":{"title":"Eu sunt Domnul, Doctorul Tau - Societatea Biblic\u0103 din Moldova","robots":{"index":"index","follow":"follow","max-snippet":"max-snippet:-1","max-image-preview":"max-image-preview:large","max-video-preview":"max-video-preview:-1"},"canonical":"https:\/\/biblia.md\/ru\/shop\/eu-sunt-domnul-doctorul-tau\/","og_locale":"ru_RU","og_type":"article","og_title":"Eu sunt Domnul, Doctorul Tau - Societatea Biblic\u0103 din Moldova","og_description":"Exploreaz\u0103 profunzimea emo\u021biilor umane \u0219i c\u0103ut\u0103rile suflete\u0219ti prin paginile c\u0103r\u021bii \u201eEu Sunt Domnul, Doctorul Tau\u201d. Aceast\u0103 lucrare captivant\u0103 abordeaz\u0103 dificult\u0103\u021bile \u0219i provoc\u0103rile cu care se confrunt\u0103 fiecare dintre noi, analiz\u00e2nd teme de suferin\u021b\u0103, pierdere \u0219i reg\u0103sire spiritual\u0103. Cu un con\u021binut bogat \u0219i profund, autorul \u00eenf\u0103\u021bi\u0219eaz\u0103 o varietate de necazuri, at\u00e2t interioare, c\u00e2t \u0219i exterioare, care ne afecteaz\u0103 via\u021ba de zi cu zi.","og_url":"https:\/\/biblia.md\/ru\/shop\/eu-sunt-domnul-doctorul-tau\/","og_site_name":"Societatea Biblic\u0103 din Moldova","article_publisher":"https:\/\/www.facebook.com\/SocietateaBiblicaMoldova\/","article_modified_time":"2026-02-10T16:26:28+00:00","og_image":[{"width":1024,"height":1536,"url":"https:\/\/biblia.md\/wp-content\/uploads\/2026\/01\/img_7244.png","type":"image\/png"}],"twitter_card":"summary_large_image","twitter_misc":{"\u041f\u0440\u0438\u043c\u0435\u0440\u043d\u043e\u0435 \u0432\u0440\u0435\u043c\u044f \u0434\u043b\u044f \u0447\u0442\u0435\u043d\u0438\u044f":"1 \u043c\u0438\u043d\u0443\u0442\u0430"},"schema":{"@context":"https:\/\/schema.org","@graph":[{"@type":"WebPage","@id":"https:\/\/biblia.md\/shop\/eu-sunt-domnul-doctorul-tau\/","url":"https:\/\/biblia.md\/shop\/eu-sunt-domnul-doctorul-tau\/","name":"Eu sunt Domnul, Doctorul Tau - Societatea Biblic\u0103 din Moldova","isPartOf":{"@id":"https:\/\/biblia.md\/#website"},"primaryImageOfPage":{"@id":"https:\/\/biblia.md\/shop\/eu-sunt-domnul-doctorul-tau\/#primaryimage"},"image":{"@id":"https:\/\/biblia.md\/shop\/eu-sunt-domnul-doctorul-tau\/#primaryimage"},"thumbnailUrl":"https:\/\/biblia.md\/wp-content\/uploads\/2026\/01\/4603a7c1-52ad-4758-a6cc-80a5e82f816a-1-1.png","datePublished":"2026-01-26T15:24:58+00:00","dateModified":"2026-02-10T16:26:28+00:00","breadcrumb":{"@id":"https:\/\/biblia.md\/shop\/eu-sunt-domnul-doctorul-tau\/#breadcrumb"},"inLanguage":"ru-RU","potentialAction":[{"@type":"ReadAction","target":["https:\/\/biblia.md\/shop\/eu-sunt-domnul-doctorul-tau\/"]}]},{"@type":"ImageObject","inLanguage":"ru-RU","@id":"https:\/\/biblia.md\/shop\/eu-sunt-domnul-doctorul-tau\/#primaryimage","url":"https:\/\/biblia.md\/wp-content\/uploads\/2026\/01\/4603a7c1-52ad-4758-a6cc-80a5e82f816a-1-1.png","contentUrl":"https:\/\/biblia.md\/wp-content\/uploads\/2026\/01\/4603a7c1-52ad-4758-a6cc-80a5e82f816a-1-1.png","width":1024,"height":1536},{"@type":"BreadcrumbList","@id":"https:\/\/biblia.md\/shop\/eu-sunt-domnul-doctorul-tau\/#breadcrumb","itemListElement":[{"@type":"ListItem","position":1,"name":"Prima pagin\u0103","item":"https:\/\/biblia.md\/"},{"@type":"ListItem","position":2,"name":"Shop","item":"https:\/\/biblia.md\/shop\/"},{"@type":"ListItem","position":3,"name":"Eu sunt Domnul, Doctorul Tau"}]},{"@type":"WebSite","@id":"https:\/\/biblia.md\/#website","url":"https:\/\/biblia.md\/","name":"Societatea Biblic\u0103 din Moldova","description":"","publisher":{"@id":"https:\/\/biblia.md\/#organization"},"potentialAction":[{"@type":"SearchAction","target":{"@type":"EntryPoint","urlTemplate":"https:\/\/biblia.md\/?s={search_term_string}"},"query-input":{"@type":"PropertyValueSpecification","valueRequired":true,"valueName":"search_term_string"}}],"inLanguage":"ru-RU"},{"@type":"Organization","@id":"https:\/\/biblia.md\/#organization","name":"Societatea Biblic\u0103 din Moldova","url":"https:\/\/biblia.md\/","logo":{"@type":"ImageObject","inLanguage":"ru-RU","@id":"https:\/\/biblia.md\/#\/schema\/logo\/image\/","url":"https:\/\/biblia.md\/wp-content\/uploads\/2026\/01\/icon_site.jpg","contentUrl":"https:\/\/biblia.md\/wp-content\/uploads\/2026\/01\/icon_site.jpg","width":656,"height":656,"caption":"Societatea Biblic\u0103 din Moldova"},"image":{"@id":"https:\/\/biblia.md\/#\/schema\/logo\/image\/"},"sameAs":["https:\/\/www.facebook.com\/SocietateaBiblicaMoldova\/","https:\/\/www.instagram.com\/biblia.md\/"]}]}},"_links":{"self":[{"href":"https:\/\/biblia.md\/ru\/wp-json\/wp\/v2\/product\/33424","targetHints":{"allow":["GET"]}}],"collection":[{"href":"https:\/\/biblia.md\/ru\/wp-json\/wp\/v2\/product"}],"about":[{"href":"https:\/\/biblia.md\/ru\/wp-json\/wp\/v2\/types\/product"}],"replies":[{"embeddable":true,"href":"https:\/\/biblia.md\/ru\/wp-json\/wp\/v2\/comments?post=33424"}],"version-history":[{"count":1,"href":"https:\/\/biblia.md\/ru\/wp-json\/wp\/v2\/product\/33424\/revisions"}],"predecessor-version":[{"id":33426,"href":"https:\/\/biblia.md\/ru\/wp-json\/wp\/v2\/product\/33424\/revisions\/33426"}],"wp:featuredmedia":[{"embeddable":true,"href":"https:\/\/biblia.md\/ru\/wp-json\/wp\/v2\/media\/34667"}],"wp:attachment":[{"href":"https:\/\/biblia.md\/ru\/wp-json\/wp\/v2\/media?parent=33424"}],"wp:term":[{"taxonomy":"product_brand","embeddable":true,"href":"https:\/\/biblia.md\/ru\/wp-json\/wp\/v2\/product_brand?post=33424"},{"taxonomy":"product_cat","embeddable":true,"href":"https:\/\/biblia.md\/ru\/wp-json\/wp\/v2\/product_cat?post=33424"},{"taxonomy":"product_tag","embeddable":true,"href":"https:\/\/biblia.md\/ru\/wp-json\/wp\/v2\/product_tag?post=33424"}],"curies":[{"name":"wp","href":"https:\/\/api.w.org\/{rel}","templated":true}]}}